{"id":5215,"date":"2021-11-02T08:47:53","date_gmt":"2021-11-02T08:47:53","guid":{"rendered":"https:\/\/recyclingequipinc.com\/?post_type=product&#038;p=5215"},"modified":"2025-01-20T10:20:58","modified_gmt":"2025-01-20T02:20:58","slug":"pet-bottle-label-remover-machine","status":"publish","type":"product","link":"https:\/\/recyclingequipinc.com\/sw\/product\/pet-bottle-label-remover-machine\/","title":{"rendered":"Mashine ya Kutoa Lebo ya\u00a0PET\u00a0"},"content":{"rendered":"<p class=\"translation-block\"><strong>PET bottle label remover machine<\/strong> \u00e4r den specialiserade utrustningen f\u00f6r att ta bort etiketterna fr\u00e5n PET-plastflaskor. Avl\u00e4gsnandet kan n\u00e5 upp till 98%. Det finns m\u00e5nga blad inne i utrustningen. De speciellt utformade bladen \u00e4r tillverkade av legerat st\u00e5l som \u00e4r h\u00e5llbart, h\u00e5rdhet och h\u00e4rdhet. PET bottle label removing machine kan m\u00f6ta stor kapacitet i PET-flask\u00e5tervinningslinjen, \u00f6ka effektiviteten, spara arbete och tid. Dessutom finns anpassningstj\u00e4nst tillg\u00e4nglig i enlighet med kundernas faktiska behov.<\/p> <figure id=\"attachment_5218\" aria-describedby=\"caption-attachment-5218\" style=\"width: 750px\" class=\"wp-caption aligncenter\"><img fetchpriority=\"high\" decoding=\"async\" class=\"wp-image-5218 size-full\" src=\"https:\/\/recyclingequipinc.com\/wp-content\/uploads\/2021\/11\/PET-bottle-label-removing-machine.jpg\" alt=\"Mashine ya kuondoa lebo ya chupa za PET\" width=\"750\" height=\"500\" srcset=\"https:\/\/recyclingequipinc.com\/wp-content\/uploads\/2021\/11\/PET-bottle-label-removing-machine.jpg 750w, https:\/\/recyclingequipinc.com\/wp-content\/uploads\/2021\/11\/PET-bottle-label-removing-machine-300x200.jpg 300w, https:\/\/recyclingequipinc.com\/wp-content\/uploads\/2021\/11\/PET-bottle-label-removing-machine-600x400.jpg 600w\" sizes=\"(max-width: 750px) 100vw, 750px\" \/><figcaption id=\"caption-attachment-5218\" class=\"wp-caption-text\">Mashine ya kuondoa lebo ya chupa ya PET<\/figcaption><\/figure> <h2>Mchakato wa kufanya kazi wa mashine ya kuondoa lebo ya chupa ya plastiki<\/h2> <p class=\"translation-block\">I <a href=\"https:\/\/recyclingequipinc.com\/sw\/bidhaa\/pet-bottle-recycling-machine\/\"> <strong>PET bottle recycling line<\/strong><\/a>, PET-flaskorna transporteras in i de-etiketteringsmaskinen av <a href=\"https:\/\/recyclingequipinc.com\/sw\/bidhaa\/belt-conveyor\/\"> <strong>belt conveyor<\/strong><\/a>. De legerat st\u00e5l-knivarna inom etikettsk\u00e4raren i m\u00e4rketmaskinen kommer att sk\u00e4ra en \u00f6ppning p\u00e5 varum\u00e4rket p\u00e5 PET-plastflaskorna. Tandsnitts-kniven p\u00e5 bladet kan skala av etiketterna p\u00e5 flaskorna. Sedan genererar fl\u00e4ktmotorn en vind f\u00f6r att separera etiketter och flaskor. D\u00e4refter bl\u00e5ser maskinen etikettdelarna ut ur topputg\u00e5ngen, och transporterar flaskorna till utmatningsporten.<\/p> <h2>Video inayofanya kazi ya mashine ya kuondoa lebo za PET\u00a0<\/h2> <div class=\"ast-oembed-container\" style=\"height: 100%;\"><iframe title=\"Jinsi ya Kuondoa Lebo za PVC kutoka kwa chupa za PET | Vifaa vya Kuondoa Chupa kwa Usafishaji wa Chupa ya PET\" width=\"500\" height=\"281\" src=\"https:\/\/www.youtube.com\/embed\/Kc_A5SJQNI0?feature=oembed\" frameborder=\"0\" allow=\"accelerometer; autoplay; clipboard-write; encrypted-media; gyroscope; picture-in-picture; web-share\" referrerpolicy=\"strict-origin-when-cross-origin\" allowfullscreen><\/iframe><\/div> <h2>Sifa za mashine ya kuondoa lebo ya PET<\/h2> <ol> <li>Omba ili kuondoa lebo za chupa za PET, na kiwango cha kuondoa lebo kinaweza kufikia 98%.<\/li> <li>Inafaa kwa mahitaji ya uzalishaji wa wingi kwa uwezo wa mashine.<\/li> <li>Inachukua nafasi ya mwongozo wa kuondoa lebo za chupa za plastiki, kuboresha ufanisi wa kazi.<\/li> <li>Pitisha vile vya chuma vya aloi, ambavyo vina sifa ya kudumu, ugumu wa juu, na ugumu wa juu.<\/li> <li>Mashine ya kuondoa lebo ya chupa ya PET inafaa kwa ukubwa tofauti wa chupa kwa kurekebisha vile.<\/li> <li>Urefu na upana wa mashine inaweza kubinafsishwa kulingana na mahitaji ya mteja.<\/li> <\/ol> <figure id=\"attachment_5220\" aria-describedby=\"caption-attachment-5220\" style=\"width: 750px\" class=\"wp-caption aligncenter\"><img decoding=\"async\" class=\"wp-image-5220 size-full\" src=\"https:\/\/recyclingequipinc.com\/wp-content\/uploads\/2021\/11\/alloy-steel-blades-of-PET-bottle-de-labeling-machine.jpg\" alt=\"vile vya chuma vya aloi za mashine ya kuweka lebo ya chupa ya PET\" width=\"750\" height=\"500\" srcset=\"https:\/\/recyclingequipinc.com\/wp-content\/uploads\/2021\/11\/alloy-steel-blades-of-PET-bottle-de-labeling-machine.jpg 750w, https:\/\/recyclingequipinc.com\/wp-content\/uploads\/2021\/11\/alloy-steel-blades-of-PET-bottle-de-labeling-machine-300x200.jpg 300w, https:\/\/recyclingequipinc.com\/wp-content\/uploads\/2021\/11\/alloy-steel-blades-of-PET-bottle-de-labeling-machine-600x400.jpg 600w\" sizes=\"(max-width: 750px) 100vw, 750px\" \/><figcaption id=\"caption-attachment-5220\" class=\"wp-caption-text\">vile vya chuma vya aloi za mashine ya kuweka lebo ya chupa ya PET<\/figcaption><\/figure> <h2>Kwa nini utumie mashine ya kuondoa lebo ya PET?<\/h2> <p class=\"translation-block\">PET-flaskor kommer vanligtvis att ha etiketter borttagna innan de g\u00e5r in i krossningsmaskinen eftersom etikettsmaterialet skiljer sig fr\u00e5n PET-flaskor. Om PET-flaskorna med etiketter mals s\u00f6nder \u00e4r det sv\u00e5rt att separera etikettchipsen fr\u00e5n PET-flakorna. Etikettchipsen kommer att s\u00e4nka PET-flake-puriteten, s\u00e5 det \u00e4r b\u00e4ttre att ta bort etiketter innan PET-flaskorna g\u00e5r in i <a href=\"https:\/\/recyclingequipinc.com\/sw\/bidhaa\/waste-plastic-crusher\/\"> <strong>plastsksk\u00e4raren<\/strong><\/a>. J\u00e4mf\u00f6rt med manuell etikettborttagning arbetar de-etiketteringsmaskinen mer effektivt och snabbare. Om du vill f\u00f6rb\u00e4ttra PET-flakornas renhet ytterligare kan du matcha en plastsorteringsmaskin f\u00f6r att plocka ut andra material manuellt.<\/p> <h2>Vigezo vya mashine ya kuondoa lebo ya chupa ya PET<\/h2> <table style=\"height: 265px;\" width=\"599\"> <tbody> <tr> <td width=\"274\">Mfano<\/td> <td width=\"278\">SL-600<\/td> <\/tr> <tr> <td width=\"274\">Nguvu kuu ya mtoaji wa chupa ya plastiki<\/td> <td width=\"278\">11kw<\/td> <\/tr> <tr> <td width=\"274\">Nguvu ya mashabiki<\/td> <td width=\"278\">3 kw<\/td> <\/tr> <tr> <td width=\"274\">Uwezo<\/td> <td width=\"278\">1-1.2t\/h<\/td> <\/tr> <tr> <td width=\"274\">Kiwango cha kuondoa lebo<\/td> <td width=\"278\">98%<\/td> <\/tr> <tr> <td width=\"274\">Ukubwa<\/td> <td width=\"278\">4000*1800*1600mm<\/td> <\/tr> <tr> <td width=\"274\">Uzito<\/td> <td width=\"278\">1500kg<\/td> <\/tr> <\/tbody> <\/table> <h2><\/h2>","protected":false},"excerpt":{"rendered":"<p>Mashine ya kuondoa lebo ya chupa za PET ni kifaa cha kuondoa lebo za chupa za PET ili kuboresha usafi wa bidhaa zilizokamilishwa za PET. Inachukua vile vile vya chuma vya aloi, vya kudumu, ngumu na ngumu. Mashine ya kuondoa lebo yenye uwezo mkubwa hufanya kazi kwa ufanisi, na kiwango cha uondoaji wake kinaweza kufikia 98%. Kwa kuongeza, urefu na upana wa mashine inaweza kubinafsishwa kulingana na mahitaji yako.<\/p>","protected":false},"featured_media":16801,"template":"","meta":{"site-sidebar-layout":"default","site-content-layout":"default","ast-site-content-layout":"default","site-content-style":"default","site-sidebar-style":"default","ast-global-header-display":"","ast-banner-title-visibility":"","ast-main-header-display":"","ast-hfb-above-header-display":"","ast-hfb-below-header-display":"","ast-hfb-mobile-header-display":"","site-post-title":"","ast-breadcrumbs-content":"","ast-featured-img":"","footer-sml-layout":"","ast-disable-related-posts":"","theme-transparent-header-meta":"default","adv-header-id-meta":"","stick-header-meta":"default","header-above-stick-meta":"","header-main-stick-meta":"","header-below-stick-meta":"","astra-migrate-meta-layouts":"set","ast-page-background-enabled":"default","ast-page-background-meta":{"desktop":{"background-color":"","background-image":"","background-repeat":"repeat","background-position":"center center","background-size":"auto","background-attachment":"scroll","background-type":"","background-media":"","overlay-type":"","overlay-color":"","overlay-opacity":"","overlay-gradient":""},"tablet":{"background-color":"","background-image":"","background-repeat":"repeat","background-position":"center center","background-size":"auto","background-attachment":"scroll","background-type":"","background-media":"","overlay-type":"","overlay-color":"","overlay-opacity":"","overlay-gradient":""},"mobile":{"background-color":"","background-image":"","background-repeat":"repeat","background-position":"center center","background-size":"auto","background-attachment":"scroll","background-type":"","background-media":"","overlay-type":"","overlay-color":"","overlay-opacity":"","overlay-gradient":""}},"ast-content-background-meta":{"desktop":{"background-color":"var(--ast-global-color-5)","background-image":"","background-repeat":"repeat","background-position":"center center","background-size":"auto","background-attachment":"scroll","background-type":"","background-media":"","overlay-type":"","overlay-color":"","overlay-opacity":"","overlay-gradient":""},"tablet":{"background-color":"var(--ast-global-color-5)","background-image":"","background-repeat":"repeat","background-position":"center center","background-size":"auto","background-attachment":"scroll","background-type":"","background-media":"","overlay-type":"","overlay-color":"","overlay-opacity":"","overlay-gradient":""},"mobile":{"background-color":"var(--ast-global-color-5)","background-image":"","background-repeat":"repeat","background-position":"center center","background-size":"auto","background-attachment":"scroll","background-type":"","background-media":"","overlay-type":"","overlay-color":"","overlay-opacity":"","overlay-gradient":""}}},"product_brand":[],"product_cat":[36],"product_tag":[91,90],"class_list":{"0":"post-5215","1":"product","2":"type-product","3":"status-publish","4":"has-post-thumbnail","6":"product_cat-plastic-recycling-machine","7":"product_tag-label-remover","8":"product_tag-pet-part","9":"desktop-align-center","10":"tablet-align-center","11":"mobile-align-center","13":"first","14":"instock","15":"shipping-taxable","16":"product-type-simple"},"_links":{"self":[{"href":"https:\/\/recyclingequipinc.com\/sw\/wp-json\/wp\/v2\/product\/5215","targetHints":{"allow":["GET"]}}],"collection":[{"href":"https:\/\/recyclingequipinc.com\/sw\/wp-json\/wp\/v2\/product"}],"about":[{"href":"https:\/\/recyclingequipinc.com\/sw\/wp-json\/wp\/v2\/types\/product"}],"version-history":[{"count":0,"href":"https:\/\/recyclingequipinc.com\/sw\/wp-json\/wp\/v2\/product\/5215\/revisions"}],"wp:featuredmedia":[{"embeddable":true,"href":"https:\/\/recyclingequipinc.com\/sw\/wp-json\/wp\/v2\/media\/16801"}],"wp:attachment":[{"href":"https:\/\/recyclingequipinc.com\/sw\/wp-json\/wp\/v2\/media?parent=5215"}],"wp:term":[{"taxonomy":"product_brand","embeddable":true,"href":"https:\/\/recyclingequipinc.com\/sw\/wp-json\/wp\/v2\/product_brand?post=5215"},{"taxonomy":"product_cat","embeddable":true,"href":"https:\/\/recyclingequipinc.com\/sw\/wp-json\/wp\/v2\/product_cat?post=5215"},{"taxonomy":"product_tag","embeddable":true,"href":"https:\/\/recyclingequipinc.com\/sw\/wp-json\/wp\/v2\/product_tag?post=5215"}],"curies":[{"name":"wp","href":"https:\/\/api.w.org\/{rel}","templated":true}]}}