{"id":5066,"date":"2021-10-26T10:03:36","date_gmt":"2021-10-26T10:03:36","guid":{"rendered":"https:\/\/recyclingequipinc.com\/?post_type=product&#038;p=5066"},"modified":"2025-01-20T10:22:27","modified_gmt":"2025-01-20T02:22:27","slug":"scrap-metal-baler","status":"publish","type":"product","link":"https:\/\/recyclingequipinc.com\/sw\/product\/scrap-metal-baler\/","title":{"rendered":"Baler ya Metal chakavu"},"content":{"rendered":"<p class=\"translation-block\"><strong>Skrotmetall baler<\/strong> har breda till\u00e4mpningar inom avfallsmetal\u00e5tervinning och metallsm\u00e4ltning, l\u00e4mplig f\u00f6r olika stora, medelstora och sm\u00e5 st\u00e5lsmedjor. Den kan pressa olika typer av metallskrot till kuboid, kuber, polyedrar, cylindrar. De till\u00e4mpliga r\u00e5materialen inkluderar metallskrot, st\u00e5lsp\u00e5n, skrotst\u00e5l, skrotj\u00e4rn, skrotkoppar, aluminiumscrap, aluminiumspr\u00f6js, demonterade bilkarosser, burkar, aluminiumlegering, avfallsoljefat osv. Efter komprimering kan maskinen avl\u00e4gsna metallbalarna fr\u00e5n sidan eller fram\u00e5t. Det komprimerade avfallsmaterialet \u00e4r l\u00e4tt att lagra, transportera och sm\u00e4lta.<\/p> <figure id=\"attachment_5083\" aria-describedby=\"caption-attachment-5083\" style=\"width: 750px\" class=\"wp-caption alignnone\"><img fetchpriority=\"high\" decoding=\"async\" class=\"size-full wp-image-5083\" src=\"https:\/\/recyclingequipinc.com\/wp-content\/uploads\/2021\/10\/hydraulic-scrap-metal-baler.jpg\" alt=\"baler ya chuma chakavu ya majimaji\" width=\"750\" height=\"500\" srcset=\"https:\/\/recyclingequipinc.com\/wp-content\/uploads\/2021\/10\/hydraulic-scrap-metal-baler.jpg 750w, https:\/\/recyclingequipinc.com\/wp-content\/uploads\/2021\/10\/hydraulic-scrap-metal-baler-300x200.jpg 300w, https:\/\/recyclingequipinc.com\/wp-content\/uploads\/2021\/10\/hydraulic-scrap-metal-baler-600x400.jpg 600w\" sizes=\"(max-width: 750px) 100vw, 750px\" \/><figcaption id=\"caption-attachment-5083\" class=\"wp-caption-text\">baler ya chuma chakavu ya majimaji<\/figcaption><\/figure> <h2>Utaratibu wa kufanya kazi kwa baler ya chuma chakavu<\/h2> <p>Kulisha nyenzo za chuma za kiotomatiki kwenye chumba cha mgandamizo\u00a0\u2192 bati la kifuniko cha chuma la mlango kubonyeza\u00a0chini na kufungwa\u00a0\u2192 bati la nyuma\u00a0 likisukuma mbele kwa silinda ya hydraulic\u00a0\u2192 bati la shinikizo la upande likibonyeza upande mwingine \u2192 kizuizi huundwa\u00a0katika umbo fulani\u2192 chuma kufunika\u00a0kuinua sahani \u2192 kifaa cha kugeuza kiziba\u00a0hutoa nyenzo ya chuma iliyobanwa nje \u2192 kuweka upya silinda\u00a0\u2192 mchakato mzima umekamilika<\/p> <h2>Vipengele na faida za baler ya chuma<\/h2> <ol> <li>Inaendeshwa kwa maji, fanya kazi vizuri, salama na ya kuaminika<\/li> <li>Baler ya chuma chakavu inachukua udhibiti wa kiotomatiki wa mwongozo au PLC.<\/li> <li>Fomu ya kutokwa ni pamoja na aina nne, kizuizi cha chuma cha kugeuza upande, kizuizi cha kusukuma upande, kusukuma mbele, na kugeuza mbele kwa hiari.<\/li> <li>Ufungaji hauhitaji screws za miguu, na injini ya dizeli inaweza kutumika mahali ambapo hakuna umeme.<\/li> <li>Muundo thabiti,\u00a0 utendakazi rahisi, matengenezo rahisi, kufungwa kwa kutegemewa, upakiaji rahisi na upakuaji,<\/li> <li>Vifaa huboresha ufanisi wa wafanyikazi, kupunguza nguvu ya wafanyikazi, kuokoa wafanyikazi, na kupunguza gharama za usafirishaji.<\/li> <li>Watumiaji wanaweza kubinafsisha vipimo na saizi za ufungashaji kulingana na mahitaji yao ili kuongeza ushirikiano na usafirishaji au uhifadhi.<\/li> <\/ol> <figure id=\"attachment_5079\" aria-describedby=\"caption-attachment-5079\" style=\"width: 750px\" class=\"wp-caption alignleft\"><img decoding=\"async\" class=\"size-full wp-image-5079\" src=\"https:\/\/recyclingequipinc.com\/wp-content\/uploads\/2021\/10\/final-products-of-waste-metal-baler.jpg\" alt=\"bidhaa za mwisho za baler ya chuma taka\" width=\"750\" height=\"687\" srcset=\"https:\/\/recyclingequipinc.com\/wp-content\/uploads\/2021\/10\/final-products-of-waste-metal-baler.jpg 750w, https:\/\/recyclingequipinc.com\/wp-content\/uploads\/2021\/10\/final-products-of-waste-metal-baler-300x275.jpg 300w, https:\/\/recyclingequipinc.com\/wp-content\/uploads\/2021\/10\/final-products-of-waste-metal-baler-600x550.jpg 600w\" sizes=\"(max-width: 750px) 100vw, 750px\" \/><figcaption id=\"caption-attachment-5079\" class=\"wp-caption-text\">bidhaa za mwisho za baler ya chuma taka<\/figcaption><\/figure> <h2>Baler ya chuma chakavu inauzwa katika Mitambo ya Shuliy<\/h2> <p>Baler ya chuma taka ya majimaji ina aina 10 na maelezo zaidi ya 20 kutoka tani 63 hadi 600, ambayo inaweza kukidhi mahitaji tofauti ya wateja. Vipimo tofauti vya viunzi vya chuma vya majimaji vina saizi tofauti za pipa, saizi iliyobanwa, wakati wa uundaji, nguvu, na bei, n.k. Unaweza kuchagua kulingana na mahitaji yako halisi, au wasiliana nasi ili kupata mapendekezo ya kitaalamu. Kando na hilo, tunaunga mkono huduma za ubinafsishaji. Inamaanisha kuwa tunaweza kubinafsisha mashine ya baler ya chuma kulingana na mahitaji yako maalum ya kifaa. Tutafanya tuwezavyo kukupa huduma bora zaidi.<\/p> <h2>Unapaswa kuzingatia nini wakati wa kununua baler ya chuma chakavu?<\/h2> <p>Ili kuchagua na kununua baler inayofaa ya chuma, ni bora kuzingatia mambo haya kama ifuatavyo.<\/p> <ol> <li>Je, ni nyenzo gani ya chuma unayotaka kubana kwenye kizuizi? Nyenzo tofauti zinahitaji nguvu tofauti, saizi ya pipa, na wakati wa ukingo, nk.<\/li> <li>Je, ni ukubwa gani wa block ya chuma unayotaka kupata? Saizi iliyoshinikwa ina athari kwenye nafasi ya kuhifadhi na usafirishaji.<\/li> <li>Vipi kuhusu saizi ya nafasi ya kubana? Saizi ya pipa huamua saizi yake iliyoshinikizwa, kwa hivyo unaweza kuchagua mashine ya chuma ya chuma inayofaa kulingana na nafasi ya kubana.<\/li> <li>Ni tani ngapi za shinikizo? Nyenzo za chuma zenye uzito zaidi zinahitaji shinikizo zaidi. Na shinikizo kubwa linaweza kushinikiza nyenzo za chuma kuwa ngumu zaidi.<\/li> <\/ol> <p>&nbsp;<\/p>","protected":false},"excerpt":{"rendered":"<p>Baler ya chuma chakavu hutumika kutoa aina mbalimbali za mabaki ya chuma ndani ya cuboid, cubes, polyhedroni, au silinda, nk. Mashine inafaa kwa malighafi ni pamoja na chakavu cha chuma, shavings za chuma, chuma chakavu, chuma chakavu, shaba chakavu, chakavu cha alumini, shavings ya alumini, shells za gari zilizovunjwa, makopo, aloi ya alumini, mapipa ya mafuta ya taka, na kadhalika. Inaendeshwa na nguvu ya majimaji, inafanya kazi vizuri, kwa usalama, na kwa uhakika. Inapitisha udhibiti wa kiotomatiki wa mwongozo au PLC. Aina nne za fomu ya kutokwa ni ya hiari, bale ya chuma ya upande wa upande, bale ya kusukuma kando, sukuma mbele na zamu ya mbele.<\/p>","protected":false},"featured_media":5074,"template":"","meta":{"site-sidebar-layout":"default","site-content-layout":"default","ast-site-content-layout":"default","site-content-style":"default","site-sidebar-style":"default","ast-global-header-display":"","ast-banner-title-visibility":"","ast-main-header-display":"","ast-hfb-above-header-display":"","ast-hfb-below-header-display":"","ast-hfb-mobile-header-display":"","site-post-title":"","ast-breadcrumbs-content":"","ast-featured-img":"","footer-sml-layout":"","ast-disable-related-posts":"","theme-transparent-header-meta":"default","adv-header-id-meta":"","stick-header-meta":"default","header-above-stick-meta":"","header-main-stick-meta":"","header-below-stick-meta":"","astra-migrate-meta-layouts":"default","ast-page-background-enabled":"default","ast-page-background-meta":{"desktop":{"background-color":"","background-image":"","background-repeat":"repeat","background-position":"center center","background-size":"auto","background-attachment":"scroll","background-type":"","background-media":"","overlay-type":"","overlay-color":"","overlay-opacity":"","overlay-gradient":""},"tablet":{"background-color":"","background-image":"","background-repeat":"repeat","background-position":"center center","background-size":"auto","background-attachment":"scroll","background-type":"","background-media":"","overlay-type":"","overlay-color":"","overlay-opacity":"","overlay-gradient":""},"mobile":{"background-color":"","background-image":"","background-repeat":"repeat","background-position":"center center","background-size":"auto","background-attachment":"scroll","background-type":"","background-media":"","overlay-type":"","overlay-color":"","overlay-opacity":"","overlay-gradient":""}},"ast-content-background-meta":{"desktop":{"background-color":"var(--ast-global-color-5)","background-image":"","background-repeat":"repeat","background-position":"center center","background-size":"auto","background-attachment":"scroll","background-type":"","background-media":"","overlay-type":"","overlay-color":"","overlay-opacity":"","overlay-gradient":""},"tablet":{"background-color":"var(--ast-global-color-5)","background-image":"","background-repeat":"repeat","background-position":"center center","background-size":"auto","background-attachment":"scroll","background-type":"","background-media":"","overlay-type":"","overlay-color":"","overlay-opacity":"","overlay-gradient":""},"mobile":{"background-color":"var(--ast-global-color-5)","background-image":"","background-repeat":"repeat","background-position":"center center","background-size":"auto","background-attachment":"scroll","background-type":"","background-media":"","overlay-type":"","overlay-color":"","overlay-opacity":"","overlay-gradient":""}}},"product_brand":[],"product_cat":[34],"product_tag":[94,52,93],"class_list":{"0":"post-5066","1":"product","2":"type-product","3":"status-publish","4":"has-post-thumbnail","6":"product_cat-industrial-baler","7":"product_tag-hydraulic-baler","8":"product_tag-metal-baler","9":"product_tag-scrap-baler","10":"desktop-align-center","11":"tablet-align-center","12":"mobile-align-center","14":"first","15":"instock","16":"shipping-taxable","17":"product-type-simple"},"_links":{"self":[{"href":"https:\/\/recyclingequipinc.com\/sw\/wp-json\/wp\/v2\/product\/5066","targetHints":{"allow":["GET"]}}],"collection":[{"href":"https:\/\/recyclingequipinc.com\/sw\/wp-json\/wp\/v2\/product"}],"about":[{"href":"https:\/\/recyclingequipinc.com\/sw\/wp-json\/wp\/v2\/types\/product"}],"version-history":[{"count":0,"href":"https:\/\/recyclingequipinc.com\/sw\/wp-json\/wp\/v2\/product\/5066\/revisions"}],"wp:featuredmedia":[{"embeddable":true,"href":"https:\/\/recyclingequipinc.com\/sw\/wp-json\/wp\/v2\/media\/5074"}],"wp:attachment":[{"href":"https:\/\/recyclingequipinc.com\/sw\/wp-json\/wp\/v2\/media?parent=5066"}],"wp:term":[{"taxonomy":"product_brand","embeddable":true,"href":"https:\/\/recyclingequipinc.com\/sw\/wp-json\/wp\/v2\/product_brand?post=5066"},{"taxonomy":"product_cat","embeddable":true,"href":"https:\/\/recyclingequipinc.com\/sw\/wp-json\/wp\/v2\/product_cat?post=5066"},{"taxonomy":"product_tag","embeddable":true,"href":"https:\/\/recyclingequipinc.com\/sw\/wp-json\/wp\/v2\/product_tag?post=5066"}],"curies":[{"name":"wp","href":"https:\/\/api.w.org\/{rel}","templated":true}]}}