{"id":5063,"date":"2021-10-27T03:31:39","date_gmt":"2021-10-27T03:31:39","guid":{"rendered":"https:\/\/recyclingequipinc.com\/?post_type=product&#038;p=5063"},"modified":"2024-11-14T15:04:05","modified_gmt":"2024-11-14T07:04:05","slug":"apple-tray-making-machine","status":"publish","type":"product","link":"https:\/\/recyclingequipinc.com\/sw\/product\/apple-tray-making-machine\/","title":{"rendered":"Mashine ya Kutengeneza Tray ya Apple"},"content":{"rendered":"<p class=\"translation-block\"><strong><b>Maskin f\u00f6r att tillverka \u00e4ppell\u00e5dor<\/b><\/strong>, som namnet antyder, \u00e4r en maskin som \u00e4r utformad f\u00f6r att producera pappl\u00e5dor f\u00f6r \u00e4pple och andra frukter. Naturligtvis inte bara fruktl\u00e5dor, utan \u00e4ven andra skohyllor, \u00e4ggl\u00e5dor, \u00e4ggkartonger, kaffetraylar, etc. \u00e4r ocks\u00e5 tillg\u00e4ngliga. Maskinen \u00e4r uts\u00f6kt i design, rimlig i struktur, stabil i prestanda och av h\u00f6g kvalitet. Denna maskin \u00e4r milj\u00f6v\u00e4nlig eftersom \u00e4ppell\u00e5dorna som produceras med denna maskin \u00e4r pappl\u00e5dor. R\u00e5materialen som anv\u00e4nds f\u00f6r produktion av pappl\u00e5dor \u00e4r avfallspapper, avfallstidningar, avfallspappersl\u00e5dor och andra papper som anv\u00e4nds och \u00e5teranv\u00e4nds. Om du \u00e4r i denna bransch kan den ge dig stora vinster. V\u00e4lkommen med din f\u00f6rfr\u00e5gan n\u00e4r som helst!<\/p> <figure id=\"attachment_5071\" aria-describedby=\"caption-attachment-5071\" style=\"width: 820px\" class=\"wp-caption aligncenter\"><img fetchpriority=\"high\" decoding=\"async\" class=\"size-full wp-image-5071\" src=\"https:\/\/recyclingequipinc.com\/wp-content\/uploads\/2021\/10\/apple-trays.jpg\" alt=\"trei za apple\" width=\"820\" height=\"217\" srcset=\"https:\/\/recyclingequipinc.com\/wp-content\/uploads\/2021\/10\/apple-trays.jpg 820w, https:\/\/recyclingequipinc.com\/wp-content\/uploads\/2021\/10\/apple-trays-750x198.jpg 750w, https:\/\/recyclingequipinc.com\/wp-content\/uploads\/2021\/10\/apple-trays-300x79.jpg 300w, https:\/\/recyclingequipinc.com\/wp-content\/uploads\/2021\/10\/apple-trays-768x203.jpg 768w, https:\/\/recyclingequipinc.com\/wp-content\/uploads\/2021\/10\/apple-trays-600x159.jpg 600w\" sizes=\"(max-width: 820px) 100vw, 820px\" \/><figcaption id=\"caption-attachment-5071\" class=\"wp-caption-text\">trei za apple<\/figcaption><\/figure> <h2><strong><b>Aina Kuu Zinazouzwa<\/b><\/strong><\/h2> <p>Kulingana na viwango tofauti, mashine za kutengeneza trei za apple zinaweza kuainishwa kama ifuatavyo:<\/p> <p class=\"translation-block\"><strong>Baserat p\u00e5 de olika kapaciteterna<\/strong> kan den delas in i sm\u00e5, medelstora och stora kapaciteter. Den lilla produktionen \u00e4r cirka 1000-1500 pappl\u00e5dor per timme. Den medelstora \u00e4r cirka 2000-4000 per timme. Den stora produktionen \u00e4r \u00f6ver 4000 pappl\u00e5dor per timme.<\/p> <p class=\"translation-block\"><strong>I enlighet med de olika torkningsmetoderna<\/strong> \u00e4r \u00e4ppell\u00e5demaskinen indelad i semi-automatisk och helt automatisk. Den semi-automatiska torkningsmetoden \u00e4r naturlig torkning och vagnstorkning. Helt automatisering inkluderar tv\u00e5 typer: tegelugnstorkning och metallsdryck. Mellan dessa tv\u00e5 kr\u00e4ver tegelugnstorkning att kunderna bygger sina egna tegelugnar sj\u00e4lva, men vi kan ge professionell teknisk v\u00e4gledning f\u00f6r kunderna baserat p\u00e5 deras behov.<\/p> <figure id=\"attachment_5213\" aria-describedby=\"caption-attachment-5213\" style=\"width: 300px\" class=\"wp-caption aligncenter\"><img decoding=\"async\" class=\"size-medium wp-image-5213\" src=\"https:\/\/recyclingequipinc.com\/wp-content\/uploads\/2021\/10\/apple-tray-making-machine-300x200.jpg\" alt=\"mashine ya kutengeneza trei ya tufaha\" width=\"300\" height=\"200\" srcset=\"https:\/\/recyclingequipinc.com\/wp-content\/uploads\/2021\/10\/apple-tray-making-machine-300x200.jpg 300w, https:\/\/recyclingequipinc.com\/wp-content\/uploads\/2021\/10\/apple-tray-making-machine-600x400.jpg 600w, https:\/\/recyclingequipinc.com\/wp-content\/uploads\/2021\/10\/apple-tray-making-machine.jpg 750w\" sizes=\"(max-width: 300px) 100vw, 300px\" \/><figcaption id=\"caption-attachment-5213\" class=\"wp-caption-text\">mashine ya kutengeneza trei ya tufaha<\/figcaption><\/figure> <h2><strong><b>Bidhaa za Mwisho za Mashine ya Sinia ya Apple<\/b><\/strong><\/h2> <p>Ingawa ni mashine ya trei ya tufaha, haiwezi tu kutoa trei za tufaha. Sehemu muhimu zaidi ya mashine hii ni mashine ya ukingo, ambayo inaweza kutoa tray za karatasi unazohitaji kupitia dies. Kwa mfano, ikiwa kwa sasa unaendesha shamba la kuku na unahitaji kutumia tray za karatasi wakati wa kuuza mayai. Kisha, kwa wakati huu, unahitaji mashine ya tray ya yai, yaani, mashine ya ukingo wa tray ya yai. Mold inahitaji kufanana na ukubwa wa yai. Kwa hiyo, bidhaa iliyokamilishwa pia inaweza kuwa masanduku ya yai, trei za kiatu, trei za kahawa, trei za mbegu, trei za divai, trei za matunda, trei za matibabu, trei za vifaa n.k. Ikiwa unahitaji, unaweza kuwasiliana nasi na tutarudi kwako. haraka iwezekanavyo!<\/p> <figure id=\"attachment_4492\" aria-describedby=\"caption-attachment-4492\" style=\"width: 750px\" class=\"wp-caption aligncenter\"><img decoding=\"async\" class=\"size-full wp-image-4492\" src=\"https:\/\/recyclingequipinc.com\/wp-content\/uploads\/2021\/09\/finished-products.jpg\" alt=\"bidhaa za kumaliza\" width=\"750\" height=\"354\" srcset=\"https:\/\/recyclingequipinc.com\/wp-content\/uploads\/2021\/09\/finished-products.jpg 750w, https:\/\/recyclingequipinc.com\/wp-content\/uploads\/2021\/09\/finished-products-300x142.jpg 300w, https:\/\/recyclingequipinc.com\/wp-content\/uploads\/2021\/09\/finished-products-600x283.jpg 600w\" sizes=\"(max-width: 750px) 100vw, 750px\" \/><figcaption id=\"caption-attachment-4492\" class=\"wp-caption-text\">bidhaa za kumaliza<\/figcaption><\/figure> <h2><strong><b>Mchakato wa Kutengeneza Tray ya Apple<\/b><\/strong><\/h2> <p>Uendeshaji ni rahisi katika mchakato wa kuzalisha trays za apple. . Inaweza kugawanywa takribani katika pulping, ukingo, kukausha, moto kubwa &amp; ufungaji.<\/p> <p class=\"translation-block\"><strong>Pulverisering<\/strong>: i denna process krossas avfallspapper faktiskt till massa av en h\u00f6gtryckspulveriseringsmaskin. F\u00f6rbered f\u00f6r n\u00e4sta steg - formning. Vissa procedurer m\u00e5ste f\u00f6ljas. Kunderna beh\u00f6ver bygga tre pooler, en f\u00f6r vattenlagring, en f\u00f6r krossad massa och en f\u00f6r proportionellt blandad massa.<\/p> <p class=\"translation-block\"><strong>Formning<\/strong>: detta steg handlar huvudsakligen om att forma massan, det vill s\u00e4ga genom formningsmaskinen, omvandla massan till den pappersl\u00e5da du vill ha. En vakuumpump och en luftkompressor kr\u00e4vs ocks\u00e5 mellan pulverisering och formning. Vakuumpumpen suger massan p\u00e5 formningsformen, medan luftkompressorn bl\u00e5ser den formade formen p\u00e5 \u00f6verf\u00f6ringsformen.<\/p> <p class=\"translation-block\"><strong>Torkning<\/strong>: eftersom den nybildade formen inneh\u00e5ller viss fukt och \u00e4r v\u00e5t, beh\u00f6ver den torkas. Det finns tre s\u00e4tt att torka: naturlig torkning, tegelugnstorkning och metallsdryck. Du kan v\u00e4lja den l\u00e4mpliga torkningsmetoden beroende p\u00e5 din egen produktionsskala.<\/p> <p class=\"translation-block\"><strong>Hetpress &amp; f\u00f6rpackning<\/strong>: Generellt sett beh\u00f6ver l\u00e5dor hetpressformning, eftersom detta g\u00f6r pappersl\u00e5dan mer vacker och sparar utrymme. F\u00f6rpackning \u00e4r att samla och ordna pappersl\u00e5dan f\u00f6r att g\u00f6ra den prydlig och l\u00e4tt att anv\u00e4nda.<\/p> <figure id=\"attachment_4495\" aria-describedby=\"caption-attachment-4495\" style=\"width: 750px\" class=\"wp-caption aligncenter\"><img loading=\"lazy\" decoding=\"async\" class=\"size-full wp-image-4495\" src=\"https:\/\/recyclingequipinc.com\/wp-content\/uploads\/2021\/09\/technological-process-.jpg\" alt=\"mchakato wa kiteknolojia -\" width=\"750\" height=\"457\" srcset=\"https:\/\/recyclingequipinc.com\/wp-content\/uploads\/2021\/09\/technological-process-.jpg 750w, https:\/\/recyclingequipinc.com\/wp-content\/uploads\/2021\/09\/technological-process--300x183.jpg 300w, https:\/\/recyclingequipinc.com\/wp-content\/uploads\/2021\/09\/technological-process--600x366.jpg 600w\" sizes=\"(max-width: 750px) 100vw, 750px\" \/><figcaption id=\"caption-attachment-4495\" class=\"wp-caption-text\">mchakato wa kiteknolojia<\/figcaption><\/figure> <h2><strong><b>Kwa nini Chagua Mashine ya Shuliy?<\/b><\/strong><\/h2> <p class=\"translation-block\">Faktum \u00e4r att det finns m\u00e5nga tillverkare av maskiner f\u00f6r att tillverka \u00e4ppell\u00e5dor p\u00e5 marknaden, och det finns m\u00e5nga typer. S\u00e5 varf\u00f6r v\u00e4lja <a href=\"https:\/\/recyclingequipinc.com\/sw\/\">Shuliy Machinery<\/a> som din leverant\u00f6r? Huvudpunkterna \u00e4r f\u00f6ljande:<\/p> <p class=\"translation-block\"><strong>Omsorgsfull service<\/strong>: vi erbjuder f\u00f6rf\u00f6rs\u00e4ljning, f\u00f6rs\u00e4ljning och efterf\u00f6rs\u00e4ljningstj\u00e4nst, och en 24-timmars online-manualtj\u00e4nst kan svara p\u00e5 dina fr\u00e5gor online n\u00e4r som helst.<\/p> <p class=\"translation-block\"><strong>Kvalitetss\u00e4kring<\/strong>: v\u00e5ra maskiner har relevanta kvalifikationscertifikat, s\u00e5som CE, GMP, etc. Och vi har v\u00e5rt eget kvalitetssystem som strikt kan kontrollera kvaliteten p\u00e5 varje komponent under produktionen.<\/p> <p class=\"translation-block\"><strong>Specialanpassade tj\u00e4nster<\/strong>: du kan ha olika behov beroende p\u00e5 din verksamhet. Men vi kan anpassa maskinen f\u00f6r dig enligt dina krav. V\u00e5ra tekniker kan ge professionella f\u00f6rslag f\u00f6r att m\u00f6ta dina behov.<\/p> <figure id=\"attachment_4545\" aria-describedby=\"caption-attachment-4545\" style=\"width: 720px\" class=\"wp-caption aligncenter\"><img loading=\"lazy\" decoding=\"async\" class=\"size-full wp-image-4545\" src=\"https:\/\/recyclingequipinc.com\/wp-content\/uploads\/2021\/09\/factory-display.jpg\" alt=\"maonyesho ya kiwanda\" width=\"720\" height=\"378\" srcset=\"https:\/\/recyclingequipinc.com\/wp-content\/uploads\/2021\/09\/factory-display.jpg 720w, https:\/\/recyclingequipinc.com\/wp-content\/uploads\/2021\/09\/factory-display-300x158.jpg 300w, https:\/\/recyclingequipinc.com\/wp-content\/uploads\/2021\/09\/factory-display-600x315.jpg 600w\" sizes=\"(max-width: 720px) 100vw, 720px\" \/><figcaption id=\"caption-attachment-4545\" class=\"wp-caption-text\">maonyesho ya kiwanda<\/figcaption><\/figure> <h2><strong><b>Pana <\/b><\/strong><strong><b>P<\/b><\/strong><strong><b>mambo ya Apple <\/b><\/strong><strong><b>T<\/b><\/strong><strong><b>ray<\/b><\/strong><strong><b>\u00a0Mashine<\/b><\/strong><\/h2> <p class=\"translation-block\">Med den kontinuerliga utvecklingen av samh\u00e4llet uppm\u00e4rksammar m\u00e4nniskor allt mer milj\u00f6n. Denna maskin f\u00f6r att tillverka \u00e4ppell\u00e5dor \u00e4r en milj\u00f6v\u00e4nlig maskin, som inte bara ger vinster till f\u00f6retag utan ocks\u00e5 skyddar milj\u00f6n. Dessutom kommer den att vara mycket vanlig i det dagliga livet. \u00c4ppell\u00e5dan kan inte bara packa \u00e4pplen, utan ocks\u00e5 spara utrymme, och \u00e4r ren och prydlig n\u00e4r den f\u00f6rvaras. Och r\u00e5materialen \u00e4r billiga och l\u00e4tta att samla, vilket sparar kostnader. Det \u00e4r av stort v\u00e4rde som en aff\u00e4r. P\u00e5 samma s\u00e4tt \u00e4r <a href=\"https:\/\/recyclingequipinc.com\/sw\/bidhaa\/egg-tray-making-machine\/\">\u00e4ggl\u00e5demaskinen<\/a> ocks\u00e5 det. Ser fram emot dina samtal!<\/p>","protected":false},"excerpt":{"rendered":"<p class=\"translation-block\"><strong><b>Maskin f\u00f6r att tillverka \u00e4ppell\u00e5dor<\/b><\/strong>, som namnet antyder, \u00e4r en maskin som \u00e4r utformad f\u00f6r att producera \u00e4ppell\u00e5dor. Naturligtvis inte bara \u00e4ppell\u00e5dor, utan \u00e4ven andra skohyllor, \u00e4ggl\u00e5dor, \u00e4ggkartonger, kaffetraylar, etc. \u00e4r ocks\u00e5 tillg\u00e4ngliga. Om du \u00e4r i denna bransch kan den ge dig stora vinster. V\u00e4lkommen med din f\u00f6rfr\u00e5gan n\u00e4r som helst!<\/p>","protected":false},"featured_media":5090,"template":"","meta":{"site-sidebar-layout":"default","site-content-layout":"default","ast-site-content-layout":"default","site-content-style":"default","site-sidebar-style":"default","ast-global-header-display":"","ast-banner-title-visibility":"","ast-main-header-display":"","ast-hfb-above-header-display":"","ast-hfb-below-header-display":"","ast-hfb-mobile-header-display":"","site-post-title":"","ast-breadcrumbs-content":"","ast-featured-img":"","footer-sml-layout":"","ast-disable-related-posts":"","theme-transparent-header-meta":"default","adv-header-id-meta":"","stick-header-meta":"default","header-above-stick-meta":"","header-main-stick-meta":"","header-below-stick-meta":"","astra-migrate-meta-layouts":"set","ast-page-background-enabled":"default","ast-page-background-meta":{"desktop":{"background-color":"","background-image":"","background-repeat":"repeat","background-position":"center center","background-size":"auto","background-attachment":"scroll","background-type":"","background-media":"","overlay-type":"","overlay-color":"","overlay-opacity":"","overlay-gradient":""},"tablet":{"background-color":"","background-image":"","background-repeat":"repeat","background-position":"center center","background-size":"auto","background-attachment":"scroll","background-type":"","background-media":"","overlay-type":"","overlay-color":"","overlay-opacity":"","overlay-gradient":""},"mobile":{"background-color":"","background-image":"","background-repeat":"repeat","background-position":"center center","background-size":"auto","background-attachment":"scroll","background-type":"","background-media":"","overlay-type":"","overlay-color":"","overlay-opacity":"","overlay-gradient":""}},"ast-content-background-meta":{"desktop":{"background-color":"var(--ast-global-color-5)","background-image":"","background-repeat":"repeat","background-position":"center center","background-size":"auto","background-attachment":"scroll","background-type":"","background-media":"","overlay-type":"","overlay-color":"","overlay-opacity":"","overlay-gradient":""},"tablet":{"background-color":"var(--ast-global-color-5)","background-image":"","background-repeat":"repeat","background-position":"center center","background-size":"auto","background-attachment":"scroll","background-type":"","background-media":"","overlay-type":"","overlay-color":"","overlay-opacity":"","overlay-gradient":""},"mobile":{"background-color":"var(--ast-global-color-5)","background-image":"","background-repeat":"repeat","background-position":"center center","background-size":"auto","background-attachment":"scroll","background-type":"","background-media":"","overlay-type":"","overlay-color":"","overlay-opacity":"","overlay-gradient":""}}},"product_brand":[],"product_cat":[35],"product_tag":[],"class_list":{"0":"post-5063","1":"product","2":"type-product","3":"status-publish","4":"has-post-thumbnail","6":"product_cat-egg-tray-machine","7":"desktop-align-center","8":"tablet-align-center","9":"mobile-align-center","11":"first","12":"instock","13":"shipping-taxable","14":"product-type-simple"},"_links":{"self":[{"href":"https:\/\/recyclingequipinc.com\/sw\/wp-json\/wp\/v2\/product\/5063","targetHints":{"allow":["GET"]}}],"collection":[{"href":"https:\/\/recyclingequipinc.com\/sw\/wp-json\/wp\/v2\/product"}],"about":[{"href":"https:\/\/recyclingequipinc.com\/sw\/wp-json\/wp\/v2\/types\/product"}],"version-history":[{"count":0,"href":"https:\/\/recyclingequipinc.com\/sw\/wp-json\/wp\/v2\/product\/5063\/revisions"}],"wp:featuredmedia":[{"embeddable":true,"href":"https:\/\/recyclingequipinc.com\/sw\/wp-json\/wp\/v2\/media\/5090"}],"wp:attachment":[{"href":"https:\/\/recyclingequipinc.com\/sw\/wp-json\/wp\/v2\/media?parent=5063"}],"wp:term":[{"taxonomy":"product_brand","embeddable":true,"href":"https:\/\/recyclingequipinc.com\/sw\/wp-json\/wp\/v2\/product_brand?post=5063"},{"taxonomy":"product_cat","embeddable":true,"href":"https:\/\/recyclingequipinc.com\/sw\/wp-json\/wp\/v2\/product_cat?post=5063"},{"taxonomy":"product_tag","embeddable":true,"href":"https:\/\/recyclingequipinc.com\/sw\/wp-json\/wp\/v2\/product_tag?post=5063"}],"curies":[{"name":"wp","href":"https:\/\/api.w.org\/{rel}","templated":true}]}}