{"id":4974,"date":"2021-10-09T07:28:30","date_gmt":"2021-10-09T07:28:30","guid":{"rendered":"https:\/\/recyclingequipinc.com\/?post_type=product&#038;p=4974"},"modified":"2025-11-10T15:58:49","modified_gmt":"2025-11-10T07:58:49","slug":"5t-fish-meal-machine","status":"publish","type":"product","link":"https:\/\/recyclingequipinc.com\/sw\/product\/5t-fish-meal-machine\/","title":{"rendered":"Mashine ya Kula Samaki ya 5T\/D"},"content":{"rendered":"<p>Mlo wa samaki ni malisho yenye protini nyingi na aina moja au zaidi ya samaki kama malighafi baada ya kuchafua, kupunguza maji mwilini na kusagwa, ambayo ni ya manufaa kwa ukuaji wa wanyama. Malighafi ni kutoka kwa mfupa na mabaki ya samaki ambayo hayatumiki kwa matumizi ya binadamu. Kwa mashine za uzalishaji wa unga wa samaki, kuna njia zote mbili za uzalishaji kwa pato kubwa na aina jumuishi ya vifaa vya unga wa samaki vinavyopatikana kwa pato ndogo au la kati. Kiwanda cha unga cha samaki cha 5T\/D kinaundwa na mashine ya kupikia samaki, mashine ya kubana samaki, na kikausha chakula cha samaki, na kitenganisha mafuta ya samaki. Inaweza kutumika katika warsha ndogo na kwenye meli wakati wa uvuvi kwenye bahari. Samaki wabichi wabichi wanaweza kutengenezwa mlo wa samaki wa hali ya juu zaidi.<\/p> <h2>Mashine ya unga ya samaki yenye uwezo wa 5T\/D inauzwa<\/h2> <p>Kitengo cha uzalishaji wa unga wa samaki kinatumika kwa karakana za chakula cha samaki wadogo au wa kati, na pia kinaweza kuwekwa kwenye meli ili kuzalisha unga wa samaki na mafuta ya samaki baharini. Ikilinganishwa na njia kubwa ya uzalishaji wa mlo wa samaki, mashine ya kula samaki kwenye bodi inahitaji uwekezaji mdogo, na ni vifaa vilivyounganishwa ambavyo vinaweza kumaliza mchakato wa kuoka, kukandamiza na kuondoa maji kwa kujitegemea. Ikiwa malighafi sio ndogo, ni bora kulinganisha mashine ya kukata samaki kabla ya kupika. Kando na hilo, unaweza kuchagua mashine nyingine zinazosaidia kwa msingi wa mahitaji yako halisi, kama vile kikofishaji skrubu, mashine ya kukagua chakula cha samaki, kipondaji cha unga wa samaki na mashine ya kufungashia chakula cha samaki, n.k. Ingawa aina ya ubaoni ya mashine ya kula samaki ina tofauti fulani. kutoka kwa mstari mzima wa uzalishaji wa unga wa samaki, michakato kuu ya uzalishaji ni sawa.<\/p> <figure id=\"attachment_4989\" aria-describedby=\"caption-attachment-4989\" style=\"width: 713px\" class=\"wp-caption aligncenter\"><img fetchpriority=\"high\" decoding=\"async\" class=\"size-full wp-image-4989\" src=\"https:\/\/recyclingequipinc.com\/wp-content\/uploads\/2021\/10\/integrated-fish-meal-unit.jpg\" alt=\"kitengo cha chakula cha samaki kilichounganishwa\" width=\"713\" height=\"540\" srcset=\"https:\/\/recyclingequipinc.com\/wp-content\/uploads\/2021\/10\/integrated-fish-meal-unit.jpg 713w, https:\/\/recyclingequipinc.com\/wp-content\/uploads\/2021\/10\/integrated-fish-meal-unit-300x227.jpg 300w, https:\/\/recyclingequipinc.com\/wp-content\/uploads\/2021\/10\/integrated-fish-meal-unit-600x454.jpg 600w\" sizes=\"(max-width: 713px) 100vw, 713px\" \/><figcaption id=\"caption-attachment-4989\" class=\"wp-caption-text\">kitengo cha chakula cha samaki kilichounganishwa<\/figcaption><\/figure> <h2>Muundo wa mashine ya unga ya samaki ya 5T\/D<\/h2> <p>Kiwanda cha 5T\/D cha unga wa samaki kina mashine ya kitoweo cha samaki, mashine ya kubana samaki na mashine ya kukaushia samaki. Mashine ya kupikia samaki hutumia njia ya kupasha joto kwa mvuke ili kuchemsha na kuangamiza samaki. Injini ya udhibiti wa hatua ndogo inaweza kubadilisha kasi ya shimoni kuu ya mashine ya kupikia, inayofaa kwa mahitaji tofauti ya mchakato wa uzalishaji wa misimu, spishi za samaki na saizi za samaki. Kikamulio cha samaki ni kifaa cha kuondoa maji kwenye vipande vya samaki waliopikwa na kutenganisha mafuta ya samaki na milo ya samaki. Wakati wa uzalishaji wa chakula cha samaki, mashine ya kubana samaki inabonyeza kioevu kingi iwezekanavyo ili kuboresha ubora wa mlo wa samaki na kupunguza unyevu wa mlo wa samaki wenye unyevunyevu. Mashine ya kukaushia unga wa samaki hukausha unga wa samaki wenye unyevunyevu na kupunguza kiwango cha maji yake hadi chini ya 10%. Kavu iliyopangwa vizuri inaweza kuhakikisha eneo kubwa la kupokanzwa kwa chakula cha samaki, inapokanzwa sawasawa, athari ya kukausha vizuri, ufanisi wa juu.<\/p> <h2>Vipengele vya mmea wa chakula cha samaki kwenye bodi<\/h2> <ol> <li>Muundo wa kompakt, muundo mzuri, harakati rahisi, kuokoa nafasi<\/li> <li>Bei inayofaa, nafasi nyembamba, utulivu wa nguvu, operesheni rahisi<\/li> <li>Ufanisi wa juu, urahisi, kuokoa gharama, athari nzuri ya uzalishaji<\/li> <li>Vifaa vilivyojumuishwa vya kukamilisha kupikia, kufinya, na kukausha<\/li> <\/ol> <h2>Mchakato mzima wa uzalishaji wa chakula cha samaki<\/h2> <p>Samaki wa kukata-screw conveyor kusafirisha- samaki waliopondwa vipande vya samaki waliopikwa-kukaushwa-samaki kukaushwa-uchunguzi wa unga wa samaki-kusagwa upya kwa samaki - ufungaji wa unga wa samaki<\/p> <h2>Vifaa vinavyohusiana<\/h2> <h3>#Fish mashine ya kukata<\/h3> <p>Kisaga cha samaki hutumika kukata samaki wakubwa katika vipande vidogo vyenye ukubwa usiozidi 5mm ili kusafirisha malighafi kwenye mashine ya kitoweo cha samaki kwa kutumia screw conveyor. Mashine ya kusaga samaki inaundwa na mfumo mkuu, injini, kiingilio cha samaki, sehemu iliyosagwa, na jozi ya vikataji vya kukunja.<\/p> <figure id=\"attachment_5000\" aria-describedby=\"caption-attachment-5000\" style=\"width: 720px\" class=\"wp-caption aligncenter\"><img decoding=\"async\" class=\"size-full wp-image-5000\" src=\"https:\/\/recyclingequipinc.com\/wp-content\/uploads\/2021\/10\/fish-cutting-machine.jpg\" alt=\"mashine ya kukata samaki\" width=\"720\" height=\"540\" srcset=\"https:\/\/recyclingequipinc.com\/wp-content\/uploads\/2021\/10\/fish-cutting-machine.jpg 720w, https:\/\/recyclingequipinc.com\/wp-content\/uploads\/2021\/10\/fish-cutting-machine-300x225.jpg 300w, https:\/\/recyclingequipinc.com\/wp-content\/uploads\/2021\/10\/fish-cutting-machine-600x450.jpg 600w\" sizes=\"(max-width: 720px) 100vw, 720px\" \/><figcaption id=\"caption-attachment-5000\" class=\"wp-caption-text\">mashine ya kukata samaki<\/figcaption><\/figure> <h3>#Screw conveyor<\/h3> <p>Conveyor ya screw ni mashine ya kawaida ya kusaidia katika uzalishaji wa viwanda. Katika mstari wa uzalishaji wa chakula cha samaki, husafirisha samaki waliokandamizwa kwenye mashine ya kupikia samaki. Vifaa vina faida za muundo rahisi, utendaji mzuri, kuokoa kazi, na kadhalika.<\/p> <h3>#Fish mashine ya kukagua chakula<\/h3> <p>Mashine ya kuchungulia mlo wa samaki inachuja unga wa samaki baada ya kukaushwa. Chakula cha samaki wadogo kitakuwa nje ya vifaa, lakini chakula hiki cha samaki ambacho hakiendani na ukubwa unaohitajika kinaweza kusagwa tena na mashine ndogo ya kusaga. Mashine za uchunguzi tofauti zinaweza kubadilishwa kwa mashine ya uchunguzi wa ngoma.<\/p> <figure id=\"attachment_5004\" aria-describedby=\"caption-attachment-5004\" style=\"width: 720px\" class=\"wp-caption aligncenter\"><img decoding=\"async\" class=\"size-full wp-image-5004\" src=\"https:\/\/recyclingequipinc.com\/wp-content\/uploads\/2021\/10\/fish-meal-screening-machine.jpg\" alt=\"mashine ya kuchunguza chakula cha samaki\" width=\"720\" height=\"540\" srcset=\"https:\/\/recyclingequipinc.com\/wp-content\/uploads\/2021\/10\/fish-meal-screening-machine.jpg 720w, https:\/\/recyclingequipinc.com\/wp-content\/uploads\/2021\/10\/fish-meal-screening-machine-300x225.jpg 300w, https:\/\/recyclingequipinc.com\/wp-content\/uploads\/2021\/10\/fish-meal-screening-machine-600x450.jpg 600w\" sizes=\"(max-width: 720px) 100vw, 720px\" \/><figcaption id=\"caption-attachment-5004\" class=\"wp-caption-text\">mashine ya kuchunguza chakula cha samaki<\/figcaption><\/figure> <h3>#Fish mashine ya kufunga chakula<\/h3> <p class=\"translation-block\">Den<a href=\"https:\/\/recyclingequipinc.com\/sw\/bidhaa\/fish-meal-packing-machine\/\"><strong> fiskmj\u00f6l f\u00f6rpackningsmaskinen<\/strong><\/a> \u00e4r utrustningen f\u00f6r att paketera fiskmj\u00f6l i p\u00e5sar med vissa volym- eller viktkrav. V\u00e4lpackat fiskmj\u00f6l \u00e4r rent och attraktivt p\u00e5 marknaden. F\u00f6rpackningsmaskinen har funktionerna m\u00e4tning, p\u00e5sbildning, fyllning, f\u00f6rsegling, sk\u00e4rning och r\u00e4kning.<\/p> <h2>Hitimisho<\/h2> <p>Mashine ya unga ya samaki ya 5T\/D inaweza kukamilisha kupika, kukandamiza na kukausha kwa kujitegemea kama mashine iliyounganishwa. Haihitaji nafasi kubwa kwa sababu ya muundo wake wa compact. Ikilinganishwa na mashine nzima za uzalishaji wa unga wa samaki, aina hii ya unga wa samaki wa 5D\/T ni wa gharama nafuu. Ikiwa unahitaji mashine nyingine zinazosaidia, unaweza kuchagua kulingana na mahitaji yako halisi, au wasiliana nasi na wafanyakazi wa kitaaluma watatoa mapendekezo muhimu kwako.<\/p>","protected":false},"excerpt":{"rendered":"<p>Mlo wa samaki ni malisho yenye protini nyingi na aina moja au zaidi ya samaki kama malighafi baada ya kuchafua, kupunguza maji mwilini na kusagwa, ambayo ni ya manufaa kwa ukuaji wa wanyama. Kiwanda cha unga cha samaki cha 5T\/D kinaundwa na mashine ya kupikia samaki, mashine ya kubana samaki, na kikausha chakula cha samaki, na kitenganisha mafuta ya samaki. Inaweza kutumika katika warsha ndogo na kwenye meli wakati wa uvuvi kwenye bahari. Samaki wabichi wanaweza kutengenezwa mlo wa samaki wa hali ya juu zaidi.<\/p>","protected":false},"featured_media":4977,"template":"","meta":{"site-sidebar-layout":"default","site-content-layout":"default","ast-site-content-layout":"default","site-content-style":"default","site-sidebar-style":"default","ast-global-header-display":"","ast-banner-title-visibility":"","ast-main-header-display":"","ast-hfb-above-header-display":"","ast-hfb-below-header-display":"","ast-hfb-mobile-header-display":"","site-post-title":"","ast-breadcrumbs-content":"","ast-featured-img":"","footer-sml-layout":"","ast-disable-related-posts":"","theme-transparent-header-meta":"default","adv-header-id-meta":"","stick-header-meta":"default","header-above-stick-meta":"","header-main-stick-meta":"","header-below-stick-meta":"","astra-migrate-meta-layouts":"set","ast-page-background-enabled":"default","ast-page-background-meta":{"desktop":{"background-color":"","background-image":"","background-repeat":"repeat","background-position":"center center","background-size":"auto","background-attachment":"scroll","background-type":"","background-media":"","overlay-type":"","overlay-color":"","overlay-opacity":"","overlay-gradient":""},"tablet":{"background-color":"","background-image":"","background-repeat":"repeat","background-position":"center center","background-size":"auto","background-attachment":"scroll","background-type":"","background-media":"","overlay-type":"","overlay-color":"","overlay-opacity":"","overlay-gradient":""},"mobile":{"background-color":"","background-image":"","background-repeat":"repeat","background-position":"center center","background-size":"auto","background-attachment":"scroll","background-type":"","background-media":"","overlay-type":"","overlay-color":"","overlay-opacity":"","overlay-gradient":""}},"ast-content-background-meta":{"desktop":{"background-color":"var(--ast-global-color-5)","background-image":"","background-repeat":"repeat","background-position":"center center","background-size":"auto","background-attachment":"scroll","background-type":"","background-media":"","overlay-type":"","overlay-color":"","overlay-opacity":"","overlay-gradient":""},"tablet":{"background-color":"var(--ast-global-color-5)","background-image":"","background-repeat":"repeat","background-position":"center center","background-size":"auto","background-attachment":"scroll","background-type":"","background-media":"","overlay-type":"","overlay-color":"","overlay-opacity":"","overlay-gradient":""},"mobile":{"background-color":"var(--ast-global-color-5)","background-image":"","background-repeat":"repeat","background-position":"center center","background-size":"auto","background-attachment":"scroll","background-type":"","background-media":"","overlay-type":"","overlay-color":"","overlay-opacity":"","overlay-gradient":""}}},"product_brand":[],"product_cat":[15],"product_tag":[43],"class_list":{"0":"post-4974","1":"product","2":"type-product","3":"status-publish","4":"has-post-thumbnail","6":"product_cat-fish-meal-plant","7":"product_tag-fish-meal-machine","8":"desktop-align-center","9":"tablet-align-center","10":"mobile-align-center","12":"first","13":"instock","14":"shipping-taxable","15":"product-type-simple"},"_links":{"self":[{"href":"https:\/\/recyclingequipinc.com\/sw\/wp-json\/wp\/v2\/product\/4974","targetHints":{"allow":["GET"]}}],"collection":[{"href":"https:\/\/recyclingequipinc.com\/sw\/wp-json\/wp\/v2\/product"}],"about":[{"href":"https:\/\/recyclingequipinc.com\/sw\/wp-json\/wp\/v2\/types\/product"}],"version-history":[{"count":0,"href":"https:\/\/recyclingequipinc.com\/sw\/wp-json\/wp\/v2\/product\/4974\/revisions"}],"wp:featuredmedia":[{"embeddable":true,"href":"https:\/\/recyclingequipinc.com\/sw\/wp-json\/wp\/v2\/media\/4977"}],"wp:attachment":[{"href":"https:\/\/recyclingequipinc.com\/sw\/wp-json\/wp\/v2\/media?parent=4974"}],"wp:term":[{"taxonomy":"product_brand","embeddable":true,"href":"https:\/\/recyclingequipinc.com\/sw\/wp-json\/wp\/v2\/product_brand?post=4974"},{"taxonomy":"product_cat","embeddable":true,"href":"https:\/\/recyclingequipinc.com\/sw\/wp-json\/wp\/v2\/product_cat?post=4974"},{"taxonomy":"product_tag","embeddable":true,"href":"https:\/\/recyclingequipinc.com\/sw\/wp-json\/wp\/v2\/product_tag?post=4974"}],"curies":[{"name":"wp","href":"https:\/\/api.w.org\/{rel}","templated":true}]}}