{"id":4528,"date":"2021-09-16T10:00:36","date_gmt":"2021-09-16T10:00:36","guid":{"rendered":"https:\/\/recyclingequipinc.com\/?post_type=product&#038;p=4528"},"modified":"2025-01-22T11:30:57","modified_gmt":"2025-01-22T03:30:57","slug":"rinsing-tank","status":"publish","type":"product","link":"https:\/\/recyclingequipinc.com\/sw\/product\/rinsing-tank\/","title":{"rendered":"Tangi ya Kuoshea ya Plastiki kwa Usafishaji wa PP LDPE HDPE"},"content":{"rendered":"<p class=\"translation-block\"><strong>Plastik rinsing tank<\/strong> \u00e4r en av maskinerna f\u00f6r plast\u00e5tervinning. Efter krossningsprocessen \u00e4r plastmaterialen fortfarande smutsiga. S\u00e5 det \u00e4r viktigt att anv\u00e4nda rinsing tank f\u00f6r att reng\u00f6ra plastflisorna noggrant. Utrustningen \u00e4r utrustad med m\u00e5nga tandade plattor som kan tvinga plastchips att r\u00f6ra sig fram\u00e5t.<\/p> <div class=\"ast-oembed-container\" style=\"height: 100%;\"><iframe title=\"Mchakato wa Utengenezaji wa Chakavu cha Plastiki wa hali ya juu nchini Nigeria\" width=\"500\" height=\"281\" src=\"https:\/\/www.youtube.com\/embed\/zTQX3SMuR1o?feature=oembed\" frameborder=\"0\" allow=\"accelerometer; autoplay; clipboard-write; encrypted-media; gyroscope; picture-in-picture; web-share\" referrerpolicy=\"strict-origin-when-cross-origin\" allowfullscreen><\/iframe><\/div> <h2>Mashine ya kusafisha ya PP LDPE HDPE inauzwa<\/h2> <p><span style=\"font-size: 16px;\">Tangi ya kuosha plastiki ya taka ni pamoja na aina mbili za fomu, moja ni bidhaa iliyokamilishwa na sahani ya pua au ya chuma, nyingine imejengwa na wewe mwenyewe. Kwa sababu saizi ya kifaa kawaida ni kubwa, si rahisi kusafirisha kwa meli. Kwa hiyo, tunashauri kuchagua moja ya kujitegemea, hasa kwa tank kubwa ya suuza. Ikiwa una maswali yoyote kuhusu kujenga tank ya kuosha, unaweza kushauriana na mfanyakazi wetu mwenye ujuzi.<\/span><\/p> <div id='gallery-1' class='gallery galleryid-4528 gallery-columns-2 gallery-size-full'><figure class='gallery-item'> \t\t\t<div class='gallery-icon landscape'> \t\t\t\t<img fetchpriority=\"high\" decoding=\"async\" width=\"720\" height=\"540\" src=\"https:\/\/recyclingequipinc.com\/wp-content\/uploads\/2021\/09\/plastic-washing-tank-2.webp\" class=\"attachment-full size-full\" alt=\"tank ya kuosha plastiki\" aria-describedby=\"gallery-1-16836\" srcset=\"https:\/\/recyclingequipinc.com\/wp-content\/uploads\/2021\/09\/plastic-washing-tank-2.webp 720w, https:\/\/recyclingequipinc.com\/wp-content\/uploads\/2021\/09\/plastic-washing-tank-2-300x225.webp 300w, https:\/\/recyclingequipinc.com\/wp-content\/uploads\/2021\/09\/plastic-washing-tank-2-16x12.webp 16w\" sizes=\"(max-width: 720px) 100vw, 720px\" \/> \t\t\t<\/div> \t\t\t\t<figcaption class='wp-caption-text gallery-caption' id='gallery-1-16836'> \t\t\t\ttank ya kuosha plastiki \t\t\t\t<\/figcaption><\/figure><figure class='gallery-item'> \t\t\t<div class='gallery-icon landscape'> \t\t\t\t<img decoding=\"async\" width=\"720\" height=\"540\" src=\"https:\/\/recyclingequipinc.com\/wp-content\/uploads\/2021\/09\/plastic-washing-tank.webp\" class=\"attachment-full size-full\" alt=\"tank ya kuogea ya plastiki\" aria-describedby=\"gallery-1-16835\" srcset=\"https:\/\/recyclingequipinc.com\/wp-content\/uploads\/2021\/09\/plastic-washing-tank.webp 720w, https:\/\/recyclingequipinc.com\/wp-content\/uploads\/2021\/09\/plastic-washing-tank-300x225.webp 300w, https:\/\/recyclingequipinc.com\/wp-content\/uploads\/2021\/09\/plastic-washing-tank-16x12.webp 16w\" sizes=\"(max-width: 720px) 100vw, 720px\" \/> \t\t\t<\/div> \t\t\t\t<figcaption class='wp-caption-text gallery-caption' id='gallery-1-16835'> \t\t\t\ttank ya kuogea ya plastiki \t\t\t\t<\/figcaption><\/figure> \t\t<\/div>  <h2>Matumizi ya mashine ya kuosha plastiki<\/h2> <ul> <li>Tangi ya kuogea hutumiwa katika <a href=\"https:\/\/recyclingequipinc.com\/sw\/bidhaa\/plastic-film-recycling-machine\/\"><strong>mstari wa kuchakata filamu ya plastiki<\/strong><\/a> na <a href=\"https:\/\/recyclingequipinc.com\/sw\/bidhaa\/pet-bottle-recycling-machine\/\"><strong>PET plastiki kusindika uzalishaji line<\/strong><\/a> kusafisha karatasi za plastiki. Baada ya chips chafu za plastiki zinazoingia kwenye vifaa, sahani za meno zinazochochea zitalazimisha flakes za plastiki kutoka upande mmoja hadi upande mwingine, kuosha nyenzo za plastiki, tena na tena, na kufanya plastiki chafu kuwa safi.<\/li> <li>Katika mchakato wa flakes ya pet iliyoosha moto, sabuni itaongezwa ili kusafisha flakes za plastiki. Kwa hivyo povu fulani ya kusafisha itabaki kwenye flakes za pet. Hata hivyo, kwa msaada wa mashine ya kuosha ya pet flakes, povu ya kusafisha katika flakes ya plastiki itaoshwa.<\/li> <\/ul> <p>&nbsp;<\/p> <h2>Muundo wa tank ya kuogea ya plastiki<\/h2> <p class=\"translation-block\">Tv\u00e4tttanken \u00e4r gjord av <a href=\"https:\/\/en.wikipedia.org\/wiki\/Stainless_steel\" target=\"_blank\" rel=\"noopener\">rostfritt st\u00e5l<\/a> eller j\u00e4rnpl\u00e5t. Vanligtvis \u00e4r l\u00e4ngden p\u00e5 utrustningen cirka 15-20 meter. Avst\u00e5ndet mellan tv\u00e5 r\u00f6rliga tandade plattor eller hjul \u00e4r 1,5-2 meter. Du kan v\u00e4lja enligt dina behov. Om du inte vet vilken storlek som \u00e4r l\u00e4mplig f\u00f6r dig kan du kontakta oss f\u00f6r att f\u00e5 mer information och vi kommer att svara dig s\u00e5 snart som m\u00f6jligt.<\/p>","protected":false},"excerpt":{"rendered":"<p>Plastic rinsing tank is one of the machines for plastic recycling. After the crushing process, the plastic materials are still [&hellip;]<\/p>\n","protected":false},"featured_media":16818,"template":"","meta":{"site-sidebar-layout":"default","site-content-layout":"default","ast-site-content-layout":"default","site-content-style":"default","site-sidebar-style":"default","ast-global-header-display":"","ast-banner-title-visibility":"","ast-main-header-display":"","ast-hfb-above-header-display":"","ast-hfb-below-header-display":"","ast-hfb-mobile-header-display":"","site-post-title":"","ast-breadcrumbs-content":"","ast-featured-img":"","footer-sml-layout":"","ast-disable-related-posts":"","theme-transparent-header-meta":"default","adv-header-id-meta":"","stick-header-meta":"default","header-above-stick-meta":"","header-main-stick-meta":"","header-below-stick-meta":"","astra-migrate-meta-layouts":"set","ast-page-background-enabled":"default","ast-page-background-meta":{"desktop":{"background-color":"","background-image":"","background-repeat":"repeat","background-position":"center center","background-size":"auto","background-attachment":"scroll","background-type":"","background-media":"","overlay-type":"","overlay-color":"","overlay-opacity":"","overlay-gradient":""},"tablet":{"background-color":"","background-image":"","background-repeat":"repeat","background-position":"center center","background-size":"auto","background-attachment":"scroll","background-type":"","background-media":"","overlay-type":"","overlay-color":"","overlay-opacity":"","overlay-gradient":""},"mobile":{"background-color":"","background-image":"","background-repeat":"repeat","background-position":"center center","background-size":"auto","background-attachment":"scroll","background-type":"","background-media":"","overlay-type":"","overlay-color":"","overlay-opacity":"","overlay-gradient":""}},"ast-content-background-meta":{"desktop":{"background-color":"var(--ast-global-color-5)","background-image":"","background-repeat":"repeat","background-position":"center center","background-size":"auto","background-attachment":"scroll","background-type":"","background-media":"","overlay-type":"","overlay-color":"","overlay-opacity":"","overlay-gradient":""},"tablet":{"background-color":"var(--ast-global-color-5)","background-image":"","background-repeat":"repeat","background-position":"center center","background-size":"auto","background-attachment":"scroll","background-type":"","background-media":"","overlay-type":"","overlay-color":"","overlay-opacity":"","overlay-gradient":""},"mobile":{"background-color":"var(--ast-global-color-5)","background-image":"","background-repeat":"repeat","background-position":"center center","background-size":"auto","background-attachment":"scroll","background-type":"","background-media":"","overlay-type":"","overlay-color":"","overlay-opacity":"","overlay-gradient":""}}},"product_brand":[],"product_cat":[36],"product_tag":[95],"class_list":{"0":"post-4528","1":"product","2":"type-product","3":"status-publish","4":"has-post-thumbnail","6":"product_cat-plastic-recycling-machine","7":"product_tag-washing","8":"desktop-align-center","9":"tablet-align-center","10":"mobile-align-center","12":"first","13":"instock","14":"shipping-taxable","15":"product-type-simple"},"_links":{"self":[{"href":"https:\/\/recyclingequipinc.com\/sw\/wp-json\/wp\/v2\/product\/4528","targetHints":{"allow":["GET"]}}],"collection":[{"href":"https:\/\/recyclingequipinc.com\/sw\/wp-json\/wp\/v2\/product"}],"about":[{"href":"https:\/\/recyclingequipinc.com\/sw\/wp-json\/wp\/v2\/types\/product"}],"version-history":[{"count":0,"href":"https:\/\/recyclingequipinc.com\/sw\/wp-json\/wp\/v2\/product\/4528\/revisions"}],"wp:featuredmedia":[{"embeddable":true,"href":"https:\/\/recyclingequipinc.com\/sw\/wp-json\/wp\/v2\/media\/16818"}],"wp:attachment":[{"href":"https:\/\/recyclingequipinc.com\/sw\/wp-json\/wp\/v2\/media?parent=4528"}],"wp:term":[{"taxonomy":"product_brand","embeddable":true,"href":"https:\/\/recyclingequipinc.com\/sw\/wp-json\/wp\/v2\/product_brand?post=4528"},{"taxonomy":"product_cat","embeddable":true,"href":"https:\/\/recyclingequipinc.com\/sw\/wp-json\/wp\/v2\/product_cat?post=4528"},{"taxonomy":"product_tag","embeddable":true,"href":"https:\/\/recyclingequipinc.com\/sw\/wp-json\/wp\/v2\/product_tag?post=4528"}],"curies":[{"name":"wp","href":"https:\/\/api.w.org\/{rel}","templated":true}]}}