{"id":4411,"date":"2021-09-13T10:12:43","date_gmt":"2021-09-13T10:12:43","guid":{"rendered":"https:\/\/recyclingequipinc.com\/?post_type=product&#038;p=4411"},"modified":"2025-11-10T16:05:50","modified_gmt":"2025-11-10T08:05:50","slug":"egg-tray-pulping-machine","status":"publish","type":"product","link":"https:\/\/recyclingequipinc.com\/sw\/product\/egg-tray-pulping-machine\/","title":{"rendered":"Mashine ya Kusukuma Sinia ya Mayai"},"content":{"rendered":"<p>Mashine ya kusaga trei ya yai inaweza kugeuza nyenzo mbalimbali za karatasi taka kuwa massa, ambayo inaweza kuleta faida nyingi kwa wawekezaji. Pia ni vifaa muhimu vya kutengeneza trei za mayai. Mbali na kutengeneza trei mbalimbali za mayai, majimaji haya yanaweza pia kufanywa kuwa trei za tufaha, trei za kikombe, trei za viatu, trei za matibabu, n.k. Kwa kuzingatia jukumu la rojo, kila mstari kamili wa uzalishaji unahitaji mashine ya kusaga yenye ubora wa juu ili kuhakikisha ubora. ya bidhaa iliyokamilishwa. Zhengzhou Shuliy Machinery Co., Ltd. hutoa mashine mbalimbali za kusaga trei ya yai kuchagua. Kwa uzoefu tajiri na timu ya kitaalamu ya kiufundi, mashine zetu ni za kuaminika katika ubora na imara katika utendaji. Ikiwa una mahitaji yoyote, karibu kuwasiliana nasi kwa maelezo zaidi.<\/p> <figure id=\"attachment_4523\" aria-describedby=\"caption-attachment-4523\" style=\"width: 750px\" class=\"wp-caption aligncenter\"><img fetchpriority=\"high\" decoding=\"async\" class=\"wp-image-4523 size-full\" src=\"https:\/\/recyclingequipinc.com\/wp-content\/uploads\/2021\/09\/pulp.jpg\" alt=\"Mashine ya Kusukuma Sinia ya Mayai\" width=\"750\" height=\"710\" srcset=\"https:\/\/recyclingequipinc.com\/wp-content\/uploads\/2021\/09\/pulp.jpg 750w, https:\/\/recyclingequipinc.com\/wp-content\/uploads\/2021\/09\/pulp-300x284.jpg 300w, https:\/\/recyclingequipinc.com\/wp-content\/uploads\/2021\/09\/pulp-600x568.jpg 600w\" sizes=\"(max-width: 750px) 100vw, 750px\" \/><figcaption id=\"caption-attachment-4523\" class=\"wp-caption-text\">Mashine ya Kusukuma Sinia ya Mayai<\/figcaption><\/figure> <h2><strong><b>Kusukuma kwa Trey ya Yai ni nini <\/b><\/strong><strong><b>mfumo?<\/b><\/strong><\/h2> <p>Mfumo wa kusukuma trei ya yai ni hatua muhimu sana katika utengenezaji wa trei za mayai. Kazi yake ni kutengeneza taka mbalimbali kama vile kadibodi, masanduku ya karatasi taka, vitabu vya taka, na magazeti taka kuwa massa. Mchakato mzima wa operesheni ni rahisi sana. Weka malighafi ya trei ya yai kwenye pulper ya majimaji. Kisha kuna kipigo cha majimaji ambacho kinaweza kutumika kung'arisha majimaji ili kufanya ute ufanane na ulaini zaidi. Mbali na pulper ya majimaji, tunahitaji vifaa vingine vya kusaidia katika mchakato wa kupiga. Kama vile tanki iliyochochewa, pampu ya majimaji, na kadhalika. Kama muuzaji mtaalamu wa mashine ya kusaga trei ya mayai, mashine zetu si za ubora wa juu tu bali pia za aina mbalimbali. Kwa kuongeza, tunaweza pia kutoa huduma maalum kulingana na mahitaji maalum ya wateja. Jisikie huru kuwasiliana nasi kwa maelezo zaidi.<\/p> <h2><strong><b>Mchakato wa Kufanya kazi wa Massa ya Tray ya Yai<\/b><\/strong><strong><b>kwa M<\/b><\/strong><strong><b>aking Machine<\/b><\/strong><\/h2> <ol> <li>Mimina kila aina ya vifaa vya karatasi taka na maji kwenye pulper ya majimaji kwa uwiano unaofaa. Kisha mchakato wa kusagwa na kupasua huanza ndani ya ngoma iliyojaa maji.<\/li> <li>Weka majimaji kwenye tanki la kukoroga na\u00a0uichague zaidi kupitia homogenizer. Kwa kufanya hivi,\u00a0massa yanaweza kuwa sare na laini zaidi.<\/li> <li>Wakati wa mchakato wa kuchanganya, wafanyakazi wanaweza kuongeza wakala fulani wa viscosity, ambayo inaweza kufanya massa sura bora. Kwa kuongeza, wafanyakazi wanaweza pia kuongeza rangi mbalimbali ili kupata rangi tofauti za massa.<\/li> <li>Baada ya mashine kukoroga majimaji kwa uthabiti unaohitajika, safirisha majimaji hayo hadi kwenye tanki la usambazaji kwa matumizi katika mchakato unaofuata.<\/li> <\/ol> <h2><strong><b>Kuu <\/b><\/strong><strong><b>Sehemu za Mfumo wa Kusukuma Sinia ya Yai<\/b><\/strong><\/h2> <p class=\"translation-block\"><strong><b>Hydraulic pulper<\/b><\/strong>\uff1a Det anv\u00e4nds f\u00f6r att blanda alla slags avfallspapper, avfallsb\u00f6cker, avfallet tidningar och andra r\u00e5varor f\u00f6r att g\u00f6ra \u00e4ggbrickor till en slemliknande v\u00e4tska.<\/p> <p class=\"translation-block\"><strong><b>Pulp pond beater<\/b><\/strong>: Genom kras, urval och annan metod kan den bryta upp massan och g\u00f6ra massan mer enhetlig.<\/p> <p class=\"translation-block\"><strong><b>Pulp Pump<\/b><\/strong>\uff1a Funktionen \u00e4r att transportera massan till masslagringsdammen och renmassdammen.<\/p> <p class=\"translation-block\"><strong><b>Water Pump: <\/b><\/strong>Det anv\u00e4nds f\u00f6r att transportera vattnet i poolen till den hydrauliska pulparen, och det anv\u00e4nds ocks\u00e5 f\u00f6r att \u00e5tervinna avloppsvattnet som genereras i pulp processen.<\/p> <p class=\"translation-block\"><strong><b>Water Pool: <\/b><\/strong>Lagring av det vatten som beh\u00f6vs f\u00f6r pulping och avloppsvatten som genereras under pulpingprocessen.<\/p> <p class=\"translation-block\"><strong><b>Pulp Storage Pool: <\/b><\/strong>Lagra massan som har r\u00f6rts om, separerats och krossats f\u00f6r anv\u00e4ndning i n\u00e4sta process.<\/p> <p class=\"translation-block\"><strong><b>Refined Pulp Pool: <\/b><\/strong>R\u00f6r om den hackade massan \u00e4nnu j\u00e4mnare genom omr\u00f6rning, separation och andra metoder.<\/p> <figure id=\"attachment_4525\" aria-describedby=\"caption-attachment-4525\" style=\"width: 750px\" class=\"wp-caption aligncenter\"><img decoding=\"async\" class=\"wp-image-4525 size-full\" src=\"https:\/\/recyclingequipinc.com\/wp-content\/uploads\/2021\/09\/pulping-progress.jpg\" alt=\"mchakato wa kuchakata karatasi za takataka\" width=\"750\" height=\"522\" srcset=\"https:\/\/recyclingequipinc.com\/wp-content\/uploads\/2021\/09\/pulping-progress.jpg 750w, https:\/\/recyclingequipinc.com\/wp-content\/uploads\/2021\/09\/pulping-progress-300x209.jpg 300w, https:\/\/recyclingequipinc.com\/wp-content\/uploads\/2021\/09\/pulping-progress-600x418.jpg 600w\" sizes=\"(max-width: 750px) 100vw, 750px\" \/><figcaption id=\"caption-attachment-4525\" class=\"wp-caption-text\">mchakato wa kuchakata karatasi za takataka<\/figcaption><\/figure> <h2><strong><b>Faida za <\/b><\/strong><strong><b>Mboga wa Tray ya Yai<\/b><\/strong><strong><b>Mfumo wa ing <\/b><\/strong><\/h2> <ol> <li>Okoa gharama. Malighafi kuu ya kutengeneza massa ya karatasi ni karatasi taka, ambayo ni tajiri kwa chanzo na bei ya chini, na ni mali ya ukuzaji na utumiaji wa taka.<\/li> <li>Uendeshaji rahisi. Mashine inachukua mfumo wa udhibiti wa hali ya juu. Wafanyakazi wanahitaji tu kuweka karatasi taka katika pulper hydraulic. Hii inafanya operesheni rahisi na salama. Mfanyakazi mmoja anaweza kukamilisha mchakato mzima.<\/li> <li>Kiwango cha juu cha automatisering. Mchakato mzima wa operesheni unadhibitiwa na mashine. Hii sio tu inapunguza sana kiwango cha kazi, lakini pia inaboresha ufanisi wa kazi na usahihi, ili ubora wa bidhaa za massa uimarishwe sawasawa.<\/li> <li>Alama ndogo. Tunatumia mizinga ya chuma badala ya mabwawa ya majimaji. Hakuna haja ya kujenga bwawa la majimaji tofauti. Kwa hiyo mfumo mzima unachukua eneo ndogo na huhifadhi nafasi zaidi.<\/li> <\/ol> <h2><strong><b>Mambo <\/b><\/strong><strong><b>A<\/b><\/strong><strong><b>kuathiri <\/b><\/strong><strong><b>P<\/b><\/strong><strong><b>mchele wa Mashine ya Kusukuma Sinia ya Mayai<\/b><\/strong><\/h2> <ol> <li>Ubora wa mashine.<\/li> <li>Gharama ya mashine.<\/li> <li>Gharama ya usafirishaji<\/li> <li>Kiwango cha otomatiki.<\/li> <li>Chapa.<\/li> <li>Nyenzo ya mashine.<\/li> <\/ol> <h2><strong><b>huduma zetu<\/b><\/strong><\/h2> <ol> <li>Tunatoa huduma za ushauri wa kina. Unaweza kuwasiliana nasi ikiwa unakabiliwa na matatizo yoyote wakati wa kununua mashine, na tutajibu haraka iwezekanavyo.<\/li> <li>Tunatoa mwongozo wa usakinishaji bila malipo, uagizaji na huduma za uzalishaji wa majaribio. Hakikisha kuwa mashine inaweza kukidhi mahitaji ya uzalishaji ndani ya muda uliopangwa.<\/li> <li>Tunatoa mafunzo ya kiufundi bila malipo, ikiwa ni pamoja na ufungaji wa vifaa, uendeshaji, tahadhari na matengenezo. Wakati huo huo, video na maagizo ya uendeshaji yatatumwa kwa wateja, ili kuwasaidia kutumia mashine vizuri zaidi.<\/li> <li>Huduma kamili baada ya mauzo. Bidhaa zote zinazonunuliwa katika kampuni yetu zimehakikishiwa kuweka katika ukarabati mzuri kwa mwaka mmoja. Ikiwa shida za ubora zitatokea katika kipindi cha dhamana, kampuni yetu itadumisha bila malipo.<\/li> <\/ol> <figure id=\"attachment_4521\" aria-describedby=\"caption-attachment-4521\" style=\"width: 734px\" class=\"wp-caption aligncenter\"><img decoding=\"async\" class=\"wp-image-4521 size-full\" src=\"https:\/\/recyclingequipinc.com\/wp-content\/uploads\/2021\/09\/customer-photo.jpg\" alt=\"picha ya mteja wa Mashine ya Shuliy\" width=\"734\" height=\"603\" srcset=\"https:\/\/recyclingequipinc.com\/wp-content\/uploads\/2021\/09\/customer-photo.jpg 734w, https:\/\/recyclingequipinc.com\/wp-content\/uploads\/2021\/09\/customer-photo-300x246.jpg 300w, https:\/\/recyclingequipinc.com\/wp-content\/uploads\/2021\/09\/customer-photo-600x493.jpg 600w\" sizes=\"(max-width: 734px) 100vw, 734px\" \/><figcaption id=\"caption-attachment-4521\" class=\"wp-caption-text\">picha ya mteja wa Mashine ya Shuliy<\/figcaption><\/figure> <h2><strong><b>Hitimisho<\/b><\/strong><\/h2> <p>Uwekezaji katika biashara ya mashine ya kusaga trei ya mayai una faida kubwa. Kwa upande mmoja, ina soko kubwa na mahitaji makubwa. Unaweza kuuza kwa urahisi kila aina ya trei zilizotengenezwa kwa massa. Kwa kuongeza, gharama ya uzalishaji ni ya chini. Malighafi ya kutengeneza massa ni karatasi taka tofauti, na bei ni ya chini. Sisi ni wasambazaji wataalamu wa mashine ya kusaga trei ya mayai na tunaweza kuwapa wateja masuluhisho ya kuridhisha. Na tuna kiwanda chetu, kwa hivyo bei zetu ni nzuri. Ikiwa una mahitaji yoyote, tafadhali wasiliana nasi haraka iwezekanavyo.<\/p>","protected":false},"excerpt":{"rendered":"<p>Mashine ya kusaga trei ya yai inaweza kugeuza nyenzo mbalimbali za karatasi taka kuwa massa, ambayo inaweza kuleta faida nyingi kwa wawekezaji. Pia ni vifaa muhimu vya kutengeneza trei za mayai. Mbali na kutengeneza trei mbalimbali za mayai, majimaji haya yanaweza pia kufanywa kuwa trei za tufaha, trei za kikombe, trei za viatu, trei za matibabu, n.k. Kwa kuzingatia jukumu la rojo, kila mstari kamili wa uzalishaji unahitaji mashine ya kusaga yenye ubora wa juu ili kuhakikisha ubora. ya bidhaa iliyokamilishwa.<\/p>","protected":false},"featured_media":4484,"template":"","meta":{"site-sidebar-layout":"default","site-content-layout":"default","ast-site-content-layout":"default","site-content-style":"default","site-sidebar-style":"default","ast-global-header-display":"","ast-banner-title-visibility":"","ast-main-header-display":"","ast-hfb-above-header-display":"","ast-hfb-below-header-display":"","ast-hfb-mobile-header-display":"","site-post-title":"","ast-breadcrumbs-content":"","ast-featured-img":"","footer-sml-layout":"","ast-disable-related-posts":"","theme-transparent-header-meta":"default","adv-header-id-meta":"","stick-header-meta":"default","header-above-stick-meta":"","header-main-stick-meta":"","header-below-stick-meta":"","astra-migrate-meta-layouts":"set","ast-page-background-enabled":"default","ast-page-background-meta":{"desktop":{"background-color":"","background-image":"","background-repeat":"repeat","background-position":"center center","background-size":"auto","background-attachment":"scroll","background-type":"","background-media":"","overlay-type":"","overlay-color":"","overlay-opacity":"","overlay-gradient":""},"tablet":{"background-color":"","background-image":"","background-repeat":"repeat","background-position":"center center","background-size":"auto","background-attachment":"scroll","background-type":"","background-media":"","overlay-type":"","overlay-color":"","overlay-opacity":"","overlay-gradient":""},"mobile":{"background-color":"","background-image":"","background-repeat":"repeat","background-position":"center center","background-size":"auto","background-attachment":"scroll","background-type":"","background-media":"","overlay-type":"","overlay-color":"","overlay-opacity":"","overlay-gradient":""}},"ast-content-background-meta":{"desktop":{"background-color":"var(--ast-global-color-5)","background-image":"","background-repeat":"repeat","background-position":"center center","background-size":"auto","background-attachment":"scroll","background-type":"","background-media":"","overlay-type":"","overlay-color":"","overlay-opacity":"","overlay-gradient":""},"tablet":{"background-color":"var(--ast-global-color-5)","background-image":"","background-repeat":"repeat","background-position":"center center","background-size":"auto","background-attachment":"scroll","background-type":"","background-media":"","overlay-type":"","overlay-color":"","overlay-opacity":"","overlay-gradient":""},"mobile":{"background-color":"var(--ast-global-color-5)","background-image":"","background-repeat":"repeat","background-position":"center center","background-size":"auto","background-attachment":"scroll","background-type":"","background-media":"","overlay-type":"","overlay-color":"","overlay-opacity":"","overlay-gradient":""}}},"product_brand":[],"product_cat":[35],"product_tag":[],"class_list":{"0":"post-4411","1":"product","2":"type-product","3":"status-publish","4":"has-post-thumbnail","6":"product_cat-egg-tray-machine","7":"desktop-align-center","8":"tablet-align-center","9":"mobile-align-center","11":"first","12":"instock","13":"shipping-taxable","14":"product-type-simple"},"_links":{"self":[{"href":"https:\/\/recyclingequipinc.com\/sw\/wp-json\/wp\/v2\/product\/4411","targetHints":{"allow":["GET"]}}],"collection":[{"href":"https:\/\/recyclingequipinc.com\/sw\/wp-json\/wp\/v2\/product"}],"about":[{"href":"https:\/\/recyclingequipinc.com\/sw\/wp-json\/wp\/v2\/types\/product"}],"version-history":[{"count":0,"href":"https:\/\/recyclingequipinc.com\/sw\/wp-json\/wp\/v2\/product\/4411\/revisions"}],"wp:featuredmedia":[{"embeddable":true,"href":"https:\/\/recyclingequipinc.com\/sw\/wp-json\/wp\/v2\/media\/4484"}],"wp:attachment":[{"href":"https:\/\/recyclingequipinc.com\/sw\/wp-json\/wp\/v2\/media?parent=4411"}],"wp:term":[{"taxonomy":"product_brand","embeddable":true,"href":"https:\/\/recyclingequipinc.com\/sw\/wp-json\/wp\/v2\/product_brand?post=4411"},{"taxonomy":"product_cat","embeddable":true,"href":"https:\/\/recyclingequipinc.com\/sw\/wp-json\/wp\/v2\/product_cat?post=4411"},{"taxonomy":"product_tag","embeddable":true,"href":"https:\/\/recyclingequipinc.com\/sw\/wp-json\/wp\/v2\/product_tag?post=4411"}],"curies":[{"name":"wp","href":"https:\/\/api.w.org\/{rel}","templated":true}]}}