{"id":4406,"date":"2021-09-13T10:08:23","date_gmt":"2021-09-13T10:08:23","guid":{"rendered":"https:\/\/recyclingequipinc.com\/?post_type=product&#038;p=4406"},"modified":"2022-02-08T01:57:23","modified_gmt":"2022-02-08T01:57:23","slug":"egg-carton-making-machine","status":"publish","type":"product","link":"https:\/\/recyclingequipinc.com\/sw\/product\/egg-carton-making-machine\/","title":{"rendered":"Mashine ya Kutengeneza Katoni\u00a0ya Yai"},"content":{"rendered":"<p class=\"translation-block\">Mashine ya kutengeneza makreti ya mayai imeundwa na kutengenezwa kwa ajili ya kuzalisha makreti mbalimbali ya mayai yaliyotengenezwa kwa mchuzi kwa usafirishaji wa mayai kwa umbali mrefu. Inaweza kuchakata tena kila aina ya makreti ya karatasi yaliyotumika, magazeti yaliyotumika, na vitabu vilivyotumika na kutengeneza vifaa hivi kuwa makreti ya mayai ya mitindo mbalimbali. Kwa kuongezeka kwa ufahamu wa ulinzi wa mazingira, watu wanapendelea zaidi kuchagua mashine ambazo ni rafiki kwa mazingira. Na malighafi kuu ya mashine ya kutengeneza makreti ya mayai ni karatasi iliyotumika, ambayo inalingana na dhana ya ulinzi wa mazingira ya watu. Zaidi ya hayo, mashine ya makreti ya mayai ina matumizi mbalimbali. Isipokuwa kwa kutengeneza kila aina ya makreti ya mayai, inaweza pia kutengeneza <a href=\"https:\/\/recyclingequipinc.com\/sw\/bidhaa\/apple-tray-making-machine\/\">makreti ya tufaha<\/a> mbalimbali, makreti ya divai, makreti ya kikombe, makreti ya matibabu, makreti ya kahawa, makreti ya miche.<\/p> <p>Zaidi ya hayo, mashine yetu pia ina utendaji thabiti na ufanisi wa juu wa kufanya kazi, ambayo inaweza kukuletea faida nyingi. Karibu uwasiliane nasi kwa maelezo zaidi.<\/p> <figure id=\"attachment_4514\" aria-describedby=\"caption-attachment-4514\" style=\"width: 600px\" class=\"wp-caption aligncenter\"><img fetchpriority=\"high\" decoding=\"async\" class=\"wp-image-4514 size-full\" src=\"https:\/\/recyclingequipinc.com\/wp-content\/uploads\/2021\/09\/egg-carton-maker.jpg\" alt=\"mtengenezaji wa katoni ya mayai\" width=\"600\" height=\"397\" srcset=\"https:\/\/recyclingequipinc.com\/wp-content\/uploads\/2021\/09\/egg-carton-maker.jpg 600w, https:\/\/recyclingequipinc.com\/wp-content\/uploads\/2021\/09\/egg-carton-maker-300x199.jpg 300w\" sizes=\"(max-width: 600px) 100vw, 600px\" \/><figcaption id=\"caption-attachment-4514\" class=\"wp-caption-text\">mtengenezaji wa katoni ya mayai<\/figcaption><\/figure> <h2><strong><b>Tofauti\u00a0<\/b><\/strong><strong><b>Yai <\/b><\/strong><strong><b>Mashine ya kutengeneza katoni <\/b><\/strong><strong><b>kwa <\/b><\/strong><strong><b>S<\/b><\/strong><strong><b>ale<\/b><\/strong><strong><b>\u00a0<\/b><\/strong><\/h2> <p>Kama muuzaji mtaalamu wa mashine ya kreti ya mayai, kuna aina tofauti za mashine za kutengeneza kreti za mayai zinazopatikana. Kwa mfano, kulingana na matokeo ya mashine, tuna mashine kubwa za kreti ya yai na mashine ndogo za kreti ya yai za kuchagua. Mashine ndogo inafaa kwa biashara ndogo ndogo au nyumba. Wakati mashine kubwa inafaa kwa uzalishaji wa kiasi kikubwa na ina faida ya ufanisi wa juu na pato kubwa. Kwa kuongezea, kulingana na kiwango cha uwekaji kiotomatiki, tuna mashine za kreti ya yai ya nusu-otomatiki na mashine za kreti ya yai moja kwa moja. Sehemu yao kuu ni moja kwa moja, lakini mfumo wa kukausha ni tofauti. Mfumo wa moja kwa moja hutumia kukausha chuma, ambayo inaweza kukamilisha mchakato wa kukausha moja kwa moja, na hivyo kuokoa muda mwingi na gharama za kazi. Mfumo wa kukausha nusu-otomatiki ni pamoja na kukausha kwa tanuru ya matofali na kukausha kwa toroli. Faida zake ni gharama ya chini. Unaweza kuchagua kulingana na mahitaji yako maalum.<\/p> <figure id=\"attachment_4518\" aria-describedby=\"caption-attachment-4518\" style=\"width: 750px\" class=\"wp-caption aligncenter\"><img decoding=\"async\" class=\"wp-image-4518 size-full\" src=\"https:\/\/recyclingequipinc.com\/wp-content\/uploads\/2021\/09\/egg-box-machine.jpg\" alt=\"mashine ya sanduku la mayai\" width=\"750\" height=\"750\" srcset=\"https:\/\/recyclingequipinc.com\/wp-content\/uploads\/2021\/09\/egg-box-machine.jpg 750w, https:\/\/recyclingequipinc.com\/wp-content\/uploads\/2021\/09\/egg-box-machine-100x100.jpg 100w, https:\/\/recyclingequipinc.com\/wp-content\/uploads\/2021\/09\/egg-box-machine-300x300.jpg 300w, https:\/\/recyclingequipinc.com\/wp-content\/uploads\/2021\/09\/egg-box-machine-150x150.jpg 150w, https:\/\/recyclingequipinc.com\/wp-content\/uploads\/2021\/09\/egg-box-machine-600x600.jpg 600w\" sizes=\"(max-width: 750px) 100vw, 750px\" \/><figcaption id=\"caption-attachment-4518\" class=\"wp-caption-text\">mashine ya sanduku la mayai<\/figcaption><\/figure> <h2><strong><b>Vipengele kuu vya <\/b><\/strong><strong><b>E<\/b><\/strong><strong><b>gg <\/b><\/strong><strong><b>C<\/b><\/strong><strong><b>kiwango<\/b><\/strong><strong><b>\u00a0Kutengeneza<\/b><\/strong><strong><b>\u00a0<\/b><\/strong><strong><b>M<\/b><\/strong><strong><b>achine<\/b><\/strong><\/h2> <p>Mashine kamili ya kutengenezea kisanduku cha mayai hujumuisha sehemu za kusukuma, sehemu za kutengeneza, sehemu za utupu, na sehemu za kukandamiza moto.<\/p> <p class=\"translation-block\"><strong><b>Pulpning<\/b><\/strong><strong><b>:<\/b><\/strong> Denna del inneh\u00e5ller en hydraulisk pulper, transportr\u00f6r, pulpdammsugare, etc. Genom denna process kan olika typer av avfallspapper g\u00f6ras till pulp.<\/p> <p class=\"translation-block\"><strong><b>Formande delar<\/b><\/strong><strong><b>: <\/b><\/strong>Denna del best\u00e5r huvudsakligen av en formningsmaskin och formande formar, som kan omvandla papperspulp till olika typer av \u00e4ggl\u00e5dor enligt specifika behov.<\/p> <p class=\"translation-block\"><strong><b>Vakuumdelar<\/b><\/strong><strong><b>: <\/b><\/strong>Denna del \u00e4r konstruerad av en vakuumpump, vakuumbeh\u00e5llare med subnormalt tryck, etc. Vakuumsystemet kan suga upp pulpen p\u00e5 formen av formningsmaskinen och absorbera \u00f6verfl\u00f6digt vatten i vatten\u00e5nga separeringstanken.<\/p> <p class=\"translation-block\"><strong><b>Varmpressning <\/b><\/strong><strong><b>och packningsdelar<\/b><\/strong><strong><b>:<\/b><\/strong><\/p> <p>Ili kuokoa nafasi ya kufunga na kufanya uso wa katoni ya yai kuwa laini, mteja anaweza kuchagua kubonyeza kwa moto katoni ya yai. Njia hii inaweza kuwezesha usafirishaji wa katoni za mayai.<\/p> <h2><strong><b>Kufanya kazi <\/b><\/strong><strong><b>P<\/b><\/strong><strong><b>mchakato wa\u00a0 Hii<\/b><\/strong><strong><b>\u00a0<\/b><\/strong><strong><b>M<\/b><\/strong><strong><b>achine<\/b><\/strong><\/h2> <p>Mchakato wa utengenezaji wa sanduku la yai hujumuisha sehemu nne: kusukuma, kutengeneza, kukausha, na kushinikiza moto.<\/p> <ol> <li><b><\/b><strong><b>Massa<\/b><\/strong><strong><b>ing<\/b><\/strong><\/li> <\/ol> <p>Weka malighafi kama vile karatasi taka mbalimbali, vitabu vya taka, na masanduku ya taka kwenye pulper ya maji. Kisha kuongeza kiasi sahihi cha maji na kuchochea kwa muda mrefu. Kwa njia hii, uthabiti fulani wa massa unaweza kupatikana. Kisha tope hata karatasi huhifadhiwa kwenye bwawa la usambazaji wa majimaji kwa hali ya kusubiri.<\/p> <ol start=\"2\"> <li><strong><b> Kuunda<\/b><\/strong><\/li> <\/ol> <p>Mashine ya kutengeneza massa inatumika kufanya kazi hii. Inaweza kunyonya majimaji yaliyotayarishwa kwenye ukungu wa kutengeneza, na hivyo kufanya massa kuwa katoni kamili ya yai.<\/p> <ol start=\"3\"> <li><strong><b> Kukausha <\/b><\/strong><\/li> <\/ol> <p>Kuna njia nne za kukausha. Unaweza kuchagua kukausha asili, kukausha kwa matofali, kukausha kwa toroli, na kukausha kwa chuma.<\/p> <ul> <li>Ukaushaji wa asili: Katoni ya yai hukaushwa moja kwa moja na jua na upepo wa asili.<\/li> <li>Ukaushaji wa matofali: Tunapojenga vichuguu vya tanuru za matofali, tunaweza kuchagua gesi asilia, dizeli, makaa ya mawe na nishati nyinginezo.<\/li> <\/ul> <p>(3) Ukaushaji wa toroli:\u00a0Sungisha trei za mayai zilizoundwa hadi sehemu moja na toroli ili zikaushwe katikati.<\/p> <p>(4) Ukaushaji wa chuma:\u00a0ni njia ya kukaushia kiotomatiki kabisa.<\/p> <ol start=\"4\"> <li><strong><b> Kubonyeza moto<\/b><\/strong><\/li> <\/ol> <p>Tumia mashine ya kutengenezea vyombo vya habari moto ili kuunda katoni ya yai iliyokaushwa, ambayo inaweza kufanya uso wa katoni ya yai kuwa safi na kuokoa nafasi. Kisha pakia trei za mayai zenye umbo kwa matumizi.<\/p> <figure id=\"attachment_4495\" aria-describedby=\"caption-attachment-4495\" style=\"width: 750px\" class=\"wp-caption aligncenter\"><img decoding=\"async\" class=\"wp-image-4495 size-full\" src=\"https:\/\/recyclingequipinc.com\/wp-content\/uploads\/2021\/09\/technological-process-.jpg\" alt=\"mchakato wa kiteknolojia -\" width=\"750\" height=\"457\" srcset=\"https:\/\/recyclingequipinc.com\/wp-content\/uploads\/2021\/09\/technological-process-.jpg 750w, https:\/\/recyclingequipinc.com\/wp-content\/uploads\/2021\/09\/technological-process--300x183.jpg 300w, https:\/\/recyclingequipinc.com\/wp-content\/uploads\/2021\/09\/technological-process--600x366.jpg 600w\" sizes=\"(max-width: 750px) 100vw, 750px\" \/><figcaption id=\"caption-attachment-4495\" class=\"wp-caption-text\">mchakato wa kiteknolojia<\/figcaption><\/figure> <h2><strong><b>Faida Mbalimbali za Mashine ya Yai Box<\/b><\/strong><\/h2> <ol> <li>Sehemu kuu za mashine za kutengeneza katoni za mayai ni chapa zote zinazojulikana, ambazo zina ufanisi wa hali ya juu, zinaokoa nishati na zinadumu.<\/li> <li>Mifumo ya kukausha ni tofauti, na wateja wanaweza kuchagua mstari wa kukausha unaofaa zaidi kulingana na hali maalum. Aidha, mfumo wa kukausha mafuta unaweza kutumia nishati mbalimbali kama vile gesi asilia, <a href=\"https:\/\/en.wikipedia.org\/wiki\/Coal\" target=\"_blank\" rel=\"noopener\">makaa ya mawe<\/a>, mafuta ya petroli, nk, ambayo inaweza kuchaguliwa kulingana na hali ya ndani ya mteja.<\/li> <li>Mstari huu wa uzalishaji wa mashine ya trei ya yai ni ya kuokoa nishati, rafiki wa mazingira, wa vitendo, na mzuri. Katika mchakato mzima wa uzalishaji, hakuna kutokwa kwa maji machafu.<\/li> <li>Malighafi ya trei za mayai ni magazeti, majarida, vitabu, katoni n.k Kwa hiyo, malighafi ni nyingi na bei ni ndogo na hivyo inaweza kupunguza gharama kwa wateja na kuboresha ufanisi.<\/li> <\/ol> <h2><strong><b>Matengenezo ya Mashine ya Kutengeneza Sanduku la Yai<\/b><\/strong><\/h2> <ol> <li>Wakati wa matumizi ya vifaa, angalia kila wakati ikiwa mfumo wa usambazaji wa gesi ni wa kawaida na ikiwa laini ya umeme imeharibiwa au inapokanzwa.<\/li> <li>Wakati athari isiyo ya kawaida au kelele hutokea wakati wa uendeshaji wa vifaa, unapaswa kuifunga mara moja kwa ukaguzi ili kujua sababu na kuiondoa.<\/li> <li>Sehemu za nyumatiki lazima ziwe na lubricated, na mafuta yanapaswa kuongezwa kwenye kikombe cha mafuta kwenye kipande cha tatu mara kwa mara.<\/li> <li>Kwa kuzima kwa muda mrefu, zima usambazaji wa umeme kwa vifaa, na mara kwa mara uongeze mafuta na uangalie sehemu zinazohamia za vifaa ili kuhakikisha kwamba vifaa vinafanya kazi kwa kawaida wakati wa matumizi.<\/li> <\/ol> <h2><strong><b>Jinsi ya kuchagua Mashine ya Kutengeneza Katoni ya Yai Sahihi?<\/b><\/strong><\/h2> <ol> <li>Tambua madhumuni ya kifaa. Ikiwa unapanga kupanua biashara yako, unaweza kuhitaji mashine ya kutengeneza sanduku la mayai ambayo inaweza pia kutoa aina zingine za trei za karatasi.<\/li> <li>Gharama. Watengenezaji wengi wana tovuti zao wenyewe. Wanatumia tovuti hizi kukuza mashine zao. Unaweza kutembelea tovuti tofauti na kuangalia ada. Linganisha bei na faida za wazalishaji tofauti.<\/li> <li>Ubora wa mashine. Baada ya kuelewa gharama za mtengenezaji, hatua inayofuata ni kuamua ubora wa mashine zao. Bei za wazalishaji wengine zinaweza kuwa chini sana, lakini ubora wa mashine zao kwa ujumla sio juu. Unaweza kulinganisha wazalishaji zaidi na kuchagua moja ya gharama nafuu zaidi.<\/li> <li>Uzoefu wa mtengenezaji. Je, ni mtengenezaji gani unapaswa kumwamini? Ni bora kuchagua mtengenezaji mwenye uzoefu wa kutengeneza trei ya yai. Kwa sababu wanaweza kuwa na mashine na huduma bora.<\/li> <\/ol> <h2><strong><b>Kwa Nini Utuchague Kama Mtengenezaji Wako?<\/b><\/strong><\/h2> <p class=\"translation-block\">N\u00e4r du k\u00f6per en maskin beh\u00f6ver du vara uppm\u00e4rksam p\u00e5 viss viktig information. Denna <a href=\"https:\/\/recyclingequipinc.com\/sw\/what-you-should-know-on-buying-egg-tray-making-machines\/\"> information kommer att hj\u00e4lpa dig att k\u00f6pa b\u00e4ttre kvalitetsmaskiner f\u00f6r tillverkning av \u00e4ggkartonger<\/a> och p\u00e5litliga tillverkare. H\u00e4r \u00e4r anledningarna till varf\u00f6r v\u00e5ra kunder v\u00e4ljer oss.<\/p> <p class=\"translation-block\"><strong><b>Rik erfarenhet<\/b><\/strong>. Zhengzhou Shuliy Machinery Co., Ltd har en historia p\u00e5 mer \u00e4n 20 \u00e5r. Under denna tid har vi varit engagerade i att producera h\u00f6gkvalitativa maskiner f\u00f6r \u00e4ggkartonger. D\u00e4rf\u00f6r har vi samlat p\u00e5 oss en m\u00e4ngd erfarenhet och teknik.<\/p> <figure id=\"attachment_4512\" aria-describedby=\"caption-attachment-4512\" style=\"width: 634px\" class=\"wp-caption aligncenter\"><img loading=\"lazy\" decoding=\"async\" class=\"wp-image-4512 size-full\" src=\"https:\/\/recyclingequipinc.com\/wp-content\/uploads\/2021\/09\/display.jpg\" alt=\"kuonyesha\" width=\"634\" height=\"651\" srcset=\"https:\/\/recyclingequipinc.com\/wp-content\/uploads\/2021\/09\/display.jpg 634w, https:\/\/recyclingequipinc.com\/wp-content\/uploads\/2021\/09\/display-292x300.jpg 292w, https:\/\/recyclingequipinc.com\/wp-content\/uploads\/2021\/09\/display-600x616.jpg 600w\" sizes=\"(max-width: 634px) 100vw, 634px\" \/><figcaption id=\"caption-attachment-4512\" class=\"wp-caption-text\">kuonyesha<\/figcaption><\/figure> <p class=\"translation-block\"><strong><b>H\u00f6gkvalitativ maskin<\/b><\/strong>. V\u00e5ra maskiner har genomg\u00e5tt strikta kvalitetsinspektioner och uppfyller fullt ut internationella standarder. V\u00e5ra maskiner \u00e4r inte bara av h\u00f6g kvalitet utan ocks\u00e5 stabila i prestanda. Du kan k\u00f6pa med f\u00f6rtroende.<\/p> <p class=\"translation-block\"><strong><b>Stort marknad<\/b><\/strong>. V\u00e5ra <a href=\"https:\/\/recyclingequipinc.com\/sw\/advantages-of-egg-trays\/\">\u00e4ggtr\u00e5g<\/a> maskiner \u00e4r omtyckta av kunder p\u00e5 grund av deras h\u00f6gkvalitativa kvalitet och f\u00f6rm\u00e5nliga priser. F\u00f6r n\u00e4rvarande exporteras v\u00e5ra produkter till mer \u00e4n 50 l\u00e4nder och regioner som USA, Kanada, Sydkorea och Japan.<\/p> <p class=\"translation-block\"><strong><b>Perfekt Service<\/b><\/strong>. Vi erbjuder h\u00f6gkvalitativa f\u00f6rf\u00f6rs\u00e4ljnings-, f\u00f6rs\u00e4ljnings- och efterf\u00f6rs\u00e4ljningsservice. Oavsett vilka problem du st\u00f6ter p\u00e5 kan du alltid kontakta oss. Vi har professionell personal f\u00f6r att svara p\u00e5 dina fr\u00e5gor. V\u00e4lkommen att kontakta oss s\u00e5 snart som m\u00f6jligt.<\/p>","protected":false},"excerpt":{"rendered":"<p>Mashine ya kutengenezea katoni za mayai ni vifaa vya kutengenezea katoni mbalimbali za mayai kwa ajili ya usafirishaji wa mayai masafa marefu. Inaweza kuchakata kila aina ya masanduku ya karatasi taka, magazeti taka, na vitabu vya taka na kufanya nyenzo hizi kuwa katoni za mayai za mitindo mbalimbali. Wasiliana nasi kwa orodha ya bei bila malipo.<\/p>","protected":false},"featured_media":4472,"template":"","meta":{"site-sidebar-layout":"default","site-content-layout":"default","ast-site-content-layout":"default","site-content-style":"default","site-sidebar-style":"default","ast-global-header-display":"","ast-banner-title-visibility":"","ast-main-header-display":"","ast-hfb-above-header-display":"","ast-hfb-below-header-display":"","ast-hfb-mobile-header-display":"","site-post-title":"","ast-breadcrumbs-content":"","ast-featured-img":"","footer-sml-layout":"","ast-disable-related-posts":"","theme-transparent-header-meta":"default","adv-header-id-meta":"","stick-header-meta":"default","header-above-stick-meta":"","header-main-stick-meta":"","header-below-stick-meta":"","astra-migrate-meta-layouts":"default","ast-page-background-enabled":"default","ast-page-background-meta":{"desktop":{"background-color":"","background-image":"","background-repeat":"repeat","background-position":"center center","background-size":"auto","background-attachment":"scroll","background-type":"","background-media":"","overlay-type":"","overlay-color":"","overlay-opacity":"","overlay-gradient":""},"tablet":{"background-color":"","background-image":"","background-repeat":"repeat","background-position":"center center","background-size":"auto","background-attachment":"scroll","background-type":"","background-media":"","overlay-type":"","overlay-color":"","overlay-opacity":"","overlay-gradient":""},"mobile":{"background-color":"","background-image":"","background-repeat":"repeat","background-position":"center center","background-size":"auto","background-attachment":"scroll","background-type":"","background-media":"","overlay-type":"","overlay-color":"","overlay-opacity":"","overlay-gradient":""}},"ast-content-background-meta":{"desktop":{"background-color":"var(--ast-global-color-5)","background-image":"","background-repeat":"repeat","background-position":"center center","background-size":"auto","background-attachment":"scroll","background-type":"","background-media":"","overlay-type":"","overlay-color":"","overlay-opacity":"","overlay-gradient":""},"tablet":{"background-color":"var(--ast-global-color-5)","background-image":"","background-repeat":"repeat","background-position":"center center","background-size":"auto","background-attachment":"scroll","background-type":"","background-media":"","overlay-type":"","overlay-color":"","overlay-opacity":"","overlay-gradient":""},"mobile":{"background-color":"var(--ast-global-color-5)","background-image":"","background-repeat":"repeat","background-position":"center center","background-size":"auto","background-attachment":"scroll","background-type":"","background-media":"","overlay-type":"","overlay-color":"","overlay-opacity":"","overlay-gradient":""}}},"product_brand":[],"product_cat":[35],"product_tag":[73],"class_list":{"0":"post-4406","1":"product","2":"type-product","3":"status-publish","4":"has-post-thumbnail","6":"product_cat-egg-tray-machine","7":"product_tag-egg-carton-making-machine","8":"desktop-align-center","9":"tablet-align-center","10":"mobile-align-center","12":"first","13":"instock","14":"shipping-taxable","15":"product-type-simple"},"_links":{"self":[{"href":"https:\/\/recyclingequipinc.com\/sw\/wp-json\/wp\/v2\/product\/4406","targetHints":{"allow":["GET"]}}],"collection":[{"href":"https:\/\/recyclingequipinc.com\/sw\/wp-json\/wp\/v2\/product"}],"about":[{"href":"https:\/\/recyclingequipinc.com\/sw\/wp-json\/wp\/v2\/types\/product"}],"version-history":[{"count":0,"href":"https:\/\/recyclingequipinc.com\/sw\/wp-json\/wp\/v2\/product\/4406\/revisions"}],"wp:featuredmedia":[{"embeddable":true,"href":"https:\/\/recyclingequipinc.com\/sw\/wp-json\/wp\/v2\/media\/4472"}],"wp:attachment":[{"href":"https:\/\/recyclingequipinc.com\/sw\/wp-json\/wp\/v2\/media?parent=4406"}],"wp:term":[{"taxonomy":"product_brand","embeddable":true,"href":"https:\/\/recyclingequipinc.com\/sw\/wp-json\/wp\/v2\/product_brand?post=4406"},{"taxonomy":"product_cat","embeddable":true,"href":"https:\/\/recyclingequipinc.com\/sw\/wp-json\/wp\/v2\/product_cat?post=4406"},{"taxonomy":"product_tag","embeddable":true,"href":"https:\/\/recyclingequipinc.com\/sw\/wp-json\/wp\/v2\/product_tag?post=4406"}],"curies":[{"name":"wp","href":"https:\/\/api.w.org\/{rel}","templated":true}]}}