{"id":4397,"date":"2021-09-13T09:45:45","date_gmt":"2021-09-13T09:45:45","guid":{"rendered":"https:\/\/recyclingequipinc.com\/?post_type=product&#038;p=4397"},"modified":"2025-01-20T10:22:57","modified_gmt":"2025-01-20T02:22:57","slug":"waste-plastic-crusher","status":"publish","type":"product","link":"https:\/\/recyclingequipinc.com\/sw\/product\/waste-plastic-crusher\/","title":{"rendered":"Taka Plastiki crusher"},"content":{"rendered":"<p class=\"translation-block\">Avfall plastkross \u00e4r utrustningen f\u00f6r att krossa r\u00e5material i plast\u00e5tervinningslinjen. Den \u00e4r l\u00e4mplig f\u00f6r <a href=\"https:\/\/recyclingequipinc.com\/sw\/bidhaa\/plastic-film-recycling-machine\/\"><strong>\u00e5tervinning av PP PE-film<\/strong><\/a>, flaskor, etc. Plastkrossen kommer att sk\u00e4ra r\u00e5material i flingor efter att bandtransport\u00f6ren i produktionslinjen skickar plastobjekt till krossen. Om du vill f\u00e5 plastfragment av olika storlekar kan du f\u00e5 dem genom att byta sk\u00e4rmar av olika storlekar. Den syftar till att bryta alla typer av mjuka och h\u00e5rda plaster, s\u00e5som plastfilmer, plastflaskor, PVC-r\u00f6r och annat plastavfall.<\/p> <figure id=\"attachment_5477\" aria-describedby=\"caption-attachment-5477\" style=\"width: 750px\" class=\"wp-caption aligncenter\"><img fetchpriority=\"high\" decoding=\"async\" src=\"https:\/\/recyclingequipinc.com\/wp-content\/uploads\/2021\/09\/Plastic-Crusher-Machine.jpg\" alt=\"Mashine ya Kusaga Plastiki\" width=\"750\" height=\"750\" \/><figcaption id=\"caption-attachment-5477\" class=\"wp-caption-text\">Mashine ya Kusaga Plastiki<\/figcaption><\/figure> <h2>Shredder ya plastiki ya kuchakata video inayofanya kazi<\/h2> <div class=\"ast-oembed-container\" style=\"height: 100%;\"><iframe title=\"Mashine ya kusaga plastiki ya kusaga mapipa&amp;ngoma&amp;chupa za HDPE | Mitambo ya kuchakata tena plastiki\" width=\"500\" height=\"281\" src=\"https:\/\/www.youtube.com\/embed\/yePaMCce--I?feature=oembed\" frameborder=\"0\" allow=\"accelerometer; autoplay; clipboard-write; encrypted-media; gyroscope; picture-in-picture; web-share\" referrerpolicy=\"strict-origin-when-cross-origin\" allowfullscreen><\/iframe><\/div> <h2>Vipengele vya mashine ya kusaga plastiki<\/h2> <ul> <li>Kichujio cha kusindika taka za plastiki huchukua vile vya chuma vya aloi, ambavyo vina ugumu wa hali ya juu na muda mrefu wa matumizi.<\/li> <li>Kusagwa kwa mvua sio tu kunaweza kuongeza athari ya kuosha ya chips za plastiki lakini pia kupunguza joto la msuguano kwa sababu ya athari ya baridi ya maji, na kuongeza muda wa maisha ya blade.<\/li> <li>Mashine ya kuponda plastiki pia ina sifa za kasi ya chini, kelele ya chini, muda mrefu wa huduma, gharama ya chini ya matengenezo, na hakuna nyenzo za slag.<\/li> <li>Muundo maalum wa chumba cha kusagwa, kiingilio kikubwa cha malisho, na upakiaji unaofaa<\/li> <li>Harakati thabiti, mtetemo mdogo, na operesheni rahisi<\/li> <\/ul> <h2>Vigezo vya crusher ya plastiki ya taka<\/h2> <table style=\"border-collapse: collapse; width: 426.1pt; margin-left: 6.75pt; margin-right: 6.75pt; border: initial none initial;\" border=\"1\" cellspacing=\"0\"> <tbody> <tr> <td style=\"width: 142pt; padding: 0pt 5.4pt; border-width: 1pt; border-color: windowtext;\" valign=\"top\" width=\"189\">Mfano<\/td> <td style=\"width: 142.05pt; padding: 0pt 5.4pt; border-width: 1pt; border-color: windowtext;\" valign=\"top\" width=\"189\">60<\/td> <td style=\"width: 142.05pt; padding: 0pt 5.4pt; border-width: 1pt; border-color: windowtext;\" valign=\"top\" width=\"189\">80<\/td> <\/tr> <tr> <td style=\"width: 142pt; padding: 0pt 5.4pt; border-left-width: 1pt; border-left-color: windowtext; border-right-width: 1pt; border-right-color: windowtext; border-top: none; border-bottom-width: 1pt; border-bottom-color: windowtext;\" valign=\"top\" width=\"189\">Uwezo<\/td> <td style=\"width: 142.05pt; padding: 0pt 5.4pt; border-left-width: 1pt; border-left-color: windowtext; border-right-width: 1pt; border-right-color: windowtext; border-top: none; border-bottom-width: 1pt; border-bottom-color: windowtext;\" valign=\"top\" width=\"189\">500kg\/h<\/td> <td style=\"width: 142.05pt; padding: 0pt 5.4pt; border-left-width: 1pt; border-left-color: windowtext; border-right-width: 1pt; border-right-color: windowtext; border-top: none; border-bottom-width: 1pt; border-bottom-color: windowtext;\" valign=\"top\" width=\"189\">1t\/saa<\/td> <\/tr> <tr> <td style=\"width: 142pt; padding: 0pt 5.4pt; border-left-width: 1pt; border-left-color: windowtext; border-right-width: 1pt; border-right-color: windowtext; border-top: none; border-bottom-width: 1pt; border-bottom-color: windowtext;\" valign=\"top\" width=\"189\">Upana wa balde<\/td> <td style=\"width: 142.05pt; padding: 0pt 5.4pt; border-left-width: 1pt; border-left-color: windowtext; border-right-width: 1pt; border-right-color: windowtext; border-top: none; border-bottom-width: 1pt; border-bottom-color: windowtext;\" valign=\"top\" width=\"189\">60cm+30cm<\/td> <td style=\"width: 142.05pt; padding: 0pt 5.4pt; border-left-width: 1pt; border-left-color: windowtext; border-right-width: 1pt; border-right-color: windowtext; border-top: none; border-bottom-width: 1pt; border-bottom-color: windowtext;\" valign=\"top\" width=\"189\">80cm+40vm<\/td> <\/tr> <tr> <td style=\"width: 142pt; padding: 0pt 5.4pt; border-left-width: 1pt; border-left-color: windowtext; border-right-width: 1pt; border-right-color: windowtext; border-top: none; border-bottom-width: 1pt; border-bottom-color: windowtext;\" valign=\"top\" width=\"189\">Nguvu<\/td> <td style=\"width: 142.05pt; padding: 0pt 5.4pt; border-left-width: 1pt; border-left-color: windowtext; border-right-width: 1pt; border-right-color: windowtext; border-top: none; border-bottom-width: 1pt; border-bottom-color: windowtext;\" valign=\"top\" width=\"189\">15+7.5kwkw<\/td> <td style=\"width: 142.05pt; padding: 0pt 5.4pt; border-left-width: 1pt; border-left-color: windowtext; border-right-width: 1pt; border-right-color: windowtext; border-top: none; border-bottom-width: 1pt; border-bottom-color: windowtext;\" valign=\"top\" width=\"189\">30+11kw<\/td> <\/tr> <\/tbody> <\/table> <p>Hizi ni mifano miwili ya mashine za kusagwa plastiki katika kampuni yetu. Tofauti kubwa kati ya mashine hizo mbili ni pato. Moja ni 500 kg \/ h na nyingine ni tani 1 \/ h. Unaweza kuchagua mtindo wa mashine unayotaka kulingana na mahitaji yako. Ikiwa una maswali yoyote, tafadhali jisikie huru kuwasiliana nasi na tutakujibu haraka iwezekanavyo.<\/p> <h2>Maombi ya shredder ya plastiki kwa kuchakata tena<\/h2> <p>Kichujio cha plastiki taka kawaida ni hatua muhimu ya filamu ya plastiki ya LDPE LLDPE na plastiki ngumu za HDPE. Hutumika kuponda na kuosha aina ya plastiki taka, ikiwa ni pamoja na plastiki laini na ngumu, kama vile mirija ya plastiki, fimbo za plastiki, filamu za plastiki, midoli ya plastiki, bidhaa za mpira wa taka, na kadhalika. Ina uwezo mkubwa wa matibabu, inafanya kazi kwa ufanisi, ikipokea sifa moja kutoka kwa wateja.<\/p> <p class=\"translation-block\">Shuliy Group erbjuder ocks\u00e5 professionell krossmaskin f\u00f6r <a href=\"https:\/\/recyclingequipinc.com\/sw\/bidhaa\/pet-bottle-recycling-machine\/\"><strong>PET-flask\u00e5tervinningslinje<\/strong><\/a>. Om dina r\u00e5material \u00e4r PET-flaskor rekommenderar vi att du v\u00e4ljer denna: <strong><a href=\"https:\/\/recyclingequipinc.com\/sw\/bidhaa\/pet-plastic-bottle-crushing-machine\/\">plastkross f\u00f6r PET-\u00e5tervinning<\/a><\/strong>.<\/p>","protected":false},"excerpt":{"rendered":"<p>Kisaga taka cha plastiki ni kifaa cha kuponda malighafi kwenye mstari wa kuchakata tena plastiki. Inafaa kwa filamu ya PP PE, chupa, na masanduku, nk. Conveyor ya Ukanda katika mstari wa uzalishaji itatuma malighafi kwenye kipunyi, ambacho hukata flakes vipande vipande. Wasiliana nasi kwa orodha ya bei bila malipo.<\/p>","protected":false},"featured_media":5650,"template":"","meta":{"site-sidebar-layout":"default","site-content-layout":"default","ast-site-content-layout":"default","site-content-style":"default","site-sidebar-style":"default","ast-global-header-display":"","ast-banner-title-visibility":"","ast-main-header-display":"","ast-hfb-above-header-display":"","ast-hfb-below-header-display":"","ast-hfb-mobile-header-display":"","site-post-title":"","ast-breadcrumbs-content":"","ast-featured-img":"","footer-sml-layout":"","ast-disable-related-posts":"","theme-transparent-header-meta":"default","adv-header-id-meta":"","stick-header-meta":"default","header-above-stick-meta":"","header-main-stick-meta":"","header-below-stick-meta":"","astra-migrate-meta-layouts":"set","ast-page-background-enabled":"default","ast-page-background-meta":{"desktop":{"background-color":"","background-image":"","background-repeat":"repeat","background-position":"center center","background-size":"auto","background-attachment":"scroll","background-type":"","background-media":"","overlay-type":"","overlay-color":"","overlay-opacity":"","overlay-gradient":""},"tablet":{"background-color":"","background-image":"","background-repeat":"repeat","background-position":"center center","background-size":"auto","background-attachment":"scroll","background-type":"","background-media":"","overlay-type":"","overlay-color":"","overlay-opacity":"","overlay-gradient":""},"mobile":{"background-color":"","background-image":"","background-repeat":"repeat","background-position":"center center","background-size":"auto","background-attachment":"scroll","background-type":"","background-media":"","overlay-type":"","overlay-color":"","overlay-opacity":"","overlay-gradient":""}},"ast-content-background-meta":{"desktop":{"background-color":"var(--ast-global-color-5)","background-image":"","background-repeat":"repeat","background-position":"center center","background-size":"auto","background-attachment":"scroll","background-type":"","background-media":"","overlay-type":"","overlay-color":"","overlay-opacity":"","overlay-gradient":""},"tablet":{"background-color":"var(--ast-global-color-5)","background-image":"","background-repeat":"repeat","background-position":"center center","background-size":"auto","background-attachment":"scroll","background-type":"","background-media":"","overlay-type":"","overlay-color":"","overlay-opacity":"","overlay-gradient":""},"mobile":{"background-color":"var(--ast-global-color-5)","background-image":"","background-repeat":"repeat","background-position":"center center","background-size":"auto","background-attachment":"scroll","background-type":"","background-media":"","overlay-type":"","overlay-color":"","overlay-opacity":"","overlay-gradient":""}}},"product_brand":[],"product_cat":[36],"product_tag":[96],"class_list":{"0":"post-4397","1":"product","2":"type-product","3":"status-publish","4":"has-post-thumbnail","6":"product_cat-plastic-recycling-machine","7":"product_tag-crusher","8":"desktop-align-center","9":"tablet-align-center","10":"mobile-align-center","12":"first","13":"instock","14":"shipping-taxable","15":"product-type-simple"},"_links":{"self":[{"href":"https:\/\/recyclingequipinc.com\/sw\/wp-json\/wp\/v2\/product\/4397","targetHints":{"allow":["GET"]}}],"collection":[{"href":"https:\/\/recyclingequipinc.com\/sw\/wp-json\/wp\/v2\/product"}],"about":[{"href":"https:\/\/recyclingequipinc.com\/sw\/wp-json\/wp\/v2\/types\/product"}],"version-history":[{"count":0,"href":"https:\/\/recyclingequipinc.com\/sw\/wp-json\/wp\/v2\/product\/4397\/revisions"}],"wp:featuredmedia":[{"embeddable":true,"href":"https:\/\/recyclingequipinc.com\/sw\/wp-json\/wp\/v2\/media\/5650"}],"wp:attachment":[{"href":"https:\/\/recyclingequipinc.com\/sw\/wp-json\/wp\/v2\/media?parent=4397"}],"wp:term":[{"taxonomy":"product_brand","embeddable":true,"href":"https:\/\/recyclingequipinc.com\/sw\/wp-json\/wp\/v2\/product_brand?post=4397"},{"taxonomy":"product_cat","embeddable":true,"href":"https:\/\/recyclingequipinc.com\/sw\/wp-json\/wp\/v2\/product_cat?post=4397"},{"taxonomy":"product_tag","embeddable":true,"href":"https:\/\/recyclingequipinc.com\/sw\/wp-json\/wp\/v2\/product_tag?post=4397"}],"curies":[{"name":"wp","href":"https:\/\/api.w.org\/{rel}","templated":true}]}}