{"id":4394,"date":"2021-09-13T09:43:03","date_gmt":"2021-09-13T09:43:03","guid":{"rendered":"https:\/\/recyclingequipinc.com\/?post_type=product&#038;p=4394"},"modified":"2024-10-04T20:42:49","modified_gmt":"2024-10-04T12:42:49","slug":"vertical-baler","status":"publish","type":"product","link":"https:\/\/recyclingequipinc.com\/sw\/product\/vertical-baler\/","title":{"rendered":"Baler ya Wima"},"content":{"rendered":"<p class=\"translation-block\"><strong>Hydraulisk vertikal baler<\/strong> anv\u00e4nder hydraulisk kraft f\u00f6r att pressa avfallspapper, kartong, bomullstextil, plastflaskor, industriellt h\u00f6rnmaterial, ring-pull burkar, avlagda kl\u00e4der och skor, lucern, halm och andra f\u00f6rem\u00e5l. Det finns tre typer av utsl\u00e4ppsmetoder som kan v\u00e4ljas, v\u00e4nda, trycka ut p\u00e5sen eller manuellt ta ut p\u00e5sen. Motorer eller dieselmotorer kan anv\u00e4ndas som kraftk\u00e4lla. Utrustningen kan minska omr\u00e5det f\u00f6r avfallsartiklar och underl\u00e4tta lagring, transport och sekund\u00e4r bearbetning och anv\u00e4ndning av material. Vi erbjuder sex standardtyper av denna typ av utrustning. Samtidigt \u00e4r OEM-service tillg\u00e4nglig baserat p\u00e5 dina behov.<\/p> <p>&nbsp;<\/p> <h2>Baler wima inauzwa<\/h2> <p>Baler wima ya majimaji inauzwa katika Mitambo ya Shuliy inayouzwa inajumuisha nguvu mbalimbali za majimaji, kama vile 40ton, 60ton, 80ton, 100ton, 120ton, 150ton, n.k. Uwiano wa kubana kwa aina hii ya vifaa ni takriban 5:1. Kadiri nguvu ya majimaji inavyokuwa kubwa, saizi ya kifungashio, saizi ya ufunguzi wa malisho, na msongamano wa baler ni kubwa zaidi. Unaweza kuchagua kulingana na mahitaji yako. Kando na baler ya wima ya hydraulic, tunatoa pia baler ya usawa ya hydraulic, ambayo ni kubwa zaidi kuliko ile ya wima. Kwa kuongeza, tunaunga mkono kubinafsisha mashine kulingana na mahitaji yako.<\/p> <div id='gallery-1' class='gallery galleryid-4394 gallery-columns-2 gallery-size-medium'><figure class='gallery-item'> \t\t\t<div class='gallery-icon landscape'> \t\t\t\t<img fetchpriority=\"high\" decoding=\"async\" width=\"300\" height=\"300\" src=\"https:\/\/recyclingequipinc.com\/wp-content\/uploads\/2021\/09\/baler-machine-with-blue-look-300x300.jpg\" class=\"attachment-medium size-medium\" alt=\"\" srcset=\"https:\/\/recyclingequipinc.com\/wp-content\/uploads\/2021\/09\/baler-machine-with-blue-look-300x300.jpg 300w, https:\/\/recyclingequipinc.com\/wp-content\/uploads\/2021\/09\/baler-machine-with-blue-look-100x100.jpg 100w, https:\/\/recyclingequipinc.com\/wp-content\/uploads\/2021\/09\/baler-machine-with-blue-look-150x150.jpg 150w, https:\/\/recyclingequipinc.com\/wp-content\/uploads\/2021\/09\/baler-machine-with-blue-look-600x600.jpg 600w, https:\/\/recyclingequipinc.com\/wp-content\/uploads\/2021\/09\/baler-machine-with-blue-look.jpg 750w\" sizes=\"(max-width: 300px) 100vw, 300px\" \/> \t\t\t<\/div><\/figure><figure class='gallery-item'> \t\t\t<div class='gallery-icon landscape'> \t\t\t\t<img decoding=\"async\" width=\"300\" height=\"300\" src=\"https:\/\/recyclingequipinc.com\/wp-content\/uploads\/2021\/09\/vertical-baler-with-red-appearance-1-300x300.jpg\" class=\"attachment-medium size-medium\" alt=\"\" srcset=\"https:\/\/recyclingequipinc.com\/wp-content\/uploads\/2021\/09\/vertical-baler-with-red-appearance-1-300x300.jpg 300w, https:\/\/recyclingequipinc.com\/wp-content\/uploads\/2021\/09\/vertical-baler-with-red-appearance-1-100x100.jpg 100w, https:\/\/recyclingequipinc.com\/wp-content\/uploads\/2021\/09\/vertical-baler-with-red-appearance-1-150x150.jpg 150w, https:\/\/recyclingequipinc.com\/wp-content\/uploads\/2021\/09\/vertical-baler-with-red-appearance-1-600x600.jpg 600w, https:\/\/recyclingequipinc.com\/wp-content\/uploads\/2021\/09\/vertical-baler-with-red-appearance-1.jpg 750w\" sizes=\"(max-width: 300px) 100vw, 300px\" \/> \t\t\t<\/div><\/figure> \t\t<\/div>  <h2>Utumizi mpana wa baler wima ya majimaji<\/h2> <p>Inafaa kwa karatasi taka, kadibodi, nguo za pamba, pamba, majani, sifongo, chupa za plastiki, makopo ya kuvuta pete, nguo na viatu, matairi, nyenzo za kona za viwandani, nk. Unapoweka karatasi taka, unaweza kuweka kadibodi. chini ya sehemu ya juu ya karatasi hizi ili kuepuka karatasi kutoka kwa vifaa wakati wa mchakato wa majimaji. Aina hii ya baler ya wima inafaa kwa aina mbalimbali za ukubwa wa ufungaji, na unaweza kuangalia meza ya vigezo kwa undani.<\/p> <p>&nbsp;<\/p> <h2>Muundo wa baler wima<\/h2> <p>Baler ya wima ina chumba cha kukandamiza, silinda ya ukandamizaji wa wima, mfumo wa majimaji, mfumo wa nguvu. Kiwekeo hiki cha wima cha majimaji huchukua ubora wa juu na bamba nene ili kutengeneza fremu thabiti. Muundo wa juu wa mitambo hutumiwa kuhakikisha maisha ya huduma ya vifaa. Inachukua mfumo wa udhibiti wa picha na kuunganishwa kupitia hatua nne: mvutano, uwezo wa joto, kukata mikanda, na kuunganisha. Mfumo wa haidroli ni pamoja na pampu ya majimaji, vali ya sumakuumeme, muhuri wa mafuta ya silinda ya hydraulic, na sehemu nyingine muhimu zinazotumia viambajengo vilivyoagizwa kutoka nje ili uwezo huu wa kuzaa wa kiweka wima wa hydraulic uwe na nguvu, wa kudumu zaidi.<\/p> <figure id=\"attachment_4647\" aria-describedby=\"caption-attachment-4647\" style=\"width: 720px\" class=\"wp-caption aligncenter\"><a href=\"https:\/\/recyclingequipinc.com\/wp-content\/uploads\/2021\/09\/vertical-baler-machine-structure.webp\"><img decoding=\"async\" class=\"size-full wp-image-4647\" src=\"https:\/\/recyclingequipinc.com\/wp-content\/uploads\/2021\/09\/vertical-baler-machine-structure.webp\" alt=\"muundo wa mashine ya baler wima\" width=\"720\" height=\"540\" srcset=\"https:\/\/recyclingequipinc.com\/wp-content\/uploads\/2021\/09\/vertical-baler-machine-structure.webp 720w, https:\/\/recyclingequipinc.com\/wp-content\/uploads\/2021\/09\/vertical-baler-machine-structure-300x225.webp 300w, https:\/\/recyclingequipinc.com\/wp-content\/uploads\/2021\/09\/vertical-baler-machine-structure-600x450.webp 600w\" sizes=\"(max-width: 720px) 100vw, 720px\" \/><\/a><figcaption id=\"caption-attachment-4647\" class=\"wp-caption-text\">muundo wa mashine ya baler wima<\/figcaption><\/figure> <h2>Bei ya baler wima<\/h2> <p>Bei ya wima ya baler ya hydraulic inahusiana na gharama ya vifaa. Kwa aina tofauti za baler za hydraulic wima zinahitaji gharama tofauti, hivyo bei zao zitakuwa tofauti. Kama mtengenezaji na muuzaji aliye na uzoefu mkubwa katika wauzaji bidhaa, tutatoa mashine za baling kwa bei nzuri na ubora mzuri. Wakati huo huo, tunaauni huduma za ubinafsishaji kulingana na mahitaji yako halisi. Ikiwa una nia yake, unaweza kuwasiliana nasi ili kupata maelezo zaidi na bei nzuri zaidi.<\/p> <div id=\"gtx-trans\" style=\"position: absolute; left: 398px; top: 375px;\"> <div class=\"gtx-trans-icon\"><\/div> <\/div>","protected":false},"excerpt":{"rendered":"<p>Kielelezo cha wima cha haidroliki hutumia nguvu ya maji kwenye karatasi taka, kadibodi, nguo za pamba, chupa za plastiki, nyenzo za kona za viwandani, mikebe ya kuvuta pete, nguo na viatu ovyo, alfalfa, majani,\u00a0 na vitu vingine. Kuna aina tatu za njia za kutokwa kwa hiari, kugeuza, kusukuma begi, au kutoa begi mwenyewe. Wasiliana nasi kwa maelezo zaidi.<\/p>","protected":false},"featured_media":4637,"template":"","meta":{"site-sidebar-layout":"default","site-content-layout":"default","ast-site-content-layout":"default","site-content-style":"default","site-sidebar-style":"default","ast-global-header-display":"","ast-banner-title-visibility":"","ast-main-header-display":"","ast-hfb-above-header-display":"","ast-hfb-below-header-display":"","ast-hfb-mobile-header-display":"","site-post-title":"","ast-breadcrumbs-content":"","ast-featured-img":"","footer-sml-layout":"","ast-disable-related-posts":"","theme-transparent-header-meta":"default","adv-header-id-meta":"","stick-header-meta":"default","header-above-stick-meta":"","header-main-stick-meta":"","header-below-stick-meta":"","astra-migrate-meta-layouts":"default","ast-page-background-enabled":"default","ast-page-background-meta":{"desktop":{"background-color":"","background-image":"","background-repeat":"repeat","background-position":"center center","background-size":"auto","background-attachment":"scroll","background-type":"","background-media":"","overlay-type":"","overlay-color":"","overlay-opacity":"","overlay-gradient":""},"tablet":{"background-color":"","background-image":"","background-repeat":"repeat","background-position":"center center","background-size":"auto","background-attachment":"scroll","background-type":"","background-media":"","overlay-type":"","overlay-color":"","overlay-opacity":"","overlay-gradient":""},"mobile":{"background-color":"","background-image":"","background-repeat":"repeat","background-position":"center center","background-size":"auto","background-attachment":"scroll","background-type":"","background-media":"","overlay-type":"","overlay-color":"","overlay-opacity":"","overlay-gradient":""}},"ast-content-background-meta":{"desktop":{"background-color":"var(--ast-global-color-5)","background-image":"","background-repeat":"repeat","background-position":"center center","background-size":"auto","background-attachment":"scroll","background-type":"","background-media":"","overlay-type":"","overlay-color":"","overlay-opacity":"","overlay-gradient":""},"tablet":{"background-color":"var(--ast-global-color-5)","background-image":"","background-repeat":"repeat","background-position":"center center","background-size":"auto","background-attachment":"scroll","background-type":"","background-media":"","overlay-type":"","overlay-color":"","overlay-opacity":"","overlay-gradient":""},"mobile":{"background-color":"var(--ast-global-color-5)","background-image":"","background-repeat":"repeat","background-position":"center center","background-size":"auto","background-attachment":"scroll","background-type":"","background-media":"","overlay-type":"","overlay-color":"","overlay-opacity":"","overlay-gradient":""}}},"product_brand":[],"product_cat":[34],"product_tag":[],"class_list":{"0":"post-4394","1":"product","2":"type-product","3":"status-publish","4":"has-post-thumbnail","6":"product_cat-industrial-baler","7":"desktop-align-center","8":"tablet-align-center","9":"mobile-align-center","11":"first","12":"instock","13":"shipping-taxable","14":"product-type-simple"},"_links":{"self":[{"href":"https:\/\/recyclingequipinc.com\/sw\/wp-json\/wp\/v2\/product\/4394","targetHints":{"allow":["GET"]}}],"collection":[{"href":"https:\/\/recyclingequipinc.com\/sw\/wp-json\/wp\/v2\/product"}],"about":[{"href":"https:\/\/recyclingequipinc.com\/sw\/wp-json\/wp\/v2\/types\/product"}],"version-history":[{"count":0,"href":"https:\/\/recyclingequipinc.com\/sw\/wp-json\/wp\/v2\/product\/4394\/revisions"}],"wp:featuredmedia":[{"embeddable":true,"href":"https:\/\/recyclingequipinc.com\/sw\/wp-json\/wp\/v2\/media\/4637"}],"wp:attachment":[{"href":"https:\/\/recyclingequipinc.com\/sw\/wp-json\/wp\/v2\/media?parent=4394"}],"wp:term":[{"taxonomy":"product_brand","embeddable":true,"href":"https:\/\/recyclingequipinc.com\/sw\/wp-json\/wp\/v2\/product_brand?post=4394"},{"taxonomy":"product_cat","embeddable":true,"href":"https:\/\/recyclingequipinc.com\/sw\/wp-json\/wp\/v2\/product_cat?post=4394"},{"taxonomy":"product_tag","embeddable":true,"href":"https:\/\/recyclingequipinc.com\/sw\/wp-json\/wp\/v2\/product_tag?post=4394"}],"curies":[{"name":"wp","href":"https:\/\/api.w.org\/{rel}","templated":true}]}}