{"id":4386,"date":"2021-09-13T09:35:32","date_gmt":"2021-09-13T09:35:32","guid":{"rendered":"https:\/\/recyclingequipinc.com\/?post_type=product&#038;p=4386"},"modified":"2025-01-20T10:24:30","modified_gmt":"2025-01-20T02:24:30","slug":"pet-bottle-washing-line","status":"publish","type":"product","link":"https:\/\/recyclingequipinc.com\/sw\/product\/pet-bottle-washing-line\/","title":{"rendered":"Mstari wa Kuosha chupa za PET"},"content":{"rendered":"<p>Laini ya kuosha chupa za PET ni laini ya uzalishaji kwa kusafisha na kusagwa chupa za plastiki za PET. Laini ya kuosha chupa za PET ni pamoja na tanki la kuosha, tanki ya kuosha maji ya moto, na mashine ya kusafisha ya msuguano angalau. Kila mashine imeunganishwa na conveyor ya screw. Ikiwa bajeti ni ya juu au unatafuta bidhaa za kumaliza wazi, unaweza kuongeza idadi ya mizinga ya kuosha, mizinga ya kuosha maji ya moto, mashine za kusafisha msuguano hadi mbili au tatu. Nini zaidi, tunaweza kubinafsisha laini ya vifaa vya kuosha kulingana na mahitaji yako.<\/p> <h2>Kifaa Kikuu cha Laini ya Kuosha Chupa Kipenzi<\/h2> <h3>Kitenganishi cha Lebo<\/h3> <p>Kitenganishi cha lebo ya chupa za plastiki ni mashine ya kuondoa lebo kutoka kwa chupa za plastiki. Chini ya hatua ya mzunguko wa mashine, bamba la misumari ndani ya kiondoa lebo ya plastiki linaweza kuondoa lebo ya mwili wa chupa. Baada ya kuondoa lebo, feni iliyo juu ya kitenganishi cha chupa ya plastiki inaweza kupiga lebo kutoka kwenye fuselage. Kwa sababu kiwango cha mtengano wa kiondoa lebo hiki cha plastiki ni kati ya 98% - 99%. Ikilinganishwa na wenzao, mashine ya Shuliy ina faida kubwa katika kiwango cha kujitenga.<\/p> <figure id=\"attachment_5475\" aria-describedby=\"caption-attachment-5475\" style=\"width: 750px\" class=\"wp-caption aligncenter\"><img fetchpriority=\"high\" decoding=\"async\" class=\"size-full wp-image-5475\" src=\"https:\/\/recyclingequipinc.com\/wp-content\/uploads\/2021\/09\/Plastic-Label-Remove-Machine.jpg\" alt=\"Mashine ya Kuondoa Lebo ya Plastiki\" width=\"750\" height=\"750\" srcset=\"https:\/\/recyclingequipinc.com\/wp-content\/uploads\/2021\/09\/Plastic-Label-Remove-Machine.jpg 750w, https:\/\/recyclingequipinc.com\/wp-content\/uploads\/2021\/09\/Plastic-Label-Remove-Machine-100x100.jpg 100w, https:\/\/recyclingequipinc.com\/wp-content\/uploads\/2021\/09\/Plastic-Label-Remove-Machine-300x300.jpg 300w, https:\/\/recyclingequipinc.com\/wp-content\/uploads\/2021\/09\/Plastic-Label-Remove-Machine-150x150.jpg 150w, https:\/\/recyclingequipinc.com\/wp-content\/uploads\/2021\/09\/Plastic-Label-Remove-Machine-600x600.jpg 600w\" sizes=\"(max-width: 750px) 100vw, 750px\" \/><figcaption id=\"caption-attachment-5475\" class=\"wp-caption-text\">Mashine ya Kuondoa Lebo ya Plastiki<\/figcaption><\/figure> <h3>Mashine ya Jedwali ya Kupitisha Mikanda ya Kupanga<\/h3> <p>Mashine ya meza ya kupanga ya Ukanda wa kuwasilisha ni meza ya kuwasilisha gorofa. Inaweza kutenganisha chupa za plastiki ambazo hazijaandikwa au chupa za rangi tofauti. Kusudi ni kuboresha usafi wa flakes za plastiki. Kama ilivyoelezwa hapo juu, idadi ndogo ya chupa hazijawekwa lebo baada ya kupita kwenye kitenganishi cha lebo ya plastiki. Kwenye meza ya kupanga ya ukanda, unaweza kuwachagua.<\/p> <figure id=\"attachment_5476\" aria-describedby=\"caption-attachment-5476\" style=\"width: 720px\" class=\"wp-caption aligncenter\"><img decoding=\"async\" class=\"size-full wp-image-5476\" src=\"https:\/\/recyclingequipinc.com\/wp-content\/uploads\/2021\/09\/Belt-Conveying-Sorting-Table-Machine.jpg\" alt=\"Mashine ya Jedwali ya Kupitisha Mikanda ya Kupanga\" width=\"720\" height=\"540\" srcset=\"https:\/\/recyclingequipinc.com\/wp-content\/uploads\/2021\/09\/Belt-Conveying-Sorting-Table-Machine.jpg 720w, https:\/\/recyclingequipinc.com\/wp-content\/uploads\/2021\/09\/Belt-Conveying-Sorting-Table-Machine-300x225.jpg 300w, https:\/\/recyclingequipinc.com\/wp-content\/uploads\/2021\/09\/Belt-Conveying-Sorting-Table-Machine-600x450.jpg 600w\" sizes=\"(max-width: 720px) 100vw, 720px\" \/><figcaption id=\"caption-attachment-5476\" class=\"wp-caption-text\">Mashine ya Jedwali ya Kupitisha Mikanda ya Kupanga<\/figcaption><\/figure> <h3>Mashine ya Kusaga Plastiki<\/h3> <p>Kusaga Plastiki ya Kipenzi ni mojawapo ya mashine muhimu zaidi katika mstari wa kuosha chupa za PET. Kazi ya crusher ya plastiki ni kuponda chupa ya plastiki ndani ya ukubwa wa karatasi ya plastiki. Chombo chetu cha kukata ni chuma cha juu, ambacho kinaweza kuponda chupa za plastiki kwa urahisi chini ya hatua ya mzunguko. Na skrini ndani ya mashine ni 12mm nene na shimo la skrini ni 16mm. Ikiwa una skrini inayotaka na saizi ya matundu, unaweza kuwasiliana nasi na tunaweza kutoa huduma iliyobinafsishwa. Kwa kuongeza, saizi ya flakes ya plastiki iliyokamilishwa inaweza kubinafsisha kulingana na mahitaji yako.<\/p> <figure id=\"attachment_5477\" aria-describedby=\"caption-attachment-5477\" style=\"width: 750px\" class=\"wp-caption aligncenter\"><img decoding=\"async\" class=\"size-full wp-image-5477\" src=\"https:\/\/recyclingequipinc.com\/wp-content\/uploads\/2021\/09\/Plastic-Crusher-Machine.jpg\" alt=\"Mashine ya Kusaga Plastiki\" width=\"750\" height=\"750\" srcset=\"https:\/\/recyclingequipinc.com\/wp-content\/uploads\/2021\/09\/Plastic-Crusher-Machine.jpg 750w, https:\/\/recyclingequipinc.com\/wp-content\/uploads\/2021\/09\/Plastic-Crusher-Machine-100x100.jpg 100w, https:\/\/recyclingequipinc.com\/wp-content\/uploads\/2021\/09\/Plastic-Crusher-Machine-300x300.jpg 300w, https:\/\/recyclingequipinc.com\/wp-content\/uploads\/2021\/09\/Plastic-Crusher-Machine-150x150.jpg 150w, https:\/\/recyclingequipinc.com\/wp-content\/uploads\/2021\/09\/Plastic-Crusher-Machine-600x600.jpg 600w\" sizes=\"(max-width: 750px) 100vw, 750px\" \/><figcaption id=\"caption-attachment-5477\" class=\"wp-caption-text\">Mashine ya Kusaga Plastiki<\/figcaption><\/figure> <h3>Tangi ya Kuosha<\/h3> <p>Vifaa hutumiwa kuosha flakes za plastiki mara ya kwanza baada ya mchakato wa kusagwa. Kwa kuongezea, inaweza pia kutenganisha kofia za plastiki zilizotengenezwa na PP au PE ili kuboresha usafi wa flakes za PET. Na inafaa kwa kujitenga zaidi na suuza baada ya kuosha maji ya moto na mashine ya msuguano ili kufanya flakes za chupa kuwa safi zaidi. Tangi ya kuosha inaendesha kwa utulivu na nguvu ya kutosha, nyenzo za kudumu, na si rahisi kuwaka. Ni sehemu muhimu ya mstari wa kuosha chupa za PET.<\/p> <figure id=\"attachment_4624\" aria-describedby=\"caption-attachment-4624\" style=\"width: 674px\" class=\"wp-caption aligncenter\"><img loading=\"lazy\" decoding=\"async\" class=\"size-full wp-image-4624\" src=\"https:\/\/recyclingequipinc.com\/wp-content\/uploads\/2021\/09\/washing-tank-equipment.jpg\" alt=\"kuosha vifaa vya tank\" width=\"674\" height=\"545\" srcset=\"https:\/\/recyclingequipinc.com\/wp-content\/uploads\/2021\/09\/washing-tank-equipment.jpg 674w, https:\/\/recyclingequipinc.com\/wp-content\/uploads\/2021\/09\/washing-tank-equipment-300x243.jpg 300w, https:\/\/recyclingequipinc.com\/wp-content\/uploads\/2021\/09\/washing-tank-equipment-600x485.jpg 600w\" sizes=\"(max-width: 674px) 100vw, 674px\" \/><figcaption id=\"caption-attachment-4624\" class=\"wp-caption-text\">kuosha vifaa vya tank<\/figcaption><\/figure> <h3>Mashine ya Kusafisha ya Chupa Kipenzi<\/h3> <p>Mashine ya kuosha yenye msuguano inatumika kwa kusafisha taka za plastiki kama kifaa cha kusaidia cha laini ya kuosha chupa ya PET. Inajumuisha injini kuu, motor, sura ya mguu, uingizaji wa maji, uingizaji wa kulisha, shimo la kutokwa, na kadhalika. Kuna kiingilio cha nje cha maji juu, kichujio laini cha matundu kwenye sehemu ya chini ya mwili. Nyenzo huingizwa kutoka kwa ghuba ya kulisha, ikisuguliwa kikamilifu na maji ya bomba na skrubu inayozunguka kwa kasi, kuondoa uchafu (udongo, mchanga, majani, karatasi, massa), na kisha suuza uchafu juu ya uso.<\/p> <figure id=\"attachment_4626\" aria-describedby=\"caption-attachment-4626\" style=\"width: 720px\" class=\"wp-caption aligncenter\"><img loading=\"lazy\" decoding=\"async\" class=\"size-full wp-image-4626\" src=\"https:\/\/recyclingequipinc.com\/wp-content\/uploads\/2021\/09\/frictional-cleaning-equipment.jpg\" alt=\"vifaa vya kusafisha msuguano\" width=\"720\" height=\"540\" srcset=\"https:\/\/recyclingequipinc.com\/wp-content\/uploads\/2021\/09\/frictional-cleaning-equipment.jpg 720w, https:\/\/recyclingequipinc.com\/wp-content\/uploads\/2021\/09\/frictional-cleaning-equipment-300x225.jpg 300w, https:\/\/recyclingequipinc.com\/wp-content\/uploads\/2021\/09\/frictional-cleaning-equipment-600x450.jpg 600w\" sizes=\"(max-width: 720px) 100vw, 720px\" \/><figcaption id=\"caption-attachment-4626\" class=\"wp-caption-text\">vifaa vya kusafisha msuguano<\/figcaption><\/figure> <h3>Mashine ya Kusafisha yenye joto la juu<\/h3> <p class=\"translation-block\">Den heta tv\u00e4ttmaskinen till\u00e4mpas i stor utstr\u00e4ckning f\u00f6r att noggrant reng\u00f6ra plast i varmt vatten med tv\u00e4ttmedel. Den har en \u00f6ppen \u00f6verstruktur med automatisk temperaturkontroll, v\u00e4rmebevarande och omr\u00f6rning. Och sedan \u00e4r utrustningen l\u00e4mplig f\u00f6r <a href=\"https:\/\/recyclingequipinc.com\/sw\/bidhaa\/pet-bottle-recycling-machine\/\"><strong>PET-flask\u00e5tervinningslinje<\/strong><\/a>, v\u00e4rmer snabbt och reng\u00f6r bekv\u00e4mt.<\/p> <figure id=\"attachment_4625\" aria-describedby=\"caption-attachment-4625\" style=\"width: 475px\" class=\"wp-caption aligncenter\"><img loading=\"lazy\" decoding=\"async\" class=\"size-full wp-image-4625\" src=\"https:\/\/recyclingequipinc.com\/wp-content\/uploads\/2021\/09\/high-water-washing-machine.jpg\" alt=\"mashine ya kuosha maji ya juu\" width=\"475\" height=\"522\" srcset=\"https:\/\/recyclingequipinc.com\/wp-content\/uploads\/2021\/09\/high-water-washing-machine.jpg 475w, https:\/\/recyclingequipinc.com\/wp-content\/uploads\/2021\/09\/high-water-washing-machine-273x300.jpg 273w\" sizes=\"(max-width: 475px) 100vw, 475px\" \/><figcaption id=\"caption-attachment-4625\" class=\"wp-caption-text\">mashine ya kuosha maji ya juu<\/figcaption><\/figure> <h4>Sifa za Mashine ya Kuosha Maji ya Moto<\/h4> <ol> <li>Inapima na kudhibiti joto la nyenzo kwa kuunganisha thermocouple na mtawala wa joto.<\/li> <li>Kuna sleeve inayoweza kusongeshwa inayounganisha shimoni la pato la kipunguzaji na shimoni la pala, rahisi kutengana na kusafisha.<\/li> <li>Uso wa ganda letu huchukua kumaliza kwa matte iliyosafishwa kwa kioo.<\/li> <li>Uso wa ndani ni kumaliza kioo. Tangi ya ndani haina pembe iliyokufa, nyenzo za kusafisha zisizo na uhifadhi.<\/li> <\/ol> <h4>Vigezo vya Mashine ya Kuosha yenye joto la juu<\/h4> <ol> <li>Kiasi: 5L, 10L<\/li> <li>Njia ya kupokanzwa: tumia makaa ya mawe au gesi asilia kwa kupokanzwa<\/li> <li>Joto la joto la nyenzo: si zaidi ya 90 \u2103<\/li> <li>Kasi ya kusisimua: 15 ~ 120r\/min (kasi ya mara kwa mara)<\/li> <\/ol> <h3>Mashine ya Kumimina maji ya plastiki<\/h3> <p>Kiondoa maji maji ya flakes za plastiki ndio mashine kuu ya mwisho katika safu nzima ya kuchakata chupa za plastiki za PET. Hasa hupunguza maji na kukausha vifaa. Kwa msaada wa mashine ya kufuta maji ya plastiki, flakes za plastiki zilizosafishwa zinaweza kuingia moja kwa moja kwenye pipa la upasuaji.<\/p> <figure id=\"attachment_5478\" aria-describedby=\"caption-attachment-5478\" style=\"width: 750px\" class=\"wp-caption aligncenter\"><img loading=\"lazy\" decoding=\"async\" class=\"size-full wp-image-5478\" src=\"https:\/\/recyclingequipinc.com\/wp-content\/uploads\/2021\/09\/Plastic-Dewatering-Machine.jpg\" alt=\"Mashine ya Kumimina maji ya plastiki\" width=\"750\" height=\"750\" srcset=\"https:\/\/recyclingequipinc.com\/wp-content\/uploads\/2021\/09\/Plastic-Dewatering-Machine.jpg 750w, https:\/\/recyclingequipinc.com\/wp-content\/uploads\/2021\/09\/Plastic-Dewatering-Machine-100x100.jpg 100w, https:\/\/recyclingequipinc.com\/wp-content\/uploads\/2021\/09\/Plastic-Dewatering-Machine-300x300.jpg 300w, https:\/\/recyclingequipinc.com\/wp-content\/uploads\/2021\/09\/Plastic-Dewatering-Machine-150x150.jpg 150w, https:\/\/recyclingequipinc.com\/wp-content\/uploads\/2021\/09\/Plastic-Dewatering-Machine-600x600.jpg 600w\" sizes=\"(max-width: 750px) 100vw, 750px\" \/><figcaption id=\"caption-attachment-5478\" class=\"wp-caption-text\">Mashine ya Kumimina maji ya plastiki<\/figcaption><\/figure> <h2>Utendaji wa Flakes za Plastiki Zinazotengenezwa na Laini ya Kuoshea Chupa za Plastiki<\/h2> <ul> <li>Tengeneza tena chupa za plastiki za PET. Vipande vya plastiki vilivyotengenezwa tena haviwezi kugusana moja kwa moja na chakula. Hata hivyo, unaweza kwenye safu ya kati ya chupa za plastiki za PET za safu tatu, na kisha ukaifanya kuwa chupa za vinywaji vya kaboni.<\/li> <li>Vipande vya plastiki vya PET vinaweza kufanywa kuwa nyuzi na kutumika kama mifuko ya kulalia, godoro, msingi wa mto, <a href=\"https:\/\/en.wikipedia.org\/wiki\/Felt\" target=\"_blank\" rel=\"noopener\">waliona<\/a>, na kadhalika.<\/li> <li>Mbali na kufanya chupa za plastiki za pet, unaweza kutumia kufanya vifuniko vya gurudumu la gari, nk<\/li> <\/ul>","protected":false},"excerpt":{"rendered":"<p class=\"translation-block\"><strong><b>PET-flasktv\u00e4tt <\/b><\/strong><strong><b>linje<\/b><\/strong> inkluderar en tv\u00e4tttank, en tv\u00e4tttank f\u00f6r varmt vatten och en friktionsreng\u00f6ringsmaskin \u00e5tminstone<strong><b>.<\/b><\/strong> Om budgeten \u00e4r h\u00f6g eller om man str\u00e4var efter klarare f\u00e4rdiga produkter kan man \u00f6ka antalet tv\u00e4tttankar, tv\u00e4tttankar f\u00f6r varmt vatten, friktionsreng\u00f6ringsmaskiner till tv\u00e5 eller tre. Tv\u00e4ttutrustningslinjen kan anpassas efter dina behov.<\/p>","protected":false},"featured_media":4497,"template":"","meta":{"site-sidebar-layout":"default","site-content-layout":"default","ast-site-content-layout":"default","site-content-style":"default","site-sidebar-style":"default","ast-global-header-display":"","ast-banner-title-visibility":"","ast-main-header-display":"","ast-hfb-above-header-display":"","ast-hfb-below-header-display":"","ast-hfb-mobile-header-display":"","site-post-title":"","ast-breadcrumbs-content":"","ast-featured-img":"","footer-sml-layout":"","ast-disable-related-posts":"","theme-transparent-header-meta":"default","adv-header-id-meta":"","stick-header-meta":"default","header-above-stick-meta":"","header-main-stick-meta":"","header-below-stick-meta":"","astra-migrate-meta-layouts":"default","ast-page-background-enabled":"default","ast-page-background-meta":{"desktop":{"background-color":"","background-image":"","background-repeat":"repeat","background-position":"center center","background-size":"auto","background-attachment":"scroll","background-type":"","background-media":"","overlay-type":"","overlay-color":"","overlay-opacity":"","overlay-gradient":""},"tablet":{"background-color":"","background-image":"","background-repeat":"repeat","background-position":"center center","background-size":"auto","background-attachment":"scroll","background-type":"","background-media":"","overlay-type":"","overlay-color":"","overlay-opacity":"","overlay-gradient":""},"mobile":{"background-color":"","background-image":"","background-repeat":"repeat","background-position":"center center","background-size":"auto","background-attachment":"scroll","background-type":"","background-media":"","overlay-type":"","overlay-color":"","overlay-opacity":"","overlay-gradient":""}},"ast-content-background-meta":{"desktop":{"background-color":"var(--ast-global-color-5)","background-image":"","background-repeat":"repeat","background-position":"center center","background-size":"auto","background-attachment":"scroll","background-type":"","background-media":"","overlay-type":"","overlay-color":"","overlay-opacity":"","overlay-gradient":""},"tablet":{"background-color":"var(--ast-global-color-5)","background-image":"","background-repeat":"repeat","background-position":"center center","background-size":"auto","background-attachment":"scroll","background-type":"","background-media":"","overlay-type":"","overlay-color":"","overlay-opacity":"","overlay-gradient":""},"mobile":{"background-color":"var(--ast-global-color-5)","background-image":"","background-repeat":"repeat","background-position":"center center","background-size":"auto","background-attachment":"scroll","background-type":"","background-media":"","overlay-type":"","overlay-color":"","overlay-opacity":"","overlay-gradient":""}}},"product_brand":[],"product_cat":[36],"product_tag":[88,95],"class_list":{"0":"post-4386","1":"product","2":"type-product","3":"status-publish","4":"has-post-thumbnail","6":"product_cat-plastic-recycling-machine","7":"product_tag-pet-recycling","8":"product_tag-washing","9":"desktop-align-center","10":"tablet-align-center","11":"mobile-align-center","13":"first","14":"instock","15":"shipping-taxable","16":"product-type-simple"},"_links":{"self":[{"href":"https:\/\/recyclingequipinc.com\/sw\/wp-json\/wp\/v2\/product\/4386","targetHints":{"allow":["GET"]}}],"collection":[{"href":"https:\/\/recyclingequipinc.com\/sw\/wp-json\/wp\/v2\/product"}],"about":[{"href":"https:\/\/recyclingequipinc.com\/sw\/wp-json\/wp\/v2\/types\/product"}],"version-history":[{"count":0,"href":"https:\/\/recyclingequipinc.com\/sw\/wp-json\/wp\/v2\/product\/4386\/revisions"}],"wp:featuredmedia":[{"embeddable":true,"href":"https:\/\/recyclingequipinc.com\/sw\/wp-json\/wp\/v2\/media\/4497"}],"wp:attachment":[{"href":"https:\/\/recyclingequipinc.com\/sw\/wp-json\/wp\/v2\/media?parent=4386"}],"wp:term":[{"taxonomy":"product_brand","embeddable":true,"href":"https:\/\/recyclingequipinc.com\/sw\/wp-json\/wp\/v2\/product_brand?post=4386"},{"taxonomy":"product_cat","embeddable":true,"href":"https:\/\/recyclingequipinc.com\/sw\/wp-json\/wp\/v2\/product_cat?post=4386"},{"taxonomy":"product_tag","embeddable":true,"href":"https:\/\/recyclingequipinc.com\/sw\/wp-json\/wp\/v2\/product_tag?post=4386"}],"curies":[{"name":"wp","href":"https:\/\/api.w.org\/{rel}","templated":true}]}}