{"id":17587,"date":"2025-12-01T10:36:22","date_gmt":"2025-12-01T02:36:22","guid":{"rendered":"https:\/\/recyclingequipinc.com\/?post_type=product&#038;p=17587"},"modified":"2025-12-22T13:46:33","modified_gmt":"2025-12-22T05:46:33","slug":"dry-ice-pelletizer","status":"publish","type":"product","link":"https:\/\/recyclingequipinc.com\/sw\/product\/dry-ice-pelletizer\/","title":{"rendered":"HiGh Prestanda Dry Ice Pelletizer"},"content":{"rendered":"<p>Str\u00f6mlinjeforma dina operationer och f\u00e5 full kontroll \u00f6ver ditt koldioxidfrysta leverans med en modern Shuliy Dry Ice Pelletizer. Tillverka f\u00e4rska, h\u00f6gkvalitativa torkade koldioxid-pelletter on demand, som erbjuder o\u00f6vertr\u00e4ffad effektivitet f\u00f6r industriell reng\u00f6ring, exakt kylning och f\u00e4ngslande specialeffekter. S\u00e4g adj\u00f6 till leverant\u00f6rskedjeproblem och hej till on-site produktion som s\u00e4kerst\u00e4ller optimal prestanda och kostnadsbesparingar.<\/p> <h2>Kraften hos on-demand torkad koldioxidpellets<\/h2> <p>A robust dry ice pelletizer is more than just a piece of equipment; it&#8217;s a strategic asset. It empowers businesses to generate their own dry ice pellets, eliminating the logistical challenges and costs associated with external suppliers. This ensures you always have access to fresh, high-density pellets, crucial for applications where quality and consistency are paramount. Whether you&#8217;re in manufacturing, food processing, or entertainment, a reliable dry ice pellet machine is key to operational excellence.<\/p> <h2>Hur Shuliy Dry Ice Pelletizers Fungerar<\/h2> <p>V\u00e5r avancerade maskin f\u00f6r tillverkning av torkad koldioxid \u00e4r utformad f\u00f6r effektivitet och enkel anv\u00e4ndning. Processen \u00e4r enkel men mycket effektiv:<\/p> <ul> <li><strong>CO2-omvandling:<\/strong> Flytande koldioxid (CO2) injiceras exakt i ett h\u00f6gtrycksrum inom Shuliy-pelletizern.<\/li> <li><strong>Sn\u00f6bildning:<\/strong> N\u00e4r CO2 sl\u00e4pps igenom en kontrollerad tryckrelease upplever det snabb expansion och en dramatisk temperaturfall. Detta f\u00e5r det att stelna till fin, pudrig torkad koldioxidsn\u00f6.<\/li> <li><strong>Pelletextrudering:<\/strong> Denna koldioxidsn\u00f6 komprimeras sedan under tryck och tvingas genom s\u00e4rskilt utformade die-plattor. Denna extruderingsprocess formar sn\u00f6n till enhetliga, t\u00e4ta torkade koldioxidpellets, redo att anv\u00e4ndas omedelbart.<\/li> <\/ul> <p>his sophisticated yet simple mechanism ensures a high conversion ratio (\u226542%) and produces dry ice pellets with a density of 1550 kg\/m\u00b3, maximizing their effectiveness in any application. Shuliy&#8217;s equipment features robust stainless steel construction, an intuitive touchscreen interface, and a reliable extrusion system, guaranteeing consistent results and simple operation.<\/p> <h2>Shuliy&#8217;s Dry Ice Pelletizer Range<\/h2> <p>Vi erbjuder olika torkad koldioxidpelletmaskiner till salu f\u00f6r att passa olika industriella behov: fr\u00e5n sm\u00e5skaliga operationer till h\u00f6gvolymsproduktion:<\/p> <table style=\"border-collapse: collapse; width: 100%;\"> <tbody> <tr> <td style=\"width: 14.2857%;\">Mfano<\/td> <td style=\"width: 14.2857%;\">Uwezo (kg\/h)<\/td> <td style=\"width: 14.2857%;\">Pelletstorlek (mm)<\/td> <td style=\"width: 14.2857%;\">Effekt(kW)<\/td> <td style=\"width: 14.2857%;\">Uzito (kg)<\/td> <td style=\"width: 14.2857%;\">Dimensioner(cm)<\/td> <\/tr> <tr> <td style=\"width: 14.2857%;\">SL-50<\/td> <td style=\"width: 14.2857%;\">50<\/td> <td style=\"width: 14.2857%;\">\u22053-16<\/td> <td style=\"width: 14.2857%;\">3<\/td> <td style=\"width: 14.2857%;\">200<\/td> <td style=\"width: 14.2857%;\">100*50*100<\/td> <\/tr> <tr> <td style=\"width: 14.2857%;\">SL-100<\/td> <td style=\"width: 14.2857%;\">100<\/td> <td style=\"width: 14.2857%;\">\u22053-19<\/td> <td style=\"width: 14.2857%;\">4<\/td> <td style=\"width: 14.2857%;\">350<\/td> <td style=\"width: 14.2857%;\">128*60*140<\/td> <\/tr> <tr> <td style=\"width: 14.2857%;\">SL-150<\/td> <td style=\"width: 14.2857%;\">150<\/td> <td style=\"width: 14.2857%;\">\u22053-19<\/td> <td style=\"width: 14.2857%;\">7.5<\/td> <td style=\"width: 14.2857%;\">600<\/td> <td style=\"width: 14.2857%;\">135*65*165<\/td> <\/tr> <tr> <td style=\"width: 14.2857%;\">SL-200<\/td> <td style=\"width: 14.2857%;\">200<\/td> <td style=\"width: 14.2857%;\">\u22053-19<\/td> <td style=\"width: 14.2857%;\">5.5<\/td> <td style=\"width: 14.2857%;\">650<\/td> <td style=\"width: 14.2857%;\">48*100*151<\/td> <\/tr> <tr> <td style=\"width: 14.2857%;\">SL-300<\/td> <td style=\"width: 14.2857%;\">300<\/td> <td style=\"width: 14.2857%;\">\u22053-19<\/td> <td style=\"width: 14.2857%;\">7.5<\/td> <td style=\"width: 14.2857%;\">1200<\/td> <td style=\"width: 14.2857%;\">135*120*158<\/td> <\/tr> <tr> <td style=\"width: 14.2857%;\">SL-500<\/td> <td style=\"width: 14.2857%;\">500<\/td> <td style=\"width: 14.2857%;\">\u22053-19<\/td> <td style=\"width: 14.2857%;\">18.5<\/td> <td style=\"width: 14.2857%;\">2500<\/td> <td style=\"width: 14.2857%;\">165*145*175<\/td> <\/tr> <\/tbody> <\/table> <h2>Viktiga f\u00f6rdelar med att investera i en Shuliy Dry Ice Pelletizer<\/h2> <ul> <li><strong>Kostnadseffektivitet:<\/strong> Minska betydligt utgifterna f\u00f6r ink\u00f6p och transport av torkad koldioxid.<\/li> <li><strong>P\u00e5 beg\u00e4ran f\u00e4rskhet:<\/strong> Producera pellets vid behov, vilket s\u00e4kerst\u00e4ller topprestanda och sublimationskarakteristik.<\/li> <li><strong>M\u00e5ngsidiga till\u00e4mpningar:<\/strong> Perfekt f\u00f6r precisionsreng\u00f6ring i fordon och elektronik, snabbfrysning i livsmedelsindustrin, uppr\u00e4tth\u00e5llande av kylkedjekapacitet och skapande av dramatiska atmosf\u00e4riska effekter.<\/li> <li><strong>Milj\u00f6v\u00e4nlig:<\/strong> Torkad koldioxid \u00e4r ett h\u00e5llbart alternativ, som sublimerar direkt till CO2-gas utan att l\u00e4mna kemiskt rester.<\/li> <li><strong>Operativ kontroll:<\/strong> Bli oberoende av externa leverant\u00f6rer och s\u00e4kerst\u00e4ll kontinuitet och stabilitet i dina operationer.<\/li> <\/ul> <h2>Skiljer torkad koldioxidutrustning \u00e5t:<\/h2> <p class=\"translation-block\">It&#8217;s important to note that a dry ice pelletizer is specifically designed to create uniform dry ice pellets. This differs from <a href=\"https:\/\/recyclingequipinc.com\/sw\/bidhaa\/dry-ice-block-maker\/\">machines that produce dry ice blocks<\/a>, and it is also distinct from dry ice blasting equipment, which uses dry ice pellets for cleaning purposes. Shuliy offers comprehensive dry ice solutions to meet your diverse needs.<\/p> <h2>Kundframg\u00e5ng Spotlight<\/h2> <p>A leading food processing company in the United States relies on Shuliy&#8217;s dry ice pellet machine for sale to maintain optimal temperature control for their high-value perishable goods during extended shipping. By using Shuliy equipment to produce fresh dry ice on demand, they have successfully reduced product spoilage by 20% and significantly boosted customer satisfaction due to consistent product quality.<\/p> <p>&nbsp;<\/p>","protected":false},"excerpt":{"rendered":"<p>Shuliy Dry Ice Pelletizers: On-demand, kvalitets pellets f\u00f6r reng\u00f6ring, kylning, effekter. Konkurrenskraftiga priser &amp; experthj\u00e4lp.<\/p>","protected":false},"featured_media":17591,"template":"","meta":{"site-sidebar-layout":"default","site-content-layout":"","ast-site-content-layout":"default","site-content-style":"default","site-sidebar-style":"default","ast-global-header-display":"","ast-banner-title-visibility":"","ast-main-header-display":"","ast-hfb-above-header-display":"","ast-hfb-below-header-display":"","ast-hfb-mobile-header-display":"","site-post-title":"","ast-breadcrumbs-content":"","ast-featured-img":"","footer-sml-layout":"","ast-disable-related-posts":"","theme-transparent-header-meta":"default","adv-header-id-meta":"","stick-header-meta":"","header-above-stick-meta":"","header-main-stick-meta":"","header-below-stick-meta":"","astra-migrate-meta-layouts":"set","ast-page-background-enabled":"default","ast-page-background-meta":{"desktop":{"background-color":"","background-image":"","background-repeat":"repeat","background-position":"center center","background-size":"auto","background-attachment":"scroll","background-type":"","background-media":"","overlay-type":"","overlay-color":"","overlay-opacity":"","overlay-gradient":""},"tablet":{"background-color":"","background-image":"","background-repeat":"repeat","background-position":"center center","background-size":"auto","background-attachment":"scroll","background-type":"","background-media":"","overlay-type":"","overlay-color":"","overlay-opacity":"","overlay-gradient":""},"mobile":{"background-color":"","background-image":"","background-repeat":"repeat","background-position":"center center","background-size":"auto","background-attachment":"scroll","background-type":"","background-media":"","overlay-type":"","overlay-color":"","overlay-opacity":"","overlay-gradient":""}},"ast-content-background-meta":{"desktop":{"background-color":"var(--ast-global-color-5)","background-image":"","background-repeat":"repeat","background-position":"center center","background-size":"auto","background-attachment":"scroll","background-type":"","background-media":"","overlay-type":"","overlay-color":"","overlay-opacity":"","overlay-gradient":""},"tablet":{"background-color":"var(--ast-global-color-5)","background-image":"","background-repeat":"repeat","background-position":"center center","background-size":"auto","background-attachment":"scroll","background-type":"","background-media":"","overlay-type":"","overlay-color":"","overlay-opacity":"","overlay-gradient":""},"mobile":{"background-color":"var(--ast-global-color-5)","background-image":"","background-repeat":"repeat","background-position":"center center","background-size":"auto","background-attachment":"scroll","background-type":"","background-media":"","overlay-type":"","overlay-color":"","overlay-opacity":"","overlay-gradient":""}}},"product_brand":[],"product_cat":[132],"product_tag":[],"class_list":{"0":"post-17587","1":"product","2":"type-product","3":"status-publish","4":"has-post-thumbnail","6":"product_cat-dry-ice-machine","7":"desktop-align-center","8":"tablet-align-center","9":"mobile-align-center","11":"first","12":"instock","13":"shipping-taxable","14":"product-type-simple"},"_links":{"self":[{"href":"https:\/\/recyclingequipinc.com\/sw\/wp-json\/wp\/v2\/product\/17587","targetHints":{"allow":["GET"]}}],"collection":[{"href":"https:\/\/recyclingequipinc.com\/sw\/wp-json\/wp\/v2\/product"}],"about":[{"href":"https:\/\/recyclingequipinc.com\/sw\/wp-json\/wp\/v2\/types\/product"}],"version-history":[{"count":0,"href":"https:\/\/recyclingequipinc.com\/sw\/wp-json\/wp\/v2\/product\/17587\/revisions"}],"wp:featuredmedia":[{"embeddable":true,"href":"https:\/\/recyclingequipinc.com\/sw\/wp-json\/wp\/v2\/media\/17591"}],"wp:attachment":[{"href":"https:\/\/recyclingequipinc.com\/sw\/wp-json\/wp\/v2\/media?parent=17587"}],"wp:term":[{"taxonomy":"product_brand","embeddable":true,"href":"https:\/\/recyclingequipinc.com\/sw\/wp-json\/wp\/v2\/product_brand?post=17587"},{"taxonomy":"product_cat","embeddable":true,"href":"https:\/\/recyclingequipinc.com\/sw\/wp-json\/wp\/v2\/product_cat?post=17587"},{"taxonomy":"product_tag","embeddable":true,"href":"https:\/\/recyclingequipinc.com\/sw\/wp-json\/wp\/v2\/product_tag?post=17587"}],"curies":[{"name":"wp","href":"https:\/\/api.w.org\/{rel}","templated":true}]}}