{"id":17585,"date":"2025-12-01T10:35:01","date_gmt":"2025-12-01T02:35:01","guid":{"rendered":"https:\/\/recyclingequipinc.com\/?post_type=product&#038;p=17585"},"modified":"2025-12-01T10:35:01","modified_gmt":"2025-12-01T02:35:01","slug":"dry-ice-block-maker","status":"publish","type":"product","link":"https:\/\/recyclingequipinc.com\/sw\/product\/dry-ice-block-maker\/","title":{"rendered":"Torrisblockstillverkare till Salu"},"content":{"rendered":"<p>Uppn\u00e5 maximal drifts effektivitet med Shuliy SL-Series Torrisblockstillverkare. Konstruerad f\u00f6r tillf\u00f6rlitlighet och o\u00f6vertr\u00e4ffad prestanda, ger denna maskin ditt f\u00f6retag m\u00f6jlighet att producera premium, h\u00f6gdensitets torrisblock p\u00e5 plats. Ta full kontroll \u00f6ver dina kyl- och bevarandeprocesser genom att producera ett \u00f6verl\u00e4gset kylmedel exakt n\u00e4r du beh\u00f6ver det, maximera kvaliteten och minimera driftskostnaderna.<\/p> <h2>Varf\u00f6r Investera i en Shuliy Torrisblockstillverkare?<\/h2> <p>V\u00e5ra maskiner \u00e4r inte bara utrustning; de \u00e4r en strategisk tillg\u00e5ng f\u00f6r ditt f\u00f6retag. Varje komponent \u00e4r utformad f\u00f6r att leverera p\u00e5tagliga f\u00f6rdelar.<\/p> <ul> <li><strong>\u00d6verl\u00e4gsen Blockkvalitet:<\/strong> V\u00e5r kraftfulla hydrauliska press skapar ultrah\u00f6gdensitetsblock (upp till 1550 kg\/m\u00b3). Detta inneb\u00e4r att din torris \u00e4r mer solid, varar betydligt l\u00e4ngre och ger mer effektiv kylkraft per kilogram.<\/li> <li><strong>Maximal Effektivitet:<\/strong> Don&#8217;t waste valuable resources. With an advanced design, our dry ice block maker achieves a market-leading conversion ratio of \u226542%, converting more liquid CO2 into solid ice and dramatically lowering your cost per block.<\/li> <li><strong>Robust &amp; Tillf\u00f6rlitlig Drift:<\/strong> Byggd f\u00f6r kraven i industriella milj\u00f6er, Shuliy SL-Series har en h\u00e5llbar ram och h\u00f6gkvalitativa k\u00e4rnkomponenter, vilket s\u00e4kerst\u00e4ller konsekvent prestanda och en l\u00e5ng livsl\u00e4ngd med minimal underh\u00e5ll.<\/li> <li><strong>Enkel, Automatisk Kontroll:<\/strong> Det intuitiva PLC peksk\u00e4rmsgr\u00e4nssnittet m\u00f6jligg\u00f6r enkel, en-knapps drift. Detta minskar arbetskostnader, minimerar tr\u00e4ningstid och s\u00e4kerst\u00e4ller konsekvent produktion oavsett operat\u00f6r.<\/li> <\/ul> <h2>Den Enkla 3-Stegs Produktionsprocessen<\/h2> <p>Att producera din egen h\u00f6gkvalitativa torris har aldrig varit enklare. V\u00e5r automatiska torrisblockstillverkare str\u00f6mlinjeformar hela processen.<\/p> <ol> <li><strong>Flytande CO2 Inmatning:<\/strong> Maskinen drar flytande CO2 fr\u00e5n din anslutna lagertank.<\/li> <li><strong>Snabb Solidifiering:<\/strong> The LCO2 is injected into a chamber, where it rapidly expands and solidifies into &#8220;dry ice snow.&#8221;<\/li> <li><strong>Hydraulisk Kompression:<\/strong> Det kraftfulla hydrauliska systemet komprimerar omedelbart sn\u00f6n till ett solidt, perfekt format, h\u00f6gdensitetsblock.<\/li> <\/ol> <h2>Shuliy SL-Series: Konstruerad f\u00f6r Dina Behov<\/h2> <p>V\u00e5r torrisproduktionsutrustning \u00e4r inte en storlek passar alla. Vi erbjuder tv\u00e5 distinkta modeller f\u00f6r att s\u00e4kerst\u00e4lla en perfekt match f\u00f6r din specifika produktionsvolym och arbetsyta.<\/p> <h3><span style=\"font-size: 14pt;\">SL-120: Den Kompakta Kraften<\/span><\/h3> <p>Idealisk f\u00f6r v\u00e4xande f\u00f6retag, laboratorier eller medelstora livsmedelsproducenter, \u00e4r SL-120 en kompakt men kraftfull kommersiell torrisblockstillverkare. Den levererar en konsekvent produktion p\u00e5 100-160 kg\/h utan att kr\u00e4va en massiv fotavtryck, vilket g\u00f6r den till det perfekta f\u00f6rsta steget in i on-site torris tillverkning.<\/p> <h3><span style=\"font-size: 14pt;\">SL-240: Den Industriella Arbetsh\u00e4sten<\/span><\/h3> <p>F\u00f6r storskaliga operationer \u00e4r SL-240 den ultimata l\u00f6sningen. Denna industriella torrisblockstillverkare har en massiv kapacitet p\u00e5 200-300 kg\/h, vilket enkelt st\u00f6djer stora flygplans catering tj\u00e4nster, stora l\u00e4kemedelslogistiknav och h\u00f6gvolym livsmedelsproduktionslinjer.<\/p> <table style=\"border-collapse: collapse; width: 100%;\"> <tbody> <tr> <td style=\"width: 33.3333%;\">Vigezo<\/td> <td style=\"width: 33.3333%;\">SL-120<\/td> <td style=\"width: 33.3333%;\">SL-240<\/td> <\/tr> <tr> <td style=\"width: 33.3333%;\">Uwezo (kg\/h)<\/td> <td style=\"width: 33.3333%;\">100-160<\/td> <td style=\"width: 33.3333%;\">200-300<\/td> <\/tr> <tr> <td style=\"width: 33.3333%;\">Torris Densitet(kg\/m\u00b3)<\/td> <td style=\"width: 33.3333%;\">1550<\/td> <td style=\"width: 33.3333%;\">1450-1550<\/td> <\/tr> <tr> <td style=\"width: 33.3333%;\">Konverteringsf\u00f6rh\u00e5llande<\/td> <td style=\"width: 33.3333%;\">\u226542%<\/td> <td style=\"width: 33.3333%;\">\u226542%<\/td> <\/tr> <tr> <td style=\"width: 33.3333%;\">Effekt(kW)<\/td> <td style=\"width: 33.3333%;\">4<\/td> <td style=\"width: 33.3333%;\">8<\/td> <\/tr> <tr> <td style=\"width: 33.3333%;\">Dimensioner(cm)<\/td> <td style=\"width: 33.3333%;\">125*60*128<\/td> <td style=\"width: 33.3333%;\">142*120*148<\/td> <\/tr> <\/tbody> <\/table> <h2>L\u00e5s Potential i Alla Industrier<\/h2> <p>F\u00f6rm\u00e5gan att producera h\u00f6gkvalitativa torrisblock f\u00f6r f\u00f6rs\u00e4ljning eller internt bruk g\u00f6r v\u00e5r maskin till en viktig tillg\u00e5ng inom m\u00e5nga sektorer:<\/p> <ul> <li><strong>Kylkedjans Logistik:<\/strong> S\u00e4kerst\u00e4ll oavbruten temperaturkontroll f\u00f6r l\u00e4kemedel, skaldjur och andra l\u00e4ttf\u00f6rd\u00e4rvliga varor fr\u00e5n lager till slutdestination.<\/li> <li><strong>Mat &amp; Dryck:<\/strong> Kyl snabbt produkter under bearbetning, h\u00e4mma bakterietillv\u00e4xt och transportera f\u00e4rdiga varor p\u00e5 ett s\u00e4kert s\u00e4tt.<\/li> <li><strong>Flygplans Catering:<\/strong> Uppr\u00e4tth\u00e5ll livsmedelss\u00e4kerhet och kvalitetsstandarder f\u00f6r tusentals m\u00e5ltider ombord varje dag.<\/li> <li><strong>Medicinsk &amp; Biotech:<\/strong> Bevara biologiska prover, vacciner och organ p\u00e5 ett tillf\u00f6rlitligt s\u00e4tt f\u00f6r transport och l\u00e5ngsiktig lagring.<\/li> <\/ul> <h2>Bortom Maskinen: Shuliy Partnerskapet<\/h2> <p>When you choose Shuliy Machinery, you&#8217;re getting more than just equipment. You&#8217;re gaining a partner dedicated to your success. We provide comprehensive after-sales support, technical guidance, and global shipping to ensure your CO2 to dry ice machine is integrated smoothly and operates flawlessly for years to come.<\/p>","protected":false},"excerpt":{"rendered":"<p>On-Site Torrisproduktion: H\u00f6gre Densitet, L\u00e4gre Kostnader, Total Kontroll.<\/p>","protected":false},"featured_media":17589,"template":"","meta":{"site-sidebar-layout":"default","site-content-layout":"","ast-site-content-layout":"default","site-content-style":"default","site-sidebar-style":"default","ast-global-header-display":"","ast-banner-title-visibility":"","ast-main-header-display":"","ast-hfb-above-header-display":"","ast-hfb-below-header-display":"","ast-hfb-mobile-header-display":"","site-post-title":"","ast-breadcrumbs-content":"","ast-featured-img":"","footer-sml-layout":"","ast-disable-related-posts":"","theme-transparent-header-meta":"default","adv-header-id-meta":"","stick-header-meta":"","header-above-stick-meta":"","header-main-stick-meta":"","header-below-stick-meta":"","astra-migrate-meta-layouts":"set","ast-page-background-enabled":"default","ast-page-background-meta":{"desktop":{"background-color":"","background-image":"","background-repeat":"repeat","background-position":"center center","background-size":"auto","background-attachment":"scroll","background-type":"","background-media":"","overlay-type":"","overlay-color":"","overlay-opacity":"","overlay-gradient":""},"tablet":{"background-color":"","background-image":"","background-repeat":"repeat","background-position":"center center","background-size":"auto","background-attachment":"scroll","background-type":"","background-media":"","overlay-type":"","overlay-color":"","overlay-opacity":"","overlay-gradient":""},"mobile":{"background-color":"","background-image":"","background-repeat":"repeat","background-position":"center center","background-size":"auto","background-attachment":"scroll","background-type":"","background-media":"","overlay-type":"","overlay-color":"","overlay-opacity":"","overlay-gradient":""}},"ast-content-background-meta":{"desktop":{"background-color":"var(--ast-global-color-5)","background-image":"","background-repeat":"repeat","background-position":"center center","background-size":"auto","background-attachment":"scroll","background-type":"","background-media":"","overlay-type":"","overlay-color":"","overlay-opacity":"","overlay-gradient":""},"tablet":{"background-color":"var(--ast-global-color-5)","background-image":"","background-repeat":"repeat","background-position":"center center","background-size":"auto","background-attachment":"scroll","background-type":"","background-media":"","overlay-type":"","overlay-color":"","overlay-opacity":"","overlay-gradient":""},"mobile":{"background-color":"var(--ast-global-color-5)","background-image":"","background-repeat":"repeat","background-position":"center center","background-size":"auto","background-attachment":"scroll","background-type":"","background-media":"","overlay-type":"","overlay-color":"","overlay-opacity":"","overlay-gradient":""}}},"product_brand":[],"product_cat":[132],"product_tag":[],"class_list":{"0":"post-17585","1":"product","2":"type-product","3":"status-publish","4":"has-post-thumbnail","6":"product_cat-dry-ice-machine","7":"desktop-align-center","8":"tablet-align-center","9":"mobile-align-center","11":"first","12":"instock","13":"shipping-taxable","14":"product-type-simple"},"_links":{"self":[{"href":"https:\/\/recyclingequipinc.com\/sw\/wp-json\/wp\/v2\/product\/17585","targetHints":{"allow":["GET"]}}],"collection":[{"href":"https:\/\/recyclingequipinc.com\/sw\/wp-json\/wp\/v2\/product"}],"about":[{"href":"https:\/\/recyclingequipinc.com\/sw\/wp-json\/wp\/v2\/types\/product"}],"version-history":[{"count":0,"href":"https:\/\/recyclingequipinc.com\/sw\/wp-json\/wp\/v2\/product\/17585\/revisions"}],"wp:featuredmedia":[{"embeddable":true,"href":"https:\/\/recyclingequipinc.com\/sw\/wp-json\/wp\/v2\/media\/17589"}],"wp:attachment":[{"href":"https:\/\/recyclingequipinc.com\/sw\/wp-json\/wp\/v2\/media?parent=17585"}],"wp:term":[{"taxonomy":"product_brand","embeddable":true,"href":"https:\/\/recyclingequipinc.com\/sw\/wp-json\/wp\/v2\/product_brand?post=17585"},{"taxonomy":"product_cat","embeddable":true,"href":"https:\/\/recyclingequipinc.com\/sw\/wp-json\/wp\/v2\/product_cat?post=17585"},{"taxonomy":"product_tag","embeddable":true,"href":"https:\/\/recyclingequipinc.com\/sw\/wp-json\/wp\/v2\/product_tag?post=17585"}],"curies":[{"name":"wp","href":"https:\/\/api.w.org\/{rel}","templated":true}]}}