{"id":17529,"date":"2025-10-20T15:41:26","date_gmt":"2025-10-20T07:41:26","guid":{"rendered":"https:\/\/recyclingequipinc.com\/?post_type=product&#038;p=17529"},"modified":"2025-10-20T15:42:01","modified_gmt":"2025-10-20T07:42:01","slug":"tire-dismantling-machine","status":"publish","type":"product","link":"https:\/\/recyclingequipinc.com\/sw\/product\/tire-dismantling-machine\/","title":{"rendered":"H\u00f6geffektiv OTR-demonteringsmaskin f\u00f6r gigantiska gruvd\u00e4ck"},"content":{"rendered":"<p>\u00c5tervinning av gigantiska OTR-d\u00e4ck upp till R63 (3,2 meter) \u00e4r inte l\u00e4ngre en utmaning. Shuliy OTR-demonteringsmaskin kan dela ett stort gruvidr\u00e4cken i 4\u20136 delar inom 10\u201330 minuter, vilket minskar arbetskraft och hanteringskostnader med \u00f6ver 60%.<\/p> <p>Det \u00e4r den idealiska l\u00f6sningen f\u00f6r d\u00e4ck\u00e5tervinningsanl\u00e4ggningar, gruventj\u00e4nstavverkstads och underh\u00e5llscentraler f\u00f6r tung utrustning som hanterar stora tekniska d\u00e4ck.<\/p> <figure id=\"attachment_17534\" aria-describedby=\"caption-attachment-17534\" style=\"width: 720px\" class=\"wp-caption aligncenter\"><img fetchpriority=\"high\" decoding=\"async\" class=\"wp-image-17534 size-full\" src=\"https:\/\/recyclingequipinc.com\/wp-content\/uploads\/2025\/10\/OTR-tire-dismantling-machine.webp\" alt=\"OTR-d\u00e4ckdemonteringsmaskin\" width=\"720\" height=\"540\" srcset=\"https:\/\/recyclingequipinc.com\/wp-content\/uploads\/2025\/10\/OTR-tire-dismantling-machine.webp 720w, https:\/\/recyclingequipinc.com\/wp-content\/uploads\/2025\/10\/OTR-tire-dismantling-machine-300x225.webp 300w, https:\/\/recyclingequipinc.com\/wp-content\/uploads\/2025\/10\/OTR-tire-dismantling-machine-16x12.webp 16w\" sizes=\"(max-width: 720px) 100vw, 720px\" \/><figcaption id=\"caption-attachment-17534\" class=\"wp-caption-text\">OTR-d\u00e4ckdemonteringsmaskin<\/figcaption><\/figure> <h2>Vad \u00e4r en OTR-demonteringsmaskin?<\/h2> <p>OTR-demonteringsmaskinen, \u00e4ven k\u00e4nd som en OTR-d\u00e4cks cutter eller gruvarnd\u00e4ck-demonteringsmaskin, \u00e4r utformad f\u00f6r att sk\u00e4ra och separera j\u00e4ttestora off-the-road-d\u00e4ck. Den kan hantera d\u00e4ck fr\u00e5n 1400 mm till R63, och separerar b\u00e4ltet, m\u00f6nster och kronan i mindre bitar f\u00f6r enklare \u00e5tervinning eller transport. Denna maskin s\u00e4kerst\u00e4ller s\u00e4ker, noggrann och effektiv demontering av d\u00e4ck med stark hydraulik och slitstarka blad.<\/p> <figure id=\"attachment_17533\" aria-describedby=\"caption-attachment-17533\" style=\"width: 720px\" class=\"wp-caption aligncenter\"><img decoding=\"async\" class=\"wp-image-17533 size-full\" src=\"https:\/\/recyclingequipinc.com\/wp-content\/uploads\/2025\/10\/mining-tire-recycling-machine.webp\" alt=\"gruv- d\u00e4ck \u00e5tervinningsmaskin\" width=\"720\" height=\"540\" srcset=\"https:\/\/recyclingequipinc.com\/wp-content\/uploads\/2025\/10\/mining-tire-recycling-machine.webp 720w, https:\/\/recyclingequipinc.com\/wp-content\/uploads\/2025\/10\/mining-tire-recycling-machine-300x225.webp 300w, https:\/\/recyclingequipinc.com\/wp-content\/uploads\/2025\/10\/mining-tire-recycling-machine-16x12.webp 16w\" sizes=\"(max-width: 720px) 100vw, 720px\" \/><figcaption id=\"caption-attachment-17533\" class=\"wp-caption-text\">gruv- d\u00e4ck \u00e5tervinningsmaskin<\/figcaption><\/figure> <h2>Tv\u00e5 Typer av D\u00e4ckdemont\u00f6rer<\/h2> <table> <thead> <tr> <th>Mfano<\/th> <th>D\u00e4cksstorlek intervall<\/th> <th>Nguvu<\/th> <th>Utbj\u00e4tts per d\u00e4ck<\/th> <th>Uzito<\/th> <th>M\u00e5tt (m)<\/th> <th>Bladmaterial<\/th> <\/tr> <\/thead> <tbody> <tr> <td><strong>Stor Storlek<\/strong><\/td> <td>R35-R63 (\u22482100-200 mm)<\/td> <td>30,5 kW<\/td> <td>10-30 min<\/td> <td>9,9 ton<\/td> <td>7.25*3.8*2.98<\/td> <td>Tungstenlegering<\/td> <\/tr> <tr> <td><strong>Standardstorlek <\/strong><\/td> <td>1400-2000 mm<\/td> <td>7,5 + 5,5 kW<\/td> <td>7-15 min<\/td> <td>5,6 ton<\/td> <td>4.35*3.8*2.4<\/td> <td>Tungstenlegering<\/td> <\/tr> <\/tbody> <\/table> <h2>Viktiga Funktioner hos v\u00e5r gruvarne d\u00e4ckdemont\u00f6rsmaskin<\/h2> <ul> <li>Kraftfullt hydrauliskt system: Sk\u00e4r extra tjocka OTR-d\u00e4ck enkelt och s\u00e4kert.<\/li> <li>H\u00f6g Effektivitet: Ett d\u00e4ck behandlas p\u00e5 under 30 minuter.<\/li> <li>H\u00e5llbara Blad: Tungstenlegering-knivar med l\u00e5ng livsl\u00e4ngd och stark slityta.<\/li> <li>Stabil och s\u00e4ker: H\u00e5llbar konstruktion s\u00e4kerst\u00e4ller s\u00e4ker avverkning med l\u00e5g vibration.<\/li> <li>Enkelt bruk: Enkelt kontrollsystem; l\u00e4mplig f\u00f6r verkstad och \u00e5tervinningslinje.<\/li> <li>L\u00e5g underh\u00e5ll: L\u00e4tt att byta blad och underh\u00e5lla hydrauliska komponenter.<\/li> <\/ul> <figure id=\"attachment_17537\" aria-describedby=\"caption-attachment-17537\" style=\"width: 720px\" class=\"wp-caption aligncenter\"><img decoding=\"async\" class=\"wp-image-17537 size-full\" src=\"https:\/\/recyclingequipinc.com\/wp-content\/uploads\/2025\/10\/\u5fae\u4fe1\u56fe\u7247_202502061906041.webp\" alt=\"OTR-demonteringsmaskin\" width=\"720\" height=\"540\" srcset=\"https:\/\/recyclingequipinc.com\/wp-content\/uploads\/2025\/10\/\u5fae\u4fe1\u56fe\u7247_202502061906041.webp 720w, https:\/\/recyclingequipinc.com\/wp-content\/uploads\/2025\/10\/\u5fae\u4fe1\u56fe\u7247_202502061906041-300x225.webp 300w, https:\/\/recyclingequipinc.com\/wp-content\/uploads\/2025\/10\/\u5fae\u4fe1\u56fe\u7247_202502061906041-16x12.webp 16w\" sizes=\"(max-width: 720px) 100vw, 720px\" \/><figcaption id=\"caption-attachment-17537\" class=\"wp-caption-text\">OTR-demonteringsmaskin<\/figcaption><\/figure> <h2>Praktiska F\u00f6rdelar<\/h2> <p>Denna OTR-d\u00e4ckdemontarmaskin kan spara upp till 3\u20134 arbetare, minimera anv\u00e4ndning av gaffeltruckar och f\u00f6rb\u00e4ttra verkstads\u00e4kerheten. Den hj\u00e4lper ocks\u00e5 minska lagringsutrymmet eftersom demonterade d\u00e4ck tar upp mindre volym. M\u00e5nga kunder rapporterar att anv\u00e4ndning av Shulys OTR-demonterare \u00f6kar den \u00f6vergripande \u00e5tervinningsproduktionen med 30\u201340%.<\/p> <h2>Applikationer av d\u00e4ckdemont\u00f6rsmaskinen<\/h2> <p>OTR-d\u00e4ckdemonteringsmaskinen anv\u00e4nds i stor utstr\u00e4ckning i:<\/p> <ul> <li>Borr- och gruvdriftsd\u00e4ck \u00c5tervinningsanl\u00e4ggningar<\/li> <li>Avfalls- OTR-d\u00e4ckslut.dispose och \u00e5teranv\u00e4ndningscentra<\/li> <li>Tunga maskinunderh\u00e5llsverkst\u00e4der<\/li> <li>Gummi- och st\u00e5ltr\u00e5d\u00e5tervinningsindustrier<\/li> <\/ul> <p>Efter demontering kan d\u00e4cksektioner bearbetas vidare av en OTR-d\u00e4ck shredder, gummih\u00e4vare eller st\u00e5ltr\u00e5dseparator f\u00f6r att \u00e5tervinna v\u00e4rdefulla material.<\/p> <h2>Varf\u00f6r v\u00e4lja Shuliy OTR D\u00e4ck\u00e5tervinningsutrustning?<\/h2> <p>Shuliy Machinery specialiserar sig p\u00e5 professionella d\u00e4ck\u00e5tervinningsl\u00f6sningar. V\u00e5ra OTR-d\u00e4ckdemonteringsmaskiner testas under faktiska arbetsf\u00f6rh\u00e5llanden f\u00f6r att s\u00e4kerst\u00e4lla h\u00f6g precision, stark prestanda och l\u00e5ng livsl\u00e4ngd. Vi erbjuder ocks\u00e5 kompletta OTR-d\u00e4ck\u00e5tervinningslinjer, inklusive d\u00e4cks cutters, shredders, crushers och granulators \u2014 alla skr\u00e4ddarsydda efter dina produktionsbehov.<\/p> <p>&nbsp;<\/p>","protected":false},"excerpt":{"rendered":"<p>Ta itu med de tuffaste gruvd\u00e4cken med l\u00e4tthet. Shuliy OTR-d\u00e4ckdemonteringsmaskin sk\u00e4r stora d\u00e4ck p\u00e5 minuter \u2014 s\u00e4krare, snabbare och byggd att h\u00e5lla.<\/p>","protected":false},"featured_media":17532,"template":"","meta":{"site-sidebar-layout":"default","site-content-layout":"","ast-site-content-layout":"default","site-content-style":"default","site-sidebar-style":"default","ast-global-header-display":"","ast-banner-title-visibility":"","ast-main-header-display":"","ast-hfb-above-header-display":"","ast-hfb-below-header-display":"","ast-hfb-mobile-header-display":"","site-post-title":"","ast-breadcrumbs-content":"","ast-featured-img":"","footer-sml-layout":"","ast-disable-related-posts":"","theme-transparent-header-meta":"default","adv-header-id-meta":"","stick-header-meta":"","header-above-stick-meta":"","header-main-stick-meta":"","header-below-stick-meta":"","astra-migrate-meta-layouts":"set","ast-page-background-enabled":"default","ast-page-background-meta":{"desktop":{"background-color":"","background-image":"","background-repeat":"repeat","background-position":"center center","background-size":"auto","background-attachment":"scroll","background-type":"","background-media":"","overlay-type":"","overlay-color":"","overlay-opacity":"","overlay-gradient":""},"tablet":{"background-color":"","background-image":"","background-repeat":"repeat","background-position":"center center","background-size":"auto","background-attachment":"scroll","background-type":"","background-media":"","overlay-type":"","overlay-color":"","overlay-opacity":"","overlay-gradient":""},"mobile":{"background-color":"","background-image":"","background-repeat":"repeat","background-position":"center center","background-size":"auto","background-attachment":"scroll","background-type":"","background-media":"","overlay-type":"","overlay-color":"","overlay-opacity":"","overlay-gradient":""}},"ast-content-background-meta":{"desktop":{"background-color":"var(--ast-global-color-5)","background-image":"","background-repeat":"repeat","background-position":"center center","background-size":"auto","background-attachment":"scroll","background-type":"","background-media":"","overlay-type":"","overlay-color":"","overlay-opacity":"","overlay-gradient":""},"tablet":{"background-color":"var(--ast-global-color-5)","background-image":"","background-repeat":"repeat","background-position":"center center","background-size":"auto","background-attachment":"scroll","background-type":"","background-media":"","overlay-type":"","overlay-color":"","overlay-opacity":"","overlay-gradient":""},"mobile":{"background-color":"var(--ast-global-color-5)","background-image":"","background-repeat":"repeat","background-position":"center center","background-size":"auto","background-attachment":"scroll","background-type":"","background-media":"","overlay-type":"","overlay-color":"","overlay-opacity":"","overlay-gradient":""}}},"product_brand":[],"product_cat":[128],"product_tag":[],"class_list":{"0":"post-17529","1":"product","2":"type-product","3":"status-publish","4":"has-post-thumbnail","6":"product_cat-tire-recycling-machine","7":"desktop-align-center","8":"tablet-align-center","9":"mobile-align-center","11":"first","12":"instock","13":"shipping-taxable","14":"product-type-simple"},"_links":{"self":[{"href":"https:\/\/recyclingequipinc.com\/sw\/wp-json\/wp\/v2\/product\/17529","targetHints":{"allow":["GET"]}}],"collection":[{"href":"https:\/\/recyclingequipinc.com\/sw\/wp-json\/wp\/v2\/product"}],"about":[{"href":"https:\/\/recyclingequipinc.com\/sw\/wp-json\/wp\/v2\/types\/product"}],"version-history":[{"count":0,"href":"https:\/\/recyclingequipinc.com\/sw\/wp-json\/wp\/v2\/product\/17529\/revisions"}],"wp:featuredmedia":[{"embeddable":true,"href":"https:\/\/recyclingequipinc.com\/sw\/wp-json\/wp\/v2\/media\/17532"}],"wp:attachment":[{"href":"https:\/\/recyclingequipinc.com\/sw\/wp-json\/wp\/v2\/media?parent=17529"}],"wp:term":[{"taxonomy":"product_brand","embeddable":true,"href":"https:\/\/recyclingequipinc.com\/sw\/wp-json\/wp\/v2\/product_brand?post=17529"},{"taxonomy":"product_cat","embeddable":true,"href":"https:\/\/recyclingequipinc.com\/sw\/wp-json\/wp\/v2\/product_cat?post=17529"},{"taxonomy":"product_tag","embeddable":true,"href":"https:\/\/recyclingequipinc.com\/sw\/wp-json\/wp\/v2\/product_tag?post=17529"}],"curies":[{"name":"wp","href":"https:\/\/api.w.org\/{rel}","templated":true}]}}