{"id":17439,"date":"2025-08-04T15:07:01","date_gmt":"2025-08-04T07:07:01","guid":{"rendered":"https:\/\/recyclingequipinc.com\/?post_type=product&#038;p=17439"},"modified":"2025-08-04T15:07:01","modified_gmt":"2025-08-04T07:07:01","slug":"tire-debeader-machine","status":"publish","type":"product","link":"https:\/\/recyclingequipinc.com\/sw\/product\/tire-debeader-machine\/","title":{"rendered":"Maskin f\u00f6r avd\u00e4ckning till salu"},"content":{"rendered":"<p>Avfallsd\u00e4ck inneh\u00e5ller en betydande m\u00e4ngd inb\u00e4ddad st\u00e5l, vilket g\u00f6r dem sv\u00e5ra att krossa direkt. Att anv\u00e4nda en d\u00e4ckavl\u00e4gsnare f\u00f6r att ta bort st\u00e5lkanten m\u00f6jligg\u00f6r effektiv separation och \u00e5tervinning av v\u00e4rdefulla material, samt f\u00f6rb\u00e4ttrar den \u00f6vergripande bearbetningseffektiviteten och den ekonomiska avkastningen. Shuliy erbjuder en m\u00e4ngd olika maskiner f\u00f6r att dra d\u00e4cktr\u00e5d som \u00e4r l\u00e4mpliga f\u00f6r standardd\u00e4ck (900\u20131 200 mm) och stora OTR-d\u00e4ck (1 800\u20134 000 mm).<\/p> <div id='gallery-1' class='gallery galleryid-17439 gallery-columns-3 gallery-size-full'><figure class='gallery-item'> \t\t\t<div class='gallery-icon landscape'> \t\t\t\t<a href='https:\/\/recyclingequipinc.com\/sw\/?attachment_id=17450'><img fetchpriority=\"high\" decoding=\"async\" width=\"720\" height=\"540\" src=\"https:\/\/recyclingequipinc.com\/wp-content\/uploads\/2025\/08\/single-hook-tire-wire-removal-machine.webp\" class=\"attachment-full size-full\" alt=\"enkelkrok f\u00f6r avl\u00e4gsnande av d\u00e4cktr\u00e5d\" aria-describedby=\"gallery-1-17450\" srcset=\"https:\/\/recyclingequipinc.com\/wp-content\/uploads\/2025\/08\/single-hook-tire-wire-removal-machine.webp 720w, https:\/\/recyclingequipinc.com\/wp-content\/uploads\/2025\/08\/single-hook-tire-wire-removal-machine-300x225.webp 300w, https:\/\/recyclingequipinc.com\/wp-content\/uploads\/2025\/08\/single-hook-tire-wire-removal-machine-16x12.webp 16w\" sizes=\"(max-width: 720px) 100vw, 720px\" \/><\/a> \t\t\t<\/div> \t\t\t\t<figcaption class='wp-caption-text gallery-caption' id='gallery-1-17450'> \t\t\t\tenkelkrok f\u00f6r avl\u00e4gsnande av d\u00e4cktr\u00e5d \t\t\t\t<\/figcaption><\/figure><figure class='gallery-item'> \t\t\t<div class='gallery-icon landscape'> \t\t\t\t<a href='https:\/\/recyclingequipinc.com\/sw\/?attachment_id=17448'><img decoding=\"async\" width=\"720\" height=\"540\" src=\"https:\/\/recyclingequipinc.com\/wp-content\/uploads\/2025\/08\/powerful-tire-debeader-for-sale.webp\" class=\"attachment-full size-full\" alt=\"kraftfull d\u00e4ckavl\u00e4gsnare till salu\" aria-describedby=\"gallery-1-17448\" srcset=\"https:\/\/recyclingequipinc.com\/wp-content\/uploads\/2025\/08\/powerful-tire-debeader-for-sale.webp 720w, https:\/\/recyclingequipinc.com\/wp-content\/uploads\/2025\/08\/powerful-tire-debeader-for-sale-300x225.webp 300w, https:\/\/recyclingequipinc.com\/wp-content\/uploads\/2025\/08\/powerful-tire-debeader-for-sale-16x12.webp 16w\" sizes=\"(max-width: 720px) 100vw, 720px\" \/><\/a> \t\t\t<\/div> \t\t\t\t<figcaption class='wp-caption-text gallery-caption' id='gallery-1-17448'> \t\t\t\tkraftfull d\u00e4ckavl\u00e4gsnare till salu \t\t\t\t<\/figcaption><\/figure><figure class='gallery-item'> \t\t\t<div class='gallery-icon landscape'> \t\t\t\t<a href='https:\/\/recyclingequipinc.com\/sw\/?attachment_id=17445'><img decoding=\"async\" width=\"720\" height=\"540\" src=\"https:\/\/recyclingequipinc.com\/wp-content\/uploads\/2025\/08\/OTR-tire-debeader-machine.webp\" class=\"attachment-full size-full\" alt=\"Maskin f\u00f6r avd\u00e4ckning av OTR-d\u00e4ck\" aria-describedby=\"gallery-1-17445\" srcset=\"https:\/\/recyclingequipinc.com\/wp-content\/uploads\/2025\/08\/OTR-tire-debeader-machine.webp 720w, https:\/\/recyclingequipinc.com\/wp-content\/uploads\/2025\/08\/OTR-tire-debeader-machine-300x225.webp 300w, https:\/\/recyclingequipinc.com\/wp-content\/uploads\/2025\/08\/OTR-tire-debeader-machine-16x12.webp 16w\" sizes=\"(max-width: 720px) 100vw, 720px\" \/><\/a> \t\t\t<\/div> \t\t\t\t<figcaption class='wp-caption-text gallery-caption' id='gallery-1-17445'> \t\t\t\tMaskin f\u00f6r avd\u00e4ckning av OTR-d\u00e4ck \t\t\t\t<\/figcaption><\/figure> \t\t<\/div>  <h2>Nyckelfunktioner f\u00f6r v\u00e5r d\u00e4ckavdragare till salu<\/h2> <ul> <li>Robust, industriell struktur f\u00f6r l\u00e5ngvarig anv\u00e4ndning<\/li> <li>H\u00f6gprecisions hydraulisk kontroll och krokmekanism<\/li> <li>L\u00e4tt underh\u00e5ll och anv\u00e4ndarv\u00e4nlig design<\/li> <li>Modeller tillg\u00e4ngliga f\u00f6r b\u00e5de standard- och extra stora d\u00e4ck<\/li> <li>Snabb leverans och teknisk support v\u00e4rlden \u00f6ver<\/li> <\/ul> <div id='gallery-2' class='gallery galleryid-17439 gallery-columns-3 gallery-size-full'><figure class='gallery-item'> \t\t\t<div class='gallery-icon landscape'> \t\t\t\t<a href='https:\/\/recyclingequipinc.com\/sw\/?attachment_id=17444'><img loading=\"lazy\" decoding=\"async\" width=\"720\" height=\"540\" src=\"https:\/\/recyclingequipinc.com\/wp-content\/uploads\/2025\/08\/Effect-of-the-tire-debeader.webp\" class=\"attachment-full size-full\" alt=\"Effekten av d\u00e4ckavl\u00e4gsnaren\" aria-describedby=\"gallery-2-17444\" srcset=\"https:\/\/recyclingequipinc.com\/wp-content\/uploads\/2025\/08\/Effect-of-the-tire-debeader.webp 720w, https:\/\/recyclingequipinc.com\/wp-content\/uploads\/2025\/08\/Effect-of-the-tire-debeader-300x225.webp 300w, https:\/\/recyclingequipinc.com\/wp-content\/uploads\/2025\/08\/Effect-of-the-tire-debeader-16x12.webp 16w\" sizes=\"(max-width: 720px) 100vw, 720px\" \/><\/a> \t\t\t<\/div> \t\t\t\t<figcaption class='wp-caption-text gallery-caption' id='gallery-2-17444'> \t\t\t\tEffekten av d\u00e4ckavl\u00e4gsnaren \t\t\t\t<\/figcaption><\/figure><figure class='gallery-item'> \t\t\t<div class='gallery-icon landscape'> \t\t\t\t<a href='https:\/\/recyclingequipinc.com\/sw\/?attachment_id=17449'><img loading=\"lazy\" decoding=\"async\" width=\"720\" height=\"540\" src=\"https:\/\/recyclingequipinc.com\/wp-content\/uploads\/2025\/08\/removed-steel-wires.webp\" class=\"attachment-full size-full\" alt=\"borttagna st\u00e5lvajrar\" aria-describedby=\"gallery-2-17449\" srcset=\"https:\/\/recyclingequipinc.com\/wp-content\/uploads\/2025\/08\/removed-steel-wires.webp 720w, https:\/\/recyclingequipinc.com\/wp-content\/uploads\/2025\/08\/removed-steel-wires-300x225.webp 300w, https:\/\/recyclingequipinc.com\/wp-content\/uploads\/2025\/08\/removed-steel-wires-16x12.webp 16w\" sizes=\"(max-width: 720px) 100vw, 720px\" \/><\/a> \t\t\t<\/div> \t\t\t\t<figcaption class='wp-caption-text gallery-caption' id='gallery-2-17449'> \t\t\t\tborttagna st\u00e5lvajrar \t\t\t\t<\/figcaption><\/figure> \t\t<\/div>  <h2>Parametrar och skillnader mellan olika d\u00e4cktr\u00e5davl\u00e4gsningsmaskiner<\/h2> <table style=\"border-collapse: collapse; width: 100%;\"> <tbody> <tr> <td style=\"width: 16.6667%;\">Mfano<\/td> <td style=\"width: 16.6667%;\">Enkelkrok D\u00e4ck Avl\u00e4gsningsmaskin<\/td> <td style=\"width: 16.6667%;\">Dubbelkrok D\u00e4ck Avl\u00e4gsningsmaskin<\/td> <td style=\"width: 16.6667%;\">OTR D\u00e4ck Tr\u00e5ddragning Maskin<\/td> <\/tr> <tr> <td style=\"width: 16.6667%;\">Kvantitet krok<\/td> <td style=\"width: 16.6667%;\">1<\/td> <td style=\"width: 16.6667%;\">2<\/td> <td style=\"width: 16.6667%;\">1 f\u00f6rst\u00e4rkt tungt krok<\/td> <\/tr> <tr> <td style=\"width: 16.6667%;\">Till\u00e4mpning D\u00e4ckstorlek<\/td> <td style=\"width: 16.6667%;\">900-1200 mm<\/td> <td style=\"width: 16.6667%;\">900-1200 mm<\/td> <td style=\"width: 16.6667%;\">1800-4000 mm<\/td> <\/tr> <tr> <td style=\"width: 16.6667%;\">Arbetsprincip<\/td> <td style=\"width: 16.6667%;\">Drar tr\u00e5den fr\u00e5n ena sidan<\/td> <td style=\"width: 16.6667%;\">Drar st\u00e5ltr\u00e5dar fr\u00e5n b\u00e5da sidor<\/td> <td style=\"width: 16.6667%;\">Drar extremt tjocka st\u00e5lringar fr\u00e5n stora OTR-d\u00e4ck<\/td> <\/tr> <tr> <td style=\"width: 16.6667%;\">Uwezo<\/td> <td style=\"width: 16.6667%;\">20-30 d\u00e4ck\/h<\/td> <td style=\"width: 16.6667%;\">40-50 d\u00e4ck\/h<\/td> <td style=\"width: 16.6667%;\">30 dragningar\/h<\/td> <\/tr> <tr> <td style=\"width: 16.6667%;\">Nguvu<\/td> <td style=\"width: 16.6667%;\">11 KW<\/td> <td style=\"width: 16.6667%;\">18.5 KW<\/td> <td style=\"width: 16.6667%;\">22+3 KW<\/td> <\/tr> <tr> <td style=\"width: 16.6667%;\">Strukturfunktion<\/td> <td style=\"width: 16.6667%;\">Kompakt<\/td> <td style=\"width: 16.6667%;\">Kompakt<\/td> <td style=\"width: 16.6667%;\">Extra stor ram &amp; hydrauliskt system<\/td> <\/tr> <tr> <td style=\"width: 16.6667%;\">Metod f\u00f6r d\u00e4cklastning<\/td> <td style=\"width: 16.6667%;\">Manuell eller semi-automatisk<\/td> <td style=\"width: 16.6667%;\">Manuell eller semi-automatisk<\/td> <td style=\"width: 16.6667%;\">Gaffeltruck eller lyftanordning<\/td> <\/tr> <tr> <td style=\"width: 16.6667%;\">M\u00e5lgruppsanv\u00e4ndare<\/td> <td style=\"width: 16.6667%;\">Sm\u00e5 \u00e5tervinningslinjer<\/td> <td style=\"width: 16.6667%;\">Medel\u00e5tervinningslinjer<\/td> <td style=\"width: 16.6667%;\">Tunga OTR \u00e5tervinningsanl\u00e4ggningar<\/td> <\/tr> <\/tbody> <\/table> <div id='gallery-3' class='gallery galleryid-17439 gallery-columns-3 gallery-size-full'><figure class='gallery-item'> \t\t\t<div class='gallery-icon landscape'> \t\t\t\t<a href='https:\/\/recyclingequipinc.com\/sw\/?attachment_id=17451'><img loading=\"lazy\" decoding=\"async\" width=\"720\" height=\"540\" src=\"https:\/\/recyclingequipinc.com\/wp-content\/uploads\/2025\/08\/standard-tire-debeader-machine.webp\" class=\"attachment-full size-full\" alt=\"standard d\u00e4ckavl\u00e4gsnarmaskin\" aria-describedby=\"gallery-3-17451\" srcset=\"https:\/\/recyclingequipinc.com\/wp-content\/uploads\/2025\/08\/standard-tire-debeader-machine.webp 720w, https:\/\/recyclingequipinc.com\/wp-content\/uploads\/2025\/08\/standard-tire-debeader-machine-300x225.webp 300w, https:\/\/recyclingequipinc.com\/wp-content\/uploads\/2025\/08\/standard-tire-debeader-machine-16x12.webp 16w\" sizes=\"(max-width: 720px) 100vw, 720px\" \/><\/a> \t\t\t<\/div> \t\t\t\t<figcaption class='wp-caption-text gallery-caption' id='gallery-3-17451'> \t\t\t\tstandard d\u00e4ckavl\u00e4gsnarmaskin \t\t\t\t<\/figcaption><\/figure><figure class='gallery-item'> \t\t\t<div class='gallery-icon landscape'> \t\t\t\t<a href='https:\/\/recyclingequipinc.com\/sw\/?attachment_id=17443'><img loading=\"lazy\" decoding=\"async\" width=\"720\" height=\"540\" src=\"https:\/\/recyclingequipinc.com\/wp-content\/uploads\/2025\/08\/double-single-tire-debeader-machine.webp\" class=\"attachment-full size-full\" alt=\"dubbel enkel d\u00e4ckavl\u00e4gsnarmaskin\" aria-describedby=\"gallery-3-17443\" srcset=\"https:\/\/recyclingequipinc.com\/wp-content\/uploads\/2025\/08\/double-single-tire-debeader-machine.webp 720w, https:\/\/recyclingequipinc.com\/wp-content\/uploads\/2025\/08\/double-single-tire-debeader-machine-300x225.webp 300w, https:\/\/recyclingequipinc.com\/wp-content\/uploads\/2025\/08\/double-single-tire-debeader-machine-16x12.webp 16w\" sizes=\"(max-width: 720px) 100vw, 720px\" \/><\/a> \t\t\t<\/div> \t\t\t\t<figcaption class='wp-caption-text gallery-caption' id='gallery-3-17443'> \t\t\t\tdubbel enkel d\u00e4ckavl\u00e4gsnarmaskin \t\t\t\t<\/figcaption><\/figure> \t\t<\/div>  <div id='gallery-4' class='gallery galleryid-17439 gallery-columns-3 gallery-size-full'><figure class='gallery-item'> \t\t\t<div class='gallery-icon portrait'> \t\t\t\t<a href='https:\/\/recyclingequipinc.com\/sw\/?attachment_id=17446'><img loading=\"lazy\" decoding=\"async\" width=\"540\" height=\"720\" src=\"https:\/\/recyclingequipinc.com\/wp-content\/uploads\/2025\/08\/OTR-tire-steel-wire-drawing-machine.webp\" class=\"attachment-full size-full\" alt=\"OTR d\u00e4ck st\u00e5lvajerdragmaskin\" aria-describedby=\"gallery-4-17446\" srcset=\"https:\/\/recyclingequipinc.com\/wp-content\/uploads\/2025\/08\/OTR-tire-steel-wire-drawing-machine.webp 540w, https:\/\/recyclingequipinc.com\/wp-content\/uploads\/2025\/08\/OTR-tire-steel-wire-drawing-machine-225x300.webp 225w, https:\/\/recyclingequipinc.com\/wp-content\/uploads\/2025\/08\/OTR-tire-steel-wire-drawing-machine-9x12.webp 9w\" sizes=\"(max-width: 540px) 100vw, 540px\" \/><\/a> \t\t\t<\/div> \t\t\t\t<figcaption class='wp-caption-text gallery-caption' id='gallery-4-17446'> \t\t\t\tOTR d\u00e4ck st\u00e5lvajerdragmaskin \t\t\t\t<\/figcaption><\/figure><figure class='gallery-item'> \t\t\t<div class='gallery-icon portrait'> \t\t\t\t<a href='https:\/\/recyclingequipinc.com\/sw\/?attachment_id=17447'><img loading=\"lazy\" decoding=\"async\" width=\"540\" height=\"720\" src=\"https:\/\/recyclingequipinc.com\/wp-content\/uploads\/2025\/08\/OTR-tyre-debeading-machine.webp\" class=\"attachment-full size-full\" alt=\"Maskin f\u00f6r avd\u00e4ckning av OTR-d\u00e4ck\" aria-describedby=\"gallery-4-17447\" srcset=\"https:\/\/recyclingequipinc.com\/wp-content\/uploads\/2025\/08\/OTR-tyre-debeading-machine.webp 540w, https:\/\/recyclingequipinc.com\/wp-content\/uploads\/2025\/08\/OTR-tyre-debeading-machine-225x300.webp 225w, https:\/\/recyclingequipinc.com\/wp-content\/uploads\/2025\/08\/OTR-tyre-debeading-machine-9x12.webp 9w\" sizes=\"(max-width: 540px) 100vw, 540px\" \/><\/a> \t\t\t<\/div> \t\t\t\t<figcaption class='wp-caption-text gallery-caption' id='gallery-4-17447'> \t\t\t\tMaskin f\u00f6r avd\u00e4ckning av OTR-d\u00e4ck \t\t\t\t<\/figcaption><\/figure> \t\t<\/div>  <p>Maskinen f\u00f6r avl\u00e4gsnande av OTR-d\u00e4ck \u00e4r utrustad med en enda f\u00f6rst\u00e4rkt hydraulisk krok, speciellt utformad f\u00f6r att ta bort den extremt tjocka st\u00e5lkanten fr\u00e5n stora off-road (OTR) d\u00e4ck, som vanligtvis har en diameter p\u00e5 mellan 1800 och 4000 mm. \u00c4ven om den tekniskt sett har endast en krok, \u00e4r denna krok betydligt st\u00f6rre, starkare och byggd f\u00f6r industriell kraft\u2014till skillnad fr\u00e5n standardkrokarna p\u00e5 sm\u00e5 avl\u00e4gsnare.<\/p> <p>I j\u00e4mf\u00f6relse \u00e4r enhook och dubbelhook d\u00e4ckavl\u00e4gsnare gjorda f\u00f6r vanliga bil-, lastbils- och bussd\u00e4ck (900\u20131200 mm). De \u00e4r kompakta, l\u00e4ttare att flytta och designade f\u00f6r mindre operationer. Dubbelhook-modellen \u00f6kar effektiviteten genom att hantera b\u00e5da sidor av d\u00e4cket samtidigt, medan OTR-modellen fokuserar p\u00e5 styrka och stabilitet f\u00f6r \u00f6verdimensionerade, tunga d\u00e4ck.<\/p> <h2>Hur fungerar maskinen f\u00f6r d\u00e4ckp\u00e4rl borttagning?<\/h2> <p>Alla v\u00e5ra d\u00e4ckavl\u00e4gsnare f\u00f6ljer en liknande arbetsprincip, med vissa variationer beroende p\u00e5 modelltyp. Den typiska arbetsprocessen inkluderar:<\/p> <ol> <li>Lastning av d\u00e4ck: Det anv\u00e4nda d\u00e4cket placeras manuellt eller mekaniskt p\u00e5 maskinens arbetsbord eller st\u00f6darm. Standardmodeller (enkla\/dubbla krokar) st\u00f6djer manuell lastning. OTR-modellen kr\u00e4ver en gaffeltruck eller lyft p\u00e5 grund av d\u00e4ckets storlek.<\/li> <li><span style=\"font-size: 16px;\">Kl\u00e4mmning och positionering: <\/span><span style=\"font-size: 16px;\">D\u00e4cket kl\u00e4ms fast av hydrauliskt tryck f\u00f6r att f\u00f6rhindra r\u00f6relse under uttagning.<\/span><\/li> <li>Ins\u00e4ttning av krok: En hydraulisk krok drivs in i d\u00e4ckets bead-omr\u00e5de f\u00f6r att f\u00e5nga den inb\u00e4ddade st\u00e5ltr\u00e5den. Enkelskrokmodellen fungerar p\u00e5 ena sidan i taget. Dubbelkrokmodellen fungerar p\u00e5 b\u00e5da sidor samtidigt. OTR-modellen anv\u00e4nder en f\u00f6rst\u00e4rkt krok f\u00f6r tjocka st\u00e5lbeads.<\/li> <li>Tr\u00e5duttagning: Krok dras ut\u00e5t av den hydrauliska cylindern, vilket smidigt drar ut st\u00e5lringen.<\/li> <li>Avlastning och upprepning: D\u00e4cket (nu utan st\u00e5l) sl\u00e4pps och tas bort. Processen upprepas f\u00f6r n\u00e4sta d\u00e4ck.<\/li> <\/ol> <h2>Utmatning av d\u00e4cktr\u00e5dsextraktionsmaskinen<\/h2> <p>Efter tr\u00e5duttagning erh\u00e5lls tv\u00e5 utg\u00e5ngar: st\u00e5ltr\u00e5den och gummid\u00e4ckets kropp utan st\u00e5l. Var och en har distinkta funktioner och anv\u00e4ndningar:<\/p> <ul> <li><strong>St\u00e5lp\u00e4rltr\u00e5d:<\/strong> H\u00f6gstyrka, flerv\u00e4ndiga st\u00e5lringar med minimal gummirest. De kan s\u00e4ljas direkt till st\u00e5lverk f\u00f6r \u00e5tersm\u00e4ltning eller anv\u00e4ndas som ett alternativt industriellt br\u00e4nsle i vissa till\u00e4mpningar.<\/li> <li><strong style=\"font-size: 16px;\">Gummid\u00e4ckskropp:<\/strong> <span style=\"font-size: 16px;\">N\u00e4r st\u00e5let har tagits bort kan d\u00e4cket bearbetas vidare med en <a href=\"https:\/\/recyclingequipinc.com\/sw\/bidhaa\/hydraulic-tire-cutter\/\">d\u00e4cksk\u00e4rmaskin<\/a>, <a href=\"https:\/\/recyclingequipinc.com\/sw\/bidhaa\/tire-rubber-shredder-for-sale\/\">d\u00e4cksk\u00e4rare<\/a>, och gummigranulator. F\u00f6r stora OTR-d\u00e4ck kan OTR-debeader kombineras med en OTR-d\u00e4cksk\u00e4rare f\u00f6r effektiv f\u00f6rbehandling.<\/span><\/li> <\/ul> <h2>Maskin f\u00f6r avd\u00e4ckning till salu<\/h2> <p>Shuliy Machinery \u00e4r engagerat i att leverera h\u00e5llbara, h\u00f6gpresterande d\u00e4ckavl\u00e4gsningsmaskiner till globala \u00e5tervinningsf\u00f6retag. Oavsett om du hanterar standardpassagerard\u00e4ck eller stora OTR-d\u00e4ck, har vi en l\u00f6sning anpassad efter dina behov. Kontakta v\u00e5rt team nu f\u00f6r att f\u00e5 en gratis offert och konsultation. Vi hj\u00e4lper dig att v\u00e4lja r\u00e4tt modell och erbjuder full teknisk support f\u00f6r installation och drift.<\/p>","protected":false},"excerpt":{"rendered":"<p>Shuliy erbjuder en m\u00e4ngd olika maskiner f\u00f6r borttagning av d\u00e4cktr\u00e5d, inklusive modeller med en och tv\u00e5 krokar, samt maskiner specifika f\u00f6r OTR-d\u00e4ck. Dessa maskiner tar effektivt bort st\u00e5lringstr\u00e5dar och f\u00f6rb\u00e4ttrar \u00e5tervinnings effektiviteten.<\/p>","protected":false},"featured_media":17445,"template":"","meta":{"site-sidebar-layout":"default","site-content-layout":"","ast-site-content-layout":"default","site-content-style":"default","site-sidebar-style":"default","ast-global-header-display":"","ast-banner-title-visibility":"","ast-main-header-display":"","ast-hfb-above-header-display":"","ast-hfb-below-header-display":"","ast-hfb-mobile-header-display":"","site-post-title":"","ast-breadcrumbs-content":"","ast-featured-img":"","footer-sml-layout":"","ast-disable-related-posts":"","theme-transparent-header-meta":"default","adv-header-id-meta":"","stick-header-meta":"","header-above-stick-meta":"","header-main-stick-meta":"","header-below-stick-meta":"","astra-migrate-meta-layouts":"set","ast-page-background-enabled":"default","ast-page-background-meta":{"desktop":{"background-color":"","background-image":"","background-repeat":"repeat","background-position":"center center","background-size":"auto","background-attachment":"scroll","background-type":"","background-media":"","overlay-type":"","overlay-color":"","overlay-opacity":"","overlay-gradient":""},"tablet":{"background-color":"","background-image":"","background-repeat":"repeat","background-position":"center center","background-size":"auto","background-attachment":"scroll","background-type":"","background-media":"","overlay-type":"","overlay-color":"","overlay-opacity":"","overlay-gradient":""},"mobile":{"background-color":"","background-image":"","background-repeat":"repeat","background-position":"center center","background-size":"auto","background-attachment":"scroll","background-type":"","background-media":"","overlay-type":"","overlay-color":"","overlay-opacity":"","overlay-gradient":""}},"ast-content-background-meta":{"desktop":{"background-color":"var(--ast-global-color-5)","background-image":"","background-repeat":"repeat","background-position":"center center","background-size":"auto","background-attachment":"scroll","background-type":"","background-media":"","overlay-type":"","overlay-color":"","overlay-opacity":"","overlay-gradient":""},"tablet":{"background-color":"var(--ast-global-color-5)","background-image":"","background-repeat":"repeat","background-position":"center center","background-size":"auto","background-attachment":"scroll","background-type":"","background-media":"","overlay-type":"","overlay-color":"","overlay-opacity":"","overlay-gradient":""},"mobile":{"background-color":"var(--ast-global-color-5)","background-image":"","background-repeat":"repeat","background-position":"center center","background-size":"auto","background-attachment":"scroll","background-type":"","background-media":"","overlay-type":"","overlay-color":"","overlay-opacity":"","overlay-gradient":""}}},"product_brand":[],"product_cat":[128],"product_tag":[],"class_list":{"0":"post-17439","1":"product","2":"type-product","3":"status-publish","4":"has-post-thumbnail","6":"product_cat-tire-recycling-machine","7":"desktop-align-center","8":"tablet-align-center","9":"mobile-align-center","11":"first","12":"instock","13":"shipping-taxable","14":"product-type-simple"},"_links":{"self":[{"href":"https:\/\/recyclingequipinc.com\/sw\/wp-json\/wp\/v2\/product\/17439","targetHints":{"allow":["GET"]}}],"collection":[{"href":"https:\/\/recyclingequipinc.com\/sw\/wp-json\/wp\/v2\/product"}],"about":[{"href":"https:\/\/recyclingequipinc.com\/sw\/wp-json\/wp\/v2\/types\/product"}],"version-history":[{"count":0,"href":"https:\/\/recyclingequipinc.com\/sw\/wp-json\/wp\/v2\/product\/17439\/revisions"}],"wp:featuredmedia":[{"embeddable":true,"href":"https:\/\/recyclingequipinc.com\/sw\/wp-json\/wp\/v2\/media\/17445"}],"wp:attachment":[{"href":"https:\/\/recyclingequipinc.com\/sw\/wp-json\/wp\/v2\/media?parent=17439"}],"wp:term":[{"taxonomy":"product_brand","embeddable":true,"href":"https:\/\/recyclingequipinc.com\/sw\/wp-json\/wp\/v2\/product_brand?post=17439"},{"taxonomy":"product_cat","embeddable":true,"href":"https:\/\/recyclingequipinc.com\/sw\/wp-json\/wp\/v2\/product_cat?post=17439"},{"taxonomy":"product_tag","embeddable":true,"href":"https:\/\/recyclingequipinc.com\/sw\/wp-json\/wp\/v2\/product_tag?post=17439"}],"curies":[{"name":"wp","href":"https:\/\/api.w.org\/{rel}","templated":true}]}}