{"id":17417,"date":"2025-07-28T14:06:42","date_gmt":"2025-07-28T06:06:42","guid":{"rendered":"https:\/\/recyclingequipinc.com\/?post_type=product&#038;p=17417"},"modified":"2025-07-30T17:14:12","modified_gmt":"2025-07-30T09:14:12","slug":"hydraulic-tire-cutter","status":"publish","type":"product","link":"https:\/\/recyclingequipinc.com\/sw\/product\/hydraulic-tire-cutter\/","title":{"rendered":"Hydraulisk d\u00e4cksk\u00e4rare f\u00f6r 900-4000 mm avfall d\u00e4ck"},"content":{"rendered":"<p>I moderna d\u00e4ck\u00e5tervinningsoperationer \u00e4r det f\u00f6rsta steget att omvandla skrotade d\u00e4ck till v\u00e4rdefulla resurser att sk\u00e4ra dem i hanterbara bitar. Shuliy Machinery erbjuder tv\u00e5 robusta l\u00f6sningar med sin hydrauliska d\u00e4cksk\u00e4rare serie, designad f\u00f6r att bearbeta b\u00e5de vanliga (900-1200 mm) och stora OTR-d\u00e4ck (1400-4000 mm). Oavsett om du hanterar skrotade bild\u00e4ck eller stora industriella d\u00e4ck, levererar v\u00e5ra maskiner rena, precisa snitt som effektiviserar efterf\u00f6ljande processer.<\/p> <div id='gallery-1' class='gallery galleryid-17417 gallery-columns-3 gallery-size-full'><figure class='gallery-item'> \t\t\t<div class='gallery-icon landscape'> \t\t\t\t<a href='https:\/\/recyclingequipinc.com\/sw\/?attachment_id=17422'><img fetchpriority=\"high\" decoding=\"async\" width=\"720\" height=\"540\" src=\"https:\/\/recyclingequipinc.com\/wp-content\/uploads\/2025\/07\/complete-waste-tires.webp\" class=\"attachment-full size-full\" alt=\"komplett avfall d\u00e4ck\" aria-describedby=\"gallery-1-17422\" srcset=\"https:\/\/recyclingequipinc.com\/wp-content\/uploads\/2025\/07\/complete-waste-tires.webp 720w, https:\/\/recyclingequipinc.com\/wp-content\/uploads\/2025\/07\/complete-waste-tires-300x225.webp 300w, https:\/\/recyclingequipinc.com\/wp-content\/uploads\/2025\/07\/complete-waste-tires-16x12.webp 16w\" sizes=\"(max-width: 720px) 100vw, 720px\" \/><\/a> \t\t\t<\/div> \t\t\t\t<figcaption class='wp-caption-text gallery-caption' id='gallery-1-17422'> \t\t\t\tkomplett avfall d\u00e4ck \t\t\t\t<\/figcaption><\/figure><figure class='gallery-item'> \t\t\t<div class='gallery-icon landscape'> \t\t\t\t<a href='https:\/\/recyclingequipinc.com\/sw\/?attachment_id=17423'><img decoding=\"async\" width=\"720\" height=\"540\" src=\"https:\/\/recyclingequipinc.com\/wp-content\/uploads\/2025\/07\/cut-tire-segment.webp\" class=\"attachment-full size-full\" alt=\"skuren d\u00e4cksegment\" aria-describedby=\"gallery-1-17423\" srcset=\"https:\/\/recyclingequipinc.com\/wp-content\/uploads\/2025\/07\/cut-tire-segment.webp 720w, https:\/\/recyclingequipinc.com\/wp-content\/uploads\/2025\/07\/cut-tire-segment-300x225.webp 300w, https:\/\/recyclingequipinc.com\/wp-content\/uploads\/2025\/07\/cut-tire-segment-16x12.webp 16w\" sizes=\"(max-width: 720px) 100vw, 720px\" \/><\/a> \t\t\t<\/div> \t\t\t\t<figcaption class='wp-caption-text gallery-caption' id='gallery-1-17423'> \t\t\t\tskuren d\u00e4cksegment \t\t\t\t<\/figcaption><\/figure> \t\t<\/div>  <h3 data-start=\"2847\" data-end=\"2899\">Nyckelfunktioner f\u00f6r v\u00e5r d\u00e4cksk\u00e4rutrustning<\/h3> <p data-start=\"2903\" data-end=\"2968\" class=\"translation-block\"><strong data-start=\"2905\" data-end=\"2933\">\u2705Uendeshaji wa majimaji unaokata<\/strong> huhakikisha nguvu na utulivu wa hali ya juu<\/p> <p data-start=\"2971\" data-end=\"3038\" class=\"translation-block\"><strong data-start=\"2973\" data-end=\"3007\">\u2705Blade ya kiwango cha viwandani ya Cr12MoV<\/strong> kwa upinzani bora wa kuvaa<\/p> <p data-start=\"3041\" data-end=\"3104\" class=\"translation-block\"><strong data-start=\"3043\" data-end=\"3065\">\u2705Suluhisho zilizobinafsishwa<\/strong> kwa saizi za kawaida na za OTR za matairi<\/p> <p data-start=\"3107\" data-end=\"3175\" class=\"translation-block\"><strong data-start=\"3109\" data-end=\"3133\">\u2705Imeboreshwa kwa usalama<\/strong>, urahisi wa uendeshaji, na matengenezo kidogo<\/p> <p data-start=\"3178\" data-end=\"3254\" class=\"translation-block\">\u2705 Matibabu kamili ya awali kwa <strong data-start=\"3206\" data-end=\"3252\">mistari ya kusaga na kusaga matairi chakavu<\/strong><\/p> <div id='gallery-2' class='gallery galleryid-17417 gallery-columns-3 gallery-size-full'><figure class='gallery-item'> \t\t\t<div class='gallery-icon landscape'> \t\t\t\t<a href='https:\/\/recyclingequipinc.com\/sw\/?attachment_id=17427'><img decoding=\"async\" width=\"720\" height=\"540\" src=\"https:\/\/recyclingequipinc.com\/wp-content\/uploads\/2025\/07\/waste-tire-cutter.webp\" class=\"attachment-full size-full\" alt=\"avfall d\u00e4cksk\u00e4rare\" aria-describedby=\"gallery-2-17427\" srcset=\"https:\/\/recyclingequipinc.com\/wp-content\/uploads\/2025\/07\/waste-tire-cutter.webp 720w, https:\/\/recyclingequipinc.com\/wp-content\/uploads\/2025\/07\/waste-tire-cutter-300x225.webp 300w, https:\/\/recyclingequipinc.com\/wp-content\/uploads\/2025\/07\/waste-tire-cutter-16x12.webp 16w\" sizes=\"(max-width: 720px) 100vw, 720px\" \/><\/a> \t\t\t<\/div> \t\t\t\t<figcaption class='wp-caption-text gallery-caption' id='gallery-2-17427'> \t\t\t\tavfall d\u00e4cksk\u00e4rare \t\t\t\t<\/figcaption><\/figure><figure class='gallery-item'> \t\t\t<div class='gallery-icon landscape'> \t\t\t\t<a href='https:\/\/recyclingequipinc.com\/sw\/?attachment_id=17426'><img loading=\"lazy\" decoding=\"async\" width=\"720\" height=\"540\" src=\"https:\/\/recyclingequipinc.com\/wp-content\/uploads\/2025\/07\/standard-hydraulic-tire-cutter.webp\" class=\"attachment-full size-full\" alt=\"standard hydraulisk d\u00e4cksk\u00e4rare\" aria-describedby=\"gallery-2-17426\" srcset=\"https:\/\/recyclingequipinc.com\/wp-content\/uploads\/2025\/07\/standard-hydraulic-tire-cutter.webp 720w, https:\/\/recyclingequipinc.com\/wp-content\/uploads\/2025\/07\/standard-hydraulic-tire-cutter-300x225.webp 300w, https:\/\/recyclingequipinc.com\/wp-content\/uploads\/2025\/07\/standard-hydraulic-tire-cutter-16x12.webp 16w\" sizes=\"(max-width: 720px) 100vw, 720px\" \/><\/a> \t\t\t<\/div> \t\t\t\t<figcaption class='wp-caption-text gallery-caption' id='gallery-2-17426'> \t\t\t\tstandard hydraulisk d\u00e4cksk\u00e4rare \t\t\t\t<\/figcaption><\/figure> \t\t<\/div>  <h2>Standardavfall d\u00e4cksk\u00e4rare maskin (f\u00f6r d\u00e4ck \u22641200mm)<\/h2> <p data-start=\"1010\" data-end=\"1380\">Denna gummid\u00e4cksklippare \u00e4r idealisk f\u00f6r att klippa d\u00e4ck p\u00e5 lastbilar och personbilar med en ytterdiameter mellan 900 mm och 1200 mm. Den anv\u00e4nder en kraftfull 7,5 kW motor och en h\u00e4rdad sk\u00e4rblad av Cr12MoV-st\u00e5l f\u00f6r att leverera konsekvent prestanda med en hastighet p\u00e5 upp till 60 d\u00e4ck per timme. Dess kompakta design g\u00f6r den l\u00e4mplig f\u00f6r sm\u00e5 och medelstora \u00e5tervinningsanl\u00e4ggningar.<\/p> <figure id=\"attachment_17425\" aria-describedby=\"caption-attachment-17425\" style=\"width: 720px\" class=\"wp-caption alignnone\"><img loading=\"lazy\" decoding=\"async\" class=\"wp-image-17425 size-full\" src=\"https:\/\/recyclingequipinc.com\/wp-content\/uploads\/2025\/07\/scrap-tire-cutter.webp\" alt=\"skrot d\u00e4cksk\u00e4rare\" width=\"720\" height=\"540\" srcset=\"https:\/\/recyclingequipinc.com\/wp-content\/uploads\/2025\/07\/scrap-tire-cutter.webp 720w, https:\/\/recyclingequipinc.com\/wp-content\/uploads\/2025\/07\/scrap-tire-cutter-300x225.webp 300w, https:\/\/recyclingequipinc.com\/wp-content\/uploads\/2025\/07\/scrap-tire-cutter-16x12.webp 16w\" sizes=\"(max-width: 720px) 100vw, 720px\" \/><figcaption id=\"caption-attachment-17425\" class=\"wp-caption-text\">skrot d\u00e4cksk\u00e4rare<\/figcaption><\/figure> <h3 data-start=\"1382\" data-end=\"1411\"><strong data-start=\"1382\" data-end=\"1411\">Tekniska specifikationer:<\/strong><\/h3> <ul> <li data-start=\"1415\" data-end=\"1446\"><strong data-start=\"1415\" data-end=\"1432\">Maskinnamn:<\/strong> D\u00e4cksk\u00e4rare<\/li> <li data-start=\"1415\" data-end=\"1446\"><strong data-start=\"1584\" data-end=\"1609\">Bearbetning av d\u00e4ckstorlek:<\/strong> 900\u20131200mm<\/li> <li data-start=\"1415\" data-end=\"1446\"><strong data-start=\"1625\" data-end=\"1636\">Utdata:<\/strong> 60 d\u00e4ck\/timme<\/li> <li data-start=\"1415\" data-end=\"1446\"><strong data-start=\"1449\" data-end=\"1459\">Effekt:<\/strong> 7.5kW<\/li> <li data-start=\"1470\" data-end=\"1506\"><strong data-start=\"1470\" data-end=\"1484\">Dimension:<\/strong> 1.7m*0.8m*1.85m<\/li> <li data-start=\"1509\" data-end=\"1558\"><strong data-start=\"1509\" data-end=\"1526\">F\u00f6rpackningsstorlek:<\/strong> 1.9m*1m*2.1m (tr\u00e4l\u00e5da)<\/li> <li><strong>Maskinvikt:<\/strong> 1400 kg<\/li> <li><strong data-start=\"1655\" data-end=\"1674\">Bladmaterial:<\/strong> Cr12MoV h\u00f6gstyrkalloyst\u00e5l<\/li> <\/ul> <h3 data-start=\"1712\" data-end=\"1853\"><strong data-start=\"1712\" data-end=\"1730\">Huvudfunktion:<\/strong><\/h3> <p data-start=\"1712\" data-end=\"1853\">Denna modell \u00e4r utformad f\u00f6r att sk\u00e4ra beadless bil- och lastd\u00e4ck i block under 900mm, f\u00f6r att f\u00f6rbereda dem f\u00f6r shredding eller granulation.<\/p> <h2 data-start=\"1712\" data-end=\"1853\">OTR hydraulisk d\u00e4cksk\u00e4rare (f\u00f6r d\u00e4ck \u22644000 mm)<\/h2> <p data-start=\"1920\" data-end=\"2278\">OTR hydrauliska d\u00e4cksk\u00e4rare \u00e4r en tung l\u00f6sning f\u00f6r att sk\u00e4ra ultra-stora ingenj\u00f6rsd\u00e4ck, s\u00e4rskilt de som anv\u00e4nds inom gruvdrift eller tung konstruktion. Den bearbetar d\u00e4ck utan bead med diametrar fr\u00e5n 1400 mm till 4000 mm. Byggd med f\u00f6rst\u00e4rkta ramar och ett blad av h\u00f6gsta kvalitet Cr12MoV, sk\u00e4r den dessa massiva d\u00e4ck med en hastighet av tv\u00e5 snitt per minut.<\/p> <figure id=\"attachment_17424\" aria-describedby=\"caption-attachment-17424\" style=\"width: 720px\" class=\"wp-caption alignnone\"><img loading=\"lazy\" decoding=\"async\" class=\"wp-image-17424 size-full\" src=\"https:\/\/recyclingequipinc.com\/wp-content\/uploads\/2025\/07\/OTR-hydraulic-tire-cutter.webp\" alt=\"OTR hydraulisk d\u00e4cksk\u00e4rare\" width=\"720\" height=\"540\" srcset=\"https:\/\/recyclingequipinc.com\/wp-content\/uploads\/2025\/07\/OTR-hydraulic-tire-cutter.webp 720w, https:\/\/recyclingequipinc.com\/wp-content\/uploads\/2025\/07\/OTR-hydraulic-tire-cutter-300x225.webp 300w, https:\/\/recyclingequipinc.com\/wp-content\/uploads\/2025\/07\/OTR-hydraulic-tire-cutter-16x12.webp 16w\" sizes=\"(max-width: 720px) 100vw, 720px\" \/><figcaption id=\"caption-attachment-17424\" class=\"wp-caption-text\">OTR hydraulisk d\u00e4cksk\u00e4rare<\/figcaption><\/figure> <h3 data-start=\"2280\" data-end=\"2309\">Tekniska specifikationer:<\/h3> <ul> <li data-start=\"2313\" data-end=\"2348\"><strong data-start=\"2313\" data-end=\"2330\">Maskinnamn:<\/strong> OTR skrot d\u00e4cksk\u00e4rare<\/li> <li data-start=\"2505\" data-end=\"2565\"><strong data-start=\"2505\" data-end=\"2530\">Bearbetning av d\u00e4ckstorlek:<\/strong> 1400\u20134000mm (utan st\u00e5l bead)<\/li> <li data-start=\"2568\" data-end=\"2599\"><strong data-start=\"2568\" data-end=\"2579\">Utdata:<\/strong> 2 sk\u00e4r per minut<\/li> <li data-start=\"2351\" data-end=\"2369\"><strong data-start=\"2351\" data-end=\"2361\">Effekt:<\/strong> 7.5kW<\/li> <li data-start=\"2372\" data-end=\"2409\"><strong data-start=\"2372\" data-end=\"2386\">Dimension:<\/strong> 3.13m*1.65m*2.7m<\/li> <li data-start=\"2412\" data-end=\"2479\"><strong data-start=\"2412\" data-end=\"2429\">F\u00f6rpackningsstorlek:<\/strong> Ej till\u00e4mpligt (f\u00f6r stort f\u00f6r tr\u00e4f\u00f6rpackning)<\/li> <li data-start=\"2482\" data-end=\"2502\"><strong data-start=\"2482\" data-end=\"2493\">Maskinvikt:<\/strong> 7200kg<\/li> <li data-start=\"2602\" data-end=\"2657\"><strong data-start=\"2602\" data-end=\"2621\">Bladmaterial:<\/strong> Cr12MoV h\u00f6gstyrkalloyst\u00e5l<\/li> <\/ul> <h3 data-start=\"2659\" data-end=\"2840\">Huvudfunktion<strong data-start=\"2659\" data-end=\"2677\">:<\/strong><\/h3> <p data-start=\"2659\" data-end=\"2840\">Denna hydrauliska d\u00e4cksk\u00e4rmaskin hanterar \u00f6verdimensionerade d\u00e4ck som redan har genomg\u00e5tt borttagning av st\u00e5lvajer. Den sk\u00e4r d\u00e4ckets kropp i remsor f\u00f6r vidare krossning och \u00e5tervinning.<\/p> <h2 data-start=\"2659\" data-end=\"2840\">Arbetsprincip f\u00f6r skrot d\u00e4cksk\u00e4rare<\/h2> <p>1. Placera d\u00e4cket p\u00e5 arbetsb\u00e4nken.<br \/> Operat\u00f6ren placerar den anv\u00e4nda d\u00e4cket p\u00e5 den angivna platsen p\u00e5 sk\u00e4rplattformen och ser till att d\u00e4cket \u00e4r stabilt och direkt under sk\u00e4rverktyget.<\/p> <p>2. Det hydrauliska drivsystemet aktiveras.<br \/> N\u00e4r operat\u00f6ren startar maskinen b\u00f6rjar det hydrauliska pumpdrivsystemet att fungera, vilket ger en kraftfull energik\u00e4lla f\u00f6r sk\u00e4rverktygen.<\/p> <p>3. Det hydrauliska sk\u00e4rverktyget sk\u00e4r sedan d\u00e4cket.<br \/> Det hydrauliska systemet driver det h\u00f6gstyrka sk\u00e4rverktyget f\u00f6r att trycka ner vertikalt eller horisontellt, vilket sk\u00e4r d\u00e4ckets stomme i stora bitar av angivna dimensioner (t.ex. mindre \u00e4n 900 mm) f\u00f6r efterf\u00f6ljande s\u00f6nderdelning eller bearbetning.<\/p> <p>4. Flera snitt kan g\u00f6ras i segment.<br \/> F\u00f6r st\u00f6rre OTR-d\u00e4ck \u00e4r sk\u00e4rprocessen uppdelad i flera segment, d\u00e4r varje snitt \u00e4r cirka en minut is\u00e4r. Detta s\u00e4kerst\u00e4ller strukturell integritet och f\u00f6rhindrar \u00f6verbelastning av utrustningen.<\/p> <p class=\"translation-block\">5. Den f\u00e4rdiga produkten matas ut.<br \/> De skurna d\u00e4ckbitarna g\u00e5r vidare till n\u00e4sta <a href=\"https:\/\/recyclingequipinc.com\/sw\/bidhaa\/tire-rubber-shredder-for-sale\/\">krossnings<\/a> eller slipningssteg.<\/p> <h2 data-start=\"3178\" data-end=\"3254\">Till\u00e4mpning av gummid\u00e4cksk\u00e4rare maskin till salu<\/h2> <p data-start=\"3285\" data-end=\"3340\">V\u00e5ra hydrauliska d\u00e4cksk\u00e4rare anv\u00e4nds i stor utstr\u00e4ckning i:<\/p> <ul data-start=\"3342\" data-end=\"3509\"> <li data-start=\"3342\" data-end=\"3367\"> <p data-start=\"3344\" data-end=\"3367\">D\u00e4ck\u00e5tervinningsanl\u00e4ggningar<\/p> <\/li> <li data-start=\"3368\" data-end=\"3396\"> <p data-start=\"3370\" data-end=\"3396\">Avfallshanteringscentraler<\/p> <\/li> <li data-start=\"3397\" data-end=\"3425\"> <p data-start=\"3399\" data-end=\"3425\">Gummigranuleringslinjer<\/p> <\/li> <li data-start=\"3426\" data-end=\"3458\"> <p data-start=\"3428\" data-end=\"3458\">Behandlingsstationer f\u00f6r OTR-d\u00e4ck<\/p> <\/li> <li data-start=\"3459\" data-end=\"3509\"> <p data-start=\"3461\" data-end=\"3509\">F\u00f6rbehandling f\u00f6r pyrolys eller devulcanisering<\/p> <\/li> <\/ul> <h2 data-start=\"3516\" data-end=\"3558\">Uppgradera din d\u00e4ck\u00e5tervinningslinje idag<\/h2> <p data-start=\"3560\" data-end=\"3836\">Sk\u00e4rmaskinerna f\u00f6r d\u00e4ck fr\u00e5n Shuliy \u00e4r konstruerade f\u00f6r att m\u00f6ta de tuffaste kraven inom \u00e5tervinning av avfall d\u00e4ck. Oavsett om du hanterar tusentals sm\u00e5 d\u00e4ck eller stora satser av industriella OTR-d\u00e4ck, s\u00e4kerst\u00e4ller v\u00e5ra maskiner s\u00e4ker, effektiv och kostnadseffektiv bearbetning.<\/p> <p data-start=\"3838\" data-end=\"3946\" class=\"translation-block\">\ud83d\udce9 <strong data-start=\"3841\" data-end=\"3859\">Wasiliana nasi sasa<\/strong> kupata nukuu, usaidizi wa kiufundi, na suluhisho maalum kwa mahitaji yako ya kukata tairi!<\/p>","protected":false},"excerpt":{"rendered":"<p>Letar du efter ett effektivt s\u00e4tt att sk\u00e4ra bild\u00e4ck eller OTR-d\u00e4ck? Shuliy's hydrauliska d\u00e4cksk\u00e4rare \u00e4r designade f\u00f6r precision och s\u00e4kerhet, och hanterar d\u00e4ckstorlekar fr\u00e5n 900 mm till 4000 mm. V\u00e5ra maskiner levererar exceptionell prestanda f\u00f6r d\u00e4ckf\u00f6rbehandling i \u00e5tervinning.<\/p>","protected":false},"featured_media":17428,"template":"","meta":{"site-sidebar-layout":"default","site-content-layout":"","ast-site-content-layout":"default","site-content-style":"default","site-sidebar-style":"default","ast-global-header-display":"","ast-banner-title-visibility":"","ast-main-header-display":"","ast-hfb-above-header-display":"","ast-hfb-below-header-display":"","ast-hfb-mobile-header-display":"","site-post-title":"","ast-breadcrumbs-content":"","ast-featured-img":"","footer-sml-layout":"","ast-disable-related-posts":"","theme-transparent-header-meta":"default","adv-header-id-meta":"","stick-header-meta":"","header-above-stick-meta":"","header-main-stick-meta":"","header-below-stick-meta":"","astra-migrate-meta-layouts":"set","ast-page-background-enabled":"default","ast-page-background-meta":{"desktop":{"background-color":"","background-image":"","background-repeat":"repeat","background-position":"center center","background-size":"auto","background-attachment":"scroll","background-type":"","background-media":"","overlay-type":"","overlay-color":"","overlay-opacity":"","overlay-gradient":""},"tablet":{"background-color":"","background-image":"","background-repeat":"repeat","background-position":"center center","background-size":"auto","background-attachment":"scroll","background-type":"","background-media":"","overlay-type":"","overlay-color":"","overlay-opacity":"","overlay-gradient":""},"mobile":{"background-color":"","background-image":"","background-repeat":"repeat","background-position":"center center","background-size":"auto","background-attachment":"scroll","background-type":"","background-media":"","overlay-type":"","overlay-color":"","overlay-opacity":"","overlay-gradient":""}},"ast-content-background-meta":{"desktop":{"background-color":"var(--ast-global-color-5)","background-image":"","background-repeat":"repeat","background-position":"center center","background-size":"auto","background-attachment":"scroll","background-type":"","background-media":"","overlay-type":"","overlay-color":"","overlay-opacity":"","overlay-gradient":""},"tablet":{"background-color":"var(--ast-global-color-5)","background-image":"","background-repeat":"repeat","background-position":"center center","background-size":"auto","background-attachment":"scroll","background-type":"","background-media":"","overlay-type":"","overlay-color":"","overlay-opacity":"","overlay-gradient":""},"mobile":{"background-color":"var(--ast-global-color-5)","background-image":"","background-repeat":"repeat","background-position":"center center","background-size":"auto","background-attachment":"scroll","background-type":"","background-media":"","overlay-type":"","overlay-color":"","overlay-opacity":"","overlay-gradient":""}}},"product_brand":[],"product_cat":[128],"product_tag":[],"class_list":{"0":"post-17417","1":"product","2":"type-product","3":"status-publish","4":"has-post-thumbnail","6":"product_cat-tire-recycling-machine","7":"desktop-align-center","8":"tablet-align-center","9":"mobile-align-center","11":"first","12":"instock","13":"shipping-taxable","14":"product-type-simple"},"_links":{"self":[{"href":"https:\/\/recyclingequipinc.com\/sw\/wp-json\/wp\/v2\/product\/17417","targetHints":{"allow":["GET"]}}],"collection":[{"href":"https:\/\/recyclingequipinc.com\/sw\/wp-json\/wp\/v2\/product"}],"about":[{"href":"https:\/\/recyclingequipinc.com\/sw\/wp-json\/wp\/v2\/types\/product"}],"version-history":[{"count":0,"href":"https:\/\/recyclingequipinc.com\/sw\/wp-json\/wp\/v2\/product\/17417\/revisions"}],"wp:featuredmedia":[{"embeddable":true,"href":"https:\/\/recyclingequipinc.com\/sw\/wp-json\/wp\/v2\/media\/17428"}],"wp:attachment":[{"href":"https:\/\/recyclingequipinc.com\/sw\/wp-json\/wp\/v2\/media?parent=17417"}],"wp:term":[{"taxonomy":"product_brand","embeddable":true,"href":"https:\/\/recyclingequipinc.com\/sw\/wp-json\/wp\/v2\/product_brand?post=17417"},{"taxonomy":"product_cat","embeddable":true,"href":"https:\/\/recyclingequipinc.com\/sw\/wp-json\/wp\/v2\/product_cat?post=17417"},{"taxonomy":"product_tag","embeddable":true,"href":"https:\/\/recyclingequipinc.com\/sw\/wp-json\/wp\/v2\/product_tag?post=17417"}],"curies":[{"name":"wp","href":"https:\/\/api.w.org\/{rel}","templated":true}]}}