{"id":17412,"date":"2025-07-28T14:31:28","date_gmt":"2025-07-28T06:31:28","guid":{"rendered":"https:\/\/recyclingequipinc.com\/?post_type=product&#038;p=17412"},"modified":"2025-07-30T17:13:57","modified_gmt":"2025-07-30T09:13:57","slug":"tire-steel-wire-separator","status":"publish","type":"product","link":"https:\/\/recyclingequipinc.com\/sw\/product\/tire-steel-wire-separator\/","title":{"rendered":"D\u00e4ckst\u00e5ltr\u00e5dseparator f\u00f6r standard- och OTR-d\u00e4ck\u00e5tervinning"},"content":{"rendered":"<p>Avfallsd\u00e4ck inneh\u00e5ller stora m\u00e4ngder h\u00e5rd st\u00e5ltr\u00e5d. Om de matas direkt in i en d\u00e4ckkross utan f\u00f6reg\u00e5ende behandling kan de l\u00e4tt skada utrustningen. Shuliy erbjuder tv\u00e5 typer av effektiva separatorer f\u00f6r d\u00e4ckst\u00e5ltr\u00e5d, som anv\u00e4nds f\u00f6r standardd\u00e4ck (1400 mm), som noggrant separerar st\u00e5ltr\u00e5dar fr\u00e5n d\u00e4ckskrot, vilket m\u00f6jligg\u00f6r effektiv sortering, \u00e5tervinning och \u00e5teranv\u00e4ndning av resurser.<\/p> <div id='gallery-1' class='gallery galleryid-17412 gallery-columns-3 gallery-size-full'><figure class='gallery-item'> \t\t\t<div class='gallery-icon landscape'> \t\t\t\t<a href='https:\/\/recyclingequipinc.com\/sw\/?attachment_id=17434'><img fetchpriority=\"high\" decoding=\"async\" width=\"720\" height=\"540\" src=\"https:\/\/recyclingequipinc.com\/wp-content\/uploads\/2025\/07\/standard-tire-steel-wire-separator.webp\" class=\"attachment-full size-full\" alt=\"standard d\u00e4ckst\u00e5ltr\u00e5dseparator\" aria-describedby=\"gallery-1-17434\" srcset=\"https:\/\/recyclingequipinc.com\/wp-content\/uploads\/2025\/07\/standard-tire-steel-wire-separator.webp 720w, https:\/\/recyclingequipinc.com\/wp-content\/uploads\/2025\/07\/standard-tire-steel-wire-separator-300x225.webp 300w, https:\/\/recyclingequipinc.com\/wp-content\/uploads\/2025\/07\/standard-tire-steel-wire-separator-16x12.webp 16w\" sizes=\"(max-width: 720px) 100vw, 720px\" \/><\/a> \t\t\t<\/div> \t\t\t\t<figcaption class='wp-caption-text gallery-caption' id='gallery-1-17434'> \t\t\t\tstandard d\u00e4ckst\u00e5ltr\u00e5dseparator \t\t\t\t<\/figcaption><\/figure><figure class='gallery-item'> \t\t\t<div class='gallery-icon landscape'> \t\t\t\t<a href='https:\/\/recyclingequipinc.com\/sw\/?attachment_id=17431'><img decoding=\"async\" width=\"720\" height=\"540\" src=\"https:\/\/recyclingequipinc.com\/wp-content\/uploads\/2025\/07\/OTR-tire-steel-wire-separator.webp\" class=\"attachment-full size-full\" alt=\"OTR d\u00e4ck st\u00e5ltr\u00e5d separator\" aria-describedby=\"gallery-1-17431\" srcset=\"https:\/\/recyclingequipinc.com\/wp-content\/uploads\/2025\/07\/OTR-tire-steel-wire-separator.webp 720w, https:\/\/recyclingequipinc.com\/wp-content\/uploads\/2025\/07\/OTR-tire-steel-wire-separator-300x225.webp 300w, https:\/\/recyclingequipinc.com\/wp-content\/uploads\/2025\/07\/OTR-tire-steel-wire-separator-16x12.webp 16w\" sizes=\"(max-width: 720px) 100vw, 720px\" \/><\/a> \t\t\t<\/div> \t\t\t\t<figcaption class='wp-caption-text gallery-caption' id='gallery-1-17431'> \t\t\t\tOTR d\u00e4ck st\u00e5ltr\u00e5d separator \t\t\t\t<\/figcaption><\/figure> \t\t<\/div>  <h2 data-start=\"641\" data-end=\"680\">Varf\u00f6r beh\u00f6ver man en d\u00e4ckst\u00e5ltr\u00e5dseparator?<\/h2> <p data-start=\"562\" data-end=\"710\">Oavsett om det \u00e4r standardd\u00e4ck eller stora gruvd\u00e4ck, \u00e4r d\u00e4ckets beadtr\u00e5dar gjorda av h\u00f6gkvalitativt st\u00e5l, inb\u00e4ddade i d\u00e4ckens sidov\u00e4gg f\u00f6r att uppr\u00e4tth\u00e5lla deras strukturella integritet. Men dessa tr\u00e5dar kan:<\/p> <ul data-start=\"712\" data-end=\"838\"> <li data-start=\"712\" data-end=\"759\"> <p data-start=\"714\" data-end=\"759\" class=\"translation-block\">Inaharibu <a href=\"https:\/\/recyclingequipinc.com\/sw\/bidhaa\/tire-rubber-shredder-for-sale\/\">vitakaji vya matairi<\/a> na vikandamizaji vya mpira<\/p> <\/li> <li data-start=\"760\" data-end=\"801\"> <p data-start=\"762\" data-end=\"801\">Minska kvaliteten p\u00e5 gummipulverutg\u00e5ng.<\/p> <\/li> <li data-start=\"802\" data-end=\"838\"> <p data-start=\"804\" data-end=\"838\">S\u00e4nk \u00e5tervinningseffektiviteten.<\/p> <\/li> <\/ul> <p data-start=\"873\" data-end=\"913\">Att anv\u00e4nda en d\u00e4cktr\u00e5davdragare innan nedsk\u00e4rning hj\u00e4lper:<\/p> <ul data-start=\"914\" data-end=\"1144\"> <li data-start=\"914\" data-end=\"968\"> <p data-start=\"916\" data-end=\"968\">Skydda krossar och slipmaskiner fr\u00e5n skador orsakade av st\u00e5l.<\/p> <\/li> <li data-start=\"969\" data-end=\"1029\"> <p data-start=\"971\" data-end=\"1029\">F\u00f6rb\u00e4ttra gummits renhet f\u00f6r granulat- eller pulverproduktion.<\/p> <\/li> <li data-start=\"1030\" data-end=\"1082\"> <p data-start=\"1032\" data-end=\"1082\">M\u00f6jligg\u00f6r st\u00e5l\u00e5tervinning och resursseparation.<\/p> <\/li> <li data-start=\"1083\" data-end=\"1144\"> <p data-start=\"1085\" data-end=\"1144\">St\u00f6dja en smidig och effektiv drift av d\u00e4ck\u00e5tervinningslinjen.<\/p> <\/li> <\/ul> <figure id=\"attachment_17433\" aria-describedby=\"caption-attachment-17433\" style=\"width: 720px\" class=\"wp-caption aligncenter\"><img decoding=\"async\" class=\"wp-image-17433 size-full\" src=\"https:\/\/recyclingequipinc.com\/wp-content\/uploads\/2025\/07\/rubber-and-steel-rims-separaton-effect.webp\" alt=\"Separeringseffekt av gummi och st\u00e5lf\u00e4lgar\" width=\"720\" height=\"540\" srcset=\"https:\/\/recyclingequipinc.com\/wp-content\/uploads\/2025\/07\/rubber-and-steel-rims-separaton-effect.webp 720w, https:\/\/recyclingequipinc.com\/wp-content\/uploads\/2025\/07\/rubber-and-steel-rims-separaton-effect-300x225.webp 300w, https:\/\/recyclingequipinc.com\/wp-content\/uploads\/2025\/07\/rubber-and-steel-rims-separaton-effect-16x12.webp 16w\" sizes=\"(max-width: 720px) 100vw, 720px\" \/><figcaption id=\"caption-attachment-17433\" class=\"wp-caption-text\">Separeringseffekt av gummi och st\u00e5lf\u00e4lgar<\/figcaption><\/figure> <h2 data-start=\"3377\" data-end=\"3470\">Tv\u00e5 typer av d\u00e4ckst\u00e5ltr\u00e5dseparatorer<\/h2> <h3 data-start=\"1116\" data-end=\"1174\">1. Standard d\u00e4ckst\u00e5ltr\u00e5dseparator (Modell: SWS-100)<\/h3> <p data-start=\"1176\" data-end=\"1388\" class=\"translation-block\">Inatumiwa katika <a href=\"https:\/\/recyclingequipinc.com\/sw\/bidhaa\/waste-tire-recycling-line\/\">mistari ya kurejesha inayotumia nusu-otomatiki<\/a>, mfumo huu unafaa kwa kushughulikia matairi ya magari, malori, na mabasi yenye kipenyo cha hadi <strong data-start=\"1304\" data-end=\"1315\">mm 1200<\/strong>. Kwa kawaida huunganishwa na <strong data-start=\"1345\" data-end=\"1365\">kitengua kingo za tairi<\/strong> na <strong data-start=\"1370\" data-end=\"1387\">kitakaji tairi<\/strong>.<\/p> <figure id=\"attachment_17436\" aria-describedby=\"caption-attachment-17436\" style=\"width: 720px\" class=\"wp-caption alignnone\"><img loading=\"lazy\" decoding=\"async\" class=\"wp-image-17436 size-full\" src=\"https:\/\/recyclingequipinc.com\/wp-content\/uploads\/2025\/07\/tire-wire-removal-machine.webp\" alt=\"maskin f\u00f6r borttagning av d\u00e4cktr\u00e5d\" width=\"720\" height=\"540\" srcset=\"https:\/\/recyclingequipinc.com\/wp-content\/uploads\/2025\/07\/tire-wire-removal-machine.webp 720w, https:\/\/recyclingequipinc.com\/wp-content\/uploads\/2025\/07\/tire-wire-removal-machine-300x225.webp 300w, https:\/\/recyclingequipinc.com\/wp-content\/uploads\/2025\/07\/tire-wire-removal-machine-16x12.webp 16w\" sizes=\"(max-width: 720px) 100vw, 720px\" \/><figcaption id=\"caption-attachment-17436\" class=\"wp-caption-text\">maskin f\u00f6r borttagning av d\u00e4cktr\u00e5d<\/figcaption><\/figure> <table style=\"width: 100%; height: 318px;\"> <tbody> <tr style=\"height: 53px;\"> <td style=\"height: 53px;\">Mfano<\/td> <td style=\"height: 53px;\">SWS-100 St\u00e5ltr\u00e5dseparator<\/td> <\/tr> <tr style=\"height: 53px;\"> <td style=\"height: 53px;\">Kraften p\u00e5 motorn<\/td> <td style=\"height: 53px;\">18,5 kW<\/td> <\/tr> <tr style=\"height: 53px;\"> <td style=\"height: 53px;\">Uwezo<\/td> <td style=\"height: 53px;\">120 st\/h<\/td> <\/tr> <tr style=\"height: 53px;\"> <td style=\"height: 53px;\">Inmatningsd\u00e4ckstorlek<\/td> <td style=\"height: 53px;\">\u22641200 mm<\/td> <\/tr> <tr style=\"height: 53px;\"> <td style=\"height: 53px;\">Ukubwa wa mashine<\/td> <td style=\"height: 53px;\">2*1,9*1,8 m<\/td> <\/tr> <tr style=\"height: 53px;\"> <td style=\"height: 53px;\">Uzito wa mashine<\/td> <td style=\"height: 53px;\">1800 kg<\/td> <\/tr> <\/tbody> <\/table> <h3>2. OTR d\u00e4ckst\u00e5ltr\u00e5dseparator (f\u00f6r d\u00e4ck 1400\u20134000 mm)<\/h3> <p class=\"translation-block\">Kikataji hiki cha pete za chuma cha kazi nzito kimeundwa kwa ajili ya <strong data-start=\"1965\" data-end=\"1993\">matairi ya OTR (Off-the-Road)<\/strong> yanayotumika katika madini, kilimo, na ujenzi. Inaweza kutoa pete nene za waya za chuma kutoka kwa matairi makubwa ya viwandani kwa ufanisi, ambayo mara nyingi hutumiwa na mashine ya kutenganisha matairi na kitakaji tairi.<\/p> <figure id=\"attachment_17432\" aria-describedby=\"caption-attachment-17432\" style=\"width: 720px\" class=\"wp-caption aligncenter\"><img loading=\"lazy\" decoding=\"async\" class=\"wp-image-17432 size-full\" src=\"https:\/\/recyclingequipinc.com\/wp-content\/uploads\/2025\/07\/OTR-tire-wire-removal-machine.webp\" alt=\"OTR d\u00e4cktr\u00e5d borttagningsmaskin\" width=\"720\" height=\"540\" srcset=\"https:\/\/recyclingequipinc.com\/wp-content\/uploads\/2025\/07\/OTR-tire-wire-removal-machine.webp 720w, https:\/\/recyclingequipinc.com\/wp-content\/uploads\/2025\/07\/OTR-tire-wire-removal-machine-300x225.webp 300w, https:\/\/recyclingequipinc.com\/wp-content\/uploads\/2025\/07\/OTR-tire-wire-removal-machine-16x12.webp 16w\" sizes=\"(max-width: 720px) 100vw, 720px\" \/><figcaption id=\"caption-attachment-17432\" class=\"wp-caption-text\">OTR d\u00e4cktr\u00e5d borttagningsmaskin<\/figcaption><\/figure> <table> <tbody> <tr> <td>Jina<\/td> <td>OTR D\u00e4cktr\u00e5d Borttagningsmaskin<\/td> <\/tr> <tr> <td>Kraften p\u00e5 motorn<\/td> <td>35,5 kW<\/td> <\/tr> <tr> <td>Ange d\u00e4ckstorlek<\/td> <td>1400\u20134000 mm<\/td> <\/tr> <tr> <td>Pato<\/td> <td>1 kant \/ 2-5 minuter<\/td> <\/tr> <tr> <td>Miwani<\/td> <td>3.65*2.1*1.95 m<\/td> <\/tr> <tr> <td>Uzito<\/td> <td>6200 kg<\/td> <\/tr> <tr> <td>Packning<\/td> <td>Uppackad (\u00f6versized maskin)<\/td> <\/tr> <\/tbody> <\/table> <h2>Nyckelfunktioner f\u00f6r v\u00e5r d\u00e4cktr\u00e5davdragare maskin<\/h2> <p data-start=\"2776\" data-end=\"2888\" class=\"translation-block\"><strong data-start=\"2778\" data-end=\"2800\">\u2705 Utangamano Kamili<\/strong>:<br data-start=\"2801\" data-end=\"2804\" \/>Inaunganishwa bila mshono katika njia za kurejesha matairi nusu-otomatiki na <a href=\"https:\/\/recyclingequipinc.com\/sw\/bidhaa\/mining-tire-recycling-machine\/\">njia za kurejesha matairi ya OTR<\/a>.<\/p> <p data-start=\"2890\" data-end=\"3031\" class=\"translation-block\"><strong data-start=\"2892\" data-end=\"2913\">\u2705 Muundo wa Kudumu<\/strong>:<br data-start=\"2914\" data-end=\"2917\" \/>Imejengwa kwa fremu za chuma zilizonenepeshwa, vifaa vinavyostahimili uchakavu, na motors za kiwango cha viwandani kwa muda mrefu wa huduma.<\/p> <p data-start=\"3033\" data-end=\"3136\" class=\"translation-block\"><strong data-start=\"3035\" data-end=\"3054\">\u2705 Ufanisi wa Juu<\/strong>:<br data-start=\"3055\" data-end=\"3058\" \/>Inatoa waya za chuma haraka na kwa usafi kwa uingiliaji mdogo wa mikono.<\/p> <p data-start=\"3138\" data-end=\"3238\" class=\"translation-block\"><strong data-start=\"3140\" data-end=\"3159\">\u2705 Matengenezo Kidogo<\/strong>:<br data-start=\"3160\" data-end=\"3163\" \/>Muundo rahisi na sehemu zinazopatikana kwa urahisi kwa ukaguzi na ukarabati wa haraka.<\/p> <p data-start=\"3240\" data-end=\"3375\" class=\"translation-block\"><strong data-start=\"3242\" data-end=\"3265\">\u2705 Muundo Unaoweza Kubinafsishwa<\/strong>:<br data-start=\"3266\" data-end=\"3269\" \/>Usaidizi kwa saizi tofauti za tairi, volti za uendeshaji, na miunganisho ya kipekee ili ilingane na mpangilio wa kiwanda chako.<\/p> <p data-start=\"3377\" data-end=\"3470\" class=\"translation-block\">\u2705 <strong data-start=\"3379\" data-end=\"3397\">Uendeshaji Salama<\/strong>:<br data-start=\"3398\" data-end=\"3401\" \/>Ina vifaa vya kusimamisha dharura, walinzi wa usalama, na ulinzi wa upakiaji mwingi.<\/p> <h2>Till\u00e4mpningar inom gummipulverproduktionslinjer<\/h2> <table> <thead> <tr> <th>Maskintyp<\/th> <th>Maombi<\/th> <th>Fungerar med<\/th> <\/tr> <\/thead> <tbody> <tr> <td><strong>Standard d\u00e4ckst\u00e5ltr\u00e5dseparator<\/strong><\/td> <td>Standardd\u00e4ck (\u22641200 mm)<\/td> <td>Sidov\u00e4ggsk\u00e4rare + d\u00e4cksk\u00e4rare<\/td> <\/tr> <tr> <td><strong>OTR d\u00e4ckst\u00e5ltr\u00e5dseparator<\/strong><\/td> <td>Ingenj\u00f6rs-\/terr\u00e4ngd\u00e4ck (1400\u20134000 mm)<\/td> <td>D\u00e4ckdemont\u00f6r + d\u00e4ckkrossare<\/td> <\/tr> <\/tbody> <\/table> <div id='gallery-2' class='gallery galleryid-17412 gallery-columns-3 gallery-size-full'><figure class='gallery-item'> \t\t\t<div class='gallery-icon landscape'> \t\t\t\t<a href='https:\/\/recyclingequipinc.com\/sw\/?attachment_id=17435'><img loading=\"lazy\" decoding=\"async\" width=\"720\" height=\"540\" src=\"https:\/\/recyclingequipinc.com\/wp-content\/uploads\/2025\/07\/steel-wire-separator-used-in-900-1200-mm-tire-recycling-line.webp\" class=\"attachment-full size-full\" alt=\"st\u00e5ltr\u00e5dseparator som anv\u00e4nds i d\u00e4ck\u00e5tervinningslinje f\u00f6r 900-1200 mm\" aria-describedby=\"gallery-2-17435\" srcset=\"https:\/\/recyclingequipinc.com\/wp-content\/uploads\/2025\/07\/steel-wire-separator-used-in-900-1200-mm-tire-recycling-line.webp 720w, https:\/\/recyclingequipinc.com\/wp-content\/uploads\/2025\/07\/steel-wire-separator-used-in-900-1200-mm-tire-recycling-line-300x225.webp 300w, https:\/\/recyclingequipinc.com\/wp-content\/uploads\/2025\/07\/steel-wire-separator-used-in-900-1200-mm-tire-recycling-line-16x12.webp 16w\" sizes=\"(max-width: 720px) 100vw, 720px\" \/><\/a> \t\t\t<\/div> \t\t\t\t<figcaption class='wp-caption-text gallery-caption' id='gallery-2-17435'> \t\t\t\tst\u00e5ltr\u00e5dseparator som anv\u00e4nds i d\u00e4ck\u00e5tervinningslinje f\u00f6r 900-1200 mm \t\t\t\t<\/figcaption><\/figure><figure class='gallery-item'> \t\t\t<div class='gallery-icon landscape'> \t\t\t\t<a href='https:\/\/recyclingequipinc.com\/sw\/?attachment_id=17430'><img loading=\"lazy\" decoding=\"async\" width=\"720\" height=\"540\" src=\"https:\/\/recyclingequipinc.com\/wp-content\/uploads\/2025\/07\/OTR-tire-bead-wire-remover-machine-in-mining-tire-recycling-line.webp\" class=\"attachment-full size-full\" alt=\"OTR d\u00e4ck bead tr\u00e5davdragare maskin i gruvd\u00e4ck\u00e5tervinningslinje\" aria-describedby=\"gallery-2-17430\" srcset=\"https:\/\/recyclingequipinc.com\/wp-content\/uploads\/2025\/07\/OTR-tire-bead-wire-remover-machine-in-mining-tire-recycling-line.webp 720w, https:\/\/recyclingequipinc.com\/wp-content\/uploads\/2025\/07\/OTR-tire-bead-wire-remover-machine-in-mining-tire-recycling-line-300x225.webp 300w, https:\/\/recyclingequipinc.com\/wp-content\/uploads\/2025\/07\/OTR-tire-bead-wire-remover-machine-in-mining-tire-recycling-line-16x12.webp 16w\" sizes=\"(max-width: 720px) 100vw, 720px\" \/><\/a> \t\t\t<\/div> \t\t\t\t<figcaption class='wp-caption-text gallery-caption' id='gallery-2-17430'> \t\t\t\tOTR d\u00e4ck bead tr\u00e5davdragare maskin i gruvd\u00e4ck\u00e5tervinningslinje \t\t\t\t<\/figcaption><\/figure> \t\t<\/div>  <h2>Hur fungerar maskinen f\u00f6r avl\u00e4gsnande av d\u00e4cktr\u00e5d?<\/h2> <p data-start=\"144\" data-end=\"315\">Separatoren f\u00f6r d\u00e4ckst\u00e5ltr\u00e5d \u00e4r utformad f\u00f6r att extrahera de tuffa beadtr\u00e5darna som \u00e4r inb\u00e4ddade i sidov\u00e4ggarna p\u00e5 uttj\u00e4nta bil- och lastd\u00e4ck innan de krossas. S\u00e5 h\u00e4r fungerar det:<\/p> <ol data-start=\"317\" data-end=\"1105\"> <li data-start=\"317\" data-end=\"500\"> <p data-start=\"320\" data-end=\"500\" class=\"translation-block\"><strong data-start=\"320\" data-end=\"347\">Handmatige Bandpositieering<\/strong><br data-start=\"347\" data-end=\"350\" \/>De operator plaatst een voor-gesneden band-lip (meestal na het snijden met een bandneus- of lipverwijderaar) in het invoergedeelte tussen de rollen.<\/p> <\/li> <li data-start=\"502\" data-end=\"690\"> <p data-start=\"505\" data-end=\"690\" class=\"translation-block\"><strong data-start=\"505\" data-end=\"533\">Krachtige Rollertractie<\/strong><br data-start=\"533\" data-end=\"536\" \/>De machine is uitgerust met twee of drie zware rollen die worden aangedreven door een krachtige motor (bijv. 18,5 kW). Deze rollen grijpen en trekken de bandlip naar binnen.<\/p> <\/li> <li data-start=\"692\" data-end=\"906\"> <p data-start=\"695\" data-end=\"906\" class=\"translation-block\"><strong data-start=\"695\" data-end=\"721\">Draad-Rubber Scheiding<\/strong><br data-start=\"721\" data-end=\"724\" \/>Terwijl de bandlip door de rollen beweegt, legt een speciaal ontworpen scheidingsmes of inkeping druk uit om de ingebedde stalen draadringen los te maken van het omringende rubber.<\/p> <\/li> <li data-start=\"908\" data-end=\"1105\"> <p data-start=\"911\" data-end=\"936\" class=\"translation-block\">Ukusanyaji Tofauti<\/p> <ul data-start=\"940\" data-end=\"1105\"> <li data-start=\"940\" data-end=\"1042\"> <p data-start=\"942\" data-end=\"1042\">St\u00e5ltr\u00e5den dras ut som en kontinuerlig eller semi-kontinuerlig slinga och samlas separat.<\/p> <\/li> <li data-start=\"1046\" data-end=\"1105\"> <p data-start=\"1048\" data-end=\"1105\">Gummirester faller av eller tas bort manuellt.<\/p> <\/li> <\/ul> <\/li> <\/ol> <h2>Kompletta d\u00e4ck\u00e5tervinningsl\u00f6sningar tillg\u00e4ngliga<\/h2> <p data-start=\"4005\" data-end=\"4068\">Shuliy Machinery tillhandah\u00e5ller kompletta \u00e5tervinningslinjeinstallationer inklusive:<\/p> <ul data-start=\"4070\" data-end=\"4236\"> <li data-start=\"4070\" data-end=\"4104\"> <p data-start=\"4072\" data-end=\"4104\">D\u00e4cksidov\u00e4ggsavtagare \/ OTR-d\u00e4ckavmonteringsmaskin<\/p> <\/li> <li data-start=\"4105\" data-end=\"4143\"> <p data-start=\"4107\" data-end=\"4143\">D\u00e4ckshredder till salu<\/p> <\/li> <li data-start=\"4144\" data-end=\"4183\"> <p data-start=\"4146\" data-end=\"4183\">Magnetseparatorer och gummigranulatorer<\/p> <\/li> <li data-start=\"4184\" data-end=\"4236\"> <p data-start=\"4186\" data-end=\"4236\">Helt automatiska eller semi-automatiska konfigurationer<\/p> <\/li> <\/ul> <p data-start=\"4238\" data-end=\"4330\">Beh\u00f6ver du en skr\u00e4ddarsydd installation? L\u00e5t v\u00e5ra ingenj\u00f6rer hj\u00e4lpa till att skr\u00e4ddarsy den r\u00e4tta l\u00f6sningen f\u00f6r ditt f\u00f6retag.<\/p> <p>&nbsp;<\/p>","protected":false},"excerpt":{"rendered":"<p>Separat\u00f6ren f\u00f6r st\u00e5ltr\u00e5d fr\u00e5n Shuliy levererar ren, effektiv och skadorfri tr\u00e5davl\u00e4gsning - avg\u00f6rande f\u00f6r att skydda nedstr\u00f6ms krossar och \u00f6ka produktiviteten i \u00e5tervinningslinjen. Idealisk f\u00f6r d\u00e4ck\u00e5tervinnare.<\/p>","protected":false},"featured_media":17431,"template":"","meta":{"site-sidebar-layout":"default","site-content-layout":"","ast-site-content-layout":"default","site-content-style":"default","site-sidebar-style":"default","ast-global-header-display":"","ast-banner-title-visibility":"","ast-main-header-display":"","ast-hfb-above-header-display":"","ast-hfb-below-header-display":"","ast-hfb-mobile-header-display":"","site-post-title":"","ast-breadcrumbs-content":"","ast-featured-img":"","footer-sml-layout":"","ast-disable-related-posts":"","theme-transparent-header-meta":"default","adv-header-id-meta":"","stick-header-meta":"","header-above-stick-meta":"","header-main-stick-meta":"","header-below-stick-meta":"","astra-migrate-meta-layouts":"set","ast-page-background-enabled":"default","ast-page-background-meta":{"desktop":{"background-color":"","background-image":"","background-repeat":"repeat","background-position":"center center","background-size":"auto","background-attachment":"scroll","background-type":"","background-media":"","overlay-type":"","overlay-color":"","overlay-opacity":"","overlay-gradient":""},"tablet":{"background-color":"","background-image":"","background-repeat":"repeat","background-position":"center center","background-size":"auto","background-attachment":"scroll","background-type":"","background-media":"","overlay-type":"","overlay-color":"","overlay-opacity":"","overlay-gradient":""},"mobile":{"background-color":"","background-image":"","background-repeat":"repeat","background-position":"center center","background-size":"auto","background-attachment":"scroll","background-type":"","background-media":"","overlay-type":"","overlay-color":"","overlay-opacity":"","overlay-gradient":""}},"ast-content-background-meta":{"desktop":{"background-color":"var(--ast-global-color-5)","background-image":"","background-repeat":"repeat","background-position":"center center","background-size":"auto","background-attachment":"scroll","background-type":"","background-media":"","overlay-type":"","overlay-color":"","overlay-opacity":"","overlay-gradient":""},"tablet":{"background-color":"var(--ast-global-color-5)","background-image":"","background-repeat":"repeat","background-position":"center center","background-size":"auto","background-attachment":"scroll","background-type":"","background-media":"","overlay-type":"","overlay-color":"","overlay-opacity":"","overlay-gradient":""},"mobile":{"background-color":"var(--ast-global-color-5)","background-image":"","background-repeat":"repeat","background-position":"center center","background-size":"auto","background-attachment":"scroll","background-type":"","background-media":"","overlay-type":"","overlay-color":"","overlay-opacity":"","overlay-gradient":""}}},"product_brand":[],"product_cat":[128],"product_tag":[],"class_list":{"0":"post-17412","1":"product","2":"type-product","3":"status-publish","4":"has-post-thumbnail","6":"product_cat-tire-recycling-machine","7":"desktop-align-center","8":"tablet-align-center","9":"mobile-align-center","11":"first","12":"instock","13":"shipping-taxable","14":"product-type-simple"},"_links":{"self":[{"href":"https:\/\/recyclingequipinc.com\/sw\/wp-json\/wp\/v2\/product\/17412","targetHints":{"allow":["GET"]}}],"collection":[{"href":"https:\/\/recyclingequipinc.com\/sw\/wp-json\/wp\/v2\/product"}],"about":[{"href":"https:\/\/recyclingequipinc.com\/sw\/wp-json\/wp\/v2\/types\/product"}],"version-history":[{"count":0,"href":"https:\/\/recyclingequipinc.com\/sw\/wp-json\/wp\/v2\/product\/17412\/revisions"}],"wp:featuredmedia":[{"embeddable":true,"href":"https:\/\/recyclingequipinc.com\/sw\/wp-json\/wp\/v2\/media\/17431"}],"wp:attachment":[{"href":"https:\/\/recyclingequipinc.com\/sw\/wp-json\/wp\/v2\/media?parent=17412"}],"wp:term":[{"taxonomy":"product_brand","embeddable":true,"href":"https:\/\/recyclingequipinc.com\/sw\/wp-json\/wp\/v2\/product_brand?post=17412"},{"taxonomy":"product_cat","embeddable":true,"href":"https:\/\/recyclingequipinc.com\/sw\/wp-json\/wp\/v2\/product_cat?post=17412"},{"taxonomy":"product_tag","embeddable":true,"href":"https:\/\/recyclingequipinc.com\/sw\/wp-json\/wp\/v2\/product_tag?post=17412"}],"curies":[{"name":"wp","href":"https:\/\/api.w.org\/{rel}","templated":true}]}}