{"id":17387,"date":"2025-07-21T15:40:31","date_gmt":"2025-07-21T07:40:31","guid":{"rendered":"https:\/\/recyclingequipinc.com\/?post_type=product&#038;p=17387"},"modified":"2025-07-21T15:40:31","modified_gmt":"2025-07-21T07:40:31","slug":"tire-rubber-shredder-for-sale","status":"publish","type":"product","link":"https:\/\/recyclingequipinc.com\/sw\/product\/tire-rubber-shredder-for-sale\/","title":{"rendered":"D\u00e4ckgummisk\u00e4rare till salu | D\u00e4cksk\u00e4rmaskin"},"content":{"rendered":"<p>I takt med att bil- och ingenj\u00f6rsindustrierna forts\u00e4tter att v\u00e4xa \u00f6kar behovet av d\u00e4ck\u00e5tervinning. D\u00e4ckgummiskredder f\u00f6r f\u00f6rs\u00e4ljning \u00e4r viktig utrustning f\u00f6r \u00e5tervinning.<br \/> Den krossar avfallsd\u00e4ck och producerar enhetliga, sm\u00e5 gummibitar som \u00e4r l\u00e4tta att mala, transportera, lagra eller anv\u00e4nda som r\u00e5material f\u00f6r nya gummiprodukter.<\/p> <div id='gallery-1' class='gallery galleryid-17387 gallery-columns-3 gallery-size-full'><figure class='gallery-item'> \t\t\t<div class='gallery-icon landscape'> \t\t\t\t<a href='https:\/\/recyclingequipinc.com\/sw\/?attachment_id=17399'><img fetchpriority=\"high\" decoding=\"async\" width=\"720\" height=\"540\" src=\"https:\/\/recyclingequipinc.com\/wp-content\/uploads\/2025\/07\/industrial-rubber-shredder.webp\" class=\"attachment-full size-full\" alt=\"industriell gummisk\u00e4rare\" aria-describedby=\"gallery-1-17399\" srcset=\"https:\/\/recyclingequipinc.com\/wp-content\/uploads\/2025\/07\/industrial-rubber-shredder.webp 720w, https:\/\/recyclingequipinc.com\/wp-content\/uploads\/2025\/07\/industrial-rubber-shredder-300x225.webp 300w, https:\/\/recyclingequipinc.com\/wp-content\/uploads\/2025\/07\/industrial-rubber-shredder-16x12.webp 16w\" sizes=\"(max-width: 720px) 100vw, 720px\" \/><\/a> \t\t\t<\/div> \t\t\t\t<figcaption class='wp-caption-text gallery-caption' id='gallery-1-17399'> \t\t\t\tindustriell gummisk\u00e4rare \t\t\t\t<\/figcaption><\/figure><figure class='gallery-item'> \t\t\t<div class='gallery-icon landscape'> \t\t\t\t<a href='https:\/\/recyclingequipinc.com\/sw\/?attachment_id=17400'><img decoding=\"async\" width=\"720\" height=\"540\" src=\"https:\/\/recyclingequipinc.com\/wp-content\/uploads\/2025\/07\/rubber-blocks-processed-by-rubber-tire-chipper.webp\" class=\"attachment-full size-full\" alt=\"gummiblock som bearbetas av gummid\u00e4cksklipparen\" aria-describedby=\"gallery-1-17400\" srcset=\"https:\/\/recyclingequipinc.com\/wp-content\/uploads\/2025\/07\/rubber-blocks-processed-by-rubber-tire-chipper.webp 720w, https:\/\/recyclingequipinc.com\/wp-content\/uploads\/2025\/07\/rubber-blocks-processed-by-rubber-tire-chipper-300x225.webp 300w, https:\/\/recyclingequipinc.com\/wp-content\/uploads\/2025\/07\/rubber-blocks-processed-by-rubber-tire-chipper-16x12.webp 16w\" sizes=\"(max-width: 720px) 100vw, 720px\" \/><\/a> \t\t\t<\/div> \t\t\t\t<figcaption class='wp-caption-text gallery-caption' id='gallery-1-17400'> \t\t\t\tgummiblock som bearbetas av gummid\u00e4cksklipparen \t\t\t\t<\/figcaption><\/figure> \t\t<\/div>  <h2>R\u00e5material och utdata fr\u00e5n d\u00e4ckslipmaskinen<\/h2> <p class=\"translation-block\">Mashine ya kukata mpira ya Shuliy inauzwa inakuja katika mifano na ukubwa mbalimbali, ikitoa mwanya wa kubadilika ili kuendana na mahitaji tofauti ya uzalishaji na matumizi. Kiharusi kinaweza kushughulikia aina zote za matairi, ikiwa ni pamoja na magari, ujenzi (OTR), na matairi makubwa ya OTR. Mifumo ya uzalishaji wa poda ya mpira <a href=\"https:\/\/recyclingequipinc.com\/sw\/bidhaa\/rubber-powder-production-line\/\">kiotomatiki<\/a> na <a href=\"https:\/\/recyclingequipinc.com\/sw\/bidhaa\/waste-tire-recycling-line\/\">nusu-kiotomatiki<\/a> inaweza kubadilishwa ipasavyo.<\/p> <p>Den industriella d\u00e4ckslipmaskinen kan bearbeta f\u00f6ljande former av r\u00e5material:<\/p> <ul> <li>Hela d\u00e4ck (upp till 1400 mm i diameter)<\/li> <li>Nedbrutna eller avtr\u00e5dade d\u00e4ckdelar<\/li> <li>Sk\u00e4r d\u00e4cksegment eller remsor<\/li> <\/ul> <div id='gallery-2' class='gallery galleryid-17387 gallery-columns-3 gallery-size-full'><figure class='gallery-item'> \t\t\t<div class='gallery-icon landscape'> \t\t\t\t<a href='https:\/\/recyclingequipinc.com\/sw\/?attachment_id=17408'><img decoding=\"async\" width=\"720\" height=\"540\" src=\"https:\/\/recyclingequipinc.com\/wp-content\/uploads\/2025\/07\/whole-tires.webp\" class=\"attachment-full size-full\" alt=\"hela d\u00e4ck\" aria-describedby=\"gallery-2-17408\" srcset=\"https:\/\/recyclingequipinc.com\/wp-content\/uploads\/2025\/07\/whole-tires.webp 720w, https:\/\/recyclingequipinc.com\/wp-content\/uploads\/2025\/07\/whole-tires-300x225.webp 300w, https:\/\/recyclingequipinc.com\/wp-content\/uploads\/2025\/07\/whole-tires-16x12.webp 16w\" sizes=\"(max-width: 720px) 100vw, 720px\" \/><\/a> \t\t\t<\/div> \t\t\t\t<figcaption class='wp-caption-text gallery-caption' id='gallery-2-17408'> \t\t\t\thela d\u00e4ck \t\t\t\t<\/figcaption><\/figure><figure class='gallery-item'> \t\t\t<div class='gallery-icon landscape'> \t\t\t\t<a href='https:\/\/recyclingequipinc.com\/sw\/?attachment_id=17398'><img loading=\"lazy\" decoding=\"async\" width=\"720\" height=\"540\" src=\"https:\/\/recyclingequipinc.com\/wp-content\/uploads\/2025\/07\/disintegrated-OTR-tires.webp\" class=\"attachment-full size-full\" alt=\"desintegrerade OTR-d\u00e4ck\" aria-describedby=\"gallery-2-17398\" srcset=\"https:\/\/recyclingequipinc.com\/wp-content\/uploads\/2025\/07\/disintegrated-OTR-tires.webp 720w, https:\/\/recyclingequipinc.com\/wp-content\/uploads\/2025\/07\/disintegrated-OTR-tires-300x225.webp 300w, https:\/\/recyclingequipinc.com\/wp-content\/uploads\/2025\/07\/disintegrated-OTR-tires-16x12.webp 16w\" sizes=\"(max-width: 720px) 100vw, 720px\" \/><\/a> \t\t\t<\/div> \t\t\t\t<figcaption class='wp-caption-text gallery-caption' id='gallery-2-17398'> \t\t\t\tdesintegrerade OTR-d\u00e4ck \t\t\t\t<\/figcaption><\/figure> \t\t<\/div>  <p>Storleken p\u00e5 de s\u00f6nderrivna gummibitarna kan justeras genom att byta sk\u00e4rm. Ett typiskt utmatningsomr\u00e5de \u00e4r 50-100 mm f\u00f6r att tillgodose olika efterf\u00f6ljande bearbetningskrav.<\/p> <figure id=\"attachment_17407\" aria-describedby=\"caption-attachment-17407\" style=\"width: 720px\" class=\"wp-caption alignnone\"><img loading=\"lazy\" decoding=\"async\" class=\"wp-image-17407 size-full\" src=\"https:\/\/recyclingequipinc.com\/wp-content\/uploads\/2025\/07\/uniform-tire-blocks.webp\" alt=\"enhetliga d\u00e4ckblock\" width=\"720\" height=\"540\" srcset=\"https:\/\/recyclingequipinc.com\/wp-content\/uploads\/2025\/07\/uniform-tire-blocks.webp 720w, https:\/\/recyclingequipinc.com\/wp-content\/uploads\/2025\/07\/uniform-tire-blocks-300x225.webp 300w, https:\/\/recyclingequipinc.com\/wp-content\/uploads\/2025\/07\/uniform-tire-blocks-16x12.webp 16w\" sizes=\"(max-width: 720px) 100vw, 720px\" \/><figcaption id=\"caption-attachment-17407\" class=\"wp-caption-text\">enhetliga d\u00e4ckblock<\/figcaption><\/figure> <h2>Nyckelfunktioner f\u00f6r gummisk\u00e4raren till salu<\/h2> <ul> <li data-start=\"78\" data-end=\"181\"> <p data-start=\"81\" data-end=\"181\" class=\"translation-block\"><strong data-start=\"81\" data-end=\"101\">Matumizi Mapana: <\/strong>Inafaa kwa aina zote za matairi ya taka, ikiwa ni pamoja na magari, malori, matairi ya OTR, n.k.<\/p> <\/li> <li data-start=\"182\" data-end=\"280\"> <p data-start=\"185\" data-end=\"280\" class=\"translation-block\"><strong data-start=\"185\" data-end=\"207\">Kukata Kwa Nguvu: <\/strong>Muundo wa torque ya juu, kasi ya chini unahakikisha utendaji wenye nguvu na mzuri.<\/p> <\/li> <li data-start=\"281\" data-end=\"368\"> <p data-start=\"284\" data-end=\"368\" class=\"translation-block\"><strong data-start=\"284\" data-end=\"304\">Muundo Imara: <\/strong>Frame nzito iliyoandaliwa kwa ajili ya operesheni endelevu na thabiti.<\/p> <\/li> <li data-start=\"369\" data-end=\"458\"> <p data-start=\"372\" data-end=\"458\" class=\"translation-block\"><strong data-start=\"372\" data-end=\"390\">Matokeo Yanayofanana: <\/strong>Vikundi vya mpira safi na vinavyosawazishwa vizuri vinavyofaa kwa ajili ya usindikaji zaidi.<\/p> <\/li> <li data-start=\"459\" data-end=\"570\"> <p data-start=\"462\" data-end=\"570\" class=\"translation-block\"><strong data-start=\"462\" data-end=\"483\">Kichujio Kinachoweza Kubadilishwa: <\/strong>Ukubwa wa matokeo unaweza kubadilishwa (kawaida 50\u2013100 mm); kichujio ni rahisi kubadilisha na kudumisha.<\/p> <\/li> <li data-start=\"571\" data-end=\"676\"> <p data-start=\"574\" data-end=\"676\" class=\"translation-block\"><strong data-start=\"574\" data-end=\"598\">Huduma Bora Baada ya Mauzo: <\/strong>Dhamana inatolewa kwa ufungaji wa tovuti na msaada wa kiufundi kama chaguo.<\/p> <\/li> <\/ul> <div id='gallery-3' class='gallery galleryid-17387 gallery-columns-3 gallery-size-full'><figure class='gallery-item'> \t\t\t<div class='gallery-icon landscape'> \t\t\t\t<a href='https:\/\/recyclingequipinc.com\/sw\/?attachment_id=17405'><img loading=\"lazy\" decoding=\"async\" width=\"720\" height=\"540\" src=\"https:\/\/recyclingequipinc.com\/wp-content\/uploads\/2025\/07\/tire-shredding-machine-screens.webp\" class=\"attachment-full size-full\" alt=\"d\u00e4ck krossmaskin sk\u00e4rmar\" aria-describedby=\"gallery-3-17405\" srcset=\"https:\/\/recyclingequipinc.com\/wp-content\/uploads\/2025\/07\/tire-shredding-machine-screens.webp 720w, https:\/\/recyclingequipinc.com\/wp-content\/uploads\/2025\/07\/tire-shredding-machine-screens-300x225.webp 300w, https:\/\/recyclingequipinc.com\/wp-content\/uploads\/2025\/07\/tire-shredding-machine-screens-16x12.webp 16w\" sizes=\"(max-width: 720px) 100vw, 720px\" \/><\/a> \t\t\t<\/div> \t\t\t\t<figcaption class='wp-caption-text gallery-caption' id='gallery-3-17405'> \t\t\t\td\u00e4ck krossmaskin sk\u00e4rmar \t\t\t\t<\/figcaption><\/figure><figure class='gallery-item'> \t\t\t<div class='gallery-icon landscape'> \t\t\t\t<a href='https:\/\/recyclingequipinc.com\/sw\/?attachment_id=17397'><img loading=\"lazy\" decoding=\"async\" width=\"720\" height=\"540\" src=\"https:\/\/recyclingequipinc.com\/wp-content\/uploads\/2025\/07\/blades-of-tire-rubber-shredders.webp\" class=\"attachment-full size-full\" alt=\"blad av d\u00e4ckgummikrossar\" aria-describedby=\"gallery-3-17397\" srcset=\"https:\/\/recyclingequipinc.com\/wp-content\/uploads\/2025\/07\/blades-of-tire-rubber-shredders.webp 720w, https:\/\/recyclingequipinc.com\/wp-content\/uploads\/2025\/07\/blades-of-tire-rubber-shredders-300x225.webp 300w, https:\/\/recyclingequipinc.com\/wp-content\/uploads\/2025\/07\/blades-of-tire-rubber-shredders-16x12.webp 16w\" sizes=\"(max-width: 720px) 100vw, 720px\" \/><\/a> \t\t\t<\/div> \t\t\t\t<figcaption class='wp-caption-text gallery-caption' id='gallery-3-17397'> \t\t\t\tblad av d\u00e4ckgummikrossar \t\t\t\t<\/figcaption><\/figure> \t\t<\/div>  <h2>Lista \u00f6ver gummisk\u00e4rmaskiner<\/h2> <p>En professionell skr\u00e4ddarsydd d\u00e4ckshredder som \u00e4r utformad f\u00f6r att sk\u00e4ra alla typer av d\u00e4ck i enhetliga gummiblock (50\u2013100 mm), idealisk f\u00f6r \u00e5tervinning, slipning eller alternativ br\u00e4nsleanv\u00e4ndning. Dessa d\u00e4ckkrossar finns i flera modeller f\u00f6r att m\u00f6ta dina produktionsbehov.<\/p> <table> <thead> <tr> <th><strong>Mfano<\/strong><\/th> <th><strong>SL-900<\/strong><\/th> <th><strong>SL-1000<\/strong><\/th> <th><strong>SL-1200<\/strong><\/th> <th><strong>SL-1500<\/strong><\/th> <th><strong>SL-1800<\/strong><\/th> <\/tr> <\/thead> <tbody> <tr> <td><strong>Uwezo<\/strong><\/td> <td>2 ton\/h<\/td> <td>4 ton\/h<\/td> <td>5\u20136 ton\/h<\/td> <td>8\u201310 ton\/h<\/td> <td>15\u201320 ton\/h<\/td> <\/tr> <tr> <td><strong>Ukubwa wa Ingizo<\/strong><\/td> <td>\u2264900 mm<\/td> <td>\u22641000 mm<\/td> <td>\u22641200 mm<\/td> <td>\u22641200 mm<\/td> <td>\u22641400 mm<\/td> <\/tr> <tr> <td><strong>Utmatningsstorlek<\/strong><\/td> <td>50 mm<\/td> <td>60 mm<\/td> <td>60 mm<\/td> <td>75 mm<\/td> <td>100 mm<\/td> <\/tr> <tr> <td><strong>Kraften p\u00e5 motorn<\/strong><\/td> <td>64,5 kW<\/td> <td>94,5 kW<\/td> <td>157 kW<\/td> <td>188,5 kW<\/td> <td>328,5 kW<\/td> <\/tr> <tr> <td><strong>Blad Specifikationer<\/strong><\/td> <td>360 mm \u00d8 \/ 50 mm tjock \/ 16 st<\/td> <td>440 mm \u00d8 \/ 50 mm tjock \/ 16 st<\/td> <td>510 mm \u00d8 \/ 60 mm tjock \/ 18 st<\/td> <td>580 mm \u00d8 \/ 75 mm tjock \/ 20 st<\/td> <td>650 mm \u00d8 \/ 100 mm tjock \/ 18 st<\/td> <\/tr> <tr> <td><strong>Vikt p\u00e5 maskin<\/strong><\/td> <td>10 ton<\/td> <td>13 ton<\/td> <td>15,8 ton<\/td> <td>18,6 ton<\/td> <td>26 ton<\/td> <\/tr> <tr> <td><strong>Avtryck<\/strong><\/td> <td>9*5*2.8 m<\/td> <td>10*6*3.2 m<\/td> <td>10*6*3.2 m<\/td> <td>20*10*3.5 m<\/td> <td>20*12*4 m<\/td> <\/tr> <tr> <td><strong>Transport\u00f6rstorlek<\/strong><\/td> <td>7200*950 mm<\/td> <td>7200*1150 mm<\/td> <td>7200*1350 mm<\/td> <td>7200*1350 mm<\/td> <td>7200*1550 mm<\/td> <\/tr> <tr> <td><strong>Bladmaterial<\/strong><\/td> <td>Legerat st\u00e5lkomposit<\/td> <td>Legerat st\u00e5lkomposit<\/td> <td>Legerat st\u00e5lkomposit<\/td> <td>Legerat st\u00e5lkomposit<\/td> <td>Legerat st\u00e5lkomposit<\/td> <\/tr> <\/tbody> <\/table> <div id='gallery-4' class='gallery galleryid-17387 gallery-columns-3 gallery-size-full'><figure class='gallery-item'> \t\t\t<div class='gallery-icon landscape'> \t\t\t\t<a href='https:\/\/recyclingequipinc.com\/sw\/?attachment_id=17404'><img loading=\"lazy\" decoding=\"async\" width=\"720\" height=\"540\" src=\"https:\/\/recyclingequipinc.com\/wp-content\/uploads\/2025\/07\/tire-rubber-shredder-for-sale.webp\" class=\"attachment-full size-full\" alt=\"s\u00e4ljes d\u00e4ckgummisk\u00e4rare\" aria-describedby=\"gallery-4-17404\" srcset=\"https:\/\/recyclingequipinc.com\/wp-content\/uploads\/2025\/07\/tire-rubber-shredder-for-sale.webp 720w, https:\/\/recyclingequipinc.com\/wp-content\/uploads\/2025\/07\/tire-rubber-shredder-for-sale-300x225.webp 300w, https:\/\/recyclingequipinc.com\/wp-content\/uploads\/2025\/07\/tire-rubber-shredder-for-sale-16x12.webp 16w\" sizes=\"(max-width: 720px) 100vw, 720px\" \/><\/a> \t\t\t<\/div> \t\t\t\t<figcaption class='wp-caption-text gallery-caption' id='gallery-4-17404'> \t\t\t\ts\u00e4ljes d\u00e4ckgummisk\u00e4rare \t\t\t\t<\/figcaption><\/figure><figure class='gallery-item'> \t\t\t<div class='gallery-icon landscape'> \t\t\t\t<a href='https:\/\/recyclingequipinc.com\/sw\/?attachment_id=17402'><img loading=\"lazy\" decoding=\"async\" width=\"720\" height=\"534\" src=\"https:\/\/recyclingequipinc.com\/wp-content\/uploads\/2025\/07\/rubber-shredding-machine.webp\" class=\"attachment-full size-full\" alt=\"maskin f\u00f6r gummikrossning\" aria-describedby=\"gallery-4-17402\" srcset=\"https:\/\/recyclingequipinc.com\/wp-content\/uploads\/2025\/07\/rubber-shredding-machine.webp 720w, https:\/\/recyclingequipinc.com\/wp-content\/uploads\/2025\/07\/rubber-shredding-machine-300x223.webp 300w, https:\/\/recyclingequipinc.com\/wp-content\/uploads\/2025\/07\/rubber-shredding-machine-16x12.webp 16w\" sizes=\"(max-width: 720px) 100vw, 720px\" \/><\/a> \t\t\t<\/div> \t\t\t\t<figcaption class='wp-caption-text gallery-caption' id='gallery-4-17402'> \t\t\t\tmaskin f\u00f6r gummikrossning \t\t\t\t<\/figcaption><\/figure><figure class='gallery-item'> \t\t\t<div class='gallery-icon landscape'> \t\t\t\t<a href='https:\/\/recyclingequipinc.com\/sw\/?attachment_id=17401'><img loading=\"lazy\" decoding=\"async\" width=\"720\" height=\"540\" src=\"https:\/\/recyclingequipinc.com\/wp-content\/uploads\/2025\/07\/rubber-shredder-for-sale.webp\" class=\"attachment-full size-full\" alt=\"gummikross till salu\" aria-describedby=\"gallery-4-17401\" srcset=\"https:\/\/recyclingequipinc.com\/wp-content\/uploads\/2025\/07\/rubber-shredder-for-sale.webp 720w, https:\/\/recyclingequipinc.com\/wp-content\/uploads\/2025\/07\/rubber-shredder-for-sale-300x225.webp 300w, https:\/\/recyclingequipinc.com\/wp-content\/uploads\/2025\/07\/rubber-shredder-for-sale-16x12.webp 16w\" sizes=\"(max-width: 720px) 100vw, 720px\" \/><\/a> \t\t\t<\/div> \t\t\t\t<figcaption class='wp-caption-text gallery-caption' id='gallery-4-17401'> \t\t\t\tgummikross till salu \t\t\t\t<\/figcaption><\/figure> \t\t<\/div>  <h2>Arbetsprincip f\u00f6r d\u00e4ckslipmaskinen till salu<\/h2> <p data-start=\"243\" data-end=\"443\">Denna gummisk\u00e4rare till salu anv\u00e4nder en dubbelaxlig sk\u00e4rdesign f\u00f6r att effektivt bryta ner skrotade d\u00e4ck. En viktig funktion \u00e4r dess externa roterande sk\u00e4rm\u2014\u00f6verskridande material som inte uppfyller den angivna utmatningsstorleken kommer att roteras tillbaka in i trakten och krossas igen, vilket s\u00e4kerst\u00e4ller en konsekvent granulatstorlek och minimerar manuell hantering.<\/p> <p data-start=\"671\" data-end=\"1056\" class=\"translation-block\">Inayoendeshwa na <strong data-start=\"683\" data-end=\"715\">motor ya kasi ya chini, torque ya juu<\/strong>, mashine inatoa nguvu kubwa ya kukata, kuvaa kidogo, na maisha marefu ya huduma. Muundo huu unafanya iwe bora kwa mifumo ya kukata matairi ya taka, urejeleaji wa mpira wa viwandani, na kuanzisha au kupanua biashara ya kukata matairi. Inaweza pia kufanya kazi kwa pamoja na granulators za matairi kwa ajili ya kupunguza ukubwa zaidi.<\/p> <figure id=\"attachment_17406\" aria-describedby=\"caption-attachment-17406\" style=\"width: 720px\" class=\"wp-caption alignnone\"><img loading=\"lazy\" decoding=\"async\" class=\"wp-image-17406 size-full\" src=\"https:\/\/recyclingequipinc.com\/wp-content\/uploads\/2025\/07\/tires-fed-into-the-tyre-crusher.webp\" alt=\"d\u00e4ck matas in i d\u00e4ckkrossen\" width=\"720\" height=\"540\" srcset=\"https:\/\/recyclingequipinc.com\/wp-content\/uploads\/2025\/07\/tires-fed-into-the-tyre-crusher.webp 720w, https:\/\/recyclingequipinc.com\/wp-content\/uploads\/2025\/07\/tires-fed-into-the-tyre-crusher-300x225.webp 300w, https:\/\/recyclingequipinc.com\/wp-content\/uploads\/2025\/07\/tires-fed-into-the-tyre-crusher-16x12.webp 16w\" sizes=\"(max-width: 720px) 100vw, 720px\" \/><figcaption id=\"caption-attachment-17406\" class=\"wp-caption-text\">d\u00e4ck matas in i d\u00e4ckkrossen<\/figcaption><\/figure> <h2 data-start=\"75\" data-end=\"118\">B\u00f6rja tj\u00e4na pengar p\u00e5 d\u00e4ckavfall idag<\/h2> <p data-start=\"119\" data-end=\"331\">V\u00e5ra avancerade gummid\u00e4ckssk\u00e4rare hj\u00e4lper dig att omvandla skrotade d\u00e4ck till v\u00e4rdefulla material med l\u00e4tthet och effektivitet. Kontakta v\u00e5rt expertteam via WhatsApp: +86 17303831295 f\u00f6r en gratis konsultation och maskinpris!<\/p>","protected":false},"excerpt":{"rendered":"<p>Shuliy erbjuder ett brett utbud av d\u00e4ckgummikrossar med en kapacitet p\u00e5 2-20 t\/h f\u00f6r kraftfull krossning av avfallsgummi och d\u00e4ck. Storleken p\u00e5 de utg\u00e5ende gummiblocken \u00e4r justerbar inom intervallet 50-100 mm tack vare sk\u00e4rmens inneslutning.<\/p>","protected":false},"featured_media":17403,"template":"","meta":{"site-sidebar-layout":"default","site-content-layout":"","ast-site-content-layout":"default","site-content-style":"default","site-sidebar-style":"default","ast-global-header-display":"","ast-banner-title-visibility":"","ast-main-header-display":"","ast-hfb-above-header-display":"","ast-hfb-below-header-display":"","ast-hfb-mobile-header-display":"","site-post-title":"","ast-breadcrumbs-content":"","ast-featured-img":"","footer-sml-layout":"","ast-disable-related-posts":"","theme-transparent-header-meta":"default","adv-header-id-meta":"","stick-header-meta":"","header-above-stick-meta":"","header-main-stick-meta":"","header-below-stick-meta":"","astra-migrate-meta-layouts":"set","ast-page-background-enabled":"default","ast-page-background-meta":{"desktop":{"background-color":"","background-image":"","background-repeat":"repeat","background-position":"center center","background-size":"auto","background-attachment":"scroll","background-type":"","background-media":"","overlay-type":"","overlay-color":"","overlay-opacity":"","overlay-gradient":""},"tablet":{"background-color":"","background-image":"","background-repeat":"repeat","background-position":"center center","background-size":"auto","background-attachment":"scroll","background-type":"","background-media":"","overlay-type":"","overlay-color":"","overlay-opacity":"","overlay-gradient":""},"mobile":{"background-color":"","background-image":"","background-repeat":"repeat","background-position":"center center","background-size":"auto","background-attachment":"scroll","background-type":"","background-media":"","overlay-type":"","overlay-color":"","overlay-opacity":"","overlay-gradient":""}},"ast-content-background-meta":{"desktop":{"background-color":"var(--ast-global-color-5)","background-image":"","background-repeat":"repeat","background-position":"center center","background-size":"auto","background-attachment":"scroll","background-type":"","background-media":"","overlay-type":"","overlay-color":"","overlay-opacity":"","overlay-gradient":""},"tablet":{"background-color":"var(--ast-global-color-5)","background-image":"","background-repeat":"repeat","background-position":"center center","background-size":"auto","background-attachment":"scroll","background-type":"","background-media":"","overlay-type":"","overlay-color":"","overlay-opacity":"","overlay-gradient":""},"mobile":{"background-color":"var(--ast-global-color-5)","background-image":"","background-repeat":"repeat","background-position":"center center","background-size":"auto","background-attachment":"scroll","background-type":"","background-media":"","overlay-type":"","overlay-color":"","overlay-opacity":"","overlay-gradient":""}}},"product_brand":[],"product_cat":[128],"product_tag":[],"class_list":{"0":"post-17387","1":"product","2":"type-product","3":"status-publish","4":"has-post-thumbnail","6":"product_cat-tire-recycling-machine","7":"desktop-align-center","8":"tablet-align-center","9":"mobile-align-center","11":"first","12":"instock","13":"shipping-taxable","14":"product-type-simple"},"_links":{"self":[{"href":"https:\/\/recyclingequipinc.com\/sw\/wp-json\/wp\/v2\/product\/17387","targetHints":{"allow":["GET"]}}],"collection":[{"href":"https:\/\/recyclingequipinc.com\/sw\/wp-json\/wp\/v2\/product"}],"about":[{"href":"https:\/\/recyclingequipinc.com\/sw\/wp-json\/wp\/v2\/types\/product"}],"version-history":[{"count":0,"href":"https:\/\/recyclingequipinc.com\/sw\/wp-json\/wp\/v2\/product\/17387\/revisions"}],"wp:featuredmedia":[{"embeddable":true,"href":"https:\/\/recyclingequipinc.com\/sw\/wp-json\/wp\/v2\/media\/17403"}],"wp:attachment":[{"href":"https:\/\/recyclingequipinc.com\/sw\/wp-json\/wp\/v2\/media?parent=17387"}],"wp:term":[{"taxonomy":"product_brand","embeddable":true,"href":"https:\/\/recyclingequipinc.com\/sw\/wp-json\/wp\/v2\/product_brand?post=17387"},{"taxonomy":"product_cat","embeddable":true,"href":"https:\/\/recyclingequipinc.com\/sw\/wp-json\/wp\/v2\/product_cat?post=17387"},{"taxonomy":"product_tag","embeddable":true,"href":"https:\/\/recyclingequipinc.com\/sw\/wp-json\/wp\/v2\/product_tag?post=17387"}],"curies":[{"name":"wp","href":"https:\/\/api.w.org\/{rel}","templated":true}]}}