{"id":17366,"date":"2025-07-07T14:33:25","date_gmt":"2025-07-07T06:33:25","guid":{"rendered":"https:\/\/recyclingequipinc.com\/?post_type=product&#038;p=17366"},"modified":"2025-07-07T14:33:25","modified_gmt":"2025-07-07T06:33:25","slug":"plastic-bag-shredder","status":"publish","type":"product","link":"https:\/\/recyclingequipinc.com\/sw\/product\/plastic-bag-shredder\/","title":{"rendered":"Maskin f\u00f6r att mala plastp\u00e5sar f\u00f6r \u00e5tervinning av mjukt plastavfall"},"content":{"rendered":"<p>I sekta inayoendelea ya recyling ya plastiki, kuwa na vifaa sahihi kunaweza kuboresha kwa kiasi kikubwa ufanisi wako na ubora wa uzalishaji. Mashine yetu ya kukata mifuko ya plastiki ni mashine yenye utendaji wa juu iliyoundwa mahsusi kukata aina zote za filamu za plastiki laini na mifuko, ikiwa ni pamoja na LDPE, HDPE, na vifaa vingine vya ufungaji vya kubadilika. Iwe unachakata taka za watumiaji au vipande vya filamu za viwandani, mashine hii inatoa suluhisho lenye nguvu na la kuaminika.<\/p> <h2>Vad \u00e4r en plastp\u00e5se shredders?<\/h2> <p data-start=\"793\" data-end=\"1114\">Mashine ya kukata mifuko ya plastiki ni mashine inayopunguza ukubwa wa mifuko ya plastiki kuwa vipande vidogo, vya kawaida vinavyofaa kwa kuosha, kukausha, na kusindika tena. Ni sehemu muhimu ya laini yoyote ya kusindika filamu za plastiki, hasa kwa vifaa laini na vyepesi ambavyo ni vigumu kushughulikia kwa crushers za kawaida.<\/p> <p data-start=\"1116\" data-end=\"1139\">V\u00e5r maskin kan hantera:<\/p> <ul data-start=\"1140\" data-end=\"1329\"> <li data-start=\"1140\" data-end=\"1171\"> <p data-start=\"1142\" data-end=\"1171\">LDPE- och HDPE-shoppingp\u00e5sar<\/p> <\/li> <li data-start=\"1172\" data-end=\"1205\"> <p data-start=\"1174\" data-end=\"1205\">Soppor och skr\u00e4pk\u00e4rl<\/p> <\/li> <li data-start=\"1206\" data-end=\"1234\"> <p data-start=\"1208\" data-end=\"1234\">Industriella stretchfilmer<\/p> <\/li> <li data-start=\"1235\" data-end=\"1280\"> <p data-start=\"1237\" data-end=\"1280\">Filmer f\u00f6r livsmedelsf\u00f6rpackningar och plastomslag<\/p> <\/li> <li data-start=\"1281\" data-end=\"1329\"> <p data-start=\"1283\" data-end=\"1329\">Agrara mulchfilmer och v\u00e4xthus\u00f6verdrag<\/p> <\/li> <\/ul> <div id='gallery-1' class='gallery galleryid-17366 gallery-columns-3 gallery-size-full'><figure class='gallery-item'> \t\t\t<div class='gallery-icon landscape'> \t\t\t\t<a href='https:\/\/recyclingequipinc.com\/sw\/?attachment_id=17380'><img fetchpriority=\"high\" decoding=\"async\" width=\"740\" height=\"540\" src=\"https:\/\/recyclingequipinc.com\/wp-content\/uploads\/2025\/07\/woven-bags.webp\" class=\"attachment-full size-full\" alt=\"mifuko ya kusuka\" aria-describedby=\"gallery-1-17380\" srcset=\"https:\/\/recyclingequipinc.com\/wp-content\/uploads\/2025\/07\/woven-bags.webp 740w, https:\/\/recyclingequipinc.com\/wp-content\/uploads\/2025\/07\/woven-bags-300x219.webp 300w, https:\/\/recyclingequipinc.com\/wp-content\/uploads\/2025\/07\/woven-bags-16x12.webp 16w\" sizes=\"(max-width: 740px) 100vw, 740px\" \/><\/a> \t\t\t<\/div> \t\t\t\t<figcaption class='wp-caption-text gallery-caption' id='gallery-1-17380'> \t\t\t\tmifuko ya kusuka \t\t\t\t<\/figcaption><\/figure><figure class='gallery-item'> \t\t\t<div class='gallery-icon landscape'> \t\t\t\t<a href='https:\/\/recyclingequipinc.com\/sw\/?attachment_id=17372'><img decoding=\"async\" width=\"720\" height=\"540\" src=\"https:\/\/recyclingequipinc.com\/wp-content\/uploads\/2025\/07\/packaging-PE-films.webp\" class=\"attachment-full size-full\" alt=\"F\u00f6rpacknings-PE-filmer\" aria-describedby=\"gallery-1-17372\" srcset=\"https:\/\/recyclingequipinc.com\/wp-content\/uploads\/2025\/07\/packaging-PE-films.webp 720w, https:\/\/recyclingequipinc.com\/wp-content\/uploads\/2025\/07\/packaging-PE-films-300x225.webp 300w, https:\/\/recyclingequipinc.com\/wp-content\/uploads\/2025\/07\/packaging-PE-films-16x12.webp 16w\" sizes=\"(max-width: 720px) 100vw, 720px\" \/><\/a> \t\t\t<\/div> \t\t\t\t<figcaption class='wp-caption-text gallery-caption' id='gallery-1-17372'> \t\t\t\tF\u00f6rpacknings-PE-filmer \t\t\t\t<\/figcaption><\/figure><figure class='gallery-item'> \t\t\t<div class='gallery-icon landscape'> \t\t\t\t<a href='https:\/\/recyclingequipinc.com\/sw\/?attachment_id=17369'><img decoding=\"async\" width=\"720\" height=\"540\" src=\"https:\/\/recyclingequipinc.com\/wp-content\/uploads\/2025\/07\/agricultural-film.webp\" class=\"attachment-full size-full\" alt=\"Agrarfilm\" aria-describedby=\"gallery-1-17369\" srcset=\"https:\/\/recyclingequipinc.com\/wp-content\/uploads\/2025\/07\/agricultural-film.webp 720w, https:\/\/recyclingequipinc.com\/wp-content\/uploads\/2025\/07\/agricultural-film-300x225.webp 300w, https:\/\/recyclingequipinc.com\/wp-content\/uploads\/2025\/07\/agricultural-film-16x12.webp 16w\" sizes=\"(max-width: 720px) 100vw, 720px\" \/><\/a> \t\t\t<\/div> \t\t\t\t<figcaption class='wp-caption-text gallery-caption' id='gallery-1-17369'> \t\t\t\tAgrarfilm \t\t\t\t<\/figcaption><\/figure> \t\t<\/div>  <h3 data-start=\"1336\" data-end=\"1393\">Huvudfunktioner f\u00f6r v\u00e5r plastp\u00e5se krossare och shredder<\/h3> <ul data-start=\"1395\" data-end=\"2004\"> <li data-start=\"1395\" data-end=\"1545\"> <p data-start=\"1397\" data-end=\"1545\" class=\"translation-block\"><strong data-start=\"1397\" data-end=\"1431\">Mfumo wa Kukata wa Ufanisi wa Juu<\/strong>: Imewekwa na blades zinazozunguka kwa kasi na visu vilivyoimarishwa, inafikia kupunguza saizi kwa kiwango sawa ya plastiki laini.<\/p> <\/li> <li data-start=\"1546\" data-end=\"1676\"> <p data-start=\"1548\" data-end=\"1676\" class=\"translation-block\"><strong data-start=\"1548\" data-end=\"1571\">Muundo wa Kuzuia Kifungashio<\/strong>: Imeboreshwa kwa filamu nyembamba, zinazonyumbulika ambazo huwa zikitanda kwenye shafts\u2014kamili kwa mifuko na filamu za kufunga.<\/p> <\/li> <li data-start=\"1677\" data-end=\"1775\"> <p data-start=\"1679\" data-end=\"1775\" class=\"translation-block\"><strong data-start=\"1679\" data-end=\"1699\">Muundo Imara<\/strong>: Imetengenezwa kwa chuma kinachostahimili kuvaa ili kuhakikisha uimara na muda mrefu wa huduma.<\/p> <\/li> <li data-start=\"1776\" data-end=\"1882\"> <p data-start=\"1778\" data-end=\"1882\" class=\"translation-block\"><strong data-start=\"1778\" data-end=\"1807\">Saizi za Skrini Zinazoweza Kubadilishwa<\/strong>: Inaruhusu saizi za pato zinazoweza kubadilishwa kulingana na mahitaji yako ya chini.<\/p> <\/li> <li data-start=\"1883\" data-end=\"2004\"> <p data-start=\"1885\" data-end=\"2004\" class=\"translation-block\"><strong data-start=\"1885\" data-end=\"1924\">Mfumo wa Kupeleka na Pembejeo wa Hiari<\/strong>: Inaruhusu ulaji wa kiotomatiki na kutolewa, bora kwa mistari ya upya iliyounganishwa.<\/p> <\/li> <\/ul> <div id='gallery-2' class='gallery galleryid-17366 gallery-columns-3 gallery-size-full'><figure class='gallery-item'> \t\t\t<div class='gallery-icon landscape'> \t\t\t\t<a href='https:\/\/recyclingequipinc.com\/sw\/?attachment_id=17376'><img loading=\"lazy\" decoding=\"async\" width=\"720\" height=\"540\" src=\"https:\/\/recyclingequipinc.com\/wp-content\/uploads\/2025\/07\/plastic-film-crusher-blades.webp\" class=\"attachment-full size-full\" alt=\"Mikasi ya Kukunja Filamu ya Plastiki\" aria-describedby=\"gallery-2-17376\" srcset=\"https:\/\/recyclingequipinc.com\/wp-content\/uploads\/2025\/07\/plastic-film-crusher-blades.webp 720w, https:\/\/recyclingequipinc.com\/wp-content\/uploads\/2025\/07\/plastic-film-crusher-blades-300x225.webp 300w, https:\/\/recyclingequipinc.com\/wp-content\/uploads\/2025\/07\/plastic-film-crusher-blades-16x12.webp 16w\" sizes=\"(max-width: 720px) 100vw, 720px\" \/><\/a> \t\t\t<\/div> \t\t\t\t<figcaption class='wp-caption-text gallery-caption' id='gallery-2-17376'> \t\t\t\tMikasi ya Kukunja Filamu ya Plastiki \t\t\t\t<\/figcaption><\/figure><figure class='gallery-item'> \t\t\t<div class='gallery-icon landscape'> \t\t\t\t<a href='https:\/\/recyclingequipinc.com\/sw\/?attachment_id=17377'><img loading=\"lazy\" decoding=\"async\" width=\"720\" height=\"540\" src=\"https:\/\/recyclingequipinc.com\/wp-content\/uploads\/2025\/07\/screen-of-the-plastic-film-shredder.webp\" class=\"attachment-full size-full\" alt=\"sk\u00e4rm av plastfilmssk\u00e4rare\" aria-describedby=\"gallery-2-17377\" srcset=\"https:\/\/recyclingequipinc.com\/wp-content\/uploads\/2025\/07\/screen-of-the-plastic-film-shredder.webp 720w, https:\/\/recyclingequipinc.com\/wp-content\/uploads\/2025\/07\/screen-of-the-plastic-film-shredder-300x225.webp 300w, https:\/\/recyclingequipinc.com\/wp-content\/uploads\/2025\/07\/screen-of-the-plastic-film-shredder-16x12.webp 16w\" sizes=\"(max-width: 720px) 100vw, 720px\" \/><\/a> \t\t\t<\/div> \t\t\t\t<figcaption class='wp-caption-text gallery-caption' id='gallery-2-17377'> \t\t\t\tsk\u00e4rm av plastfilmssk\u00e4rare \t\t\t\t<\/figcaption><\/figure><figure class='gallery-item'> \t\t\t<div class='gallery-icon landscape'> \t\t\t\t<a href='https:\/\/recyclingequipinc.com\/sw\/?attachment_id=17373'><img loading=\"lazy\" decoding=\"async\" width=\"720\" height=\"540\" src=\"https:\/\/recyclingequipinc.com\/wp-content\/uploads\/2025\/07\/plastic-bag-shredder-for-sale.webp\" class=\"attachment-full size-full\" alt=\"plastp\u00e5se sk\u00e4rare till salu\" aria-describedby=\"gallery-2-17373\" srcset=\"https:\/\/recyclingequipinc.com\/wp-content\/uploads\/2025\/07\/plastic-bag-shredder-for-sale.webp 720w, https:\/\/recyclingequipinc.com\/wp-content\/uploads\/2025\/07\/plastic-bag-shredder-for-sale-300x225.webp 300w, https:\/\/recyclingequipinc.com\/wp-content\/uploads\/2025\/07\/plastic-bag-shredder-for-sale-16x12.webp 16w\" sizes=\"(max-width: 720px) 100vw, 720px\" \/><\/a> \t\t\t<\/div> \t\t\t\t<figcaption class='wp-caption-text gallery-caption' id='gallery-2-17373'> \t\t\t\tplastp\u00e5se sk\u00e4rare till salu \t\t\t\t<\/figcaption><\/figure> \t\t<\/div>  <h2>Tekniska specifikationer f\u00f6r v\u00e5r plastfilm krossare<\/h2> <table> <thead> <tr> <th><strong>Mfano<\/strong><\/th> <th><strong>SLSP-600<\/strong><\/th> <th><strong>SLSP-800<\/strong><\/th> <th><strong>SLSP-1000<\/strong><\/th> <\/tr> <\/thead> <tbody> <tr> <td><strong>Kraften p\u00e5 motorn<\/strong><\/td> <td>30 kW<\/td> <td>45 kW<\/td> <td>55 kW<\/td> <\/tr> <tr> <td><strong>Uwezo<\/strong><\/td> <td>600\u2013800 kg\/h<\/td> <td>800\u20131000 kg\/h<\/td> <td>1000\u20131200 kg\/h<\/td> <\/tr> <tr> <td><strong>Raw Materials zinazotumika<\/strong><\/td> <td>Filamu za PE, filamu za LDPE, filamu za HDPE, filamu za mulch za kilimo, filamu za chafu, mifuko ya plastiki ya ununuzi, mifuko ya takataka, filamu ya kunyoosha, filamu ya kufunga, filamu iliyochapishwa, vifungashio vya plastiki laini, filamu za ufungaji<\/td> <td>Kama ilivyo kushoto<\/td> <td>Kama ilivyo kushoto<\/td> <\/tr> <tr> <td><strong>Ukubwa wa Matokeo ya Mwisho<\/strong><\/td> <td>40\u201350 mm (ukubwa wa skrini unaoweza kubadilishwa)<\/td> <td>40\u201350 mm<\/td> <td>40\u201350 mm<\/td> <\/tr> <tr> <td><strong>Materiali ya Kisu<\/strong><\/td> <td>60Si2Mn<\/td> <td>60Si2Mn<\/td> <td>60Si2Mn<\/td> <\/tr> <tr> <td><strong>Idadi ya Visu vya Kugeuza<\/strong><\/td> <td>10 vipande<\/td> <td>10 vipande<\/td> <td>10 vipande<\/td> <\/tr> <tr> <td><strong>Bredd p\u00e5 krossl\u00e5da<\/strong><\/td> <td>600 mm<\/td> <td>800 mm<\/td> <td>1000 mm<\/td> <\/tr> <tr> <td><strong>Maskinrammaterial<\/strong><\/td> <td>Chuma cha pua cha ubora wa juu<\/td> <td>Chuma cha pua cha ubora wa juu<\/td> <td>Chuma cha pua cha ubora wa juu<\/td> <\/tr> <tr> <td><strong>Vanliga till\u00e4mpningar<\/strong><\/td> <td>Plastp\u00e5se shredder, plastfilm krossare, stretchfilm shredder, mjuk plastflingor krossare<\/td> <td>Kama ilivyo kushoto<\/td> <td>Kama ilivyo kushoto<\/td> <\/tr> <\/tbody> <\/table> <p class=\"translation-block\"><em>Kumbuka: Mifano maalum inapatikana kulingana na mahitaji yako ya malighafi na uwezo.<\/em><\/p> <figure id=\"attachment_17374\" aria-describedby=\"caption-attachment-17374\" style=\"width: 720px\" class=\"wp-caption aligncenter\"><img loading=\"lazy\" decoding=\"async\" class=\"wp-image-17374 size-full\" src=\"https:\/\/recyclingequipinc.com\/wp-content\/uploads\/2025\/07\/plastic-bag-shredder-in-the-factory.webp\" alt=\"plastp\u00e5se shredder i fabriken\" width=\"720\" height=\"540\" srcset=\"https:\/\/recyclingequipinc.com\/wp-content\/uploads\/2025\/07\/plastic-bag-shredder-in-the-factory.webp 720w, https:\/\/recyclingequipinc.com\/wp-content\/uploads\/2025\/07\/plastic-bag-shredder-in-the-factory-300x225.webp 300w, https:\/\/recyclingequipinc.com\/wp-content\/uploads\/2025\/07\/plastic-bag-shredder-in-the-factory-16x12.webp 16w\" sizes=\"(max-width: 720px) 100vw, 720px\" \/><figcaption id=\"caption-attachment-17374\" class=\"wp-caption-text\">plastp\u00e5se shredder i fabriken<\/figcaption><\/figure> <p><span style=\"font-size: 1.7em; font-weight: bold;\">Hur fungerar plastp\u00e5se shredder?<\/span><\/p> <p data-start=\"145\" data-end=\"459\">Shredder ya mifuko ya plastiki inafanya kazi kwa kuingiza vifaa vya plastiki laini\u2014kama vile mifuko ya ununuzi, filamu za kunyoosha, au vifungashio\u2014ndani ya chumba cha kukata kinachozunguka. Ndani ya chumba hicho, visu vya kuzunguka kwa kasi vinashirikiana na visu vya kusimama ili kukata na kupasua plastiki kuwa vipande vidogo na vya kawaida.<\/p> <p data-start=\"461\" data-end=\"490\">Arbetsprocessen inkluderar:<\/p> <ol data-start=\"492\" data-end=\"913\"> <li data-start=\"492\" data-end=\"564\"> <p data-start=\"495\" data-end=\"564\" class=\"translation-block\"><strong data-start=\"495\" data-end=\"506\">Kuweka<\/strong>: Mifuko ya plastiki inawekwa kwa mikono au kupitia ukanda wa kupeleka.<\/p> <\/li> <li data-start=\"565\" data-end=\"685\"> <p data-start=\"568\" data-end=\"685\" class=\"translation-block\"><strong data-start=\"568\" data-end=\"591\">Kukata &amp; Kuangamiza<\/strong>: Blades zinazozunguka hukata nyenzo dhidi ya visu vilivyoimarishwa, kupunguza kuziba na kufunga.<\/p> <\/li> <li data-start=\"686\" data-end=\"802\"> <p data-start=\"689\" data-end=\"802\" class=\"translation-block\"><strong data-start=\"689\" data-end=\"699\">Kukadiria<\/strong>: Skrini chini ya blades inachuja nyenzo, ikiwaruhusu flakes zilizopangwa vizuri kupita.<\/p> <\/li> <li data-start=\"803\" data-end=\"913\"> <p data-start=\"806\" data-end=\"913\" class=\"translation-block\"><strong data-start=\"806\" data-end=\"819\">Kupitisha<\/strong>: Plastiki iliyoharibiwa inakusanywa au kupelekwa moja kwa moja kwenye mfumo wa kuosha au kuunda pellets.<\/p> <\/li> <\/ol> <p data-start=\"915\" data-end=\"1058\">Mifano mingi ina muundo wa vikata vinavyopambana na kufunga na mifumo ya kiotomatiki ya kurudi nyuma ili kuzuia kuziba\u2014ikiifanya kuwa bora kwa plastiki laini na zinazoweza kunyumbulika.<\/p> <figure id=\"attachment_17370\" aria-describedby=\"caption-attachment-17370\" style=\"width: 720px\" class=\"wp-caption aligncenter\"><img loading=\"lazy\" decoding=\"async\" class=\"wp-image-17370 size-full\" src=\"https:\/\/recyclingequipinc.com\/wp-content\/uploads\/2025\/07\/Conveyor-Belt-Connection-to-Plastic-Film-Crusher.webp\" alt=\"Transportbandsanslutning till plastfilm krossare\" width=\"720\" height=\"540\" srcset=\"https:\/\/recyclingequipinc.com\/wp-content\/uploads\/2025\/07\/Conveyor-Belt-Connection-to-Plastic-Film-Crusher.webp 720w, https:\/\/recyclingequipinc.com\/wp-content\/uploads\/2025\/07\/Conveyor-Belt-Connection-to-Plastic-Film-Crusher-300x225.webp 300w, https:\/\/recyclingequipinc.com\/wp-content\/uploads\/2025\/07\/Conveyor-Belt-Connection-to-Plastic-Film-Crusher-16x12.webp 16w\" sizes=\"(max-width: 720px) 100vw, 720px\" \/><figcaption id=\"caption-attachment-17370\" class=\"wp-caption-text\">Transportbandsanslutning till plastfilm krossare<\/figcaption><\/figure> <h2 data-start=\"915\" data-end=\"1058\">Effektiv plastfilm shredder installerad \u00f6ver hela v\u00e4rlden<\/h2> <p data-start=\"98\" data-end=\"568\" class=\"translation-block\">Mashine yetu ya crusher ya filamu ya plastiki, inayojulikana kwa <strong data-start=\"150\" data-end=\"264\">muundo wa kuzuia kufunga, ufanisi wa juu wa kuangamiza, na ufanisi na aina mbalimbali za vifaa vya plastiki laini<\/strong>, imekuwa ikisafirishwa kwa mafanikio katika nchi kama Kenya, Afrika Kusini, Saudi Arabia, Mexico, nk. Imewasaidia wateja kuboresha uwezo wao wa kurudi kwa ufanisi na kupunguza gharama za kazi, ambayo imepata mrejesho mzuri kutoka kwa wateja wa kimataifa.<\/p> <p data-start=\"702\" data-end=\"789\">Ili kuunga mkono wateja wetu, tunatoa huduma kamili za baada ya mauzo, ikiwa ni pamoja na:<\/p> <ul data-start=\"790\" data-end=\"940\"> <li data-start=\"790\" data-end=\"827\"> <p data-start=\"792\" data-end=\"827\" class=\"translation-block\"><strong data-start=\"792\" data-end=\"827\">Usanidi wa eneo na mafunzo<\/strong><\/p> <\/li> <li data-start=\"828\" data-end=\"859\"> <p data-start=\"830\" data-end=\"859\" class=\"translation-block\"><strong data-start=\"830\" data-end=\"859\">Dhamana ya ubora ya mwaka mmoja<\/strong><\/p> <\/li> <li data-start=\"860\" data-end=\"904\"> <p data-start=\"862\" data-end=\"904\" class=\"translation-block\"><strong data-start=\"862\" data-end=\"904\">Mwongozo wa video na msaada mtandaoni 24\/7<\/strong><\/p> <\/li> <li data-start=\"905\" data-end=\"940\"> <p data-start=\"907\" data-end=\"940\" class=\"translation-block\"><strong data-start=\"907\" data-end=\"940\">Sehemu za akiba zinapatikana mara moja<\/strong><\/p> <\/li> <\/ul> <p data-start=\"942\" data-end=\"1105\" class=\"translation-block\">\ud83d\udce9 <strong data-start=\"945\" data-end=\"965\">Wasiliana nasi leo<\/strong> ili kupata suluhisho maalum kwa mradi wako wa kuunda filamu ya plastiki. Tutakusaidia kuanza au kuboresha mistari yako ya upya kwa ujasiri! Pia tunatoa <a href=\"https:\/\/recyclingequipinc.com\/sw\/bidhaa\/waste-plastic-crusher\/\">crusher ya plastiki ngumu<\/a>, <a href=\"https:\/\/recyclingequipinc.com\/sw\/bidhaa\/styrofoam-shredder\/\">shredder ya styrofoam<\/a>, na <a href=\"https:\/\/recyclingequipinc.com\/sw\/bidhaa\/pet-plastic-bottle-crushing-machine\/\">shredders za chupa za PET<\/a>.<\/p>","protected":false},"excerpt":{"rendered":"<p class=\"translation-block\"><strong data-start=\"38\" data-end=\"72\">Shuliy\u2019s plastiki begi shredder<\/strong> imejengwa kubomoa plastiki laini kwa ufanisi\u2014hakuna zaidi ya kuziba au kufunga. Kuanzia mifuko ya plastiki hadi filamu ya kunyoosha, inageuza taka iliyosokota kuwa flake safi, za kawaida, na kuongeza uzalishaji wako wa upya.<\/p>","protected":false},"featured_media":17375,"template":"","meta":{"site-sidebar-layout":"default","site-content-layout":"","ast-site-content-layout":"default","site-content-style":"default","site-sidebar-style":"default","ast-global-header-display":"","ast-banner-title-visibility":"","ast-main-header-display":"","ast-hfb-above-header-display":"","ast-hfb-below-header-display":"","ast-hfb-mobile-header-display":"","site-post-title":"","ast-breadcrumbs-content":"","ast-featured-img":"","footer-sml-layout":"","ast-disable-related-posts":"","theme-transparent-header-meta":"default","adv-header-id-meta":"","stick-header-meta":"","header-above-stick-meta":"","header-main-stick-meta":"","header-below-stick-meta":"","astra-migrate-meta-layouts":"set","ast-page-background-enabled":"default","ast-page-background-meta":{"desktop":{"background-color":"","background-image":"","background-repeat":"repeat","background-position":"center center","background-size":"auto","background-attachment":"scroll","background-type":"","background-media":"","overlay-type":"","overlay-color":"","overlay-opacity":"","overlay-gradient":""},"tablet":{"background-color":"","background-image":"","background-repeat":"repeat","background-position":"center center","background-size":"auto","background-attachment":"scroll","background-type":"","background-media":"","overlay-type":"","overlay-color":"","overlay-opacity":"","overlay-gradient":""},"mobile":{"background-color":"","background-image":"","background-repeat":"repeat","background-position":"center center","background-size":"auto","background-attachment":"scroll","background-type":"","background-media":"","overlay-type":"","overlay-color":"","overlay-opacity":"","overlay-gradient":""}},"ast-content-background-meta":{"desktop":{"background-color":"var(--ast-global-color-5)","background-image":"","background-repeat":"repeat","background-position":"center center","background-size":"auto","background-attachment":"scroll","background-type":"","background-media":"","overlay-type":"","overlay-color":"","overlay-opacity":"","overlay-gradient":""},"tablet":{"background-color":"var(--ast-global-color-5)","background-image":"","background-repeat":"repeat","background-position":"center center","background-size":"auto","background-attachment":"scroll","background-type":"","background-media":"","overlay-type":"","overlay-color":"","overlay-opacity":"","overlay-gradient":""},"mobile":{"background-color":"var(--ast-global-color-5)","background-image":"","background-repeat":"repeat","background-position":"center center","background-size":"auto","background-attachment":"scroll","background-type":"","background-media":"","overlay-type":"","overlay-color":"","overlay-opacity":"","overlay-gradient":""}}},"product_brand":[],"product_cat":[36],"product_tag":[],"class_list":{"0":"post-17366","1":"product","2":"type-product","3":"status-publish","4":"has-post-thumbnail","6":"product_cat-plastic-recycling-machine","7":"desktop-align-center","8":"tablet-align-center","9":"mobile-align-center","11":"first","12":"instock","13":"shipping-taxable","14":"product-type-simple"},"_links":{"self":[{"href":"https:\/\/recyclingequipinc.com\/sw\/wp-json\/wp\/v2\/product\/17366","targetHints":{"allow":["GET"]}}],"collection":[{"href":"https:\/\/recyclingequipinc.com\/sw\/wp-json\/wp\/v2\/product"}],"about":[{"href":"https:\/\/recyclingequipinc.com\/sw\/wp-json\/wp\/v2\/types\/product"}],"version-history":[{"count":0,"href":"https:\/\/recyclingequipinc.com\/sw\/wp-json\/wp\/v2\/product\/17366\/revisions"}],"wp:featuredmedia":[{"embeddable":true,"href":"https:\/\/recyclingequipinc.com\/sw\/wp-json\/wp\/v2\/media\/17375"}],"wp:attachment":[{"href":"https:\/\/recyclingequipinc.com\/sw\/wp-json\/wp\/v2\/media?parent=17366"}],"wp:term":[{"taxonomy":"product_brand","embeddable":true,"href":"https:\/\/recyclingequipinc.com\/sw\/wp-json\/wp\/v2\/product_brand?post=17366"},{"taxonomy":"product_cat","embeddable":true,"href":"https:\/\/recyclingequipinc.com\/sw\/wp-json\/wp\/v2\/product_cat?post=17366"},{"taxonomy":"product_tag","embeddable":true,"href":"https:\/\/recyclingequipinc.com\/sw\/wp-json\/wp\/v2\/product_tag?post=17366"}],"curies":[{"name":"wp","href":"https:\/\/api.w.org\/{rel}","templated":true}]}}