{"id":17320,"date":"2025-06-23T15:49:29","date_gmt":"2025-06-23T07:49:29","guid":{"rendered":"https:\/\/recyclingequipinc.com\/?post_type=product&#038;p=17320"},"modified":"2025-06-23T15:49:29","modified_gmt":"2025-06-23T07:49:29","slug":"tire-block-cutter","status":"publish","type":"product","link":"https:\/\/recyclingequipinc.com\/sw\/product\/tire-block-cutter\/","title":{"rendered":"Kata Blok Tire | Kukata Tire kwa Urejeleaji"},"content":{"rendered":"<p data-start=\"450\" data-end=\"891\">Efter att d\u00e4cken har avl\u00e4gsnats och skurits i smala gummisegment \u00e4r det sista steget innan krossning eller granulerings att sk\u00e4ra dessa remsor i mindre bitar. Shuliy d\u00e4ckblocksk\u00e4rare \u00e4r en robust och p\u00e5litlig l\u00f6sning f\u00f6r detta kritiska steg. Utformad f\u00f6r att bearbeta gummid\u00e4ck, remsor och tjocka sidov\u00e4ggsbitar, \u00f6kar v\u00e5r d\u00e4ckblocksk\u00e4rare avsev\u00e4rt \u00e5tervinnings effektiviteten och minskar belastningen p\u00e5 efterf\u00f6ljande krossar.<\/p> <p data-start=\"893\" data-end=\"1142\" class=\"translation-block\">Tunatoa <strong data-start=\"1034\" data-end=\"1047\">miundo miwili<\/strong> kukidhi mahitaji tofauti ya uwezo: Mashine ya Kawaida ya Kukata Vipande vya Tairi na Kikatachi Kipya cha Vipande vya Tairi, zote hutumiwa sana katika <a href=\"https:\/\/recyclingequipinc.com\/sw\/bidhaa\/waste-tire-recycling-line\/\"><strong data-start=\"1048\" data-end=\"1087\">mistari ya kuchakata tairi nusu-otomatiki<\/strong>.<\/a><\/p> <div id='gallery-1' class='gallery galleryid-17320 gallery-columns-3 gallery-size-full'><figure class='gallery-item'> \t\t\t<div class='gallery-icon landscape'> \t\t\t\t<a href='https:\/\/recyclingequipinc.com\/sw\/?attachment_id=17332'><img fetchpriority=\"high\" decoding=\"async\" width=\"720\" height=\"540\" src=\"https:\/\/recyclingequipinc.com\/wp-content\/uploads\/2025\/06\/tire-block-cutter-for-sale.webp\" class=\"attachment-full size-full\" alt=\"kata blok tire inauzwa\" aria-describedby=\"gallery-1-17332\" srcset=\"https:\/\/recyclingequipinc.com\/wp-content\/uploads\/2025\/06\/tire-block-cutter-for-sale.webp 720w, https:\/\/recyclingequipinc.com\/wp-content\/uploads\/2025\/06\/tire-block-cutter-for-sale-300x225.webp 300w, https:\/\/recyclingequipinc.com\/wp-content\/uploads\/2025\/06\/tire-block-cutter-for-sale-16x12.webp 16w\" sizes=\"(max-width: 720px) 100vw, 720px\" \/><\/a> \t\t\t<\/div> \t\t\t\t<figcaption class='wp-caption-text gallery-caption' id='gallery-1-17332'> \t\t\t\tkata blok tire inauzwa \t\t\t\t<\/figcaption><\/figure><figure class='gallery-item'> \t\t\t<div class='gallery-icon landscape'> \t\t\t\t<a href='https:\/\/recyclingequipinc.com\/sw\/?attachment_id=17335'><img decoding=\"async\" width=\"800\" height=\"597\" src=\"https:\/\/recyclingequipinc.com\/wp-content\/uploads\/2025\/06\/uniform-tire-chunks.webp\" class=\"attachment-full size-full\" alt=\"sawa za tairi\" aria-describedby=\"gallery-1-17335\" srcset=\"https:\/\/recyclingequipinc.com\/wp-content\/uploads\/2025\/06\/uniform-tire-chunks.webp 800w, https:\/\/recyclingequipinc.com\/wp-content\/uploads\/2025\/06\/uniform-tire-chunks-300x225.webp 300w, https:\/\/recyclingequipinc.com\/wp-content\/uploads\/2025\/06\/uniform-tire-chunks-768x573.webp 768w, https:\/\/recyclingequipinc.com\/wp-content\/uploads\/2025\/06\/uniform-tire-chunks-16x12.webp 16w, https:\/\/recyclingequipinc.com\/wp-content\/uploads\/2025\/06\/uniform-tire-chunks-750x560.webp 750w\" sizes=\"(max-width: 800px) 100vw, 800px\" \/><\/a> \t\t\t<\/div> \t\t\t\t<figcaption class='wp-caption-text gallery-caption' id='gallery-1-17335'> \t\t\t\tsawa za tairi \t\t\t\t<\/figcaption><\/figure> \t\t<\/div>  <h2 data-start=\"893\" data-end=\"1142\">R\u00e5material och slutprodukter fr\u00e5n d\u00e4ckblocksk\u00e4raren<\/h2> <p data-start=\"1190\" data-end=\"1210\" class=\"translation-block\"><strong data-start=\"1190\" data-end=\"1208\">Nyenzo Ghafi:<\/strong><\/p> <ul data-start=\"1211\" data-end=\"1446\"> <li data-start=\"1211\" data-end=\"1297\"> <p data-start=\"1213\" data-end=\"1297\" class=\"translation-block\">Nyenzo za mpira kutoka kwa <a class=\"cursor-pointer\" rel=\"noopener\" data-start=\"1236\" data-end=\"1295\"><strong data-start=\"1237\" data-end=\"1258\">kikatachi cha vipande vya tairi<\/strong><\/a><\/p> <\/li> <li data-start=\"1298\" data-end=\"1343\"> <p data-start=\"1300\" data-end=\"1343\">Avfall d\u00e4ckslitbanor och tjocka gummiblock<\/p> <\/li> <li data-start=\"1344\" data-end=\"1446\"> <p data-start=\"1346\" data-end=\"1446\" class=\"translation-block\">Sehemu za pande za tairi zilizochakatwa kutoka kwa <a class=\"cursor-pointer\" href=\"https:\/\/recyclingequipinc.com\/sw\/bidhaa\/tire-sidewall-cutter\/\" rel=\"noopener\" data-start=\"1381\" data-end=\"1446\"><strong data-start=\"1382\" data-end=\"1406\">kikatachi cha pande za tairi<\/strong><\/a><\/p> <\/li> <\/ul> <p data-start=\"1448\" data-end=\"1469\" class=\"translation-block\"><strong data-start=\"1448\" data-end=\"1467\">Bidhaa za Mwisho:<\/strong><\/p> <ul data-start=\"1470\" data-end=\"1659\"> <li data-start=\"1470\" data-end=\"1581\"> <p data-start=\"1472\" data-end=\"1581\" class=\"translation-block\"><strong data-start=\"1480\" data-end=\"1497\">vipande vya mpira<\/strong> vilivyofupishwa vilivyoundwa kwa upakiaji mzuri kwenye vichanganyiko vya tairi, viunganishaji, au vitengo vya devulcanization<\/p> <\/li> <li data-start=\"1582\" data-end=\"1659\"> <p data-start=\"1584\" data-end=\"1659\" class=\"translation-block\">Ukubwa wa kawaida wa vipande: <strong data-start=\"1605\" data-end=\"1617\">3\u00d75\u00d76 cm<\/strong> (Mfumo wa Kawaida) au <strong data-start=\"1631\" data-end=\"1641\">5\u00d75 cm<\/strong> (Mfumo Uliosasishwa)<\/p> <\/li> <\/ul> <div id='gallery-2' class='gallery galleryid-17320 gallery-columns-3 gallery-size-full'><figure class='gallery-item'> \t\t\t<div class='gallery-icon landscape'> \t\t\t\t<a href='https:\/\/recyclingequipinc.com\/sw\/?attachment_id=17331'><img decoding=\"async\" width=\"720\" height=\"540\" src=\"https:\/\/recyclingequipinc.com\/wp-content\/uploads\/2025\/06\/rubber-strips-fed-into-the-tire-block-cutting-machine.webp\" class=\"attachment-full size-full\" alt=\"gummiremsor som matas in i d\u00e4ckblocksk\u00e4rmaskinen\" aria-describedby=\"gallery-2-17331\" srcset=\"https:\/\/recyclingequipinc.com\/wp-content\/uploads\/2025\/06\/rubber-strips-fed-into-the-tire-block-cutting-machine.webp 720w, https:\/\/recyclingequipinc.com\/wp-content\/uploads\/2025\/06\/rubber-strips-fed-into-the-tire-block-cutting-machine-300x225.webp 300w, https:\/\/recyclingequipinc.com\/wp-content\/uploads\/2025\/06\/rubber-strips-fed-into-the-tire-block-cutting-machine-16x12.webp 16w\" sizes=\"(max-width: 720px) 100vw, 720px\" \/><\/a> \t\t\t<\/div> \t\t\t\t<figcaption class='wp-caption-text gallery-caption' id='gallery-2-17331'> \t\t\t\tgummiremsor som matas in i d\u00e4ckblocksk\u00e4rmaskinen \t\t\t\t<\/figcaption><\/figure><figure class='gallery-item'> \t\t\t<div class='gallery-icon landscape'> \t\t\t\t<a href='https:\/\/recyclingequipinc.com\/sw\/?attachment_id=17330'><img loading=\"lazy\" decoding=\"async\" width=\"720\" height=\"540\" src=\"https:\/\/recyclingequipinc.com\/wp-content\/uploads\/2025\/06\/cut-tire-blocks.webp\" class=\"attachment-full size-full\" alt=\"kata matairi blocks\" aria-describedby=\"gallery-2-17330\" srcset=\"https:\/\/recyclingequipinc.com\/wp-content\/uploads\/2025\/06\/cut-tire-blocks.webp 720w, https:\/\/recyclingequipinc.com\/wp-content\/uploads\/2025\/06\/cut-tire-blocks-300x225.webp 300w, https:\/\/recyclingequipinc.com\/wp-content\/uploads\/2025\/06\/cut-tire-blocks-16x12.webp 16w\" sizes=\"(max-width: 720px) 100vw, 720px\" \/><\/a> \t\t\t<\/div> \t\t\t\t<figcaption class='wp-caption-text gallery-caption' id='gallery-2-17330'> \t\t\t\tkata matairi blocks \t\t\t\t<\/figcaption><\/figure> \t\t<\/div>  <h2>Kwa nini Uchague Mashine Yetu ya Kukata Block za Tairi?<\/h2> <ul> <li data-start=\"2845\" data-end=\"2891\"> <p data-start=\"2847\" data-end=\"2891\">Mifano miwili ya viwango tofauti vya uzalishaji<\/p> <\/li> <li data-start=\"2892\" data-end=\"2940\"> <p data-start=\"2894\" data-end=\"2940\">Matokeo ya block compact kwa kusaga kwa ufanisi<\/p> <\/li> <li data-start=\"2941\" data-end=\"2993\"> <p data-start=\"2943\" data-end=\"2993\">Muundo wa kudumu na utendaji thabiti wa kukata<\/p> <\/li> <li data-start=\"2994\" data-end=\"3034\"> <p data-start=\"2996\" data-end=\"3034\">Mfumo wa kudhibiti wa hydraulic rahisi kutumia<\/p> <\/li> <li data-start=\"3035\" data-end=\"3117\"> <p data-start=\"3037\" data-end=\"3117\">Kompatibel med olika gummimaterial, inklusive tjocka m\u00f6nster och sidov\u00e4ggar<\/p> <\/li> <li data-start=\"3118\" data-end=\"3302\"> <p data-start=\"3120\" data-end=\"3302\">Integreras s\u00f6ml\u00f6st i d\u00e4ck\u00e5tervinningslinjer med en d\u00e4ckremsk\u00e4r och d\u00e4ckslipmaskin.<\/p> <\/li> <\/ul> <h2>Parameta za Kukata Block za Tairi za Takataka<\/h2> <p data-start=\"207\" data-end=\"475\">Shuliy inatoa mifano miwili yenye nguvu ya mashine za kukata blok za tairi zinazoundwa kwa ajili ya kukata mikanda na bendi za goma kuwa blok za kompakt. Iwe unafanya kazi katika kiwanda cha kati au kikubwa cha kurejeleza tairi za taka, mashine zetu zinaweza kukidhi mahitaji yako ya uzalishaji kwa ufanisi.<\/p> <div class=\"_tableContainer_16hzy_1\"> <div class=\"_tableWrapper_16hzy_14 group flex w-fit flex-col-reverse\" tabindex=\"-1\"> <table class=\"w-fit min-w-(--thread-content-width)\" data-start=\"477\" data-end=\"1527\"> <thead data-start=\"477\" data-end=\"586\"> <tr data-start=\"477\" data-end=\"586\"> <th data-start=\"477\" data-end=\"514\" data-col-size=\"sm\"><strong data-start=\"479\" data-end=\"488\">Mfano<\/strong><\/th> <th data-start=\"514\" data-end=\"553\" data-col-size=\"md\"><strong data-start=\"516\" data-end=\"552\">Vanlig d\u00e4ckblocksk\u00e4rare<\/strong><\/th> <th data-start=\"553\" data-end=\"586\" data-col-size=\"md\"><strong data-start=\"555\" data-end=\"584\">Uppdaterad d\u00e4ckblocksk\u00e4rare<\/strong><\/th> <\/tr> <\/thead> <tbody data-start=\"696\" data-end=\"1527\"> <tr data-start=\"696\" data-end=\"831\"> <td data-start=\"696\" data-end=\"732\" data-col-size=\"sm\"><strong data-start=\"701\" data-end=\"716\">Kraften p\u00e5 motorn<\/strong><\/td> <td data-col-size=\"md\" data-start=\"732\" data-end=\"781\">5,5 kW \u2013 Stabil f\u00f6r medeltunga gummisk\u00e4rning<\/td> <td data-col-size=\"md\" data-start=\"781\" data-end=\"831\">18,5 kW \u2013 H\u00f6g effekt f\u00f6r tungdriftsoperationer<\/td> <\/tr> <tr data-start=\"832\" data-end=\"962\"> <td data-start=\"832\" data-end=\"868\" data-col-size=\"sm\"><strong data-start=\"837\" data-end=\"860\">Bearbetningskapacitet<\/strong><\/td> <td data-col-size=\"md\" data-start=\"868\" data-end=\"920\">800 kg\/h \u2013 Lifa kwa mimea nyepesi hadi ya kati<\/td> <td data-col-size=\"md\" data-start=\"920\" data-end=\"962\">1500 kg\/h \u2013 Kwa mistari mikubwa ya kurejeleza<\/td> <\/tr> <tr data-start=\"963\" data-end=\"1073\"> <td data-start=\"963\" data-end=\"999\" data-col-size=\"sm\"><strong data-start=\"968\" data-end=\"989\">Ukubwa wa Kutoa Block<\/strong><\/td> <td data-col-size=\"md\" data-start=\"999\" data-end=\"1039\">3 \u00d7 5 \u00d7 6 cm vipande vya goma<\/td> <td data-col-size=\"md\" data-start=\"1039\" data-end=\"1073\">5 \u00d7 5 cm vizuizi vya goma vilivyo sawa<\/td> <\/tr> <tr data-start=\"1074\" data-end=\"1184\"> <td data-start=\"1074\" data-end=\"1110\" data-col-size=\"sm\"><strong data-start=\"1079\" data-end=\"1109\">Maskinens dimensioner (L\u00d7B\u00d7H)<\/strong><\/td> <td data-col-size=\"md\" data-start=\"1110\" data-end=\"1150\">1,0 \u00d7 0,8 \u00d7 1,4 m<\/td> <td data-col-size=\"md\" data-start=\"1150\" data-end=\"1184\">1,3 \u00d7 1,1 \u00d7 1,5 m<\/td> <\/tr> <tr data-start=\"1185\" data-end=\"1295\"> <td data-start=\"1185\" data-end=\"1221\" data-col-size=\"sm\"><strong data-start=\"1190\" data-end=\"1200\">Uzito<\/strong><\/td> <td data-col-size=\"md\" data-start=\"1221\" data-end=\"1261\">800 kg<\/td> <td data-col-size=\"md\" data-start=\"1261\" data-end=\"1295\">1200 kg<\/td> <\/tr> <tr data-start=\"1296\" data-end=\"1409\"> <td data-start=\"1296\" data-end=\"1332\" data-col-size=\"sm\"><strong data-start=\"1301\" data-end=\"1327\">Materialkompatibilitet<\/strong><\/td> <td data-col-size=\"md\" data-start=\"1332\" data-end=\"1372\">Gummiremmar, d\u00e4ckm\u00f6nster, sidov\u00e4ggar<\/td> <td data-col-size=\"md\" data-start=\"1372\" data-end=\"1409\">Blocki nzito za mpira, mikanda minene<\/td> <\/tr> <tr data-start=\"1410\" data-end=\"1527\"> <td data-start=\"1410\" data-end=\"1446\" data-col-size=\"sm\"><strong data-start=\"1415\" data-end=\"1433\">Njia ya Kukata<\/strong><\/td> <td data-col-size=\"md\" data-start=\"1446\" data-end=\"1486\">Mfumo wa blade ya kushinikiza wa hidroliki<\/td> <td data-col-size=\"md\" data-start=\"1486\" data-end=\"1527\">Mfumo wa kukata wa shinikizo la juu ulioimarishwa<\/td> <\/tr> <\/tbody> <\/table> <\/div> <\/div> <figure id=\"attachment_17336\" aria-describedby=\"caption-attachment-17336\" style=\"width: 720px\" class=\"wp-caption aligncenter\"><img loading=\"lazy\" decoding=\"async\" class=\"wp-image-17336 size-full\" src=\"https:\/\/recyclingequipinc.com\/wp-content\/uploads\/2025\/06\/waste-tire-block-cutter.webp\" alt=\"Kata block za tairi za taka\" width=\"720\" height=\"540\" srcset=\"https:\/\/recyclingequipinc.com\/wp-content\/uploads\/2025\/06\/waste-tire-block-cutter.webp 720w, https:\/\/recyclingequipinc.com\/wp-content\/uploads\/2025\/06\/waste-tire-block-cutter-300x225.webp 300w, https:\/\/recyclingequipinc.com\/wp-content\/uploads\/2025\/06\/waste-tire-block-cutter-16x12.webp 16w\" sizes=\"(max-width: 720px) 100vw, 720px\" \/><figcaption id=\"caption-attachment-17336\" class=\"wp-caption-text\">Kata block za tairi za taka<\/figcaption><\/figure> <h2>Mashine ya Kukata Sawa za Tairi Inafanya Kazi Vipi?<\/h2> <p data-start=\"1694\" data-end=\"1916\" class=\"translation-block\"><strong data-start=\"1697\" data-end=\"1726\">Drift Snittblad Operation<\/strong><br data-start=\"1726\" data-end=\"1729\" \/>B\u00e5da modellerna anv\u00e4nder en vertikal hydraulisk sk\u00e4reg,estyler? Wait need proper Swedish:<\/p> <p data-start=\"1918\" data-end=\"2080\" class=\"translation-block\"><strong data-start=\"1921\" data-end=\"1943\">Nguvu Kubwa ya Kukata<\/strong><br data-start=\"1943\" data-end=\"1946\" \/>Toleo lililoboreshwa lina gari lenye nguvu zaidi (18.5 kW), likitoa nguvu kubwa zaidi kwa ajili ya vifaa vigumu na uwezo mkubwa zaidi wa kuzalisha.<\/p> <h3 data-start=\"1534\" data-end=\"1582\">Ni Nani Kukata Block za Tairi za Kawaida Inafaa Kwako?<\/h3> <ul data-start=\"1584\" data-end=\"1863\"> <li data-start=\"1584\" data-end=\"1704\"> <p data-start=\"1586\" data-end=\"1704\">Anv\u00e4nd den standardiserade modellen om du driver en liten till medelstor skrot d\u00e4cksk\u00e4rsetup med m\u00e5ttliga behov av produktion.<\/p> <\/li> <li data-start=\"1705\" data-end=\"1863\"> <p data-start=\"1707\" data-end=\"1863\">V\u00e4lj den uppdaterade d\u00e4ckblocksk\u00e4raren f\u00f6r h\u00f6gvolym gummirecykling, d\u00e4r snabbare bearbetning och tuffare gummimaterial \u00e4r involverade.<\/p> <\/li> <\/ul> <p data-start=\"1865\" data-end=\"2092\">Zote mashine zimeundwa kufanya kazi bila shida na wakataji wa ukanda wa tairi na kuunganishwa katika mstari wa kuchakata taka za tairi wa nusu-otomatiki. Ikiwa una mahitaji mengine ya uzalishaji, tunaweza pia kukupa mashine za kukata tairi zilizobinafsishwa!<\/p> <figure id=\"attachment_17333\" aria-describedby=\"caption-attachment-17333\" style=\"width: 720px\" class=\"wp-caption aligncenter\"><img loading=\"lazy\" decoding=\"async\" class=\"wp-image-17333 size-full\" src=\"https:\/\/recyclingequipinc.com\/wp-content\/uploads\/2025\/06\/tire-block-cutter.webp\" alt=\"Sk\u00e4rare f\u00f6r d\u00e4ckblock\" width=\"720\" height=\"540\" srcset=\"https:\/\/recyclingequipinc.com\/wp-content\/uploads\/2025\/06\/tire-block-cutter.webp 720w, https:\/\/recyclingequipinc.com\/wp-content\/uploads\/2025\/06\/tire-block-cutter-300x225.webp 300w, https:\/\/recyclingequipinc.com\/wp-content\/uploads\/2025\/06\/tire-block-cutter-16x12.webp 16w\" sizes=\"(max-width: 720px) 100vw, 720px\" \/><figcaption id=\"caption-attachment-17333\" class=\"wp-caption-text\">Sk\u00e4rare f\u00f6r d\u00e4ckblock<\/figcaption><\/figure>","protected":false},"excerpt":{"rendered":"<p class=\"translation-block\">Katakati cha matairi hutumiwa kukata sehemu nene za mpira\u2014kama vile nyayo za tairi au vipande vipana\u2014vipande vipande sawa vya takriban <strong data-start=\"180\" data-end=\"188\">5 cm<\/strong> urefu na upana, na kuwafanya wawe rahisi kwa kusagwa, kusaga, na kuchakata tena.<\/p>","protected":false},"featured_media":17332,"template":"","meta":{"site-sidebar-layout":"default","site-content-layout":"","ast-site-content-layout":"default","site-content-style":"default","site-sidebar-style":"default","ast-global-header-display":"","ast-banner-title-visibility":"","ast-main-header-display":"","ast-hfb-above-header-display":"","ast-hfb-below-header-display":"","ast-hfb-mobile-header-display":"","site-post-title":"","ast-breadcrumbs-content":"","ast-featured-img":"","footer-sml-layout":"","ast-disable-related-posts":"","theme-transparent-header-meta":"default","adv-header-id-meta":"","stick-header-meta":"","header-above-stick-meta":"","header-main-stick-meta":"","header-below-stick-meta":"","astra-migrate-meta-layouts":"set","ast-page-background-enabled":"default","ast-page-background-meta":{"desktop":{"background-color":"","background-image":"","background-repeat":"repeat","background-position":"center center","background-size":"auto","background-attachment":"scroll","background-type":"","background-media":"","overlay-type":"","overlay-color":"","overlay-opacity":"","overlay-gradient":""},"tablet":{"background-color":"","background-image":"","background-repeat":"repeat","background-position":"center center","background-size":"auto","background-attachment":"scroll","background-type":"","background-media":"","overlay-type":"","overlay-color":"","overlay-opacity":"","overlay-gradient":""},"mobile":{"background-color":"","background-image":"","background-repeat":"repeat","background-position":"center center","background-size":"auto","background-attachment":"scroll","background-type":"","background-media":"","overlay-type":"","overlay-color":"","overlay-opacity":"","overlay-gradient":""}},"ast-content-background-meta":{"desktop":{"background-color":"var(--ast-global-color-5)","background-image":"","background-repeat":"repeat","background-position":"center center","background-size":"auto","background-attachment":"scroll","background-type":"","background-media":"","overlay-type":"","overlay-color":"","overlay-opacity":"","overlay-gradient":""},"tablet":{"background-color":"var(--ast-global-color-5)","background-image":"","background-repeat":"repeat","background-position":"center center","background-size":"auto","background-attachment":"scroll","background-type":"","background-media":"","overlay-type":"","overlay-color":"","overlay-opacity":"","overlay-gradient":""},"mobile":{"background-color":"var(--ast-global-color-5)","background-image":"","background-repeat":"repeat","background-position":"center center","background-size":"auto","background-attachment":"scroll","background-type":"","background-media":"","overlay-type":"","overlay-color":"","overlay-opacity":"","overlay-gradient":""}}},"product_brand":[],"product_cat":[128],"product_tag":[],"class_list":{"0":"post-17320","1":"product","2":"type-product","3":"status-publish","4":"has-post-thumbnail","6":"product_cat-tire-recycling-machine","7":"desktop-align-center","8":"tablet-align-center","9":"mobile-align-center","11":"first","12":"instock","13":"shipping-taxable","14":"product-type-simple"},"_links":{"self":[{"href":"https:\/\/recyclingequipinc.com\/sw\/wp-json\/wp\/v2\/product\/17320","targetHints":{"allow":["GET"]}}],"collection":[{"href":"https:\/\/recyclingequipinc.com\/sw\/wp-json\/wp\/v2\/product"}],"about":[{"href":"https:\/\/recyclingequipinc.com\/sw\/wp-json\/wp\/v2\/types\/product"}],"version-history":[{"count":0,"href":"https:\/\/recyclingequipinc.com\/sw\/wp-json\/wp\/v2\/product\/17320\/revisions"}],"wp:featuredmedia":[{"embeddable":true,"href":"https:\/\/recyclingequipinc.com\/sw\/wp-json\/wp\/v2\/media\/17332"}],"wp:attachment":[{"href":"https:\/\/recyclingequipinc.com\/sw\/wp-json\/wp\/v2\/media?parent=17320"}],"wp:term":[{"taxonomy":"product_brand","embeddable":true,"href":"https:\/\/recyclingequipinc.com\/sw\/wp-json\/wp\/v2\/product_brand?post=17320"},{"taxonomy":"product_cat","embeddable":true,"href":"https:\/\/recyclingequipinc.com\/sw\/wp-json\/wp\/v2\/product_cat?post=17320"},{"taxonomy":"product_tag","embeddable":true,"href":"https:\/\/recyclingequipinc.com\/sw\/wp-json\/wp\/v2\/product_tag?post=17320"}],"curies":[{"name":"wp","href":"https:\/\/api.w.org\/{rel}","templated":true}]}}