{"id":17313,"date":"2025-06-23T16:06:20","date_gmt":"2025-06-23T08:06:20","guid":{"rendered":"https:\/\/recyclingequipinc.com\/?post_type=product&#038;p=17313"},"modified":"2025-06-23T16:06:20","modified_gmt":"2025-06-23T08:06:20","slug":"waste-tire-strip-cutter","status":"publish","type":"product","link":"https:\/\/recyclingequipinc.com\/sw\/product\/waste-tire-strip-cutter\/","title":{"rendered":"Avfall d\u00e4ckremsor sk\u00e4rmaskin"},"content":{"rendered":"<p>\u00c4ven efter att de inb\u00e4ddade st\u00e5ltr\u00e5darna har tagits bort, \u00e4r den \u00e5terst\u00e5ende gummidelen av d\u00e4cket fortfarande tjock och h\u00e5llbar, vilket g\u00f6r det sv\u00e5rt att krossa eller mala direkt. F\u00f6r att l\u00f6sa detta anv\u00e4nds en d\u00e4ckremsklippare f\u00f6r att sk\u00e4ra d\u00e4ckm\u00f6nstret i gummiremsor som \u00e4r 3\u20135 cm breda, vilket fullbordar f\u00f6rbehandlingssteget och avsev\u00e4rt f\u00f6rb\u00e4ttrar effektiviteten i d\u00e4ck\u00e5tervinning.<\/p> <figure id=\"attachment_17343\" aria-describedby=\"caption-attachment-17343\" style=\"width: 720px\" class=\"wp-caption aligncenter\"><img fetchpriority=\"high\" decoding=\"async\" class=\"wp-image-17343 size-full\" src=\"https:\/\/recyclingequipinc.com\/wp-content\/uploads\/2025\/06\/tire-strip-cutter-machine.webp\" alt=\"maskin f\u00f6r att sk\u00e4ra d\u00e4ckremsor\" width=\"720\" height=\"540\" srcset=\"https:\/\/recyclingequipinc.com\/wp-content\/uploads\/2025\/06\/tire-strip-cutter-machine.webp 720w, https:\/\/recyclingequipinc.com\/wp-content\/uploads\/2025\/06\/tire-strip-cutter-machine-300x225.webp 300w, https:\/\/recyclingequipinc.com\/wp-content\/uploads\/2025\/06\/tire-strip-cutter-machine-16x12.webp 16w\" sizes=\"(max-width: 720px) 100vw, 720px\" \/><figcaption id=\"caption-attachment-17343\" class=\"wp-caption-text\">maskin f\u00f6r att sk\u00e4ra d\u00e4ckremsor<\/figcaption><\/figure> <h2>Tafuta na Matokeo ya Mashine ya Kukata Mifereji ya Tire<\/h2> <h3>Arbetsomr\u00e5de<\/h3> <p data-start=\"70\" data-end=\"500\" class=\"translation-block\">Kikata mikanda cha matairi cha Shuliy hutumiwa sana katika <a href=\"https:\/\/recyclingequipinc.com\/sw\/bidhaa\/waste-tire-recycling-line\/\">mistari ya kuchakata matairi nusu-moja kwa moja<\/a> kwa ajili ya kuchakata matairi yenye kipenyo cha hadi <strong data-start=\"190\" data-end=\"212\">1200mm<\/strong>. Inafanya kazi pamoja na mashine kama vile <a href=\"https:\/\/recyclingequipinc.com\/sw\/bidhaa\/tire-sidewall-cutter\/\">kikata pande za matairi<\/a> na <a href=\"https:\/\/recyclingequipinc.com\/sw\/bidhaa\/tire-block-cutter\/\">kikata vipande vya matairi<\/a>, ikiwezesha utenganishaji hatua kwa hatua wa matairi yaliyotumika na kupunguza mzigo kwenye vifaa vya kusaga vifuatavyo.<\/p> <p data-start=\"502\" data-end=\"840\" class=\"translation-block\">Inatumika sana kwa ajili ya kuchakata matairi ya magari, matairi ya malori, na zingine zinazofanana. Kwa utangamano wake mpana na utendaji unaotegemewa, mashine hii ni zana muhimu kwa <strong data-start=\"696\" data-end=\"777\">viwanda vya kuchakata matairi, vituo vya kuchakata taka, watengenezaji wa bidhaa za mpira<\/strong>, na vifaa vingine vinavyotafuta kuboresha usindikaji wa awali wa matairi.<\/p> <h3 data-start=\"502\" data-end=\"840\">Slutprodukter<\/h3> <p data-start=\"672\" data-end=\"851\" class=\"translation-block\">Kikata mikanda cha matairi hukata nyuzi hizi za mpira kuwa <strong data-start=\"744\" data-end=\"761\">mikanda ya mpira<\/strong> iliyo sawa, kwa kawaida <strong data-start=\"773\" data-end=\"792\">3\u20135 cm upana<\/strong>, kulingana na nafasi ya blade za kukata. Mikanda hii yanafaa kwa kukatwa zaidi kuwa vipande.<\/p> <div id='gallery-1' class='gallery galleryid-17313 gallery-columns-3 gallery-size-full'><figure class='gallery-item'> \t\t\t<div class='gallery-icon landscape'> \t\t\t\t<a href='https:\/\/recyclingequipinc.com\/sw\/?attachment_id=17339'><img decoding=\"async\" width=\"720\" height=\"540\" src=\"https:\/\/recyclingequipinc.com\/wp-content\/uploads\/2025\/06\/put-tire-sidewall-between-the-two-rollers.webp\" class=\"attachment-full size-full\" alt=\"l\u00e4gg d\u00e4ckets sidov\u00e4gg mellan de tv\u00e5 rullarna\" aria-describedby=\"gallery-1-17339\" srcset=\"https:\/\/recyclingequipinc.com\/wp-content\/uploads\/2025\/06\/put-tire-sidewall-between-the-two-rollers.webp 720w, https:\/\/recyclingequipinc.com\/wp-content\/uploads\/2025\/06\/put-tire-sidewall-between-the-two-rollers-300x225.webp 300w, https:\/\/recyclingequipinc.com\/wp-content\/uploads\/2025\/06\/put-tire-sidewall-between-the-two-rollers-16x12.webp 16w\" sizes=\"(max-width: 720px) 100vw, 720px\" \/><\/a> \t\t\t<\/div> \t\t\t\t<figcaption class='wp-caption-text gallery-caption' id='gallery-1-17339'> \t\t\t\tl\u00e4gg d\u00e4ckets sidov\u00e4gg mellan de tv\u00e5 rullarna \t\t\t\t<\/figcaption><\/figure><figure class='gallery-item'> \t\t\t<div class='gallery-icon landscape'> \t\t\t\t<a href='https:\/\/recyclingequipinc.com\/sw\/?attachment_id=17338'><img decoding=\"async\" width=\"720\" height=\"540\" src=\"https:\/\/recyclingequipinc.com\/wp-content\/uploads\/2025\/06\/output-long-rubber-strips.webp\" class=\"attachment-full size-full\" alt=\"utmatning av l\u00e5nga gummiremmar\" aria-describedby=\"gallery-1-17338\" srcset=\"https:\/\/recyclingequipinc.com\/wp-content\/uploads\/2025\/06\/output-long-rubber-strips.webp 720w, https:\/\/recyclingequipinc.com\/wp-content\/uploads\/2025\/06\/output-long-rubber-strips-300x225.webp 300w, https:\/\/recyclingequipinc.com\/wp-content\/uploads\/2025\/06\/output-long-rubber-strips-16x12.webp 16w\" sizes=\"(max-width: 720px) 100vw, 720px\" \/><\/a> \t\t\t<\/div> \t\t\t\t<figcaption class='wp-caption-text gallery-caption' id='gallery-1-17338'> \t\t\t\tutmatning av l\u00e5nga gummiremmar \t\t\t\t<\/figcaption><\/figure> \t\t<\/div>  <h2 data-start=\"672\" data-end=\"851\">Kwa nini Mashine Yetu ya Kukata Mifereji ya Tire Inajulikana Sokoni?<\/h2> <p data-start=\"170\" data-end=\"452\">Som en erfaren leverant\u00f6r av maskiner f\u00f6r d\u00e4ck\u00e5tervinning har Shuliy Machinery tillhandah\u00e5llit skr\u00e4ddarsydda d\u00e4cksk\u00e4rningsl\u00f6sningar till gummirecyklare runt om i v\u00e4rlden. V\u00e5r gummid\u00e4ckstrimmaskin \u00e4r designad med m\u00e5ngsidighet, effektivitet och anv\u00e4ndarv\u00e4nlighet i \u00e5tanke. Nyckelfunktioner inkluderar:<\/p> <ul> <li data-start=\"456\" data-end=\"566\"><strong data-start=\"456\" data-end=\"478\">Bred kompatibilitet<\/strong>Inafaa kwa ajili ya kusindika aina mbalimbali za matairi ya taka yenye kipenyo hadi <strong data-start=\"554\" data-end=\"564\">1200mm<\/strong><\/li> <li data-start=\"456\" data-end=\"566\"><strong data-start=\"569\" data-end=\"592\">H\u00f6gkvalitativa blad<\/strong>Imepangwa na viwambo vya aloi vyenye makali, vinavyostahimili kuvaa kwa utendaji wa muda mrefu na wenye ufanisi<\/li> <li data-start=\"691\" data-end=\"800\"><strong data-start=\"691\" data-end=\"717\">Justerbar utg\u00e5ngsstorlek<\/strong>Upana wa strip ya goma unaweza kubadilishwa ili kukidhi mahitaji maalum ya usindikaji wa chini<\/li> <li data-start=\"803\" data-end=\"916\"><strong data-start=\"803\" data-end=\"835\">L\u00e4tt att anv\u00e4nda och underh\u00e5lla<\/strong>Muundo unaotumiwa kirahisi ukiwa na mwongozo wa operesheni na msaada unaotolewa na Shuliy<\/li> <li data-start=\"919\" data-end=\"1003\"><strong data-start=\"919\" data-end=\"945\">Klar, Precise Sk\u00e4rning<\/strong>Inatengeneza strip za goma zenye mipaka laini kwa matumizi madogo ya taka<\/li> <li data-start=\"1006\" data-end=\"1163\"><strong data-start=\"1006\" data-end=\"1046\">Snabb Leverans &amp; Installationsst\u00f6d<\/strong>Mashine zinatumwa haraka, zikiwa na huduma ya usakinishaji kwenye tovuti ili kukusaidia kuanza uzalishaji bila kuchelewa<\/li> <\/ul> <div id='gallery-2' class='gallery galleryid-17313 gallery-columns-3 gallery-size-full'><figure class='gallery-item'> \t\t\t<div class='gallery-icon landscape'> \t\t\t\t<a href='https:\/\/recyclingequipinc.com\/sw\/?attachment_id=17341'><img loading=\"lazy\" decoding=\"async\" width=\"720\" height=\"540\" src=\"https:\/\/recyclingequipinc.com\/wp-content\/uploads\/2025\/06\/rubber-strip-cutting-machine.webp\" class=\"attachment-full size-full\" alt=\"gummiremsk\u00e4rmaskin\" aria-describedby=\"gallery-2-17341\" srcset=\"https:\/\/recyclingequipinc.com\/wp-content\/uploads\/2025\/06\/rubber-strip-cutting-machine.webp 720w, https:\/\/recyclingequipinc.com\/wp-content\/uploads\/2025\/06\/rubber-strip-cutting-machine-300x225.webp 300w, https:\/\/recyclingequipinc.com\/wp-content\/uploads\/2025\/06\/rubber-strip-cutting-machine-16x12.webp 16w\" sizes=\"(max-width: 720px) 100vw, 720px\" \/><\/a> \t\t\t<\/div> \t\t\t\t<figcaption class='wp-caption-text gallery-caption' id='gallery-2-17341'> \t\t\t\tgummiremsk\u00e4rmaskin \t\t\t\t<\/figcaption><\/figure><figure class='gallery-item'> \t\t\t<div class='gallery-icon landscape'> \t\t\t\t<a href='https:\/\/recyclingequipinc.com\/sw\/?attachment_id=17340'><img loading=\"lazy\" decoding=\"async\" width=\"720\" height=\"540\" src=\"https:\/\/recyclingequipinc.com\/wp-content\/uploads\/2025\/06\/rubber-strip-cutter.webp\" class=\"attachment-full size-full\" alt=\"gummiremsk\u00e4rmaskin\" aria-describedby=\"gallery-2-17340\" srcset=\"https:\/\/recyclingequipinc.com\/wp-content\/uploads\/2025\/06\/rubber-strip-cutter.webp 720w, https:\/\/recyclingequipinc.com\/wp-content\/uploads\/2025\/06\/rubber-strip-cutter-300x225.webp 300w, https:\/\/recyclingequipinc.com\/wp-content\/uploads\/2025\/06\/rubber-strip-cutter-16x12.webp 16w\" sizes=\"(max-width: 720px) 100vw, 720px\" \/><\/a> \t\t\t<\/div> \t\t\t\t<figcaption class='wp-caption-text gallery-caption' id='gallery-2-17340'> \t\t\t\tgummiremsk\u00e4rmaskin \t\t\t\t<\/figcaption><\/figure> \t\t<\/div>  <h2 data-start=\"179\" data-end=\"238\">Mifano ya Kiufundi ya Kukata Mifereji ya Kanga kwa Mauzo<\/h2> <p>Nedanf\u00f6r finns tekniska specifikationer f\u00f6r v\u00e5r d\u00e4ckremsk\u00e4rmaskin, designad f\u00f6r att bearbeta bil- och lastbilsd\u00e4ck upp till 1200 mm i diameter. Den har en h\u00f6g effektivitet med en 5,5 kW motor, justerbar sk\u00e4rbredd och slitstarka legeringsblad - idealisk f\u00f6r anv\u00e4ndning i halvautomatiska \u00e5tervinningslinjer f\u00f6r avfallsgummi.<\/p> <div class=\"_tableContainer_16hzy_1\"> <div class=\"_tableWrapper_16hzy_14 group flex w-fit flex-col-reverse\" tabindex=\"-1\"> <table class=\"w-fit min-w-(--thread-content-width)\" data-start=\"240\" data-end=\"959\"> <thead data-start=\"240\" data-end=\"300\"> <tr data-start=\"240\" data-end=\"300\"> <th data-start=\"240\" data-end=\"266\" data-col-size=\"sm\"><strong data-start=\"242\" data-end=\"251\">Modell D\u00e4ck<\/strong><\/th> <th data-start=\"266\" data-end=\"300\" data-col-size=\"md\"><strong data-start=\"268\" data-end=\"298\">Maskin f\u00f6r att sk\u00e4ra d\u00e4ckremsor<\/strong><\/th> <\/tr> <\/thead> <tbody data-start=\"360\" data-end=\"959\"> <tr data-start=\"360\" data-end=\"455\"> <td data-start=\"360\" data-end=\"387\" data-col-size=\"sm\"><strong data-start=\"365\" data-end=\"380\">Kraften p\u00e5 motorn<\/strong><\/td> <td data-col-size=\"md\" data-start=\"387\" data-end=\"455\">5.5 kW \u2013 Motor yenye ufanisi wa juu kwa kukata thabiti na endelevu<\/td> <\/tr> <tr data-start=\"456\" data-end=\"557\"> <td data-start=\"456\" data-end=\"483\" data-col-size=\"sm\"><strong data-start=\"461\" data-end=\"481\">Sk\u00e4rkapacitet<\/strong><\/td> <td data-col-size=\"md\" data-start=\"483\" data-end=\"557\">Upp till <strong data-start=\"491\" data-end=\"504\">1000 kg\/h<\/strong> \u2013 Inafaa kwa shughuli za kati za urejeleaji wa matairi<\/td> <\/tr> <tr data-start=\"558\" data-end=\"647\"> <td data-start=\"558\" data-end=\"585\" data-col-size=\"sm\"><strong data-start=\"563\" data-end=\"581\">Rotationshastighet<\/strong><\/td> <td data-col-size=\"md\" data-start=\"585\" data-end=\"647\">45 r\/min \u2013 Kasi iliyoboreshwa kwa kukata strip za goma kwa urahisi<\/td> <\/tr> <tr data-start=\"648\" data-end=\"744\"> <td data-start=\"648\" data-end=\"675\" data-col-size=\"sm\"><strong data-start=\"653\" data-end=\"675\">Maskinens dimensioner<\/strong><\/td> <td data-col-size=\"md\" data-start=\"675\" data-end=\"744\">1.3 m*0.8 m*1.65 m \u2013 Muundo wa kompakt unaofaa kwa mpangilio wa viwanda vingi<\/td> <\/tr> <tr data-start=\"745\" data-end=\"825\"> <td data-start=\"745\" data-end=\"772\" data-col-size=\"sm\"><strong data-start=\"750\" data-end=\"768\">Vikt p\u00e5 maskin<\/strong><\/td> <td data-col-size=\"md\" data-start=\"772\" data-end=\"825\">850 kg \u2013 Robust och vibrationsbest\u00e4ndig struktur<\/td> <\/tr> <tr data-start=\"826\" data-end=\"959\"> <td data-start=\"826\" data-end=\"853\" data-col-size=\"sm\"><strong data-start=\"831\" data-end=\"852\">Storlek p\u00e5 remsor<\/strong><\/td> <td data-col-size=\"md\" data-start=\"853\" data-end=\"959\">Justerbar <strong data-start=\"866\" data-end=\"895\">Gummiremsor 3\u20135 cm breda<\/strong> \u2013 Perfekt f\u00f6r nedstr\u00f6ms shredding, granulering eller pyrolys<\/td> <\/tr> <\/tbody> <\/table> <\/div> <\/div> <h2>Kanuni ya Kazi ya Mashine ya Kukata Mifereji ya Tire ya Kanga<\/h2> <figure id=\"attachment_17342\" aria-describedby=\"caption-attachment-17342\" style=\"width: 720px\" class=\"wp-caption aligncenter\"><img loading=\"lazy\" decoding=\"async\" class=\"wp-image-17342 size-full\" src=\"https:\/\/recyclingequipinc.com\/wp-content\/uploads\/2025\/06\/structure-of-the-tire-strip-cutting-machine.webp\" alt=\"struktur av d\u00e4ckremsklippmaskinen\" width=\"720\" height=\"540\" srcset=\"https:\/\/recyclingequipinc.com\/wp-content\/uploads\/2025\/06\/structure-of-the-tire-strip-cutting-machine.webp 720w, https:\/\/recyclingequipinc.com\/wp-content\/uploads\/2025\/06\/structure-of-the-tire-strip-cutting-machine-300x225.webp 300w, https:\/\/recyclingequipinc.com\/wp-content\/uploads\/2025\/06\/structure-of-the-tire-strip-cutting-machine-16x12.webp 16w\" sizes=\"(max-width: 720px) 100vw, 720px\" \/><figcaption id=\"caption-attachment-17342\" class=\"wp-caption-text\">struktur av d\u00e4ckremsklippmaskinen<\/figcaption><\/figure> <p data-start=\"149\" data-end=\"286\" class=\"translation-block\"><strong data-start=\"152\" data-end=\"183\">Struktur ya Blade Mbili za Rotary<\/strong><br data-start=\"183\" data-end=\"186\" \/>Mashine imewekwa na blades za juu na chini zinazozunguka, zikiforma jozi ya cutters za kuzunguka.<\/p> <p data-start=\"288\" data-end=\"415\" class=\"translation-block\"><strong data-start=\"291\" data-end=\"309\">Kuweka Tire<\/strong><br data-start=\"309\" data-end=\"312\" \/>Tread ya tire iliyoandaliwa kabla inaingizwa kati ya rollers mbili baada ya ukuta wa upande na bead kuondolewa.<\/p> <p data-start=\"417\" data-end=\"578\" class=\"translation-block\"><strong data-start=\"420\" data-end=\"445\">Mchakato wa Kukata Mifereji<\/strong><br data-start=\"445\" data-end=\"448\" \/>Wakati blades zinapozunguka kwa mwelekeo tofauti, zinashika na kukata tire katika <strong data-start=\"531\" data-end=\"560\">mifereji ya goma yenye upana wa 3\u20135 cm<\/strong> yenye mipako safi.<\/p> <p data-start=\"580\" data-end=\"768\" class=\"translation-block\"><strong data-start=\"582\" data-end=\"614\">Safi kwa Usindikaji Zaidi<\/strong><br data-start=\"614\" data-end=\"617\" \/>Mifereji inayopatikana ni bora kwa kuingizwa kwenye shredders, grinders, au cutters za block za goma, ikiboresha ufanisi wa mchakato wa recyling wa tire.<\/p> <h2 data-start=\"580\" data-end=\"768\">Maskini wa Kukata Mifereji ya Matairi kwa Mauzo<\/h2> <p>Shuliy Machinery inatoa vifaa vya kukata matairi vinavyodumu na vya bei nafuu, pamoja na huduma iliyobinafsishwa kwa saizi tofauti za matairi na uwezo wa usindikaji. Kila mashine inajaribiwa kwa makini na inaweza kubinafsishwa ili kufaa malengo yako ya kurejeleza. Ikiwa una nia, tafadhali jisikie huru kuwasiliana nasi!<\/p>","protected":false},"excerpt":{"rendered":"<p>Maskin ya kukata ukanda wa tairi ni hatua ya pili katika laini ya kurejeleza tairi ya nusu otomatiki. Inakata kando za tairi zaidi na kuzalisha ukanda mrefu wa goma wenye upana wa cm 3-5, ikiboresha ufanisi wa kurejeleza.<\/p>","protected":false},"featured_media":17344,"template":"","meta":{"site-sidebar-layout":"default","site-content-layout":"","ast-site-content-layout":"default","site-content-style":"default","site-sidebar-style":"default","ast-global-header-display":"","ast-banner-title-visibility":"","ast-main-header-display":"","ast-hfb-above-header-display":"","ast-hfb-below-header-display":"","ast-hfb-mobile-header-display":"","site-post-title":"","ast-breadcrumbs-content":"","ast-featured-img":"","footer-sml-layout":"","ast-disable-related-posts":"","theme-transparent-header-meta":"default","adv-header-id-meta":"","stick-header-meta":"","header-above-stick-meta":"","header-main-stick-meta":"","header-below-stick-meta":"","astra-migrate-meta-layouts":"set","ast-page-background-enabled":"default","ast-page-background-meta":{"desktop":{"background-color":"","background-image":"","background-repeat":"repeat","background-position":"center center","background-size":"auto","background-attachment":"scroll","background-type":"","background-media":"","overlay-type":"","overlay-color":"","overlay-opacity":"","overlay-gradient":""},"tablet":{"background-color":"","background-image":"","background-repeat":"repeat","background-position":"center center","background-size":"auto","background-attachment":"scroll","background-type":"","background-media":"","overlay-type":"","overlay-color":"","overlay-opacity":"","overlay-gradient":""},"mobile":{"background-color":"","background-image":"","background-repeat":"repeat","background-position":"center center","background-size":"auto","background-attachment":"scroll","background-type":"","background-media":"","overlay-type":"","overlay-color":"","overlay-opacity":"","overlay-gradient":""}},"ast-content-background-meta":{"desktop":{"background-color":"var(--ast-global-color-5)","background-image":"","background-repeat":"repeat","background-position":"center center","background-size":"auto","background-attachment":"scroll","background-type":"","background-media":"","overlay-type":"","overlay-color":"","overlay-opacity":"","overlay-gradient":""},"tablet":{"background-color":"var(--ast-global-color-5)","background-image":"","background-repeat":"repeat","background-position":"center center","background-size":"auto","background-attachment":"scroll","background-type":"","background-media":"","overlay-type":"","overlay-color":"","overlay-opacity":"","overlay-gradient":""},"mobile":{"background-color":"var(--ast-global-color-5)","background-image":"","background-repeat":"repeat","background-position":"center center","background-size":"auto","background-attachment":"scroll","background-type":"","background-media":"","overlay-type":"","overlay-color":"","overlay-opacity":"","overlay-gradient":""}}},"product_brand":[],"product_cat":[128],"product_tag":[],"class_list":{"0":"post-17313","1":"product","2":"type-product","3":"status-publish","4":"has-post-thumbnail","6":"product_cat-tire-recycling-machine","7":"desktop-align-center","8":"tablet-align-center","9":"mobile-align-center","11":"first","12":"instock","13":"shipping-taxable","14":"product-type-simple"},"_links":{"self":[{"href":"https:\/\/recyclingequipinc.com\/sw\/wp-json\/wp\/v2\/product\/17313","targetHints":{"allow":["GET"]}}],"collection":[{"href":"https:\/\/recyclingequipinc.com\/sw\/wp-json\/wp\/v2\/product"}],"about":[{"href":"https:\/\/recyclingequipinc.com\/sw\/wp-json\/wp\/v2\/types\/product"}],"version-history":[{"count":0,"href":"https:\/\/recyclingequipinc.com\/sw\/wp-json\/wp\/v2\/product\/17313\/revisions"}],"wp:featuredmedia":[{"embeddable":true,"href":"https:\/\/recyclingequipinc.com\/sw\/wp-json\/wp\/v2\/media\/17344"}],"wp:attachment":[{"href":"https:\/\/recyclingequipinc.com\/sw\/wp-json\/wp\/v2\/media?parent=17313"}],"wp:term":[{"taxonomy":"product_brand","embeddable":true,"href":"https:\/\/recyclingequipinc.com\/sw\/wp-json\/wp\/v2\/product_brand?post=17313"},{"taxonomy":"product_cat","embeddable":true,"href":"https:\/\/recyclingequipinc.com\/sw\/wp-json\/wp\/v2\/product_cat?post=17313"},{"taxonomy":"product_tag","embeddable":true,"href":"https:\/\/recyclingequipinc.com\/sw\/wp-json\/wp\/v2\/product_tag?post=17313"}],"curies":[{"name":"wp","href":"https:\/\/api.w.org\/{rel}","templated":true}]}}