{"id":17311,"date":"2025-06-23T15:13:49","date_gmt":"2025-06-23T07:13:49","guid":{"rendered":"https:\/\/recyclingequipinc.com\/?post_type=product&#038;p=17311"},"modified":"2025-06-23T15:13:50","modified_gmt":"2025-06-23T07:13:50","slug":"tire-sidewall-cutter","status":"publish","type":"product","link":"https:\/\/recyclingequipinc.com\/sw\/product\/tire-sidewall-cutter\/","title":{"rendered":"Sk\u00e4rmaskin f\u00f6r d\u00e4ckv\u00e4ggar f\u00f6r \u00e5tervinning"},"content":{"rendered":"<p>Shuliy Machinery inatoa mashine mbalimbali maalum za kukata matairi ili kuboresha ufanisi wa urejeleaji wa matairi taka. Miongoni mwao, kipanga upande wa matairi kimekuwa chaguo maarufu kwa biashara za urejeleaji wa matairi kutokana na muundo wake mdogo, utendaji wa kuaminika, na matokeo sahihi ya kukata. Mashine hii imeundwa kutenganisha pande za matairi kutoka kwa mguu wa matairi yaliyotumika, na kufanya kukata zaidi au kutoa nyuzi za chuma kuwa rahisi zaidi na ya gharama nafuu.<\/p> <figure id=\"attachment_17325\" aria-describedby=\"caption-attachment-17325\" style=\"width: 720px\" class=\"wp-caption aligncenter\"><img fetchpriority=\"high\" decoding=\"async\" class=\"wp-image-17325 size-full\" src=\"https:\/\/recyclingequipinc.com\/wp-content\/uploads\/2025\/06\/tire-ring-cutter.webp\" alt=\"sk\u00e4rverktyg f\u00f6r d\u00e4ckring\" width=\"720\" height=\"540\" srcset=\"https:\/\/recyclingequipinc.com\/wp-content\/uploads\/2025\/06\/tire-ring-cutter.webp 720w, https:\/\/recyclingequipinc.com\/wp-content\/uploads\/2025\/06\/tire-ring-cutter-300x225.webp 300w, https:\/\/recyclingequipinc.com\/wp-content\/uploads\/2025\/06\/tire-ring-cutter-16x12.webp 16w\" sizes=\"(max-width: 720px) 100vw, 720px\" \/><figcaption id=\"caption-attachment-17325\" class=\"wp-caption-text\">sk\u00e4rverktyg f\u00f6r d\u00e4ckring<\/figcaption><\/figure> <h2>Vad \u00e4r d\u00e4ckets sidov\u00e4ggsk\u00e4rare?<\/h2> <p data-start=\"52\" data-end=\"318\">Bead ya tairi ina nyuzi za chuma zilizojazwa kwa wingi, na kuifanya kuwa ngumu sana na vigumu kuipitia moja kwa moja. Bila matibabu sahihi ya awali, inaweza kuharibu vifaa vya kukata au kusaga. Ili kushughulikia hili, mtengenezaji wa pete ya tairi hutumiwa kuondoa eneo la bead kwa usalama.<\/p> <p data-start=\"320\" data-end=\"453\">Kort sagt, d\u00e4cksidov\u00e4ggsk\u00e4rare (\u00e4ven k\u00e4nd som d\u00e4ckringk\u00e4rnare eller lastbilsd\u00e4cksidov\u00e4ggsk\u00e4rare) anv\u00e4nds f\u00f6r att:<\/p> <ul data-start=\"455\" data-end=\"618\"> <li data-start=\"455\" data-end=\"509\"> <p data-start=\"457\" data-end=\"509\">Sk\u00e4ra av sidov\u00e4ggarna fr\u00e5n d\u00e4ckkronan eller slitbanan.<\/p> <\/li> <li data-start=\"510\" data-end=\"561\"> <p data-start=\"512\" data-end=\"561\">M\u00f6jligg\u00f6r ytterligare d\u00e4cksk\u00e4rning och tr\u00e5dseparation.<\/p> <\/li> <li data-start=\"562\" data-end=\"618\"> <p data-start=\"564\" data-end=\"618\">Minska d\u00e4ckvolymen f\u00f6r enklare hantering och transport.<\/p> <\/li> <\/ul> <p data-start=\"620\" data-end=\"829\" class=\"translation-block\">Once the tire sidewalls are removed, they can either be processed into strips using a <strong data-start=\"701\" data-end=\"722\">tire strip cutter<\/strong> or sent to a <strong data-start=\"736\" data-end=\"760\">steel wire separator<\/strong> for wire extraction, depending on the recycling process requirements.<\/p> <div id='gallery-1' class='gallery galleryid-17311 gallery-columns-3 gallery-size-full'><figure class='gallery-item'> \t\t\t<div class='gallery-icon landscape'> \t\t\t\t<a href='https:\/\/recyclingequipinc.com\/sw\/?attachment_id=17324'><img decoding=\"async\" width=\"720\" height=\"540\" src=\"https:\/\/recyclingequipinc.com\/wp-content\/uploads\/2025\/06\/tire-bead.webp\" class=\"attachment-full size-full\" alt=\"d\u00e4ckb\u00e5rd\" aria-describedby=\"gallery-1-17324\" srcset=\"https:\/\/recyclingequipinc.com\/wp-content\/uploads\/2025\/06\/tire-bead.webp 720w, https:\/\/recyclingequipinc.com\/wp-content\/uploads\/2025\/06\/tire-bead-300x225.webp 300w, https:\/\/recyclingequipinc.com\/wp-content\/uploads\/2025\/06\/tire-bead-16x12.webp 16w\" sizes=\"(max-width: 720px) 100vw, 720px\" \/><\/a> \t\t\t<\/div> \t\t\t\t<figcaption class='wp-caption-text gallery-caption' id='gallery-1-17324'> \t\t\t\td\u00e4ckb\u00e5rd \t\t\t\t<\/figcaption><\/figure><figure class='gallery-item'> \t\t\t<div class='gallery-icon landscape'> \t\t\t\t<a href='https:\/\/recyclingequipinc.com\/sw\/?attachment_id=17323'><img decoding=\"async\" width=\"720\" height=\"540\" src=\"https:\/\/recyclingequipinc.com\/wp-content\/uploads\/2025\/06\/tire-bead-steel-wires.webp\" class=\"attachment-full size-full\" alt=\"d\u00e4ckb\u00e5rd st\u00e5ltr\u00e5dar\" aria-describedby=\"gallery-1-17323\" srcset=\"https:\/\/recyclingequipinc.com\/wp-content\/uploads\/2025\/06\/tire-bead-steel-wires.webp 720w, https:\/\/recyclingequipinc.com\/wp-content\/uploads\/2025\/06\/tire-bead-steel-wires-300x225.webp 300w, https:\/\/recyclingequipinc.com\/wp-content\/uploads\/2025\/06\/tire-bead-steel-wires-16x12.webp 16w\" sizes=\"(max-width: 720px) 100vw, 720px\" \/><\/a> \t\t\t<\/div> \t\t\t\t<figcaption class='wp-caption-text gallery-caption' id='gallery-1-17323'> \t\t\t\td\u00e4ckb\u00e5rd st\u00e5ltr\u00e5dar \t\t\t\t<\/figcaption><\/figure> \t\t<\/div>  <hr data-start=\"831\" data-end=\"834\" \/> <h2>Till\u00e4mpning av d\u00e4ckets sidov\u00e4ggsk\u00e4rare<\/h2> <p>Mashine yetu ya kukata ukuta wa tairi imeundwa mahsusi kushughulikia aina zote za tairi &lt; 1200 mm, ikiwa ni pamoja na tairi za malori, tairi za magari, na kadhalika. Inaweza kutumika katika sekta zifuatazo:<\/p> <ul> <li>D\u00e4ck\u00e5tervinningsanl\u00e4ggningar<\/li> <li>Tillverkning av gummiprodukter<\/li> <li>Verkst\u00e4der f\u00f6r utvinning av st\u00e5ltr\u00e5d<\/li> <li>Skrotbearbetningsg\u00e5rdar<\/li> <\/ul> <p>Tafadhali jisikie huru kuwasiliana nasi na kutuma vifaa vyako vya malighafi, na tunaweza kupendekeza na kubinafsisha mashine inayofaa ya kukata ukuta wa upande wa tairi kwa mahitaji yako.<\/p> <h2>Huvudfunktioner f\u00f6r v\u00e5r d\u00e4ckringklippmaskin<\/h2> <ul> <li><strong data-start=\"2050\" data-end=\"2072\">Bred kompatibilitet<\/strong>: Kan hantera olika storlekar av personbils- och lastbilsd\u00e4ck.<\/li> <li><strong data-start=\"1738\" data-end=\"1757\">H\u00f6g effektivitet<\/strong>: Separera snabbt sidov\u00e4ggarna med rena, sl\u00e4ta kanter.<\/li> <li data-start=\"1738\" data-end=\"1813\"><strong data-start=\"1816\" data-end=\"1834\">H\u00e5llbara blad<\/strong>: Slitstarka legeringsblad s\u00e4kerst\u00e4ller l\u00e5ng livsl\u00e4ngd.<\/li> <li data-start=\"1738\" data-end=\"1813\"><strong data-start=\"1893\" data-end=\"1913\">Enkel drift<\/strong>L\u00e4tt att anv\u00e4nda med minimal tr\u00e4ning kr\u00e4vs<\/li> <li data-start=\"1738\" data-end=\"1813\"><strong data-start=\"1966\" data-end=\"1986\">Stabil struktur<\/strong>: Kompakt, tungt ramverk s\u00e4kerst\u00e4ller s\u00e4ker och stabil sk\u00e4rning.<\/li> <li data-start=\"1738\" data-end=\"1813\"><strong data-start=\"2132\" data-end=\"2151\">L\u00e5g underh\u00e5ll<\/strong>Designad f\u00f6r l\u00e5ngsiktig anv\u00e4ndning med minimal sk\u00f6tsel<\/li> <li data-start=\"1738\" data-end=\"1813\"><strong data-start=\"2204\" data-end=\"2222\">Kostnadseffektiv<\/strong>: Minskar arbetskostnader och \u00f6kar bearbetningshastigheten.<\/li> <\/ul> <figure id=\"attachment_17328\" aria-describedby=\"caption-attachment-17328\" style=\"width: 720px\" class=\"wp-caption aligncenter\"><img loading=\"lazy\" decoding=\"async\" class=\"wp-image-17328 size-full\" src=\"https:\/\/recyclingequipinc.com\/wp-content\/uploads\/2025\/06\/tire-sidewall-cutting-machine-for-sale.webp\" alt=\"maskin f\u00f6r att sk\u00e4ra d\u00e4ckets sidov\u00e4gg till salu\" width=\"720\" height=\"540\" srcset=\"https:\/\/recyclingequipinc.com\/wp-content\/uploads\/2025\/06\/tire-sidewall-cutting-machine-for-sale.webp 720w, https:\/\/recyclingequipinc.com\/wp-content\/uploads\/2025\/06\/tire-sidewall-cutting-machine-for-sale-300x225.webp 300w, https:\/\/recyclingequipinc.com\/wp-content\/uploads\/2025\/06\/tire-sidewall-cutting-machine-for-sale-16x12.webp 16w\" sizes=\"(max-width: 720px) 100vw, 720px\" \/><figcaption id=\"caption-attachment-17328\" class=\"wp-caption-text\">maskin f\u00f6r att sk\u00e4ra d\u00e4ckets sidov\u00e4gg till salu<\/figcaption><\/figure> <h2>Teknisk data f\u00f6r sidov\u00e4ggsd\u00e4cksk\u00e4rare<\/h2> <table style=\"border-collapse: collapse; width: 100%;\"> <tbody> <tr> <td style=\"width: 50%;\">Jina<\/td> <td style=\"width: 50%;\">Sk\u00e4rare f\u00f6r d\u00e4ckv\u00e4ggar<\/td> <\/tr> <tr> <td style=\"width: 50%;\">Uwezo<\/td> <td style=\"width: 50%;\">40 stycken\/h<\/td> <\/tr> <tr> <td style=\"width: 50%;\">Kraften p\u00e5 motorn<\/td> <td style=\"width: 50%;\">4+0.75 KW<\/td> <\/tr> <tr> <td style=\"width: 50%;\">Arbetsomr\u00e5de<\/td> <td style=\"width: 50%;\">d\u00e4ck 650-1200 mm<\/td> <\/tr> <tr> <td style=\"width: 50%;\">Ukubwa wa Mashine<\/td> <td style=\"width: 50%;\">1.8*1.3*1.6 m<\/td> <\/tr> <\/tbody> <\/table> <h2>Hur fungerar d\u00e4cksidov\u00e4ggsklipparen?<\/h2> <p>D\u00e4cket placeras platt p\u00e5 den roterande plattformen och s\u00e4kras ordentligt. Efter att maskinen har slagits p\u00e5 anv\u00e4nder operat\u00f6ren kontrollsystemet f\u00f6r att justera positionen f\u00f6r det legerade sk\u00e4rverktyget och aktivera plattformens rotation. N\u00e4r plattformen snurrar r\u00f6r sig bladet gradvis in\u00e5t och sk\u00e4r noggrant l\u00e4ngs bead eller sidov\u00e4gg f\u00f6r att uppn\u00e5 en ren separation.<\/p> <figure id=\"attachment_17327\" aria-describedby=\"caption-attachment-17327\" style=\"width: 720px\" class=\"wp-caption aligncenter\"><img loading=\"lazy\" decoding=\"async\" class=\"wp-image-17327 size-full\" src=\"https:\/\/recyclingequipinc.com\/wp-content\/uploads\/2025\/06\/tire-sidewall-cutter-working-in-the-factory.webp\" alt=\"maskin f\u00f6r att sk\u00e4ra d\u00e4ckets sidov\u00e4gg som arbetar i fabriken\" width=\"720\" height=\"540\" srcset=\"https:\/\/recyclingequipinc.com\/wp-content\/uploads\/2025\/06\/tire-sidewall-cutter-working-in-the-factory.webp 720w, https:\/\/recyclingequipinc.com\/wp-content\/uploads\/2025\/06\/tire-sidewall-cutter-working-in-the-factory-300x225.webp 300w, https:\/\/recyclingequipinc.com\/wp-content\/uploads\/2025\/06\/tire-sidewall-cutter-working-in-the-factory-16x12.webp 16w\" sizes=\"(max-width: 720px) 100vw, 720px\" \/><figcaption id=\"caption-attachment-17327\" class=\"wp-caption-text\">maskin f\u00f6r att sk\u00e4ra d\u00e4ckets sidov\u00e4gg som arbetar i fabriken<\/figcaption><\/figure> <h2>D\u00e4cksidov\u00e4ggsk\u00e4rare till salu<\/h2> <p class=\"translation-block\">Letar du efter en d\u00e4cksidov\u00e4ggsk\u00e4rare till salu? Shuliy erbjuder kostnadseffektiva, h\u00f6gkvalitativa maskiner redo f\u00f6r leverans v\u00e4rlden \u00f6ver. Oavsett om du startar en ny \u00e5tervinningsanl\u00e4ggning eller uppgraderar ditt nuvarande system, \u00e4r v\u00e5r d\u00e4cksidov\u00e4ggsk\u00e4rare en solid investering. Om du \u00e4r intresserad, kolla in v\u00e5r <a href=\"https:\/\/recyclingequipinc.com\/sw\/bidhaa\/waste-tire-recycling-line\/\">semi-automatiska \u00e5tervinningslinje f\u00f6r avfallsgummi<\/a> f\u00f6r att se hur d\u00e4cksidov\u00e4ggsk\u00e4rare fungerar som en del av ett optimerat \u00e5tervinningsarbetsfl\u00f6de, eller tveka inte att kontakta oss!<\/p>","protected":false},"excerpt":{"rendered":"<p>Kata mzunguko wa tairi ni hatua ya kwanza inayotumika katika laini ya kusindika tairi ya nusu-otomatiki. Mashine hii ya kukata inaweza kukata kwa ufanisi na kuondoa bead ya tairi inayoshikilia nyuzi za chuma ili kurahisisha hatua zinazofuata za kusindika.<\/p>","protected":false},"featured_media":17326,"template":"","meta":{"site-sidebar-layout":"default","site-content-layout":"","ast-site-content-layout":"default","site-content-style":"default","site-sidebar-style":"default","ast-global-header-display":"","ast-banner-title-visibility":"","ast-main-header-display":"","ast-hfb-above-header-display":"","ast-hfb-below-header-display":"","ast-hfb-mobile-header-display":"","site-post-title":"","ast-breadcrumbs-content":"","ast-featured-img":"","footer-sml-layout":"","ast-disable-related-posts":"","theme-transparent-header-meta":"default","adv-header-id-meta":"","stick-header-meta":"","header-above-stick-meta":"","header-main-stick-meta":"","header-below-stick-meta":"","astra-migrate-meta-layouts":"set","ast-page-background-enabled":"default","ast-page-background-meta":{"desktop":{"background-color":"","background-image":"","background-repeat":"repeat","background-position":"center center","background-size":"auto","background-attachment":"scroll","background-type":"","background-media":"","overlay-type":"","overlay-color":"","overlay-opacity":"","overlay-gradient":""},"tablet":{"background-color":"","background-image":"","background-repeat":"repeat","background-position":"center center","background-size":"auto","background-attachment":"scroll","background-type":"","background-media":"","overlay-type":"","overlay-color":"","overlay-opacity":"","overlay-gradient":""},"mobile":{"background-color":"","background-image":"","background-repeat":"repeat","background-position":"center center","background-size":"auto","background-attachment":"scroll","background-type":"","background-media":"","overlay-type":"","overlay-color":"","overlay-opacity":"","overlay-gradient":""}},"ast-content-background-meta":{"desktop":{"background-color":"var(--ast-global-color-5)","background-image":"","background-repeat":"repeat","background-position":"center center","background-size":"auto","background-attachment":"scroll","background-type":"","background-media":"","overlay-type":"","overlay-color":"","overlay-opacity":"","overlay-gradient":""},"tablet":{"background-color":"var(--ast-global-color-5)","background-image":"","background-repeat":"repeat","background-position":"center center","background-size":"auto","background-attachment":"scroll","background-type":"","background-media":"","overlay-type":"","overlay-color":"","overlay-opacity":"","overlay-gradient":""},"mobile":{"background-color":"var(--ast-global-color-5)","background-image":"","background-repeat":"repeat","background-position":"center center","background-size":"auto","background-attachment":"scroll","background-type":"","background-media":"","overlay-type":"","overlay-color":"","overlay-opacity":"","overlay-gradient":""}}},"product_brand":[],"product_cat":[128],"product_tag":[],"class_list":{"0":"post-17311","1":"product","2":"type-product","3":"status-publish","4":"has-post-thumbnail","6":"product_cat-tire-recycling-machine","7":"desktop-align-center","8":"tablet-align-center","9":"mobile-align-center","11":"first","12":"instock","13":"shipping-taxable","14":"product-type-simple"},"_links":{"self":[{"href":"https:\/\/recyclingequipinc.com\/sw\/wp-json\/wp\/v2\/product\/17311","targetHints":{"allow":["GET"]}}],"collection":[{"href":"https:\/\/recyclingequipinc.com\/sw\/wp-json\/wp\/v2\/product"}],"about":[{"href":"https:\/\/recyclingequipinc.com\/sw\/wp-json\/wp\/v2\/types\/product"}],"version-history":[{"count":0,"href":"https:\/\/recyclingequipinc.com\/sw\/wp-json\/wp\/v2\/product\/17311\/revisions"}],"wp:featuredmedia":[{"embeddable":true,"href":"https:\/\/recyclingequipinc.com\/sw\/wp-json\/wp\/v2\/media\/17326"}],"wp:attachment":[{"href":"https:\/\/recyclingequipinc.com\/sw\/wp-json\/wp\/v2\/media?parent=17311"}],"wp:term":[{"taxonomy":"product_brand","embeddable":true,"href":"https:\/\/recyclingequipinc.com\/sw\/wp-json\/wp\/v2\/product_brand?post=17311"},{"taxonomy":"product_cat","embeddable":true,"href":"https:\/\/recyclingequipinc.com\/sw\/wp-json\/wp\/v2\/product_cat?post=17311"},{"taxonomy":"product_tag","embeddable":true,"href":"https:\/\/recyclingequipinc.com\/sw\/wp-json\/wp\/v2\/product_tag?post=17311"}],"curies":[{"name":"wp","href":"https:\/\/api.w.org\/{rel}","templated":true}]}}