{"id":17293,"date":"2025-06-09T16:37:00","date_gmt":"2025-06-09T08:37:00","guid":{"rendered":"https:\/\/recyclingequipinc.com\/?post_type=product&#038;p=17293"},"modified":"2025-08-22T10:20:13","modified_gmt":"2025-08-22T02:20:13","slug":"cotton-waste-cutting-machine","status":"publish","type":"product","link":"https:\/\/recyclingequipinc.com\/sw\/product\/cotton-waste-cutting-machine\/","title":{"rendered":"Maskin f\u00f6r sk\u00e4rning av bomullsavfall f\u00f6r fiber\u00e5tervinning"},"content":{"rendered":"<p>Mifuko ya pamba na nguo zilizotupwa kama mavazi ya zamani, pazia, zulia, na nyavu za uvuvi ni za kawaida katika maisha yetu ya kila siku. Nyenzo hizi zina thamani kubwa ya kurejelewa na zinaweza kutengenezwa kuwa bidhaa mpya za nyuzi kama vile vitambaa visivyo na nyuzi, vifaa vya insulation, n.k.<\/p> <p>Men, stora och skrymmande textilavfall \u00e4r sv\u00e5ra att hantera direkt. Genom att anv\u00e4nda Shuliy textil bomullsavfall sk\u00e4rmaskin kan dessa material krossas till korta, enhetliga fibrer, vilket kraftigt f\u00f6rb\u00e4ttrar fiberr\u00f6jnings effektivitet och m\u00f6jligg\u00f6r en kontinuerlig, stabil och h\u00f6g hastighet sk\u00e4rprocess.<\/p> <div class=\"ast-oembed-container\" style=\"height: 100%;\"><iframe title=\"Mashine Yenye Nguvu ya Kukata Nyuzi Inavyofanya Kazi: Kutoka Batting ya Quilt na Vitambaa hadi Nyuzi Zilizorejeshwa\" width=\"500\" height=\"281\" src=\"https:\/\/www.youtube.com\/embed\/k3odotZRnOg?feature=oembed\" frameborder=\"0\" allow=\"accelerometer; autoplay; clipboard-write; encrypted-media; gyroscope; picture-in-picture; web-share\" referrerpolicy=\"strict-origin-when-cross-origin\" allowfullscreen><\/iframe><\/div> <h2>Till\u00e4mpning och funktion av fiber bomullsavfallsklipparen<\/h2> <p>Shuliy fiberklipparen kan effektivt klippa f\u00f6ljande material:<\/p> <p>Textilindustrin: Avfallskl\u00e4der, bomullsspinnavfallsgarn, avfallskl\u00e4der, icke-v\u00e4vda tyger, varum\u00e4rkesetiketter, etc.<br \/> Fiber material: Bomull, ull, kemiska fibrer, linne och l\u00e4derrester.<br \/> Taka za Viwanda: Filamu za plastiki, karatasi, nk.<\/p> <div id='gallery-1' class='gallery galleryid-17293 gallery-columns-3 gallery-size-medium'><figure class='gallery-item'> \t\t\t<div class='gallery-icon landscape'> \t\t\t\t<a href='https:\/\/recyclingequipinc.com\/sw\/?attachment_id=17302'><img fetchpriority=\"high\" decoding=\"async\" width=\"300\" height=\"225\" src=\"https:\/\/recyclingequipinc.com\/wp-content\/uploads\/2025\/06\/waste-clothes-300x225.webp\" class=\"attachment-medium size-medium\" alt=\"nguo za taka\" aria-describedby=\"gallery-1-17302\" srcset=\"https:\/\/recyclingequipinc.com\/wp-content\/uploads\/2025\/06\/waste-clothes-300x225.webp 300w, https:\/\/recyclingequipinc.com\/wp-content\/uploads\/2025\/06\/waste-clothes-16x12.webp 16w, https:\/\/recyclingequipinc.com\/wp-content\/uploads\/2025\/06\/waste-clothes.webp 720w\" sizes=\"(max-width: 300px) 100vw, 300px\" \/><\/a> \t\t\t<\/div> \t\t\t\t<figcaption class='wp-caption-text gallery-caption' id='gallery-1-17302'> \t\t\t\tnguo za taka \t\t\t\t<\/figcaption><\/figure><figure class='gallery-item'> \t\t\t<div class='gallery-icon landscape'> \t\t\t\t<a href='https:\/\/recyclingequipinc.com\/sw\/?attachment_id=17300'><img decoding=\"async\" width=\"300\" height=\"225\" src=\"https:\/\/recyclingequipinc.com\/wp-content\/uploads\/2025\/06\/nonwoven-fabric-300x225.webp\" class=\"attachment-medium size-medium\" alt=\"tyg utan v\u00e4v\" aria-describedby=\"gallery-1-17300\" srcset=\"https:\/\/recyclingequipinc.com\/wp-content\/uploads\/2025\/06\/nonwoven-fabric-300x225.webp 300w, https:\/\/recyclingequipinc.com\/wp-content\/uploads\/2025\/06\/nonwoven-fabric-16x12.webp 16w, https:\/\/recyclingequipinc.com\/wp-content\/uploads\/2025\/06\/nonwoven-fabric.webp 720w\" sizes=\"(max-width: 300px) 100vw, 300px\" \/><\/a> \t\t\t<\/div> \t\t\t\t<figcaption class='wp-caption-text gallery-caption' id='gallery-1-17300'> \t\t\t\ttyg utan v\u00e4v \t\t\t\t<\/figcaption><\/figure><figure class='gallery-item'> \t\t\t<div class='gallery-icon landscape'> \t\t\t\t<a href='https:\/\/recyclingequipinc.com\/sw\/?attachment_id=17304'><img decoding=\"async\" width=\"300\" height=\"225\" src=\"https:\/\/recyclingequipinc.com\/wp-content\/uploads\/2025\/06\/wool-fiber-300x225.webp\" class=\"attachment-medium size-medium\" alt=\"ullfiber\" aria-describedby=\"gallery-1-17304\" srcset=\"https:\/\/recyclingequipinc.com\/wp-content\/uploads\/2025\/06\/wool-fiber-300x225.webp 300w, https:\/\/recyclingequipinc.com\/wp-content\/uploads\/2025\/06\/wool-fiber-16x12.webp 16w, https:\/\/recyclingequipinc.com\/wp-content\/uploads\/2025\/06\/wool-fiber.webp 720w\" sizes=\"(max-width: 300px) 100vw, 300px\" \/><\/a> \t\t\t<\/div> \t\t\t\t<figcaption class='wp-caption-text gallery-caption' id='gallery-1-17304'> \t\t\t\tullfiber \t\t\t\t<\/figcaption><\/figure> \t\t<\/div>  <p>Med denna textilsk\u00e4rmaskin kan du f\u00e5:<\/p> <ul> <li>Fin klippning: J\u00e4mnt hackar avfall fiber material (justerbar l\u00e4ngd: 3 mm - 500 mm).<\/li> <li>Regenereringsf\u00f6rbehandling: Tillhandah\u00e5ller kvalificerade r\u00e5material f\u00f6r lossning och ombearbetning.<\/li> <li>Ers\u00e4tta manuellt arbete: L\u00f6ser problemet med traditionell hackning och klippning, vilket kr\u00e4ver mycket arbetskraft.<\/li> <li>Bra klippeffekt: J\u00e4mf\u00f6rt med en fiberlasersk\u00e4rare finns det ingen termisk p\u00e5verkan eller br\u00e4nnm\u00e4rken p\u00e5 materialet, och det \u00e4r inte klibbigt.<\/li> <li>Processoptimering: Realisera full automation av kontinuerlig matning, klippning och urladdning.<\/li> <\/ul> <div id='gallery-2' class='gallery galleryid-17293 gallery-columns-3 gallery-size-medium'><figure class='gallery-item'> \t\t\t<div class='gallery-icon landscape'> \t\t\t\t<a href='https:\/\/recyclingequipinc.com\/sw\/?attachment_id=17298'><img loading=\"lazy\" decoding=\"async\" width=\"300\" height=\"225\" src=\"https:\/\/recyclingequipinc.com\/wp-content\/uploads\/2025\/06\/cut-fibers-300x225.webp\" class=\"attachment-medium size-medium\" alt=\"skurna fibrer\" aria-describedby=\"gallery-2-17298\" srcset=\"https:\/\/recyclingequipinc.com\/wp-content\/uploads\/2025\/06\/cut-fibers-300x225.webp 300w, https:\/\/recyclingequipinc.com\/wp-content\/uploads\/2025\/06\/cut-fibers-16x12.webp 16w, https:\/\/recyclingequipinc.com\/wp-content\/uploads\/2025\/06\/cut-fibers.webp 720w\" sizes=\"(max-width: 300px) 100vw, 300px\" \/><\/a> \t\t\t<\/div> \t\t\t\t<figcaption class='wp-caption-text gallery-caption' id='gallery-2-17298'> \t\t\t\tskurna fibrer \t\t\t\t<\/figcaption><\/figure><figure class='gallery-item'> \t\t\t<div class='gallery-icon landscape'> \t\t\t\t<a href='https:\/\/recyclingequipinc.com\/sw\/?attachment_id=17301'><img loading=\"lazy\" decoding=\"async\" width=\"300\" height=\"225\" src=\"https:\/\/recyclingequipinc.com\/wp-content\/uploads\/2025\/06\/small-fiber-pieces-output-300x225.webp\" class=\"attachment-medium size-medium\" alt=\"sm\u00e5 fiberbitar som utg\u00e5ng\" aria-describedby=\"gallery-2-17301\" srcset=\"https:\/\/recyclingequipinc.com\/wp-content\/uploads\/2025\/06\/small-fiber-pieces-output-300x225.webp 300w, https:\/\/recyclingequipinc.com\/wp-content\/uploads\/2025\/06\/small-fiber-pieces-output-16x12.webp 16w, https:\/\/recyclingequipinc.com\/wp-content\/uploads\/2025\/06\/small-fiber-pieces-output.webp 720w\" sizes=\"(max-width: 300px) 100vw, 300px\" \/><\/a> \t\t\t<\/div> \t\t\t\t<figcaption class='wp-caption-text gallery-caption' id='gallery-2-17301'> \t\t\t\tsm\u00e5 fiberbitar som utg\u00e5ng \t\t\t\t<\/figcaption><\/figure> \t\t<\/div>  <h2>Tano 5 za Mashine za Kukata Vitambaa<\/h2> <ul> <li data-start=\"114\" data-end=\"218\"> <p data-start=\"117\" data-end=\"218\" class=\"translation-block\"><strong data-start=\"117\" data-end=\"139\">Kukata Kasi<\/strong><br data-start=\"139\" data-end=\"142\" \/>Vipande vya juu vya rotary vya spiral huruhusu kukata kwa kuendelea kwa kilo 300-2000\/saa.<\/p> <\/li> <li data-start=\"220\" data-end=\"311\"> <p data-start=\"223\" data-end=\"311\" class=\"translation-block\"><strong data-start=\"223\" data-end=\"242\">Udhibiti sahihi<\/strong><br data-start=\"242\" data-end=\"245\" \/>Urefu wa kukata unaoweza kurekebishwa na usahihi wa \u00b11mm (kulingana na mfumo).<\/p> <\/li> <li data-start=\"313\" data-end=\"404\"> <p data-start=\"316\" data-end=\"404\" class=\"translation-block\"><strong data-start=\"316\" data-end=\"334\">Vipande vya kudumu<\/strong><br data-start=\"334\" data-end=\"337\" \/>Vipande vya chuma vya Aloi vilivyo na muundo wa kingo mbili huongeza muda wa huduma mara 3.<\/p> <\/li> <li data-start=\"406\" data-end=\"503\"> <p data-start=\"409\" data-end=\"503\" class=\"translation-block\"><strong data-start=\"409\" data-end=\"429\">Ulinzi wa Akili<\/strong><br data-start=\"429\" data-end=\"432\" \/>Ulinzi wa upakiaji uliojengwa ndani na kusimamishwa kwa dharura kwa operesheni salama zaidi.<\/p> <\/li> <li data-start=\"505\" data-end=\"607\"> <p data-start=\"508\" data-end=\"607\" class=\"translation-block\"><strong data-start=\"508\" data-end=\"528\">Matengenezo Rahisi<\/strong><br data-start=\"528\" data-end=\"531\" \/>Trei ya blade ya msimu na mwongozo wa kuona huruhusu huduma ya haraka kwa chini ya dakika 30.<\/p> <\/li> <\/ul> <div id='gallery-3' class='gallery galleryid-17293 gallery-columns-3 gallery-size-medium'><figure class='gallery-item'> \t\t\t<div class='gallery-icon landscape'> \t\t\t\t<a href='https:\/\/recyclingequipinc.com\/sw\/?attachment_id=17303'><img loading=\"lazy\" decoding=\"async\" width=\"300\" height=\"225\" src=\"https:\/\/recyclingequipinc.com\/wp-content\/uploads\/2025\/06\/waste-cotton-cloth-cuttiing-machine-300x225.webp\" class=\"attachment-medium size-medium\" alt=\"maskini wa kukata kitambaa cha taka\" aria-describedby=\"gallery-3-17303\" srcset=\"https:\/\/recyclingequipinc.com\/wp-content\/uploads\/2025\/06\/waste-cotton-cloth-cuttiing-machine-300x225.webp 300w, https:\/\/recyclingequipinc.com\/wp-content\/uploads\/2025\/06\/waste-cotton-cloth-cuttiing-machine-16x12.webp 16w, https:\/\/recyclingequipinc.com\/wp-content\/uploads\/2025\/06\/waste-cotton-cloth-cuttiing-machine.webp 720w\" sizes=\"(max-width: 300px) 100vw, 300px\" \/><\/a> \t\t\t<\/div> \t\t\t\t<figcaption class='wp-caption-text gallery-caption' id='gallery-3-17303'> \t\t\t\tmaskini wa kukata kitambaa cha taka \t\t\t\t<\/figcaption><\/figure><figure class='gallery-item'> \t\t\t<div class='gallery-icon landscape'> \t\t\t\t<a href='https:\/\/recyclingequipinc.com\/sw\/?attachment_id=17299'><img loading=\"lazy\" decoding=\"async\" width=\"300\" height=\"225\" src=\"https:\/\/recyclingequipinc.com\/wp-content\/uploads\/2025\/06\/fiber-textile-cutter-machine-blades-300x225.webp\" class=\"attachment-medium size-medium\" alt=\"pembejeo za mashine za kukata nyuzi za nguo\" aria-describedby=\"gallery-3-17299\" srcset=\"https:\/\/recyclingequipinc.com\/wp-content\/uploads\/2025\/06\/fiber-textile-cutter-machine-blades-300x225.webp 300w, https:\/\/recyclingequipinc.com\/wp-content\/uploads\/2025\/06\/fiber-textile-cutter-machine-blades-16x12.webp 16w, https:\/\/recyclingequipinc.com\/wp-content\/uploads\/2025\/06\/fiber-textile-cutter-machine-blades.webp 720w\" sizes=\"(max-width: 300px) 100vw, 300px\" \/><\/a> \t\t\t<\/div> \t\t\t\t<figcaption class='wp-caption-text gallery-caption' id='gallery-3-17299'> \t\t\t\tpembejeo za mashine za kukata nyuzi za nguo \t\t\t\t<\/figcaption><\/figure> \t\t<\/div>  <h2>Mashine za Kukata Vitambaa Zinazouzwa Sana<\/h2> <p>H\u00e4r \u00e4r specifikationerna f\u00f6r v\u00e5ra fem mest s\u00e5lda maskiner f\u00f6r klippning av bomullsskr\u00e4p. Knivarna p\u00e5 fiberklippmaskinen \u00e4r gjorda av h\u00e5rd, h\u00e5llbar legeringsverktygsst\u00e5l.<\/p> <table style=\"border-collapse: collapse; width: 100%;\"> <tbody> <tr> <td style=\"width: 16.6667%;\">Mfano<\/td> <td style=\"width: 16.6667%;\">500B<\/td> <td style=\"width: 16.6667%;\">800C<\/td> <td style=\"width: 16.6667%;\">1200B<\/td> <td style=\"width: 16.6667%;\">1600B<\/td> <td style=\"width: 16.6667%;\">2400B<\/td> <\/tr> <tr> <td style=\"width: 16.6667%;\">Uwezo<\/td> <td style=\"width: 16.6667%;\">300\u2013500 kg\/h<\/td> <td style=\"width: 16.6667%;\">500\u2013800 kg\/h<\/td> <td style=\"width: 16.6667%;\">800\u20131200 kg\/h<\/td> <td style=\"width: 16.6667%;\">1000\u20133000 kg\/h<\/td> <td style=\"width: 16.6667%;\">\u00a02000\u20135000 kg\/h<\/td> <\/tr> <tr> <td style=\"width: 16.6667%;\">Kraften p\u00e5 motorn<\/td> <td style=\"width: 16.6667%;\">5.5 + 1.5 kW<\/td> <td style=\"width: 16.6667%;\">\u00a07.5 + 1.5 kW<\/td> <td style=\"width: 16.6667%;\">15 + 2.2 kW<\/td> <td style=\"width: 16.6667%;\">\u00a018.5 + 3.0 kW<\/td> <td style=\"width: 16.6667%;\">\u00a022 + 3.0 kW<\/td> <\/tr> <tr> <td style=\"width: 16.6667%;\">Kukata Ukubwa<\/td> <td style=\"width: 16.6667%;\">5\u2013150 mm<\/td> <td style=\"width: 16.6667%;\">5\u2013150 mm<\/td> <td style=\"width: 16.6667%;\">5\u2013150 mm<\/td> <td style=\"width: 16.6667%;\">5\u2013300 mm<\/td> <td style=\"width: 16.6667%;\">10\u2013300 mm<\/td> <\/tr> <tr> <td style=\"width: 16.6667%;\">Sk\u00e4rtjocklek<\/td> <td style=\"width: 16.6667%;\">20 mm<\/td> <td style=\"width: 16.6667%;\">\u00a030\u201350 mm<\/td> <td style=\"width: 16.6667%;\">\u00a030\u201350 mm<\/td> <td style=\"width: 16.6667%;\">\u00a030\u2013150 mm<\/td> <td style=\"width: 16.6667%;\">\u00a030\u2013200 mm<\/td> <\/tr> <tr> <td style=\"width: 16.6667%;\">Miwani<\/td> <td style=\"width: 16.6667%;\">3200*1000*1200 mm<\/td> <td style=\"width: 16.6667%;\">3200*1000*1200 mm<\/td> <td style=\"width: 16.6667%;\">7000*1500*1500 mm<\/td> <td style=\"width: 16.6667%;\">7000*1800*1950 mm<\/td> <td style=\"width: 16.6667%;\">5800*2200*1950 mm<\/td> <\/tr> <tr> <td style=\"width: 16.6667%;\">Infeed \/ Utmatningsband<\/td> <td style=\"width: 16.6667%;\">2800*350 mm<\/td> <td style=\"width: 16.6667%;\">\u00a02800*350 mm<\/td> <td style=\"width: 16.6667%;\">\u00a03000*520 mm<\/td> <td style=\"width: 16.6667%;\">\u00a03000*720 mm<\/td> <td style=\"width: 16.6667%;\">\u00a03000*1100 mm<\/td> <\/tr> <tr> <td style=\"width: 16.6667%;\">Konfigurering ya Umeme<\/td> <td style=\"width: 16.6667%;\">Ulinzi wa joto wa kupita kiasi, sanduku la kudhibiti umeme<\/td> <td style=\"width: 16.6667%;\">Ulinzi wa joto wa kupita kiasi, sanduku la kudhibiti umeme<\/td> <td style=\"width: 16.6667%;\">\u00a0Sanduku huru la kudhibiti umeme<\/td> <td style=\"width: 16.6667%;\">\u00a0Sanduku huru la kudhibiti umeme<\/td> <td style=\"width: 16.6667%;\">Sanduku huru la kudhibiti umeme la udhibiti mara tatu<\/td> <\/tr> <\/tbody> <\/table> <h2>Arbetsprincip f\u00f6r avfall bomullstygklipparen<\/h2> <ul> <li>Ingizo: Weka nyuzi za taka, kitambaa cha pamba, nk, kwenye ukanda wa uhamasishaji na ndani ya mashine ya kukata taka za pamba.<\/li> <li>Kukata: Mashine ya kukata nyuzi inatumia muundo wa kisasa wa blade ya mzunguko wa mwelekeo wa pembeni ambayo inafanya kazi na blades zilizowekwa ili kuunda sehemu ya kukata inayohama. Hii inaruhusu kukata kwa kasi kubwa na endelevu ya vifaa.<\/li> <li>Uondo: Vipande vya nyuzi vilivyo katwa vinateleza ndani ya hopper na kutumwa nje kupitia mkanda wa kutoa. Kulingana na mahitaji ya uzalishaji, kifaa chenye nguvu cha kutenganisha sumaku kinaweza kuongezwa ili kunyonya kucha mchanganyiko, vifungo, nk., kuongezea muda wa maisha ya visu.<\/li> <\/ul> <h2>Pata Bei ya Kukata Vitambaa!<\/h2> <p>Shuliy inatoa anuwai kubwa ya mashine za kukata taka za pamba na suluhisho maalum za urejeleaji wa nyuzi. Ikiwa unavutiwa, tafadhali wasiliana nasi kwa bei, picha, video za moja kwa moja, matumizi ya tasnia, na zaidi!<\/p> <figure id=\"attachment_17296\" aria-describedby=\"caption-attachment-17296\" style=\"width: 720px\" class=\"wp-caption aligncenter\"><img loading=\"lazy\" decoding=\"async\" class=\"wp-image-17296 size-full\" src=\"https:\/\/recyclingequipinc.com\/wp-content\/uploads\/2025\/06\/cotton-waste-cutting-machine-for-sale.webp\" alt=\"maskine til sk\u00e6ring af bomuldsaffald til salg\" width=\"720\" height=\"540\" srcset=\"https:\/\/recyclingequipinc.com\/wp-content\/uploads\/2025\/06\/cotton-waste-cutting-machine-for-sale.webp 720w, https:\/\/recyclingequipinc.com\/wp-content\/uploads\/2025\/06\/cotton-waste-cutting-machine-for-sale-300x225.webp 300w, https:\/\/recyclingequipinc.com\/wp-content\/uploads\/2025\/06\/cotton-waste-cutting-machine-for-sale-16x12.webp 16w\" sizes=\"(max-width: 720px) 100vw, 720px\" \/><figcaption id=\"caption-attachment-17296\" class=\"wp-caption-text\">maskine til sk\u00e6ring af bomuldsaffald til salg<\/figcaption><\/figure>","protected":false},"excerpt":{"rendered":"<p>Mashine ya kukata taka ya pamba ya Shuliy inakata aina zote za nyuzi za vifaa vya nguo kuwa vipande vidogo na vya kawaida, ikitoa malighafi iliyo na ubora kwa ajili ya ufunguzi na up \u043e\u0431\u0440\u0430\u0431\u043e\u0442. Mashine hii ina uwezo wa 300-5,000 kg\/h, na urefu wa nyuzi iliyokamilishwa unaweza kubadilishwa kutoka 3-500 mm.<\/p>","protected":false},"featured_media":17297,"template":"","meta":{"site-sidebar-layout":"default","site-content-layout":"","ast-site-content-layout":"default","site-content-style":"default","site-sidebar-style":"default","ast-global-header-display":"","ast-banner-title-visibility":"","ast-main-header-display":"","ast-hfb-above-header-display":"","ast-hfb-below-header-display":"","ast-hfb-mobile-header-display":"","site-post-title":"","ast-breadcrumbs-content":"","ast-featured-img":"","footer-sml-layout":"","ast-disable-related-posts":"","theme-transparent-header-meta":"default","adv-header-id-meta":"","stick-header-meta":"","header-above-stick-meta":"","header-main-stick-meta":"","header-below-stick-meta":"","astra-migrate-meta-layouts":"set","ast-page-background-enabled":"default","ast-page-background-meta":{"desktop":{"background-color":"","background-image":"","background-repeat":"repeat","background-position":"center center","background-size":"auto","background-attachment":"scroll","background-type":"","background-media":"","overlay-type":"","overlay-color":"","overlay-opacity":"","overlay-gradient":""},"tablet":{"background-color":"","background-image":"","background-repeat":"repeat","background-position":"center center","background-size":"auto","background-attachment":"scroll","background-type":"","background-media":"","overlay-type":"","overlay-color":"","overlay-opacity":"","overlay-gradient":""},"mobile":{"background-color":"","background-image":"","background-repeat":"repeat","background-position":"center center","background-size":"auto","background-attachment":"scroll","background-type":"","background-media":"","overlay-type":"","overlay-color":"","overlay-opacity":"","overlay-gradient":""}},"ast-content-background-meta":{"desktop":{"background-color":"var(--ast-global-color-5)","background-image":"","background-repeat":"repeat","background-position":"center center","background-size":"auto","background-attachment":"scroll","background-type":"","background-media":"","overlay-type":"","overlay-color":"","overlay-opacity":"","overlay-gradient":""},"tablet":{"background-color":"var(--ast-global-color-5)","background-image":"","background-repeat":"repeat","background-position":"center center","background-size":"auto","background-attachment":"scroll","background-type":"","background-media":"","overlay-type":"","overlay-color":"","overlay-opacity":"","overlay-gradient":""},"mobile":{"background-color":"var(--ast-global-color-5)","background-image":"","background-repeat":"repeat","background-position":"center center","background-size":"auto","background-attachment":"scroll","background-type":"","background-media":"","overlay-type":"","overlay-color":"","overlay-opacity":"","overlay-gradient":""}}},"product_brand":[],"product_cat":[129],"product_tag":[],"class_list":{"0":"post-17293","1":"product","2":"type-product","3":"status-publish","4":"has-post-thumbnail","6":"product_cat-fiber-recycling-machine","7":"desktop-align-center","8":"tablet-align-center","9":"mobile-align-center","11":"first","12":"instock","13":"shipping-taxable","14":"product-type-simple"},"_links":{"self":[{"href":"https:\/\/recyclingequipinc.com\/sw\/wp-json\/wp\/v2\/product\/17293","targetHints":{"allow":["GET"]}}],"collection":[{"href":"https:\/\/recyclingequipinc.com\/sw\/wp-json\/wp\/v2\/product"}],"about":[{"href":"https:\/\/recyclingequipinc.com\/sw\/wp-json\/wp\/v2\/types\/product"}],"version-history":[{"count":0,"href":"https:\/\/recyclingequipinc.com\/sw\/wp-json\/wp\/v2\/product\/17293\/revisions"}],"wp:featuredmedia":[{"embeddable":true,"href":"https:\/\/recyclingequipinc.com\/sw\/wp-json\/wp\/v2\/media\/17297"}],"wp:attachment":[{"href":"https:\/\/recyclingequipinc.com\/sw\/wp-json\/wp\/v2\/media?parent=17293"}],"wp:term":[{"taxonomy":"product_brand","embeddable":true,"href":"https:\/\/recyclingequipinc.com\/sw\/wp-json\/wp\/v2\/product_brand?post=17293"},{"taxonomy":"product_cat","embeddable":true,"href":"https:\/\/recyclingequipinc.com\/sw\/wp-json\/wp\/v2\/product_cat?post=17293"},{"taxonomy":"product_tag","embeddable":true,"href":"https:\/\/recyclingequipinc.com\/sw\/wp-json\/wp\/v2\/product_tag?post=17293"}],"curies":[{"name":"wp","href":"https:\/\/api.w.org\/{rel}","templated":true}]}}