{"id":17268,"date":"2025-05-26T14:37:26","date_gmt":"2025-05-26T06:37:26","guid":{"rendered":"https:\/\/recyclingequipinc.com\/?post_type=product&#038;p=17268"},"modified":"2025-05-26T14:38:27","modified_gmt":"2025-05-26T06:38:27","slug":"mining-tire-recycling-machine","status":"publish","type":"product","link":"https:\/\/recyclingequipinc.com\/sw\/product\/mining-tire-recycling-machine\/","title":{"rendered":"Maskin f\u00f6r \u00e5tervinning av d\u00e4ck f\u00f6r gruvdrift till salu | OTR-d\u00e4ckavfall"},"content":{"rendered":"<p>Ili kama kilimo, madini, na sekta nyingine zimeendelea, idadi ya matairi ya OTR yaliyotupwa imeongezeka kwa kiasi kikubwa. Ingawa matairi ya madini yaliyotupwa yana thamani kubwa ya kurejelewa, ni vigumu kuyashughulikia moja kwa moja kutokana na ukubwa wao mkubwa na muundo thabiti. Mashine za kurejeleza matairi ya madini za Shuliy zinaweza kushughulikia matairi makubwa ya OTR yenye ukubwa zaidi ya 1400 mm ili kupata poda ya goma inayoweza kubadilishwa katika ukubwa wa 10 hadi 40 mesh, rim za chuma, na nyuzi za nylon kwa ajili ya matumizi tena.<\/p> <figure id=\"attachment_17275\" aria-describedby=\"caption-attachment-17275\" style=\"width: 720px\" class=\"wp-caption aligncenter\"><img fetchpriority=\"high\" decoding=\"async\" class=\"wp-image-17275 size-full\" src=\"https:\/\/recyclingequipinc.com\/wp-content\/uploads\/2025\/05\/mining-tire-recycling-line.webp\" alt=\"\u00e5tervinningslinje f\u00f6r gruvd\u00e4ck\" width=\"720\" height=\"540\" srcset=\"https:\/\/recyclingequipinc.com\/wp-content\/uploads\/2025\/05\/mining-tire-recycling-line.webp 720w, https:\/\/recyclingequipinc.com\/wp-content\/uploads\/2025\/05\/mining-tire-recycling-line-300x225.webp 300w, https:\/\/recyclingequipinc.com\/wp-content\/uploads\/2025\/05\/mining-tire-recycling-line-16x12.webp 16w\" sizes=\"(max-width: 720px) 100vw, 720px\" \/><figcaption id=\"caption-attachment-17275\" class=\"wp-caption-text\">\u00e5tervinningslinje f\u00f6r gruvd\u00e4ck<\/figcaption><\/figure> <h2>Roll av Shuliy gruvd\u00e4ck \u00e5tervinningsmaskiner<\/h2> <p>Hiki hii ya kurejeleza matairi ya uchimbaji ni sawa kwa matairi yote makubwa yenye kipenyo zaidi ya 1400 mm, ikiwa ni pamoja na matairi ya uchimbaji, matairi ya mashine za ardhi, matairi ya wasafirishaji, n.k. Kupitia mchakato wa kuvunjika, kusagwa, kusaga, na kuchuja, poda ya goma nzuri na sawa inapatikana. Poda hizi zinatumika sana katika utengenezaji wa marekebisho ya lami, matairi yaliyorejelewa, mat, na bidhaa nyingine za goma. Ufinyu wa poda ya goma unaweza kubadilishwa kutoka 10 hadi 40 mesh kulingana na mahitaji.<\/p> <div id='gallery-1' class='gallery galleryid-17268 gallery-columns-3 gallery-size-full'><figure class='gallery-item'> \t\t\t<div class='gallery-icon landscape'> \t\t\t\t<a href='https:\/\/recyclingequipinc.com\/sw\/?attachment_id=17278'><img decoding=\"async\" width=\"720\" height=\"540\" src=\"https:\/\/recyclingequipinc.com\/wp-content\/uploads\/2025\/05\/OTR-mining-tires.webp\" class=\"attachment-full size-full\" alt=\"OTR-gruvd\u00e4ck\" aria-describedby=\"gallery-1-17278\" srcset=\"https:\/\/recyclingequipinc.com\/wp-content\/uploads\/2025\/05\/OTR-mining-tires.webp 720w, https:\/\/recyclingequipinc.com\/wp-content\/uploads\/2025\/05\/OTR-mining-tires-300x225.webp 300w, https:\/\/recyclingequipinc.com\/wp-content\/uploads\/2025\/05\/OTR-mining-tires-16x12.webp 16w\" sizes=\"(max-width: 720px) 100vw, 720px\" \/><\/a> \t\t\t<\/div> \t\t\t\t<figcaption class='wp-caption-text gallery-caption' id='gallery-1-17278'> \t\t\t\tOTR-gruvd\u00e4ck \t\t\t\t<\/figcaption><\/figure><figure class='gallery-item'> \t\t\t<div class='gallery-icon landscape'> \t\t\t\t<a href='https:\/\/recyclingequipinc.com\/sw\/?attachment_id=17281'><img decoding=\"async\" width=\"720\" height=\"540\" src=\"https:\/\/recyclingequipinc.com\/wp-content\/uploads\/2025\/05\/Taller-than-human-large-mining-tires.webp\" class=\"attachment-full size-full\" alt=\"St\u00f6rre \u00e4n m\u00e4nskliga stora gruvd\u00e4ck\" aria-describedby=\"gallery-1-17281\" srcset=\"https:\/\/recyclingequipinc.com\/wp-content\/uploads\/2025\/05\/Taller-than-human-large-mining-tires.webp 720w, https:\/\/recyclingequipinc.com\/wp-content\/uploads\/2025\/05\/Taller-than-human-large-mining-tires-300x225.webp 300w, https:\/\/recyclingequipinc.com\/wp-content\/uploads\/2025\/05\/Taller-than-human-large-mining-tires-16x12.webp 16w\" sizes=\"(max-width: 720px) 100vw, 720px\" \/><\/a> \t\t\t<\/div> \t\t\t\t<figcaption class='wp-caption-text gallery-caption' id='gallery-1-17281'> \t\t\t\tSt\u00f6rre \u00e4n m\u00e4nskliga stora gruvd\u00e4ck \t\t\t\t<\/figcaption><\/figure><figure class='gallery-item'> \t\t\t<div class='gallery-icon landscape'> \t\t\t\t<a href='https:\/\/recyclingequipinc.com\/sw\/?attachment_id=17274'><img loading=\"lazy\" decoding=\"async\" width=\"720\" height=\"540\" src=\"https:\/\/recyclingequipinc.com\/wp-content\/uploads\/2025\/05\/gaint-tires.webp\" class=\"attachment-full size-full\" alt=\"Gigantiska d\u00e4ck\" aria-describedby=\"gallery-1-17274\" srcset=\"https:\/\/recyclingequipinc.com\/wp-content\/uploads\/2025\/05\/gaint-tires.webp 720w, https:\/\/recyclingequipinc.com\/wp-content\/uploads\/2025\/05\/gaint-tires-300x225.webp 300w, https:\/\/recyclingequipinc.com\/wp-content\/uploads\/2025\/05\/gaint-tires-16x12.webp 16w\" sizes=\"(max-width: 720px) 100vw, 720px\" \/><\/a> \t\t\t<\/div> \t\t\t\t<figcaption class='wp-caption-text gallery-caption' id='gallery-1-17274'> \t\t\t\tGigantiska d\u00e4ck \t\t\t\t<\/figcaption><\/figure> \t\t<\/div>  <p>Dessutom separeras st\u00e5ltr\u00e5d och fiber effektivt under hela produktionen av d\u00e4ckpulver. Dessa material kan anv\u00e4ndas som r\u00e5material f\u00f6r st\u00e5lproduktion och som alternativa br\u00e4nslen, respektive. Detta f\u00f6rb\u00e4ttrar avsev\u00e4rt resursutnyttjandegraden och det ekonomiska v\u00e4rdet av avfall OTR-d\u00e4ck.<\/p> <figure id=\"attachment_17282\" aria-describedby=\"caption-attachment-17282\" style=\"width: 1120px\" class=\"wp-caption aligncenter\"><img loading=\"lazy\" decoding=\"async\" class=\"wp-image-17282 size-full\" src=\"https:\/\/recyclingequipinc.com\/wp-content\/uploads\/2025\/05\/wide-applications-of-recycled-materials-from-OTR-tires.webp\" alt=\"Breda till\u00e4mpningar av \u00e5tervunna material fr\u00e5n OTR-d\u00e4ck\" width=\"1120\" height=\"200\" srcset=\"https:\/\/recyclingequipinc.com\/wp-content\/uploads\/2025\/05\/wide-applications-of-recycled-materials-from-OTR-tires.webp 1120w, https:\/\/recyclingequipinc.com\/wp-content\/uploads\/2025\/05\/wide-applications-of-recycled-materials-from-OTR-tires-300x54.webp 300w, https:\/\/recyclingequipinc.com\/wp-content\/uploads\/2025\/05\/wide-applications-of-recycled-materials-from-OTR-tires-1024x183.webp 1024w, https:\/\/recyclingequipinc.com\/wp-content\/uploads\/2025\/05\/wide-applications-of-recycled-materials-from-OTR-tires-768x137.webp 768w, https:\/\/recyclingequipinc.com\/wp-content\/uploads\/2025\/05\/wide-applications-of-recycled-materials-from-OTR-tires-18x3.webp 18w, https:\/\/recyclingequipinc.com\/wp-content\/uploads\/2025\/05\/wide-applications-of-recycled-materials-from-OTR-tires-750x134.webp 750w\" sizes=\"(max-width: 1120px) 100vw, 1120px\" \/><figcaption id=\"caption-attachment-17282\" class=\"wp-caption-text\">Breda till\u00e4mpningar av \u00e5tervunna material fr\u00e5n OTR-d\u00e4ck<\/figcaption><\/figure> <h2>F\u00f6rdelar med v\u00e5r utrustning f\u00f6r \u00e5tervinning av gruvd\u00e4ck<\/h2> <ul> <li>Med stark anpassningsf\u00f6rm\u00e5ga och bred till\u00e4mpning \u00e4r den l\u00e4mplig f\u00f6r alla OTR-d\u00e4ck med en diameter st\u00f6rre \u00e4n 1400 mm.<\/li> <li>Kila mashine imejengwa kwa viwango vya viwanda vizito ikiwa na muundo thabiti, vifaa vinavyostahimili kuvaa, uwezo mzito wa kupakia, na ufanisi wa juu wa uendeshaji.<\/li> <li>Fineness av gummipulver kan justeras fr\u00e5n 10 till 40 mesh f\u00f6r att m\u00f6ta olika produktionskrav.<\/li> <li>Den separerar mycket effektivt st\u00e5ltr\u00e5d och fiberf\u00f6roreningar, och gummipulvret \u00e4r 99 % rent eller mer.<\/li> <li>Den har l\u00e5g energif\u00f6rbrukning och f\u00f6ljer standarder f\u00f6r milj\u00f6skydd och energibesparing.<\/li> <\/ul> <p>&nbsp;<\/p> <h2>Tv\u00e5 helt automatiska gummikraftproduktionslinjer<\/h2> <p>Ili kukidhi kikamilifu mahitaji ya kurejeleza matairi ya OTR ya ukubwa tofauti, Shuliy inatoa njia mbili za usindikaji: \"Kuvuta Nyaya-Kukata-Kusaga-Kusaga\" inatumika kwa matairi ya ukubwa wa kati (1400-4000 mm), wakati \"Kuvunjika-Kukata-Kusaga\" inatumika kwa matairi makubwa yasiyovunjika (\u22652100 mm). Pia kuna chaguzi za kubadilika zinazopatikana ili kukidhi mahitaji mbalimbali ya uzalishaji.<\/p> <h3><span style=\"font-size: 14pt;\">Linje f\u00f6r \u00e5tervinning av OTR-d\u00e4ck f\u00f6r d\u00e4ck p\u00e5 1400-4000 mm<\/span><\/h3> <figure id=\"attachment_17277\" aria-describedby=\"caption-attachment-17277\" style=\"width: 720px\" class=\"wp-caption alignleft\"><img loading=\"lazy\" decoding=\"async\" class=\"wp-image-17277 size-full\" src=\"https:\/\/recyclingequipinc.com\/wp-content\/uploads\/2025\/05\/mining-tire-recycling-solution-1.webp\" alt=\"l\u00f6sning f\u00f6r \u00e5tervinning av gruvd\u00e4ck 1\" width=\"720\" height=\"540\" srcset=\"https:\/\/recyclingequipinc.com\/wp-content\/uploads\/2025\/05\/mining-tire-recycling-solution-1.webp 720w, https:\/\/recyclingequipinc.com\/wp-content\/uploads\/2025\/05\/mining-tire-recycling-solution-1-300x225.webp 300w, https:\/\/recyclingequipinc.com\/wp-content\/uploads\/2025\/05\/mining-tire-recycling-solution-1-16x12.webp 16w\" sizes=\"(max-width: 720px) 100vw, 720px\" \/><figcaption id=\"caption-attachment-17277\" class=\"wp-caption-text\">l\u00f6sning f\u00f6r \u00e5tervinning av gruvd\u00e4ck 1<\/figcaption><\/figure> <p>&nbsp;<\/p> <p>Involverade maskiner f\u00f6r \u00e5tervinning av gruvd\u00e4ck:<br \/> OTR-d\u00e4ckavsk\u00e4rare, OTR-d\u00e4cksk\u00e4rare, gummid\u00e4ckssk\u00e4rare, d\u00e4ckkross &amp; magnetseparator<\/p> <p>Arbetsfl\u00f6de:<\/p> <ol> <li>OTR-d\u00e4ckdragmaskinen tar effektivt bort sidov\u00e4ggsrim med hj\u00e4lp av ett kraftfullt hydrauliskt system och gripanordning.<\/li> <li>Gummid\u00e4cket, med sina rim borttagna, delas upp i l\u00e4ttskurna segment av en avsk\u00e4rare.<\/li> <li>D\u00e4cksk\u00e4raren krossar kraftfullt d\u00e4ck till sm\u00e5, enhetliga bitar som m\u00e4ter 50-100 mm med hj\u00e4lp av en h\u00f6gvarvig roterande sk\u00e4rare.<\/li> <li>Kusaga rolla mbili na kutumia vifaa vya uchujaji wa tabaka nyingi na kutenganisha kwa sumaku, inatoa poda ya mpira kulingana na ukubwa ulioainishwa, ikipata uainishaji sahihi.<\/li> <li>Separator fiber inatenganisha kwa ufanisi uchafu wa nyuzi kwa kutumia upasuaji wa hewa.<\/li> <\/ol> <p>&nbsp;<\/p> <p>&nbsp;<\/p> <figure id=\"attachment_17276\" aria-describedby=\"caption-attachment-17276\" style=\"width: 720px\" class=\"wp-caption alignleft\"><img loading=\"lazy\" decoding=\"async\" class=\"wp-image-17276 size-full\" src=\"https:\/\/recyclingequipinc.com\/wp-content\/uploads\/2025\/05\/mining-tire-recycling-plant-2.webp\" alt=\"fabrika ya kusindika matairi ya madini 2\" width=\"720\" height=\"540\" srcset=\"https:\/\/recyclingequipinc.com\/wp-content\/uploads\/2025\/05\/mining-tire-recycling-plant-2.webp 720w, https:\/\/recyclingequipinc.com\/wp-content\/uploads\/2025\/05\/mining-tire-recycling-plant-2-300x225.webp 300w, https:\/\/recyclingequipinc.com\/wp-content\/uploads\/2025\/05\/mining-tire-recycling-plant-2-16x12.webp 16w\" sizes=\"(max-width: 720px) 100vw, 720px\" \/><figcaption id=\"caption-attachment-17276\" class=\"wp-caption-text\">fabrika ya kusindika matairi ya madini 2<\/figcaption><\/figure> <p>&nbsp;<\/p> <p>Ushiriki wa vifaa vya kuchakata matairi ya OTR: mashine ya kubomoa matairi ya OTR, separator wa waya wa chuma wa OTR, mashine ya kukata matairi, mashine ya kusaga matairi na kutenganisha kwa sumaku.<\/p> <p>Arbetsfl\u00f6de:<\/p> <ol> <li>Mashine ya kubomoa OTR inavunja haraka matairi makubwa kuwa sehemu za juu, ukuta wa upande, na casing kwa kutumia visu zenye nguvu na zinazoweza kubadilishwa.<\/li> <li>Separator bead ya OTR inatenganisha kwa ufanisi na kikamilifu mipira iliyozungukwa kwenye casing.<\/li> <li>Blok za matairi ambazo bead zimeondolewa zinapelekwa kwenye mashine ya kusaga matairi kwa kusaga kwa usawa.<\/li> <li>Mfumo wa kusaga na kuchuja matairi unaruhusu kusaga kwa ufanisi na kuondoa vizuizi vya goma.<\/li> <li>mchambuzi wa nyuzi hutenganisha nyuzi.<\/li> <\/ol> <p>&nbsp;<\/p> <p>&nbsp;<\/p> <p>&nbsp;<\/p> <h2>Professionella maskiner f\u00f6r \u00e5tervinning av d\u00e4ck f\u00f6r gruvdrift till salu<\/h2> <p>Ili gruznja, in\u017eenjering, transport i druge te\u0161ke industrije nastavljaju da se razvijaju, upotreba OTR guma raste. Njihova velika veli\u010dina i nedegredabilne karakteristike predstavljaju va\u017ene izazove za upravljanje \u017eivotnom sredinom i resursima. Istovremeno, tr\u017ei\u0161te recikla\u017ee OTR guma stvara nevi\u0111ene poslovne prilike dok zemlje ja\u010daju politi\u010dku podr\u0161ku za recikla\u017eu kori\u0161\u0107enih guma.<\/p> <p>Shuliy inajitolea kutoa wateja wetu wa kimataifa suluhisho za urekebishaji wa matairi ya OTR zenye ufanisi na rafiki kwa mazingira. Tunatoa mipangilio ya vifaa iliyobinafsishwa na kufunika mchakato mzima, kuanzia upangaji wa tovuti na ufungaji wa mlango hadi mlango hadi mafunzo ya kiufundi na dhamana ya bure ya mwaka mmoja. Hii inawasaidia wateja wetu kuanza uzalishaji haraka na kuzalisha faida thabiti. Vifaa vyetu vimepelekwa Canada, Australia, Kenya, na nchi nyingine na vimepokelewa kwa sifa nyingi.<\/p> <p>Tafadhali jisikie huru kutuandikia leo kwa pendekezo na nukuu ikiwa unataka kuchukua uongozi katika soko la urejeleaji wa matairi ya OTR. Shuliy \u2014 mshirika wako wa kuaminika katika vifaa vya urejeleaji!<\/p> <div id='gallery-2' class='gallery galleryid-17268 gallery-columns-2 gallery-size-full'><figure class='gallery-item'> \t\t\t<div class='gallery-icon landscape'> \t\t\t\t<a href='https:\/\/recyclingequipinc.com\/sw\/?attachment_id=17280'><img loading=\"lazy\" decoding=\"async\" width=\"720\" height=\"540\" src=\"https:\/\/recyclingequipinc.com\/wp-content\/uploads\/2025\/05\/Sapin-customers-visit-Shuliy.webp\" class=\"attachment-full size-full\" alt=\"Wateja wa Uhispania watembelea Shuliy\" aria-describedby=\"gallery-2-17280\" srcset=\"https:\/\/recyclingequipinc.com\/wp-content\/uploads\/2025\/05\/Sapin-customers-visit-Shuliy.webp 720w, https:\/\/recyclingequipinc.com\/wp-content\/uploads\/2025\/05\/Sapin-customers-visit-Shuliy-300x225.webp 300w, https:\/\/recyclingequipinc.com\/wp-content\/uploads\/2025\/05\/Sapin-customers-visit-Shuliy-16x12.webp 16w\" sizes=\"(max-width: 720px) 100vw, 720px\" \/><\/a> \t\t\t<\/div> \t\t\t\t<figcaption class='wp-caption-text gallery-caption' id='gallery-2-17280'> \t\t\t\tWateja wa Uhispania watembelea Shuliy \t\t\t\t<\/figcaption><\/figure><figure class='gallery-item'> \t\t\t<div class='gallery-icon landscape'> \t\t\t\t<a href='https:\/\/recyclingequipinc.com\/sw\/?attachment_id=17272'><img loading=\"lazy\" decoding=\"async\" width=\"720\" height=\"540\" src=\"https:\/\/recyclingequipinc.com\/wp-content\/uploads\/2025\/05\/Austrialian-clients-visit-tire-recycling-machines.webp\" class=\"attachment-full size-full\" alt=\"Wateja wa Australia watembelea mashine za kusindika matairi\" aria-describedby=\"gallery-2-17272\" srcset=\"https:\/\/recyclingequipinc.com\/wp-content\/uploads\/2025\/05\/Austrialian-clients-visit-tire-recycling-machines.webp 720w, https:\/\/recyclingequipinc.com\/wp-content\/uploads\/2025\/05\/Austrialian-clients-visit-tire-recycling-machines-300x225.webp 300w, https:\/\/recyclingequipinc.com\/wp-content\/uploads\/2025\/05\/Austrialian-clients-visit-tire-recycling-machines-16x12.webp 16w\" sizes=\"(max-width: 720px) 100vw, 720px\" \/><\/a> \t\t\t<\/div> \t\t\t\t<figcaption class='wp-caption-text gallery-caption' id='gallery-2-17272'> \t\t\t\tWateja wa Australia watembelea mashine za kusindika matairi \t\t\t\t<\/figcaption><\/figure> \t\t<\/div>","protected":false},"excerpt":{"rendered":"<p>Mashine za recycling za matairi ya madini ya Shuliy zimeundwa mahsusi kushughulikia matairi makubwa ya OTR (\u22651400 mm) na kutoa poda ya goma ya ubora wa juu (10-40 mesh). Inatoa suluhisho la moja kwa moja kwa utupaji wa matairi ya OTR.<\/p>","protected":false},"featured_media":17277,"template":"","meta":{"site-sidebar-layout":"default","site-content-layout":"","ast-site-content-layout":"default","site-content-style":"default","site-sidebar-style":"default","ast-global-header-display":"","ast-banner-title-visibility":"","ast-main-header-display":"","ast-hfb-above-header-display":"","ast-hfb-below-header-display":"","ast-hfb-mobile-header-display":"","site-post-title":"","ast-breadcrumbs-content":"","ast-featured-img":"","footer-sml-layout":"","ast-disable-related-posts":"","theme-transparent-header-meta":"default","adv-header-id-meta":"","stick-header-meta":"","header-above-stick-meta":"","header-main-stick-meta":"","header-below-stick-meta":"","astra-migrate-meta-layouts":"set","ast-page-background-enabled":"default","ast-page-background-meta":{"desktop":{"background-color":"","background-image":"","background-repeat":"repeat","background-position":"center center","background-size":"auto","background-attachment":"scroll","background-type":"","background-media":"","overlay-type":"","overlay-color":"","overlay-opacity":"","overlay-gradient":""},"tablet":{"background-color":"","background-image":"","background-repeat":"repeat","background-position":"center center","background-size":"auto","background-attachment":"scroll","background-type":"","background-media":"","overlay-type":"","overlay-color":"","overlay-opacity":"","overlay-gradient":""},"mobile":{"background-color":"","background-image":"","background-repeat":"repeat","background-position":"center center","background-size":"auto","background-attachment":"scroll","background-type":"","background-media":"","overlay-type":"","overlay-color":"","overlay-opacity":"","overlay-gradient":""}},"ast-content-background-meta":{"desktop":{"background-color":"var(--ast-global-color-5)","background-image":"","background-repeat":"repeat","background-position":"center center","background-size":"auto","background-attachment":"scroll","background-type":"","background-media":"","overlay-type":"","overlay-color":"","overlay-opacity":"","overlay-gradient":""},"tablet":{"background-color":"var(--ast-global-color-5)","background-image":"","background-repeat":"repeat","background-position":"center center","background-size":"auto","background-attachment":"scroll","background-type":"","background-media":"","overlay-type":"","overlay-color":"","overlay-opacity":"","overlay-gradient":""},"mobile":{"background-color":"var(--ast-global-color-5)","background-image":"","background-repeat":"repeat","background-position":"center center","background-size":"auto","background-attachment":"scroll","background-type":"","background-media":"","overlay-type":"","overlay-color":"","overlay-opacity":"","overlay-gradient":""}}},"product_brand":[],"product_cat":[128],"product_tag":[],"class_list":{"0":"post-17268","1":"product","2":"type-product","3":"status-publish","4":"has-post-thumbnail","6":"product_cat-tire-recycling-machine","7":"desktop-align-center","8":"tablet-align-center","9":"mobile-align-center","11":"first","12":"instock","13":"shipping-taxable","14":"product-type-simple"},"_links":{"self":[{"href":"https:\/\/recyclingequipinc.com\/sw\/wp-json\/wp\/v2\/product\/17268","targetHints":{"allow":["GET"]}}],"collection":[{"href":"https:\/\/recyclingequipinc.com\/sw\/wp-json\/wp\/v2\/product"}],"about":[{"href":"https:\/\/recyclingequipinc.com\/sw\/wp-json\/wp\/v2\/types\/product"}],"version-history":[{"count":0,"href":"https:\/\/recyclingequipinc.com\/sw\/wp-json\/wp\/v2\/product\/17268\/revisions"}],"wp:featuredmedia":[{"embeddable":true,"href":"https:\/\/recyclingequipinc.com\/sw\/wp-json\/wp\/v2\/media\/17277"}],"wp:attachment":[{"href":"https:\/\/recyclingequipinc.com\/sw\/wp-json\/wp\/v2\/media?parent=17268"}],"wp:term":[{"taxonomy":"product_brand","embeddable":true,"href":"https:\/\/recyclingequipinc.com\/sw\/wp-json\/wp\/v2\/product_brand?post=17268"},{"taxonomy":"product_cat","embeddable":true,"href":"https:\/\/recyclingequipinc.com\/sw\/wp-json\/wp\/v2\/product_cat?post=17268"},{"taxonomy":"product_tag","embeddable":true,"href":"https:\/\/recyclingequipinc.com\/sw\/wp-json\/wp\/v2\/product_tag?post=17268"}],"curies":[{"name":"wp","href":"https:\/\/api.w.org\/{rel}","templated":true}]}}