{"id":17256,"date":"2025-05-20T15:40:48","date_gmt":"2025-05-20T07:40:48","guid":{"rendered":"https:\/\/recyclingequipinc.com\/?post_type=product&#038;p=17256"},"modified":"2025-05-20T15:40:48","modified_gmt":"2025-05-20T07:40:48","slug":"rubber-powder-production-line","status":"publish","type":"product","link":"https:\/\/recyclingequipinc.com\/sw\/product\/rubber-powder-production-line\/","title":{"rendered":"Helt automatisk gummipulverproduktionslinje"},"content":{"rendered":"<p>Ili sekta ya magari inavyoendelea, idadi ya matairi ya taka inaongezeka, na kufanya recyling ya matairi kuwa mradi maarufu. Mashine za Shuliy zimeendeleza aina tatu za mistari ya uzalishaji wa poda ya mpira yenye automatisering kamili ambayo inaweza kubadilisha kwa ufanisi matairi ya taka kuwa poda ya mpira, ikisaidia waondoa taka za matairi duniani kote kuendesha biashara zenye faida na rafiki kwa mazingira.<\/p> <div class=\"ast-oembed-container\" style=\"height: 100%;\"><iframe title=\"Hizi ni Mstari wa Urejelezaji wa Matairi wa Kiotomatiki Kamili Katika Hatua | Uzalishaji wa Poda ya Kanga ya Ufanisi wa Juu\" width=\"500\" height=\"281\" src=\"https:\/\/www.youtube.com\/embed\/vPOWjr2Om_E?feature=oembed\" frameborder=\"0\" allow=\"accelerometer; autoplay; clipboard-write; encrypted-media; gyroscope; picture-in-picture; web-share\" referrerpolicy=\"strict-origin-when-cross-origin\" allowfullscreen><\/iframe><\/div> <h2>Till\u00e4mpning av automatiska d\u00e4ck\u00e5tervinningslinjer<\/h2> <p>Hizi mistari zinafaa kwa usindikaji wa matairi yenye kipenyo cha hadi 1200 mm kwa kuondoa, kukata, na kusaga. Mchakato huu unatoa nyuzi za chuma, poda za goma, na nyuzi za nylon ndani ya matairi ya taka, ambazo zinaweza kupangwa na kurejelewa.<\/p> <p>Denna mycket effektiva, arbetsbesparande, helt automatiska d\u00e4ck\u00e5tervinningslinje rekommenderas f\u00f6r medelstora och stora f\u00f6retag.<\/p> <figure id=\"attachment_17266\" aria-describedby=\"caption-attachment-17266\" style=\"width: 720px\" class=\"wp-caption aligncenter\"><img fetchpriority=\"high\" decoding=\"async\" class=\"wp-image-17266 size-full\" src=\"https:\/\/recyclingequipinc.com\/wp-content\/uploads\/2025\/05\/what-can-you-get-with-Shuliy-rubber-powder-production-lines.webp\" alt=\"vad kan du f\u00e5 med Shuliy gummipulverproduktionslinjer\" width=\"720\" height=\"540\" srcset=\"https:\/\/recyclingequipinc.com\/wp-content\/uploads\/2025\/05\/what-can-you-get-with-Shuliy-rubber-powder-production-lines.webp 720w, https:\/\/recyclingequipinc.com\/wp-content\/uploads\/2025\/05\/what-can-you-get-with-Shuliy-rubber-powder-production-lines-300x225.webp 300w, https:\/\/recyclingequipinc.com\/wp-content\/uploads\/2025\/05\/what-can-you-get-with-Shuliy-rubber-powder-production-lines-16x12.webp 16w\" sizes=\"(max-width: 720px) 100vw, 720px\" \/><figcaption id=\"caption-attachment-17266\" class=\"wp-caption-text\">vad kan du f\u00e5 med Shuliy gummipulverproduktionslinjer<\/figcaption><\/figure> <h2>K\u00e4rnf\u00f6rdelar med de helt automatiska gummipulverproduktionslinjerna<\/h2> <ul style=\"list-style-type: circle;\"> <li><strong>Ufanisi wa juu:<\/strong> hadi tani 18 za poda ya kautiki kwa siku.<\/li> <li><strong>Bidhaa za mwisho za ubora wa juu:<\/strong> renheten av det f\u00e4rdiga gummipulvret \u00e4r minst 99%, vilket ger ett h\u00f6gt merv\u00e4rde.<\/li> <li><strong>Uwezo wa kubadilika:<\/strong> ett urval av program att v\u00e4lja mellan, med justerbar finhet av gummipulver.<\/li> <li><strong>Skydd av milj\u00f6n:<\/strong> l\u00e5g energif\u00f6rbrukning och \u00f6verensst\u00e4mmelse med Europeiska unionens CE-standarder och dammemissionsstandarder.<\/li> <\/ul> <h2>Tre typer av gummipulverproduktionslinjer<\/h2> <h3><span style=\"font-size: 14pt;\">D\u00e4ck\u00e5tervinningsl\u00f6sning 1:\u00a0<\/span><\/h3> <figure id=\"attachment_17260\" aria-describedby=\"caption-attachment-17260\" style=\"width: 720px\" class=\"wp-caption alignleft\"><img decoding=\"async\" class=\"wp-image-17260 size-full\" src=\"https:\/\/recyclingequipinc.com\/wp-content\/uploads\/2025\/05\/automatic-rubber-powder-production-line.webp\" alt=\"automatisk gummipulverproduktionslinje\" width=\"720\" height=\"540\" srcset=\"https:\/\/recyclingequipinc.com\/wp-content\/uploads\/2025\/05\/automatic-rubber-powder-production-line.webp 720w, https:\/\/recyclingequipinc.com\/wp-content\/uploads\/2025\/05\/automatic-rubber-powder-production-line-300x225.webp 300w, https:\/\/recyclingequipinc.com\/wp-content\/uploads\/2025\/05\/automatic-rubber-powder-production-line-16x12.webp 16w\" sizes=\"(max-width: 720px) 100vw, 720px\" \/><figcaption id=\"caption-attachment-17260\" class=\"wp-caption-text\">automatisk gummipulverproduktionslinje<\/figcaption><\/figure> <p>&nbsp;<\/p> <p class=\"translation-block\"><strong>Inkluderar utrustning: <\/strong>d\u00e4ckavskalarmaskin, d\u00e4cksk\u00e4rmaskin, d\u00e4ckshredder, d\u00e4ckmalande och screeningsystem<\/p> <p class=\"translation-block\"><strong style=\"font-size: 16px\">Detaljerad arbetsprocess:<\/strong><\/p> <ol> <li>D\u00e4ckavskrapningsmaskinen drar ut st\u00e5lrimarna fr\u00e5n de inre rimarna av d\u00e4cken med hj\u00e4lp av en stark hydraulisk draganordning.<\/li> <li>Maskin f\u00f6r d\u00e4cksk\u00e4rning sk\u00e4r sedan d\u00e4cken i tv\u00e5 eller tre bitar, vilket g\u00f6r dem l\u00e4tta att l\u00e4gga in i krossen f\u00f6r bearbetning.<\/li> <li>D\u00e4ckkrossen krossar d\u00e4ck till sm\u00e5, enhetliga bitar, vilket \u00f6kar effektiviteten i efterf\u00f6ljande malning.<\/li> <li>Linia ya utengenezaji wa poda ya mpira inazalisha poda ya mpira ya ubora wa juu yenye ufinyu unaoweza kubadilishwa wa 10\u201340 mesh kupitia michakato kama vile kusaga kwa roller mbili, uchujaji wa skrini inayotetemeka, na kutenganisha kwa sumaku.<\/li> <\/ol> <ol style=\"list-style-type: lower-alpha;\"> <li style=\"list-style-type: none;\"><\/li> <\/ol> <p>&nbsp;<\/p> <p>&nbsp;<\/p> <p>&nbsp;<\/p> <h3><span style=\"font-size: 14pt;\">\u00c5tervinningsanl\u00e4ggning f\u00f6r avfall d\u00e4ck 2:<\/span><\/h3> <figure id=\"attachment_17261\" aria-describedby=\"caption-attachment-17261\" style=\"width: 720px\" class=\"wp-caption alignleft\"><img decoding=\"async\" class=\"wp-image-17261 size-full\" src=\"https:\/\/recyclingequipinc.com\/wp-content\/uploads\/2025\/05\/fully-automatic-waste-tire-recycling-line.webp\" alt=\"helautomatiserad \u00e5tervinningslinje f\u00f6r avfallsgummi\" width=\"720\" height=\"540\" srcset=\"https:\/\/recyclingequipinc.com\/wp-content\/uploads\/2025\/05\/fully-automatic-waste-tire-recycling-line.webp 720w, https:\/\/recyclingequipinc.com\/wp-content\/uploads\/2025\/05\/fully-automatic-waste-tire-recycling-line-300x225.webp 300w, https:\/\/recyclingequipinc.com\/wp-content\/uploads\/2025\/05\/fully-automatic-waste-tire-recycling-line-16x12.webp 16w\" sizes=\"(max-width: 720px) 100vw, 720px\" \/><figcaption id=\"caption-attachment-17261\" class=\"wp-caption-text\">helautomatiserad \u00e5tervinningslinje f\u00f6r avfallsgummi<\/figcaption><\/figure> <p>&nbsp;<\/p> <p>&nbsp;<\/p> <p class=\"translation-block\"><strong>Inkluderar anl\u00e4ggning: <\/strong>d\u00e4cktr\u00e5davskiljare och klippmaskin, d\u00e4ckst\u00e5lvajerseparator, gummid\u00e4ckshredder, d\u00e4ckkrosslinje<\/p> <p class=\"translation-block\"><strong>Komplett arbetsprocess:<\/strong><\/p> <ol> <li>Mashine ya kuondoa na kukata bead ya tairi inatoa bead ya tairi inayoshikilia nyuzi za chuma na kukata tairi, ambayo kisha inaingia kwenye mashine ya kukata tairi kupitia ukanda wa kuhamasisha wa kiotomatiki.<\/li> <li>Separat\u00f6ren av st\u00e5ltr\u00e5d f\u00f6r d\u00e4ck separerar sedan gummit och st\u00e5ltr\u00e5darna i d\u00e4ckets kant, d\u00e4r gummidelen ocks\u00e5 kan l\u00e4ggas in i s\u00f6nderdelaren f\u00f6r bearbetning.<\/li> <li>Den kraftfulla krossen och malnings- och screeningssystemen krossar, maler och avl\u00e4gsnar f\u00f6roreningar fr\u00e5n gummit.<\/li> <li>Utmatning: Mycket ren gummipulver, vars finhet kan justeras med hj\u00e4lp av sk\u00e4rmen.<\/li> <\/ol> <p>&nbsp;<\/p> <p>&nbsp;<\/p> <h3><span style=\"font-size: 14pt;\">Linje ya Uzalishaji wa Poda ya Kautiki 3:<\/span><\/h3> <figure id=\"attachment_17264\" aria-describedby=\"caption-attachment-17264\" style=\"width: 720px\" class=\"wp-caption alignleft\"><img loading=\"lazy\" decoding=\"async\" class=\"wp-image-17264 size-full\" src=\"https:\/\/recyclingequipinc.com\/wp-content\/uploads\/2025\/05\/tire-recycling-plant.webp\" alt=\"D\u00e4ck\u00e5tervinningsanl\u00e4ggning\" width=\"720\" height=\"540\" srcset=\"https:\/\/recyclingequipinc.com\/wp-content\/uploads\/2025\/05\/tire-recycling-plant.webp 720w, https:\/\/recyclingequipinc.com\/wp-content\/uploads\/2025\/05\/tire-recycling-plant-300x225.webp 300w, https:\/\/recyclingequipinc.com\/wp-content\/uploads\/2025\/05\/tire-recycling-plant-16x12.webp 16w\" sizes=\"(max-width: 720px) 100vw, 720px\" \/><figcaption id=\"caption-attachment-17264\" class=\"wp-caption-text\">D\u00e4ck\u00e5tervinningsanl\u00e4ggning<\/figcaption><\/figure> <p>&nbsp;<\/p> <p>&nbsp;<\/p> <p>&nbsp;<\/p> <p class=\"translation-block\"><strong>Inkluderar maskiner:\u00a0<\/strong><\/p> <p>Industriell gummikross, d\u00e4ckgummimalare och magnetseparator.<\/p> <p class=\"translation-block\"><strong>Arbetsfl\u00f6de:<\/strong><\/p> <p>Tofauti na suluhu mbili zilizopita, suluhu hii ya urejeleaji wa matairi haitahitaji usindikaji wa awali. Tairi zima linaweza kuwekwa moja kwa moja kwenye mashine ya kukata matairi yenye nguvu kubwa, ikifuatiwa na kusaga kwa kina na kuchuja.<\/p> <p>&nbsp;<\/p> <p>&nbsp;<\/p> <p>&nbsp;<\/p> <p>&nbsp;<\/p> <p>&nbsp;<\/p> <h2>Framg\u00e5ngsrika fall om gummid\u00e4ckproduktionslinjer<\/h2> <p>Tumepeleka hapo awali mistari ya kutengeneza matairi kwa njia ya kiotomatiki nchini Kanada, Qatar, Afrika Kusini, India, na nchi nyingine, kusaidia kuanzisha viwanda vya kurejeleza matairi na kuboresha ufanisi duniani kote. Kwa mfano, baada ya kuanzisha mistari ya uzalishaji wa poda ya goma ya Shuliy 560# katika kiwanda cha Kanada, uzalishaji wake wa kila siku uliongezeka hadi tani 5, kuboresha sana ufanisi na faida.<\/p> <div id='gallery-1' class='gallery galleryid-17256 gallery-columns-3 gallery-size-thumbnail'><figure class='gallery-item'> \t\t\t<div class='gallery-icon landscape'> \t\t\t\t<a href='https:\/\/recyclingequipinc.com\/sw\/?attachment_id=17265'><img loading=\"lazy\" decoding=\"async\" width=\"150\" height=\"150\" src=\"https:\/\/recyclingequipinc.com\/wp-content\/uploads\/2025\/05\/tire-recycling-quipment-to-Canada-150x150.webp\" class=\"attachment-thumbnail size-thumbnail\" alt=\"d\u00e4ck\u00e5tervinningsutrustning till Kanada\" aria-describedby=\"gallery-1-17265\" srcset=\"https:\/\/recyclingequipinc.com\/wp-content\/uploads\/2025\/05\/tire-recycling-quipment-to-Canada-150x150.webp 150w, https:\/\/recyclingequipinc.com\/wp-content\/uploads\/2025\/05\/tire-recycling-quipment-to-Canada-100x100.webp 100w\" sizes=\"(max-width: 150px) 100vw, 150px\" \/><\/a> \t\t\t<\/div> \t\t\t\t<figcaption class='wp-caption-text gallery-caption' id='gallery-1-17265'> \t\t\t\td\u00e4ck\u00e5tervinningsutrustning till Kanada \t\t\t\t<\/figcaption><\/figure><figure class='gallery-item'> \t\t\t<div class='gallery-icon landscape'> \t\t\t\t<a href='https:\/\/recyclingequipinc.com\/sw\/?attachment_id=17263'><img loading=\"lazy\" decoding=\"async\" width=\"150\" height=\"150\" src=\"https:\/\/recyclingequipinc.com\/wp-content\/uploads\/2025\/05\/tire-recycling-machines-to-Austrilia-150x150.webp\" class=\"attachment-thumbnail size-thumbnail\" alt=\"d\u00e4ck\u00e5tervinningsmaskiner till Australien\" aria-describedby=\"gallery-1-17263\" srcset=\"https:\/\/recyclingequipinc.com\/wp-content\/uploads\/2025\/05\/tire-recycling-machines-to-Austrilia-150x150.webp 150w, https:\/\/recyclingequipinc.com\/wp-content\/uploads\/2025\/05\/tire-recycling-machines-to-Austrilia-100x100.webp 100w\" sizes=\"(max-width: 150px) 100vw, 150px\" \/><\/a> \t\t\t<\/div> \t\t\t\t<figcaption class='wp-caption-text gallery-caption' id='gallery-1-17263'> \t\t\t\td\u00e4ck\u00e5tervinningsmaskiner till Australien \t\t\t\t<\/figcaption><\/figure><figure class='gallery-item'> \t\t\t<div class='gallery-icon landscape'> \t\t\t\t<a href='https:\/\/recyclingequipinc.com\/sw\/?attachment_id=17262'><img loading=\"lazy\" decoding=\"async\" width=\"150\" height=\"150\" src=\"https:\/\/recyclingequipinc.com\/wp-content\/uploads\/2025\/05\/tire-recycling-machine-packed-for-shippment-to-South-africa-150x150.webp\" class=\"attachment-thumbnail size-thumbnail\" alt=\"Maskin f\u00f6r d\u00e4ck\u00e5tervinning packad f\u00f6r frakt till Sydafrika.\" aria-describedby=\"gallery-1-17262\" srcset=\"https:\/\/recyclingequipinc.com\/wp-content\/uploads\/2025\/05\/tire-recycling-machine-packed-for-shippment-to-South-africa-150x150.webp 150w, https:\/\/recyclingequipinc.com\/wp-content\/uploads\/2025\/05\/tire-recycling-machine-packed-for-shippment-to-South-africa-100x100.webp 100w\" sizes=\"(max-width: 150px) 100vw, 150px\" \/><\/a> \t\t\t<\/div> \t\t\t\t<figcaption class='wp-caption-text gallery-caption' id='gallery-1-17262'> \t\t\t\tMaskin f\u00f6r d\u00e4ck\u00e5tervinning packad f\u00f6r frakt till Sydafrika. \t\t\t\t<\/figcaption><\/figure> \t\t<\/div>  <h2>Vifaa vya Kiotomatiki vya Recyle ya Matairi Vinauzwa<\/h2> <p>Som en ledande leverant\u00f6r av d\u00e4ck\u00e5tervinningsutrustning kan vi erbjuda en omfattande tj\u00e4nst, fr\u00e5n design och installation till efterf\u00f6rs\u00e4ljningst\u00f6d. Om du \u00e4r intresserad, tveka inte att kontakta oss!<\/p>","protected":false},"excerpt":{"rendered":"<p>Mstari wa uzalishaji wa poda ya mpira wa kiotomatiki wa Shuliy umeundwa kubadilisha matairi ya taka yenye kipimo kisichozidi 1200 mm kuwa poda ya mpira kwa matumizi mengine. Usafi wa poda ya mpira unaweza kubadilishwa katika anuwai ya 10 hadi 40 mesh, ukiwa na usafi wa angalau 99%.<\/p>","protected":false},"featured_media":17264,"template":"","meta":{"site-sidebar-layout":"default","site-content-layout":"","ast-site-content-layout":"default","site-content-style":"default","site-sidebar-style":"default","ast-global-header-display":"","ast-banner-title-visibility":"","ast-main-header-display":"","ast-hfb-above-header-display":"","ast-hfb-below-header-display":"","ast-hfb-mobile-header-display":"","site-post-title":"","ast-breadcrumbs-content":"","ast-featured-img":"","footer-sml-layout":"","ast-disable-related-posts":"","theme-transparent-header-meta":"default","adv-header-id-meta":"","stick-header-meta":"","header-above-stick-meta":"","header-main-stick-meta":"","header-below-stick-meta":"","astra-migrate-meta-layouts":"set","ast-page-background-enabled":"default","ast-page-background-meta":{"desktop":{"background-color":"","background-image":"","background-repeat":"repeat","background-position":"center center","background-size":"auto","background-attachment":"scroll","background-type":"","background-media":"","overlay-type":"","overlay-color":"","overlay-opacity":"","overlay-gradient":""},"tablet":{"background-color":"","background-image":"","background-repeat":"repeat","background-position":"center center","background-size":"auto","background-attachment":"scroll","background-type":"","background-media":"","overlay-type":"","overlay-color":"","overlay-opacity":"","overlay-gradient":""},"mobile":{"background-color":"","background-image":"","background-repeat":"repeat","background-position":"center center","background-size":"auto","background-attachment":"scroll","background-type":"","background-media":"","overlay-type":"","overlay-color":"","overlay-opacity":"","overlay-gradient":""}},"ast-content-background-meta":{"desktop":{"background-color":"var(--ast-global-color-5)","background-image":"","background-repeat":"repeat","background-position":"center center","background-size":"auto","background-attachment":"scroll","background-type":"","background-media":"","overlay-type":"","overlay-color":"","overlay-opacity":"","overlay-gradient":""},"tablet":{"background-color":"var(--ast-global-color-5)","background-image":"","background-repeat":"repeat","background-position":"center center","background-size":"auto","background-attachment":"scroll","background-type":"","background-media":"","overlay-type":"","overlay-color":"","overlay-opacity":"","overlay-gradient":""},"mobile":{"background-color":"var(--ast-global-color-5)","background-image":"","background-repeat":"repeat","background-position":"center center","background-size":"auto","background-attachment":"scroll","background-type":"","background-media":"","overlay-type":"","overlay-color":"","overlay-opacity":"","overlay-gradient":""}}},"product_brand":[],"product_cat":[128],"product_tag":[],"class_list":{"0":"post-17256","1":"product","2":"type-product","3":"status-publish","4":"has-post-thumbnail","6":"product_cat-tire-recycling-machine","7":"desktop-align-center","8":"tablet-align-center","9":"mobile-align-center","11":"first","12":"instock","13":"shipping-taxable","14":"product-type-simple"},"_links":{"self":[{"href":"https:\/\/recyclingequipinc.com\/sw\/wp-json\/wp\/v2\/product\/17256","targetHints":{"allow":["GET"]}}],"collection":[{"href":"https:\/\/recyclingequipinc.com\/sw\/wp-json\/wp\/v2\/product"}],"about":[{"href":"https:\/\/recyclingequipinc.com\/sw\/wp-json\/wp\/v2\/types\/product"}],"version-history":[{"count":0,"href":"https:\/\/recyclingequipinc.com\/sw\/wp-json\/wp\/v2\/product\/17256\/revisions"}],"wp:featuredmedia":[{"embeddable":true,"href":"https:\/\/recyclingequipinc.com\/sw\/wp-json\/wp\/v2\/media\/17264"}],"wp:attachment":[{"href":"https:\/\/recyclingequipinc.com\/sw\/wp-json\/wp\/v2\/media?parent=17256"}],"wp:term":[{"taxonomy":"product_brand","embeddable":true,"href":"https:\/\/recyclingequipinc.com\/sw\/wp-json\/wp\/v2\/product_brand?post=17256"},{"taxonomy":"product_cat","embeddable":true,"href":"https:\/\/recyclingequipinc.com\/sw\/wp-json\/wp\/v2\/product_cat?post=17256"},{"taxonomy":"product_tag","embeddable":true,"href":"https:\/\/recyclingequipinc.com\/sw\/wp-json\/wp\/v2\/product_tag?post=17256"}],"curies":[{"name":"wp","href":"https:\/\/api.w.org\/{rel}","templated":true}]}}