{"id":16984,"date":"2025-01-17T16:33:18","date_gmt":"2025-01-17T08:33:18","guid":{"rendered":"https:\/\/recyclingequipinc.com\/?post_type=product&#038;p=16984"},"modified":"2025-01-20T10:03:34","modified_gmt":"2025-01-20T02:03:34","slug":"extrusion-cooling-tank","status":"publish","type":"product","link":"https:\/\/recyclingequipinc.com\/sw\/product\/extrusion-cooling-tank\/","title":{"rendered":"Tangi ya Kupoeza ya Uchimbaji Katika Mfumo wa Kuweka Pelletizing wa Strand"},"content":{"rendered":"<p>Tangi ya baridi ya extrusion ni sehemu muhimu ya mfumo wa plastiki ya pelletizing. Inapoza na kutengeneza plastiki iliyoyeyushwa na kusaidia kuweka msingi wa ukataji wa dana za plastiki. Chapisho hili litaelezea bafu zetu za maji kwa granulation kwa undani.<\/p> <div class=\"ast-oembed-container\" style=\"height: 100%;\"><iframe title=\"Mashine ya Kutengeneza Chembe za Plastiki Ngumu: Badilisha Plastiki za HDPE\/PP\/PE\/PVC kuwa Pellet Zilizotengenezwa upya\" width=\"500\" height=\"281\" src=\"https:\/\/www.youtube.com\/embed\/wkOeeLbD1uY?feature=oembed\" frameborder=\"0\" allow=\"accelerometer; autoplay; clipboard-write; encrypted-media; gyroscope; picture-in-picture; web-share\" referrerpolicy=\"strict-origin-when-cross-origin\" allowfullscreen><\/iframe><\/div> <h2>Kwa nini Tunahitaji Bafu ya Kupoeza ya Maji kwa Pellet za Plastiki?<\/h2> <ul> <li><strong>Kupoeza:<\/strong> Plastiki za taka huyeyushwa na kutolewa kwa joto la juu, kwa hivyo hulainisha, kuharibika, na hata kuvunjika kwa urahisi na zinahitaji kupozwa na mizinga ya kupozea ya extrusion.<\/li> <li><strong>Kuunda:<\/strong> Ubora wa pellets zilizorejeshwa huathiriwa na saizi, ulaini wa uso, na usawa wa plastiki iliyotolewa kutoka kwa kichwa cha kufa. Kupoza na kutengeneza vipande katika umwagaji wa baridi kunaweza kuimarisha ubora wa vidonge vinavyotokana na kuzuia plastiki kushikamana pamoja kwenye joto la juu.<\/li> <li><strong>Kuokoa nishati:<\/strong> Ikilinganishwa na njia zingine za kupoeza, umwagaji wa maji kwa plastiki ni mzuri zaidi wa nishati, rafiki wa mazingira, na hupunguza gharama za uendeshaji.<\/li> <li><strong>Panua Maisha ya Mashine ya Kukata Dana ya Plastiki: <\/strong>Vipande vya plastiki ambavyo havijapozwa vya kutosha kuingia kwenye granulator ya chini ya mkondo vitasonga vile vya kukata pellet ya plastiki, kusababisha kukata kutofautiana, na hata kuharibu vifaa. Kupoza plastiki itasaidia kuhakikisha kukata laini baadae.<\/li> <\/ul> <figure id=\"attachment_17025\" aria-describedby=\"caption-attachment-17025\" style=\"width: 720px\" class=\"wp-caption aligncenter\"><img fetchpriority=\"high\" decoding=\"async\" class=\"size-full wp-image-17025\" src=\"https:\/\/recyclingequipinc.com\/wp-content\/uploads\/2025\/01\/extrusion-cooling-tank.webp\" alt=\"tank ya baridi ya extrusion\" width=\"720\" height=\"540\" srcset=\"https:\/\/recyclingequipinc.com\/wp-content\/uploads\/2025\/01\/extrusion-cooling-tank.webp 720w, https:\/\/recyclingequipinc.com\/wp-content\/uploads\/2025\/01\/extrusion-cooling-tank-300x225.webp 300w, https:\/\/recyclingequipinc.com\/wp-content\/uploads\/2025\/01\/extrusion-cooling-tank-16x12.webp 16w\" sizes=\"(max-width: 720px) 100vw, 720px\" \/><figcaption id=\"caption-attachment-17025\" class=\"wp-caption-text\">tank ya baridi ya extrusion<\/figcaption><\/figure> <h2>Sifa Muhimu za Tangi Yetu ya Kupoeza ya Uchimbaji<\/h2> <ul> <li>Ubunifu wa busara wa saizi ya tank ya baridi ya extrusion ili vifaa tofauti vya plastiki viweze kupozwa kikamilifu kwa wakati mmoja, lakini pia kuzuia mtiririko mbaya wa nyenzo na nishati iliyopotea.<\/li> <li>Imeundwa kwa chuma cha pua cha hali ya juu, bafu yetu ya kupoeza ya nyuzi ni ya kudumu, sugu ya kutu, na ina upitishaji mzuri wa mafuta, ambayo inaweza kupoza vipande vya plastiki kwa ufanisi.<\/li> <li>Mtiririko wa maji unaoweza kubadilishwa katika umwagaji wa maji ili kuhakikisha baridi sare ya plastiki.<\/li> <li>Docking rahisi, tanki ya kupoeza inaweza kutumika kwa ushirikiano kamili na aina mbalimbali za extruder za plastiki na mashine za kukata dana za plastiki ili kukuza kwa pamoja utengenezaji wa CHEMBE zilizosindikwa.<\/li> <li>Ina kifaa cha kutambua usalama kisicho na maji na kisichovuja, usalama wa hali ya juu.<\/li> <li>Rahisi kusafisha na kudumisha na rafiki wa mazingira na matumizi ya chini ya nishati.<\/li> <\/ul> <figure id=\"attachment_17026\" aria-describedby=\"caption-attachment-17026\" style=\"width: 720px\" class=\"wp-caption aligncenter\"><img decoding=\"async\" class=\"size-full wp-image-17026\" src=\"https:\/\/recyclingequipinc.com\/wp-content\/uploads\/2025\/01\/extrusion-cooling-tank-2.webp\" alt=\"tank ya baridi ya extrusion\" width=\"720\" height=\"540\" srcset=\"https:\/\/recyclingequipinc.com\/wp-content\/uploads\/2025\/01\/extrusion-cooling-tank-2.webp 720w, https:\/\/recyclingequipinc.com\/wp-content\/uploads\/2025\/01\/extrusion-cooling-tank-2-300x225.webp 300w, https:\/\/recyclingequipinc.com\/wp-content\/uploads\/2025\/01\/extrusion-cooling-tank-2-16x12.webp 16w\" sizes=\"(max-width: 720px) 100vw, 720px\" \/><figcaption id=\"caption-attachment-17026\" class=\"wp-caption-text\">tank ya baridi ya extrusion<\/figcaption><\/figure> <h2>Maelezo Kuhusu Tangi ya Kupoeza ya Plastiki<\/h2> <table style=\"border-collapse: collapse; width: 51.9109%; height: 265px;\"> <tbody> <tr style=\"height: 53px;\"> <td style=\"width: 29.9396%; height: 53px; text-align: center;\">Ukubwa(m)<\/td> <td style=\"width: 28.4902%; height: 53px; text-align: center;\">2.5*0.4<\/td> <\/tr> <tr style=\"height: 53px;\"> <td style=\"width: 29.9396%; height: 53px; text-align: center;\">Nyenzo<\/td> <td style=\"width: 28.4902%; height: 53px; text-align: center;\">Chuma cha pua cha ubora wa juu<\/td> <\/tr> <tr style=\"height: 53px;\"> <td style=\"width: 29.9396%; height: 53px; text-align: center;\">Malighafi<\/td> <td style=\"width: 28.4902%; height: 53px; text-align: center;\">Vipande vya plastiki vilivyopanuliwa kutoka kwa kichwa cha kufa<\/td> <\/tr> <tr style=\"height: 53px;\"> <td style=\"width: 29.9396%; height: 53px; text-align: center;\">Kazi<\/td> <td style=\"width: 28.4902%; height: 53px; text-align: center;\">Baridi na uunda vipande vya plastiki<\/td> <\/tr> <tr style=\"height: 53px;\"> <td style=\"width: 29.9396%; height: 53px; text-align: center;\">Huduma<\/td> <td style=\"width: 28.4902%; height: 53px; text-align: center;\">Usaidizi maalum, wa kiufundi na udhamini wa mwaka mmoja<\/td> <\/tr> <\/tbody> <\/table> <figure id=\"attachment_17027\" aria-describedby=\"caption-attachment-17027\" style=\"width: 720px\" class=\"wp-caption aligncenter\"><img decoding=\"async\" class=\"size-full wp-image-17027\" src=\"https:\/\/recyclingequipinc.com\/wp-content\/uploads\/2025\/01\/strand-cooling-tank.webp\" alt=\"tank ya baridi ya strand\" width=\"720\" height=\"540\" srcset=\"https:\/\/recyclingequipinc.com\/wp-content\/uploads\/2025\/01\/strand-cooling-tank.webp 720w, https:\/\/recyclingequipinc.com\/wp-content\/uploads\/2025\/01\/strand-cooling-tank-300x225.webp 300w, https:\/\/recyclingequipinc.com\/wp-content\/uploads\/2025\/01\/strand-cooling-tank-16x12.webp 16w\" sizes=\"(max-width: 720px) 100vw, 720px\" \/><figcaption id=\"caption-attachment-17027\" class=\"wp-caption-text\">tank ya baridi ya strand<\/figcaption><\/figure> <h2>Je! Bafu ya Maji ya Plastiki Inafanya Kazi Gani?<\/h2> <p>Baada ya plastiki kutolewa kutoka kwa kichwa cha kufa cha pelletizer kwa joto la juu, huingia kwenye tank ya baridi ya extrusion. Maji kwenye tanki hutumika kama njia ya kupoeza, haraka na sawasawa kunyonya joto. Maji haya yenye joto hutiririka kupitia mfumo wa mzunguko, hupitia kibadilisha joto, na kurudi kwenye tanki ili kudumisha mchakato thabiti wa kupoeza. Hatimaye, plastiki iliyopozwa sare huhamishiwa kwenye pelletizer kwa kukata, kuwezeshwa na kifaa cha kuinua moja kwa moja.<\/p> <p>Wakati wa mchakato huu, kiwango cha joto na mtiririko wa maji yanayozunguka kinaweza kubadilishwa kwa kutumia baraza la mawaziri la akili la pelletizer ili kukidhi mahitaji ya baridi ya aina tofauti za plastiki. Zaidi ya hayo, maji ya baridi yanaweza kutolewa na kubadilishwa mara kwa mara ili kuhakikisha utendaji bora.<\/p> <figure id=\"attachment_17028\" aria-describedby=\"caption-attachment-17028\" style=\"width: 300px\" class=\"wp-caption alignleft\"><img loading=\"lazy\" decoding=\"async\" class=\"wp-image-17028 size-medium\" src=\"https:\/\/recyclingequipinc.com\/wp-content\/uploads\/2025\/01\/extruded-plastic-enter-the-cooling-tank-300x225.webp\" alt=\"plastiki extruded kuingia tank baridi\" width=\"300\" height=\"225\" srcset=\"https:\/\/recyclingequipinc.com\/wp-content\/uploads\/2025\/01\/extruded-plastic-enter-the-cooling-tank-300x225.webp 300w, https:\/\/recyclingequipinc.com\/wp-content\/uploads\/2025\/01\/extruded-plastic-enter-the-cooling-tank-16x12.webp 16w, https:\/\/recyclingequipinc.com\/wp-content\/uploads\/2025\/01\/extruded-plastic-enter-the-cooling-tank.webp 720w\" sizes=\"(max-width: 300px) 100vw, 300px\" \/><figcaption id=\"caption-attachment-17028\" class=\"wp-caption-text\">plastiki extruded kuingia tank baridi<\/figcaption><\/figure> <figure id=\"attachment_17029\" aria-describedby=\"caption-attachment-17029\" style=\"width: 300px\" class=\"wp-caption alignleft\"><img loading=\"lazy\" decoding=\"async\" class=\"wp-image-17029 size-medium\" src=\"https:\/\/recyclingequipinc.com\/wp-content\/uploads\/2025\/01\/extrusion-cooling-tank-1-300x225.webp\" alt=\"tank ya baridi ya extrusion\" width=\"300\" height=\"225\" srcset=\"https:\/\/recyclingequipinc.com\/wp-content\/uploads\/2025\/01\/extrusion-cooling-tank-1-300x225.webp 300w, https:\/\/recyclingequipinc.com\/wp-content\/uploads\/2025\/01\/extrusion-cooling-tank-1-16x12.webp 16w, https:\/\/recyclingequipinc.com\/wp-content\/uploads\/2025\/01\/extrusion-cooling-tank-1.webp 720w\" sizes=\"(max-width: 300px) 100vw, 300px\" \/><figcaption id=\"caption-attachment-17029\" class=\"wp-caption-text\">tank ya baridi ya extrusion<\/figcaption><\/figure> <h2>Tahadhari Kwa Matumizi<\/h2> <ul> <li>Hakikisha kuchukua nafasi ya maji ya kupoeza na kusafisha tank ya kupoeza ya extrusion mara kwa mara ili kudumisha usafi wa nyenzo na kuzuia uchafu kuziba mabomba au kutu ya tangi.<\/li> <li>Rekebisha kiwango cha mtiririko wa maji na halijoto ili kukidhi mahitaji tofauti ya kupoeza kwa nyenzo tofauti.<\/li> <\/ul> <h2>Muhtasari<\/h2> <p class=\"translation-block\">Som en viktig del av plastpelletiseringssystemet anv\u00e4nds en extruderingskylningstank ofta tillsammans med en plastextruder och plastpelletiserare. Den hj\u00e4lper till att kyla och forma plasten som extruderas av plastextruderingsmaskinen. Om du vill veta mer om <a href=\"https:\/\/recyclingequipinc.com\/sw\/bidhaa\/plastic-granulator-machine\/\">plastpelletisering<\/a>, v\u00e4nligen kontakta oss s\u00e5 rekommenderar vi r\u00e4tt utrustning f\u00f6r dig!<\/p> <figure id=\"attachment_17030\" aria-describedby=\"caption-attachment-17030\" style=\"width: 720px\" class=\"wp-caption aligncenter\"><img loading=\"lazy\" decoding=\"async\" class=\"size-full wp-image-17030\" src=\"https:\/\/recyclingequipinc.com\/wp-content\/uploads\/2025\/01\/extrusion-cooling-tank-in-plastic-pelletizing-system.webp\" alt=\"tanki ya baridi ya extrusion katika mfumo wa plastiki wa pelletizing\" width=\"720\" height=\"540\" srcset=\"https:\/\/recyclingequipinc.com\/wp-content\/uploads\/2025\/01\/extrusion-cooling-tank-in-plastic-pelletizing-system.webp 720w, https:\/\/recyclingequipinc.com\/wp-content\/uploads\/2025\/01\/extrusion-cooling-tank-in-plastic-pelletizing-system-300x225.webp 300w, https:\/\/recyclingequipinc.com\/wp-content\/uploads\/2025\/01\/extrusion-cooling-tank-in-plastic-pelletizing-system-16x12.webp 16w\" sizes=\"(max-width: 720px) 100vw, 720px\" \/><figcaption id=\"caption-attachment-17030\" class=\"wp-caption-text\">tanki ya baridi ya extrusion katika mfumo wa plastiki wa pelletizing<\/figcaption><\/figure>","protected":false},"excerpt":{"rendered":"<p>Tangi za kupozea za upanuzi hutumika kupoeza na kutengeneza vipande vya plastiki vilivyotolewa ili kukuza urejeleaji na utiaji pelletizing kwa ufanisi.<\/p>","protected":false},"featured_media":17025,"template":"","meta":{"site-sidebar-layout":"default","site-content-layout":"","ast-site-content-layout":"default","site-content-style":"default","site-sidebar-style":"default","ast-global-header-display":"","ast-banner-title-visibility":"","ast-main-header-display":"","ast-hfb-above-header-display":"","ast-hfb-below-header-display":"","ast-hfb-mobile-header-display":"","site-post-title":"","ast-breadcrumbs-content":"","ast-featured-img":"","footer-sml-layout":"","ast-disable-related-posts":"","theme-transparent-header-meta":"default","adv-header-id-meta":"","stick-header-meta":"","header-above-stick-meta":"","header-main-stick-meta":"","header-below-stick-meta":"","astra-migrate-meta-layouts":"set","ast-page-background-enabled":"default","ast-page-background-meta":{"desktop":{"background-color":"","background-image":"","background-repeat":"repeat","background-position":"center center","background-size":"auto","background-attachment":"scroll","background-type":"","background-media":"","overlay-type":"","overlay-color":"","overlay-opacity":"","overlay-gradient":""},"tablet":{"background-color":"","background-image":"","background-repeat":"repeat","background-position":"center center","background-size":"auto","background-attachment":"scroll","background-type":"","background-media":"","overlay-type":"","overlay-color":"","overlay-opacity":"","overlay-gradient":""},"mobile":{"background-color":"","background-image":"","background-repeat":"repeat","background-position":"center center","background-size":"auto","background-attachment":"scroll","background-type":"","background-media":"","overlay-type":"","overlay-color":"","overlay-opacity":"","overlay-gradient":""}},"ast-content-background-meta":{"desktop":{"background-color":"var(--ast-global-color-5)","background-image":"","background-repeat":"repeat","background-position":"center center","background-size":"auto","background-attachment":"scroll","background-type":"","background-media":"","overlay-type":"","overlay-color":"","overlay-opacity":"","overlay-gradient":""},"tablet":{"background-color":"var(--ast-global-color-5)","background-image":"","background-repeat":"repeat","background-position":"center center","background-size":"auto","background-attachment":"scroll","background-type":"","background-media":"","overlay-type":"","overlay-color":"","overlay-opacity":"","overlay-gradient":""},"mobile":{"background-color":"var(--ast-global-color-5)","background-image":"","background-repeat":"repeat","background-position":"center center","background-size":"auto","background-attachment":"scroll","background-type":"","background-media":"","overlay-type":"","overlay-color":"","overlay-opacity":"","overlay-gradient":""}}},"product_brand":[],"product_cat":[36],"product_tag":[84],"class_list":{"0":"post-16984","1":"product","2":"type-product","3":"status-publish","4":"has-post-thumbnail","6":"product_cat-plastic-recycling-machine","7":"product_tag-pelletizer-part","8":"desktop-align-center","9":"tablet-align-center","10":"mobile-align-center","12":"first","13":"instock","14":"shipping-taxable","15":"product-type-simple"},"_links":{"self":[{"href":"https:\/\/recyclingequipinc.com\/sw\/wp-json\/wp\/v2\/product\/16984","targetHints":{"allow":["GET"]}}],"collection":[{"href":"https:\/\/recyclingequipinc.com\/sw\/wp-json\/wp\/v2\/product"}],"about":[{"href":"https:\/\/recyclingequipinc.com\/sw\/wp-json\/wp\/v2\/types\/product"}],"version-history":[{"count":0,"href":"https:\/\/recyclingequipinc.com\/sw\/wp-json\/wp\/v2\/product\/16984\/revisions"}],"wp:featuredmedia":[{"embeddable":true,"href":"https:\/\/recyclingequipinc.com\/sw\/wp-json\/wp\/v2\/media\/17025"}],"wp:attachment":[{"href":"https:\/\/recyclingequipinc.com\/sw\/wp-json\/wp\/v2\/media?parent=16984"}],"wp:term":[{"taxonomy":"product_brand","embeddable":true,"href":"https:\/\/recyclingequipinc.com\/sw\/wp-json\/wp\/v2\/product_brand?post=16984"},{"taxonomy":"product_cat","embeddable":true,"href":"https:\/\/recyclingequipinc.com\/sw\/wp-json\/wp\/v2\/product_cat?post=16984"},{"taxonomy":"product_tag","embeddable":true,"href":"https:\/\/recyclingequipinc.com\/sw\/wp-json\/wp\/v2\/product_tag?post=16984"}],"curies":[{"name":"wp","href":"https:\/\/api.w.org\/{rel}","templated":true}]}}