{"id":5699,"date":"2022-03-09T06:44:26","date_gmt":"2022-03-09T06:44:26","guid":{"rendered":"https:\/\/recyclingequipinc.com\/?post_type=product&#038;p=5699"},"modified":"2024-10-04T20:42:10","modified_gmt":"2024-10-04T12:42:10","slug":"fruit-net-making-machine","status":"publish","type":"product","link":"https:\/\/recyclingequipinc.com\/pt\/product\/fruit-net-making-machine\/","title":{"rendered":"M\u00e1quina m\u00e1gica para fazer redes de frutas | M\u00e1quina extrusora de rede de frutas de espuma EPE"},"content":{"rendered":"<p>A m\u00e1quina para fazer redes de espuma para frutas EPE \u00e9 um novo tipo de m\u00e1quina para fazer material de embalagem flex\u00edvel. Devido \u00e0 estrutura exclusiva da rede de expans\u00e3o e \u00e0 rede de espuma el\u00e1stica da rede de espuma EPE, ela \u00e9 amplamente utilizada na embalagem de produtos de vidro, instrumentos de precis\u00e3o e diversos vegetais, frutas e flores. Portanto, muitas pessoas est\u00e3o come\u00e7ando a aprender o conhecimento das m\u00e1quinas de redes de espuma para frutas EPE.<\/p> <div class=\"ast-oembed-container\" style=\"height: 100%;\"><iframe title=\"M\u00e1quina de rede de frutas de espuma EPE | M\u00e1quina de rede de espuma de frutas EPE | M\u00e1quina de fabrica\u00e7\u00e3o de redes de frutas | #Shorts\" width=\"500\" height=\"281\" src=\"https:\/\/www.youtube.com\/embed\/sUfi2VsQCQY?feature=oembed\" frameborder=\"0\" allow=\"accelerometer; autoplay; clipboard-write; encrypted-media; gyroscope; picture-in-picture; web-share\" referrerpolicy=\"strict-origin-when-cross-origin\" allowfullscreen><\/iframe><\/div> <h2>Qual \u00e9 o princ\u00edpio de forma\u00e7\u00e3o de espuma da m\u00e1quina para fazer redes de espuma para frutas EPE?<\/h2> <p>Voc\u00ea precisa preparar tanques de g\u00e1s liquefeito de 50kg (butano) e 2 garrafas de nitrog\u00eanio (nitrog\u00eanio) com anteced\u00eancia. Primeiro, voc\u00ea deve despejar a mat\u00e9ria-prima (polietileno de baixa densidade e alta press\u00e3o, p\u00f3 de talco 2-4kg \/ T, g\u00e1s butano 200kg \/ T, tesouro de pl\u00e1stico 20-25kg \/ T) nos alimentadores da extremidade frontal da espuma de frutas m\u00e1quina de fabrica\u00e7\u00e3o l\u00edquida. E o dispositivo de mistura no alimentador ir\u00e1 misturar uniformemente as mat\u00e9rias-primas. Ent\u00e3o, metano e outros gases espumantes s\u00e3o introduzidos no hospedeiro. Em seguida, o produto acabado sai da se\u00e7\u00e3o frontal do hospedeiro atrav\u00e9s da ferramenta de retifica\u00e7\u00e3o. Ali\u00e1s, se voc\u00ea quiser fazer conjuntos de frutas e verduras, n\u00e3o deve usar res\u00edduos pl\u00e1sticos. Isto \u00e9 para o bem da sa\u00fade de todos.<\/p> <figure id=\"attachment_5703\" aria-describedby=\"caption-attachment-5703\" style=\"width: 720px\" class=\"wp-caption aligncenter\"><img fetchpriority=\"high\" decoding=\"async\" class=\"size-full wp-image-5703\" src=\"https:\/\/recyclingequipinc.com\/wp-content\/uploads\/2022\/03\/cooling-part.jpg\" alt=\"parte de fus\u00e3o e resfriamento \" width=\"720\" height=\"540\" srcset=\"https:\/\/recyclingequipinc.com\/wp-content\/uploads\/2022\/03\/cooling-part.jpg 720w, https:\/\/recyclingequipinc.com\/wp-content\/uploads\/2022\/03\/cooling-part-300x225.jpg 300w, https:\/\/recyclingequipinc.com\/wp-content\/uploads\/2022\/03\/cooling-part-600x450.jpg 600w\" sizes=\"(max-width: 720px) 100vw, 720px\" \/><figcaption id=\"caption-attachment-5703\" class=\"wp-caption-text\">parte de fus\u00e3o e resfriamento<\/figcaption><\/figure> <h2>A estrutura da m\u00e1quina para fazer redes de frutas de espuma EPE<\/h2> <p>A m\u00e1quina para rede de espuma para frutas EPE consiste em cinco partes: motor principal, bomba de g\u00e1s butano, bomba de aditivo, gabinete de controle el\u00e9trico principal e corte de tra\u00e7\u00e3o. A m\u00e1quina principal, a bomba de butano, o cabe\u00e7ote, o rolo de tra\u00e7\u00e3o e o motor de corte s\u00e3o todos controlados por um conversor de frequ\u00eancia.<\/p> <figure id=\"attachment_5702\" aria-describedby=\"caption-attachment-5702\" style=\"width: 720px\" class=\"wp-caption aligncenter\"><img decoding=\"async\" class=\"size-full wp-image-5702\" src=\"https:\/\/recyclingequipinc.com\/wp-content\/uploads\/2022\/03\/console-of-epe-foam-fruit-net-making-machine.jpg\" alt=\"console da m\u00e1quina para fazer rede de frutas de espuma epe\" width=\"720\" height=\"540\" srcset=\"https:\/\/recyclingequipinc.com\/wp-content\/uploads\/2022\/03\/console-of-epe-foam-fruit-net-making-machine.jpg 720w, https:\/\/recyclingequipinc.com\/wp-content\/uploads\/2022\/03\/console-of-epe-foam-fruit-net-making-machine-300x225.jpg 300w, https:\/\/recyclingequipinc.com\/wp-content\/uploads\/2022\/03\/console-of-epe-foam-fruit-net-making-machine-600x450.jpg 600w\" sizes=\"(max-width: 720px) 100vw, 720px\" \/><figcaption id=\"caption-attachment-5702\" class=\"wp-caption-text\">console da m\u00e1quina para fazer rede de frutas de espuma epe<\/figcaption><\/figure> <h2>Por que escolher nossa m\u00e1quina extrusora de rede de espuma para frutas EPE?<\/h2> <ol> <li>A unidade \u00e9 desenvolvida com base em muitos anos de experi\u00eancia pr\u00e1tica em nosso <a href=\"https:\/\/recyclingequipinc.com\/pt\/\">F\u00e1brica Shuliy<\/a>. E foi exportado para Tail\u00e2ndia, Vietn\u00e3 e outros pa\u00edses.<\/li> <li>A m\u00e1quina extrusora de rede de espuma para frutas EPE tem um design exclusivo, opera\u00e7\u00e3o conveniente, opera\u00e7\u00e3o est\u00e1vel, seguran\u00e7a, economia de energia e um alto grau de automa\u00e7\u00e3o.<\/li> <li>Os produtos possuem alta taxa de forma\u00e7\u00e3o de espuma, bela apar\u00eancia, suavidade, simetria e bom brilho.<\/li> <li>700.000-1,2 milh\u00f5es de conjuntos de redes de frutas com 12 cm de comprimento podem ser produzidos em 24 horas.<\/li> <li>A unidade est\u00e1 equipada com diferentes cabe\u00e7otes e m\u00e1quinas auxiliares, que podem produzir diversas coberturas de rede de espuma de frutas (usadas para embalar ma\u00e7\u00e3s, peras, melancias, mel\u00f5es, mangas, etc.), capas protetoras de rosas, folhas de espuma EPE, tubos de espuma EPE e outros produtos.<\/li> <li>A m\u00e1quina extrusora de rede de espuma para frutas EPE tamb\u00e9m pode produzir folha de espuma, tubo de espuma, barra de espuma, barra de espuma e perfil, substituindo diferentes cabe\u00e7otes de matriz e acess\u00f3rios auxiliares.<\/li> <\/ol> <figure id=\"attachment_5706\" aria-describedby=\"caption-attachment-5706\" style=\"width: 720px\" class=\"wp-caption aligncenter\"><img decoding=\"async\" class=\"size-full wp-image-5706\" src=\"https:\/\/recyclingequipinc.com\/wp-content\/uploads\/2022\/03\/the-factory-of-epe-foam-fruit-net-machine.jpg\" alt=\"a f\u00e1brica de m\u00e1quina de rede de frutas de espuma epe\" width=\"720\" height=\"540\" srcset=\"https:\/\/recyclingequipinc.com\/wp-content\/uploads\/2022\/03\/the-factory-of-epe-foam-fruit-net-machine.jpg 720w, https:\/\/recyclingequipinc.com\/wp-content\/uploads\/2022\/03\/the-factory-of-epe-foam-fruit-net-machine-300x225.jpg 300w, https:\/\/recyclingequipinc.com\/wp-content\/uploads\/2022\/03\/the-factory-of-epe-foam-fruit-net-machine-600x450.jpg 600w\" sizes=\"(max-width: 720px) 100vw, 720px\" \/><figcaption id=\"caption-attachment-5706\" class=\"wp-caption-text\">a f\u00e1brica de m\u00e1quina de rede de frutas de espuma epe<\/figcaption><\/figure> <h2>Par\u00e2metros do produto:<\/h2> <div style='overflow:auto'> <table border=\"0\" style='white-space: nowrap'> <tbody> <tr> <td class=\"et2\">Modelo<\/td> <td class=\"et2\">SJF-75<\/td> <td class=\"et2\">SJF-75A<\/td> <td class=\"et2\">SJF-75B<\/td> <\/tr> <tr> <td class=\"et2\">Rela\u00e7\u00e3o comprimento-di\u00e2metro do parafuso<\/td> <td class=\"et3\">1:50<\/td> <td class=\"et4\">01:53.2<\/td> <td class=\"et3\">1:55<\/td> <\/tr> <tr> <td>Morra energia el\u00e9trica<\/td> <td class=\"et2\">3KW<\/td> <td class=\"et2\">3KW<\/td> <td class=\"et2\">3KW<\/td> <\/tr> <tr> <td class=\"et2\">Pot\u00eancia do motor principal<\/td> <td class=\"et2\">11KW<\/td> <td class=\"et2\">11KW<\/td> <td class=\"et2\">11KW<\/td> <\/tr> <tr> <td class=\"et2\">Pot\u00eancia do motor principal<\/td> <td class=\"et2\">1,5 kW<\/td> <td class=\"et2\">1,5 kW<\/td> <td class=\"et2\">1,5 kW<\/td> <\/tr> <tr> <td class=\"et2\">Pot\u00eancia total do anel de aquecimento<\/td> <td class=\"et2\">18KW<\/td> <td class=\"et2\">20KW<\/td> <td class=\"et2\">20KW<\/td> <\/tr> <tr> <td class=\"et2\">Pot\u00eancia do motor da bomba de aquecimento<\/td> <td class=\"et2\">0,55 kW<\/td> <td class=\"et2\">0,55 kW<\/td> <td class=\"et2\">0,55 kW<\/td> <\/tr> <tr> <td class=\"et2\">Pot\u00eancia do motor da bomba de butano<\/td> <td class=\"et2\">1,1 kW<\/td> <td class=\"et2\">1,1 kW<\/td> <td class=\"et2\">1,5 kW<\/td> <\/tr> <tr> <td class=\"et2\">Pot\u00eancia do ventilador<\/td> <td class=\"et2\">480 W<\/td> <td class=\"et2\">480 W<\/td> <td class=\"et2\">480 W<\/td> <\/tr> <tr> <td class=\"et2\">Consumo de energia<\/td> <td class=\"et2\">220KW\/24h<\/td> <td class=\"et2\">200KW\/24h<\/td> <td class=\"et2\">200KW\/24h<\/td> <\/tr> <tr> <td class=\"et2\">Capacidade<\/td> <td class=\"et2\">500-1200kg\/24h<\/td> <td class=\"et2\">500-1200kg\/24h<\/td> <td class=\"et2\">500-1200kg\/24h<\/td> <\/tr> <tr> <td class=\"et2\">Dimens\u00e3o total do motor principal (mm)<\/td> <td class=\"et2\">5000x700x1350<\/td> <td class=\"et2\">5250x700x1350<\/td> <td class=\"et2\">5370x700x1350<\/td> <\/tr> <tr> <td class=\"et2\">Peso<\/td> <td class=\"et2\">2900kg<\/td> <td class=\"et2\">2.950kg<\/td> <td class=\"et2\">3.000 kg<\/td> <\/tr> <tr> <td class=\"et2\">\u00c1rea coberta (mm)<\/td> <td class=\"et2\">3000&#215;9000<\/td> <td class=\"et2\">3000&#215;9500<\/td> <td class=\"et2\">3000&#215;10000<\/td> <\/tr> <\/tbody> <\/table> <\/div> <p>Conforme mostrado na figura, temos \u00e0 venda tr\u00eas m\u00e1quinas de rede de espuma para embalagens de frutas. Devido \u00e0 produ\u00e7\u00e3o diferente, as tr\u00eas m\u00e1quinas t\u00eam \u00e1reas de piso e tamanhos diferentes.<\/p> <figure id=\"attachment_5705\" aria-describedby=\"caption-attachment-5705\" style=\"width: 720px\" class=\"wp-caption aligncenter\"><img loading=\"lazy\" decoding=\"async\" class=\"size-full wp-image-5705\" src=\"https:\/\/recyclingequipinc.com\/wp-content\/uploads\/2022\/03\/foam-net-for-fruit-packing.jpg\" alt=\"rede de espuma para embalagem de frutas\" width=\"720\" height=\"540\" srcset=\"https:\/\/recyclingequipinc.com\/wp-content\/uploads\/2022\/03\/foam-net-for-fruit-packing.jpg 720w, https:\/\/recyclingequipinc.com\/wp-content\/uploads\/2022\/03\/foam-net-for-fruit-packing-300x225.jpg 300w, https:\/\/recyclingequipinc.com\/wp-content\/uploads\/2022\/03\/foam-net-for-fruit-packing-600x450.jpg 600w\" sizes=\"(max-width: 720px) 100vw, 720px\" \/><figcaption id=\"caption-attachment-5705\" class=\"wp-caption-text\">rede de espuma para embalagem de frutas<\/figcaption><\/figure> <h2>Pre\u00e7o da m\u00e1quina de rede de frutas de espuma Epe<\/h2> <p>Para ser sincero, o pre\u00e7o das m\u00e1quinas para fabrica\u00e7\u00e3o de redes de espuma de frutas \u00e9 afetado por muitos fatores, como dist\u00e2ncia, al\u00edquota de imposto, etc. Mas vale ressaltar que mais de 1 tonelada de produtos pode ser produzida com 1 tonelada de mat\u00e9ria-prima mais butano g\u00e1s e materiais auxiliares. E uma tonelada de mat\u00e9ria-prima pode ser processada em 36 horas, ent\u00e3o o lucro \u00e9 consider\u00e1vel. Se voc\u00ea deseja saber o or\u00e7amento detalhado sobre a rede de espuma para embalagem de frutas, entre em contato conosco. Como rede de espuma profissional para fornecedores de embalagens de frutas, nosso vendedor far\u00e1 um or\u00e7amento detalhado para voc\u00ea o mais r\u00e1pido poss\u00edvel.<\/p> <figure id=\"attachment_5712\" aria-describedby=\"caption-attachment-5712\" style=\"width: 720px\" class=\"wp-caption aligncenter\"><img loading=\"lazy\" decoding=\"async\" class=\"size-full wp-image-5712\" src=\"https:\/\/recyclingequipinc.com\/wp-content\/uploads\/2022\/03\/fruit-net-application-range.jpg\" alt=\"faixa de aplica\u00e7\u00e3o de rede de frutas\" width=\"720\" height=\"540\" srcset=\"https:\/\/recyclingequipinc.com\/wp-content\/uploads\/2022\/03\/fruit-net-application-range.jpg 720w, https:\/\/recyclingequipinc.com\/wp-content\/uploads\/2022\/03\/fruit-net-application-range-300x225.jpg 300w, https:\/\/recyclingequipinc.com\/wp-content\/uploads\/2022\/03\/fruit-net-application-range-600x450.jpg 600w\" sizes=\"(max-width: 720px) 100vw, 720px\" \/><figcaption id=\"caption-attachment-5712\" class=\"wp-caption-text\">faixa de aplica\u00e7\u00e3o de rede de frutas<\/figcaption><\/figure>","protected":false},"excerpt":{"rendered":"<p>EPE foam fruit net making machine is a new type of machine for making flexible packaging material. Due to the [&hellip;]<\/p>\n","protected":false},"featured_media":5701,"template":"","meta":{"site-sidebar-layout":"default","site-content-layout":"default","ast-site-content-layout":"default","site-content-style":"default","site-sidebar-style":"default","ast-global-header-display":"","ast-banner-title-visibility":"","ast-main-header-display":"","ast-hfb-above-header-display":"","ast-hfb-below-header-display":"","ast-hfb-mobile-header-display":"","site-post-title":"","ast-breadcrumbs-content":"","ast-featured-img":"","footer-sml-layout":"","ast-disable-related-posts":"","theme-transparent-header-meta":"default","adv-header-id-meta":"","stick-header-meta":"default","header-above-stick-meta":"","header-main-stick-meta":"","header-below-stick-meta":"","astra-migrate-meta-layouts":"default","ast-page-background-enabled":"default","ast-page-background-meta":{"desktop":{"background-color":"","background-image":"","background-repeat":"repeat","background-position":"center center","background-size":"auto","background-attachment":"scroll","background-type":"","background-media":"","overlay-type":"","overlay-color":"","overlay-opacity":"","overlay-gradient":""},"tablet":{"background-color":"","background-image":"","background-repeat":"repeat","background-position":"center center","background-size":"auto","background-attachment":"scroll","background-type":"","background-media":"","overlay-type":"","overlay-color":"","overlay-opacity":"","overlay-gradient":""},"mobile":{"background-color":"","background-image":"","background-repeat":"repeat","background-position":"center center","background-size":"auto","background-attachment":"scroll","background-type":"","background-media":"","overlay-type":"","overlay-color":"","overlay-opacity":"","overlay-gradient":""}},"ast-content-background-meta":{"desktop":{"background-color":"var(--ast-global-color-5)","background-image":"","background-repeat":"repeat","background-position":"center center","background-size":"auto","background-attachment":"scroll","background-type":"","background-media":"","overlay-type":"","overlay-color":"","overlay-opacity":"","overlay-gradient":""},"tablet":{"background-color":"var(--ast-global-color-5)","background-image":"","background-repeat":"repeat","background-position":"center center","background-size":"auto","background-attachment":"scroll","background-type":"","background-media":"","overlay-type":"","overlay-color":"","overlay-opacity":"","overlay-gradient":""},"mobile":{"background-color":"var(--ast-global-color-5)","background-image":"","background-repeat":"repeat","background-position":"center center","background-size":"auto","background-attachment":"scroll","background-type":"","background-media":"","overlay-type":"","overlay-color":"","overlay-opacity":"","overlay-gradient":""}}},"product_brand":[],"product_cat":[36],"product_tag":[76],"class_list":{"0":"post-5699","1":"product","2":"type-product","3":"status-publish","4":"has-post-thumbnail","6":"product_cat-plastic-recycling-machine","7":"product_tag-fruit-net-making-machine","8":"desktop-align-center","9":"tablet-align-center","10":"mobile-align-center","12":"first","13":"instock","14":"shipping-taxable","15":"product-type-simple"},"_links":{"self":[{"href":"https:\/\/recyclingequipinc.com\/pt\/wp-json\/wp\/v2\/product\/5699","targetHints":{"allow":["GET"]}}],"collection":[{"href":"https:\/\/recyclingequipinc.com\/pt\/wp-json\/wp\/v2\/product"}],"about":[{"href":"https:\/\/recyclingequipinc.com\/pt\/wp-json\/wp\/v2\/types\/product"}],"version-history":[{"count":0,"href":"https:\/\/recyclingequipinc.com\/pt\/wp-json\/wp\/v2\/product\/5699\/revisions"}],"wp:featuredmedia":[{"embeddable":true,"href":"https:\/\/recyclingequipinc.com\/pt\/wp-json\/wp\/v2\/media\/5701"}],"wp:attachment":[{"href":"https:\/\/recyclingequipinc.com\/pt\/wp-json\/wp\/v2\/media?parent=5699"}],"wp:term":[{"taxonomy":"product_brand","embeddable":true,"href":"https:\/\/recyclingequipinc.com\/pt\/wp-json\/wp\/v2\/product_brand?post=5699"},{"taxonomy":"product_cat","embeddable":true,"href":"https:\/\/recyclingequipinc.com\/pt\/wp-json\/wp\/v2\/product_cat?post=5699"},{"taxonomy":"product_tag","embeddable":true,"href":"https:\/\/recyclingequipinc.com\/pt\/wp-json\/wp\/v2\/product_tag?post=5699"}],"curies":[{"name":"wp","href":"https:\/\/api.w.org\/{rel}","templated":true}]}}