{"id":5569,"date":"2022-01-28T07:03:54","date_gmt":"2022-01-28T07:03:54","guid":{"rendered":"https:\/\/recyclingequipinc.com\/?post_type=product&#038;p=5569"},"modified":"2025-01-20T10:16:15","modified_gmt":"2025-01-20T02:16:15","slug":"plastic-film-pelletizing-machine","status":"publish","type":"product","link":"https:\/\/recyclingequipinc.com\/pt\/product\/plastic-film-pelletizing-machine\/","title":{"rendered":"M\u00e1quina pelotizadora de filme pl\u00e1stico | Equipamento de reciclagem de pl\u00e1stico"},"content":{"rendered":"<p class=\"translation-block\">A m\u00e1quina de peletiza\u00e7\u00e3o de pel\u00edcula pl\u00e1stica \u00e9 o equipamento principal na <a href=\"https:\/\/recyclingequipinc.com\/pt\/produto\/plastic-film-recycling-machine\/\">linha de reciclagem de pl\u00e1stico<\/a>. Pode transformar pl\u00e1stico de pel\u00edcula de PP PE em granulados de pl\u00e1stico. Estas mat\u00e9rias-primas pl\u00e1sticas residuais incluem sacos de compras, pel\u00edculas de embalagem, sacos do lixo, sacos tecidos, sacos n\u00e3o tecidos, pel\u00edculas agr\u00edcolas, recipientes, sacos de l\u00edquidos, etc. Portanto, a nossa m\u00e1quina de peletiza\u00e7\u00e3o de pel\u00edcula pl\u00e1stica tem uma vasta gama de aplica\u00e7\u00f5es. O uso generalizado de granuladores de pel\u00edcula pl\u00e1stica reduziu eficazmente a polui\u00e7\u00e3o branca global e tornou o nosso ambiente de vida melhor.<\/p> <p>&nbsp;<\/p> <figure id=\"attachment_5581\" aria-describedby=\"caption-attachment-5581\" style=\"width: 750px\" class=\"wp-caption aligncenter\"><img fetchpriority=\"high\" decoding=\"async\" class=\"wp-image-5581 size-full\" src=\"https:\/\/recyclingequipinc.com\/wp-content\/uploads\/2022\/01\/plastic-film-pellet-mill-1.jpg\" alt=\"moinho de pelotiza\u00e7\u00e3o de filme pl\u00e1stico\" width=\"750\" height=\"540\" srcset=\"https:\/\/recyclingequipinc.com\/wp-content\/uploads\/2022\/01\/plastic-film-pellet-mill-1.jpg 750w, https:\/\/recyclingequipinc.com\/wp-content\/uploads\/2022\/01\/plastic-film-pellet-mill-1-300x216.jpg 300w, https:\/\/recyclingequipinc.com\/wp-content\/uploads\/2022\/01\/plastic-film-pellet-mill-1-600x432.jpg 600w\" sizes=\"(max-width: 750px) 100vw, 750px\" \/><figcaption id=\"caption-attachment-5581\" class=\"wp-caption-text\">moinho de pelotiza\u00e7\u00e3o de filme pl\u00e1stico<\/figcaption><\/figure> <h2>Como o filme pl\u00e1stico \u00e9 reciclado usando a m\u00e1quina de pelotiza\u00e7\u00e3o de filme pl\u00e1stico?<\/h2> <p>A m\u00e1quina pelotizadora de filme pl\u00e1stico \u00e9 composta pela m\u00e1quina principal e pela m\u00e1quina auxiliar. A m\u00e1quina host pode aquecer o filme pl\u00e1stico at\u00e9 formar uma pasta. De acordo com diferentes pot\u00eancias, temos 125, 150 e 180 equipamentos de granula\u00e7\u00e3o de pl\u00e1stico com diversos acess\u00f3rios. Al\u00e9m disso, o modo de aquecimento desta m\u00e1quina \u00e9 o aquecimento eletromagn\u00e9tico. O granulador de pl\u00e1stico adota um dispositivo autom\u00e1tico de controle de temperatura. Isso significa que comparado com outras marcas de granuladores, consome menos energia e n\u00e3o polui. Claro, a pot\u00eancia e a quantidade podem ser selecionadas de acordo com o pedido do cliente.<\/p> <figure id=\"attachment_5582\" aria-describedby=\"caption-attachment-5582\" style=\"width: 750px\" class=\"wp-caption aligncenter\"><img decoding=\"async\" class=\"wp-image-5582 size-full\" src=\"https:\/\/recyclingequipinc.com\/wp-content\/uploads\/2022\/01\/plastic-granulator-auxiliary-machine-1.jpg\" alt=\"m\u00e1quina auxiliar granulador de pl\u00e1stico\" width=\"750\" height=\"540\" srcset=\"https:\/\/recyclingequipinc.com\/wp-content\/uploads\/2022\/01\/plastic-granulator-auxiliary-machine-1.jpg 750w, https:\/\/recyclingequipinc.com\/wp-content\/uploads\/2022\/01\/plastic-granulator-auxiliary-machine-1-300x216.jpg 300w, https:\/\/recyclingequipinc.com\/wp-content\/uploads\/2022\/01\/plastic-granulator-auxiliary-machine-1-600x432.jpg 600w\" sizes=\"(max-width: 750px) 100vw, 750px\" \/><figcaption id=\"caption-attachment-5582\" class=\"wp-caption-text\">m\u00e1quina auxiliar granulador de pl\u00e1stico<\/figcaption><\/figure> <h3>Processo de Trabalho de Equipamento de Granula\u00e7\u00e3o de Pl\u00e1stico<\/h3> <p>Os materiais secos entram na m\u00e1quina granuladora de pl\u00e1stico pela entrada de alimenta\u00e7\u00e3o. O material derrete sob o aquecimento do anel de aquecimento. E a temperatura do anel de aquecimento ao redor do granulador de pl\u00e1stico pode atingir rapidamente mais de 110 \u2103, e ent\u00e3o o material derreter\u00e1 sob o aquecimento do anel de aquecimento. Vale ressaltar que o ponto de fus\u00e3o da maioria dos filmes pl\u00e1sticos \u00e9 de 85 a 110 \u2103. Portanto, voc\u00ea n\u00e3o precisa se preocupar com a fus\u00e3o incompleta dos materiais. Em seguida, o filme pl\u00e1stico derretido sai pela sa\u00edda do motor principal e entra no motor auxiliar. Sob a extrus\u00e3o da m\u00e1quina auxiliar, ela \u00e9 extrudada da matriz do cabe\u00e7ote da m\u00e1quina.<\/p> <figure id=\"attachment_5583\" aria-describedby=\"caption-attachment-5583\" style=\"width: 750px\" class=\"wp-caption aligncenter\"><img decoding=\"async\" class=\"wp-image-5583 size-full\" src=\"https:\/\/recyclingequipinc.com\/wp-content\/uploads\/2022\/01\/machine-structure-1.jpg\" alt=\"estrutura da m\u00e1quina\" width=\"750\" height=\"500\" srcset=\"https:\/\/recyclingequipinc.com\/wp-content\/uploads\/2022\/01\/machine-structure-1.jpg 750w, https:\/\/recyclingequipinc.com\/wp-content\/uploads\/2022\/01\/machine-structure-1-300x200.jpg 300w, https:\/\/recyclingequipinc.com\/wp-content\/uploads\/2022\/01\/machine-structure-1-600x400.jpg 600w\" sizes=\"(max-width: 750px) 100vw, 750px\" \/><figcaption id=\"caption-attachment-5583\" class=\"wp-caption-text\">estrutura da m\u00e1quina<\/figcaption><\/figure> <h2>Par\u00e2metro da m\u00e1quina peletizadora<\/h2> <table> <tbody> <tr> <td width=\"142\">Modelo<\/td> <td width=\"142\">SL-125<\/td> <td width=\"142\">SL-150<\/td> <td width=\"142\">SL-180<\/td> <\/tr> <tr> <td width=\"142\">Di\u00e2metro do parafuso<\/td> <td width=\"142\">125 mm<\/td> <td width=\"142\">150 mm<\/td> <td width=\"142\">180mm<\/td> <\/tr> <tr> <td width=\"142\">Velocidade do eixo principal<\/td> <td width=\"142\">50-70min<\/td> <td width=\"142\">40-60min<\/td> <td width=\"142\">40-50min<\/td> <\/tr> <tr> <td width=\"142\">Motor principal<\/td> <td width=\"142\">22+1,5 kW<\/td> <td width=\"142\">30+1,5 kW<\/td> <td width=\"142\">45 kW<\/td> <\/tr> <tr> <td width=\"142\">Capacidade<\/td> <td width=\"142\">3T\/dia<\/td> <td width=\"142\">5T\/dia<\/td> <td width=\"142\">7T\/dia<\/td> <\/tr> <\/tbody> <\/table> <p>Temos tr\u00eas modelos diferentes de equipamentos de granula\u00e7\u00e3o de pl\u00e1stico e a produ\u00e7\u00e3o \u00e9 de 3t\/dia, 5t\/dia e 7T\/dia respectivamente. Ao mesmo tempo, quanto maior for a produ\u00e7\u00e3o, maior ser\u00e1 o tamanho da m\u00e1quina. Voc\u00ea pode escolher m\u00e1quinas que atendam \u00e0s suas necessidades. Se voc\u00ea tiver alguma d\u00favida, n\u00e3o hesite em nos contatar.<\/p> <div class=\"ast-oembed-container\" style=\"height: 100%;\"><iframe title=\"Processo completo de granula\u00e7\u00e3o de filme pl\u00e1stico | M\u00e1quina de pelotiza\u00e7\u00e3o de filme pl\u00e1stico PP PE\" width=\"500\" height=\"281\" src=\"https:\/\/www.youtube.com\/embed\/iu7bfQ2tTD8?feature=oembed\" frameborder=\"0\" allow=\"accelerometer; autoplay; clipboard-write; encrypted-media; gyroscope; picture-in-picture; web-share\" referrerpolicy=\"strict-origin-when-cross-origin\" allowfullscreen><\/iframe><\/div> <h2>Vantagens da m\u00e1quina de pelotiza\u00e7\u00e3o de filme pl\u00e1stico<\/h2> <ul> <li>Nosso equipamento de reciclagem de filme pl\u00e1stico de alto desempenho pode ajudar a proporcionar melhor produtividade e maior efici\u00eancia.<\/li> <li>Nossas m\u00e1quinas s\u00e3o feitas de materiais dur\u00e1veis.<\/li> <li>F\u00e1cil de instalar, operar e manter.<\/li> <li>O alto grau de automa\u00e7\u00e3o.<\/li> <li>Baixo <a href=\"https:\/\/en.wikipedia.org\/wiki\/Power\" target=\"_blank\" rel=\"noopener\">poder<\/a> consumo e sem polui\u00e7\u00e3o.<\/li> <li>Depois de serem processados \u200b\u200bem part\u00edculas pela f\u00e1brica de pl\u00e1stico, os res\u00edduos de pl\u00e1stico ainda apresentam excelentes propriedades abrangentes de material. Porque pode atender aos requisitos t\u00e9cnicos de sopro de filme, trefilagem, trefilagem de tubos, moldagem por inje\u00e7\u00e3o, perfil de extrus\u00e3o e assim por diante. \u00c9 o equipamento ideal para reciclagem de embalagens pl\u00e1sticas.<\/li> <\/ul> <figure id=\"attachment_5584\" aria-describedby=\"caption-attachment-5584\" style=\"width: 750px\" class=\"wp-caption aligncenter\"><img loading=\"lazy\" decoding=\"async\" class=\"wp-image-5584 size-full\" src=\"https:\/\/recyclingequipinc.com\/wp-content\/uploads\/2022\/01\/plastic-recycling-equipment-1.jpg\" alt=\"equipamento de reciclagem de pl\u00e1stico\" width=\"750\" height=\"540\" srcset=\"https:\/\/recyclingequipinc.com\/wp-content\/uploads\/2022\/01\/plastic-recycling-equipment-1.jpg 750w, https:\/\/recyclingequipinc.com\/wp-content\/uploads\/2022\/01\/plastic-recycling-equipment-1-300x216.jpg 300w, https:\/\/recyclingequipinc.com\/wp-content\/uploads\/2022\/01\/plastic-recycling-equipment-1-600x432.jpg 600w\" sizes=\"(max-width: 750px) 100vw, 750px\" \/><figcaption id=\"caption-attachment-5584\" class=\"wp-caption-text\">equipamento de reciclagem de pl\u00e1stico<\/figcaption><\/figure> <h2>Aplica\u00e7\u00e3o desta m\u00e1quina de reciclagem de pl\u00e1stico<\/h2> <p class=\"translation-block\">A nossa m\u00e1quina de peletiza\u00e7\u00e3o de pel\u00edcula pl\u00e1stica \u00e9 amplamente utilizada em sacos de compras, pel\u00edculas de embalagem, sacos do lixo, sacos tecidos, sacos n\u00e3o tecidos, pel\u00edculas agr\u00edcolas, recipientes, sacos de l\u00edquidos, etc. Assim, tamb\u00e9m pode ser usada como uma m\u00e1quina de reciclagem de sacos pl\u00e1sticos. Para ser honesto, a <a href=\"https:\/\/recyclingequipinc.com\/pt\/produto\/plastic-granulator-machine\/\">m\u00e1quina granuladora de pl\u00e1stico<\/a> pode processar muitas mat\u00e9rias-primas pl\u00e1sticas diferentes. No entanto, devido aos diferentes pontos de fus\u00e3o e dureza das mat\u00e9rias-primas, o efeito final ser\u00e1 diferente. O nosso granulador de pl\u00e1stico granula principalmente produtos pl\u00e1sticos macios. Se o seu material pl\u00e1stico for macio, ent\u00e3o a nossa m\u00e1quina \u00e9 o seu equipamento de reciclagem de pl\u00e1stico ideal. Se tiver quaisquer outros problemas de reciclagem de pl\u00e1stico, contacte-nos e responderemos atempadamente.<\/p>","protected":false},"excerpt":{"rendered":"<p>A m\u00e1quina de pelotiza\u00e7\u00e3o de filme pl\u00e1stico \u00e9 um equipamento importante da linha de produ\u00e7\u00e3o de reciclagem de pl\u00e1stico. Com a ajuda da m\u00e1quina de reciclagem de pl\u00e1stico, voc\u00ea pode manusear facilmente uma variedade de produtos pl\u00e1sticos, como sacolas de compras, filmes para embalagens, sacos de lixo, sacos de tecido, sacos de n\u00e3o tecido, filmes agr\u00edcolas, recipientes, sacos para l\u00edquidos, etc.<\/p>","protected":false},"featured_media":5586,"template":"","meta":{"site-sidebar-layout":"default","site-content-layout":"default","ast-site-content-layout":"default","site-content-style":"default","site-sidebar-style":"default","ast-global-header-display":"","ast-banner-title-visibility":"","ast-main-header-display":"","ast-hfb-above-header-display":"","ast-hfb-below-header-display":"","ast-hfb-mobile-header-display":"","site-post-title":"","ast-breadcrumbs-content":"","ast-featured-img":"","footer-sml-layout":"","ast-disable-related-posts":"","theme-transparent-header-meta":"default","adv-header-id-meta":"","stick-header-meta":"default","header-above-stick-meta":"","header-main-stick-meta":"","header-below-stick-meta":"","astra-migrate-meta-layouts":"set","ast-page-background-enabled":"default","ast-page-background-meta":{"desktop":{"background-color":"","background-image":"","background-repeat":"repeat","background-position":"center center","background-size":"auto","background-attachment":"scroll","background-type":"","background-media":"","overlay-type":"","overlay-color":"","overlay-opacity":"","overlay-gradient":""},"tablet":{"background-color":"","background-image":"","background-repeat":"repeat","background-position":"center center","background-size":"auto","background-attachment":"scroll","background-type":"","background-media":"","overlay-type":"","overlay-color":"","overlay-opacity":"","overlay-gradient":""},"mobile":{"background-color":"","background-image":"","background-repeat":"repeat","background-position":"center center","background-size":"auto","background-attachment":"scroll","background-type":"","background-media":"","overlay-type":"","overlay-color":"","overlay-opacity":"","overlay-gradient":""}},"ast-content-background-meta":{"desktop":{"background-color":"var(--ast-global-color-5)","background-image":"","background-repeat":"repeat","background-position":"center center","background-size":"auto","background-attachment":"scroll","background-type":"","background-media":"","overlay-type":"","overlay-color":"","overlay-opacity":"","overlay-gradient":""},"tablet":{"background-color":"var(--ast-global-color-5)","background-image":"","background-repeat":"repeat","background-position":"center center","background-size":"auto","background-attachment":"scroll","background-type":"","background-media":"","overlay-type":"","overlay-color":"","overlay-opacity":"","overlay-gradient":""},"mobile":{"background-color":"var(--ast-global-color-5)","background-image":"","background-repeat":"repeat","background-position":"center center","background-size":"auto","background-attachment":"scroll","background-type":"","background-media":"","overlay-type":"","overlay-color":"","overlay-opacity":"","overlay-gradient":""}}},"product_brand":[],"product_cat":[36],"product_tag":[86],"class_list":{"0":"post-5569","1":"product","2":"type-product","3":"status-publish","4":"has-post-thumbnail","6":"product_cat-plastic-recycling-machine","7":"product_tag-granulator","8":"desktop-align-center","9":"tablet-align-center","10":"mobile-align-center","12":"first","13":"instock","14":"shipping-taxable","15":"product-type-simple"},"_links":{"self":[{"href":"https:\/\/recyclingequipinc.com\/pt\/wp-json\/wp\/v2\/product\/5569","targetHints":{"allow":["GET"]}}],"collection":[{"href":"https:\/\/recyclingequipinc.com\/pt\/wp-json\/wp\/v2\/product"}],"about":[{"href":"https:\/\/recyclingequipinc.com\/pt\/wp-json\/wp\/v2\/types\/product"}],"version-history":[{"count":0,"href":"https:\/\/recyclingequipinc.com\/pt\/wp-json\/wp\/v2\/product\/5569\/revisions"}],"wp:featuredmedia":[{"embeddable":true,"href":"https:\/\/recyclingequipinc.com\/pt\/wp-json\/wp\/v2\/media\/5586"}],"wp:attachment":[{"href":"https:\/\/recyclingequipinc.com\/pt\/wp-json\/wp\/v2\/media?parent=5569"}],"wp:term":[{"taxonomy":"product_brand","embeddable":true,"href":"https:\/\/recyclingequipinc.com\/pt\/wp-json\/wp\/v2\/product_brand?post=5569"},{"taxonomy":"product_cat","embeddable":true,"href":"https:\/\/recyclingequipinc.com\/pt\/wp-json\/wp\/v2\/product_cat?post=5569"},{"taxonomy":"product_tag","embeddable":true,"href":"https:\/\/recyclingequipinc.com\/pt\/wp-json\/wp\/v2\/product_tag?post=5569"}],"curies":[{"name":"wp","href":"https:\/\/api.w.org\/{rel}","templated":true}]}}