{"id":5426,"date":"2021-12-18T10:35:37","date_gmt":"2021-12-18T10:35:37","guid":{"rendered":"https:\/\/recyclingequipinc.com\/?post_type=product&#038;p=5426"},"modified":"2025-03-11T13:47:05","modified_gmt":"2025-03-11T05:47:05","slug":"pet-plastic-bottle-crushing-machine","status":"publish","type":"product","link":"https:\/\/recyclingequipinc.com\/pt\/product\/pet-plastic-bottle-crushing-machine\/","title":{"rendered":"Potente triturador de PET para reciclagem de garrafas"},"content":{"rendered":"<p class=\"translation-block\">O triturador de PET \u00e9 uma das pe\u00e7as de equipamento na <a href=\"https:\/\/recyclingequipinc.com\/pt\/produto\/plastic-film-recycling-machine\/\">linha de reciclagem de garrafas pl\u00e1sticas<\/a>. O objetivo principal do triturador de garrafa PET \u00e9 reduzir as garrafas PET completas a peda\u00e7os. \u00c9 um equipamento indispens\u00e1vel para as f\u00e1bricas de reciclagem de pl\u00e1stico. O processo de opera\u00e7\u00e3o da linha de reciclagem de garrafa PET inclui desrotulagem, tritura\u00e7\u00e3o, lavagem e desidrata\u00e7\u00e3o. Al\u00e9m disso, a m\u00e1quina de tritura\u00e7\u00e3o de garrafa pl\u00e1stica da shuliy tem a caracter\u00edstica de ser altamente automatizada, segura, simples de operar e f\u00e1cil de manter.<\/p> <div class=\"ast-oembed-container\" style=\"height: 100%;\"><iframe title=\"Como um triturador de garrafa de estima\u00e7\u00e3o aumenta a efici\u00eancia da reciclagem de pl\u00e1stico!\" width=\"500\" height=\"281\" src=\"https:\/\/www.youtube.com\/embed\/-DZniEtMiFI?feature=oembed\" frameborder=\"0\" allow=\"accelerometer; autoplay; clipboard-write; encrypted-media; gyroscope; picture-in-picture; web-share\" referrerpolicy=\"strict-origin-when-cross-origin\" allowfullscreen><\/iframe><\/div> <h2><strong>F<\/strong><strong>caracter\u00edsticas de <\/strong><strong>Triturador PET<\/strong><\/h2> <p>O triturador de garrafas PET \u00e9 uma m\u00e1quina profissional que quebra todos os res\u00edduos de garrafas pl\u00e1sticas PET em flocos. Ele quebra materiais de grande volume em pequenos fragmentos. \u00c9 conveniente para limpeza e secagem no processo de reciclagem de PET. O uso da nossa m\u00e1quina trituradora de garrafas pode reduzir o trabalho da tradicional tritura\u00e7\u00e3o manual de pl\u00e1stico e aumentar a efici\u00eancia da tritura\u00e7\u00e3o. O triturador de garrafas PET possui as seguintes caracter\u00edsticas:<\/p> <ol> <li>Entrada larga e grande. Conveniente para alimenta\u00e7\u00e3o e a alimenta\u00e7\u00e3o \u00e9 r\u00e1pida, mesmo para materiais a granel, sem necessidade de cortar em peda\u00e7os pequenos.<\/li> <li>As l\u00e2minas de britagem s\u00e3o de alta qualidade com forte dureza e durabilidade.<\/li> <li>A capacidade de britagem do triturador de garrafas PET pode chegar a 1000kg por hora ou mais. Temos uma variedade de m\u00e1quinas trituradoras de garrafas PET para pequenas, m\u00e9dias e grandes empresas.<\/li> <li>A m\u00e1quina trituradora de garrafas PET \u00e9 adequada para v\u00e1rios materiais pl\u00e1sticos, como cestos de pl\u00e1stico, barris de \u00f3leo, barris de sab\u00e3o em p\u00f3, etc.<\/li> <li>Utiliza uma almofada de borracha para reduzir o som produzido pela trituradora durante o funcionamento.<\/li> <\/ol> <div class=\"mceTemp\"><\/div> <figure id=\"attachment_5430\" aria-describedby=\"caption-attachment-5430\" style=\"width: 720px\" class=\"wp-caption aligncenter\"><img fetchpriority=\"high\" decoding=\"async\" class=\"size-full wp-image-5430\" src=\"https:\/\/recyclingequipinc.com\/wp-content\/uploads\/2021\/12\/plastic-bottle-crusher-machine.jpg\" alt=\"m\u00e1quina trituradora de garrafas de pl\u00e1stico\" width=\"720\" height=\"540\" srcset=\"https:\/\/recyclingequipinc.com\/wp-content\/uploads\/2021\/12\/plastic-bottle-crusher-machine.jpg 720w, https:\/\/recyclingequipinc.com\/wp-content\/uploads\/2021\/12\/plastic-bottle-crusher-machine-300x225.jpg 300w, https:\/\/recyclingequipinc.com\/wp-content\/uploads\/2021\/12\/plastic-bottle-crusher-machine-600x450.jpg 600w\" sizes=\"(max-width: 720px) 100vw, 720px\" \/><figcaption id=\"caption-attachment-5430\" class=\"wp-caption-text\">m\u00e1quina trituradora de garrafas de pl\u00e1stico<\/figcaption><\/figure> <h2>Par\u00e2metro triturador de garrafas de pl\u00e1stico<\/h2> <table> <tbody> <tr> <td>Modelo Triturador<\/td> <td>SL-60<\/td> <td>SL-80<\/td> <td>SL-100<\/td> <td>SL-120<\/td> <\/tr> <tr> <td>Produ\u00e7\u00e3o (kg\/h)<\/td> <td>500<\/td> <td>1000<\/td> <td>1500<\/td> <td>3000<\/td> <\/tr> <tr> <td>Motor (kw)<\/td> <td>22<\/td> <td>37<\/td> <td>75<\/td> <td>90<\/td> <\/tr> <tr> <td>Altura (m)<\/td> <td>1.8<\/td> <td>2.6<\/td> <td>2.6<\/td> <td>2.6<\/td> <\/tr> <tr> <td>Espessura da faca (mm)<\/td> <td>30<\/td> <td>40<\/td> <td>40<\/td> <td>40<\/td> <\/tr> <tr> <td>Espessura da placa (mm)<\/td> <td>16<\/td> <td>20<\/td> <td>30<\/td> <td>30<\/td> <\/tr> <\/tbody> <\/table> <h2><strong>Princ\u00edpio de funcionamento do triturador de garrafas de pl\u00e1stico<\/strong><\/h2> <p>Existem 6 l\u00e2minas m\u00f3veis e 4 l\u00e2minas fixas na trituradora de garrafas PET. O motor do triturador de garrafas de pl\u00e1stico aciona as facas m\u00f3veis para se moverem em alta velocidade e, no processo de rota\u00e7\u00e3o em alta velocidade das l\u00e2minas m\u00f3veis, forma o movimento relativo entre as l\u00e2minas m\u00f3veis e fixas. Portanto, a dist\u00e2ncia entre eles faz com que grandes peda\u00e7os de pl\u00e1stico se quebrem. Os peda\u00e7os de pl\u00e1stico triturados passam pela tela do filtro e saem.<\/p> <figure id=\"attachment_5432\" aria-describedby=\"caption-attachment-5432\" style=\"width: 720px\" class=\"wp-caption aligncenter\"><img decoding=\"async\" class=\"wp-image-5432 size-full\" title=\"Flocos de pl\u00e1stico PET\" src=\"https:\/\/recyclingequipinc.com\/wp-content\/uploads\/2021\/12\/PET-plastic-flakes.jpg\" alt=\"Flocos de pl\u00e1stico PET\" width=\"720\" height=\"540\" srcset=\"https:\/\/recyclingequipinc.com\/wp-content\/uploads\/2021\/12\/PET-plastic-flakes.jpg 720w, https:\/\/recyclingequipinc.com\/wp-content\/uploads\/2021\/12\/PET-plastic-flakes-300x225.jpg 300w, https:\/\/recyclingequipinc.com\/wp-content\/uploads\/2021\/12\/PET-plastic-flakes-600x450.jpg 600w\" sizes=\"(max-width: 720px) 100vw, 720px\" \/><figcaption id=\"caption-attachment-5432\" class=\"wp-caption-text\">Flocos de pl\u00e1stico PET<\/figcaption><\/figure> <h2><strong>Pl\u00e1stico<\/strong><strong> Pre\u00e7o do triturador de PET<\/strong><\/h2> <p>Porque as especifica\u00e7\u00f5es do triturador de garrafas pl\u00e1sticas PET fornecido por nossa empresa s\u00e3o diversas. Nossas l\u00e2minas s\u00e3o feitas de materiais de a\u00e7o especiais, dur\u00e1veis \u200b\u200be afiados. O pre\u00e7o de um triturador de garrafas pl\u00e1sticas varia de acordo com os materiais da m\u00e1quina, capacidades, etc. Precisamos saber suas informa\u00e7\u00f5es espec\u00edficas, incluindo pa\u00eds, equipamento adquirido e quantidade. O pre\u00e7o que podemos prometer \u00e9 muito competitivo. Voc\u00ea pode obter nossa lista de pre\u00e7os mais recente entrando em contato conosco agora.<\/p> <h2><strong>Import\u00e2ncia da reciclagem de garrafas pl\u00e1sticas PET <\/strong><strong>M\u00e1quina<\/strong><\/h2> <p class=\"translation-block\">Devido \u00e0 sua leveza, seguran\u00e7a e elevada plasticidade, os materiais <a href=\"https:\/\/en.wikipedia.org\/wiki\/Pet\" target=\"_blank\" rel=\"noopener\">PET<\/a> s\u00e3o frequentemente usados como materiais de embalagem alimentar e embalagens farmac\u00eauticas e cosm\u00e9ticas. Mas com o tempo, verificamos que a conveni\u00eancia veio acompanhada pela gest\u00e3o do embalamento de produto. Sem uma gest\u00e3o razo\u00e1vel dos res\u00edduos pl\u00e1sticos crescentes, isso causar\u00e1 mais problemas ambientais. A inven\u00e7\u00e3o do triturador de PET resolveu engenhosamente o problema de descartar garrafas pl\u00e1sticas de res\u00edduos. Alcan\u00e7a efetivamente o objetivo de alta taxa de convers\u00e3o, baixo consumo de energia e zero polui\u00e7\u00e3o.<\/p>","protected":false},"excerpt":{"rendered":"<p>A trituradora de garrafas PET \u00e9 um dos equipamentos da linha de reciclagem de garrafas PET. O principal objetivo do triturador de garrafas PET \u00e9 quebrar as garrafas PET completas em peda\u00e7os. \u00c9 um equipamento obrigat\u00f3rio para clientes envolvidos na ind\u00fastria de reciclagem de garrafas pl\u00e1sticas.<\/p>","protected":false},"featured_media":5614,"template":"","meta":{"site-sidebar-layout":"default","site-content-layout":"default","ast-site-content-layout":"default","site-content-style":"default","site-sidebar-style":"default","ast-global-header-display":"","ast-banner-title-visibility":"","ast-main-header-display":"","ast-hfb-above-header-display":"","ast-hfb-below-header-display":"","ast-hfb-mobile-header-display":"","site-post-title":"","ast-breadcrumbs-content":"","ast-featured-img":"","footer-sml-layout":"","ast-disable-related-posts":"","theme-transparent-header-meta":"default","adv-header-id-meta":"","stick-header-meta":"default","header-above-stick-meta":"","header-main-stick-meta":"","header-below-stick-meta":"","astra-migrate-meta-layouts":"set","ast-page-background-enabled":"default","ast-page-background-meta":{"desktop":{"background-color":"","background-image":"","background-repeat":"repeat","background-position":"center center","background-size":"auto","background-attachment":"scroll","background-type":"","background-media":"","overlay-type":"","overlay-color":"","overlay-opacity":"","overlay-gradient":""},"tablet":{"background-color":"","background-image":"","background-repeat":"repeat","background-position":"center center","background-size":"auto","background-attachment":"scroll","background-type":"","background-media":"","overlay-type":"","overlay-color":"","overlay-opacity":"","overlay-gradient":""},"mobile":{"background-color":"","background-image":"","background-repeat":"repeat","background-position":"center center","background-size":"auto","background-attachment":"scroll","background-type":"","background-media":"","overlay-type":"","overlay-color":"","overlay-opacity":"","overlay-gradient":""}},"ast-content-background-meta":{"desktop":{"background-color":"var(--ast-global-color-5)","background-image":"","background-repeat":"repeat","background-position":"center center","background-size":"auto","background-attachment":"scroll","background-type":"","background-media":"","overlay-type":"","overlay-color":"","overlay-opacity":"","overlay-gradient":""},"tablet":{"background-color":"var(--ast-global-color-5)","background-image":"","background-repeat":"repeat","background-position":"center center","background-size":"auto","background-attachment":"scroll","background-type":"","background-media":"","overlay-type":"","overlay-color":"","overlay-opacity":"","overlay-gradient":""},"mobile":{"background-color":"var(--ast-global-color-5)","background-image":"","background-repeat":"repeat","background-position":"center center","background-size":"auto","background-attachment":"scroll","background-type":"","background-media":"","overlay-type":"","overlay-color":"","overlay-opacity":"","overlay-gradient":""}}},"product_brand":[],"product_cat":[36],"product_tag":[87],"class_list":{"0":"post-5426","1":"product","2":"type-product","3":"status-publish","4":"has-post-thumbnail","6":"product_cat-plastic-recycling-machine","7":"product_tag-pet-crusher","8":"desktop-align-center","9":"tablet-align-center","10":"mobile-align-center","12":"first","13":"instock","14":"shipping-taxable","15":"product-type-simple"},"_links":{"self":[{"href":"https:\/\/recyclingequipinc.com\/pt\/wp-json\/wp\/v2\/product\/5426","targetHints":{"allow":["GET"]}}],"collection":[{"href":"https:\/\/recyclingequipinc.com\/pt\/wp-json\/wp\/v2\/product"}],"about":[{"href":"https:\/\/recyclingequipinc.com\/pt\/wp-json\/wp\/v2\/types\/product"}],"version-history":[{"count":0,"href":"https:\/\/recyclingequipinc.com\/pt\/wp-json\/wp\/v2\/product\/5426\/revisions"}],"wp:featuredmedia":[{"embeddable":true,"href":"https:\/\/recyclingequipinc.com\/pt\/wp-json\/wp\/v2\/media\/5614"}],"wp:attachment":[{"href":"https:\/\/recyclingequipinc.com\/pt\/wp-json\/wp\/v2\/media?parent=5426"}],"wp:term":[{"taxonomy":"product_brand","embeddable":true,"href":"https:\/\/recyclingequipinc.com\/pt\/wp-json\/wp\/v2\/product_brand?post=5426"},{"taxonomy":"product_cat","embeddable":true,"href":"https:\/\/recyclingequipinc.com\/pt\/wp-json\/wp\/v2\/product_cat?post=5426"},{"taxonomy":"product_tag","embeddable":true,"href":"https:\/\/recyclingequipinc.com\/pt\/wp-json\/wp\/v2\/product_tag?post=5426"}],"curies":[{"name":"wp","href":"https:\/\/api.w.org\/{rel}","templated":true}]}}