{"id":5411,"date":"2021-12-13T09:57:29","date_gmt":"2021-12-13T09:57:29","guid":{"rendered":"https:\/\/recyclingequipinc.com\/?post_type=product&#038;p=5411"},"modified":"2025-01-20T10:16:53","modified_gmt":"2025-01-20T02:16:53","slug":"epe-foam-pelletizer-recycling-machine","status":"publish","type":"product","link":"https:\/\/recyclingequipinc.com\/pt\/product\/epe-foam-pelletizer-recycling-machine\/","title":{"rendered":"Peletizador de espuma EPE | M\u00e1quina de reciclagem de espuma de algod\u00e3o p\u00e9rola EPE"},"content":{"rendered":"<p>O peletizador de espuma EPE \u00e9 usado principalmente para pelotizar res\u00edduos de algod\u00e3o p\u00e9rola, embalagens de espuma de polietileno expans\u00edvel, materiais de isolamento, parte externa de eletrodom\u00e9sticos e outros res\u00edduos de espuma EPE. A m\u00e1quina de reciclagem de espuma EPE foi projetada para processar res\u00edduos de materiais de algod\u00e3o p\u00e9rola EPE em part\u00edculas, que podem ser usadas para reprocessamento e utiliza\u00e7\u00e3o. Todo o conjunto de pelotiza\u00e7\u00e3o inclui principalmente esmagamento de espuma residual, plastifica\u00e7\u00e3o, resfriamento e corte de gr\u00e3os. A m\u00e1quina de reciclagem de espuma EPE\/PE possui caracter\u00edsticas de design razo\u00e1vel, alto grau de automa\u00e7\u00e3o, opera\u00e7\u00e3o est\u00e1vel e ampla aplica\u00e7\u00e3o.<\/p> <h2>Introdu\u00e7\u00e3o \u00e0 espuma EPE<\/h2> <p><img fetchpriority=\"high\" decoding=\"async\" class=\"size-full wp-image-5414\" src=\"https:\/\/recyclingequipinc.com\/wp-content\/uploads\/2021\/12\/epe-foam-pelletizing-machine.jpg\" alt=\"m\u00e1quina de pelotiza\u00e7\u00e3o de espuma epe\" width=\"720\" height=\"540\" srcset=\"https:\/\/recyclingequipinc.com\/wp-content\/uploads\/2021\/12\/epe-foam-pelletizing-machine.jpg 720w, https:\/\/recyclingequipinc.com\/wp-content\/uploads\/2021\/12\/epe-foam-pelletizing-machine-300x225.jpg 300w, https:\/\/recyclingequipinc.com\/wp-content\/uploads\/2021\/12\/epe-foam-pelletizing-machine-600x450.jpg 600w\" sizes=\"(max-width: 720px) 100vw, 720px\" \/><\/p> <p>O EPE (polietileno expans\u00edvel) tamb\u00e9m \u00e9 conhecido como algod\u00e3o p\u00e9rola. A espuma EPE \u00e9 um novo material de embalagem ecol\u00f3gico. \u00c9 composto por muitas bolhas independentes geradas pela forma\u00e7\u00e3o f\u00edsica de espuma da graxa de polietileno de baixa densidade. Ele supera as defici\u00eancias da espuma EPS comum, como friabilidade, deforma\u00e7\u00e3o e recupera\u00e7\u00e3o deficiente. Tem as vantagens de ser \u00e0 prova d'\u00e1gua e \u00e0 prova de umidade, \u00e0 prova de choque, isolamento ac\u00fastico, isolamento t\u00e9rmico, boa plasticidade, forte tenacidade, reciclagem, forte anticolis\u00e3o e tamb\u00e9m tem boa resist\u00eancia qu\u00edmica.<\/p> <p>Como um substituto ideal para materiais de embalagem tradicionais, a espuma EPE ou algod\u00e3o p\u00e9rola \u00e9 amplamente utilizada na embalagem de uma ampla gama de materiais, como produtos eletr\u00f4nicos, equipamentos industriais, artesanato, vidro, cer\u00e2mica, eletrodom\u00e9sticos, m\u00f3veis, vinho e presentes. embalagens, brinquedos, frutas, necessidades di\u00e1rias e outros produtos.<\/p> <h2>Estrutura do peletizador de espuma EPE<\/h2> <p>A m\u00e1quina de pelotiza\u00e7\u00e3o de espuma EPE cont\u00e9m principalmente a entrada, o redutor de engrenagem, ventila\u00e7\u00e3o, pe\u00e7a de aquecimento, cabe\u00e7ote de matriz, gabinete de distribui\u00e7\u00e3o de energia, etc.<\/p> <figure id=\"attachment_5420\" aria-describedby=\"caption-attachment-5420\" style=\"width: 720px\" class=\"wp-caption alignnone\"><img decoding=\"async\" class=\"size-full wp-image-5420\" src=\"https:\/\/recyclingequipinc.com\/wp-content\/uploads\/2021\/12\/epe-foam-recycling-machine-structure-1.jpg\" alt=\"estrutura da m\u00e1quina de reciclagem de espuma epe 1\" width=\"720\" height=\"540\" srcset=\"https:\/\/recyclingequipinc.com\/wp-content\/uploads\/2021\/12\/epe-foam-recycling-machine-structure-1.jpg 720w, https:\/\/recyclingequipinc.com\/wp-content\/uploads\/2021\/12\/epe-foam-recycling-machine-structure-1-300x225.jpg 300w, https:\/\/recyclingequipinc.com\/wp-content\/uploads\/2021\/12\/epe-foam-recycling-machine-structure-1-600x450.jpg 600w\" sizes=\"(max-width: 720px) 100vw, 720px\" \/><figcaption id=\"caption-attachment-5420\" class=\"wp-caption-text\">estrutura da m\u00e1quina de reciclagem de espuma epe 1<\/figcaption><\/figure> <h2>Destaques do peletizador de espuma de algod\u00e3o p\u00e9rola<\/h2> <p>A m\u00e1quina peletizadora de espuma de algod\u00e3o p\u00e9rola tem muitas vantagens e \u00e9 frequentemente usada em linhas de reciclagem.<\/p> <ol> <li>O peletizador de espuma EPE adota um cilindro de rosca c\u00f4nico com uma velocidade de alimenta\u00e7\u00e3o r\u00e1pida<\/li> <li>Controle autom\u00e1tico de temperatura, temperatura de aquecimento est\u00e1vel. A temperatura chega a cerca de 200 graus Celsius.<\/li> <li>Redutor de superf\u00edcie de engrenagem r\u00edgida, garantindo opera\u00e7\u00e3o est\u00e1vel com baixo ru\u00eddo e longa vida \u00fatil.<\/li> <li>As part\u00edculas regeneradas podem efetivamente melhorar a estrutura molecular do material, e o pl\u00e1stico processado tem um bom acabamento, superf\u00edcie lisa e sem poros.<\/li> <li>Os an\u00e9is de aquecimento eletromagn\u00e9tico e el\u00e9trico aquecem rapidamente e t\u00eam um bom efeito de isolamento t\u00e9rmico.<\/li> <li>A matriz de troca de molde el\u00e9trica pode mudar automaticamente o molde sem parar a m\u00e1quina, obtendo alta efici\u00eancia de produ\u00e7\u00e3o.<\/li> <li>As tiras retiradas s\u00e3o uniformes e podem ser combinadas com a m\u00e1quina cortadora de gr\u00e3os integrada para completar a pelotiza\u00e7\u00e3o.<\/li> <li>V\u00e1rios modelos est\u00e3o dispon\u00edveis. Especifica\u00e7\u00f5es comuns: SL-160 e SL-180.<\/li> <\/ol> <p><img decoding=\"async\" class=\"size-full wp-image-5418\" src=\"https:\/\/recyclingequipinc.com\/wp-content\/uploads\/2021\/12\/epe-foam-pelletizer-machine.jpg\" alt=\"m\u00e1quina peletizadora de espuma epe\" width=\"720\" height=\"540\" srcset=\"https:\/\/recyclingequipinc.com\/wp-content\/uploads\/2021\/12\/epe-foam-pelletizer-machine.jpg 720w, https:\/\/recyclingequipinc.com\/wp-content\/uploads\/2021\/12\/epe-foam-pelletizer-machine-300x225.jpg 300w, https:\/\/recyclingequipinc.com\/wp-content\/uploads\/2021\/12\/epe-foam-pelletizer-machine-600x450.jpg 600w\" sizes=\"(max-width: 720px) 100vw, 720px\" \/><\/p> <h2>A principal diferen\u00e7a entre peletizador EPE e peletizador EPS<\/h2> <p class=\"translation-block\">O granulador de espuma EPE adota um design de estrutura integrada, combinando o equipamento de granula\u00e7\u00e3o principal e auxiliar, enquanto a<a href=\"https:\/\/recyclingequipinc.com\/pt\/produto\/eps-foam-pelletizing-machine\/\"> m\u00e1quina granuladora EPS<\/a> envolve ambas as partes.<\/p> <figure id=\"attachment_5385\" aria-describedby=\"caption-attachment-5385\" style=\"width: 750px\" class=\"wp-caption alignnone\"><img loading=\"lazy\" decoding=\"async\" class=\"size-full wp-image-5385\" src=\"https:\/\/recyclingequipinc.com\/wp-content\/uploads\/2021\/12\/foam-recycling-line.jpg\" alt=\"linha de reciclagem de espuma\" width=\"750\" height=\"866\" srcset=\"https:\/\/recyclingequipinc.com\/wp-content\/uploads\/2021\/12\/foam-recycling-line.jpg 750w, https:\/\/recyclingequipinc.com\/wp-content\/uploads\/2021\/12\/foam-recycling-line-260x300.jpg 260w, https:\/\/recyclingequipinc.com\/wp-content\/uploads\/2021\/12\/foam-recycling-line-600x693.jpg 600w\" sizes=\"(max-width: 750px) 100vw, 750px\" \/><figcaption id=\"caption-attachment-5385\" class=\"wp-caption-text\">linha de reciclagem de espuma<\/figcaption><\/figure> <h2>Par\u00e2metro (SL-160)<\/h2> <table> <tbody> <tr> <td width=\"284\">Modelo<\/td> <td width=\"284\">SL-160<\/td> <\/tr> <tr> <td width=\"284\">Tamanho da m\u00e1quina<\/td> <td width=\"284\">3400*2100*1600mm<\/td> <\/tr> <tr> <td width=\"284\">Tamanho de entrada<\/td> <td width=\"284\">780*780mm<\/td> <\/tr> <tr> <td width=\"284\">Poder<\/td> <td width=\"284\">30 kW<\/td> <\/tr> <tr> <td width=\"284\">Capacidade<\/td> <td width=\"284\">150-200 kg\/hora<\/td> <\/tr> <tr> <td width=\"284\">M\u00e9todo de aquecimento<\/td> <td width=\"284\">Anel de aquecimento<\/td> <\/tr> <\/tbody> <\/table>","protected":false},"excerpt":{"rendered":"<p>O peletizador de espuma EPE \u00e9 usado principalmente para pelotizar res\u00edduos de algod\u00e3o p\u00e9rola, embalagens de espuma de polietileno expans\u00edvel, materiais de isolamento, parte externa de eletrodom\u00e9sticos e outros res\u00edduos de espuma EPE. A m\u00e1quina de reciclagem de espuma EPE foi projetada para processar res\u00edduos de materiais de algod\u00e3o p\u00e9rola EPE em part\u00edculas, que podem ser usadas para reprocessamento e utiliza\u00e7\u00e3o.<\/p>","protected":false},"featured_media":5422,"template":"","meta":{"site-sidebar-layout":"default","site-content-layout":"default","ast-site-content-layout":"default","site-content-style":"default","site-sidebar-style":"default","ast-global-header-display":"","ast-banner-title-visibility":"","ast-main-header-display":"","ast-hfb-above-header-display":"","ast-hfb-below-header-display":"","ast-hfb-mobile-header-display":"","site-post-title":"","ast-breadcrumbs-content":"","ast-featured-img":"","footer-sml-layout":"","ast-disable-related-posts":"","theme-transparent-header-meta":"default","adv-header-id-meta":"","stick-header-meta":"default","header-above-stick-meta":"","header-main-stick-meta":"","header-below-stick-meta":"","astra-migrate-meta-layouts":"set","ast-page-background-enabled":"default","ast-page-background-meta":{"desktop":{"background-color":"","background-image":"","background-repeat":"repeat","background-position":"center center","background-size":"auto","background-attachment":"scroll","background-type":"","background-media":"","overlay-type":"","overlay-color":"","overlay-opacity":"","overlay-gradient":""},"tablet":{"background-color":"","background-image":"","background-repeat":"repeat","background-position":"center center","background-size":"auto","background-attachment":"scroll","background-type":"","background-media":"","overlay-type":"","overlay-color":"","overlay-opacity":"","overlay-gradient":""},"mobile":{"background-color":"","background-image":"","background-repeat":"repeat","background-position":"center center","background-size":"auto","background-attachment":"scroll","background-type":"","background-media":"","overlay-type":"","overlay-color":"","overlay-opacity":"","overlay-gradient":""}},"ast-content-background-meta":{"desktop":{"background-color":"var(--ast-global-color-5)","background-image":"","background-repeat":"repeat","background-position":"center center","background-size":"auto","background-attachment":"scroll","background-type":"","background-media":"","overlay-type":"","overlay-color":"","overlay-opacity":"","overlay-gradient":""},"tablet":{"background-color":"var(--ast-global-color-5)","background-image":"","background-repeat":"repeat","background-position":"center center","background-size":"auto","background-attachment":"scroll","background-type":"","background-media":"","overlay-type":"","overlay-color":"","overlay-opacity":"","overlay-gradient":""},"mobile":{"background-color":"var(--ast-global-color-5)","background-image":"","background-repeat":"repeat","background-position":"center center","background-size":"auto","background-attachment":"scroll","background-type":"","background-media":"","overlay-type":"","overlay-color":"","overlay-opacity":"","overlay-gradient":""}}},"product_brand":[],"product_cat":[36],"product_tag":[66],"class_list":{"0":"post-5411","1":"product","2":"type-product","3":"status-publish","4":"has-post-thumbnail","6":"product_cat-plastic-recycling-machine","7":"product_tag-foam-pelletizer","8":"desktop-align-center","9":"tablet-align-center","10":"mobile-align-center","12":"first","13":"instock","14":"shipping-taxable","15":"product-type-simple"},"_links":{"self":[{"href":"https:\/\/recyclingequipinc.com\/pt\/wp-json\/wp\/v2\/product\/5411","targetHints":{"allow":["GET"]}}],"collection":[{"href":"https:\/\/recyclingequipinc.com\/pt\/wp-json\/wp\/v2\/product"}],"about":[{"href":"https:\/\/recyclingequipinc.com\/pt\/wp-json\/wp\/v2\/types\/product"}],"version-history":[{"count":0,"href":"https:\/\/recyclingequipinc.com\/pt\/wp-json\/wp\/v2\/product\/5411\/revisions"}],"wp:featuredmedia":[{"embeddable":true,"href":"https:\/\/recyclingequipinc.com\/pt\/wp-json\/wp\/v2\/media\/5422"}],"wp:attachment":[{"href":"https:\/\/recyclingequipinc.com\/pt\/wp-json\/wp\/v2\/media?parent=5411"}],"wp:term":[{"taxonomy":"product_brand","embeddable":true,"href":"https:\/\/recyclingequipinc.com\/pt\/wp-json\/wp\/v2\/product_brand?post=5411"},{"taxonomy":"product_cat","embeddable":true,"href":"https:\/\/recyclingequipinc.com\/pt\/wp-json\/wp\/v2\/product_cat?post=5411"},{"taxonomy":"product_tag","embeddable":true,"href":"https:\/\/recyclingequipinc.com\/pt\/wp-json\/wp\/v2\/product_tag?post=5411"}],"curies":[{"name":"wp","href":"https:\/\/api.w.org\/{rel}","templated":true}]}}