{"id":5377,"date":"2021-12-08T07:06:59","date_gmt":"2021-12-08T07:06:59","guid":{"rendered":"https:\/\/recyclingequipinc.com\/?post_type=product&#038;p=5377"},"modified":"2025-01-20T10:17:19","modified_gmt":"2025-01-20T02:17:19","slug":"eps-foam-pelletizing-machine","status":"publish","type":"product","link":"https:\/\/recyclingequipinc.com\/pt\/product\/eps-foam-pelletizing-machine\/","title":{"rendered":"M\u00e1quina Pelotizadora EPS | M\u00e1quina de reciclagem de isopor"},"content":{"rendered":"<p>Uma m\u00e1quina de pelotiza\u00e7\u00e3o EPS \u00e9 uma m\u00e1quina de reciclagem especial para triturar e granular res\u00edduos de isopor ou poliestireno expans\u00edvel (EPS). O peletizador EPS possui um design razo\u00e1vel, alto grau de automa\u00e7\u00e3o e tecnologia avan\u00e7ada sem polui\u00e7\u00e3o. As part\u00edculas pl\u00e1sticas produzidas s\u00e3o uniformes em tamanho e brilho. Os gr\u00e2nulos produzidos s\u00e3o amplamente utilizados, como materiais de isolamento de paredes, materiais de embalagem de produtos e materiais auxiliares para alguns produtos.<\/p> <p>Hoje em dia, a quantidade de poliestireno expans\u00edvel (EPS) est\u00e1 aumentando rapidamente. Esses res\u00edduos de pl\u00e1sticos de espuma de poliestireno s\u00e3o leves, volumosos, resistentes ao envelhecimento e dif\u00edceis de corroer, por isso se tornaram um grande problema no descarte de lixo. Nos \u00faltimos anos, a reciclagem de espuma EPS tem atra\u00eddo cada vez mais aten\u00e7\u00e3o, e a recupera\u00e7\u00e3o da espuma de poliestireno tem amplas perspectivas. As m\u00e1quinas peletizadoras EPS s\u00e3o frequentemente usadas em linhas de reciclagem de pl\u00e1sticos e se tornam cada vez mais populares na ind\u00fastria de reciclagem. Al\u00e9m da m\u00e1quina de granula\u00e7\u00e3o de espuma EPS, tamb\u00e9m oferecemos granuladores de algod\u00e3o EPE\/Pearl.<\/p> <div class=\"ast-oembed-container\" style=\"height: 100%;\"><iframe title=\"O isopor \u00e9 recicl\u00e1vel? EPE EPS\/m\u00e1quina de reciclagem de isopor granulador granulador para voc\u00ea\" width=\"500\" height=\"281\" src=\"https:\/\/www.youtube.com\/embed\/Yef7vuJI6-Q?list=PLmQgsSbeu0tXsNBww95upbWcnO_cYfyh4\" frameborder=\"0\" allow=\"accelerometer; autoplay; clipboard-write; encrypted-media; gyroscope; picture-in-picture; web-share\" referrerpolicy=\"strict-origin-when-cross-origin\" allowfullscreen><\/iframe><\/div> <p><img fetchpriority=\"high\" decoding=\"async\" class=\"size-full wp-image-5385\" src=\"https:\/\/recyclingequipinc.com\/wp-content\/uploads\/2021\/12\/foam-recycling-line.jpg\" alt=\"linha de reciclagem de espuma\" width=\"750\" height=\"866\" srcset=\"https:\/\/recyclingequipinc.com\/wp-content\/uploads\/2021\/12\/foam-recycling-line.jpg 750w, https:\/\/recyclingequipinc.com\/wp-content\/uploads\/2021\/12\/foam-recycling-line-260x300.jpg 260w, https:\/\/recyclingequipinc.com\/wp-content\/uploads\/2021\/12\/foam-recycling-line-600x693.jpg 600w\" sizes=\"(max-width: 750px) 100vw, 750px\" \/><\/p> <h2>Aplica\u00e7\u00e3o de m\u00e1quina peletizadora EPS<\/h2> <p class=\"translation-block\">A m\u00e1quina de granula\u00e7\u00e3o de espuma EPS \u00e9 utilizada para processar isopor de caixas de fast food, eletrodom\u00e9sticos, materiais de embalagem de isopor para prote\u00e7\u00e3o durante a entrega, e assim por diante, para que possa ser transformada em pellets de EPS reciclado. A espuma pl\u00e1stica processada por <a href=\"https:\/\/recyclingequipinc.com\/pt\/produto\/eps-epe-foam-hot-melting-machine\/\">densificador de fus\u00e3o de EPS<\/a> tamb\u00e9m \u00e9 aplic\u00e1vel. Este pl\u00e1stico reciclado pode ser utilizado para produzir v\u00e1rios materiais de isolamento, materiais de embalagem, brinquedos e eletrodom\u00e9sticos, e assim por diante.<\/p> <div id='gallery-1' class='gallery galleryid-5377 gallery-columns-2 gallery-size-full'><figure class='gallery-item'> \t\t\t<div class='gallery-icon landscape'> \t\t\t\t<img decoding=\"async\" width=\"720\" height=\"540\" src=\"https:\/\/recyclingequipinc.com\/wp-content\/uploads\/2021\/12\/box-inserts-and-packing-peanut.webp\" class=\"attachment-full size-full\" alt=\"encartes e embalagens de amendoim\" aria-describedby=\"gallery-1-16875\" srcset=\"https:\/\/recyclingequipinc.com\/wp-content\/uploads\/2021\/12\/box-inserts-and-packing-peanut.webp 720w, https:\/\/recyclingequipinc.com\/wp-content\/uploads\/2021\/12\/box-inserts-and-packing-peanut-300x225.webp 300w, https:\/\/recyclingequipinc.com\/wp-content\/uploads\/2021\/12\/box-inserts-and-packing-peanut-16x12.webp 16w\" sizes=\"(max-width: 720px) 100vw, 720px\" \/> \t\t\t<\/div> \t\t\t\t<figcaption class='wp-caption-text gallery-caption' id='gallery-1-16875'> \t\t\t\tencartes e embalagens de amendoim \t\t\t\t<\/figcaption><\/figure><figure class='gallery-item'> \t\t\t<div class='gallery-icon landscape'> \t\t\t\t<img decoding=\"async\" width=\"720\" height=\"540\" src=\"https:\/\/recyclingequipinc.com\/wp-content\/uploads\/2021\/12\/EPS-pellets.webp\" class=\"attachment-full size-full\" alt=\"\" aria-describedby=\"gallery-1-16876\" srcset=\"https:\/\/recyclingequipinc.com\/wp-content\/uploads\/2021\/12\/EPS-pellets.webp 720w, https:\/\/recyclingequipinc.com\/wp-content\/uploads\/2021\/12\/EPS-pellets-300x225.webp 300w, https:\/\/recyclingequipinc.com\/wp-content\/uploads\/2021\/12\/EPS-pellets-16x12.webp 16w\" sizes=\"(max-width: 720px) 100vw, 720px\" \/> \t\t\t<\/div> \t\t\t\t<figcaption class='wp-caption-text gallery-caption' id='gallery-1-16876'> \t\t\t\tPelotas de EPS recicladas \t\t\t\t<\/figcaption><\/figure> \t\t<\/div>  <h2>Vantagens not\u00e1veis \u200b\u200bda m\u00e1quina de pelotiza\u00e7\u00e3o EPS<\/h2> <p>1. Os parafusos da m\u00e1quina principal e auxiliar s\u00e3o feitos de a\u00e7o 45# tratado termicamente. Possui boas propriedades mec\u00e2nicas abrangentes.<br \/> 2. O motor est\u00e1 equipado com dois redutores de engrenagem, que realizam uma opera\u00e7\u00e3o est\u00e1vel e mant\u00eam uma longa vida \u00fatil.<br \/> 3. O granulador de espuma EPS adota um cilindro de parafuso c\u00f4nico, que tem uma alta taxa de alimenta\u00e7\u00e3o e alto rendimento.<br \/> 4. As m\u00e1quinas principais e auxiliares s\u00e3o utilizadas em conjunto para apoiar a produ\u00e7\u00e3o. A temperatura de aquecimento \u00e9 est\u00e1vel, a estrutura molecular do material \u00e9 efetivamente melhorada, a permeabilidade ao ar \u00e9 aprimorada e a qualidade das part\u00edculas \u00e9 significativamente melhorada. A temperatura do motor principal \u00e9 de 200 graus Celsius e a temperatura do motor auxiliar \u00e9 de 180 graus Celsius.<br \/> 5. Existem dois m\u00e9todos de aquecimento opcionais. Eletromagn\u00e9tico (tempo de aquecimento 10-15 minutos), tubo de aquecimento el\u00e9trico\/anel de aquecimento el\u00e9trico (30-40 minutos)<br \/> 6. A m\u00e1quina para fabricar gr\u00e2nulos de espuma EPS compreende principalmente a parte de britagem, motores principais e auxiliares, o molde el\u00e9trico.<br \/> 7. Adote o molde de troca de tela el\u00e9trica sem interrup\u00e7\u00e3o para alcan\u00e7ar alta efici\u00eancia de produ\u00e7\u00e3o.<br \/> 8. A m\u00e1quina de pelotiza\u00e7\u00e3o EPS \u00e9 frequentemente colocada com um triturador de espuma, tanque de resfriamento de \u00e1gua e m\u00e1quina de corte de gr\u00e3os de pl\u00e1stico, que s\u00e3o frequentemente usados \u200b\u200bem linhas de reciclagem de espuma.<\/p> <figure id=\"attachment_5380\" aria-describedby=\"caption-attachment-5380\" style=\"width: 720px\" class=\"wp-caption alignnone\"><img loading=\"lazy\" decoding=\"async\" class=\"size-full wp-image-5380\" src=\"https:\/\/recyclingequipinc.com\/wp-content\/uploads\/2021\/12\/EPS-pelletizer-machine-structure-details.jpg\" alt=\"Detalhes da estrutura da m\u00e1quina pelotizadora EPS\" width=\"720\" height=\"540\" srcset=\"https:\/\/recyclingequipinc.com\/wp-content\/uploads\/2021\/12\/EPS-pelletizer-machine-structure-details.jpg 720w, https:\/\/recyclingequipinc.com\/wp-content\/uploads\/2021\/12\/EPS-pelletizer-machine-structure-details-300x225.jpg 300w, https:\/\/recyclingequipinc.com\/wp-content\/uploads\/2021\/12\/EPS-pelletizer-machine-structure-details-600x450.jpg 600w\" sizes=\"(max-width: 720px) 100vw, 720px\" \/><figcaption id=\"caption-attachment-5380\" class=\"wp-caption-text\">Detalhes da estrutura da m\u00e1quina pelotizadora EPS<\/figcaption><\/figure> <figure id=\"attachment_5386\" aria-describedby=\"caption-attachment-5386\" style=\"width: 750px\" class=\"wp-caption alignnone\"><img loading=\"lazy\" decoding=\"async\" class=\"size-full wp-image-5386\" src=\"https:\/\/recyclingequipinc.com\/wp-content\/uploads\/2021\/12\/EPS-pelletizer-machine-details.jpg\" alt=\"Detalhes da m\u00e1quina pelotizadora EPS\" width=\"750\" height=\"1163\" srcset=\"https:\/\/recyclingequipinc.com\/wp-content\/uploads\/2021\/12\/EPS-pelletizer-machine-details.jpg 750w, https:\/\/recyclingequipinc.com\/wp-content\/uploads\/2021\/12\/EPS-pelletizer-machine-details-193x300.jpg 193w, https:\/\/recyclingequipinc.com\/wp-content\/uploads\/2021\/12\/EPS-pelletizer-machine-details-660x1024.jpg 660w, https:\/\/recyclingequipinc.com\/wp-content\/uploads\/2021\/12\/EPS-pelletizer-machine-details-600x930.jpg 600w\" sizes=\"(max-width: 750px) 100vw, 750px\" \/><figcaption id=\"caption-attachment-5386\" class=\"wp-caption-text\">Detalhes da m\u00e1quina pelotizadora EPS<\/figcaption><\/figure> <h2>Princ\u00edpio de funcionamento do peletizador EPS<\/h2> <p>A m\u00e1quina de pelotiza\u00e7\u00e3o EPS \u00e9 completada pelo processo de moagem, plastifica\u00e7\u00e3o, remo\u00e7\u00e3o e granula\u00e7\u00e3o da espuma. A principal fun\u00e7\u00e3o desta m\u00e1quina \u00e9 dissolver a espuma velha ap\u00f3s ser triturada pelo triturador de espuma, para fazer os pequenos gr\u00e2nulos atrav\u00e9s do processo de plastifica\u00e7\u00e3o, corte de tiras e corte de gr\u00e3os. de modo a facilitar a regenera\u00e7\u00e3o e a reutiliza\u00e7\u00e3o.<\/p> <div id='gallery-2' class='gallery galleryid-5377 gallery-columns-2 gallery-size-full'><figure class='gallery-item'> \t\t\t<div class='gallery-icon landscape'> \t\t\t\t<img loading=\"lazy\" decoding=\"async\" width=\"720\" height=\"540\" src=\"https:\/\/recyclingequipinc.com\/wp-content\/uploads\/2021\/12\/eps-recycling-machine.webp\" class=\"attachment-full size-full\" alt=\"m\u00e1quina de reciclagem de eps\" aria-describedby=\"gallery-2-16856\" srcset=\"https:\/\/recyclingequipinc.com\/wp-content\/uploads\/2021\/12\/eps-recycling-machine.webp 720w, https:\/\/recyclingequipinc.com\/wp-content\/uploads\/2021\/12\/eps-recycling-machine-300x225.webp 300w, https:\/\/recyclingequipinc.com\/wp-content\/uploads\/2021\/12\/eps-recycling-machine-16x12.webp 16w\" sizes=\"(max-width: 720px) 100vw, 720px\" \/> \t\t\t<\/div> \t\t\t\t<figcaption class='wp-caption-text gallery-caption' id='gallery-2-16856'> \t\t\t\tm\u00e1quina de reciclagem de eps \t\t\t\t<\/figcaption><\/figure><figure class='gallery-item'> \t\t\t<div class='gallery-icon landscape'> \t\t\t\t<img loading=\"lazy\" decoding=\"async\" width=\"720\" height=\"540\" src=\"https:\/\/recyclingequipinc.com\/wp-content\/uploads\/2021\/12\/eps-polystyrene-recycling-machine.webp\" class=\"attachment-full size-full\" alt=\"m\u00e1quina de reciclagem de poliestireno eps\" aria-describedby=\"gallery-2-16854\" srcset=\"https:\/\/recyclingequipinc.com\/wp-content\/uploads\/2021\/12\/eps-polystyrene-recycling-machine.webp 720w, https:\/\/recyclingequipinc.com\/wp-content\/uploads\/2021\/12\/eps-polystyrene-recycling-machine-300x225.webp 300w, https:\/\/recyclingequipinc.com\/wp-content\/uploads\/2021\/12\/eps-polystyrene-recycling-machine-16x12.webp 16w\" sizes=\"(max-width: 720px) 100vw, 720px\" \/> \t\t\t<\/div> \t\t\t\t<figcaption class='wp-caption-text gallery-caption' id='gallery-2-16854'> \t\t\t\tm\u00e1quina de reciclagem de poliestireno eps \t\t\t\t<\/figcaption><\/figure> \t\t<\/div>  <h2>V\u00eddeo da m\u00e1quina de granula\u00e7\u00e3o EPS<\/h2> <div class=\"ast-oembed-container\" style=\"height: 100%;\"><iframe title=\"Aproveite as vantagens da m\u00e1quina peletizadora EPS para iniciar um neg\u00f3cio promissor de reciclagem de isopor\" width=\"500\" height=\"281\" src=\"https:\/\/www.youtube.com\/embed\/O7APvAkmS0M?feature=oembed\" frameborder=\"0\" allow=\"accelerometer; autoplay; clipboard-write; encrypted-media; gyroscope; picture-in-picture; web-share\" referrerpolicy=\"strict-origin-when-cross-origin\" allowfullscreen><\/iframe><\/div> <h2>Par\u00e2metro da m\u00e1quina peletizadora EPS<\/h2> <p>O modelo da pelotizadora EPS \u00e9 baseado em diferentes di\u00e2metros do eixo do parafuso. Para necessidades espec\u00edficas, tamb\u00e9m oferecemos servi\u00e7os personalizados.<\/p> <table> <tbody> <tr> <td width=\"67\">Modelo<\/td> <td width=\"328\">Especifica\u00e7\u00e3o<\/td> <\/tr> <tr> <td width=\"67\">Modelo: 220+150<\/p> <p>&nbsp;<\/p> <p>&nbsp;<\/td> <td width=\"328\">M\u00e1quina de fazer pellets com triturador<\/p> <p>Pot\u00eancia: 15kw + 5,5kw<\/p> <p>Capacidade: 150-200kg\/h<\/p> <p>Redutor de engrenagem dupla<\/td> <\/tr> <tr> <td width=\"67\">Modelo: 270+150<\/p> <p>&nbsp;<\/td> <td width=\"328\">M\u00e1quina de fazer pellets com triturador<\/p> <p>Pot\u00eancia: 18,5 kw + 5,5 kw<\/p> <p>Capacidade:200-250kg\/h<\/p> <p>Redutor de engrenagem dupla<\/p> <p>&nbsp;<\/td> <\/tr> <tr> <td width=\"67\">Modelo: 320+180<\/p> <p>&nbsp;<\/td> <td width=\"328\">M\u00e1quina de fazer pellets com triturador<\/p> <p>Pot\u00eancia: 18,5 kw + 11 kw<\/p> <p>Capacidade:250-300kg\/h<\/p> <p>Redutor de engrenagem dupla<\/td> <\/tr> <tr> <td width=\"67\">Modelo: 350+180<\/p> <p>&nbsp;<\/td> <td width=\"328\">M\u00e1quina de fazer pellets com triturador<\/p> <p>Capacidade:250-300kg\/h<\/p> <p>Redutor de engrenagem dupla<\/td> <\/tr> <\/tbody> <\/table> <h2>M\u00e1quinas relacionadas<\/h2> <ol> <li>m\u00e1quina trituradora de espuma<img loading=\"lazy\" decoding=\"async\" class=\"size-full wp-image-5384\" src=\"https:\/\/recyclingequipinc.com\/wp-content\/uploads\/2021\/12\/foam-crusher-machine.jpg\" alt=\"m\u00e1quina trituradora de espuma\" width=\"720\" height=\"540\" srcset=\"https:\/\/recyclingequipinc.com\/wp-content\/uploads\/2021\/12\/foam-crusher-machine.jpg 720w, https:\/\/recyclingequipinc.com\/wp-content\/uploads\/2021\/12\/foam-crusher-machine-300x225.jpg 300w, https:\/\/recyclingequipinc.com\/wp-content\/uploads\/2021\/12\/foam-crusher-machine-600x450.jpg 600w\" sizes=\"(max-width: 720px) 100vw, 720px\" \/><\/li> <li>tanque de cozimento de \u00e1gua <figure id=\"attachment_5390\" aria-describedby=\"caption-attachment-5390\" style=\"width: 750px\" class=\"wp-caption alignnone\"><img loading=\"lazy\" decoding=\"async\" class=\"size-full wp-image-5390\" src=\"https:\/\/recyclingequipinc.com\/wp-content\/uploads\/2021\/12\/water-cooling-tank.jpg\" alt=\"tanque de resfriamento de \u00e1gua\" width=\"750\" height=\"750\" srcset=\"https:\/\/recyclingequipinc.com\/wp-content\/uploads\/2021\/12\/water-cooling-tank.jpg 750w, https:\/\/recyclingequipinc.com\/wp-content\/uploads\/2021\/12\/water-cooling-tank-100x100.jpg 100w, https:\/\/recyclingequipinc.com\/wp-content\/uploads\/2021\/12\/water-cooling-tank-300x300.jpg 300w, https:\/\/recyclingequipinc.com\/wp-content\/uploads\/2021\/12\/water-cooling-tank-150x150.jpg 150w, https:\/\/recyclingequipinc.com\/wp-content\/uploads\/2021\/12\/water-cooling-tank-600x600.jpg 600w\" sizes=\"(max-width: 750px) 100vw, 750px\" \/><figcaption id=\"caption-attachment-5390\" class=\"wp-caption-text\">tanque de resfriamento de \u00e1gua<\/figcaption><\/figure> <h2>Outro tipo de m\u00e1quina peletizadora de espuma<\/h2> <p><a href=\"https:\/\/recyclingequipinc.com\/pt\/produto\/epe-foam-pelletizer-recycling-machine\/\">M\u00e1quina de fazer pelotas de espuma EPE<\/a><\/li> <\/ol>","protected":false},"excerpt":{"rendered":"<p>Uma m\u00e1quina de pelotiza\u00e7\u00e3o de EPS \u00e9 uma m\u00e1quina especial para triturar e granular res\u00edduos de isopor ou poliestireno expans\u00edvel (EPS). O peletizador EPS possui um design razo\u00e1vel, alto grau de automa\u00e7\u00e3o e tecnologia avan\u00e7ada sem polui\u00e7\u00e3o. As part\u00edculas pl\u00e1sticas produzidas s\u00e3o uniformes em tamanho e brilho.<\/p>","protected":false},"featured_media":5382,"template":"","meta":{"site-sidebar-layout":"default","site-content-layout":"default","ast-site-content-layout":"default","site-content-style":"default","site-sidebar-style":"default","ast-global-header-display":"","ast-banner-title-visibility":"","ast-main-header-display":"","ast-hfb-above-header-display":"","ast-hfb-below-header-display":"","ast-hfb-mobile-header-display":"","site-post-title":"","ast-breadcrumbs-content":"","ast-featured-img":"","footer-sml-layout":"","ast-disable-related-posts":"","theme-transparent-header-meta":"default","adv-header-id-meta":"","stick-header-meta":"default","header-above-stick-meta":"","header-main-stick-meta":"","header-below-stick-meta":"","astra-migrate-meta-layouts":"set","ast-page-background-enabled":"default","ast-page-background-meta":{"desktop":{"background-color":"","background-image":"","background-repeat":"repeat","background-position":"center center","background-size":"auto","background-attachment":"scroll","background-type":"","background-media":"","overlay-type":"","overlay-color":"","overlay-opacity":"","overlay-gradient":""},"tablet":{"background-color":"","background-image":"","background-repeat":"repeat","background-position":"center center","background-size":"auto","background-attachment":"scroll","background-type":"","background-media":"","overlay-type":"","overlay-color":"","overlay-opacity":"","overlay-gradient":""},"mobile":{"background-color":"","background-image":"","background-repeat":"repeat","background-position":"center center","background-size":"auto","background-attachment":"scroll","background-type":"","background-media":"","overlay-type":"","overlay-color":"","overlay-opacity":"","overlay-gradient":""}},"ast-content-background-meta":{"desktop":{"background-color":"var(--ast-global-color-5)","background-image":"","background-repeat":"repeat","background-position":"center center","background-size":"auto","background-attachment":"scroll","background-type":"","background-media":"","overlay-type":"","overlay-color":"","overlay-opacity":"","overlay-gradient":""},"tablet":{"background-color":"var(--ast-global-color-5)","background-image":"","background-repeat":"repeat","background-position":"center center","background-size":"auto","background-attachment":"scroll","background-type":"","background-media":"","overlay-type":"","overlay-color":"","overlay-opacity":"","overlay-gradient":""},"mobile":{"background-color":"var(--ast-global-color-5)","background-image":"","background-repeat":"repeat","background-position":"center center","background-size":"auto","background-attachment":"scroll","background-type":"","background-media":"","overlay-type":"","overlay-color":"","overlay-opacity":"","overlay-gradient":""}}},"product_brand":[],"product_cat":[36],"product_tag":[66],"class_list":{"0":"post-5377","1":"product","2":"type-product","3":"status-publish","4":"has-post-thumbnail","6":"product_cat-plastic-recycling-machine","7":"product_tag-foam-pelletizer","8":"desktop-align-center","9":"tablet-align-center","10":"mobile-align-center","12":"first","13":"instock","14":"shipping-taxable","15":"product-type-simple"},"_links":{"self":[{"href":"https:\/\/recyclingequipinc.com\/pt\/wp-json\/wp\/v2\/product\/5377","targetHints":{"allow":["GET"]}}],"collection":[{"href":"https:\/\/recyclingequipinc.com\/pt\/wp-json\/wp\/v2\/product"}],"about":[{"href":"https:\/\/recyclingequipinc.com\/pt\/wp-json\/wp\/v2\/types\/product"}],"version-history":[{"count":0,"href":"https:\/\/recyclingequipinc.com\/pt\/wp-json\/wp\/v2\/product\/5377\/revisions"}],"wp:featuredmedia":[{"embeddable":true,"href":"https:\/\/recyclingequipinc.com\/pt\/wp-json\/wp\/v2\/media\/5382"}],"wp:attachment":[{"href":"https:\/\/recyclingequipinc.com\/pt\/wp-json\/wp\/v2\/media?parent=5377"}],"wp:term":[{"taxonomy":"product_brand","embeddable":true,"href":"https:\/\/recyclingequipinc.com\/pt\/wp-json\/wp\/v2\/product_brand?post=5377"},{"taxonomy":"product_cat","embeddable":true,"href":"https:\/\/recyclingequipinc.com\/pt\/wp-json\/wp\/v2\/product_cat?post=5377"},{"taxonomy":"product_tag","embeddable":true,"href":"https:\/\/recyclingequipinc.com\/pt\/wp-json\/wp\/v2\/product_tag?post=5377"}],"curies":[{"name":"wp","href":"https:\/\/api.w.org\/{rel}","templated":true}]}}