{"id":5300,"date":"2021-11-25T06:31:48","date_gmt":"2021-11-25T06:31:48","guid":{"rendered":"https:\/\/recyclingequipinc.com\/?post_type=product&#038;p=5300"},"modified":"2025-01-20T10:18:29","modified_gmt":"2025-01-20T02:18:29","slug":"eps-foam-densifier","status":"publish","type":"product","link":"https:\/\/recyclingequipinc.com\/pt\/product\/eps-foam-densifier\/","title":{"rendered":"Densificador de espuma EPS | M\u00e1quina compactadora de isopor"},"content":{"rendered":"<p class=\"translation-block\"><strong>EPS foam densifier<\/strong> tamb\u00e9m \u00e9 conhecido como a m\u00e1quina de briquetagem de EPS e compactador de styrofoam, usada para comprimir espumas, como pl\u00e1sticos de espuma EPS ou EPE. O princ\u00edpio de funcionamento \u00e9 comprimir a espuma EPS em blocos densos por meio de um mecanismo de compress\u00e3o por parafuso. De acordo com as caracter\u00edsticas das mat\u00e9rias-primas, a rela\u00e7\u00e3o de compress\u00e3o pode chegar at\u00e9 40 vezes, para reduzir o volume da espuma. Os blocos de espuma comprimida s\u00e3o convenientes para o transporte em longas dist\u00e2ncias e armazenamento, o que economiza custo de transporte e espa\u00e7o de armazenamento. Al\u00e9m do compactador de styrofoam, tamb\u00e9m fornecemos<a href=\"https:\/\/recyclingequipinc.com\/pt\/produto\/eps-epe-foam-hot-melting-machine\/\"> m\u00e1quinas de fus\u00e3o a quente de espuma<\/a> para reduzir o volume de EPS ou EPE pl\u00e1stico de espuma de desperd\u00edcio.<\/p> <div class=\"ast-oembed-container\" style=\"height: 100%;\"><iframe title=\"Como voc\u00ea reprocessa seus res\u00edduos de espuma pl\u00e1stica | Compactador de isopor | M\u00e1quina de reciclagem de EPS\" width=\"500\" height=\"281\" src=\"https:\/\/www.youtube.com\/embed\/vJFGbrvZPVE?feature=oembed\" frameborder=\"0\" allow=\"accelerometer; autoplay; clipboard-write; encrypted-media; gyroscope; picture-in-picture; web-share\" referrerpolicy=\"strict-origin-when-cross-origin\" allowfullscreen><\/iframe><\/div> <h2>Destaca o densificador de espuma EPS<\/h2> <ul> <li>Depois de comprimir o volume de espuma EPS 30-40 vezes menor do que antes, a densidade da espuma \u00e9 grande e os blocos de espuma s\u00e3o facilmente cortados, armazenados e reciclados. Economize espa\u00e7o de armazenamento e custos de transporte e armazenamento<\/li> <li>O compactador de isopor \u00e9 equipado com mecanismo de pr\u00e9-tritura\u00e7\u00e3o para garantir efici\u00eancia de trabalho e manter baixo consumo de energia. Diferentes tamanhos de portas de alimenta\u00e7\u00e3o podem ser selecionados para tratamento de prensagem a frio.<\/li> <li>Modelos grandes podem operar de forma s\u00edncrona com a correia transportadora para melhorar a efici\u00eancia da produ\u00e7\u00e3o.<\/li> <\/ul> <figure id=\"attachment_5306\" aria-describedby=\"caption-attachment-5306\" style=\"width: 750px\" class=\"wp-caption alignnone\"><img fetchpriority=\"high\" decoding=\"async\" class=\"size-full wp-image-5306\" src=\"https:\/\/recyclingequipinc.com\/wp-content\/uploads\/2021\/11\/finished-foam-blocks.jpg\" alt=\"blocos de espuma acabados\" width=\"750\" height=\"800\" srcset=\"https:\/\/recyclingequipinc.com\/wp-content\/uploads\/2021\/11\/finished-foam-blocks.jpg 750w, https:\/\/recyclingequipinc.com\/wp-content\/uploads\/2021\/11\/finished-foam-blocks-281x300.jpg 281w, https:\/\/recyclingequipinc.com\/wp-content\/uploads\/2021\/11\/finished-foam-blocks-600x640.jpg 600w\" sizes=\"(max-width: 750px) 100vw, 750px\" \/><figcaption id=\"caption-attachment-5306\" class=\"wp-caption-text\">blocos de espuma acabados por compactador eps<\/figcaption><\/figure> <h2>Como funciona o compactador EPS?<\/h2> <p>O compactador a frio de espuma EPS comprime a espuma pl\u00e1stica de acordo com o princ\u00edpio da rota\u00e7\u00e3o do parafuso e da compressa fria. Em opera\u00e7\u00e3o, o operador s\u00f3 precisa jogar a espuma residual na tremonha, e o densificador de espuma EPS possui um mecanismo de tritura\u00e7\u00e3o para esmagar o bloco de espuma. Em seguida, o mecanismo de parafuso comprime o pequeno isopor\/espuma de poliestireno em um bloco de compress\u00e3o c\u00fabico. Existe um dispositivo regulador de press\u00e3o na extremidade frontal da se\u00e7\u00e3o de compress\u00e3o para ajustar a taxa de compress\u00e3o. Depois que o material \u00e9 processado pelo mecanismo de parafuso, o bloco quadrado de compress\u00e3o de espuma \u00e9 formado. A grande redu\u00e7\u00e3o do volume da espuma conduz \u00e0 reciclagem da espuma.<\/p> <h2>Dois tipos de compactador de isopor a frio<\/h2> <p>Oferecemos dois tipos de densificadores de espuma EPS para atender \u00e0s diferentes necessidades dos clientes.<\/p> <h3>1. Tipo vertical<\/h3> <p>A porta de alimenta\u00e7\u00e3o de uma m\u00e1quina compactadora vertical de isopor fica na parte superior da m\u00e1quina, que precisa elevar a mat\u00e9ria-prima at\u00e9 a altura.<\/p> <p class=\"translation-block\"><strong>\u00a0<\/strong><\/p> <figure id=\"attachment_5303\" aria-describedby=\"caption-attachment-5303\" style=\"width: 750px\" class=\"wp-caption alignnone\"><img decoding=\"async\" class=\"size-full wp-image-5303\" src=\"https:\/\/recyclingequipinc.com\/wp-content\/uploads\/2021\/11\/vertical-EPS-foam-cold-compactor.jpg\" alt=\"compactador frio vertical de espuma EPS\" width=\"750\" height=\"750\" srcset=\"https:\/\/recyclingequipinc.com\/wp-content\/uploads\/2021\/11\/vertical-EPS-foam-cold-compactor.jpg 750w, https:\/\/recyclingequipinc.com\/wp-content\/uploads\/2021\/11\/vertical-EPS-foam-cold-compactor-100x100.jpg 100w, https:\/\/recyclingequipinc.com\/wp-content\/uploads\/2021\/11\/vertical-EPS-foam-cold-compactor-300x300.jpg 300w, https:\/\/recyclingequipinc.com\/wp-content\/uploads\/2021\/11\/vertical-EPS-foam-cold-compactor-150x150.jpg 150w, https:\/\/recyclingequipinc.com\/wp-content\/uploads\/2021\/11\/vertical-EPS-foam-cold-compactor-600x600.jpg 600w\" sizes=\"(max-width: 750px) 100vw, 750px\" \/><figcaption id=\"caption-attachment-5303\" class=\"wp-caption-text\">m\u00e1quina compactadora a frio de espuma EPS vertical<\/figcaption><\/figure> <p class=\"translation-block\"><strong>Especifica\u00e7\u00e3o (compactador vertical)<\/strong><\/p> <table> <tbody> <tr> <td width=\"189\">Modo<\/td> <td width=\"189\">SL-300<\/td> <td width=\"189\">SL-400<\/td> <\/tr> <tr> <td width=\"189\">Tamanho da m\u00e1quina<\/td> <td width=\"189\">3000*1400*1400mm<\/td> <td width=\"189\">4600*1600*1600mm<\/td> <\/tr> <tr> <td width=\"189\">Tamanho de entrada<\/td> <td width=\"189\">1100*800mm<\/td> <td width=\"189\">1200*1000mm<\/td> <\/tr> <tr> <td width=\"189\">Pot\u00eancia do motor<\/td> <td width=\"189\">11 kW<\/td> <td width=\"189\">22 kW<\/td> <\/tr> <tr> <td width=\"189\">Sa\u00edda<\/td> <td width=\"189\">150kg\/hora<\/td> <td width=\"189\">250kg\/hora<\/td> <\/tr> <\/tbody> <\/table> <h3>\u00a02. Tipo horizontal<\/h3> <p>A altura da porta de alimenta\u00e7\u00e3o de um compactador de isopor horizontal fica nivelada com o solo, o que \u00e9 mais conveniente para a alimenta\u00e7\u00e3o.<\/p> <figure id=\"attachment_5307\" aria-describedby=\"caption-attachment-5307\" style=\"width: 720px\" class=\"wp-caption alignnone\"><img decoding=\"async\" class=\"size-full wp-image-5307\" src=\"https:\/\/recyclingequipinc.com\/wp-content\/uploads\/2021\/11\/horizontal-EPS-foam-cold-compactor-1.jpg\" alt=\"compactador frio de espuma EPS horizontal 1\" width=\"720\" height=\"750\" srcset=\"https:\/\/recyclingequipinc.com\/wp-content\/uploads\/2021\/11\/horizontal-EPS-foam-cold-compactor-1.jpg 720w, https:\/\/recyclingequipinc.com\/wp-content\/uploads\/2021\/11\/horizontal-EPS-foam-cold-compactor-1-288x300.jpg 288w, https:\/\/recyclingequipinc.com\/wp-content\/uploads\/2021\/11\/horizontal-EPS-foam-cold-compactor-1-600x625.jpg 600w\" sizes=\"(max-width: 720px) 100vw, 720px\" \/><figcaption id=\"caption-attachment-5307\" class=\"wp-caption-text\">m\u00e1quina compactadora a frio de espuma EPS horizontal<\/figcaption><\/figure> <p class=\"translation-block\"><strong>Especifica\u00e7\u00e3o (tipo horizontal)<\/strong><\/p> <table> <tbody> <tr> <td width=\"189\">Modo de tipo horizontal<\/td> <td width=\"189\">SL-300<\/td> <td width=\"189\">SL-400<\/td> <\/tr> <tr> <td width=\"189\">Tamanho da m\u00e1quina<\/td> <td width=\"189\">3000*1700*900mm<\/td> <td width=\"189\">4600*2800*1200mm<\/td> <\/tr> <tr> <td width=\"189\">Tamanho de entrada<\/td> <td width=\"189\">830*760mm<\/td> <td width=\"189\">870*860mm<\/td> <\/tr> <tr> <td width=\"189\">Pot\u00eancia do motor<\/td> <td width=\"189\">15 kW<\/td> <td width=\"189\">22 kW<\/td> <\/tr> <tr> <td width=\"189\">Sa\u00edda<\/td> <td width=\"189\">150kg\/hora<\/td> <td width=\"189\">300kg\/hora<\/td> <\/tr> <\/tbody> <\/table>","protected":false},"excerpt":{"rendered":"<p>O densificador de espuma EPS tamb\u00e9m \u00e9 conhecido como m\u00e1quina de briquetagem EPS, usado para comprimir espuma pl\u00e1stica, como espuma pl\u00e1stica EPS ou EPE. O princ\u00edpio de funcionamento \u00e9 comprimir a espuma EPS em blocos densos por meio de um mecanismo de compress\u00e3o de parafuso.<\/p>","protected":false},"featured_media":16799,"template":"","meta":{"site-sidebar-layout":"default","site-content-layout":"default","ast-site-content-layout":"default","site-content-style":"default","site-sidebar-style":"default","ast-global-header-display":"","ast-banner-title-visibility":"","ast-main-header-display":"","ast-hfb-above-header-display":"","ast-hfb-below-header-display":"","ast-hfb-mobile-header-display":"","site-post-title":"","ast-breadcrumbs-content":"","ast-featured-img":"","footer-sml-layout":"","ast-disable-related-posts":"","theme-transparent-header-meta":"default","adv-header-id-meta":"","stick-header-meta":"default","header-above-stick-meta":"","header-main-stick-meta":"","header-below-stick-meta":"","astra-migrate-meta-layouts":"set","ast-page-background-enabled":"default","ast-page-background-meta":{"desktop":{"background-color":"","background-image":"","background-repeat":"repeat","background-position":"center center","background-size":"auto","background-attachment":"scroll","background-type":"","background-media":"","overlay-type":"","overlay-color":"","overlay-opacity":"","overlay-gradient":""},"tablet":{"background-color":"","background-image":"","background-repeat":"repeat","background-position":"center center","background-size":"auto","background-attachment":"scroll","background-type":"","background-media":"","overlay-type":"","overlay-color":"","overlay-opacity":"","overlay-gradient":""},"mobile":{"background-color":"","background-image":"","background-repeat":"repeat","background-position":"center center","background-size":"auto","background-attachment":"scroll","background-type":"","background-media":"","overlay-type":"","overlay-color":"","overlay-opacity":"","overlay-gradient":""}},"ast-content-background-meta":{"desktop":{"background-color":"var(--ast-global-color-5)","background-image":"","background-repeat":"repeat","background-position":"center center","background-size":"auto","background-attachment":"scroll","background-type":"","background-media":"","overlay-type":"","overlay-color":"","overlay-opacity":"","overlay-gradient":""},"tablet":{"background-color":"var(--ast-global-color-5)","background-image":"","background-repeat":"repeat","background-position":"center center","background-size":"auto","background-attachment":"scroll","background-type":"","background-media":"","overlay-type":"","overlay-color":"","overlay-opacity":"","overlay-gradient":""},"mobile":{"background-color":"var(--ast-global-color-5)","background-image":"","background-repeat":"repeat","background-position":"center center","background-size":"auto","background-attachment":"scroll","background-type":"","background-media":"","overlay-type":"","overlay-color":"","overlay-opacity":"","overlay-gradient":""}}},"product_brand":[],"product_cat":[36],"product_tag":[80,62],"class_list":{"0":"post-5300","1":"product","2":"type-product","3":"status-publish","4":"has-post-thumbnail","6":"product_cat-plastic-recycling-machine","7":"product_tag-foam","8":"product_tag-foam-compactor","9":"desktop-align-center","10":"tablet-align-center","11":"mobile-align-center","13":"first","14":"instock","15":"shipping-taxable","16":"product-type-simple"},"_links":{"self":[{"href":"https:\/\/recyclingequipinc.com\/pt\/wp-json\/wp\/v2\/product\/5300","targetHints":{"allow":["GET"]}}],"collection":[{"href":"https:\/\/recyclingequipinc.com\/pt\/wp-json\/wp\/v2\/product"}],"about":[{"href":"https:\/\/recyclingequipinc.com\/pt\/wp-json\/wp\/v2\/types\/product"}],"version-history":[{"count":0,"href":"https:\/\/recyclingequipinc.com\/pt\/wp-json\/wp\/v2\/product\/5300\/revisions"}],"wp:featuredmedia":[{"embeddable":true,"href":"https:\/\/recyclingequipinc.com\/pt\/wp-json\/wp\/v2\/media\/16799"}],"wp:attachment":[{"href":"https:\/\/recyclingequipinc.com\/pt\/wp-json\/wp\/v2\/media?parent=5300"}],"wp:term":[{"taxonomy":"product_brand","embeddable":true,"href":"https:\/\/recyclingequipinc.com\/pt\/wp-json\/wp\/v2\/product_brand?post=5300"},{"taxonomy":"product_cat","embeddable":true,"href":"https:\/\/recyclingequipinc.com\/pt\/wp-json\/wp\/v2\/product_cat?post=5300"},{"taxonomy":"product_tag","embeddable":true,"href":"https:\/\/recyclingequipinc.com\/pt\/wp-json\/wp\/v2\/product_tag?post=5300"}],"curies":[{"name":"wp","href":"https:\/\/api.w.org\/{rel}","templated":true}]}}