{"id":5287,"date":"2021-11-24T09:59:18","date_gmt":"2021-11-24T09:59:18","guid":{"rendered":"https:\/\/recyclingequipinc.com\/?post_type=product&#038;p=5287"},"modified":"2025-01-20T10:19:05","modified_gmt":"2025-01-20T02:19:05","slug":"eps-epe-foam-hot-melting-machine","status":"publish","type":"product","link":"https:\/\/recyclingequipinc.com\/pt\/product\/eps-epe-foam-hot-melting-machine\/","title":{"rendered":"M\u00e1quina de fus\u00e3o a quente EPS | Densificador de isopor"},"content":{"rendered":"<p class=\"translation-block\">A m\u00e1quina de fus\u00e3o a quente EPS tamb\u00e9m \u00e9 chamada de m\u00e1quina densificadora de poliestireno\/espuma, um tipo de m\u00e1quina de reciclagem de pl\u00e1stico. A m\u00e1quina densificadora \u00e9 utilizada para processar e reciclar materiais residuais de EPS e EPE, como caixas de comida r\u00e1pida de espuma, amendoins de embalagem de poliestireno, caixas de bolo, caixas de embalagem de espuma, materiais de isolamento e outros materiais de espuma. A parte de britagem da espuma pode triturar a espuma residual de EPS ou EPE em pequenos peda\u00e7os. A parte de fus\u00e3o pode dissolver a espuma residual ap\u00f3s a britagem e plastificar a espuma com um parafuso para formar uma forma de bloco. Os blocos finais de espuma s\u00e3o convenientes para armazenamento, transporte, <a href=\"https:\/\/recyclingequipinc.com\/pt\/produto\/eps-foam-pelletizing-machine\/\">pelletiza\u00e7\u00e3o<\/a> e vendas.<\/p> <div class=\"ast-oembed-container\" style=\"height: 100%;\"><iframe title=\"M\u00e1quina densificadora de isopor para f\u00e1bricas globais de reciclagem de espuma EPS EPE\" width=\"500\" height=\"281\" src=\"https:\/\/www.youtube.com\/embed\/Ejx6RKAGfhA?feature=oembed\" frameborder=\"0\" allow=\"accelerometer; autoplay; clipboard-write; encrypted-media; gyroscope; picture-in-picture; web-share\" referrerpolicy=\"strict-origin-when-cross-origin\" allowfullscreen><\/iframe><\/div> <figure id=\"attachment_5403\" aria-describedby=\"caption-attachment-5403\" style=\"width: 750px\" class=\"wp-caption alignnone\"><img fetchpriority=\"high\" decoding=\"async\" class=\"size-full wp-image-5403\" src=\"https:\/\/recyclingequipinc.com\/wp-content\/uploads\/2021\/11\/raw-materials-1.jpg\" alt=\"res\u00edduos de materiais de espuma EPS EPE\" width=\"750\" height=\"795\" srcset=\"https:\/\/recyclingequipinc.com\/wp-content\/uploads\/2021\/11\/raw-materials-1.jpg 750w, https:\/\/recyclingequipinc.com\/wp-content\/uploads\/2021\/11\/raw-materials-1-283x300.jpg 283w, https:\/\/recyclingequipinc.com\/wp-content\/uploads\/2021\/11\/raw-materials-1-600x636.jpg 600w\" sizes=\"(max-width: 750px) 100vw, 750px\" \/><figcaption id=\"caption-attachment-5403\" class=\"wp-caption-text\">res\u00edduos de materiais de espuma EPS EPE<\/figcaption><\/figure> <figure id=\"attachment_5407\" aria-describedby=\"caption-attachment-5407\" style=\"width: 720px\" class=\"wp-caption alignnone\"><img decoding=\"async\" class=\"size-full wp-image-5407\" src=\"https:\/\/recyclingequipinc.com\/wp-content\/uploads\/2021\/11\/final-foam-lumps.jpg\" alt=\"peda\u00e7os finais de espuma\" width=\"720\" height=\"540\" srcset=\"https:\/\/recyclingequipinc.com\/wp-content\/uploads\/2021\/11\/final-foam-lumps.jpg 720w, https:\/\/recyclingequipinc.com\/wp-content\/uploads\/2021\/11\/final-foam-lumps-300x225.jpg 300w, https:\/\/recyclingequipinc.com\/wp-content\/uploads\/2021\/11\/final-foam-lumps-600x450.jpg 600w\" sizes=\"(max-width: 720px) 100vw, 720px\" \/><figcaption id=\"caption-attachment-5407\" class=\"wp-caption-text\">peda\u00e7os finais de espuma<\/figcaption><\/figure> <h2>Vantagens da m\u00e1quina de fus\u00e3o a quente EPS<\/h2> <figure id=\"attachment_5291\" aria-describedby=\"caption-attachment-5291\" style=\"width: 750px\" class=\"wp-caption alignnone\"><img decoding=\"async\" class=\"size-full wp-image-5291\" src=\"https:\/\/recyclingequipinc.com\/wp-content\/uploads\/2021\/11\/EPS-Foam-Melting-Machine.jpg\" alt=\"M\u00e1quina de derretimento de espuma EPS\" width=\"750\" height=\"750\" srcset=\"https:\/\/recyclingequipinc.com\/wp-content\/uploads\/2021\/11\/EPS-Foam-Melting-Machine.jpg 750w, https:\/\/recyclingequipinc.com\/wp-content\/uploads\/2021\/11\/EPS-Foam-Melting-Machine-100x100.jpg 100w, https:\/\/recyclingequipinc.com\/wp-content\/uploads\/2021\/11\/EPS-Foam-Melting-Machine-300x300.jpg 300w, https:\/\/recyclingequipinc.com\/wp-content\/uploads\/2021\/11\/EPS-Foam-Melting-Machine-150x150.jpg 150w, https:\/\/recyclingequipinc.com\/wp-content\/uploads\/2021\/11\/EPS-Foam-Melting-Machine-600x600.jpg 600w\" sizes=\"(max-width: 750px) 100vw, 750px\" \/><figcaption id=\"caption-attachment-5291\" class=\"wp-caption-text\">M\u00e1quina de derretimento de espuma EPS<\/figcaption><\/figure> <ol> <li>A m\u00e1quina de reciclagem por fus\u00e3o a quente de espuma EPS integral \u00e9 uma combina\u00e7\u00e3o de britagem e fus\u00e3o de espuma. O densificador EPS ocupa uma \u00e1rea pequena, economiza m\u00e3o de obra e \u00e9 f\u00e1cil de operar.<\/li> <li>A capacidade de processamento da M\u00e1quina de fus\u00e3o de espuma EPS \u00e9 alta e v\u00e1rias sa\u00eddas podem ser selecionadas. De acordo com as diferentes densidades de espuma, a produ\u00e7\u00e3o \u00e9 geralmente de cerca de 150-250kg\/h por hora.<\/li> <li>A pot\u00eancia deste equipamento \u00e9 de cerca de 18,5-22,5 kW e o custo geral de energia \u00e9 baixo.<\/li> <li>Os produtos finais derretidos ocupam pouco espa\u00e7o, o que \u00e9 f\u00e1cil para armazenamento, transporte e reciclagem.<\/li> <li><span style=\"font-size: 16px;\">A fun\u00e7\u00e3o de controle autom\u00e1tico de temperatura pode evitar situa\u00e7\u00f5es anormais, atingindo o efeito de fus\u00e3o esperado.<\/span><\/li> <li><span style=\"font-size: 16px;\"><span style=\"font-size: 16px;\">Baixo ru\u00eddo, baixa poeira e sem polui\u00e7\u00e3o.<\/span><\/span><\/li> <li><img loading=\"lazy\" decoding=\"async\" class=\"size-full wp-image-5400\" src=\"https:\/\/recyclingequipinc.com\/wp-content\/uploads\/2021\/11\/EPS-hot-melter-machine-features.jpg\" alt=\"Recursos da m\u00e1quina de fus\u00e3o a quente EPS\" width=\"750\" height=\"858\" srcset=\"https:\/\/recyclingequipinc.com\/wp-content\/uploads\/2021\/11\/EPS-hot-melter-machine-features.jpg 750w, https:\/\/recyclingequipinc.com\/wp-content\/uploads\/2021\/11\/EPS-hot-melter-machine-features-262x300.jpg 262w, https:\/\/recyclingequipinc.com\/wp-content\/uploads\/2021\/11\/EPS-hot-melter-machine-features-600x686.jpg 600w\" sizes=\"(max-width: 750px) 100vw, 750px\" \/><\/li> <\/ol> <div class=\"mceTemp\"><\/div> <h2>Estrutura do aparelho de fus\u00e3o a quente EPS e princ\u00edpio de funcionamento<\/h2> <p>A parte principal da m\u00e1quina de fus\u00e3o a quente EPS \u00e9 uma extrusora. \u00c9 composto por sistema de extrus\u00e3o, sistema de transmiss\u00e3o e sistema de aquecimento. O sistema de extrus\u00e3o inclui parafuso, cilindro, tremonha e matriz.<\/p> <p>A espuma EPS\/EPE \u00e9 plastificada em uma massa fundida uniforme atrav\u00e9s de um sistema de extrus\u00e3o e \u00e9 extrudada continuamente por uma rosca neste processo.<\/p> <ul> <li>Introdu\u00e7\u00e3o do Parafuso: Como principal componente da extrusora, est\u00e1 diretamente relacionado ao escopo de aplica\u00e7\u00e3o e produtividade da extrusora. \u00c9 feito de liga de a\u00e7o de alta resist\u00eancia e resistente \u00e0 corros\u00e3o.<\/li> <li><span style=\"font-size: 16px;\">Barril: \u00e9 um cilindro de metal, geralmente feito de tubos de a\u00e7o resistentes ao calor, de alta resist\u00eancia \u00e0 compress\u00e3o, ao desgaste e \u00e0 corros\u00e3o. O cilindro coopera com o parafuso para realizar a tritura\u00e7\u00e3o, amolecimento, fus\u00e3o, plastifica\u00e7\u00e3o, exaust\u00e3o e compacta\u00e7\u00e3o de pl\u00e1sticos, e transportar cont\u00ednua e uniformemente a borracha para o sistema de forma\u00e7\u00e3o. A espuma plastificada pode ser totalmente aquecida e plastificada.<\/span><\/li> <li>Funil: a parte inferior da tremonha est\u00e1 equipada com um dispositivo de corte para ajustar e interromper o fluxo de material. A lateral da tremonha \u00e9 um orif\u00edcio de visualiza\u00e7\u00e3o e um dispositivo de medi\u00e7\u00e3o calibrado.<\/li> <li><img loading=\"lazy\" decoding=\"async\" class=\"size-full wp-image-5399\" src=\"https:\/\/recyclingequipinc.com\/wp-content\/uploads\/2021\/11\/EPS-hot-melting-machine-structure.jpg\" alt=\"Estrutura da m\u00e1quina de fus\u00e3o a quente EPS\" width=\"750\" height=\"624\" srcset=\"https:\/\/recyclingequipinc.com\/wp-content\/uploads\/2021\/11\/EPS-hot-melting-machine-structure.jpg 750w, https:\/\/recyclingequipinc.com\/wp-content\/uploads\/2021\/11\/EPS-hot-melting-machine-structure-300x250.jpg 300w, https:\/\/recyclingequipinc.com\/wp-content\/uploads\/2021\/11\/EPS-hot-melting-machine-structure-600x499.jpg 600w\" sizes=\"(max-width: 750px) 100vw, 750px\" \/><\/li> <\/ul> <h2>Par\u00e2metro densificador de isopor (SL-800\/SL-1000)<\/h2> <table> <tbody> <tr> <td width=\"189\">Modo de densidade de fus\u00e3o a quente EPS<\/td> <td width=\"189\">SL-800<\/td> <td width=\"189\">SL-1000<\/td> <\/tr> <tr> <td width=\"189\">Tamanho da m\u00e1quina<\/td> <td width=\"189\">1580*1300*850mm<\/td> <td width=\"189\">1900*1580*900mm<\/td> <\/tr> <tr> <td width=\"189\">Tamanho de entrada<\/td> <td width=\"189\">800*600mm<\/td> <td width=\"189\">1000*700mm<\/td> <\/tr> <tr> <td width=\"189\">Pot\u00eancia do motor<\/td> <td width=\"189\">18,5 kW<\/td> <td width=\"189\">22 kW<\/td> <\/tr> <tr> <td width=\"189\">Sa\u00edda<\/td> <td width=\"189\">150-200 kg\/hora<\/td> <td width=\"189\">200-250 kg\/hora<\/td> <\/tr> <\/tbody> <\/table>","protected":false},"excerpt":{"rendered":"<p>A m\u00e1quina de fus\u00e3o a quente EPS tamb\u00e9m \u00e9 chamada de m\u00e1quina de esmagamento e aglomera\u00e7\u00e3o de espuma. A m\u00e1quina de fus\u00e3o de espuma pl\u00e1stica \u00e9 usada para processar e reciclar materiais residuais de EPS, EPE, como caixas de fast food de espuma, caixas de bolo, caixas de embalagem de espuma, materiais de isolamento e outros materiais de espuma.<\/p>","protected":false},"featured_media":16826,"template":"","meta":{"site-sidebar-layout":"default","site-content-layout":"default","ast-site-content-layout":"default","site-content-style":"default","site-sidebar-style":"default","ast-global-header-display":"","ast-banner-title-visibility":"","ast-main-header-display":"","ast-hfb-above-header-display":"","ast-hfb-below-header-display":"","ast-hfb-mobile-header-display":"","site-post-title":"","ast-breadcrumbs-content":"","ast-featured-img":"","footer-sml-layout":"","ast-disable-related-posts":"","theme-transparent-header-meta":"default","adv-header-id-meta":"","stick-header-meta":"default","header-above-stick-meta":"","header-main-stick-meta":"","header-below-stick-meta":"","astra-migrate-meta-layouts":"set","ast-page-background-enabled":"default","ast-page-background-meta":{"desktop":{"background-color":"","background-image":"","background-repeat":"repeat","background-position":"center center","background-size":"auto","background-attachment":"scroll","background-type":"","background-media":"","overlay-type":"","overlay-color":"","overlay-opacity":"","overlay-gradient":""},"tablet":{"background-color":"","background-image":"","background-repeat":"repeat","background-position":"center center","background-size":"auto","background-attachment":"scroll","background-type":"","background-media":"","overlay-type":"","overlay-color":"","overlay-opacity":"","overlay-gradient":""},"mobile":{"background-color":"","background-image":"","background-repeat":"repeat","background-position":"center center","background-size":"auto","background-attachment":"scroll","background-type":"","background-media":"","overlay-type":"","overlay-color":"","overlay-opacity":"","overlay-gradient":""}},"ast-content-background-meta":{"desktop":{"background-color":"var(--ast-global-color-5)","background-image":"","background-repeat":"repeat","background-position":"center center","background-size":"auto","background-attachment":"scroll","background-type":"","background-media":"","overlay-type":"","overlay-color":"","overlay-opacity":"","overlay-gradient":""},"tablet":{"background-color":"var(--ast-global-color-5)","background-image":"","background-repeat":"repeat","background-position":"center center","background-size":"auto","background-attachment":"scroll","background-type":"","background-media":"","overlay-type":"","overlay-color":"","overlay-opacity":"","overlay-gradient":""},"mobile":{"background-color":"var(--ast-global-color-5)","background-image":"","background-repeat":"repeat","background-position":"center center","background-size":"auto","background-attachment":"scroll","background-type":"","background-media":"","overlay-type":"","overlay-color":"","overlay-opacity":"","overlay-gradient":""}}},"product_brand":[],"product_cat":[36],"product_tag":[80,89],"class_list":{"0":"post-5287","1":"product","2":"type-product","3":"status-publish","4":"has-post-thumbnail","6":"product_cat-plastic-recycling-machine","7":"product_tag-foam","8":"product_tag-foam-melter","9":"desktop-align-center","10":"tablet-align-center","11":"mobile-align-center","13":"first","14":"instock","15":"shipping-taxable","16":"product-type-simple"},"_links":{"self":[{"href":"https:\/\/recyclingequipinc.com\/pt\/wp-json\/wp\/v2\/product\/5287","targetHints":{"allow":["GET"]}}],"collection":[{"href":"https:\/\/recyclingequipinc.com\/pt\/wp-json\/wp\/v2\/product"}],"about":[{"href":"https:\/\/recyclingequipinc.com\/pt\/wp-json\/wp\/v2\/types\/product"}],"version-history":[{"count":0,"href":"https:\/\/recyclingequipinc.com\/pt\/wp-json\/wp\/v2\/product\/5287\/revisions"}],"wp:featuredmedia":[{"embeddable":true,"href":"https:\/\/recyclingequipinc.com\/pt\/wp-json\/wp\/v2\/media\/16826"}],"wp:attachment":[{"href":"https:\/\/recyclingequipinc.com\/pt\/wp-json\/wp\/v2\/media?parent=5287"}],"wp:term":[{"taxonomy":"product_brand","embeddable":true,"href":"https:\/\/recyclingequipinc.com\/pt\/wp-json\/wp\/v2\/product_brand?post=5287"},{"taxonomy":"product_cat","embeddable":true,"href":"https:\/\/recyclingequipinc.com\/pt\/wp-json\/wp\/v2\/product_cat?post=5287"},{"taxonomy":"product_tag","embeddable":true,"href":"https:\/\/recyclingequipinc.com\/pt\/wp-json\/wp\/v2\/product_tag?post=5287"}],"curies":[{"name":"wp","href":"https:\/\/api.w.org\/{rel}","templated":true}]}}