{"id":5268,"date":"2021-12-07T07:51:24","date_gmt":"2021-12-07T07:51:24","guid":{"rendered":"https:\/\/recyclingequipinc.com\/?post_type=product&#038;p=5268"},"modified":"2025-06-04T11:46:58","modified_gmt":"2025-06-04T03:46:58","slug":"pet-bottle-washing-line-2","status":"publish","type":"product","link":"https:\/\/recyclingequipinc.com\/pt\/product\/pet-bottle-washing-line-2\/","title":{"rendered":"Linha de reciclagem de garrafas PET | Linha de esmagamento e lavagem de garrafas PET"},"content":{"rendered":"<p class=\"translation-block\"><strong><b>A linha de reciclagem de garrafas PET<\/b><\/strong>, tamb\u00e9m conhecida como a <a href=\"https:\/\/recyclingequipinc.com\/pt\/produto\/pet-bottle-recycling-machine\/\">m\u00e1quina de reciclagem de garrafas PET<\/a>, inclui o processo de marca\u00e7\u00e3o de garrafas pl\u00e1sticas, triagem de garrafas pl\u00e1sticas, tritura\u00e7\u00e3o, lavagem, limpeza a alta temperatura, limpeza por fric\u00e7\u00e3o, desidrata\u00e7\u00e3o e armazenamento. As mat\u00e9rias-primas da linha de reciclagem de garrafas pl\u00e1sticas s\u00e3o garrafas de \u00e1gua e garrafas de bebidas do quotidiano. Na pr\u00e1tica, podemos usar estas granuladas pl\u00e1sticas finais para fabricar produtos pl\u00e1sticos, cintas de embalagem, o ingrediente de inclina\u00e7\u00f5es, etc. A nossa empresa projeta e produz removedores de r\u00f3tulos de garrafas de pl\u00e1stico usadas, trituradores de garrafas pl\u00e1sticas usadas, e outros equipamentos econ\u00f3micos e de prote\u00e7\u00e3o ambiental. As m\u00e1quinas envolvidas neste projeto podem ser personalizadas de acordo com as necessidades do cliente.<\/p> <p>Portanto, se voc\u00ea deseja saber que tipo de maquin\u00e1rio \u00e9 nossa empresa, pode deixar seu telefone e necessidades no site ou no final do artigo. O conte\u00fado a seguir tamb\u00e9m envolver\u00e1 informa\u00e7\u00f5es sobre como escolher a m\u00e1quina e a finalidade do equipamento.<\/p> <h2>Fabricantes de garrafas PET de pl\u00e1stico na China<\/h2> <p>foi fundada em 2011 e \u00e9 uma conhecida empresa nacional de m\u00e1quinas e equipamentos. Nossa f\u00e1brica se concentra na fabrica\u00e7\u00e3o de equipamentos de prote\u00e7\u00e3o econ\u00f4mica e ambiental, equipamentos agr\u00edcolas e aliment\u00edcios. Considera\u00e7\u00f5es cient\u00edficas foram realizadas sobre a sele\u00e7\u00e3o de pe\u00e7as do equipamento, design de apar\u00eancia e custos de produ\u00e7\u00e3o do usu\u00e1rio. Al\u00e9m disso, forneceremos uma s\u00e9rie de solu\u00e7\u00f5es para clientes globais. Actualmente, 111 pa\u00edses cooperaram com sucesso. Nosso objetivo \u00e9 ajudar os clientes a mudar o modo de produ\u00e7\u00e3o e de vida, fornecendo produtos e servi\u00e7os, melhorando a efici\u00eancia de sua produ\u00e7\u00e3o e permitindo que a manufatura chinesa se enra\u00edze no mundo.<\/p> <h2>M\u00e1quinas da linha de reciclagem de garrafas PET<\/h2> <figure id=\"attachment_5370\" aria-describedby=\"caption-attachment-5370\" style=\"width: 750px\" class=\"wp-caption aligncenter\"><img fetchpriority=\"high\" decoding=\"async\" class=\"size-full wp-image-5370\" src=\"https:\/\/recyclingequipinc.com\/wp-content\/uploads\/2021\/12\/PET-bottle-washing-and-crushing-line.jpg\" alt=\"Linha de lavagem e britagem de garrafas PET\" width=\"750\" height=\"750\" srcset=\"https:\/\/recyclingequipinc.com\/wp-content\/uploads\/2021\/12\/PET-bottle-washing-and-crushing-line.jpg 750w, https:\/\/recyclingequipinc.com\/wp-content\/uploads\/2021\/12\/PET-bottle-washing-and-crushing-line-100x100.jpg 100w, https:\/\/recyclingequipinc.com\/wp-content\/uploads\/2021\/12\/PET-bottle-washing-and-crushing-line-300x300.jpg 300w, https:\/\/recyclingequipinc.com\/wp-content\/uploads\/2021\/12\/PET-bottle-washing-and-crushing-line-150x150.jpg 150w, https:\/\/recyclingequipinc.com\/wp-content\/uploads\/2021\/12\/PET-bottle-washing-and-crushing-line-600x600.jpg 600w\" sizes=\"(max-width: 750px) 100vw, 750px\" \/><figcaption id=\"caption-attachment-5370\" class=\"wp-caption-text\">Linha de lavagem e britagem de garrafas PET<\/figcaption><\/figure> <h3>Transportador de correia<\/h3> <p>Esta \u00e9 uma das m\u00e1quinas indispens\u00e1veis \u200b\u200bna linha de reciclagem de garrafas pl\u00e1sticas. Sua estrutura geral \u00e9 composta de a\u00e7o, polias e correias. Durante a opera\u00e7\u00e3o, pode transportar mat\u00e9rias-primas ou fragmentos para o pr\u00f3ximo elo. Este \u00e9 o primeiro passo para a obten\u00e7\u00e3o de mat\u00e9ria-prima pura na linha de produ\u00e7\u00e3o, o que melhora muito a efici\u00eancia do trabalho e a taxa de descarga.<\/p> <h3>M\u00e1quina de remo\u00e7\u00e3o de etiquetas<\/h3> <p>Esta m\u00e1quina serve para retirar os r\u00f3tulos das garrafas pl\u00e1sticas. Existem muitas engrenagens na m\u00e1quina. Quando a garrafa entra, a engrenagem gira para frente e para tr\u00e1s para raspar o r\u00f3tulo. A tomada possui um ventilador para soprar a etiqueta de uma tomada e remover as etiquetas da outra tomada, em vez de remover a etiqueta manualmente. Atender \u00e0s necessidades de produ\u00e7\u00e3o em massa. Esse design evita o perigoso trabalho de limpeza manual de etiquetas descartadas e coleta de material, e todo o processo \u00e9 altamente autom\u00e1tico.<\/p> <p><img decoding=\"async\" width=\"750\" height=\"750\" class=\"size-full wp-image-5475 aligncenter\" src=\"https:\/\/recyclingequipinc.com\/wp-content\/uploads\/2021\/09\/Plastic-Label-Remove-Machine.jpg\" alt=\"&quot;&lt;yoastmark\" srcset=\"https:\/\/recyclingequipinc.com\/wp-content\/uploads\/2021\/09\/Plastic-Label-Remove-Machine.jpg 750w, https:\/\/recyclingequipinc.com\/wp-content\/uploads\/2021\/09\/Plastic-Label-Remove-Machine-100x100.jpg 100w, https:\/\/recyclingequipinc.com\/wp-content\/uploads\/2021\/09\/Plastic-Label-Remove-Machine-300x300.jpg 300w, https:\/\/recyclingequipinc.com\/wp-content\/uploads\/2021\/09\/Plastic-Label-Remove-Machine-150x150.jpg 150w, https:\/\/recyclingequipinc.com\/wp-content\/uploads\/2021\/09\/Plastic-Label-Remove-Machine-600x600.jpg 600w\" sizes=\"(max-width: 750px) 100vw, 750px\" \/><\/p> <h3>Triturador de pl\u00e1stico<\/h3> <p>Nosso triturador de pl\u00e1stico \u00e9 a etapa mais importante na linha de reciclagem de garrafas pl\u00e1sticas. E \u00e9 uma escolha necess\u00e1ria para a ind\u00fastria de reciclagem de garrafas pl\u00e1sticas PET. Esta etapa consiste em quebrar a garrafa pl\u00e1stica em peda\u00e7os. Existem 10 facas mec\u00e2nicas feitas de 9CrSi neste dispositivo que s\u00e3o convenientes e r\u00e1pidas de trabalhar. Em compara\u00e7\u00e3o com o trabalho manual, a resist\u00eancia ao esmagamento \u00e9 maior, os produtos obtidos s\u00e3o mais refinados, os materiais processados \u200b\u200bs\u00e3o mais diversos e a quantidade \u00e9 maior.<\/p> <figure id=\"attachment_5477\" aria-describedby=\"caption-attachment-5477\" style=\"width: 750px\" class=\"wp-caption aligncenter\"><img decoding=\"async\" class=\"size-full wp-image-5477\" src=\"https:\/\/recyclingequipinc.com\/wp-content\/uploads\/2021\/09\/Plastic-Crusher-Machine.jpg\" alt=\"M\u00e1quina trituradora de pl\u00e1stico\" width=\"750\" height=\"750\" srcset=\"https:\/\/recyclingequipinc.com\/wp-content\/uploads\/2021\/09\/Plastic-Crusher-Machine.jpg 750w, https:\/\/recyclingequipinc.com\/wp-content\/uploads\/2021\/09\/Plastic-Crusher-Machine-100x100.jpg 100w, https:\/\/recyclingequipinc.com\/wp-content\/uploads\/2021\/09\/Plastic-Crusher-Machine-300x300.jpg 300w, https:\/\/recyclingequipinc.com\/wp-content\/uploads\/2021\/09\/Plastic-Crusher-Machine-150x150.jpg 150w, https:\/\/recyclingequipinc.com\/wp-content\/uploads\/2021\/09\/Plastic-Crusher-Machine-600x600.jpg 600w\" sizes=\"(max-width: 750px) 100vw, 750px\" \/><figcaption id=\"caption-attachment-5477\" class=\"wp-caption-text\">M\u00e1quina trituradora de pl\u00e1stico<\/figcaption><\/figure> <h3>Tanque de lavagem<\/h3> <p>O tanque de lavagem de garrafas pl\u00e1sticas serve para realizar a limpeza preliminar dos fragmentos quebrados. No interior existe um dispositivo para empurrar o parafuso, que empurra o material para frente, por um lado, e vira os detritos para limpeza, por outro. Esta etapa tamb\u00e9m \u00e9 o processo de separa\u00e7\u00e3o da tampa da garrafa PET dos fragmentos da garrafa PET de acordo com as diferentes densidades.<\/p> <h3>Tanque de lavagem com \u00e1gua quente<\/h3> <p>Esta m\u00e1quina \u00e9 uma estrutura aberta com altas temperaturas internas control\u00e1veis. Na verdade, as garrafas pl\u00e1sticas inevitavelmente ter\u00e3o v\u00e1rias manchas, como \u00f3leo, muco e corantes. A alta temperatura apropriada, juntamente com a agita\u00e7\u00e3o adequada do detergente, pode remover com efic\u00e1cia as manchas do produto. A temperatura atinge 80-90 graus Celsius. \u00c9 uma etapa importante para garantir a limpeza do produto.<\/p> <h3>M\u00e1quina de fric\u00e7\u00e3o<\/h3> <p class=\"translation-block\"><strong><b>A m\u00e1quina de fric\u00e7\u00e3o <\/b><\/strong>\u00e9 composta pelo motor principal, motor, quadro de apoio, entrada de \u00e1gua, entrada de alimenta\u00e7\u00e3o, furo de descarga, e assim por diante. A parte inferior do corpo \u00e9 um filtro de malha fina, h\u00e1 uma entrada externa de \u00e1gua no topo. E os materiais entram pela entrada de alimenta\u00e7\u00e3o, o parafuso de alta velocidade permite que o material seja totalmente friccionado com a \u00e1gua em movimento. Este passo pode alcan\u00e7ar a limpeza completa do material.<\/p> <h3>Tanque de lavagem<\/h3> <p class=\"translation-block\"><strong><b>O tanque de lavagem <\/b><\/strong>destina-se a limpar os fragmentos de PET novamente. O dispositivo de empurr\u00e3o de parafuso dentro dele empurra o material para a frente.<\/p> <h3>M\u00e1quina de desidrata\u00e7\u00e3o de pl\u00e1stico<\/h3> <p>Uma m\u00e1quina de desidrata\u00e7\u00e3o de pl\u00e1stico \u00e9 usada para desidratar e secar os fragmentos. Os fragmentos \u00famidos s\u00e3o transferidos para o desidratador por uma rosca transportadora para rota\u00e7\u00e3o em alta velocidade para remover o excesso de \u00e1gua e impurezas e secos, de modo a obter um produto acabado seco, limpo e f\u00e1cil de armazenar.<\/p> <figure id=\"attachment_5478\" aria-describedby=\"caption-attachment-5478\" style=\"width: 750px\" class=\"wp-caption aligncenter\"><img loading=\"lazy\" decoding=\"async\" class=\"size-full wp-image-5478\" src=\"https:\/\/recyclingequipinc.com\/wp-content\/uploads\/2021\/09\/Plastic-Dewatering-Machine.jpg\" alt=\"M\u00e1quina de desidrata\u00e7\u00e3o de pl\u00e1stico\" width=\"750\" height=\"750\" srcset=\"https:\/\/recyclingequipinc.com\/wp-content\/uploads\/2021\/09\/Plastic-Dewatering-Machine.jpg 750w, https:\/\/recyclingequipinc.com\/wp-content\/uploads\/2021\/09\/Plastic-Dewatering-Machine-100x100.jpg 100w, https:\/\/recyclingequipinc.com\/wp-content\/uploads\/2021\/09\/Plastic-Dewatering-Machine-300x300.jpg 300w, https:\/\/recyclingequipinc.com\/wp-content\/uploads\/2021\/09\/Plastic-Dewatering-Machine-150x150.jpg 150w, https:\/\/recyclingequipinc.com\/wp-content\/uploads\/2021\/09\/Plastic-Dewatering-Machine-600x600.jpg 600w\" sizes=\"(max-width: 750px) 100vw, 750px\" \/><figcaption id=\"caption-attachment-5478\" class=\"wp-caption-text\">M\u00e1quina de desidrata\u00e7\u00e3o de pl\u00e1stico<\/figcaption><\/figure> <h3>Caixa de armazenamento<\/h3> <p>As caixas de armazenamento podem armazenar produtos acabados. O processo inclui principalmente sopradores, tubos, barris de armazenamento, etc. O vento dos sopradores \u00e9 usado para transportar os produtos secos at\u00e9 os barris de armazenamento para armazenamento. Isto \u00e9 conveniente e r\u00e1pido e reduz a poss\u00edvel polui\u00e7\u00e3o no processo de constru\u00e7\u00e3o.<\/p> <h2>Caracter\u00edsticas da linha de limpeza de garrafas PET<\/h2> <figure id=\"attachment_5371\" aria-describedby=\"caption-attachment-5371\" style=\"width: 1079px\" class=\"wp-caption alignnone\"><img loading=\"lazy\" decoding=\"async\" class=\"wp-image-5371 size-full\" src=\"https:\/\/recyclingequipinc.com\/wp-content\/uploads\/2021\/12\/PET-bottle-washing-line-chartflow.jpg\" alt=\"Fluxo do gr\u00e1fico de linhas de reciclagem de garrafas PET\" width=\"1079\" height=\"282\" srcset=\"https:\/\/recyclingequipinc.com\/wp-content\/uploads\/2021\/12\/PET-bottle-washing-line-chartflow.jpg 1079w, https:\/\/recyclingequipinc.com\/wp-content\/uploads\/2021\/12\/PET-bottle-washing-line-chartflow-750x196.jpg 750w, https:\/\/recyclingequipinc.com\/wp-content\/uploads\/2021\/12\/PET-bottle-washing-line-chartflow-300x78.jpg 300w, https:\/\/recyclingequipinc.com\/wp-content\/uploads\/2021\/12\/PET-bottle-washing-line-chartflow-1024x268.jpg 1024w, https:\/\/recyclingequipinc.com\/wp-content\/uploads\/2021\/12\/PET-bottle-washing-line-chartflow-768x201.jpg 768w, https:\/\/recyclingequipinc.com\/wp-content\/uploads\/2021\/12\/PET-bottle-washing-line-chartflow-600x157.jpg 600w\" sizes=\"(max-width: 1079px) 100vw, 1079px\" \/><figcaption id=\"caption-attachment-5371\" class=\"wp-caption-text\">Fluxo do gr\u00e1fico de linhas de reciclagem de garrafas PET<\/figcaption><\/figure> <p>Todo o conjunto de linha de lavagem de garrafas PET tem as vantagens de alta automa\u00e7\u00e3o, baixo consumo de energia, alto rendimento e alta qualidade de processamento. Assim, os flocos finais de PET ficam bem limpos e em peda\u00e7os pequenos, prontos para a fabrica\u00e7\u00e3o de fibras descont\u00ednuas de poli\u00e9ster ou gr\u00e2nulos de pl\u00e1stico. A f\u00e1brica de fibras qu\u00edmicas ou os fabricantes de produtos pl\u00e1sticos podem extrair e reprocessar diretamente sem limpeza adicional. Ao mesmo tempo, voc\u00ea pode escolher diferentes combina\u00e7\u00f5es de acordo com os tipos de mat\u00e9rias-primas e diferentes requisitos de qualidade de limpeza de garrafas. Portanto, pode atender \u00e0s necessidades de diferentes usu\u00e1rios.<\/p> <div id='gallery-1' class='gallery galleryid-5268 gallery-columns-3 gallery-size-thumbnail'><figure class='gallery-item'> \t\t\t<div class='gallery-icon landscape'> \t\t\t\t<a href='https:\/\/recyclingequipinc.com\/pt\/?attachment_id=5373'><img loading=\"lazy\" decoding=\"async\" width=\"150\" height=\"150\" src=\"https:\/\/recyclingequipinc.com\/wp-content\/uploads\/2021\/12\/raw-PET-bottles-150x150.png\" class=\"attachment-thumbnail size-thumbnail\" alt=\"garrafas PET cruas\" aria-describedby=\"gallery-1-5373\" srcset=\"https:\/\/recyclingequipinc.com\/wp-content\/uploads\/2021\/12\/raw-PET-bottles-150x150.png 150w, https:\/\/recyclingequipinc.com\/wp-content\/uploads\/2021\/12\/raw-PET-bottles-100x100.png 100w, https:\/\/recyclingequipinc.com\/wp-content\/uploads\/2021\/12\/raw-PET-bottles-300x300.png 300w\" sizes=\"(max-width: 150px) 100vw, 150px\" \/><\/a> \t\t\t<\/div> \t\t\t\t<figcaption class='wp-caption-text gallery-caption' id='gallery-1-5373'> \t\t\t\tgarrafas PET cruas \t\t\t\t<\/figcaption><\/figure><figure class='gallery-item'> \t\t\t<div class='gallery-icon landscape'> \t\t\t\t<a href='https:\/\/recyclingequipinc.com\/pt\/?attachment_id=5372'><img loading=\"lazy\" decoding=\"async\" width=\"150\" height=\"150\" src=\"https:\/\/recyclingequipinc.com\/wp-content\/uploads\/2021\/12\/PET-flakes-150x150.png\" class=\"attachment-thumbnail size-thumbnail\" alt=\"Flocos de PET\" aria-describedby=\"gallery-1-5372\" srcset=\"https:\/\/recyclingequipinc.com\/wp-content\/uploads\/2021\/12\/PET-flakes-150x150.png 150w, https:\/\/recyclingequipinc.com\/wp-content\/uploads\/2021\/12\/PET-flakes-100x100.png 100w, https:\/\/recyclingequipinc.com\/wp-content\/uploads\/2021\/12\/PET-flakes-300x300.png 300w\" sizes=\"(max-width: 150px) 100vw, 150px\" \/><\/a> \t\t\t<\/div> \t\t\t\t<figcaption class='wp-caption-text gallery-caption' id='gallery-1-5372'> \t\t\t\tFlocos de PET \t\t\t\t<\/figcaption><\/figure> \t\t<\/div>  <h3>V\u00eddeo de equipamento de reciclagem de garrafas PET<\/h3> <div class=\"ast-oembed-container\" style=\"height: 100%;\"><iframe title=\"V\u00eddeo expl\u00edcito de linha autom\u00e1tica de reciclagem de res\u00edduos de garrafas PET para fazer flocos de pl\u00e1stico PET na f\u00e1brica\" width=\"500\" height=\"281\" src=\"https:\/\/www.youtube.com\/embed\/NxbTX2KwQfA?feature=oembed\" frameborder=\"0\" allow=\"accelerometer; autoplay; clipboard-write; encrypted-media; gyroscope; picture-in-picture; web-share\" referrerpolicy=\"strict-origin-when-cross-origin\" allowfullscreen><\/iframe><\/div> <h3>Como escolher a linha certa de reciclagem de garrafas pl\u00e1sticas?<\/h3> <p>Ao escolher o equipamento para reciclagem de garrafas PET, voc\u00ea deve primeiro esclarecer quais s\u00e3o as mat\u00e9rias-primas que deseja processar e os produtos que obt\u00e9m, para depois pesquisar na Internet os equipamentos com uma finalidade. O equipamento na reciclagem de garrafas pl\u00e1sticas \u00e9 basicamente o mesmo. Por\u00e9m, devido \u00e0 limpeza diferente dos res\u00edduos de garrafas pl\u00e1sticas, s\u00e3o necess\u00e1rias m\u00faltiplas limpezas durante o processo de produ\u00e7\u00e3o. Portanto, \u00e9 necess\u00e1rio adquirir diversos equipamentos de limpeza. Na hora de comprar voc\u00ea pode estar atento \u00e0 vida \u00fatil do equipamento, consumo de energia, m\u00e9todos de limpeza, etc. Se voc\u00ea comprar de nossa empresa, tomaremos a iniciativa de perguntar suas necessidades e dar-lhe sugest\u00f5es razo\u00e1veis, e considerar isso para voc\u00ea de uma forma geral.<\/p> <h2>Pre\u00e7o da m\u00e1quina de reciclagem de garrafas PET<\/h2> <p>Presumivelmente, todo mundo quer saber o pre\u00e7o dos equipamentos de reciclagem de garrafas pl\u00e1sticas usadas. Devido \u00e0 limita\u00e7\u00e3o de prazo de entrega, forma de transporte e outras condi\u00e7\u00f5es, a tabela de pre\u00e7os da linha de reciclagem de garrafas PET pode ser diferente. Al\u00e9m disso, o equipamento \u00e9 personaliz\u00e1vel. Se voc\u00ea deseja que a m\u00e1quina tenha pe\u00e7as melhores e um design mais f\u00e1cil de usar, precisamos discutir mais. Forneceremos produtos mais econ\u00f4micos a um pre\u00e7o mais favor\u00e1vel.<\/p> <h2>O que \u00e9 reciclagem de pl\u00e1stico?<\/h2> <p class=\"translation-block\"><strong><b>Reciclagem de pl\u00e1stico<\/b><\/strong> refere-se ao uso de certos processos de reciclagem para reciclar pl\u00e1sticos industriais para alcan\u00e7ar o objetivo de transformar o desperd\u00edcio em recurso. Presentemente, os pl\u00e1sticos de desperd\u00edcio s\u00e3o principalmente filmes pl\u00e1sticos, filamentos pl\u00e1sticos e produtos tecidados, caixas e recipientes de embalagem pl\u00e1stica, produtos pl\u00e1sticos di\u00e1rios, sacos pl\u00e1sticos e cobertura agr\u00edcola. A linha de reciclagem de garrafas PET utiliza equipamento de extrus\u00e3o espec\u00edfico para processar pl\u00e1stico <a href=\"https:\/\/en.wikipedia.org\/wiki\/Polyethylene\" target=\"_blank\" rel=\"noopener\">polietileno<\/a>, polipropileno e outros Pl\u00e1sticos atrav\u00e9s de processos de tritura\u00e7\u00e3o, limpeza, aquecimento, plastifica\u00e7\u00e3o, moldagem por extrus\u00e3o para produzir pellets pl\u00e1sticos aptos para o mercado.<\/p> <h2>Efeitos da reciclagem de garrafas pl\u00e1sticas<\/h2> <p class=\"translation-block\"><strong>O valor das <span class=\"notranslate\">flocos<\/span> pl\u00e1sticos<\/strong><\/p> <p>A maioria das garrafas de bebidas \u00e9 feita de pl\u00e1stico PET, PE, PP. H\u00e1 um n\u00famero surpreendente de res\u00edduos de materiais de embalagem de bebidas, como garrafas pl\u00e1sticas. Portanto, se forem efetivamente reciclados e processados, gerar\u00e3o um enorme valor de reciclagem e se tornar\u00e3o um \u201crecurso para o local\u201d.<\/p> <p class=\"translation-block\"><strong>Quantas vezes pode o PET ser reciclado?<\/strong><\/p> <p>Os pellets de pl\u00e1stico podem ser obtidos na linha de reciclagem de garrafas pl\u00e1sticas para produzir produtos pl\u00e1sticos novamente? A resposta \u00e9 claro. No entanto, voc\u00ea deve adicionar pl\u00e1stico virgem durante o reprocessamento. Desta forma, a reciclagem do pl\u00e1stico pode ser alcan\u00e7ada. Novos testes cient\u00edficos demonstraram que o PET e o HDPE, que constituem 97% de todas as garrafas pl\u00e1sticas no mercado norte-americano de garrafas, podem ser reciclados e reutilizados em novos recipientes pelo menos dez vezes.<\/p> <h2>Contate-nos<\/h2> <p>As m\u00e1quinas na linha de reciclagem de garrafas PET incluem principalmente uma m\u00e1quina de remo\u00e7\u00e3o de etiqueta, triturador de garrafas pl\u00e1sticas, m\u00e1quina de limpeza de alta temperatura, m\u00e1quina de limpeza por fric\u00e7\u00e3o, etc. Se ainda tiver alguma d\u00favida, entre em contato conosco ou deixe seus dados de contato. Ent\u00e3o podemos resolver o problema detalhadamente para voc\u00ea.<\/p>","protected":false},"excerpt":{"rendered":"<p>The PET bottle recycling line, also known as the PET bottle recycling machine, includes the process of plastic bottle de-marking, [&hellip;]<\/p>\n","protected":false},"featured_media":5392,"template":"","meta":{"site-sidebar-layout":"default","site-content-layout":"default","ast-site-content-layout":"default","site-content-style":"default","site-sidebar-style":"default","ast-global-header-display":"","ast-banner-title-visibility":"","ast-main-header-display":"","ast-hfb-above-header-display":"","ast-hfb-below-header-display":"","ast-hfb-mobile-header-display":"","site-post-title":"","ast-breadcrumbs-content":"","ast-featured-img":"","footer-sml-layout":"","ast-disable-related-posts":"","theme-transparent-header-meta":"default","adv-header-id-meta":"","stick-header-meta":"default","header-above-stick-meta":"","header-main-stick-meta":"","header-below-stick-meta":"","astra-migrate-meta-layouts":"set","ast-page-background-enabled":"default","ast-page-background-meta":{"desktop":{"background-color":"","background-image":"","background-repeat":"repeat","background-position":"center center","background-size":"auto","background-attachment":"scroll","background-type":"","background-media":"","overlay-type":"","overlay-color":"","overlay-opacity":"","overlay-gradient":""},"tablet":{"background-color":"","background-image":"","background-repeat":"repeat","background-position":"center center","background-size":"auto","background-attachment":"scroll","background-type":"","background-media":"","overlay-type":"","overlay-color":"","overlay-opacity":"","overlay-gradient":""},"mobile":{"background-color":"","background-image":"","background-repeat":"repeat","background-position":"center center","background-size":"auto","background-attachment":"scroll","background-type":"","background-media":"","overlay-type":"","overlay-color":"","overlay-opacity":"","overlay-gradient":""}},"ast-content-background-meta":{"desktop":{"background-color":"var(--ast-global-color-5)","background-image":"","background-repeat":"repeat","background-position":"center center","background-size":"auto","background-attachment":"scroll","background-type":"","background-media":"","overlay-type":"","overlay-color":"","overlay-opacity":"","overlay-gradient":""},"tablet":{"background-color":"var(--ast-global-color-5)","background-image":"","background-repeat":"repeat","background-position":"center center","background-size":"auto","background-attachment":"scroll","background-type":"","background-media":"","overlay-type":"","overlay-color":"","overlay-opacity":"","overlay-gradient":""},"mobile":{"background-color":"var(--ast-global-color-5)","background-image":"","background-repeat":"repeat","background-position":"center center","background-size":"auto","background-attachment":"scroll","background-type":"","background-media":"","overlay-type":"","overlay-color":"","overlay-opacity":"","overlay-gradient":""}}},"product_brand":[],"product_cat":[130],"product_tag":[88],"class_list":{"0":"post-5268","1":"product","2":"type-product","3":"status-publish","4":"has-post-thumbnail","6":"product_cat-solution","7":"product_tag-pet-recycling","8":"desktop-align-center","9":"tablet-align-center","10":"mobile-align-center","12":"first","13":"instock","14":"shipping-taxable","15":"product-type-simple"},"_links":{"self":[{"href":"https:\/\/recyclingequipinc.com\/pt\/wp-json\/wp\/v2\/product\/5268","targetHints":{"allow":["GET"]}}],"collection":[{"href":"https:\/\/recyclingequipinc.com\/pt\/wp-json\/wp\/v2\/product"}],"about":[{"href":"https:\/\/recyclingequipinc.com\/pt\/wp-json\/wp\/v2\/types\/product"}],"version-history":[{"count":0,"href":"https:\/\/recyclingequipinc.com\/pt\/wp-json\/wp\/v2\/product\/5268\/revisions"}],"wp:featuredmedia":[{"embeddable":true,"href":"https:\/\/recyclingequipinc.com\/pt\/wp-json\/wp\/v2\/media\/5392"}],"wp:attachment":[{"href":"https:\/\/recyclingequipinc.com\/pt\/wp-json\/wp\/v2\/media?parent=5268"}],"wp:term":[{"taxonomy":"product_brand","embeddable":true,"href":"https:\/\/recyclingequipinc.com\/pt\/wp-json\/wp\/v2\/product_brand?post=5268"},{"taxonomy":"product_cat","embeddable":true,"href":"https:\/\/recyclingequipinc.com\/pt\/wp-json\/wp\/v2\/product_cat?post=5268"},{"taxonomy":"product_tag","embeddable":true,"href":"https:\/\/recyclingequipinc.com\/pt\/wp-json\/wp\/v2\/product_tag?post=5268"}],"curies":[{"name":"wp","href":"https:\/\/api.w.org\/{rel}","templated":true}]}}