{"id":5245,"date":"2021-11-05T06:58:31","date_gmt":"2021-11-05T06:58:31","guid":{"rendered":"https:\/\/recyclingequipinc.com\/?post_type=product&#038;p=5245"},"modified":"2025-01-20T10:19:20","modified_gmt":"2025-01-20T02:19:20","slug":"plastic-granulator-machine","status":"publish","type":"product","link":"https:\/\/recyclingequipinc.com\/pt\/product\/plastic-granulator-machine\/","title":{"rendered":"M\u00e1quina granuladora de pl\u00e1stico para reciclagem de PP LDPE HDPE"},"content":{"rendered":"<p class=\"translation-block\"><strong>M\u00e1quina granuladora de pl\u00e1stico<\/strong> tamb\u00e9m chamada de m\u00e1quina de fazer gr\u00e2nulos de pl\u00e1stico. \u00c9 o equipamento para fundir e extrudar res\u00edduos de PP (polietileno) ou PE (polipropileno) para fabricar gr\u00e2nulos de pl\u00e1stico. O motor principal do granulador \u00e9 uma extrusora, que consiste em um sistema de extrus\u00e3o, um sistema de transmiss\u00e3o e um sistema de aquecimento e resfriamento. Pl\u00e1stico quebrado, limpo e seco pode ser colocado diretamente na m\u00e1quina extrusora. Em seguida, as tiras de pl\u00e1stico extrudadas geralmente precisam ser resfriadas em um tanque de resfriamento e cortadas em pastilhas por uma m\u00e1quina de corte de pastilhas. A m\u00e1quina peletizadora de filme pl\u00e1stico \u00e9 uma parte importante da planta de reciclagem de pl\u00e1stico. \u00c9 ben\u00e9fica para o desenvolvimento vigoroso de recursos renov\u00e1veis e para transformar res\u00edduos em tesouros.<\/p> <h2>V\u00eddeo de trabalho<\/h2> <div class=\"ast-oembed-container\" style=\"height: 100%;\"><iframe title=\"M\u00e1quina de fabrica\u00e7\u00e3o de gr\u00e2nulos de PVC\/LDPE\/HDPE para f\u00e1bricas globais de reciclagem de pl\u00e1stico\" width=\"500\" height=\"281\" src=\"https:\/\/www.youtube.com\/embed\/byd5tq96FqE?feature=oembed\" frameborder=\"0\" allow=\"accelerometer; autoplay; clipboard-write; encrypted-media; gyroscope; picture-in-picture; web-share\" referrerpolicy=\"strict-origin-when-cross-origin\" allowfullscreen><\/iframe><\/div> <h2>Material aplic\u00e1vel para granulador de reciclagem<\/h2> <p>O design da m\u00e1quina para fabricar gr\u00e2nulos de pl\u00e1stico permite processar eficientemente uma ampla gama de materiais residuais em pellets. No caso dos res\u00edduos pl\u00e1sticos, dividimo-los em pl\u00e1sticos p\u00f3s-consumo e p\u00f3s-industriais, sendo que ambos podem ser processados \u200b\u200bnas nossas m\u00e1quinas de reciclagem.<\/p> <p>Reciclagem de materiais p\u00f3s-industriais: Para poupar nos custos de mat\u00e9rias-primas e concretizar uma economia circular, muitos produtores de pl\u00e1stico, como os fabricantes de sacos de pl\u00e1stico, reciclam as suas aparas e depois continuam a transformar os pellets que produzem em produtos pl\u00e1sticos. Esses pl\u00e1sticos p\u00f3s-industriais incluem cortes de sacos de HDPE\/LDPE, filmes em rolos, produtos de filmes e sacos defeituosos, sacos com z\u00edper impressos, tubos de PVC HDPE defeituosos, reafia\u00e7\u00f5es de PP\/HDPE\/LDPE, sementes de irriga\u00e7\u00e3o macias\/r\u00edgidas de HDPE, etc. .<\/p> <p>Materiais de reciclagem p\u00f3s-consumo: Todos os produtos pl\u00e1sticos usados \u200b\u200be descartados, como garrafas pl\u00e1sticas usadas, sacolas pl\u00e1sticas, medidores abandonados, pe\u00e7as de autom\u00f3veis, recipientes de alimentos, tambores de produtos qu\u00edmicos, paletes de pl\u00e1stico, cordas PP, peda\u00e7os de pl\u00e1stico, gal\u00f5es, tubos de cosm\u00e9ticos, pl\u00e1sticos bolha , filmes laminados\/multicamadas, materiais de embalagem flex\u00edveis e assim por diante.<\/p> <h2>M\u00e1quina granuladora de pl\u00e1stico para venda<\/h2> <p class=\"translation-block\">Como m\u00e1quina principal da <a href=\"https:\/\/recyclingequipinc.com\/pt\/produto\/plastic-film-recycling-machine\/\"><strong>linha de produ\u00e7\u00e3o de gr\u00e2nulos de pl\u00e1stico<\/strong><\/a>, o equipamento aplica-se \u00e0 peletiza\u00e7\u00e3o de uma variedade de materiais. A apar\u00eancia dos granuladores para manusear diferentes materiais \u00e9 semelhante, mas n\u00e3o igual. Seus componentes internos precisam ser ajustados de acordo com o material espec\u00edfico, como o di\u00e2metro do parafuso interno, a dist\u00e2ncia entre o parafuso e a parede do cilindro e o comprimento do parafuso.<\/p> <p>Portanto, uma m\u00e1quina ajustada corresponde a um tipo de material. O equipamento ajustado \u00e9 mais adequado \u00e0 propriedade da sua mat\u00e9ria-prima. Assim voc\u00ea pode entrar em contato conosco para obter informa\u00e7\u00f5es mais detalhadas, informando qual material deseja pelotizar. Al\u00e9m disso, apoiamos servi\u00e7os de customiza\u00e7\u00e3o de acordo com suas necessidades espec\u00edficas de reciclagem.<\/p> <h2>Cena de exibi\u00e7\u00e3o de m\u00e1quina de f\u00e1brica<\/h2> <div id='gallery-1' class='gallery galleryid-5245 gallery-columns-2 gallery-size-full'><figure class='gallery-item'> \t\t\t<div class='gallery-icon landscape'> \t\t\t\t<img fetchpriority=\"high\" decoding=\"async\" width=\"720\" height=\"540\" src=\"https:\/\/recyclingequipinc.com\/wp-content\/uploads\/2021\/11\/plastic-granulation-machine.webp\" class=\"attachment-full size-full\" alt=\"m\u00e1quina de granula\u00e7\u00e3o de pl\u00e1stico\" aria-describedby=\"gallery-1-16776\" srcset=\"https:\/\/recyclingequipinc.com\/wp-content\/uploads\/2021\/11\/plastic-granulation-machine.webp 720w, https:\/\/recyclingequipinc.com\/wp-content\/uploads\/2021\/11\/plastic-granulation-machine-300x225.webp 300w, https:\/\/recyclingequipinc.com\/wp-content\/uploads\/2021\/11\/plastic-granulation-machine-16x12.webp 16w\" sizes=\"(max-width: 720px) 100vw, 720px\" \/> \t\t\t<\/div> \t\t\t\t<figcaption class='wp-caption-text gallery-caption' id='gallery-1-16776'> \t\t\t\tm\u00e1quina de granula\u00e7\u00e3o de pl\u00e1stico \t\t\t\t<\/figcaption><\/figure><figure class='gallery-item'> \t\t\t<div class='gallery-icon landscape'> \t\t\t\t<img decoding=\"async\" width=\"720\" height=\"540\" src=\"https:\/\/recyclingequipinc.com\/wp-content\/uploads\/2021\/11\/HDPE-granule-making-machine-1.webp\" class=\"attachment-full size-full\" alt=\"M\u00e1quina para fazer gr\u00e2nulos de HDPE\" aria-describedby=\"gallery-1-16790\" srcset=\"https:\/\/recyclingequipinc.com\/wp-content\/uploads\/2021\/11\/HDPE-granule-making-machine-1.webp 720w, https:\/\/recyclingequipinc.com\/wp-content\/uploads\/2021\/11\/HDPE-granule-making-machine-1-300x225.webp 300w, https:\/\/recyclingequipinc.com\/wp-content\/uploads\/2021\/11\/HDPE-granule-making-machine-1-16x12.webp 16w\" sizes=\"(max-width: 720px) 100vw, 720px\" \/> \t\t\t<\/div> \t\t\t\t<figcaption class='wp-caption-text gallery-caption' id='gallery-1-16790'> \t\t\t\tM\u00e1quina para fazer gr\u00e2nulos de HDPE  \t\t\t\t<\/figcaption><\/figure> \t\t<\/div>  <div id='gallery-2' class='gallery galleryid-5245 gallery-columns-2 gallery-size-full'><figure class='gallery-item'> \t\t\t<div class='gallery-icon landscape'> \t\t\t\t<img decoding=\"async\" width=\"720\" height=\"540\" src=\"https:\/\/recyclingequipinc.com\/wp-content\/uploads\/2021\/11\/plastic-granules-production-machine.webp\" class=\"attachment-full size-full\" alt=\"m\u00e1quina de produ\u00e7\u00e3o de gr\u00e2nulos de pl\u00e1stico\" aria-describedby=\"gallery-2-16780\" srcset=\"https:\/\/recyclingequipinc.com\/wp-content\/uploads\/2021\/11\/plastic-granules-production-machine.webp 720w, https:\/\/recyclingequipinc.com\/wp-content\/uploads\/2021\/11\/plastic-granules-production-machine-300x225.webp 300w, https:\/\/recyclingequipinc.com\/wp-content\/uploads\/2021\/11\/plastic-granules-production-machine-16x12.webp 16w\" sizes=\"(max-width: 720px) 100vw, 720px\" \/> \t\t\t<\/div> \t\t\t\t<figcaption class='wp-caption-text gallery-caption' id='gallery-2-16780'> \t\t\t\tm\u00e1quina de produ\u00e7\u00e3o de gr\u00e2nulos de pl\u00e1stico \t\t\t\t<\/figcaption><\/figure><figure class='gallery-item'> \t\t\t<div class='gallery-icon landscape'> \t\t\t\t<img loading=\"lazy\" decoding=\"async\" width=\"720\" height=\"540\" src=\"https:\/\/recyclingequipinc.com\/wp-content\/uploads\/2021\/11\/PP-LDPE-HDPE-granulator.webp\" class=\"attachment-full size-full\" alt=\"Granulador PP LDPE HDPE\" aria-describedby=\"gallery-2-16775\" srcset=\"https:\/\/recyclingequipinc.com\/wp-content\/uploads\/2021\/11\/PP-LDPE-HDPE-granulator.webp 720w, https:\/\/recyclingequipinc.com\/wp-content\/uploads\/2021\/11\/PP-LDPE-HDPE-granulator-300x225.webp 300w, https:\/\/recyclingequipinc.com\/wp-content\/uploads\/2021\/11\/PP-LDPE-HDPE-granulator-16x12.webp 16w\" sizes=\"(max-width: 720px) 100vw, 720px\" \/> \t\t\t<\/div> \t\t\t\t<figcaption class='wp-caption-text gallery-caption' id='gallery-2-16775'> \t\t\t\tGranulador PP LDPE HDPE \t\t\t\t<\/figcaption><\/figure> \t\t<\/div>  <p>&nbsp;<\/p> <h2>Recursos e benef\u00edcios do equipamento de granula\u00e7\u00e3o de pl\u00e1stico<\/h2> <ol> <li>Design exclusivo, bom desempenho, baixo ru\u00eddo, funcionamento est\u00e1vel e opera\u00e7\u00e3o simples<\/li> <li>Processo simples, tecnologia avan\u00e7ada e adequado para v\u00e1rios res\u00edduos de pl\u00e1sticos<\/li> <li>O parafuso e o cilindro s\u00e3o resistentes ao desgaste, dur\u00e1veis \u200b\u200be de alto rendimento.<\/li> <li>A m\u00e1quina granuladora de pl\u00e1stico pode lidar com 2 a 30 toneladas de res\u00edduos de pl\u00e1stico por dia.<\/li> <li>M\u00e1quinas principais e auxiliares integradas, instala\u00e7\u00e3o simples, \u00e1rea ocupada pequena, desempenho de alto custo.<\/li> <li>Use aquecimento ininterrupto por fric\u00e7\u00e3o de alta press\u00e3o, modo de aquecimento multifuncional, equipado com um sistema de temperatura constante<\/li> <li>N\u00e3o precisa aquecer continuamente, reduzindo o consumo de energia em 30-40%.<\/li> <li>Alta automa\u00e7\u00e3o, algumas interven\u00e7\u00f5es humanas<\/li> <li>O servi\u00e7o de personaliza\u00e7\u00e3o est\u00e1 dispon\u00edvel.<\/li> <\/ol> <figure id=\"attachment_5257\" aria-describedby=\"caption-attachment-5257\" style=\"width: 750px\" class=\"wp-caption aligncenter\"><img loading=\"lazy\" decoding=\"async\" class=\"size-full wp-image-5257\" src=\"https:\/\/recyclingequipinc.com\/wp-content\/uploads\/2021\/11\/electric-mold-head.jpg\" alt=\"cabe\u00e7a de molde el\u00e9trica\" width=\"750\" height=\"500\" srcset=\"https:\/\/recyclingequipinc.com\/wp-content\/uploads\/2021\/11\/electric-mold-head.jpg 750w, https:\/\/recyclingequipinc.com\/wp-content\/uploads\/2021\/11\/electric-mold-head-300x200.jpg 300w, https:\/\/recyclingequipinc.com\/wp-content\/uploads\/2021\/11\/electric-mold-head-600x400.jpg 600w\" sizes=\"(max-width: 750px) 100vw, 750px\" \/><figcaption id=\"caption-attachment-5257\" class=\"wp-caption-text\">cabe\u00e7a de molde el\u00e9trica<\/figcaption><\/figure> <h2>Estrutura da m\u00e1quina<\/h2> <p>A estrutura da m\u00e1quina para fabricar gr\u00e2nulos de pl\u00e1stico \u00e9 composta por um redutor, porta de alimenta\u00e7\u00e3o, dispositivo de aquecimento, c\u00e2mara de prensa, porta de descarga, prensa de parafuso, cabe\u00e7a de molde, base e outras pe\u00e7as.<\/p> <p class=\"translation-block\">O <strong><b>redutor<\/b><\/strong> \u00e9 um redutor de superf\u00edcie de engrenagem dura. Sua qualidade \u00e9 de grande import\u00e2ncia como uma parte crucial da extrusora de pl\u00e1stico. Atualmente, a classifica\u00e7\u00e3o de qualidade dos redutores comuns no mercado \u00e9 redutor de caracol antigo &lt; redutor comum &lt; redutor de superf\u00edcie de engrenagem semi-dura &lt; redutor de superf\u00edcie de engrenagem dura.<\/p> <p class=\"translation-block\">Existem dois tipos principais de <strong><b>cabe\u00e7a de molde<\/b><\/strong> para extrus\u00e3o de pl\u00e1stico, cabe\u00e7a de molde el\u00e9trica e cabe\u00e7a de molde hidr\u00e1ulica. A tela do filtro da cabe\u00e7a de molde hidr\u00e1ulica pode ser substitu\u00edda sem parar a m\u00e1quina. Para material com muitas impurezas, a hidr\u00e1ulica \u00e9 mais adequada. Mas o custo tamb\u00e9m \u00e9 maior. O modelo da m\u00e1quina granuladora de pl\u00e1stico \u00e9 dividido principalmente pelo di\u00e2metro do parafuso. O parafuso \u00e9 feito de a\u00e7o 45#, 40CR, 38CRSI. O modelo do equipamento de granula\u00e7\u00e3o de pl\u00e1stico \u00e9 dividido principalmente de acordo com o di\u00e2metro da prensa de parafuso. Servi\u00e7os de personaliza\u00e7\u00e3o de cromagem, nitreta\u00e7\u00e3o e outros processos est\u00e3o dispon\u00edveis de acordo com suas caracter\u00edsticas de processamento de pl\u00e1stico.<\/p> <figure id=\"attachment_5249\" aria-describedby=\"caption-attachment-5249\" style=\"width: 750px\" class=\"wp-caption aligncenter\"><img loading=\"lazy\" decoding=\"async\" class=\"size-full wp-image-5249\" src=\"https:\/\/recyclingequipinc.com\/wp-content\/uploads\/2021\/11\/plastic-pellet-making-machine-structure.jpg\" alt=\"estrutura da m\u00e1quina para fabricar pelotas de pl\u00e1stico\" width=\"750\" height=\"500\" srcset=\"https:\/\/recyclingequipinc.com\/wp-content\/uploads\/2021\/11\/plastic-pellet-making-machine-structure.jpg 750w, https:\/\/recyclingequipinc.com\/wp-content\/uploads\/2021\/11\/plastic-pellet-making-machine-structure-300x200.jpg 300w, https:\/\/recyclingequipinc.com\/wp-content\/uploads\/2021\/11\/plastic-pellet-making-machine-structure-600x400.jpg 600w\" sizes=\"(max-width: 750px) 100vw, 750px\" \/><figcaption id=\"caption-attachment-5249\" class=\"wp-caption-text\">estrutura da m\u00e1quina para fabricar pelotas de pl\u00e1stico<\/figcaption><\/figure> <h2>O sistema de aquecimento da m\u00e1quina de granula\u00e7\u00e3o LDPE\/HDPE<\/h2> <p>O m\u00e9todo de aquecimento da extrusora de pl\u00e1stico \u00e9 dividido em anel de aquecimento de alum\u00ednio fundido, anel de aquecimento de tubo de quartzo, anel de aquecimento cer\u00e2mico, anel de aquecimento eletromagn\u00e9tico. Entre eles, o melhor efeito de aquecimento \u00e9 o aquecimento eletromagn\u00e9tico. O anel de aquecimento de alum\u00ednio fundido precisa de 30 a 40 minutos para aquecimento, enquanto o anel de aquecimento eletromagn\u00e9tico precisa de 15 a 20 minutos. O aquecimento eletromagn\u00e9tico pode aumentar a temperatura rapidamente. E tem um bom efeito de temperatura constante, funcionando de forma est\u00e1vel. Mas n\u00e3o \u00e9 adequado para processar materiais de espuma. O m\u00e9todo de aquecimento deve ser considerado com base nas mat\u00e9rias-primas e na cor do produto final.<\/p> <h2>Princ\u00edpio de funcionamento da m\u00e1quina para fabricar gr\u00e2nulos de pl\u00e1stico<\/h2> <ol> <li>Ligue a m\u00e1quina de granula\u00e7\u00e3o HDPE\/PP\/PVC. Olhando para a m\u00e1quina se h\u00e1 som ou vibra\u00e7\u00e3o anormal. Caso contr\u00e1rio, coloque-o em uso.<\/li> <li>Preste aten\u00e7\u00e3o ao pr\u00e9-aquecimento da m\u00e1quina granuladora de pl\u00e1stico para derreter o pl\u00e1stico. O pl\u00e1stico derretido ficar\u00e1 preto se a temperatura estiver muito alta. Embora a baixa temperatura n\u00e3o possa derreter o pl\u00e1stico.<\/li> <li>\u00c9 melhor estar equipado com uma m\u00e1quina de alimenta\u00e7\u00e3o autom\u00e1tica para alimentar chips de pl\u00e1stico no equipamento de granula\u00e7\u00e3o de pl\u00e1stico porque o material do filme pl\u00e1stico \u00e9 muito leve e dif\u00edcil de alimentar.<\/li> <li>Os peda\u00e7os de filme pl\u00e1stico ser\u00e3o derretidos e pressionados no motor principal e, em seguida, empurrados junto com o parafuso para dentro do motor auxiliar. Por fim, o material derretido ser\u00e1 extrudado do motor auxiliar na forma de tiras pl\u00e1sticas.<\/li> <li>Coloque um tanque de resfriamento sob a cabe\u00e7a do molde para que as tiras de pl\u00e1stico quentes esfriem no tanque e d\u00eaem forma.<\/li> <\/ol> <h2>O que devo prestar aten\u00e7\u00e3o ao usar equipamento granulador de pl\u00e1stico?<\/h2> <ul> <li>O interior da m\u00e1quina n\u00e3o deve conter res\u00edduos de metal ou areia fina. N\u00e3o coloque objetos de metal ou outras coisas ao redor da entrada onde possam cair na m\u00e1quina, caso danifiquem a peletizadora de pl\u00e1stico, causem emperramento ou destrui\u00e7\u00e3o.<\/li> <li>\u00c9 melhor que o operador receba treinamento real sobre como operar a m\u00e1quina de granula\u00e7\u00e3o. Al\u00e9m disso, devem tamb\u00e9m conhecer a estrutura dos equipamentos e os procedimentos operacionais.<\/li> <li>Controle a temperatura da \u00e1gua do tanque de resfriamento. Porque as tiras de pl\u00e1stico quebrar\u00e3o se a temperatura estiver muito baixa. Embora as altas temperaturas n\u00e3o consigam fazer com que as tiras de pl\u00e1stico esfriem e tenham uma boa forma, as tiras podem grudar.<\/li> <li>O pl\u00e1stico derretido deve ser extrudado em tiras uniformemente antes de entrar na m\u00e1quina de corte de pellets de pl\u00e1stico. Tiras irregulares podem danificar o cortador de pellets de pl\u00e1stico. Os orif\u00edcios da cabe\u00e7a do molde podem ficar obstru\u00eddos com impurezas se a tira extrudada for fina ou quebrada. Ent\u00e3o voc\u00ea precisa substituir a tela do filtro.<\/li> <\/ul> <h2>Par\u00e2metros da m\u00e1quina para fabricar gr\u00e2nulos de HDPE<\/h2> <table> <tbody> <tr> <td width=\"71\">Tipo<\/td> <td width=\"71\">105<\/td> <td width=\"71\">125<\/td> <td width=\"71\">135<\/td> <td width=\"71\">150<\/td> <td width=\"71\">180<\/td> <td width=\"71\">200<\/td> <td width=\"71\">220<\/td> <\/tr> <tr> <td width=\"71\">Di\u00e2metro do parafuso<\/td> <td width=\"71\">105 mm<\/td> <td width=\"71\">125 mm<\/td> <td width=\"71\">135mm<\/td> <td width=\"71\">150 mm<\/td> <td width=\"71\">180mm<\/td> <td width=\"71\">200 mm<\/td> <td width=\"71\">220mm<\/td> <\/tr> <tr> <td width=\"71\">Velocidade do fuso<\/td> <td width=\"71\">50-70\/min<\/td> <td width=\"71\">50-70\/min<\/td> <td width=\"71\">40-50\/min<\/td> <td width=\"71\">40-50\/min<\/td> <td width=\"71\">40-50\/min<\/td> <td width=\"71\">40-50\/min<\/td> <td width=\"71\">40-50\/min<\/td> <\/tr> <tr> <td width=\"71\">Pot\u00eancia do motor principal<\/td> <td width=\"71\">18,5 kW<\/td> <td width=\"71\">30 kW<\/td> <td width=\"71\">37 kW<\/td> <td width=\"71\">37 kW<\/td> <td width=\"71\">55 kW<\/td> <td width=\"71\">75 kW<\/td> <td width=\"71\">90 kW<\/td> <\/tr> <tr> <td width=\"71\">Redutor (engrenagem r\u00edgida)<\/td> <td width=\"71\">200<\/td> <td width=\"71\">225<\/td> <td width=\"71\">250<\/td> <td width=\"71\">250<\/td> <td width=\"71\">280<\/td> <td width=\"71\">315<\/td> <td width=\"71\">330<\/td> <\/tr> <tr> <td width=\"71\">Peso<\/td> <td width=\"71\">1,3T<\/td> <td width=\"71\">1.8T<\/td> <td width=\"71\">2T<\/td> <td width=\"71\">2T<\/td> <td width=\"71\">2.2T<\/td> <td width=\"71\">2,8T<\/td> <td width=\"71\">3.2T<\/td> <\/tr> <tr> <td width=\"71\">Tamanho<\/td> <td width=\"71\">2.4*0.7*0.7<\/td> <td width=\"71\">2.6*0.7*0.7<\/td> <td width=\"71\">2.8*0.7*0.7<\/td> <td width=\"71\">3.0*0.7*0.8<\/td> <td width=\"71\">3.2*0.7*0.8<\/td> <td width=\"71\">3.5*1*1<\/td> <td width=\"71\">3.8*1.2*1<\/td> <\/tr> <tr> <td width=\"71\">Sa\u00edda<\/td> <td width=\"71\">150kg\/hora<\/td> <td width=\"71\">180kg\/hora<\/td> <td width=\"71\">200kg\/h<\/td> <td width=\"71\">300kg\/hora<\/td> <td width=\"71\">350kg\/hora<\/td> <td width=\"71\">380kg\/hora<\/td> <td width=\"71\">420kg\/h<\/td> <\/tr> <\/tbody> <\/table> <p>Temos 7 modelos de m\u00e1quinas granuladoras para voc\u00ea escolher. A maior diferen\u00e7a entre as 7 m\u00e1quinas \u00e9 a produ\u00e7\u00e3o. A produ\u00e7\u00e3o \u00e9 de 150kg\/h, 180kg\/h, 200kg\/h, 300kg\/h, 350kg\/h, 380kg\/h e 420kg\/h respectivamente. Da mesma forma, produ\u00e7\u00e3o diferente corresponde a pre\u00e7os diferentes. Se voc\u00ea possui uma grande planta de reciclagem de pl\u00e1stico, sugerimos que compre m\u00e1quinas de 380kg\/h ou 420kg\/h. Tamb\u00e9m lhe daremos o melhor pre\u00e7o. Em segundo lugar, voc\u00ea precisa considerar a \u00e1rea da sua f\u00e1brica e o tamanho da m\u00e1quina. Como voc\u00ea pode ver, maior produ\u00e7\u00e3o significa tamanho maior. Por exemplo, o tamanho de uma m\u00e1quina com produ\u00e7\u00e3o de 150 kg\/h \u00e9 2,4 * 0,7 * 0,7, enquanto o tamanho de uma m\u00e1quina com produ\u00e7\u00e3o de 420 kg\/h \u00e9 3,8 * 102 * 1. Se a \u00e1rea da sua f\u00e1brica for muito pequena, n\u00e3o \u00e9 adequado para m\u00e1quinas de grandes dimens\u00f5es, ou voc\u00ea pode ajustar o tamanho da sua planta.<\/p>","protected":false},"excerpt":{"rendered":"<p>A m\u00e1quina granuladora de pl\u00e1stico \u00e9 o equipamento para derreter extrus\u00e3o de res\u00edduos de pl\u00e1stico de pl\u00e1stico PP (polietileno) ou chips de filme PE (polipropileno), de modo a fazer gr\u00e2nulos de pl\u00e1stico. \u00c9 uma parte importante da linha de reciclagem de filmes pl\u00e1sticos. A m\u00e1quina de pelotiza\u00e7\u00e3o de pl\u00e1stico \u00e9 usada para derreter pl\u00e1sticos limpos, triturados e secos em tiras, resfriando em um tanque de resfriamento de \u00e1gua e cortando por uma m\u00e1quina de corte de pellets de pl\u00e1stico. \u00c9 ben\u00e9fico para desenvolver vigorosamente recursos renov\u00e1veis \u200b\u200be transformar res\u00edduos em tesouros.<\/p>","protected":false},"featured_media":16798,"template":"","meta":{"site-sidebar-layout":"default","site-content-layout":"default","ast-site-content-layout":"default","site-content-style":"default","site-sidebar-style":"default","ast-global-header-display":"","ast-banner-title-visibility":"","ast-main-header-display":"","ast-hfb-above-header-display":"","ast-hfb-below-header-display":"","ast-hfb-mobile-header-display":"","site-post-title":"","ast-breadcrumbs-content":"","ast-featured-img":"","footer-sml-layout":"","ast-disable-related-posts":"","theme-transparent-header-meta":"default","adv-header-id-meta":"","stick-header-meta":"default","header-above-stick-meta":"","header-main-stick-meta":"","header-below-stick-meta":"","astra-migrate-meta-layouts":"set","ast-page-background-enabled":"default","ast-page-background-meta":{"desktop":{"background-color":"","background-image":"","background-repeat":"repeat","background-position":"center center","background-size":"auto","background-attachment":"scroll","background-type":"","background-media":"","overlay-type":"","overlay-color":"","overlay-opacity":"","overlay-gradient":""},"tablet":{"background-color":"","background-image":"","background-repeat":"repeat","background-position":"center center","background-size":"auto","background-attachment":"scroll","background-type":"","background-media":"","overlay-type":"","overlay-color":"","overlay-opacity":"","overlay-gradient":""},"mobile":{"background-color":"","background-image":"","background-repeat":"repeat","background-position":"center center","background-size":"auto","background-attachment":"scroll","background-type":"","background-media":"","overlay-type":"","overlay-color":"","overlay-opacity":"","overlay-gradient":""}},"ast-content-background-meta":{"desktop":{"background-color":"var(--ast-global-color-5)","background-image":"","background-repeat":"repeat","background-position":"center center","background-size":"auto","background-attachment":"scroll","background-type":"","background-media":"","overlay-type":"","overlay-color":"","overlay-opacity":"","overlay-gradient":""},"tablet":{"background-color":"var(--ast-global-color-5)","background-image":"","background-repeat":"repeat","background-position":"center center","background-size":"auto","background-attachment":"scroll","background-type":"","background-media":"","overlay-type":"","overlay-color":"","overlay-opacity":"","overlay-gradient":""},"mobile":{"background-color":"var(--ast-global-color-5)","background-image":"","background-repeat":"repeat","background-position":"center center","background-size":"auto","background-attachment":"scroll","background-type":"","background-media":"","overlay-type":"","overlay-color":"","overlay-opacity":"","overlay-gradient":""}}},"product_brand":[],"product_cat":[36],"product_tag":[83],"class_list":{"0":"post-5245","1":"product","2":"type-product","3":"status-publish","4":"has-post-thumbnail","6":"product_cat-plastic-recycling-machine","7":"product_tag-pelletizer","8":"desktop-align-center","9":"tablet-align-center","10":"mobile-align-center","12":"first","13":"instock","14":"shipping-taxable","15":"product-type-simple"},"_links":{"self":[{"href":"https:\/\/recyclingequipinc.com\/pt\/wp-json\/wp\/v2\/product\/5245","targetHints":{"allow":["GET"]}}],"collection":[{"href":"https:\/\/recyclingequipinc.com\/pt\/wp-json\/wp\/v2\/product"}],"about":[{"href":"https:\/\/recyclingequipinc.com\/pt\/wp-json\/wp\/v2\/types\/product"}],"version-history":[{"count":0,"href":"https:\/\/recyclingequipinc.com\/pt\/wp-json\/wp\/v2\/product\/5245\/revisions"}],"wp:featuredmedia":[{"embeddable":true,"href":"https:\/\/recyclingequipinc.com\/pt\/wp-json\/wp\/v2\/media\/16798"}],"wp:attachment":[{"href":"https:\/\/recyclingequipinc.com\/pt\/wp-json\/wp\/v2\/media?parent=5245"}],"wp:term":[{"taxonomy":"product_brand","embeddable":true,"href":"https:\/\/recyclingequipinc.com\/pt\/wp-json\/wp\/v2\/product_brand?post=5245"},{"taxonomy":"product_cat","embeddable":true,"href":"https:\/\/recyclingequipinc.com\/pt\/wp-json\/wp\/v2\/product_cat?post=5245"},{"taxonomy":"product_tag","embeddable":true,"href":"https:\/\/recyclingequipinc.com\/pt\/wp-json\/wp\/v2\/product_tag?post=5245"}],"curies":[{"name":"wp","href":"https:\/\/api.w.org\/{rel}","templated":true}]}}