{"id":5215,"date":"2021-11-02T08:47:53","date_gmt":"2021-11-02T08:47:53","guid":{"rendered":"https:\/\/recyclingequipinc.com\/?post_type=product&#038;p=5215"},"modified":"2025-01-20T10:20:58","modified_gmt":"2025-01-20T02:20:58","slug":"pet-bottle-label-remover-machine","status":"publish","type":"product","link":"https:\/\/recyclingequipinc.com\/pt\/product\/pet-bottle-label-remover-machine\/","title":{"rendered":"M\u00e1quina removedora de r\u00f3tulos de garrafas PET"},"content":{"rendered":"<p class=\"translation-block\"><strong>A m\u00e1quina removedora de r\u00f3tulos de garrafas PET<\/strong> \u00e9 o equipamento especializado para remover os r\u00f3tulos das garrafas pl\u00e1sticas PET. A taxa de remo\u00e7\u00e3o pode atingir 98%. H\u00e1 muitas l\u00e2minas dentro do equipamento. As l\u00e2minas especialmente projetadas s\u00e3o feitas de a\u00e7o liga, que \u00e9 dur\u00e1vel, de alta dureza e alta tenacidade. A m\u00e1quina removedora de r\u00f3tulos de garrafas PET pode atender \u00e0 grande capacidade na linha de reciclagem de garrafas PET, melhorando a efici\u00eancia, economizando m\u00e3o de obra e tempo. Al\u00e9m disso, o servi\u00e7o de personaliza\u00e7\u00e3o est\u00e1 dispon\u00edvel de acordo com as necessidades reais dos clientes.<\/p> <figure id=\"attachment_5218\" aria-describedby=\"caption-attachment-5218\" style=\"width: 750px\" class=\"wp-caption aligncenter\"><img fetchpriority=\"high\" decoding=\"async\" class=\"wp-image-5218 size-full\" src=\"https:\/\/recyclingequipinc.com\/wp-content\/uploads\/2021\/11\/PET-bottle-label-removing-machine.jpg\" alt=\"M\u00e1quina removedora de r\u00f3tulos de garrafas PET\" width=\"750\" height=\"500\" srcset=\"https:\/\/recyclingequipinc.com\/wp-content\/uploads\/2021\/11\/PET-bottle-label-removing-machine.jpg 750w, https:\/\/recyclingequipinc.com\/wp-content\/uploads\/2021\/11\/PET-bottle-label-removing-machine-300x200.jpg 300w, https:\/\/recyclingequipinc.com\/wp-content\/uploads\/2021\/11\/PET-bottle-label-removing-machine-600x400.jpg 600w\" sizes=\"(max-width: 750px) 100vw, 750px\" \/><figcaption id=\"caption-attachment-5218\" class=\"wp-caption-text\">M\u00e1quina de remo\u00e7\u00e3o de r\u00f3tulos de garrafas PET<\/figcaption><\/figure> <h2>Processo de trabalho da m\u00e1quina de rotulagem de garrafas pl\u00e1sticas<\/h2> <p class=\"translation-block\">Na <a href=\"https:\/\/recyclingequipinc.com\/pt\/produto\/pet-bottle-recycling-machine\/\"><strong>linha de reciclagem de garrafas PET<\/strong><\/a>, as garrafas PET ser\u00e3o transportadas para a m\u00e1quina de remo\u00e7\u00e3o de r\u00f3tulos por um <a href=\"https:\/\/recyclingequipinc.com\/pt\/produto\/belt-conveyor\/\"><strong>transportador de correia<\/strong><\/a>. Os cortadores de a\u00e7o liga dentro da m\u00e1quina removedora de r\u00f3tulos ir\u00e3o cortar uma abertura na marca registrada das garrafas pl\u00e1sticas PET. A faca dentada na l\u00e2mina pode descascar os r\u00f3tulos das garrafas. Em seguida, o motor do ventilador gera um vento para separar r\u00f3tulos e garrafas. Depois, a m\u00e1quina soprar\u00e1 os peda\u00e7os de r\u00f3tulo para fora da sa\u00edda superior e transportar\u00e1 as garrafas para a porta de descarga.<\/p> <h2>V\u00eddeo de funcionamento da m\u00e1quina removedora de r\u00f3tulos de garrafas PET<\/h2> <div class=\"ast-oembed-container\" style=\"height: 100%;\"><iframe title=\"Como remover etiquetas de PVC de garrafas PET. Equipamento de remo\u00e7\u00e3o de garrafas para reciclagem de garrafas PET\" width=\"500\" height=\"281\" src=\"https:\/\/www.youtube.com\/embed\/Kc_A5SJQNI0?feature=oembed\" frameborder=\"0\" allow=\"accelerometer; autoplay; clipboard-write; encrypted-media; gyroscope; picture-in-picture; web-share\" referrerpolicy=\"strict-origin-when-cross-origin\" allowfullscreen><\/iframe><\/div> <h2>Caracter\u00edsticas da m\u00e1quina removedora de r\u00f3tulos de garrafas PET<\/h2> <ol> <li>Aplique para remover r\u00f3tulos de garrafas PET, e a taxa de remo\u00e7\u00e3o de r\u00f3tulos pode chegar a 98%.<\/li> <li>Adequado para requisitos de produ\u00e7\u00e3o em massa para a capacidade da m\u00e1quina.<\/li> <li>Substitui a remo\u00e7\u00e3o manual dos r\u00f3tulos das garrafas pl\u00e1sticas, melhorando a efici\u00eancia do trabalho.<\/li> <li>Adote l\u00e2minas de liga de a\u00e7o, que possuem caracter\u00edsticas de durabilidade, alta dureza e alta tenacidade.<\/li> <li>A m\u00e1quina removedora de r\u00f3tulos de garrafas PET \u00e9 adequada para diferentes tamanhos de garrafas ajustando as l\u00e2minas.<\/li> <li>O comprimento e a largura da m\u00e1quina podem ser personalizados de acordo com as necessidades do cliente.<\/li> <\/ol> <figure id=\"attachment_5220\" aria-describedby=\"caption-attachment-5220\" style=\"width: 750px\" class=\"wp-caption aligncenter\"><img decoding=\"async\" class=\"wp-image-5220 size-full\" src=\"https:\/\/recyclingequipinc.com\/wp-content\/uploads\/2021\/11\/alloy-steel-blades-of-PET-bottle-de-labeling-machine.jpg\" alt=\"l\u00e2minas de liga de a\u00e7o da m\u00e1quina de rotulagem de garrafas PET\" width=\"750\" height=\"500\" srcset=\"https:\/\/recyclingequipinc.com\/wp-content\/uploads\/2021\/11\/alloy-steel-blades-of-PET-bottle-de-labeling-machine.jpg 750w, https:\/\/recyclingequipinc.com\/wp-content\/uploads\/2021\/11\/alloy-steel-blades-of-PET-bottle-de-labeling-machine-300x200.jpg 300w, https:\/\/recyclingequipinc.com\/wp-content\/uploads\/2021\/11\/alloy-steel-blades-of-PET-bottle-de-labeling-machine-600x400.jpg 600w\" sizes=\"(max-width: 750px) 100vw, 750px\" \/><figcaption id=\"caption-attachment-5220\" class=\"wp-caption-text\">l\u00e2minas de liga de a\u00e7o da m\u00e1quina de rotulagem de garrafas PET<\/figcaption><\/figure> <h2>Por que usar a m\u00e1quina removedora de r\u00f3tulos de garrafas PET?<\/h2> <p class=\"translation-block\">As garrafas PET geralmente ter\u00e3o os r\u00f3tulos removidos antes de entrarem na m\u00e1quina de britagem, pois o material do r\u00f3tulo \u00e9 diferente das garrafas PET. Se as garrafas PET com r\u00f3tulos forem trituradas, \u00e9 dif\u00edcil separar os peda\u00e7os de r\u00f3tulo dos flocos de PET. Os peda\u00e7os de r\u00f3tulo reduzir\u00e3o a pureza dos flocos de PET, portanto, \u00e9 melhor remover os r\u00f3tulos antes que as garrafas PET entrem no <a href=\"https:\/\/recyclingequipinc.com\/pt\/produto\/waste-plastic-crusher\/\"><strong>triturador de pl\u00e1stico<\/strong><\/a>. Comparado \u00e0 remo\u00e7\u00e3o manual de r\u00f3tulos, a m\u00e1quina de remo\u00e7\u00e3o de r\u00f3tulos funciona de forma mais eficiente e r\u00e1pida. Se voc\u00ea deseja melhorar ainda mais a pureza dos flocos de PET, pode combinar com uma m\u00e1quina de triagem de pl\u00e1stico para separar outros materiais manualmente.<\/p> <h2>Par\u00e2metros da m\u00e1quina removedora de r\u00f3tulos de garrafas PET<\/h2> <table style=\"height: 265px;\" width=\"599\"> <tbody> <tr> <td width=\"274\">Modelo<\/td> <td width=\"278\">SL-600<\/td> <\/tr> <tr> <td width=\"274\">O principal poder do removedor de garrafas pl\u00e1sticas<\/td> <td width=\"278\">11 kW<\/td> <\/tr> <tr> <td width=\"274\">Poder dos f\u00e3s<\/td> <td width=\"278\">3 kW<\/td> <\/tr> <tr> <td width=\"274\">Capacidade<\/td> <td width=\"278\">1-1,2 t\/h<\/td> <\/tr> <tr> <td width=\"274\">A taxa de remo\u00e7\u00e3o do r\u00f3tulo<\/td> <td width=\"278\">98%<\/td> <\/tr> <tr> <td width=\"274\">Tamanho<\/td> <td width=\"278\">4000*1800*1600mm<\/td> <\/tr> <tr> <td width=\"274\">Peso<\/td> <td width=\"278\">1500kg<\/td> <\/tr> <\/tbody> <\/table> <h2><\/h2>","protected":false},"excerpt":{"rendered":"<p>A m\u00e1quina removedora de r\u00f3tulos de garrafas PET \u00e9 o equipamento para remover r\u00f3tulos de garrafas PET, de modo a melhorar a pureza dos produtos PET acabados. Adota l\u00e2minas de liga de a\u00e7o, dur\u00e1veis, duras e resistentes. A m\u00e1quina de remo\u00e7\u00e3o de etiquetas com grande capacidade funciona de forma eficiente e sua taxa de remo\u00e7\u00e3o pode chegar a 98%. Al\u00e9m disso, o comprimento e a largura da m\u00e1quina podem ser personalizados de acordo com suas necessidades.<\/p>","protected":false},"featured_media":16801,"template":"","meta":{"site-sidebar-layout":"default","site-content-layout":"default","ast-site-content-layout":"default","site-content-style":"default","site-sidebar-style":"default","ast-global-header-display":"","ast-banner-title-visibility":"","ast-main-header-display":"","ast-hfb-above-header-display":"","ast-hfb-below-header-display":"","ast-hfb-mobile-header-display":"","site-post-title":"","ast-breadcrumbs-content":"","ast-featured-img":"","footer-sml-layout":"","ast-disable-related-posts":"","theme-transparent-header-meta":"default","adv-header-id-meta":"","stick-header-meta":"default","header-above-stick-meta":"","header-main-stick-meta":"","header-below-stick-meta":"","astra-migrate-meta-layouts":"set","ast-page-background-enabled":"default","ast-page-background-meta":{"desktop":{"background-color":"","background-image":"","background-repeat":"repeat","background-position":"center center","background-size":"auto","background-attachment":"scroll","background-type":"","background-media":"","overlay-type":"","overlay-color":"","overlay-opacity":"","overlay-gradient":""},"tablet":{"background-color":"","background-image":"","background-repeat":"repeat","background-position":"center center","background-size":"auto","background-attachment":"scroll","background-type":"","background-media":"","overlay-type":"","overlay-color":"","overlay-opacity":"","overlay-gradient":""},"mobile":{"background-color":"","background-image":"","background-repeat":"repeat","background-position":"center center","background-size":"auto","background-attachment":"scroll","background-type":"","background-media":"","overlay-type":"","overlay-color":"","overlay-opacity":"","overlay-gradient":""}},"ast-content-background-meta":{"desktop":{"background-color":"var(--ast-global-color-5)","background-image":"","background-repeat":"repeat","background-position":"center center","background-size":"auto","background-attachment":"scroll","background-type":"","background-media":"","overlay-type":"","overlay-color":"","overlay-opacity":"","overlay-gradient":""},"tablet":{"background-color":"var(--ast-global-color-5)","background-image":"","background-repeat":"repeat","background-position":"center center","background-size":"auto","background-attachment":"scroll","background-type":"","background-media":"","overlay-type":"","overlay-color":"","overlay-opacity":"","overlay-gradient":""},"mobile":{"background-color":"var(--ast-global-color-5)","background-image":"","background-repeat":"repeat","background-position":"center center","background-size":"auto","background-attachment":"scroll","background-type":"","background-media":"","overlay-type":"","overlay-color":"","overlay-opacity":"","overlay-gradient":""}}},"product_brand":[],"product_cat":[36],"product_tag":[91,90],"class_list":{"0":"post-5215","1":"product","2":"type-product","3":"status-publish","4":"has-post-thumbnail","6":"product_cat-plastic-recycling-machine","7":"product_tag-label-remover","8":"product_tag-pet-part","9":"desktop-align-center","10":"tablet-align-center","11":"mobile-align-center","13":"first","14":"instock","15":"shipping-taxable","16":"product-type-simple"},"_links":{"self":[{"href":"https:\/\/recyclingequipinc.com\/pt\/wp-json\/wp\/v2\/product\/5215","targetHints":{"allow":["GET"]}}],"collection":[{"href":"https:\/\/recyclingequipinc.com\/pt\/wp-json\/wp\/v2\/product"}],"about":[{"href":"https:\/\/recyclingequipinc.com\/pt\/wp-json\/wp\/v2\/types\/product"}],"version-history":[{"count":0,"href":"https:\/\/recyclingequipinc.com\/pt\/wp-json\/wp\/v2\/product\/5215\/revisions"}],"wp:featuredmedia":[{"embeddable":true,"href":"https:\/\/recyclingequipinc.com\/pt\/wp-json\/wp\/v2\/media\/16801"}],"wp:attachment":[{"href":"https:\/\/recyclingequipinc.com\/pt\/wp-json\/wp\/v2\/media?parent=5215"}],"wp:term":[{"taxonomy":"product_brand","embeddable":true,"href":"https:\/\/recyclingequipinc.com\/pt\/wp-json\/wp\/v2\/product_brand?post=5215"},{"taxonomy":"product_cat","embeddable":true,"href":"https:\/\/recyclingequipinc.com\/pt\/wp-json\/wp\/v2\/product_cat?post=5215"},{"taxonomy":"product_tag","embeddable":true,"href":"https:\/\/recyclingequipinc.com\/pt\/wp-json\/wp\/v2\/product_tag?post=5215"}],"curies":[{"name":"wp","href":"https:\/\/api.w.org\/{rel}","templated":true}]}}