{"id":5099,"date":"2021-10-28T01:59:58","date_gmt":"2021-10-28T01:59:58","guid":{"rendered":"https:\/\/recyclingequipinc.com\/?post_type=product&#038;p=5099"},"modified":"2025-01-20T10:21:14","modified_gmt":"2025-01-20T02:21:14","slug":"vertical-dewatering-machine-vertical-dryer","status":"publish","type":"product","link":"https:\/\/recyclingequipinc.com\/pt\/product\/vertical-dewatering-machine-vertical-dryer\/","title":{"rendered":"M\u00e1quina de desidrata\u00e7\u00e3o de pl\u00e1stico | Secador vertical de pl\u00e1stico"},"content":{"rendered":"<p>A m\u00e1quina de desidrata\u00e7\u00e3o de pl\u00e1stico tem fun\u00e7\u00e3o de desidrata\u00e7\u00e3o de alta velocidade, aplicada principalmente \u00e0 secagem de res\u00edduos \u00famidos de filme pl\u00e1stico, sacos de tecido, flocos, etc., na linha de reciclagem de filme pl\u00e1stico. A m\u00e1quina n\u00e3o apenas gira e seca o material \u00famido, mas tamb\u00e9m separa algumas impurezas do material para aumentar o n\u00edvel de qualidade da limpeza. Deve-se instalar o secador pl\u00e1stico tipo vertical na extremidade da piscina de \u00e1gua, utilizado ap\u00f3s tritura\u00e7\u00e3o e limpeza. Para melhorar a efici\u00eancia da produ\u00e7\u00e3o, o desidratador de pl\u00e1stico tipo vertical pode combinar com um transportador autom\u00e1tico para transportar flocos de pl\u00e1stico desidratados para uma m\u00e1quina de alimenta\u00e7\u00e3o autom\u00e1tica, substituindo a alimenta\u00e7\u00e3o manual, economizando m\u00e3o de obra. O interior da m\u00e1quina de desidrata\u00e7\u00e3o de pl\u00e1stico \u00e9 um dispositivo de alimenta\u00e7\u00e3o por rosca que adota forte for\u00e7a centr\u00edfuga para expulsar a \u00e1gua durante o processo de transporte por rosca.<\/p> <div class=\"ast-oembed-container\" style=\"height: 100%;\"><iframe title=\"M\u00e1quina vertical de eleva\u00e7\u00e3o e desidrata\u00e7\u00e3o para f\u00e1bricas de reciclagem de pl\u00e1stico\" width=\"500\" height=\"281\" src=\"https:\/\/www.youtube.com\/embed\/b9OoE2BIFGA?feature=oembed\" frameborder=\"0\" allow=\"accelerometer; autoplay; clipboard-write; encrypted-media; gyroscope; picture-in-picture; web-share\" referrerpolicy=\"strict-origin-when-cross-origin\" allowfullscreen><\/iframe><\/div> <figure id=\"attachment_5465\" aria-describedby=\"caption-attachment-5465\" style=\"width: 750px\" class=\"wp-caption aligncenter\"><img fetchpriority=\"high\" decoding=\"async\" class=\"size-full wp-image-5465\" src=\"https:\/\/recyclingequipinc.com\/wp-content\/uploads\/2021\/10\/vertical-centrifugal-plastic-dehydrator.jpg\" alt=\"desidratador pl\u00e1stico centr\u00edfugo vertical\" width=\"750\" height=\"540\" srcset=\"https:\/\/recyclingequipinc.com\/wp-content\/uploads\/2021\/10\/vertical-centrifugal-plastic-dehydrator.jpg 750w, https:\/\/recyclingequipinc.com\/wp-content\/uploads\/2021\/10\/vertical-centrifugal-plastic-dehydrator-300x216.jpg 300w, https:\/\/recyclingequipinc.com\/wp-content\/uploads\/2021\/10\/vertical-centrifugal-plastic-dehydrator-600x432.jpg 600w\" sizes=\"(max-width: 750px) 100vw, 750px\" \/><figcaption id=\"caption-attachment-5465\" class=\"wp-caption-text\">desidratador pl\u00e1stico centr\u00edfugo vertical<\/figcaption><\/figure> <h2>Caracter\u00edsticas da m\u00e1quina de desidrata\u00e7\u00e3o de pl\u00e1stico<\/h2> <ul> <li>Princ\u00edpio de funcionamento: secagem em turbilh\u00e3o forte, sa\u00edda autom\u00e1tica, fun\u00e7\u00e3o de escorvamento autom\u00e1tico, alta velocidade\u00a0<a href=\"https:\/\/en.wikipedia.org\/wiki\/Centrifugal\" target=\"_blank\" rel=\"noopener\">centr\u00edfugo<\/a> desidrata\u00e7\u00e3o, dispositivo de orienta\u00e7\u00e3o de fluxo<\/li> <li>Estrutura de apar\u00eancia: pot\u00eancia \u00fanica, transporte vertical<\/li> <li>Velocidade de trabalho: (900-1500) r\/min (acelerador pode ser adicionado)<\/li> <\/ul> <h2>O m\u00e9todo de opera\u00e7\u00e3o do desidratador de pl\u00e1stico:<\/h2> <ul> <li>Verifique se h\u00e1 artigos diversos na m\u00e1quina. Os artigos diversos na m\u00e1quina de desidrata\u00e7\u00e3o de pl\u00e1stico afetar\u00e3o o efeito de opera\u00e7\u00e3o da m\u00e1quina. Ao ligar o motor do fuso, gire-o na dire\u00e7\u00e3o da seta.<\/li> <li>Teste executado por 5 minutos. Quando o novo desidratador de pl\u00e1stico for iniciado, ele dever\u00e1 funcionar por 5 minutos. Se n\u00e3o houver anormalidade, pode estar desidratado. Em caso de qualquer anormalidade, desligue imediatamente para solucionar o problema.<\/li> <li>O efeito de desidrata\u00e7\u00e3o n\u00e3o \u00e9 bom. Se o efeito de desidrata\u00e7\u00e3o n\u00e3o for t\u00e3o bom como antes, desligue a energia e abra a tampa da m\u00e1quina para ver se h\u00e1 corpos estranhos. Se sim, remova os corpos estranhos da m\u00e1quina e reinicie o uso.<\/li> <li>Ap\u00f3s a desidrata\u00e7\u00e3o, desligue a alimenta\u00e7\u00e3o do desidratador de pl\u00e1stico, ligue o interior do desidratador, limpe o excesso de pl\u00e1stico e mantenha toda a m\u00e1quina limpa.<\/li> <\/ul> <figure id=\"attachment_5464\" aria-describedby=\"caption-attachment-5464\" style=\"width: 720px\" class=\"wp-caption aligncenter\"><img decoding=\"async\" class=\"size-full wp-image-5464\" src=\"https:\/\/recyclingequipinc.com\/wp-content\/uploads\/2021\/10\/plastic-dewatering-machine.jpg\" alt=\"m\u00e1quina de desidrata\u00e7\u00e3o de pl\u00e1stico\" width=\"720\" height=\"540\" srcset=\"https:\/\/recyclingequipinc.com\/wp-content\/uploads\/2021\/10\/plastic-dewatering-machine.jpg 720w, https:\/\/recyclingequipinc.com\/wp-content\/uploads\/2021\/10\/plastic-dewatering-machine-300x225.jpg 300w, https:\/\/recyclingequipinc.com\/wp-content\/uploads\/2021\/10\/plastic-dewatering-machine-600x450.jpg 600w\" sizes=\"(max-width: 720px) 100vw, 720px\" \/><figcaption id=\"caption-attachment-5464\" class=\"wp-caption-text\">m\u00e1quina de desidrata\u00e7\u00e3o de pl\u00e1stico<\/figcaption><\/figure> <h2>O que podemos oferecer se voc\u00ea cooperar conosco?<\/h2> <p class=\"translation-block\">Como um fabricante e fornecedor rico de m\u00e1quinas de reciclagem, a Shuliy Machinery tem ampla experi\u00eancia em <a href=\"https:\/\/recyclingequipinc.com\/pt\/produto\/plastic-film-recycling-machine\/\"><strong>m\u00e1quinas de reciclagem de filmes pl\u00e1sticos<\/strong><\/a>. Porque nossa empresa tem t\u00e9cnicos profissionais para pesquisa, design e fabrica\u00e7\u00e3o. E a m\u00e1quina de desidrata\u00e7\u00e3o de pl\u00e1stico foi exportada para muitos pa\u00edses devido ao seu bom desempenho, boa qualidade e pre\u00e7o razo\u00e1vel. Al\u00e9m disso, apoiamos servi\u00e7os de personaliza\u00e7\u00e3o de acordo com suas necessidades e situa\u00e7\u00e3o reais. Ap\u00f3s a venda, podemos enviar t\u00e9cnicos para orientar a instala\u00e7\u00e3o do equipamento, se necess\u00e1rio. Voc\u00ea deseja saber mais informa\u00e7\u00f5es? Fique \u00e0 vontade para entrar em contato conosco para mais detalhes e o or\u00e7amento.<\/p> <h2>Par\u00e2metros verticais da m\u00e1quina de desidrata\u00e7\u00e3o de pl\u00e1stico<\/h2> <table> <tbody> <tr> <td width=\"189\">Modelo<\/td> <td width=\"189\">500<\/td> <td width=\"189\">600<\/td> <\/tr> <tr> <td width=\"189\">Poder<\/td> <td width=\"189\">7,5 kW<\/td> <td width=\"189\">15 kW<\/td> <\/tr> <\/tbody> <\/table>","protected":false},"excerpt":{"rendered":"<p>A m\u00e1quina de desidrata\u00e7\u00e3o de pl\u00e1stico tem as fun\u00e7\u00f5es de desidrata\u00e7\u00e3o centr\u00edfuga de alta velocidade, secagem em turbilh\u00e3o forte e sa\u00edda autom\u00e1tica. \u00c9 usado principalmente na secagem de res\u00edduos de chips de filme pl\u00e1stico na linha de reciclagem de filme PP PE. A m\u00e1quina n\u00e3o apenas gira e seca o material \u00famido, mas tamb\u00e9m separa algumas impurezas do material para aumentar o n\u00edvel de qualidade da limpeza.<\/p>","protected":false},"featured_media":16819,"template":"","meta":{"site-sidebar-layout":"default","site-content-layout":"default","ast-site-content-layout":"default","site-content-style":"default","site-sidebar-style":"default","ast-global-header-display":"","ast-banner-title-visibility":"","ast-main-header-display":"","ast-hfb-above-header-display":"","ast-hfb-below-header-display":"","ast-hfb-mobile-header-display":"","site-post-title":"","ast-breadcrumbs-content":"","ast-featured-img":"","footer-sml-layout":"","ast-disable-related-posts":"","theme-transparent-header-meta":"default","adv-header-id-meta":"","stick-header-meta":"default","header-above-stick-meta":"","header-main-stick-meta":"","header-below-stick-meta":"","astra-migrate-meta-layouts":"set","ast-page-background-enabled":"default","ast-page-background-meta":{"desktop":{"background-color":"","background-image":"","background-repeat":"repeat","background-position":"center center","background-size":"auto","background-attachment":"scroll","background-type":"","background-media":"","overlay-type":"","overlay-color":"","overlay-opacity":"","overlay-gradient":""},"tablet":{"background-color":"","background-image":"","background-repeat":"repeat","background-position":"center center","background-size":"auto","background-attachment":"scroll","background-type":"","background-media":"","overlay-type":"","overlay-color":"","overlay-opacity":"","overlay-gradient":""},"mobile":{"background-color":"","background-image":"","background-repeat":"repeat","background-position":"center center","background-size":"auto","background-attachment":"scroll","background-type":"","background-media":"","overlay-type":"","overlay-color":"","overlay-opacity":"","overlay-gradient":""}},"ast-content-background-meta":{"desktop":{"background-color":"var(--ast-global-color-5)","background-image":"","background-repeat":"repeat","background-position":"center center","background-size":"auto","background-attachment":"scroll","background-type":"","background-media":"","overlay-type":"","overlay-color":"","overlay-opacity":"","overlay-gradient":""},"tablet":{"background-color":"var(--ast-global-color-5)","background-image":"","background-repeat":"repeat","background-position":"center center","background-size":"auto","background-attachment":"scroll","background-type":"","background-media":"","overlay-type":"","overlay-color":"","overlay-opacity":"","overlay-gradient":""},"mobile":{"background-color":"var(--ast-global-color-5)","background-image":"","background-repeat":"repeat","background-position":"center center","background-size":"auto","background-attachment":"scroll","background-type":"","background-media":"","overlay-type":"","overlay-color":"","overlay-opacity":"","overlay-gradient":""}}},"product_brand":[],"product_cat":[36],"product_tag":[92],"class_list":{"0":"post-5099","1":"product","2":"type-product","3":"status-publish","4":"has-post-thumbnail","6":"product_cat-plastic-recycling-machine","7":"product_tag-dryer","8":"desktop-align-center","9":"tablet-align-center","10":"mobile-align-center","12":"first","13":"instock","14":"shipping-taxable","15":"product-type-simple"},"_links":{"self":[{"href":"https:\/\/recyclingequipinc.com\/pt\/wp-json\/wp\/v2\/product\/5099","targetHints":{"allow":["GET"]}}],"collection":[{"href":"https:\/\/recyclingequipinc.com\/pt\/wp-json\/wp\/v2\/product"}],"about":[{"href":"https:\/\/recyclingequipinc.com\/pt\/wp-json\/wp\/v2\/types\/product"}],"version-history":[{"count":0,"href":"https:\/\/recyclingequipinc.com\/pt\/wp-json\/wp\/v2\/product\/5099\/revisions"}],"wp:featuredmedia":[{"embeddable":true,"href":"https:\/\/recyclingequipinc.com\/pt\/wp-json\/wp\/v2\/media\/16819"}],"wp:attachment":[{"href":"https:\/\/recyclingequipinc.com\/pt\/wp-json\/wp\/v2\/media?parent=5099"}],"wp:term":[{"taxonomy":"product_brand","embeddable":true,"href":"https:\/\/recyclingequipinc.com\/pt\/wp-json\/wp\/v2\/product_brand?post=5099"},{"taxonomy":"product_cat","embeddable":true,"href":"https:\/\/recyclingequipinc.com\/pt\/wp-json\/wp\/v2\/product_cat?post=5099"},{"taxonomy":"product_tag","embeddable":true,"href":"https:\/\/recyclingequipinc.com\/pt\/wp-json\/wp\/v2\/product_tag?post=5099"}],"curies":[{"name":"wp","href":"https:\/\/api.w.org\/{rel}","templated":true}]}}