{"id":5066,"date":"2021-10-26T10:03:36","date_gmt":"2021-10-26T10:03:36","guid":{"rendered":"https:\/\/recyclingequipinc.com\/?post_type=product&#038;p=5066"},"modified":"2025-01-20T10:22:27","modified_gmt":"2025-01-20T02:22:27","slug":"scrap-metal-baler","status":"publish","type":"product","link":"https:\/\/recyclingequipinc.com\/pt\/product\/scrap-metal-baler\/","title":{"rendered":"Enfardadeira de sucata"},"content":{"rendered":"<p class=\"translation-block\"><strong>A prensa de sucata met\u00e1lica<\/strong> tem amplas aplica\u00e7\u00f5es na ind\u00fastria de reciclagem de metais e na ind\u00fastria de fundi\u00e7\u00e3o de metais, adequada para v\u00e1rias sider\u00fargicas grandes, m\u00e9dias e pequenas. Ela pode extrudar v\u00e1rios tipos de sucata met\u00e1lica em cub\u00f3ides, cubos, poliedros e cilindros. As mat\u00e9rias-primas aplic\u00e1veis incluem sucata met\u00e1lica, aparas de a\u00e7o, a\u00e7o sucata, ferro sucata, cobre sucata, sucata de alum\u00ednio, aparas de alum\u00ednio, carca\u00e7as de carros desmontados, latas, liga de alum\u00ednio, barris de \u00f3leo usado, etc. Ap\u00f3s a compress\u00e3o, a m\u00e1quina pode descarregar o fardo de metal pela lateral ou para frente. O metal residual comprimido \u00e9 conveniente para armazenar, transportar e fundir.<\/p> <figure id=\"attachment_5083\" aria-describedby=\"caption-attachment-5083\" style=\"width: 750px\" class=\"wp-caption alignnone\"><img fetchpriority=\"high\" decoding=\"async\" class=\"size-full wp-image-5083\" src=\"https:\/\/recyclingequipinc.com\/wp-content\/uploads\/2021\/10\/hydraulic-scrap-metal-baler.jpg\" alt=\"enfardadeira hidr\u00e1ulica de sucata\" width=\"750\" height=\"500\" srcset=\"https:\/\/recyclingequipinc.com\/wp-content\/uploads\/2021\/10\/hydraulic-scrap-metal-baler.jpg 750w, https:\/\/recyclingequipinc.com\/wp-content\/uploads\/2021\/10\/hydraulic-scrap-metal-baler-300x200.jpg 300w, https:\/\/recyclingequipinc.com\/wp-content\/uploads\/2021\/10\/hydraulic-scrap-metal-baler-600x400.jpg 600w\" sizes=\"(max-width: 750px) 100vw, 750px\" \/><figcaption id=\"caption-attachment-5083\" class=\"wp-caption-text\">enfardadeira hidr\u00e1ulica de sucata<\/figcaption><\/figure> <h2>Procedimento de trabalho para enfardadeira de sucata<\/h2> <p>Alimenta\u00e7\u00e3o autom\u00e1tica de material met\u00e1lico\u00a0para a c\u00e2mara de compress\u00e3o\u00a0\u2192 a placa de cobertura de a\u00e7o da porta pressionando\u00a0para baixo e travada\u00a0\u2192 a placa de press\u00e3o traseira\u00a0pressionando\u00a0para frente pelo cilindro hidr\u00e1ulico\u00a0\u2192 a placa de press\u00e3o lateral pressionando para o outro lado \u2192 o bloco \u00e9 formado\u00a0em um determinado formato\u2192 o a\u00e7o levantamento da placa de cobertura \u2192 o dispositivo de giro do bloco remove o material met\u00e1lico comprimido \u2192 a redefini\u00e7\u00e3o do cilindro \u2192 todo o processo \u00e9 conclu\u00eddo<\/p> <h2>Recursos e benef\u00edcios da enfardadeira de metal<\/h2> <ol> <li>Acionado hidraulicamente, funciona suavemente, seguro e confi\u00e1vel<\/li> <li>A enfardadeira de sucata adota controle autom\u00e1tico manual ou PLC.<\/li> <li>A forma de descarga inclui quatro tipos: bloco de metal de giro lateral, bloco de impulso lateral, impulso para frente e giro para frente opcional.<\/li> <li>A instala\u00e7\u00e3o n\u00e3o necessita de parafusos de p\u00e9 e o motor diesel pode ser utilizado em locais onde n\u00e3o haja alimenta\u00e7\u00e3o el\u00e9trica.<\/li> <li>Estrutura compacta, opera\u00e7\u00e3o simples, f\u00e1cil manuten\u00e7\u00e3o, veda\u00e7\u00e3o confi\u00e1vel, carga e descarga convenientes,<\/li> <li>O equipamento melhora a efici\u00eancia do trabalho, reduzindo a intensidade do trabalho, economizando m\u00e3o de obra e reduzindo custos de transporte.<\/li> <li>Os usu\u00e1rios podem personalizar as especifica\u00e7\u00f5es e tamanhos da embalagem de acordo com suas necessidades, a fim de maximizar a coopera\u00e7\u00e3o com transporte ou armazenamento.<\/li> <\/ol> <figure id=\"attachment_5079\" aria-describedby=\"caption-attachment-5079\" style=\"width: 750px\" class=\"wp-caption alignleft\"><img decoding=\"async\" class=\"size-full wp-image-5079\" src=\"https:\/\/recyclingequipinc.com\/wp-content\/uploads\/2021\/10\/final-products-of-waste-metal-baler.jpg\" alt=\"produtos finais de enfardadeira de res\u00edduos de metal\" width=\"750\" height=\"687\" srcset=\"https:\/\/recyclingequipinc.com\/wp-content\/uploads\/2021\/10\/final-products-of-waste-metal-baler.jpg 750w, https:\/\/recyclingequipinc.com\/wp-content\/uploads\/2021\/10\/final-products-of-waste-metal-baler-300x275.jpg 300w, https:\/\/recyclingequipinc.com\/wp-content\/uploads\/2021\/10\/final-products-of-waste-metal-baler-600x550.jpg 600w\" sizes=\"(max-width: 750px) 100vw, 750px\" \/><figcaption id=\"caption-attachment-5079\" class=\"wp-caption-text\">produtos finais de enfardadeira de res\u00edduos de metal<\/figcaption><\/figure> <h2>Enfardadeira de sucata \u00e0 venda em Shuliy Machinery<\/h2> <p>A enfardadeira hidr\u00e1ulica para res\u00edduos met\u00e1licos tem 10 variedades e mais de 20 especifica\u00e7\u00f5es de 63 toneladas a 600 toneladas, que podem atender a diferentes demandas dos clientes. Diferentes especifica\u00e7\u00f5es das enfardadeiras met\u00e1licas hidr\u00e1ulicas s\u00e3o equipadas com diferentes tamanhos de recipientes, tamanhos comprimidos, tempo de moldagem, pot\u00eancia e pre\u00e7o, etc. Voc\u00ea pode escolher de acordo com suas reais necessidades ou entrar em contato conosco para obter sugest\u00f5es profissionais. Al\u00e9m disso, tamb\u00e9m oferecemos suporte a servi\u00e7os de customiza\u00e7\u00e3o. Isso significa que podemos personalizar a enfardadeira de metal de acordo com seus requisitos espec\u00edficos para o equipamento. Faremos o nosso melhor para fornecer o melhor servi\u00e7o para voc\u00ea.<\/p> <h2>O que voc\u00ea deve considerar ao comprar uma enfardadeira de sucata?<\/h2> <p>Para escolher e comprar uma enfardadeira de metal adequada, \u00e9 melhor levar em considera\u00e7\u00e3o os seguintes itens.<\/p> <ol> <li>Qual material met\u00e1lico voc\u00ea deseja comprimir no bloco? Diferentes materiais requerem diferentes pot\u00eancias, tamanhos de recipientes e tempos de moldagem, etc.<\/li> <li>Qual \u00e9 o tamanho do bloco de metal que voc\u00ea deseja obter? O tamanho comprimido afeta o espa\u00e7o de armazenamento e transporte.<\/li> <li>E quanto ao tamanho do espa\u00e7o de compacta\u00e7\u00e3o? O tamanho do silo determina seu tamanho comprimido, ent\u00e3o voc\u00ea pode escolher uma enfardadeira de metal adequada com base no espa\u00e7o de compress\u00e3o.<\/li> <li>Quantas toneladas de press\u00e3o? Quanto mais peso o material met\u00e1lico requer mais press\u00e3o. E a press\u00e3o maior pode comprimir o material met\u00e1lico de forma mais compacta.<\/li> <\/ol> <p>&nbsp;<\/p>","protected":false},"excerpt":{"rendered":"<p>A enfardadeira de sucata \u00e9 usada para extrusar v\u00e1rios tipos de sucatas de metal em cub\u00f3ides, cubos, poliedros ou cilindros, etc. A m\u00e1quina \u00e9 adequada para mat\u00e9rias-primas que incluem sucata de metal, aparas de a\u00e7o, sucata de a\u00e7o, sucata de ferro, sucata de cobre, sucata de alum\u00ednio, aparas de alum\u00ednio, carca\u00e7as de carros desmontadas, latas, ligas de alum\u00ednio, barris de \u00f3leo usado e assim por diante. \u00c9 acionado por for\u00e7a hidr\u00e1ulica, funcionando de maneira suave, segura e confi\u00e1vel. Adota controle autom\u00e1tico manual ou PLC. Quatro tipos de forma de descarga s\u00e3o opcionais: fardo met\u00e1lico de giro lateral, fardo de impulso lateral, impulso para frente e giro para frente.<\/p>","protected":false},"featured_media":5074,"template":"","meta":{"site-sidebar-layout":"default","site-content-layout":"default","ast-site-content-layout":"default","site-content-style":"default","site-sidebar-style":"default","ast-global-header-display":"","ast-banner-title-visibility":"","ast-main-header-display":"","ast-hfb-above-header-display":"","ast-hfb-below-header-display":"","ast-hfb-mobile-header-display":"","site-post-title":"","ast-breadcrumbs-content":"","ast-featured-img":"","footer-sml-layout":"","ast-disable-related-posts":"","theme-transparent-header-meta":"default","adv-header-id-meta":"","stick-header-meta":"default","header-above-stick-meta":"","header-main-stick-meta":"","header-below-stick-meta":"","astra-migrate-meta-layouts":"default","ast-page-background-enabled":"default","ast-page-background-meta":{"desktop":{"background-color":"","background-image":"","background-repeat":"repeat","background-position":"center center","background-size":"auto","background-attachment":"scroll","background-type":"","background-media":"","overlay-type":"","overlay-color":"","overlay-opacity":"","overlay-gradient":""},"tablet":{"background-color":"","background-image":"","background-repeat":"repeat","background-position":"center center","background-size":"auto","background-attachment":"scroll","background-type":"","background-media":"","overlay-type":"","overlay-color":"","overlay-opacity":"","overlay-gradient":""},"mobile":{"background-color":"","background-image":"","background-repeat":"repeat","background-position":"center center","background-size":"auto","background-attachment":"scroll","background-type":"","background-media":"","overlay-type":"","overlay-color":"","overlay-opacity":"","overlay-gradient":""}},"ast-content-background-meta":{"desktop":{"background-color":"var(--ast-global-color-5)","background-image":"","background-repeat":"repeat","background-position":"center center","background-size":"auto","background-attachment":"scroll","background-type":"","background-media":"","overlay-type":"","overlay-color":"","overlay-opacity":"","overlay-gradient":""},"tablet":{"background-color":"var(--ast-global-color-5)","background-image":"","background-repeat":"repeat","background-position":"center center","background-size":"auto","background-attachment":"scroll","background-type":"","background-media":"","overlay-type":"","overlay-color":"","overlay-opacity":"","overlay-gradient":""},"mobile":{"background-color":"var(--ast-global-color-5)","background-image":"","background-repeat":"repeat","background-position":"center center","background-size":"auto","background-attachment":"scroll","background-type":"","background-media":"","overlay-type":"","overlay-color":"","overlay-opacity":"","overlay-gradient":""}}},"product_brand":[],"product_cat":[34],"product_tag":[94,52,93],"class_list":{"0":"post-5066","1":"product","2":"type-product","3":"status-publish","4":"has-post-thumbnail","6":"product_cat-industrial-baler","7":"product_tag-hydraulic-baler","8":"product_tag-metal-baler","9":"product_tag-scrap-baler","10":"desktop-align-center","11":"tablet-align-center","12":"mobile-align-center","14":"first","15":"instock","16":"shipping-taxable","17":"product-type-simple"},"_links":{"self":[{"href":"https:\/\/recyclingequipinc.com\/pt\/wp-json\/wp\/v2\/product\/5066","targetHints":{"allow":["GET"]}}],"collection":[{"href":"https:\/\/recyclingequipinc.com\/pt\/wp-json\/wp\/v2\/product"}],"about":[{"href":"https:\/\/recyclingequipinc.com\/pt\/wp-json\/wp\/v2\/types\/product"}],"version-history":[{"count":0,"href":"https:\/\/recyclingequipinc.com\/pt\/wp-json\/wp\/v2\/product\/5066\/revisions"}],"wp:featuredmedia":[{"embeddable":true,"href":"https:\/\/recyclingequipinc.com\/pt\/wp-json\/wp\/v2\/media\/5074"}],"wp:attachment":[{"href":"https:\/\/recyclingequipinc.com\/pt\/wp-json\/wp\/v2\/media?parent=5066"}],"wp:term":[{"taxonomy":"product_brand","embeddable":true,"href":"https:\/\/recyclingequipinc.com\/pt\/wp-json\/wp\/v2\/product_brand?post=5066"},{"taxonomy":"product_cat","embeddable":true,"href":"https:\/\/recyclingequipinc.com\/pt\/wp-json\/wp\/v2\/product_cat?post=5066"},{"taxonomy":"product_tag","embeddable":true,"href":"https:\/\/recyclingequipinc.com\/pt\/wp-json\/wp\/v2\/product_tag?post=5066"}],"curies":[{"name":"wp","href":"https:\/\/api.w.org\/{rel}","templated":true}]}}