{"id":5063,"date":"2021-10-27T03:31:39","date_gmt":"2021-10-27T03:31:39","guid":{"rendered":"https:\/\/recyclingequipinc.com\/?post_type=product&#038;p=5063"},"modified":"2024-11-14T15:04:05","modified_gmt":"2024-11-14T07:04:05","slug":"apple-tray-making-machine","status":"publish","type":"product","link":"https:\/\/recyclingequipinc.com\/pt\/product\/apple-tray-making-machine\/","title":{"rendered":"M\u00e1quina para fazer bandejas de ma\u00e7\u00e3"},"content":{"rendered":"<p class=\"translation-block\"><strong><b>M\u00e1quina para fazer bandejas de ma\u00e7\u00e3<\/b><\/strong>, como o nome sugere, \u00e9 uma m\u00e1quina projetada para produzir bandejas de papel para ma\u00e7\u00e3s e outras frutas. Claro, n\u00e3o apenas bandejas de frutas, mas tamb\u00e9m est\u00e3o dispon\u00edveis outras bandejas para sapatos, bandejas para ovos, caixas de ovos, bandejas para caf\u00e9, etc. A m\u00e1quina \u00e9 requintada em design, razo\u00e1vel em estrutura, est\u00e1vel em desempenho e de alta qualidade. Esta m\u00e1quina \u00e9 ecol\u00f3gica porque as bandejas de ma\u00e7\u00e3 produzidas com esta m\u00e1quina s\u00e3o bandejas de papel. As mat\u00e9rias-primas utilizadas na produ\u00e7\u00e3o de bandejas de papel s\u00e3o papel reciclado, revistas usadas, caixas de papel recicladas e outros materiais de papel, que s\u00e3o utilizados e reutilizados. Se voc\u00ea est\u00e1 nesta ind\u00fastria, pode trazer grandes lucros. Bem-vindo \u00e0 sua consulta a qualquer momento!<\/p> <figure id=\"attachment_5071\" aria-describedby=\"caption-attachment-5071\" style=\"width: 820px\" class=\"wp-caption aligncenter\"><img fetchpriority=\"high\" decoding=\"async\" class=\"size-full wp-image-5071\" src=\"https:\/\/recyclingequipinc.com\/wp-content\/uploads\/2021\/10\/apple-trays.jpg\" alt=\"bandejas de ma\u00e7\u00e3\" width=\"820\" height=\"217\" srcset=\"https:\/\/recyclingequipinc.com\/wp-content\/uploads\/2021\/10\/apple-trays.jpg 820w, https:\/\/recyclingequipinc.com\/wp-content\/uploads\/2021\/10\/apple-trays-750x198.jpg 750w, https:\/\/recyclingequipinc.com\/wp-content\/uploads\/2021\/10\/apple-trays-300x79.jpg 300w, https:\/\/recyclingequipinc.com\/wp-content\/uploads\/2021\/10\/apple-trays-768x203.jpg 768w, https:\/\/recyclingequipinc.com\/wp-content\/uploads\/2021\/10\/apple-trays-600x159.jpg 600w\" sizes=\"(max-width: 820px) 100vw, 820px\" \/><figcaption id=\"caption-attachment-5071\" class=\"wp-caption-text\">bandejas de ma\u00e7\u00e3<\/figcaption><\/figure> <h2><strong><b>Principais Modelos \u00e0 Venda<\/b><\/strong><\/h2> <p>De acordo com diferentes padr\u00f5es, as m\u00e1quinas para fazer bandejas de ma\u00e7\u00e3 podem ser classificadas da seguinte forma:<\/p> <p class=\"translation-block\"><strong>Com base nas diferentes capacidades<\/strong>, pode ser dividido em capacidades pequenas, m\u00e9dias e grandes. A produ\u00e7\u00e3o pequena \u00e9 capaz de produzir cerca de 1000 a 1500 bandejas de papel por hora. A m\u00e9dia \u00e9 de cerca de 2000 a 4000 bandejas por hora. A produ\u00e7\u00e3o grande \u00e9 acima de 4000 bandejas de papel por hora.<\/p> <p class=\"translation-block\"><strong>De acordo com os diferentes m\u00e9todos de secagem<\/strong>, a m\u00e1quina de bandejas de ma\u00e7\u00e3 \u00e9 dividida em semi-autom\u00e1tica e totalmente autom\u00e1tica. O m\u00e9todo de secagem semi-autom\u00e1tica \u00e9 a secagem natural e a secagem em carrinho. A automa\u00e7\u00e3o total inclui dois tipos: secagem em forno de tijolos e secagem em metal. Entre esses dois, a secagem em forno de tijolos requer que os clientes construam seus pr\u00f3prios fornos de tijolos, mas podemos fornecer orienta\u00e7\u00e3o t\u00e9cnica profissional para os clientes com base em suas necessidades.<\/p> <figure id=\"attachment_5213\" aria-describedby=\"caption-attachment-5213\" style=\"width: 300px\" class=\"wp-caption aligncenter\"><img decoding=\"async\" class=\"size-medium wp-image-5213\" src=\"https:\/\/recyclingequipinc.com\/wp-content\/uploads\/2021\/10\/apple-tray-making-machine-300x200.jpg\" alt=\"m\u00e1quina de fazer bandeja de ma\u00e7\u00e3\" width=\"300\" height=\"200\" srcset=\"https:\/\/recyclingequipinc.com\/wp-content\/uploads\/2021\/10\/apple-tray-making-machine-300x200.jpg 300w, https:\/\/recyclingequipinc.com\/wp-content\/uploads\/2021\/10\/apple-tray-making-machine-600x400.jpg 600w, https:\/\/recyclingequipinc.com\/wp-content\/uploads\/2021\/10\/apple-tray-making-machine.jpg 750w\" sizes=\"(max-width: 300px) 100vw, 300px\" \/><figcaption id=\"caption-attachment-5213\" class=\"wp-caption-text\">m\u00e1quina de fazer bandeja de ma\u00e7\u00e3<\/figcaption><\/figure> <h2><strong><b>Produtos finais da m\u00e1quina de bandeja Apple<\/b><\/strong><\/h2> <p>Embora seja uma m\u00e1quina de bandejas de ma\u00e7\u00e3, ela n\u00e3o pode apenas produzir bandejas de ma\u00e7\u00e3. A parte mais importante desta m\u00e1quina \u00e9 a m\u00e1quina de moldagem, que pode produzir as bandejas de papel necess\u00e1rias por meio de matrizes. Por exemplo, se voc\u00ea atualmente administra uma granja de galinhas e precisa usar bandejas de papel ao vender ovos. Ent\u00e3o, neste momento, voc\u00ea precisa de uma m\u00e1quina de moldar bandejas para ovos, ou seja, uma m\u00e1quina moldadora de bandejas para ovos. O molde precisa corresponder ao tamanho do ovo. Portanto, o produto acabado tamb\u00e9m pode ser caixas de ovos, bandejas de sapatos, bandejas de caf\u00e9, bandejas de sementes, bandejas de vinho, bandejas de frutas, bandejas m\u00e9dicas, bandejas de ferragens, etc. O mais breve poss\u00edvel!<\/p> <figure id=\"attachment_4492\" aria-describedby=\"caption-attachment-4492\" style=\"width: 750px\" class=\"wp-caption aligncenter\"><img decoding=\"async\" class=\"size-full wp-image-4492\" src=\"https:\/\/recyclingequipinc.com\/wp-content\/uploads\/2021\/09\/finished-products.jpg\" alt=\"produtos finalizados\" width=\"750\" height=\"354\" srcset=\"https:\/\/recyclingequipinc.com\/wp-content\/uploads\/2021\/09\/finished-products.jpg 750w, https:\/\/recyclingequipinc.com\/wp-content\/uploads\/2021\/09\/finished-products-300x142.jpg 300w, https:\/\/recyclingequipinc.com\/wp-content\/uploads\/2021\/09\/finished-products-600x283.jpg 600w\" sizes=\"(max-width: 750px) 100vw, 750px\" \/><figcaption id=\"caption-attachment-4492\" class=\"wp-caption-text\">produtos finalizados<\/figcaption><\/figure> <h2><strong><b>Processo de fabrica\u00e7\u00e3o da bandeja de ma\u00e7\u00e3<\/b><\/strong><\/h2> <p>A opera\u00e7\u00e3o \u00e9 f\u00e1cil no processo de produ\u00e7\u00e3o de bandejas de ma\u00e7\u00e3. . Pode ser dividido em polpa\u00e7\u00e3o, moldagem, secagem, prensagem a quente e embalagem.<\/p> <p class=\"translation-block\"><strong>Pulpagem<\/strong>: neste processo, o papel reciclado \u00e9 na verdade triturado em polpa por uma m\u00e1quina de polpa de alta press\u00e3o. Prepare-se para a pr\u00f3xima etapa - moldagem. No entanto, certos procedimentos precisam ser seguidos. Os clientes precisam construir tr\u00eas tanques, um para armazenamento de \u00e1gua, um para polpa triturada e um para polpa misturada proporcionalmente.<\/p> <p class=\"translation-block\"><strong>Moldagem<\/strong>: esta etapa \u00e9 principalmente para formar a polpa, ou seja, atrav\u00e9s da m\u00e1quina de moldagem, transformar a polpa na bandeja de papel desejada. Uma bomba de v\u00e1cuo e um compressor de ar tamb\u00e9m s\u00e3o necess\u00e1rios entre a pulping e a moldagem. A bomba de v\u00e1cuo suga a polpa para o molde de forma\u00e7\u00e3o, enquanto o compressor de ar sopra o molde formado para o molde de transfer\u00eancia.<\/p> <p class=\"translation-block\"><strong>Secagem<\/strong>: porque o molde rec\u00e9m-formado cont\u00e9m certa umidade e est\u00e1 molhado, precisa ser seco. Existem tr\u00eas maneiras de secagem: secagem natural, secagem em forno de tijolos e secagem em metal. Voc\u00ea pode escolher o m\u00e9todo de secagem adequado de acordo com sua pr\u00f3pria escala de produ\u00e7\u00e3o.<\/p> <p class=\"translation-block\"><strong>Prensa a quente e embalagem<\/strong>: De maneira geral, as caixas precisam de moldagem por prensagem a quente, pois isso tornar\u00e1 a bandeja de papel mais bonita e economizar\u00e1 espa\u00e7o. A embalagem \u00e9 para coletar e organizar a bandeja de papel para torn\u00e1-la organizada e conveniente de usar.<\/p> <figure id=\"attachment_4495\" aria-describedby=\"caption-attachment-4495\" style=\"width: 750px\" class=\"wp-caption aligncenter\"><img loading=\"lazy\" decoding=\"async\" class=\"size-full wp-image-4495\" src=\"https:\/\/recyclingequipinc.com\/wp-content\/uploads\/2021\/09\/technological-process-.jpg\" alt=\"processo tecnol\u00f3gico-\" width=\"750\" height=\"457\" srcset=\"https:\/\/recyclingequipinc.com\/wp-content\/uploads\/2021\/09\/technological-process-.jpg 750w, https:\/\/recyclingequipinc.com\/wp-content\/uploads\/2021\/09\/technological-process--300x183.jpg 300w, https:\/\/recyclingequipinc.com\/wp-content\/uploads\/2021\/09\/technological-process--600x366.jpg 600w\" sizes=\"(max-width: 750px) 100vw, 750px\" \/><figcaption id=\"caption-attachment-4495\" class=\"wp-caption-text\">processo tecnol\u00f3gico<\/figcaption><\/figure> <h2><strong><b>Por que escolher m\u00e1quinas Shuliy?<\/b><\/strong><\/h2> <p class=\"translation-block\">Na verdade, existem muitos fabricantes de m\u00e1quinas para fazer bandejas de ma\u00e7\u00e3 no mercado, e existem muitos tipos. Ent\u00e3o, por que escolher <a href=\"https:\/\/recyclingequipinc.com\/pt\/\">Shuliy Machinery<\/a> como seu fornecedor? Os principais pontos s\u00e3o os seguintes:<\/p> <p class=\"translation-block\"><strong>Servi\u00e7o atencioso<\/strong>: fornecemos servi\u00e7os de pr\u00e9-venda, venda e p\u00f3s-venda, e um servi\u00e7o de manual online 24 horas pode responder \u00e0s suas perguntas online a qualquer momento.<\/p> <p class=\"translation-block\"><strong>Garantia de qualidade<\/strong>: nossas m\u00e1quinas possuem certificados de qualifica\u00e7\u00e3o relevantes, como CE, GMP, etc. E temos nosso pr\u00f3prio conjunto de sistemas de controle de qualidade, que podem controlar rigorosamente a qualidade de cada componente durante a produ\u00e7\u00e3o.<\/p> <p class=\"translation-block\"><strong>Servi\u00e7os personalizados<\/strong>: voc\u00ea pode ter necessidades diferentes de acordo com seu neg\u00f3cio. Mas podemos personalizar a m\u00e1quina para voc\u00ea de acordo com suas exig\u00eancias. Nossos t\u00e9cnicos podem fornecer sugest\u00f5es profissionais para atender \u00e0s suas necessidades.<\/p> <figure id=\"attachment_4545\" aria-describedby=\"caption-attachment-4545\" style=\"width: 720px\" class=\"wp-caption aligncenter\"><img loading=\"lazy\" decoding=\"async\" class=\"size-full wp-image-4545\" src=\"https:\/\/recyclingequipinc.com\/wp-content\/uploads\/2021\/09\/factory-display.jpg\" alt=\"exibi\u00e7\u00e3o de f\u00e1brica\" width=\"720\" height=\"378\" srcset=\"https:\/\/recyclingequipinc.com\/wp-content\/uploads\/2021\/09\/factory-display.jpg 720w, https:\/\/recyclingequipinc.com\/wp-content\/uploads\/2021\/09\/factory-display-300x158.jpg 300w, https:\/\/recyclingequipinc.com\/wp-content\/uploads\/2021\/09\/factory-display-600x315.jpg 600w\" sizes=\"(max-width: 720px) 100vw, 720px\" \/><figcaption id=\"caption-attachment-4545\" class=\"wp-caption-text\">exibi\u00e7\u00e3o de f\u00e1brica<\/figcaption><\/figure> <h2><strong><b>Largo <\/b><\/strong><strong><b>P<\/b><\/strong><strong><b>aspectos da Apple <\/b><\/strong><strong><b>T<\/b><\/strong><strong><b>raio<\/b><\/strong><strong><b>\u00a0M\u00e1quina<\/b><\/strong><\/h2> <p class=\"translation-block\">Com o cont\u00ednuo desenvolvimento da sociedade, as pessoas prestam cada vez mais aten\u00e7\u00e3o ao meio ambiente. Esta m\u00e1quina para fazer bandejas de ma\u00e7\u00e3 \u00e9 uma m\u00e1quina ecol\u00f3gica, que n\u00e3o s\u00f3 traz lucros para os neg\u00f3cios, mas tamb\u00e9m protege o meio ambiente. Al\u00e9m disso, ser\u00e1 muito comum na vida di\u00e1ria. A bandeja de ma\u00e7\u00e3 pode n\u00e3o apenas embalar ma\u00e7\u00e3s, mas tamb\u00e9m economizar espa\u00e7o, e \u00e9 limpa e organizada ao armazenar. E as mat\u00e9rias-primas s\u00e3o baratas e f\u00e1ceis de coletar, o que economiza custos. Tem um grande valor como neg\u00f3cio. Da mesma forma, tamb\u00e9m \u00e9 a <a href=\"https:\/\/recyclingequipinc.com\/pt\/produto\/egg-tray-making-machine\/\">m\u00e1quina de bandejas de ovos<\/a>. Aguardamos suas liga\u00e7\u00f5es!<\/p>","protected":false},"excerpt":{"rendered":"<p class=\"translation-block\"><strong><b>M\u00e1quina para fazer bandejas de ma\u00e7\u00e3<\/b><\/strong>, como o nome sugere, \u00e9 uma m\u00e1quina projetada para produzir bandejas de ma\u00e7\u00e3. Claro, n\u00e3o apenas bandejas de ma\u00e7\u00e3, mas tamb\u00e9m est\u00e3o dispon\u00edveis outras bandejas para sapatos, bandejas para ovos, caixas de ovos, bandejas para caf\u00e9, etc. Se voc\u00ea est\u00e1 nesta ind\u00fastria, pode trazer grandes lucros. Bem-vindo \u00e0 sua consulta a qualquer momento!<\/p>","protected":false},"featured_media":5090,"template":"","meta":{"site-sidebar-layout":"default","site-content-layout":"default","ast-site-content-layout":"default","site-content-style":"default","site-sidebar-style":"default","ast-global-header-display":"","ast-banner-title-visibility":"","ast-main-header-display":"","ast-hfb-above-header-display":"","ast-hfb-below-header-display":"","ast-hfb-mobile-header-display":"","site-post-title":"","ast-breadcrumbs-content":"","ast-featured-img":"","footer-sml-layout":"","ast-disable-related-posts":"","theme-transparent-header-meta":"default","adv-header-id-meta":"","stick-header-meta":"default","header-above-stick-meta":"","header-main-stick-meta":"","header-below-stick-meta":"","astra-migrate-meta-layouts":"set","ast-page-background-enabled":"default","ast-page-background-meta":{"desktop":{"background-color":"","background-image":"","background-repeat":"repeat","background-position":"center center","background-size":"auto","background-attachment":"scroll","background-type":"","background-media":"","overlay-type":"","overlay-color":"","overlay-opacity":"","overlay-gradient":""},"tablet":{"background-color":"","background-image":"","background-repeat":"repeat","background-position":"center center","background-size":"auto","background-attachment":"scroll","background-type":"","background-media":"","overlay-type":"","overlay-color":"","overlay-opacity":"","overlay-gradient":""},"mobile":{"background-color":"","background-image":"","background-repeat":"repeat","background-position":"center center","background-size":"auto","background-attachment":"scroll","background-type":"","background-media":"","overlay-type":"","overlay-color":"","overlay-opacity":"","overlay-gradient":""}},"ast-content-background-meta":{"desktop":{"background-color":"var(--ast-global-color-5)","background-image":"","background-repeat":"repeat","background-position":"center center","background-size":"auto","background-attachment":"scroll","background-type":"","background-media":"","overlay-type":"","overlay-color":"","overlay-opacity":"","overlay-gradient":""},"tablet":{"background-color":"var(--ast-global-color-5)","background-image":"","background-repeat":"repeat","background-position":"center center","background-size":"auto","background-attachment":"scroll","background-type":"","background-media":"","overlay-type":"","overlay-color":"","overlay-opacity":"","overlay-gradient":""},"mobile":{"background-color":"var(--ast-global-color-5)","background-image":"","background-repeat":"repeat","background-position":"center center","background-size":"auto","background-attachment":"scroll","background-type":"","background-media":"","overlay-type":"","overlay-color":"","overlay-opacity":"","overlay-gradient":""}}},"product_brand":[],"product_cat":[35],"product_tag":[],"class_list":{"0":"post-5063","1":"product","2":"type-product","3":"status-publish","4":"has-post-thumbnail","6":"product_cat-egg-tray-machine","7":"desktop-align-center","8":"tablet-align-center","9":"mobile-align-center","11":"first","12":"instock","13":"shipping-taxable","14":"product-type-simple"},"_links":{"self":[{"href":"https:\/\/recyclingequipinc.com\/pt\/wp-json\/wp\/v2\/product\/5063","targetHints":{"allow":["GET"]}}],"collection":[{"href":"https:\/\/recyclingequipinc.com\/pt\/wp-json\/wp\/v2\/product"}],"about":[{"href":"https:\/\/recyclingequipinc.com\/pt\/wp-json\/wp\/v2\/types\/product"}],"version-history":[{"count":0,"href":"https:\/\/recyclingequipinc.com\/pt\/wp-json\/wp\/v2\/product\/5063\/revisions"}],"wp:featuredmedia":[{"embeddable":true,"href":"https:\/\/recyclingequipinc.com\/pt\/wp-json\/wp\/v2\/media\/5090"}],"wp:attachment":[{"href":"https:\/\/recyclingequipinc.com\/pt\/wp-json\/wp\/v2\/media?parent=5063"}],"wp:term":[{"taxonomy":"product_brand","embeddable":true,"href":"https:\/\/recyclingequipinc.com\/pt\/wp-json\/wp\/v2\/product_brand?post=5063"},{"taxonomy":"product_cat","embeddable":true,"href":"https:\/\/recyclingequipinc.com\/pt\/wp-json\/wp\/v2\/product_cat?post=5063"},{"taxonomy":"product_tag","embeddable":true,"href":"https:\/\/recyclingequipinc.com\/pt\/wp-json\/wp\/v2\/product_tag?post=5063"}],"curies":[{"name":"wp","href":"https:\/\/api.w.org\/{rel}","templated":true}]}}