{"id":4980,"date":"2021-10-09T07:51:32","date_gmt":"2021-10-09T07:51:32","guid":{"rendered":"https:\/\/recyclingequipinc.com\/?post_type=product&#038;p=4980"},"modified":"2021-12-01T02:54:16","modified_gmt":"2021-12-01T02:54:16","slug":"fish-meal-packing-machine","status":"publish","type":"product","link":"https:\/\/recyclingequipinc.com\/pt\/product\/fish-meal-packing-machine\/","title":{"rendered":"M\u00e1quina embaladora de farinha de peixe"},"content":{"rendered":"<p>A m\u00e1quina embaladora de farinha de peixe \u00e9 usada para embalar farinha de peixe produzida em sacos com um determinado peso ou volume. O equipamento de embalagem \u00e9 semelhante \u00e0 m\u00e1quina de embalagem de p\u00f3 comum e pode finalizar automaticamente o processo de medi\u00e7\u00e3o, confec\u00e7\u00e3o de sacos, enchimento, selagem, corte e contagem. O embalador de farinha de peixe adota controle de chip de microcomputador, e o painel de controle pode controlar a velocidade da embalagem, comprimento do saco de embalagem, temperatura de selagem a quente, etc.<\/p> <h2>Caracter\u00edsticas e benef\u00edcios da m\u00e1quina de embalagem de farinha de peixe<\/h2> <ol> <li>Design razo\u00e1vel, estrutura compacta, pequeno espa\u00e7o ocupado<\/li> <li>Execute de forma est\u00e1vel, operando de forma simples, empacotando automaticamente<\/li> <li>Economizando custos trabalhistas, melhorando a efici\u00eancia do trabalho<\/li> <li>Farinha de peixe bem embalada \u00e9 limpa e atraente no mercado<\/li> <li>A tela sens\u00edvel ao toque \u00e9 f\u00e1cil de configurar v\u00e1rios par\u00e2metros de trabalho.<\/li> <li>Equipado com uma tampa de seguran\u00e7a ao redor da seladora horizontal como precau\u00e7\u00e3o.<\/li> <\/ol> <h2>Estrutura da m\u00e1quina de embalagem de farinha de peixe<\/h2> <p>A m\u00e1quina embaladora de farinha de peixe \u00e9 composta por um fixador de rolo de filme de embalagem, painel de controle, tremonha, sem-fim, fabricante de sacos, dispositivo de selagem vertical, m\u00e1quina de selagem horizontal e cortador. Como o nome indica, um fixador de rolo \u00e9 usado para instalar o filme de embalagem. O painel de controle consiste em uma tela sens\u00edvel ao toque, display de temperatura de veda\u00e7\u00e3o vertical e horizontal, interruptor liga-desliga, bot\u00e3o de emerg\u00eancia, etc. E a tela sens\u00edvel ao toque gerencia usando idioma, comprimento do saco de embalagem, velocidade de embalagem e assim por diante. O sem-fim instalou a sa\u00edda da tremonha. A m\u00e1quina controla o volume da embalagem alterando as voltas da rota\u00e7\u00e3o do sem-fim, a velocidade da espiral e o tamanho do sem-fim, etc.<\/p> <h2>Conclus\u00e3o<\/h2> <p>Como fabricante profissional de m\u00e1quinas para farinha de peixe, n\u00e3o fornecemos apenas m\u00e1quinas para embalar farinha de peixe, mas tamb\u00e9m outras m\u00e1quinas para venda de farinha de peixe, tais como m\u00e1quinas de cortar peixe, m\u00e1quinas para cozinhar peixe, m\u00e1quinas para espremer peixe, m\u00e1quinas para secar farinha de peixe, m\u00e1quinas para peneirar farinha de peixe, etc. Al\u00e9m disso, tamb\u00e9m podemos ajud\u00e1-lo a projetar o padr\u00e3o e o formato da sua embalagem, se necess\u00e1rio. Al\u00e9m disso, oferecemos suporte ao servi\u00e7o OEM de acordo com suas necessidades reais. Entre em contato conosco para obter mais detalhes e o melhor pre\u00e7o, e responderemos o mais breve poss\u00edvel.<\/p> <p>&nbsp;<\/p>","protected":false},"excerpt":{"rendered":"<p>A m\u00e1quina embaladora de farinha de peixe pode completar automaticamente todo o processo de medi\u00e7\u00e3o, confec\u00e7\u00e3o de sacos, enchimento, selagem, corte e contagem. O controle do chip do microcomputador \u00e9 inteligente para configurar v\u00e1rios par\u00e2metros. Ocupa um espa\u00e7o pequeno, funciona de forma eficiente e opera de forma simples. Al\u00e9m disso, o servi\u00e7o OEM est\u00e1 dispon\u00edvel.<\/p>","protected":false},"featured_media":4982,"template":"","meta":{"site-sidebar-layout":"default","site-content-layout":"default","ast-site-content-layout":"default","site-content-style":"default","site-sidebar-style":"default","ast-global-header-display":"","ast-banner-title-visibility":"","ast-main-header-display":"","ast-hfb-above-header-display":"","ast-hfb-below-header-display":"","ast-hfb-mobile-header-display":"","site-post-title":"","ast-breadcrumbs-content":"","ast-featured-img":"","footer-sml-layout":"","ast-disable-related-posts":"","theme-transparent-header-meta":"default","adv-header-id-meta":"","stick-header-meta":"default","header-above-stick-meta":"","header-main-stick-meta":"","header-below-stick-meta":"","astra-migrate-meta-layouts":"default","ast-page-background-enabled":"default","ast-page-background-meta":{"desktop":{"background-color":"","background-image":"","background-repeat":"repeat","background-position":"center center","background-size":"auto","background-attachment":"scroll","background-type":"","background-media":"","overlay-type":"","overlay-color":"","overlay-opacity":"","overlay-gradient":""},"tablet":{"background-color":"","background-image":"","background-repeat":"repeat","background-position":"center center","background-size":"auto","background-attachment":"scroll","background-type":"","background-media":"","overlay-type":"","overlay-color":"","overlay-opacity":"","overlay-gradient":""},"mobile":{"background-color":"","background-image":"","background-repeat":"repeat","background-position":"center center","background-size":"auto","background-attachment":"scroll","background-type":"","background-media":"","overlay-type":"","overlay-color":"","overlay-opacity":"","overlay-gradient":""}},"ast-content-background-meta":{"desktop":{"background-color":"var(--ast-global-color-5)","background-image":"","background-repeat":"repeat","background-position":"center center","background-size":"auto","background-attachment":"scroll","background-type":"","background-media":"","overlay-type":"","overlay-color":"","overlay-opacity":"","overlay-gradient":""},"tablet":{"background-color":"var(--ast-global-color-5)","background-image":"","background-repeat":"repeat","background-position":"center center","background-size":"auto","background-attachment":"scroll","background-type":"","background-media":"","overlay-type":"","overlay-color":"","overlay-opacity":"","overlay-gradient":""},"mobile":{"background-color":"var(--ast-global-color-5)","background-image":"","background-repeat":"repeat","background-position":"center center","background-size":"auto","background-attachment":"scroll","background-type":"","background-media":"","overlay-type":"","overlay-color":"","overlay-opacity":"","overlay-gradient":""}}},"product_brand":[],"product_cat":[15],"product_tag":[],"class_list":{"0":"post-4980","1":"product","2":"type-product","3":"status-publish","4":"has-post-thumbnail","6":"product_cat-fish-meal-plant","7":"desktop-align-center","8":"tablet-align-center","9":"mobile-align-center","11":"first","12":"instock","13":"shipping-taxable","14":"product-type-simple"},"_links":{"self":[{"href":"https:\/\/recyclingequipinc.com\/pt\/wp-json\/wp\/v2\/product\/4980","targetHints":{"allow":["GET"]}}],"collection":[{"href":"https:\/\/recyclingequipinc.com\/pt\/wp-json\/wp\/v2\/product"}],"about":[{"href":"https:\/\/recyclingequipinc.com\/pt\/wp-json\/wp\/v2\/types\/product"}],"version-history":[{"count":0,"href":"https:\/\/recyclingequipinc.com\/pt\/wp-json\/wp\/v2\/product\/4980\/revisions"}],"wp:featuredmedia":[{"embeddable":true,"href":"https:\/\/recyclingequipinc.com\/pt\/wp-json\/wp\/v2\/media\/4982"}],"wp:attachment":[{"href":"https:\/\/recyclingequipinc.com\/pt\/wp-json\/wp\/v2\/media?parent=4980"}],"wp:term":[{"taxonomy":"product_brand","embeddable":true,"href":"https:\/\/recyclingequipinc.com\/pt\/wp-json\/wp\/v2\/product_brand?post=4980"},{"taxonomy":"product_cat","embeddable":true,"href":"https:\/\/recyclingequipinc.com\/pt\/wp-json\/wp\/v2\/product_cat?post=4980"},{"taxonomy":"product_tag","embeddable":true,"href":"https:\/\/recyclingequipinc.com\/pt\/wp-json\/wp\/v2\/product_tag?post=4980"}],"curies":[{"name":"wp","href":"https:\/\/api.w.org\/{rel}","templated":true}]}}