{"id":4974,"date":"2021-10-09T07:28:30","date_gmt":"2021-10-09T07:28:30","guid":{"rendered":"https:\/\/recyclingequipinc.com\/?post_type=product&#038;p=4974"},"modified":"2025-11-10T15:58:49","modified_gmt":"2025-11-10T07:58:49","slug":"5t-fish-meal-machine","status":"publish","type":"product","link":"https:\/\/recyclingequipinc.com\/pt\/product\/5t-fish-meal-machine\/","title":{"rendered":"m\u00e1quina da farinha de peixes 5T\/D"},"content":{"rendered":"<p>A farinha de peixe \u00e9 a mat\u00e9ria-prima rica em prote\u00ednas com um ou mais tipos de peixe como mat\u00e9ria-prima ap\u00f3s desengorduramento, desidrata\u00e7\u00e3o e esmagamento, o que \u00e9 ben\u00e9fico para o crescimento dos animais. A mat\u00e9ria-prima prov\u00e9m de restos de ossos e v\u00edsceras de peixes que n\u00e3o s\u00e3o utilizados para consumo humano. Para m\u00e1quinas de produ\u00e7\u00e3o de farinha de peixe, existem tanto a linha de produ\u00e7\u00e3o para grande produ\u00e7\u00e3o quanto o tipo integrado de equipamento de farinha de peixe dispon\u00edvel para produ\u00e7\u00e3o pequena ou m\u00e9dia. A f\u00e1brica de farinha de peixe 5T\/D \u00e9 composta por uma m\u00e1quina de cozinhar peixe, uma m\u00e1quina de espremer peixe, um secador de farinha de peixe e um separador de \u00f3leo de peixe. Pode ser utilizado em pequenas oficinas e no navio durante a pesca no mar. Peixe cru fresco pode ser feito com farinha de peixe da mais alta qualidade.<\/p> <h2>Venda m\u00e1quina de farinha de peixe 5T\/D<\/h2> <p>A unidade de produ\u00e7\u00e3o de p\u00f3 de peixe aplica-se a pequenas ou m\u00e9dias oficinas de farinha de peixe, podendo tamb\u00e9m ser instalada em navios para produzir farinha e \u00f3leo de peixe no mar. Em compara\u00e7\u00e3o com a grande linha de produ\u00e7\u00e3o de farinha de peixe, a m\u00e1quina de farinha de peixe a bordo precisa de menor investimento e \u00e9 um equipamento integrado que pode concluir o processo de estufagem, prensagem e desidrata\u00e7\u00e3o de forma independente. Se a mat\u00e9ria-prima n\u00e3o for pequena, \u00e9 melhor combinar uma m\u00e1quina de cortar peixe antes de cozinhar. Al\u00e9m disso, voc\u00ea pode escolher outras m\u00e1quinas de suporte com base em suas necessidades reais, como um transportador helicoidal, uma m\u00e1quina de triagem de farinha de peixe, um triturador de farinha de peixe e uma m\u00e1quina embaladora de farinha de peixe, etc. de toda a linha de produ\u00e7\u00e3o de farinha de peixe, os principais processos de produ\u00e7\u00e3o s\u00e3o os mesmos.<\/p> <figure id=\"attachment_4989\" aria-describedby=\"caption-attachment-4989\" style=\"width: 713px\" class=\"wp-caption aligncenter\"><img fetchpriority=\"high\" decoding=\"async\" class=\"size-full wp-image-4989\" src=\"https:\/\/recyclingequipinc.com\/wp-content\/uploads\/2021\/10\/integrated-fish-meal-unit.jpg\" alt=\"unidade integrada de farinha de peixe\" width=\"713\" height=\"540\" srcset=\"https:\/\/recyclingequipinc.com\/wp-content\/uploads\/2021\/10\/integrated-fish-meal-unit.jpg 713w, https:\/\/recyclingequipinc.com\/wp-content\/uploads\/2021\/10\/integrated-fish-meal-unit-300x227.jpg 300w, https:\/\/recyclingequipinc.com\/wp-content\/uploads\/2021\/10\/integrated-fish-meal-unit-600x454.jpg 600w\" sizes=\"(max-width: 713px) 100vw, 713px\" \/><figcaption id=\"caption-attachment-4989\" class=\"wp-caption-text\">unidade integrada de farinha de peixe<\/figcaption><\/figure> <h2>Estrutura da m\u00e1quina de farinha de peixe 5T\/D<\/h2> <p>A f\u00e1brica de farinha de peixe 5T\/D consiste em uma m\u00e1quina de ensopado de peixe, uma m\u00e1quina de espremer peixe e uma m\u00e1quina de secar peixe. A m\u00e1quina de cozinhar peixe adota um m\u00e9todo de aquecimento a vapor para estufar e esterilizar o peixe. O motor de regula\u00e7\u00e3o cont\u00ednua pode alterar a velocidade do eixo principal da m\u00e1quina de cozinhar, adequado para diferentes requisitos do processo de produ\u00e7\u00e3o de esta\u00e7\u00f5es, esp\u00e9cies de peixes e tamanhos de peixes. O espremedor de peixe \u00e9 o equipamento para desidratar os peda\u00e7os de peixe cozido e separar o \u00f3leo de peixe das refei\u00e7\u00f5es de peixe. Durante a produ\u00e7\u00e3o da farinha de peixe, a m\u00e1quina espremedora de peixe pressiona o m\u00e1ximo de l\u00edquido poss\u00edvel para melhorar a qualidade da farinha de peixe e reduzir o teor de umidade da farinha de peixe \u00famida. A m\u00e1quina de secagem de farinha de peixe seca a farinha de peixe \u00famida e reduz seu teor de \u00e1gua para menos de 10%. O secador bem projetado pode garantir a maior \u00e1rea de aquecimento para farinha de peixe, aquecimento uniforme, efeito de secagem bem e alta efici\u00eancia.<\/p> <h2>Caracter\u00edsticas da f\u00e1brica de farinha de peixe a bordo<\/h2> <ol> <li>Estrutura compacta, design razo\u00e1vel, f\u00e1cil movimenta\u00e7\u00e3o, economizando espa\u00e7o<\/li> <li>Pre\u00e7o adequado, espa\u00e7o estreito, forte estabilidade, opera\u00e7\u00e3o simples<\/li> <li>Alta efici\u00eancia, conveni\u00eancia, economia de custos, bom efeito de produ\u00e7\u00e3o<\/li> <li>Equipamento integrado para completar o cozimento, espremer e secar<\/li> <\/ol> <h2>Todo o processo de produ\u00e7\u00e3o de farinha de peixe<\/h2> <p>Transportador helicoidal de corte de peixe transporte - peixe triturado estufado - peda\u00e7os de peixe cozido espremido - farinha de peixe secagem - triagem de farinha de peixe - tritura\u00e7\u00e3o de farinha de peixe - embalagem de farinha de peixe<\/p> <h2>Equipamento relacionado<\/h2> <h3>M\u00e1quina de corte de peixe #F<\/h3> <p>O triturador de peixe \u00e9 usado para cortar peixes grandes em peda\u00e7os pequenos com tamanho inferior a 5 mm, a fim de transportar a mat\u00e9ria-prima para a m\u00e1quina de estufar peixe por meio de uma rosca transportadora. A m\u00e1quina trituradora de peixe \u00e9 composta por um mainframe, motor, entrada de peixe, sa\u00edda triturada e um par de cortadores de rolamento.<\/p> <figure id=\"attachment_5000\" aria-describedby=\"caption-attachment-5000\" style=\"width: 720px\" class=\"wp-caption aligncenter\"><img decoding=\"async\" class=\"size-full wp-image-5000\" src=\"https:\/\/recyclingequipinc.com\/wp-content\/uploads\/2021\/10\/fish-cutting-machine.jpg\" alt=\"m\u00e1quina de corte de peixe\" width=\"720\" height=\"540\" srcset=\"https:\/\/recyclingequipinc.com\/wp-content\/uploads\/2021\/10\/fish-cutting-machine.jpg 720w, https:\/\/recyclingequipinc.com\/wp-content\/uploads\/2021\/10\/fish-cutting-machine-300x225.jpg 300w, https:\/\/recyclingequipinc.com\/wp-content\/uploads\/2021\/10\/fish-cutting-machine-600x450.jpg 600w\" sizes=\"(max-width: 720px) 100vw, 720px\" \/><figcaption id=\"caption-attachment-5000\" class=\"wp-caption-text\">m\u00e1quina de corte de peixe<\/figcaption><\/figure> <h3>Transportador de rosca #S<\/h3> <p>O transportador helicoidal \u00e9 uma m\u00e1quina de suporte comum na produ\u00e7\u00e3o industrial. Na linha de produ\u00e7\u00e3o de farinha de peixe, transporta o peixe triturado para a m\u00e1quina de cozinhar peixe. O equipamento tem as vantagens de estrutura simples, bom desempenho, economia de m\u00e3o de obra e assim por diante.<\/p> <h3>M\u00e1quina da sele\u00e7\u00e3o da refei\u00e7\u00e3o #Fish<\/h3> <p>A m\u00e1quina de triagem de farinha de peixe peneira a farinha de peixe ap\u00f3s a secagem. A farinha de peixe pequena ficar\u00e1 fora do equipamento, mas a farinha de peixe que n\u00e3o estiver de acordo com o tamanho exigido pode ser triturada novamente em uma pequena trituradora. Diferentes misturas de peneiramento podem ser alteradas para a peneiradora de tambor.<\/p> <figure id=\"attachment_5004\" aria-describedby=\"caption-attachment-5004\" style=\"width: 720px\" class=\"wp-caption aligncenter\"><img decoding=\"async\" class=\"size-full wp-image-5004\" src=\"https:\/\/recyclingequipinc.com\/wp-content\/uploads\/2021\/10\/fish-meal-screening-machine.jpg\" alt=\"m\u00e1quina de triagem de farinha de peixe\" width=\"720\" height=\"540\" srcset=\"https:\/\/recyclingequipinc.com\/wp-content\/uploads\/2021\/10\/fish-meal-screening-machine.jpg 720w, https:\/\/recyclingequipinc.com\/wp-content\/uploads\/2021\/10\/fish-meal-screening-machine-300x225.jpg 300w, https:\/\/recyclingequipinc.com\/wp-content\/uploads\/2021\/10\/fish-meal-screening-machine-600x450.jpg 600w\" sizes=\"(max-width: 720px) 100vw, 720px\" \/><figcaption id=\"caption-attachment-5004\" class=\"wp-caption-text\">m\u00e1quina de triagem de farinha de peixe<\/figcaption><\/figure> <h3>M\u00e1quina de embalagem de refei\u00e7\u00e3o #Fish<\/h3> <p class=\"translation-block\">A<a href=\"https:\/\/recyclingequipinc.com\/pt\/produto\/fish-meal-packing-machine\/\"><strong> m\u00e1quina de embalagem de farinha de peixe<\/strong><\/a> \u00e9 o equipamento para embalar farinha de peixe em sacos com determinados requisitos de volume ou peso. A farinha de peixe bem embalada \u00e9 limpa e atrativa no mercado. A embaladora tem as fun\u00e7\u00f5es de medi\u00e7\u00e3o, fabrico de sacos, enchimento, selagem, corte e contagem.<\/p> <h2>Conclus\u00e3o<\/h2> <p>A m\u00e1quina de farinha de peixe 5T\/D pode completar o cozimento, prensagem e secagem de forma independente como uma m\u00e1quina integrada. N\u00e3o requer grande espa\u00e7o devido \u00e0 sua estrutura compacta. Comparado com todas as m\u00e1quinas da linha de produ\u00e7\u00e3o de farinha de peixe, este tipo de farinha de peixe 5D\/T \u00e9 de baixo custo. Caso necessite de outras m\u00e1quinas de apoio, voc\u00ea pode escolher de acordo com suas reais necessidades, ou entrar em contato conosco e nossa equipe de profissionais lhe dar\u00e1 sugest\u00f5es \u00fateis.<\/p>","protected":false},"excerpt":{"rendered":"<p>A farinha de peixe \u00e9 a mat\u00e9ria-prima rica em prote\u00ednas com um ou mais tipos de peixe como mat\u00e9ria-prima ap\u00f3s desengorduramento, desidrata\u00e7\u00e3o e esmagamento, o que \u00e9 ben\u00e9fico para o crescimento dos animais. A f\u00e1brica de farinha de peixe 5T\/D \u00e9 composta por uma m\u00e1quina de cozinhar peixe, uma m\u00e1quina de espremer peixe, um secador de farinha de peixe e um separador de \u00f3leo de peixe. Pode ser utilizado em pequenas oficinas e no navio durante a pesca no mar. Peixe cru fresco pode ser feito com farinha de peixe da mais alta qualidade.<\/p>","protected":false},"featured_media":4977,"template":"","meta":{"site-sidebar-layout":"default","site-content-layout":"default","ast-site-content-layout":"default","site-content-style":"default","site-sidebar-style":"default","ast-global-header-display":"","ast-banner-title-visibility":"","ast-main-header-display":"","ast-hfb-above-header-display":"","ast-hfb-below-header-display":"","ast-hfb-mobile-header-display":"","site-post-title":"","ast-breadcrumbs-content":"","ast-featured-img":"","footer-sml-layout":"","ast-disable-related-posts":"","theme-transparent-header-meta":"default","adv-header-id-meta":"","stick-header-meta":"default","header-above-stick-meta":"","header-main-stick-meta":"","header-below-stick-meta":"","astra-migrate-meta-layouts":"set","ast-page-background-enabled":"default","ast-page-background-meta":{"desktop":{"background-color":"","background-image":"","background-repeat":"repeat","background-position":"center center","background-size":"auto","background-attachment":"scroll","background-type":"","background-media":"","overlay-type":"","overlay-color":"","overlay-opacity":"","overlay-gradient":""},"tablet":{"background-color":"","background-image":"","background-repeat":"repeat","background-position":"center center","background-size":"auto","background-attachment":"scroll","background-type":"","background-media":"","overlay-type":"","overlay-color":"","overlay-opacity":"","overlay-gradient":""},"mobile":{"background-color":"","background-image":"","background-repeat":"repeat","background-position":"center center","background-size":"auto","background-attachment":"scroll","background-type":"","background-media":"","overlay-type":"","overlay-color":"","overlay-opacity":"","overlay-gradient":""}},"ast-content-background-meta":{"desktop":{"background-color":"var(--ast-global-color-5)","background-image":"","background-repeat":"repeat","background-position":"center center","background-size":"auto","background-attachment":"scroll","background-type":"","background-media":"","overlay-type":"","overlay-color":"","overlay-opacity":"","overlay-gradient":""},"tablet":{"background-color":"var(--ast-global-color-5)","background-image":"","background-repeat":"repeat","background-position":"center center","background-size":"auto","background-attachment":"scroll","background-type":"","background-media":"","overlay-type":"","overlay-color":"","overlay-opacity":"","overlay-gradient":""},"mobile":{"background-color":"var(--ast-global-color-5)","background-image":"","background-repeat":"repeat","background-position":"center center","background-size":"auto","background-attachment":"scroll","background-type":"","background-media":"","overlay-type":"","overlay-color":"","overlay-opacity":"","overlay-gradient":""}}},"product_brand":[],"product_cat":[15],"product_tag":[43],"class_list":{"0":"post-4974","1":"product","2":"type-product","3":"status-publish","4":"has-post-thumbnail","6":"product_cat-fish-meal-plant","7":"product_tag-fish-meal-machine","8":"desktop-align-center","9":"tablet-align-center","10":"mobile-align-center","12":"first","13":"instock","14":"shipping-taxable","15":"product-type-simple"},"_links":{"self":[{"href":"https:\/\/recyclingequipinc.com\/pt\/wp-json\/wp\/v2\/product\/4974","targetHints":{"allow":["GET"]}}],"collection":[{"href":"https:\/\/recyclingequipinc.com\/pt\/wp-json\/wp\/v2\/product"}],"about":[{"href":"https:\/\/recyclingequipinc.com\/pt\/wp-json\/wp\/v2\/types\/product"}],"version-history":[{"count":0,"href":"https:\/\/recyclingequipinc.com\/pt\/wp-json\/wp\/v2\/product\/4974\/revisions"}],"wp:featuredmedia":[{"embeddable":true,"href":"https:\/\/recyclingequipinc.com\/pt\/wp-json\/wp\/v2\/media\/4977"}],"wp:attachment":[{"href":"https:\/\/recyclingequipinc.com\/pt\/wp-json\/wp\/v2\/media?parent=4974"}],"wp:term":[{"taxonomy":"product_brand","embeddable":true,"href":"https:\/\/recyclingequipinc.com\/pt\/wp-json\/wp\/v2\/product_brand?post=4974"},{"taxonomy":"product_cat","embeddable":true,"href":"https:\/\/recyclingequipinc.com\/pt\/wp-json\/wp\/v2\/product_cat?post=4974"},{"taxonomy":"product_tag","embeddable":true,"href":"https:\/\/recyclingequipinc.com\/pt\/wp-json\/wp\/v2\/product_tag?post=4974"}],"curies":[{"name":"wp","href":"https:\/\/api.w.org\/{rel}","templated":true}]}}