{"id":4938,"date":"2021-10-08T07:59:30","date_gmt":"2021-10-08T07:59:30","guid":{"rendered":"https:\/\/recyclingequipinc.com\/?post_type=product&#038;p=4938"},"modified":"2021-10-26T09:33:30","modified_gmt":"2021-10-26T09:33:30","slug":"egg-tray-dryer-machine","status":"publish","type":"product","link":"https:\/\/recyclingequipinc.com\/pt\/product\/egg-tray-dryer-machine\/","title":{"rendered":"M\u00e1quina secadora de bandejas para ovos"},"content":{"rendered":"<p class=\"translation-block\"><strong><b>Secador de bandejas de ovos<\/b><\/strong> <strong><b>m\u00e1quina<\/b><\/strong> funciona para remover a umidade das bandejas de ovos das bandejas de ovos molhadas em um curto espa\u00e7o de tempo. Isso ajuda as bandejas de ovos a secar rapidamente em grande quantidade. Portanto, o secador de bandejas de ovos \u00e9 o equipamento agrupado mais importante da m\u00e1quina de fabrica\u00e7\u00e3o de bandejas de ovos. Al\u00e9m disso, o m\u00e9todo de secagem da bandeja de ovos determina o n\u00edvel autom\u00e1tico de uma linha de produ\u00e7\u00e3o de bandejas de ovos. Claro, o pre\u00e7o da m\u00e1quina de bandejas de ovos varia. Se voc\u00ea estiver interessado em m\u00e1quinas recicladas, entre em contato conosco a qualquer momento, e responderemos o mais r\u00e1pido poss\u00edvel!<\/p> <figure id=\"attachment_4964\" aria-describedby=\"caption-attachment-4964\" style=\"width: 800px\" class=\"wp-caption aligncenter\"><img fetchpriority=\"high\" decoding=\"async\" class=\"size-full wp-image-4964\" src=\"https:\/\/recyclingequipinc.com\/wp-content\/uploads\/2021\/10\/egg-tray-drying-methods.jpg\" alt=\"m\u00e9todos de secagem de bandeja de ovos\" width=\"800\" height=\"800\" srcset=\"https:\/\/recyclingequipinc.com\/wp-content\/uploads\/2021\/10\/egg-tray-drying-methods.jpg 800w, https:\/\/recyclingequipinc.com\/wp-content\/uploads\/2021\/10\/egg-tray-drying-methods-100x100.jpg 100w, https:\/\/recyclingequipinc.com\/wp-content\/uploads\/2021\/10\/egg-tray-drying-methods-750x750.jpg 750w, https:\/\/recyclingequipinc.com\/wp-content\/uploads\/2021\/10\/egg-tray-drying-methods-300x300.jpg 300w, https:\/\/recyclingequipinc.com\/wp-content\/uploads\/2021\/10\/egg-tray-drying-methods-150x150.jpg 150w, https:\/\/recyclingequipinc.com\/wp-content\/uploads\/2021\/10\/egg-tray-drying-methods-768x768.jpg 768w, https:\/\/recyclingequipinc.com\/wp-content\/uploads\/2021\/10\/egg-tray-drying-methods-600x600.jpg 600w\" sizes=\"(max-width: 800px) 100vw, 800px\" \/><figcaption id=\"caption-attachment-4964\" class=\"wp-caption-text\">m\u00e9todos de secagem de bandeja de ovos<\/figcaption><\/figure> <h2><strong><b>Tr\u00eas maneiras de secar a bandeja de ovos <\/b><\/strong><\/h2> <p>Existem tr\u00eas tipos de secagem das bandejas de ovos \u00famidos, respectivamente secagem natural, linha de secagem de tijolos e secador de metal. Como fabricante e fornecedor profissional de m\u00e1quinas de bandejas para ovos, gostar\u00edamos de fornecer os detalhes delas para voc\u00ea escolher.<\/p> <p>&nbsp;<\/p> <h3><strong><b>Secagem natural<\/b><\/strong><\/h3> <p>Como o nome indica, a secagem natural consiste em colocar as bandejas de ovos \u00famidas ao sol. \u00c9 adequado para m\u00e1quinas de bandejas para ovos de pequena escala. Possui vantagens de baixo custo, baixo risco e pequeno espa\u00e7o necess\u00e1rio para planta de bandejas de ovos. Devido a este m\u00e9todo de secagem, necessita de espa\u00e7o suficiente para colocar bandejas de ovos \u00famidos e auxiliar de m\u00e3o de obra. Por\u00e9m, \u00e9 necess\u00e1rio mais tempo para secar as bandejas de ovos. E o progresso da secagem da bandeja de ovos depende muito do clima.<\/p> <figure id=\"attachment_4960\" aria-describedby=\"caption-attachment-4960\" style=\"width: 1071px\" class=\"wp-caption aligncenter\"><img decoding=\"async\" class=\"size-full wp-image-4960\" src=\"https:\/\/recyclingequipinc.com\/wp-content\/uploads\/2021\/10\/natural-drying-for-egg-trays.jpg\" alt=\"secagem natural para bandejas de ovos\" width=\"1071\" height=\"414\" srcset=\"https:\/\/recyclingequipinc.com\/wp-content\/uploads\/2021\/10\/natural-drying-for-egg-trays.jpg 1071w, https:\/\/recyclingequipinc.com\/wp-content\/uploads\/2021\/10\/natural-drying-for-egg-trays-750x290.jpg 750w, https:\/\/recyclingequipinc.com\/wp-content\/uploads\/2021\/10\/natural-drying-for-egg-trays-300x116.jpg 300w, https:\/\/recyclingequipinc.com\/wp-content\/uploads\/2021\/10\/natural-drying-for-egg-trays-1024x396.jpg 1024w, https:\/\/recyclingequipinc.com\/wp-content\/uploads\/2021\/10\/natural-drying-for-egg-trays-768x297.jpg 768w, https:\/\/recyclingequipinc.com\/wp-content\/uploads\/2021\/10\/natural-drying-for-egg-trays-600x232.jpg 600w\" sizes=\"(max-width: 1071px) 100vw, 1071px\" \/><figcaption id=\"caption-attachment-4960\" class=\"wp-caption-text\">secagem natural<\/figcaption><\/figure> <h3><strong><b>Linha de secagem de tijolos<\/b><\/strong><\/h3> <p>Atrav\u00e9s de uma correia transportadora, as bandejas de ovos \u00famidos podem ser transportadas automaticamente para a sala de secagem. Esta forma de secagem pode ser usada para todos os modelos, mas \u00e9 sugerida para m\u00e1quinas m\u00e9dias de bandejas para ovos. \u00c9 mais eficaz que a secagem natural e tamb\u00e9m mais barato que um secador autom\u00e1tico de metal. \u00c9 f\u00e1cil de manter e operar, al\u00e9m de ter uma longa vida \u00fatil. No entanto, requer mais obras e espa\u00e7o.<\/p> <figure id=\"attachment_4958\" aria-describedby=\"caption-attachment-4958\" style=\"width: 1200px\" class=\"wp-caption aligncenter\"><img decoding=\"async\" class=\"size-full wp-image-4958\" src=\"https:\/\/recyclingequipinc.com\/wp-content\/uploads\/2021\/10\/brick-drying.jpg\" alt=\"secagem de tijolos\" width=\"1200\" height=\"500\" srcset=\"https:\/\/recyclingequipinc.com\/wp-content\/uploads\/2021\/10\/brick-drying.jpg 1200w, https:\/\/recyclingequipinc.com\/wp-content\/uploads\/2021\/10\/brick-drying-750x313.jpg 750w, https:\/\/recyclingequipinc.com\/wp-content\/uploads\/2021\/10\/brick-drying-300x125.jpg 300w, https:\/\/recyclingequipinc.com\/wp-content\/uploads\/2021\/10\/brick-drying-1024x427.jpg 1024w, https:\/\/recyclingequipinc.com\/wp-content\/uploads\/2021\/10\/brick-drying-768x320.jpg 768w, https:\/\/recyclingequipinc.com\/wp-content\/uploads\/2021\/10\/brick-drying-600x250.jpg 600w\" sizes=\"(max-width: 1200px) 100vw, 1200px\" \/><figcaption id=\"caption-attachment-4958\" class=\"wp-caption-text\">secagem de tijolos<\/figcaption><\/figure> <h3><strong><b>Secador de metal<\/b><\/strong><\/h3> <p>\u00c9 um sistema de secagem autom\u00e1tica. V\u00e1rias camadas est\u00e3o dispon\u00edveis para sua escolha. \u00c9 adequado para todos os modelos. Considerando o custo, \u00e9 quase utilizado para produ\u00e7\u00e3o em larga escala. N\u00e3o s\u00f3 \u00e9 f\u00e1cil de transportar, instalar e operar, como tamb\u00e9m economiza espa\u00e7o. E \u00e9 eficaz. Mas \u00e9 caro e o combust\u00edvel s\u00f3 pode ser \u00f3leo combust\u00edvel ou eletricidade, etc.<\/p> <figure id=\"attachment_4962\" aria-describedby=\"caption-attachment-4962\" style=\"width: 1200px\" class=\"wp-caption aligncenter\"><img loading=\"lazy\" decoding=\"async\" class=\"size-full wp-image-4962\" src=\"https:\/\/recyclingequipinc.com\/wp-content\/uploads\/2021\/10\/metal-drying-for-egg-trays.jpg\" alt=\"secagem de metal para bandejas de ovos\" width=\"1200\" height=\"500\" srcset=\"https:\/\/recyclingequipinc.com\/wp-content\/uploads\/2021\/10\/metal-drying-for-egg-trays.jpg 1200w, https:\/\/recyclingequipinc.com\/wp-content\/uploads\/2021\/10\/metal-drying-for-egg-trays-750x313.jpg 750w, https:\/\/recyclingequipinc.com\/wp-content\/uploads\/2021\/10\/metal-drying-for-egg-trays-300x125.jpg 300w, https:\/\/recyclingequipinc.com\/wp-content\/uploads\/2021\/10\/metal-drying-for-egg-trays-1024x427.jpg 1024w, https:\/\/recyclingequipinc.com\/wp-content\/uploads\/2021\/10\/metal-drying-for-egg-trays-768x320.jpg 768w, https:\/\/recyclingequipinc.com\/wp-content\/uploads\/2021\/10\/metal-drying-for-egg-trays-600x250.jpg 600w\" sizes=\"(max-width: 1200px) 100vw, 1200px\" \/><figcaption id=\"caption-attachment-4962\" class=\"wp-caption-text\">secagem de metais<\/figcaption><\/figure> <h2><strong><b>Equipamento relacionado para formar todo o sistema<\/b><\/strong><\/h2> <p class=\"translation-block\">Porque a m\u00e1quina de bandejas de ovos \u00e9 uma m\u00e1quina amiga do ambiente, suas mat\u00e9rias-primas s\u00e3o papel reciclado, revistas usadas, caixas de papel\u00e3o, etc., todo o processo inclui m\u00e1quina de polpa, m\u00e1quina de moldagem, m\u00e1quina de secagem, m\u00e1quina de recondicionamento e embalagem. A <a href=\"https:\/\/recyclingequipinc.com\/pt\/produto\/egg-tray-pulping-machine\/\">m\u00e1quina de polpa<\/a> \u00e9 o primeiro passo, transformando res\u00edduos em polpa. A <a href=\"https:\/\/recyclingequipinc.com\/pt\/produto\/egg-tray-molding-machine\/\">m\u00e1quina de moldagem<\/a> \u00e9 para formar o molde para segurar v\u00e1rios itens. A m\u00e1quina de secagem \u00e9 para remover a \u00e1gua extra das bandejas de ovos molhadas. A <a href=\"https:\/\/recyclingequipinc.com\/pt\/produto\/egg-tray-reshaping-packing-progress\/\">m\u00e1quina de recondicionamento e embalagem<\/a> \u00e9 para economizar espa\u00e7o e coletar os produtos acabados. A automa\u00e7\u00e3o de todo o processo depende do m\u00e9todo de secagem. <a href=\"https:\/\/recyclingequipinc.com\/pt\/\">Shuliy Machinery<\/a> tem semiautom\u00e1tico e totalmente autom\u00e1tico. A secagem natural pertence \u00e0 semiautomatiza\u00e7\u00e3o, e o secador de tijolos e o secador de metal s\u00e3o totalmente autom\u00e1ticos. Se voc\u00ea tiver alguma d\u00favida, seja bem-vindo a <a href=\"https:\/\/recyclingequipinc.com\/pt\/contact\/\">nos contatar<\/a>!<\/p> <figure id=\"attachment_4957\" aria-describedby=\"caption-attachment-4957\" style=\"width: 800px\" class=\"wp-caption aligncenter\"><img loading=\"lazy\" decoding=\"async\" class=\"wp-image-4957 size-full\" src=\"https:\/\/recyclingequipinc.com\/wp-content\/uploads\/2021\/10\/related-equipment.jpg\" alt=\"equipamento relacionado - trabalhar com m\u00e1quina secadora de bandeja para ovos\" width=\"800\" height=\"697\" srcset=\"https:\/\/recyclingequipinc.com\/wp-content\/uploads\/2021\/10\/related-equipment.jpg 800w, https:\/\/recyclingequipinc.com\/wp-content\/uploads\/2021\/10\/related-equipment-750x653.jpg 750w, https:\/\/recyclingequipinc.com\/wp-content\/uploads\/2021\/10\/related-equipment-300x261.jpg 300w, https:\/\/recyclingequipinc.com\/wp-content\/uploads\/2021\/10\/related-equipment-768x669.jpg 768w, https:\/\/recyclingequipinc.com\/wp-content\/uploads\/2021\/10\/related-equipment-600x523.jpg 600w\" sizes=\"(max-width: 800px) 100vw, 800px\" \/><figcaption id=\"caption-attachment-4957\" class=\"wp-caption-text\">equipamento relacionado<\/figcaption><\/figure>","protected":false},"excerpt":{"rendered":"<p>O secador de bandeja para ovos \u00e9 o equipamento agrupado mais importante da m\u00e1quina para fazer bandejas para ovos. Al\u00e9m disso, a forma de secagem da bandeja para ovos determina o n\u00edvel autom\u00e1tico de uma linha de produ\u00e7\u00e3o de bandejas para ovos. Claro, o pre\u00e7o da m\u00e1quina de bandeja para ovos \u00e9 diferente. Se voc\u00ea estiver interessado em m\u00e1quinas recicladas, entre em contato conosco a qualquer momento e responderemos o mais breve poss\u00edvel!<\/p>","protected":false},"featured_media":4953,"template":"","meta":{"site-sidebar-layout":"default","site-content-layout":"default","ast-site-content-layout":"default","site-content-style":"default","site-sidebar-style":"default","ast-global-header-display":"","ast-banner-title-visibility":"","ast-main-header-display":"","ast-hfb-above-header-display":"","ast-hfb-below-header-display":"","ast-hfb-mobile-header-display":"","site-post-title":"","ast-breadcrumbs-content":"","ast-featured-img":"","footer-sml-layout":"","ast-disable-related-posts":"","theme-transparent-header-meta":"default","adv-header-id-meta":"","stick-header-meta":"default","header-above-stick-meta":"","header-main-stick-meta":"","header-below-stick-meta":"","astra-migrate-meta-layouts":"default","ast-page-background-enabled":"default","ast-page-background-meta":{"desktop":{"background-color":"","background-image":"","background-repeat":"repeat","background-position":"center center","background-size":"auto","background-attachment":"scroll","background-type":"","background-media":"","overlay-type":"","overlay-color":"","overlay-opacity":"","overlay-gradient":""},"tablet":{"background-color":"","background-image":"","background-repeat":"repeat","background-position":"center center","background-size":"auto","background-attachment":"scroll","background-type":"","background-media":"","overlay-type":"","overlay-color":"","overlay-opacity":"","overlay-gradient":""},"mobile":{"background-color":"","background-image":"","background-repeat":"repeat","background-position":"center center","background-size":"auto","background-attachment":"scroll","background-type":"","background-media":"","overlay-type":"","overlay-color":"","overlay-opacity":"","overlay-gradient":""}},"ast-content-background-meta":{"desktop":{"background-color":"var(--ast-global-color-5)","background-image":"","background-repeat":"repeat","background-position":"center center","background-size":"auto","background-attachment":"scroll","background-type":"","background-media":"","overlay-type":"","overlay-color":"","overlay-opacity":"","overlay-gradient":""},"tablet":{"background-color":"var(--ast-global-color-5)","background-image":"","background-repeat":"repeat","background-position":"center center","background-size":"auto","background-attachment":"scroll","background-type":"","background-media":"","overlay-type":"","overlay-color":"","overlay-opacity":"","overlay-gradient":""},"mobile":{"background-color":"var(--ast-global-color-5)","background-image":"","background-repeat":"repeat","background-position":"center center","background-size":"auto","background-attachment":"scroll","background-type":"","background-media":"","overlay-type":"","overlay-color":"","overlay-opacity":"","overlay-gradient":""}}},"product_brand":[],"product_cat":[35],"product_tag":[],"class_list":{"0":"post-4938","1":"product","2":"type-product","3":"status-publish","4":"has-post-thumbnail","6":"product_cat-egg-tray-machine","7":"desktop-align-center","8":"tablet-align-center","9":"mobile-align-center","11":"first","12":"instock","13":"shipping-taxable","14":"product-type-simple"},"_links":{"self":[{"href":"https:\/\/recyclingequipinc.com\/pt\/wp-json\/wp\/v2\/product\/4938","targetHints":{"allow":["GET"]}}],"collection":[{"href":"https:\/\/recyclingequipinc.com\/pt\/wp-json\/wp\/v2\/product"}],"about":[{"href":"https:\/\/recyclingequipinc.com\/pt\/wp-json\/wp\/v2\/types\/product"}],"version-history":[{"count":0,"href":"https:\/\/recyclingequipinc.com\/pt\/wp-json\/wp\/v2\/product\/4938\/revisions"}],"wp:featuredmedia":[{"embeddable":true,"href":"https:\/\/recyclingequipinc.com\/pt\/wp-json\/wp\/v2\/media\/4953"}],"wp:attachment":[{"href":"https:\/\/recyclingequipinc.com\/pt\/wp-json\/wp\/v2\/media?parent=4938"}],"wp:term":[{"taxonomy":"product_brand","embeddable":true,"href":"https:\/\/recyclingequipinc.com\/pt\/wp-json\/wp\/v2\/product_brand?post=4938"},{"taxonomy":"product_cat","embeddable":true,"href":"https:\/\/recyclingequipinc.com\/pt\/wp-json\/wp\/v2\/product_cat?post=4938"},{"taxonomy":"product_tag","embeddable":true,"href":"https:\/\/recyclingequipinc.com\/pt\/wp-json\/wp\/v2\/product_tag?post=4938"}],"curies":[{"name":"wp","href":"https:\/\/api.w.org\/{rel}","templated":true}]}}