{"id":4528,"date":"2021-09-16T10:00:36","date_gmt":"2021-09-16T10:00:36","guid":{"rendered":"https:\/\/recyclingequipinc.com\/?post_type=product&#038;p=4528"},"modified":"2025-01-22T11:30:57","modified_gmt":"2025-01-22T03:30:57","slug":"rinsing-tank","status":"publish","type":"product","link":"https:\/\/recyclingequipinc.com\/pt\/product\/rinsing-tank\/","title":{"rendered":"Tanque de enx\u00e1gue de pl\u00e1stico para reciclagem de PP LDPE HDPE"},"content":{"rendered":"<p class=\"translation-block\">O <strong>tanque de enxaguamento de pl\u00e1stico<\/strong> \u00e9 uma das m\u00e1quinas para reciclagem de pl\u00e1stico. Ap\u00f3s o processo de tritura\u00e7\u00e3o, os materiais pl\u00e1sticos ainda est\u00e3o sujos. Portanto, \u00e9 importante usar o tanque de enxaguamento para limpar os flocos de pl\u00e1stico completamente. O equipamento est\u00e1 equipado com muitas placas dentadas que podem for\u00e7ar os peda\u00e7os de pl\u00e1stico a avan\u00e7ar.<\/p> <div class=\"ast-oembed-container\" style=\"height: 100%;\"><iframe title=\"Processo de fabrica\u00e7\u00e3o de sucata pl\u00e1stica de alta qualidade na Nig\u00e9ria\" width=\"500\" height=\"281\" src=\"https:\/\/www.youtube.com\/embed\/zTQX3SMuR1o?feature=oembed\" frameborder=\"0\" allow=\"accelerometer; autoplay; clipboard-write; encrypted-media; gyroscope; picture-in-picture; web-share\" referrerpolicy=\"strict-origin-when-cross-origin\" allowfullscreen><\/iframe><\/div> <h2>M\u00e1quina de limpeza de remoagem PP LDPE HDPE para venda<\/h2> <p><span style=\"font-size: 16px;\">O tanque de lavagem de res\u00edduos pl\u00e1sticos inclui principalmente dois tipos de formas, uma \u00e9 um produto acabado com chapa de a\u00e7o inoxid\u00e1vel ou ferro, a outra \u00e9 constru\u00edda por voc\u00ea mesmo. Como o tamanho do equipamento geralmente \u00e9 grande, n\u00e3o \u00e9 f\u00e1cil transport\u00e1-lo por navio. Portanto, sugerimos que voc\u00ea escolha um autoconstru\u00eddo, especialmente para um grande tanque de enx\u00e1gue. Se voc\u00ea tiver alguma d\u00favida sobre a constru\u00e7\u00e3o de um tanque de lavagem, pode consultar nosso t\u00e9cnico qualificado.<\/span><\/p> <div id='gallery-1' class='gallery galleryid-4528 gallery-columns-2 gallery-size-full'><figure class='gallery-item'> \t\t\t<div class='gallery-icon landscape'> \t\t\t\t<img fetchpriority=\"high\" decoding=\"async\" width=\"720\" height=\"540\" src=\"https:\/\/recyclingequipinc.com\/wp-content\/uploads\/2021\/09\/plastic-washing-tank-2.webp\" class=\"attachment-full size-full\" alt=\"tanque de lavagem de pl\u00e1stico\" aria-describedby=\"gallery-1-16836\" srcset=\"https:\/\/recyclingequipinc.com\/wp-content\/uploads\/2021\/09\/plastic-washing-tank-2.webp 720w, https:\/\/recyclingequipinc.com\/wp-content\/uploads\/2021\/09\/plastic-washing-tank-2-300x225.webp 300w, https:\/\/recyclingequipinc.com\/wp-content\/uploads\/2021\/09\/plastic-washing-tank-2-16x12.webp 16w\" sizes=\"(max-width: 720px) 100vw, 720px\" \/> \t\t\t<\/div> \t\t\t\t<figcaption class='wp-caption-text gallery-caption' id='gallery-1-16836'> \t\t\t\ttanque de lavagem de pl\u00e1stico \t\t\t\t<\/figcaption><\/figure><figure class='gallery-item'> \t\t\t<div class='gallery-icon landscape'> \t\t\t\t<img decoding=\"async\" width=\"720\" height=\"540\" src=\"https:\/\/recyclingequipinc.com\/wp-content\/uploads\/2021\/09\/plastic-washing-tank.webp\" class=\"attachment-full size-full\" alt=\"tanque de enx\u00e1gue de pl\u00e1stico\" aria-describedby=\"gallery-1-16835\" srcset=\"https:\/\/recyclingequipinc.com\/wp-content\/uploads\/2021\/09\/plastic-washing-tank.webp 720w, https:\/\/recyclingequipinc.com\/wp-content\/uploads\/2021\/09\/plastic-washing-tank-300x225.webp 300w, https:\/\/recyclingequipinc.com\/wp-content\/uploads\/2021\/09\/plastic-washing-tank-16x12.webp 16w\" sizes=\"(max-width: 720px) 100vw, 720px\" \/> \t\t\t<\/div> \t\t\t\t<figcaption class='wp-caption-text gallery-caption' id='gallery-1-16835'> \t\t\t\ttanque de enx\u00e1gue de pl\u00e1stico \t\t\t\t<\/figcaption><\/figure> \t\t<\/div>  <h2>Usos da m\u00e1quina de lavar de pl\u00e1stico<\/h2> <ul> <li>O tanque de enx\u00e1gue \u00e9 usado no <a href=\"https:\/\/recyclingequipinc.com\/pt\/produto\/plastic-film-recycling-machine\/\"><strong>linha de reciclagem de filme pl\u00e1stico<\/strong><\/a> e <a href=\"https:\/\/recyclingequipinc.com\/pt\/produto\/pet-bottle-recycling-machine\/\"><strong>Linha de produ\u00e7\u00e3o de reciclagem de pl\u00e1stico PET<\/strong><\/a> para limpar folhas de pl\u00e1stico. Depois que os res\u00edduos de pl\u00e1stico sujos entram no equipamento, as placas dentadas de agita\u00e7\u00e3o for\u00e7ar\u00e3o os flocos de pl\u00e1stico de um lado para o outro, lavando o material pl\u00e1stico repetidas vezes, fazendo com que o pl\u00e1stico sujo fique limpo.<\/li> <li>No processo de flocos para animais de estima\u00e7\u00e3o lavados a quente, o detergente ser\u00e1 adicionado para limpar os flocos de pl\u00e1stico. Portanto, um pouco de espuma de limpeza permanecer\u00e1 nos flocos do animal de estima\u00e7\u00e3o. Por\u00e9m, com a ajuda da m\u00e1quina de lavar flocos para animais de estima\u00e7\u00e3o, a espuma de limpeza dos flocos de pl\u00e1stico ser\u00e1 removida.<\/li> <\/ul> <p>&nbsp;<\/p> <h2>Estrutura do tanque de enx\u00e1gue de pl\u00e1stico<\/h2> <p class=\"translation-block\">O tanque de lavagem \u00e9 feito de <a href=\"https:\/\/en.wikipedia.org\/wiki\/Stainless_steel\" target=\"_blank\" rel=\"noopener\">a\u00e7o inoxid\u00e1vel<\/a> ou chapa de ferro. Geralmente, o comprimento do equipamento costuma ter cerca de 15-20 metros. A dist\u00e2ncia entre duas placas dentadas de agita\u00e7\u00e3o ou rodas \u00e9 de 1,5-2 metros. Pode escolher de acordo com as suas necessidades. Se n\u00e3o souber qual o tamanho adequado para si, pode contactar-nos para obter mais detalhes e n\u00f3s responderemos o mais breve poss\u00edvel.<\/p>","protected":false},"excerpt":{"rendered":"<p>Plastic rinsing tank is one of the machines for plastic recycling. After the crushing process, the plastic materials are still [&hellip;]<\/p>\n","protected":false},"featured_media":16818,"template":"","meta":{"site-sidebar-layout":"default","site-content-layout":"default","ast-site-content-layout":"default","site-content-style":"default","site-sidebar-style":"default","ast-global-header-display":"","ast-banner-title-visibility":"","ast-main-header-display":"","ast-hfb-above-header-display":"","ast-hfb-below-header-display":"","ast-hfb-mobile-header-display":"","site-post-title":"","ast-breadcrumbs-content":"","ast-featured-img":"","footer-sml-layout":"","ast-disable-related-posts":"","theme-transparent-header-meta":"default","adv-header-id-meta":"","stick-header-meta":"default","header-above-stick-meta":"","header-main-stick-meta":"","header-below-stick-meta":"","astra-migrate-meta-layouts":"set","ast-page-background-enabled":"default","ast-page-background-meta":{"desktop":{"background-color":"","background-image":"","background-repeat":"repeat","background-position":"center center","background-size":"auto","background-attachment":"scroll","background-type":"","background-media":"","overlay-type":"","overlay-color":"","overlay-opacity":"","overlay-gradient":""},"tablet":{"background-color":"","background-image":"","background-repeat":"repeat","background-position":"center center","background-size":"auto","background-attachment":"scroll","background-type":"","background-media":"","overlay-type":"","overlay-color":"","overlay-opacity":"","overlay-gradient":""},"mobile":{"background-color":"","background-image":"","background-repeat":"repeat","background-position":"center center","background-size":"auto","background-attachment":"scroll","background-type":"","background-media":"","overlay-type":"","overlay-color":"","overlay-opacity":"","overlay-gradient":""}},"ast-content-background-meta":{"desktop":{"background-color":"var(--ast-global-color-5)","background-image":"","background-repeat":"repeat","background-position":"center center","background-size":"auto","background-attachment":"scroll","background-type":"","background-media":"","overlay-type":"","overlay-color":"","overlay-opacity":"","overlay-gradient":""},"tablet":{"background-color":"var(--ast-global-color-5)","background-image":"","background-repeat":"repeat","background-position":"center center","background-size":"auto","background-attachment":"scroll","background-type":"","background-media":"","overlay-type":"","overlay-color":"","overlay-opacity":"","overlay-gradient":""},"mobile":{"background-color":"var(--ast-global-color-5)","background-image":"","background-repeat":"repeat","background-position":"center center","background-size":"auto","background-attachment":"scroll","background-type":"","background-media":"","overlay-type":"","overlay-color":"","overlay-opacity":"","overlay-gradient":""}}},"product_brand":[],"product_cat":[36],"product_tag":[95],"class_list":{"0":"post-4528","1":"product","2":"type-product","3":"status-publish","4":"has-post-thumbnail","6":"product_cat-plastic-recycling-machine","7":"product_tag-washing","8":"desktop-align-center","9":"tablet-align-center","10":"mobile-align-center","12":"first","13":"instock","14":"shipping-taxable","15":"product-type-simple"},"_links":{"self":[{"href":"https:\/\/recyclingequipinc.com\/pt\/wp-json\/wp\/v2\/product\/4528","targetHints":{"allow":["GET"]}}],"collection":[{"href":"https:\/\/recyclingequipinc.com\/pt\/wp-json\/wp\/v2\/product"}],"about":[{"href":"https:\/\/recyclingequipinc.com\/pt\/wp-json\/wp\/v2\/types\/product"}],"version-history":[{"count":0,"href":"https:\/\/recyclingequipinc.com\/pt\/wp-json\/wp\/v2\/product\/4528\/revisions"}],"wp:featuredmedia":[{"embeddable":true,"href":"https:\/\/recyclingequipinc.com\/pt\/wp-json\/wp\/v2\/media\/16818"}],"wp:attachment":[{"href":"https:\/\/recyclingequipinc.com\/pt\/wp-json\/wp\/v2\/media?parent=4528"}],"wp:term":[{"taxonomy":"product_brand","embeddable":true,"href":"https:\/\/recyclingequipinc.com\/pt\/wp-json\/wp\/v2\/product_brand?post=4528"},{"taxonomy":"product_cat","embeddable":true,"href":"https:\/\/recyclingequipinc.com\/pt\/wp-json\/wp\/v2\/product_cat?post=4528"},{"taxonomy":"product_tag","embeddable":true,"href":"https:\/\/recyclingequipinc.com\/pt\/wp-json\/wp\/v2\/product_tag?post=4528"}],"curies":[{"name":"wp","href":"https:\/\/api.w.org\/{rel}","templated":true}]}}