{"id":4415,"date":"2021-09-13T10:21:58","date_gmt":"2021-09-13T10:21:58","guid":{"rendered":"https:\/\/recyclingequipinc.com\/?post_type=product&#038;p=4415"},"modified":"2025-11-10T16:32:20","modified_gmt":"2025-11-10T08:32:20","slug":"egg-tray-reshaping-packing-progress","status":"publish","type":"product","link":"https:\/\/recyclingequipinc.com\/pt\/product\/egg-tray-reshaping-packing-progress\/","title":{"rendered":"Progresso da remodela\u00e7\u00e3o e embalagem da bandeja de ovos"},"content":{"rendered":"<p class=\"translation-block\"><strong><b>O progresso de reformula\u00e7\u00e3o e embalagem de bandejas de ovos<\/b><\/strong> \u00e9 a fase final de todo o processo de fabrica\u00e7\u00e3o de bandejas de ovos. Ele cont\u00e9m duas etapas: prensagem a quente e embalagem. Assim, s\u00e3o necess\u00e1rias a m\u00e1quina de prensagem a quente e a m\u00e1quina de embalagem. A prensa a quente reduz o volume da bandeja de ovos e economiza espa\u00e7o. A m\u00e1quina de embalagem serve para embalar os produtos acabados. Mas voc\u00ea pode escolher entre embalagem manual ou autom\u00e1tica de acordo com as necessidades reais. De modo geral, durante o processo de fabrica\u00e7\u00e3o de bandejas de ovos, apenas as caixas de ovos devem ser reformuladas. Esta etapa sempre ocorre ap\u00f3s a secagem. Portanto, todo o processo de fabrica\u00e7\u00e3o de bandejas de ovos inclui a prepara\u00e7\u00e3o da polpa, forma\u00e7\u00e3o, secagem, prensagem a quente e embalagem. Entre em contato conosco para mais informa\u00e7\u00f5es!<\/p> <figure id=\"attachment_4532\" aria-describedby=\"caption-attachment-4532\" style=\"width: 750px\" class=\"wp-caption aligncenter\"><img fetchpriority=\"high\" decoding=\"async\" class=\"wp-image-4532 size-full\" src=\"https:\/\/recyclingequipinc.com\/wp-content\/uploads\/2021\/09\/reshaping-machine-1.jpg\" alt=\"m\u00e1quina de remodela\u00e7\u00e3o para bandejas de ovos de papel\" width=\"750\" height=\"572\" srcset=\"https:\/\/recyclingequipinc.com\/wp-content\/uploads\/2021\/09\/reshaping-machine-1.jpg 750w, https:\/\/recyclingequipinc.com\/wp-content\/uploads\/2021\/09\/reshaping-machine-1-300x229.jpg 300w, https:\/\/recyclingequipinc.com\/wp-content\/uploads\/2021\/09\/reshaping-machine-1-600x458.jpg 600w\" sizes=\"(max-width: 750px) 100vw, 750px\" \/><figcaption id=\"caption-attachment-4532\" class=\"wp-caption-text\">m\u00e1quina de remodela\u00e7\u00e3o para bandejas de ovos de papel<\/figcaption><\/figure> <h2><strong><b>Progresso da remodela\u00e7\u00e3o da bandeja de ovos<\/b><\/strong><\/h2> <p>Neste processo, a prensa a quente \u00e9 uma m\u00e1quina indispens\u00e1vel. A prensa a quente \u00e9 especialmente utilizada para produtos ecologicamente corretos, como caixas de ovos, para deixar a superf\u00edcie mais lisa e bonita. Al\u00e9m disso, depois de remodelados os carrinhos de ovos, economiza espa\u00e7o e mais pe\u00e7as podem ser armazenadas. A estrutura da prensa a quente inclui as seguintes partes: painel de controle, cilindro, haste guia, estrutura, placa de ajuste, gabarito superior, gabarito inferior, tripleto e v\u00e1lvula reguladora de press\u00e3o. E \u00e9 controlado pelo controle a\u00e9reo. Por\u00e9m deve-se ressaltar que o ar comprimido do meio de trabalho do controle pneum\u00e1tico deve ser purificado e seco, de forma a garantir a vida \u00fatil do controle de ar.<\/p> <p>&nbsp;<\/p> <h2><strong><b>Progresso da embalagem<\/b><\/strong><\/h2> <p>Este progresso \u00e9 a etapa final. A m\u00e1quina de embalagem \u00e9 usada para embalar bandejas de ovos, entrega f\u00e1cil. Todo o progresso da fabrica\u00e7\u00e3o da bandeja para ovos envolve a polpa\u00e7\u00e3o, forma\u00e7\u00e3o, secagem, remodelagem e embalagem ordenadas. A polpa\u00e7\u00e3o consiste em transformar res\u00edduos de papel ou revistas, etc. Moldar \u00e9 transformar a polpa em matrizes de molde. A secagem consiste em secar o molde por meio de secagem natural, secagem de tijolos ou secagem de metal. A remodelagem e a embalagem s\u00e3o para remodelar o molde e s\u00e3o f\u00e1ceis de entregar. Para fazer um carrinho de ovos, cada passo \u00e9 absolutamente necess\u00e1rio. Tudo deve ser combinado. Ent\u00e3o, se voc\u00ea tiver alguma d\u00favida, entre em contato conosco o mais breve poss\u00edvel!<\/p> <figure id=\"attachment_4541\" aria-describedby=\"caption-attachment-4541\" style=\"width: 670px\" class=\"wp-caption aligncenter\"><img decoding=\"async\" class=\"wp-image-4541 size-full\" src=\"https:\/\/recyclingequipinc.com\/wp-content\/uploads\/2021\/09\/flow-chart.jpg\" alt=\"fluxograma\" width=\"670\" height=\"470\" srcset=\"https:\/\/recyclingequipinc.com\/wp-content\/uploads\/2021\/09\/flow-chart.jpg 670w, https:\/\/recyclingequipinc.com\/wp-content\/uploads\/2021\/09\/flow-chart-300x210.jpg 300w, https:\/\/recyclingequipinc.com\/wp-content\/uploads\/2021\/09\/flow-chart-600x421.jpg 600w\" sizes=\"(max-width: 670px) 100vw, 670px\" \/><figcaption id=\"caption-attachment-4541\" class=\"wp-caption-text\">fluxograma<\/figcaption><\/figure> <h2><strong><b>Instru\u00e7\u00f5es para m\u00e1quina de prensagem a quente<\/b><\/strong><\/h2> <p class=\"translation-block\"><strong><b>Verifique os itens antes de iniciar:<\/b><\/strong><\/p> <ol> <li>Verifique se o molde da m\u00e1quina est\u00e1 instalado firmemente.<\/li> <li>Verifique se as partes m\u00f3veis da m\u00e1quina est\u00e3o bem lubrificadas e se os parafusos de cada parte est\u00e3o soltos.<\/li> <li>Verifique se a press\u00e3o do ar de trabalho e a temperatura de trabalho atendem aos requisitos do processo de produ\u00e7\u00e3o (a press\u00e3o do ar \u00e9 0,5\u00b10,05MPa, a temperatura de trabalho \u00e9 165\u00b115\u00b0C) e ligue o interruptor de controle de temperatura no painel.<\/li> <li>Opere manualmente a m\u00e1quina para verificar se o controle de opera\u00e7\u00e3o da m\u00e1quina est\u00e1 normal.<\/li> <\/ol> <p>&nbsp;<\/p> <h2><strong><b>M\u00e9todo de opera\u00e7\u00e3o<\/b><\/strong><strong><b>:<\/b><\/strong><\/h2> <ol> <li>O trabalho de inspe\u00e7\u00e3o \u00e9 conclu\u00eddo e confirmado antes do in\u00edcio, e a opera\u00e7\u00e3o de produ\u00e7\u00e3o pode ser realizada.<\/li> <li>Mude a chave rotativa \u201cmanual\/autom\u00e1tica\u201d no painel de opera\u00e7\u00e3o para a posi\u00e7\u00e3o autom\u00e1tica.<\/li> <li>Pegue o produto semiacabado que combina com o molde do equipamento e coloque-o plano sobre o molde, e pressione os dois interruptores de partida com as duas m\u00e3os ao mesmo tempo.<\/li> <li>Ap\u00f3s o fechamento das bancadas superior e inferior do equipamento, solte o bot\u00e3o iniciar para preparar o pr\u00f3ximo produto e aguarde a separa\u00e7\u00e3o dos moldes superior e inferior.<\/li> <li>Ap\u00f3s a separa\u00e7\u00e3o dos moldes superior e inferior, retire o produto moldado e verifique se o produto atende ao padr\u00e3o de qualidade.<\/li> <li>Verifique e finalize o empilhamento do produto acabado para continuar o trabalho de modelagem do pr\u00f3ximo produto.<\/li> <\/ol> <p>&nbsp;<\/p> <h2><strong><b>Assuntos <\/b><\/strong><strong><b>precisando de aten\u00e7\u00e3o<\/b><\/strong><strong><b>:<\/b><\/strong><\/h2> <ol> <li>1. Os operadores devem usar luvas e mangas durante o trabalho para evitar queimaduras.<\/li> <li>2. \u00c9 estritamente proibido que uma pessoa ligue a m\u00e1quina e v\u00e1rias pessoas escolham e coloquem o produto para evitar esmagamento.<\/li> <li>3. Preste muita aten\u00e7\u00e3o ao funcionamento do equipamento durante o trabalho. Se houver alguma anormalidade, pressione o interruptor de parada de emerg\u00eancia e desligue a energia imediatamente, e informe o supervisor de plant\u00e3o e o pessoal t\u00e9cnico relacionado a tempo.<\/li> <\/ol> <p>&nbsp;<\/p> <h2><strong><b>Manuten\u00e7\u00e3o<\/b><\/strong><\/h2> <ol> <li>Durante a utiliza\u00e7\u00e3o do equipamento, verifique sempre se o sistema de abastecimento de g\u00e1s est\u00e1 normal, se a linha de alimenta\u00e7\u00e3o est\u00e1 normal, se h\u00e1 algum dano e aquecimento da linha.<\/li> <li>Quando ocorrer impacto ou ru\u00eddo anormal durante a opera\u00e7\u00e3o do equipamento, ele deve ser desligado imediatamente para inspe\u00e7\u00e3o para descobrir a causa e elimin\u00e1-la.<\/li> <li>As pe\u00e7as pneum\u00e1ticas devem ser lubrificadas e o \u00f3leo de motor n\u00ba 20 deve ser adicionado regularmente ao copo de \u00f3leo da pe\u00e7a tripla.<\/li> <li>Para desligamentos de longo prazo, abaixe o molde superior para a posi\u00e7\u00e3o mais baixa, forre os moldes superior e inferior com madeira e feche a fonte de ar do equipamento. Abaste\u00e7a regularmente e verifique as partes m\u00f3veis do equipamento para garantir o funcionamento normal do equipamento durante o uso.<\/li> <\/ol> <p>&nbsp;<\/p> <h2><strong><b>Que tal nosso servi\u00e7o?<\/b><\/strong><\/h2> <p>Todos os produtos adquiridos em nossa empresa t\u00eam garantia de bom estado de conserva\u00e7\u00e3o por um ano. Se ocorrerem problemas de qualidade no per\u00edodo de garantia, nossa empresa far\u00e1 a manuten\u00e7\u00e3o gratuitamente.<\/p> <ol> <li>Antes de enviar a m\u00e1quina, iremos testar e fazer o comissionamento, para que voc\u00ea possa utiliz\u00e1-la diretamente quando a adquirir.<\/li> <li>V\u00eddeo e instru\u00e7\u00f5es de opera\u00e7\u00e3o ser\u00e3o enviados aos clientes, para ajud\u00e1-los a usar melhor as m\u00e1quinas.<\/li> <li>Qualquer problema que ocorra durante o uso, ser\u00e1 oferecido aconselhamento profissional.<\/li> <li>Todos os tipos de pe\u00e7as usadas com frequ\u00eancia s\u00e3o fornecidos durante todo o ano.<\/li> <\/ol> <p>&nbsp;<\/p> <p>Al\u00e9m disso, nossa empresa fornece suporte t\u00e9cnico e acess\u00f3rios para toda a vida. O servi\u00e7o p\u00f3s-venda n\u00e3o \u00e9 restrito por tempo e resolveremos seus problemas a tempo. Se voc\u00ea tiver algum problema ao usar nossos produtos, entre em contato conosco a qualquer momento.<\/p> <figure id=\"attachment_4543\" aria-describedby=\"caption-attachment-4543\" style=\"width: 670px\" class=\"wp-caption aligncenter\"><img decoding=\"async\" class=\"wp-image-4543 size-full\" src=\"https:\/\/recyclingequipinc.com\/wp-content\/uploads\/2021\/09\/door-to-door-service.jpg\" alt=\"servi\u00e7o de porta a porta\" width=\"670\" height=\"470\" srcset=\"https:\/\/recyclingequipinc.com\/wp-content\/uploads\/2021\/09\/door-to-door-service.jpg 670w, https:\/\/recyclingequipinc.com\/wp-content\/uploads\/2021\/09\/door-to-door-service-300x210.jpg 300w, https:\/\/recyclingequipinc.com\/wp-content\/uploads\/2021\/09\/door-to-door-service-600x421.jpg 600w\" sizes=\"(max-width: 670px) 100vw, 670px\" \/><figcaption id=\"caption-attachment-4543\" class=\"wp-caption-text\">servi\u00e7o de porta a porta<\/figcaption><\/figure> <h2><strong><b>Conclus\u00e3o<\/b><\/strong><\/h2> <p>As m\u00e1quinas usadas no progresso da remodelagem e embalagem s\u00e3o de estrutura razo\u00e1vel, desempenho est\u00e1vel e apar\u00eancia requintada. O pre\u00e7o difere de acordo com toda a coloca\u00e7\u00e3o da m\u00e1quina. Como uma empresa confi\u00e1vel e de grande reputa\u00e7\u00e3o, estamos localizados no conveniente centro de transportes da China. Conseq\u00fcentemente, geralmente, o m\u00e9todo de entrega com boa rela\u00e7\u00e3o custo-benef\u00edcio \u00e9 aplicado. Ou seja, transporte mar\u00edtimo. Por\u00e9m, durante a entrega mar\u00edtima, a embalagem \u00e9 muito importante. Assim, as m\u00e1quinas da nossa empresa, Zhengzhou Shuliy Corporation, ser\u00e3o embaladas em filme pl\u00e1stico antes de serem embaladas, para evitar umidade durante o envio. Al\u00e9m disso, s\u00e3o colocados em uma caixa resistente de chapa de ferro\/caixa de madeira, livre de fumiga\u00e7\u00e3o, forrada com fio de metal se necess\u00e1rio. Tamb\u00e9m oferecemos suporte a servi\u00e7os de personaliza\u00e7\u00e3o. Aguardamos suas perguntas! Responderemos muito em breve!<\/p> <p>&nbsp;<\/p> <p>&nbsp;<\/p>","protected":false},"excerpt":{"rendered":"<p>De modo geral, durante o andamento da confec\u00e7\u00e3o das bandejas de ovos, apenas as caixas de ovos devem ser remodeladas. Esta etapa sempre ocorre ap\u00f3s a secagem. Assim, todo o processo de fabrica\u00e7\u00e3o de bandejas para ovos inclui polpa\u00e7\u00e3o, forma\u00e7\u00e3o, secagem, prensagem a quente e embalagem. Contate-nos para mais mensagens!<\/p>","protected":false},"featured_media":4485,"template":"","meta":{"site-sidebar-layout":"default","site-content-layout":"default","ast-site-content-layout":"default","site-content-style":"default","site-sidebar-style":"default","ast-global-header-display":"","ast-banner-title-visibility":"","ast-main-header-display":"","ast-hfb-above-header-display":"","ast-hfb-below-header-display":"","ast-hfb-mobile-header-display":"","site-post-title":"","ast-breadcrumbs-content":"","ast-featured-img":"","footer-sml-layout":"","ast-disable-related-posts":"","theme-transparent-header-meta":"default","adv-header-id-meta":"","stick-header-meta":"default","header-above-stick-meta":"","header-main-stick-meta":"","header-below-stick-meta":"","astra-migrate-meta-layouts":"set","ast-page-background-enabled":"default","ast-page-background-meta":{"desktop":{"background-color":"","background-image":"","background-repeat":"repeat","background-position":"center center","background-size":"auto","background-attachment":"scroll","background-type":"","background-media":"","overlay-type":"","overlay-color":"","overlay-opacity":"","overlay-gradient":""},"tablet":{"background-color":"","background-image":"","background-repeat":"repeat","background-position":"center center","background-size":"auto","background-attachment":"scroll","background-type":"","background-media":"","overlay-type":"","overlay-color":"","overlay-opacity":"","overlay-gradient":""},"mobile":{"background-color":"","background-image":"","background-repeat":"repeat","background-position":"center center","background-size":"auto","background-attachment":"scroll","background-type":"","background-media":"","overlay-type":"","overlay-color":"","overlay-opacity":"","overlay-gradient":""}},"ast-content-background-meta":{"desktop":{"background-color":"var(--ast-global-color-5)","background-image":"","background-repeat":"repeat","background-position":"center center","background-size":"auto","background-attachment":"scroll","background-type":"","background-media":"","overlay-type":"","overlay-color":"","overlay-opacity":"","overlay-gradient":""},"tablet":{"background-color":"var(--ast-global-color-5)","background-image":"","background-repeat":"repeat","background-position":"center center","background-size":"auto","background-attachment":"scroll","background-type":"","background-media":"","overlay-type":"","overlay-color":"","overlay-opacity":"","overlay-gradient":""},"mobile":{"background-color":"var(--ast-global-color-5)","background-image":"","background-repeat":"repeat","background-position":"center center","background-size":"auto","background-attachment":"scroll","background-type":"","background-media":"","overlay-type":"","overlay-color":"","overlay-opacity":"","overlay-gradient":""}}},"product_brand":[],"product_cat":[35],"product_tag":[],"class_list":{"0":"post-4415","1":"product","2":"type-product","3":"status-publish","4":"has-post-thumbnail","6":"product_cat-egg-tray-machine","7":"desktop-align-center","8":"tablet-align-center","9":"mobile-align-center","11":"first","12":"instock","13":"shipping-taxable","14":"product-type-simple"},"_links":{"self":[{"href":"https:\/\/recyclingequipinc.com\/pt\/wp-json\/wp\/v2\/product\/4415","targetHints":{"allow":["GET"]}}],"collection":[{"href":"https:\/\/recyclingequipinc.com\/pt\/wp-json\/wp\/v2\/product"}],"about":[{"href":"https:\/\/recyclingequipinc.com\/pt\/wp-json\/wp\/v2\/types\/product"}],"version-history":[{"count":0,"href":"https:\/\/recyclingequipinc.com\/pt\/wp-json\/wp\/v2\/product\/4415\/revisions"}],"wp:featuredmedia":[{"embeddable":true,"href":"https:\/\/recyclingequipinc.com\/pt\/wp-json\/wp\/v2\/media\/4485"}],"wp:attachment":[{"href":"https:\/\/recyclingequipinc.com\/pt\/wp-json\/wp\/v2\/media?parent=4415"}],"wp:term":[{"taxonomy":"product_brand","embeddable":true,"href":"https:\/\/recyclingequipinc.com\/pt\/wp-json\/wp\/v2\/product_brand?post=4415"},{"taxonomy":"product_cat","embeddable":true,"href":"https:\/\/recyclingequipinc.com\/pt\/wp-json\/wp\/v2\/product_cat?post=4415"},{"taxonomy":"product_tag","embeddable":true,"href":"https:\/\/recyclingequipinc.com\/pt\/wp-json\/wp\/v2\/product_tag?post=4415"}],"curies":[{"name":"wp","href":"https:\/\/api.w.org\/{rel}","templated":true}]}}