{"id":4411,"date":"2021-09-13T10:12:43","date_gmt":"2021-09-13T10:12:43","guid":{"rendered":"https:\/\/recyclingequipinc.com\/?post_type=product&#038;p=4411"},"modified":"2025-11-10T16:05:50","modified_gmt":"2025-11-10T08:05:50","slug":"egg-tray-pulping-machine","status":"publish","type":"product","link":"https:\/\/recyclingequipinc.com\/pt\/product\/egg-tray-pulping-machine\/","title":{"rendered":"M\u00e1quina de polpa\u00e7\u00e3o de bandeja de ovos"},"content":{"rendered":"<p>A m\u00e1quina de polpa\u00e7\u00e3o de bandeja para ovos pode transformar v\u00e1rios res\u00edduos de papel em celulose, o que pode trazer muitos benef\u00edcios aos investidores. Tamb\u00e9m \u00e9 um equipamento essencial para a confec\u00e7\u00e3o de bandejas de ovos. Al\u00e9m de fazer diversas bandejas para ovos, essas polpas tamb\u00e9m podem ser transformadas em bandejas de ma\u00e7\u00e3, bandejas para copos, bandejas para sapatos, bandejas m\u00e9dicas, etc. Considerando o papel da polpa, toda linha de produ\u00e7\u00e3o completa precisa de uma m\u00e1quina de polpa\u00e7\u00e3o de alta qualidade para garantir a qualidade do produto acabado. fornece v\u00e1rias m\u00e1quinas de polpa\u00e7\u00e3o de bandejas de ovos para voc\u00ea escolher. Com vasta experi\u00eancia e equipe t\u00e9cnica profissional, nossas m\u00e1quinas s\u00e3o confi\u00e1veis \u200b\u200bem qualidade e est\u00e1veis \u200b\u200bem desempenho. Se voc\u00ea tiver alguma necessidade, entre em contato conosco para obter mais informa\u00e7\u00f5es.<\/p> <figure id=\"attachment_4523\" aria-describedby=\"caption-attachment-4523\" style=\"width: 750px\" class=\"wp-caption aligncenter\"><img fetchpriority=\"high\" decoding=\"async\" class=\"wp-image-4523 size-full\" src=\"https:\/\/recyclingequipinc.com\/wp-content\/uploads\/2021\/09\/pulp.jpg\" alt=\"M\u00e1quina de polpa\u00e7\u00e3o de bandeja de ovos\" width=\"750\" height=\"710\" srcset=\"https:\/\/recyclingequipinc.com\/wp-content\/uploads\/2021\/09\/pulp.jpg 750w, https:\/\/recyclingequipinc.com\/wp-content\/uploads\/2021\/09\/pulp-300x284.jpg 300w, https:\/\/recyclingequipinc.com\/wp-content\/uploads\/2021\/09\/pulp-600x568.jpg 600w\" sizes=\"(max-width: 750px) 100vw, 750px\" \/><figcaption id=\"caption-attachment-4523\" class=\"wp-caption-text\">M\u00e1quina de polpa\u00e7\u00e3o de bandeja de ovos<\/figcaption><\/figure> <h2><strong><b>O que \u00e9 polpa de bandeja de ovos <\/b><\/strong><strong><b>sistema?<\/b><\/strong><\/h2> <p>O sistema de despolpamento de bandejas para ovos \u00e9 uma etapa muito cr\u00edtica na produ\u00e7\u00e3o de bandejas para ovos. Sua fun\u00e7\u00e3o \u00e9 transformar v\u00e1rios res\u00edduos, como res\u00edduos de papel\u00e3o, res\u00edduos de caixas de papel, res\u00edduos de livros e res\u00edduos de jornais, em celulose. Todo o processo de opera\u00e7\u00e3o \u00e9 muito simples. Coloque as mat\u00e9rias-primas da bandeja de ovos no despolpador hidr\u00e1ulico. Depois, h\u00e1 um batedor de polpa que pode ser usado para polir a polpa e torn\u00e1-la mais uniforme e lisa. Al\u00e9m do despolpador hidr\u00e1ulico, tamb\u00e9m precisamos de outros equipamentos para auxiliar no processo de despolpamento. Como tanque agitado, bomba de polpa e assim por diante. Como fornecedor profissional de m\u00e1quinas para descascar bandejas para ovos, nossas m\u00e1quinas n\u00e3o s\u00e3o apenas de alta qualidade, mas tamb\u00e9m de v\u00e1rios tipos. Al\u00e9m disso, tamb\u00e9m podemos fornecer servi\u00e7os customizados de acordo com as necessidades espec\u00edficas dos clientes. Sinta-se livre para nos contatar para mais detalhes.<\/p> <h2><strong><b>Processo de trabalho da polpa da bandeja de ovos<\/b><\/strong><strong><b>M<\/b><\/strong><strong><b>M\u00e1quina de fazer<\/b><\/strong><\/h2> <ol> <li>Despeje todos os tipos de res\u00edduos de papel e \u00e1gua no despolpador hidr\u00e1ulico em uma propor\u00e7\u00e3o apropriada. Em seguida, o processo de tritura\u00e7\u00e3o e tritura\u00e7\u00e3o come\u00e7a dentro do tambor cheio de \u00e1gua.<\/li> <li>Coloque a polpa no tanque agitado e selecione-a no homogeneizador. Ao fazer isso,\u00a0a polpa pode ficar mais uniforme e lisa.<\/li> <li>Durante o processo de mistura, os trabalhadores podem adicionar um determinado agente de viscosidade, que pode dar melhor formato \u00e0 polpa. Al\u00e9m disso, os trabalhadores tamb\u00e9m podem adicionar diversos pigmentos para obter diferentes cores de polpa.<\/li> <li>Ap\u00f3s a m\u00e1quina agitar a polpa at\u00e9 a consist\u00eancia necess\u00e1ria, transporte a polpa para o tanque de abastecimento para uso no pr\u00f3ximo processo.<\/li> <\/ol> <h2><strong><b>Principal <\/b><\/strong><strong><b>Partes do sistema de polpa\u00e7\u00e3o da bandeja de ovos<\/b><\/strong><\/h2> <p class=\"translation-block\"><strong><b>Despolpador hidr\u00e1ulico<\/b><\/strong>: \u00c9 usado para misturar todos os tipos de papel usado, livros usados, jornais usados e outras mat\u00e9rias-primas para fazer caixas de ovos numa polpa.<\/p> <p class=\"translation-block\"><strong><b>Agitador de lagoa de polpa<\/b><\/strong>: Atrav\u00e9s de esmagamento, sele\u00e7\u00e3o e outros m\u00e9todos, pode decompor a polpa e torn\u00e1-la mais uniforme.<\/p> <p class=\"translation-block\"><strong><b>Bomba de Polpa<\/b><\/strong>: A fun\u00e7\u00e3o \u00e9 transportar a polpa para o tanque de armazenamento de polpa e o tanque de polpa refinada.<\/p> <p class=\"translation-block\"><strong><b>Bomba de \u00c1gua: <\/b><\/strong>\u00c9 usada para transportar a \u00e1gua na piscina para o despolpador hidr\u00e1ulico, e tamb\u00e9m \u00e9 usada para recuperar a \u00e1gua residual produzida no processo de polpa\u00e7\u00e3o.<\/p> <p class=\"translation-block\"><strong><b>Tanque de \u00c1gua: <\/b><\/strong>Armazena a \u00e1gua necess\u00e1ria para a polpa\u00e7\u00e3o e as \u00e1guas residuais geradas durante o processo de polpa\u00e7\u00e3o.<\/p> <p class=\"translation-block\"><strong><b>Tanque de Armazenamento de Polpa: <\/b><\/strong>Armazena a polpa que foi agitada, separada e triturada para uso no pr\u00f3ximo processo.<\/p> <p class=\"translation-block\"><strong><b>Tanque de Polpa Refinada: <\/b><\/strong>Agita a polpa triturada de forma mais uniforme atrav\u00e9s de agita\u00e7\u00e3o, separa\u00e7\u00e3o e outros m\u00e9todos.<\/p> <figure id=\"attachment_4525\" aria-describedby=\"caption-attachment-4525\" style=\"width: 750px\" class=\"wp-caption aligncenter\"><img decoding=\"async\" class=\"wp-image-4525 size-full\" src=\"https:\/\/recyclingequipinc.com\/wp-content\/uploads\/2021\/09\/pulping-progress.jpg\" alt=\"Progresso do branqueamento de papel usado\" width=\"750\" height=\"522\" srcset=\"https:\/\/recyclingequipinc.com\/wp-content\/uploads\/2021\/09\/pulping-progress.jpg 750w, https:\/\/recyclingequipinc.com\/wp-content\/uploads\/2021\/09\/pulping-progress-300x209.jpg 300w, https:\/\/recyclingequipinc.com\/wp-content\/uploads\/2021\/09\/pulping-progress-600x418.jpg 600w\" sizes=\"(max-width: 750px) 100vw, 750px\" \/><figcaption id=\"caption-attachment-4525\" class=\"wp-caption-text\">Progresso do branqueamento de papel usado<\/figcaption><\/figure> <h2><strong><b>Benef\u00edcios de <\/b><\/strong><strong><b>Polpa de Bandeja de Ovos<\/b><\/strong><strong><b>sistema de controle <\/b><\/strong><\/h2> <ol> <li>Economize custos. A principal mat\u00e9ria-prima para a fabrica\u00e7\u00e3o de celulose s\u00e3o os res\u00edduos de papel, que s\u00e3o ricos em fontes e de baixo pre\u00e7o, e pertencem ao desenvolvimento e aproveitamento abrangente de res\u00edduos.<\/li> <li>Opera\u00e7\u00e3o simples. A m\u00e1quina adota sistema de controle avan\u00e7ado. Os trabalhadores s\u00f3 precisam colocar res\u00edduos de papel no despolpador hidr\u00e1ulico. Isso torna a opera\u00e7\u00e3o simples e segura. Um trabalhador pode concluir todo o processo.<\/li> <li>Alto grau de automa\u00e7\u00e3o. Todo o processo de opera\u00e7\u00e3o \u00e9 controlado pela m\u00e1quina. Isto n\u00e3o s\u00f3 reduz grandemente a intensidade do trabalho, mas tamb\u00e9m melhora a efici\u00eancia e a precis\u00e3o do trabalho, de modo que a qualidade dos produtos de celulose \u00e9 correspondentemente melhorada.<\/li> <li>Pequena pegada. Usamos tanques de metal em vez de piscinas de celulose. N\u00e3o h\u00e1 necessidade de construir um tanque de celulose separadamente. Assim todo o sistema ocupa uma pequena \u00e1rea e economiza mais espa\u00e7o.<\/li> <\/ol> <h2><strong><b>Fatores <\/b><\/strong><strong><b>A<\/b><\/strong><strong><b>afetando o <\/b><\/strong><strong><b>P<\/b><\/strong><strong><b>arroz da m\u00e1quina de polpa\u00e7\u00e3o de bandeja de ovos<\/b><\/strong><\/h2> <ol> <li>Qualidade da m\u00e1quina.<\/li> <li>Custo da m\u00e1quina.<\/li> <li>Frete<\/li> <li>Grau de automa\u00e7\u00e3o.<\/li> <li>Marca.<\/li> <li>Material da m\u00e1quina.<\/li> <\/ol> <h2><strong><b>Nossos servi\u00e7os<\/b><\/strong><\/h2> <ol> <li>Oferecemos servi\u00e7os de consultoria abrangentes. Voc\u00ea pode entrar em contato conosco se encontrar algum problema ao comprar a m\u00e1quina e responderemos o mais breve poss\u00edvel.<\/li> <li>Fornecemos orienta\u00e7\u00e3o gratuita de instala\u00e7\u00e3o, comissionamento e servi\u00e7os de produ\u00e7\u00e3o experimental. Certifique-se de que a m\u00e1quina possa atender aos requisitos de produ\u00e7\u00e3o dentro do prazo planejado.<\/li> <li>Oferecemos treinamento t\u00e9cnico gratuito, incluindo instala\u00e7\u00e3o, opera\u00e7\u00e3o, precau\u00e7\u00f5es e manuten\u00e7\u00e3o de equipamentos. Enquanto isso, v\u00eddeos e instru\u00e7\u00f5es de opera\u00e7\u00e3o ser\u00e3o enviados aos clientes, para ajud\u00e1-los a usar melhor as m\u00e1quinas.<\/li> <li>Servi\u00e7o p\u00f3s-venda perfeito. Todos os produtos adquiridos em nossa empresa t\u00eam garantia de bom estado de conserva\u00e7\u00e3o por um ano. Se ocorrerem problemas de qualidade no per\u00edodo de garantia, nossa empresa far\u00e1 a manuten\u00e7\u00e3o gratuitamente.<\/li> <\/ol> <figure id=\"attachment_4521\" aria-describedby=\"caption-attachment-4521\" style=\"width: 734px\" class=\"wp-caption aligncenter\"><img decoding=\"async\" class=\"wp-image-4521 size-full\" src=\"https:\/\/recyclingequipinc.com\/wp-content\/uploads\/2021\/09\/customer-photo.jpg\" alt=\"Foto do cliente da Shuliy Machinery\" width=\"734\" height=\"603\" srcset=\"https:\/\/recyclingequipinc.com\/wp-content\/uploads\/2021\/09\/customer-photo.jpg 734w, https:\/\/recyclingequipinc.com\/wp-content\/uploads\/2021\/09\/customer-photo-300x246.jpg 300w, https:\/\/recyclingequipinc.com\/wp-content\/uploads\/2021\/09\/customer-photo-600x493.jpg 600w\" sizes=\"(max-width: 734px) 100vw, 734px\" \/><figcaption id=\"caption-attachment-4521\" class=\"wp-caption-text\">Foto do cliente da Shuliy Machinery<\/figcaption><\/figure> <h2><strong><b>Conclus\u00e3o<\/b><\/strong><\/h2> <p>O investimento no neg\u00f3cio de despolpadoras de bandejas para ovos \u00e9 muito lucrativo. Por um lado, tem um vasto mercado e uma grande procura. Voc\u00ea pode vender facilmente todos os tipos de bandejas feitas de celulose. Al\u00e9m disso, o custo de produ\u00e7\u00e3o \u00e9 baixo. A mat\u00e9ria-prima para a fabrica\u00e7\u00e3o da celulose s\u00e3o diversos res\u00edduos de papel e o pre\u00e7o \u00e9 baixo. Somos um fornecedor profissional de m\u00e1quina de polpa para bandeja de ovos e podemos fornecer aos clientes solu\u00e7\u00f5es satisfat\u00f3rias. E temos nossa pr\u00f3pria f\u00e1brica, ent\u00e3o nossos pre\u00e7os s\u00e3o relativamente favor\u00e1veis. Se voc\u00ea tiver alguma necessidade, entre em contato conosco o mais r\u00e1pido poss\u00edvel.<\/p>","protected":false},"excerpt":{"rendered":"<p>A m\u00e1quina de polpa\u00e7\u00e3o de bandeja para ovos pode transformar v\u00e1rios res\u00edduos de papel em celulose, o que pode trazer muitos benef\u00edcios aos investidores. Tamb\u00e9m \u00e9 um equipamento essencial para a confec\u00e7\u00e3o de bandejas de ovos. Al\u00e9m de fazer diversas bandejas para ovos, essas polpas tamb\u00e9m podem ser transformadas em bandejas de ma\u00e7\u00e3, bandejas para copos, bandejas para sapatos, bandejas m\u00e9dicas, etc. Considerando o papel da polpa, toda linha de produ\u00e7\u00e3o completa precisa de uma m\u00e1quina de polpa\u00e7\u00e3o de alta qualidade para garantir a qualidade do produto acabado.<\/p>","protected":false},"featured_media":4484,"template":"","meta":{"site-sidebar-layout":"default","site-content-layout":"default","ast-site-content-layout":"default","site-content-style":"default","site-sidebar-style":"default","ast-global-header-display":"","ast-banner-title-visibility":"","ast-main-header-display":"","ast-hfb-above-header-display":"","ast-hfb-below-header-display":"","ast-hfb-mobile-header-display":"","site-post-title":"","ast-breadcrumbs-content":"","ast-featured-img":"","footer-sml-layout":"","ast-disable-related-posts":"","theme-transparent-header-meta":"default","adv-header-id-meta":"","stick-header-meta":"default","header-above-stick-meta":"","header-main-stick-meta":"","header-below-stick-meta":"","astra-migrate-meta-layouts":"set","ast-page-background-enabled":"default","ast-page-background-meta":{"desktop":{"background-color":"","background-image":"","background-repeat":"repeat","background-position":"center center","background-size":"auto","background-attachment":"scroll","background-type":"","background-media":"","overlay-type":"","overlay-color":"","overlay-opacity":"","overlay-gradient":""},"tablet":{"background-color":"","background-image":"","background-repeat":"repeat","background-position":"center center","background-size":"auto","background-attachment":"scroll","background-type":"","background-media":"","overlay-type":"","overlay-color":"","overlay-opacity":"","overlay-gradient":""},"mobile":{"background-color":"","background-image":"","background-repeat":"repeat","background-position":"center center","background-size":"auto","background-attachment":"scroll","background-type":"","background-media":"","overlay-type":"","overlay-color":"","overlay-opacity":"","overlay-gradient":""}},"ast-content-background-meta":{"desktop":{"background-color":"var(--ast-global-color-5)","background-image":"","background-repeat":"repeat","background-position":"center center","background-size":"auto","background-attachment":"scroll","background-type":"","background-media":"","overlay-type":"","overlay-color":"","overlay-opacity":"","overlay-gradient":""},"tablet":{"background-color":"var(--ast-global-color-5)","background-image":"","background-repeat":"repeat","background-position":"center center","background-size":"auto","background-attachment":"scroll","background-type":"","background-media":"","overlay-type":"","overlay-color":"","overlay-opacity":"","overlay-gradient":""},"mobile":{"background-color":"var(--ast-global-color-5)","background-image":"","background-repeat":"repeat","background-position":"center center","background-size":"auto","background-attachment":"scroll","background-type":"","background-media":"","overlay-type":"","overlay-color":"","overlay-opacity":"","overlay-gradient":""}}},"product_brand":[],"product_cat":[35],"product_tag":[],"class_list":{"0":"post-4411","1":"product","2":"type-product","3":"status-publish","4":"has-post-thumbnail","6":"product_cat-egg-tray-machine","7":"desktop-align-center","8":"tablet-align-center","9":"mobile-align-center","11":"first","12":"instock","13":"shipping-taxable","14":"product-type-simple"},"_links":{"self":[{"href":"https:\/\/recyclingequipinc.com\/pt\/wp-json\/wp\/v2\/product\/4411","targetHints":{"allow":["GET"]}}],"collection":[{"href":"https:\/\/recyclingequipinc.com\/pt\/wp-json\/wp\/v2\/product"}],"about":[{"href":"https:\/\/recyclingequipinc.com\/pt\/wp-json\/wp\/v2\/types\/product"}],"version-history":[{"count":0,"href":"https:\/\/recyclingequipinc.com\/pt\/wp-json\/wp\/v2\/product\/4411\/revisions"}],"wp:featuredmedia":[{"embeddable":true,"href":"https:\/\/recyclingequipinc.com\/pt\/wp-json\/wp\/v2\/media\/4484"}],"wp:attachment":[{"href":"https:\/\/recyclingequipinc.com\/pt\/wp-json\/wp\/v2\/media?parent=4411"}],"wp:term":[{"taxonomy":"product_brand","embeddable":true,"href":"https:\/\/recyclingequipinc.com\/pt\/wp-json\/wp\/v2\/product_brand?post=4411"},{"taxonomy":"product_cat","embeddable":true,"href":"https:\/\/recyclingequipinc.com\/pt\/wp-json\/wp\/v2\/product_cat?post=4411"},{"taxonomy":"product_tag","embeddable":true,"href":"https:\/\/recyclingequipinc.com\/pt\/wp-json\/wp\/v2\/product_tag?post=4411"}],"curies":[{"name":"wp","href":"https:\/\/api.w.org\/{rel}","templated":true}]}}