{"id":4406,"date":"2021-09-13T10:08:23","date_gmt":"2021-09-13T10:08:23","guid":{"rendered":"https:\/\/recyclingequipinc.com\/?post_type=product&#038;p=4406"},"modified":"2022-02-08T01:57:23","modified_gmt":"2022-02-08T01:57:23","slug":"egg-carton-making-machine","status":"publish","type":"product","link":"https:\/\/recyclingequipinc.com\/pt\/product\/egg-carton-making-machine\/","title":{"rendered":"M\u00e1quina de fazer caixas de ovos"},"content":{"rendered":"<p class=\"translation-block\">A m\u00e1quina de fabrico de caixas de ovos \u00e9 concebida e fabricada para produzir v\u00e1rias caixas de ovos de polpa para o transporte de ovos a longa dist\u00e2ncia. Pode reciclar todos os tipos de caixas de papel usadas, jornais usados e livros usados e transformar estes materiais em caixas de ovos de v\u00e1rios estilos. Com a crescente consciencializa\u00e7\u00e3o sobre a prote\u00e7\u00e3o ambiental, as pessoas inclinam-se mais para a escolha de m\u00e1quinas relativamente amigas do ambiente. E a principal mat\u00e9ria-prima da m\u00e1quina de fabrico de caixas de ovos \u00e9 papel usado, o que est\u00e1 alinhado com o conceito de prote\u00e7\u00e3o ambiental das pessoas. Al\u00e9m disso, a m\u00e1quina de caixas de ovos tem uma vasta gama de utiliza\u00e7\u00f5es. Exceto para a produ\u00e7\u00e3o de todos os tipos de caixas de ovos, tamb\u00e9m pode produzir v\u00e1rias <a href=\"https:\/\/recyclingequipinc.com\/pt\/produto\/apple-tray-making-machine\/\">bandejas para ma\u00e7\u00e3s<\/a>, bandejas para vinhos, bandejas para copos, bandejas m\u00e9dicas, bandejas para caf\u00e9, bandejas para sementes.<\/p> <p>Al\u00e9m disso, nossa m\u00e1quina tamb\u00e9m possui desempenho est\u00e1vel e alta efici\u00eancia de trabalho, o que pode trazer muitos benef\u00edcios. Bem-vindo a entrar em contato conosco para obter mais informa\u00e7\u00f5es.<\/p> <figure id=\"attachment_4514\" aria-describedby=\"caption-attachment-4514\" style=\"width: 600px\" class=\"wp-caption aligncenter\"><img fetchpriority=\"high\" decoding=\"async\" class=\"wp-image-4514 size-full\" src=\"https:\/\/recyclingequipinc.com\/wp-content\/uploads\/2021\/09\/egg-carton-maker.jpg\" alt=\"fabricante de caixas de ovos\" width=\"600\" height=\"397\" srcset=\"https:\/\/recyclingequipinc.com\/wp-content\/uploads\/2021\/09\/egg-carton-maker.jpg 600w, https:\/\/recyclingequipinc.com\/wp-content\/uploads\/2021\/09\/egg-carton-maker-300x199.jpg 300w\" sizes=\"(max-width: 600px) 100vw, 600px\" \/><figcaption id=\"caption-attachment-4514\" class=\"wp-caption-text\">fabricante de caixas de ovos<\/figcaption><\/figure> <h2><strong><b>Diferente\u00a0<\/b><\/strong><strong><b>Ovo <\/b><\/strong><strong><b>M\u00e1quina de fazer papel\u00e3o <\/b><\/strong><strong><b>para <\/b><\/strong><strong><b>S<\/b><\/strong><strong><b>cerveja<\/b><\/strong><strong><b>\u00a0<\/b><\/strong><\/h2> <p>Como fornecedor profissional de m\u00e1quinas para engradados de ovos, existem diferentes tipos de m\u00e1quinas para fazer engradados de ovos dispon\u00edveis. Por exemplo, de acordo com a produ\u00e7\u00e3o da m\u00e1quina, temos grandes m\u00e1quinas para engradados de ovos e pequenas m\u00e1quinas para engradados de ovos para escolher. A pequena m\u00e1quina \u00e9 adequada para pequenas empresas ou resid\u00eancias. Embora a m\u00e1quina grande seja adequada para produ\u00e7\u00e3o em larga escala e tenha as vantagens de alta efici\u00eancia e grande produ\u00e7\u00e3o. Al\u00e9m disso, de acordo com o grau de automa\u00e7\u00e3o, temos m\u00e1quinas semiautom\u00e1ticas para engradados de ovos e m\u00e1quinas totalmente autom\u00e1ticas para engradados de ovos. Sua parte principal \u00e9 totalmente autom\u00e1tica, mas o sistema de secagem \u00e9 diferente. O sistema totalmente autom\u00e1tico utiliza secagem de metal, que pode completar automaticamente o processo de secagem, economizando muito tempo e custos de m\u00e3o de obra. O sistema de secagem semiautom\u00e1tico inclui secagem em forno de tijolos e secagem em carrinho. Suas vantagens s\u00e3o o baixo custo. Voc\u00ea pode escolher de acordo com suas necessidades espec\u00edficas.<\/p> <figure id=\"attachment_4518\" aria-describedby=\"caption-attachment-4518\" style=\"width: 750px\" class=\"wp-caption aligncenter\"><img decoding=\"async\" class=\"wp-image-4518 size-full\" src=\"https:\/\/recyclingequipinc.com\/wp-content\/uploads\/2021\/09\/egg-box-machine.jpg\" alt=\"m\u00e1quina de caixa de ovo\" width=\"750\" height=\"750\" srcset=\"https:\/\/recyclingequipinc.com\/wp-content\/uploads\/2021\/09\/egg-box-machine.jpg 750w, https:\/\/recyclingequipinc.com\/wp-content\/uploads\/2021\/09\/egg-box-machine-100x100.jpg 100w, https:\/\/recyclingequipinc.com\/wp-content\/uploads\/2021\/09\/egg-box-machine-300x300.jpg 300w, https:\/\/recyclingequipinc.com\/wp-content\/uploads\/2021\/09\/egg-box-machine-150x150.jpg 150w, https:\/\/recyclingequipinc.com\/wp-content\/uploads\/2021\/09\/egg-box-machine-600x600.jpg 600w\" sizes=\"(max-width: 750px) 100vw, 750px\" \/><figcaption id=\"caption-attachment-4518\" class=\"wp-caption-text\">m\u00e1quina de caixa de ovo<\/figcaption><\/figure> <h2><strong><b>Principais componentes de <\/b><\/strong><strong><b>E<\/b><\/strong><strong><b>ah <\/b><\/strong><strong><b>C<\/b><\/strong><strong><b>avaliar<\/b><\/strong><strong><b>\u00a0Fazendo<\/b><\/strong><strong><b>\u00a0<\/b><\/strong><strong><b>M<\/b><\/strong><strong><b>dor<\/b><\/strong><\/h2> <p>Uma m\u00e1quina completa para fazer caixas de ovos inclui principalmente pe\u00e7as de polpa\u00e7\u00e3o, pe\u00e7as formadoras, pe\u00e7as a v\u00e1cuo e pe\u00e7as prensadas a quente.<\/p> <p class=\"translation-block\"><strong><b>Pe\u00e7as de Polpa\u00e7\u00e3o<\/b><\/strong><strong><b>:<\/b><\/strong> Esta parte cont\u00e9m um despolpador hidr\u00e1ulico, tubo de transporte, agitador de lagoa de polpa, etc. Atrav\u00e9s deste processo, v\u00e1rios pap\u00e9is usados podem ser transformados em polpa.<\/p> <p class=\"translation-block\"><strong><b>Pe\u00e7as de Moldagem<\/b><\/strong><strong><b>: <\/b><\/strong>Esta parte \u00e9 composta principalmente por uma m\u00e1quina de moldagem e um molde de moldagem, que pode transformar a polpa de papel em diferentes tipos de caixas de ovos de acordo com necessidades espec\u00edficas.<\/p> <p class=\"translation-block\"><strong><b>Pe\u00e7as de V\u00e1cuo<\/b><\/strong><strong><b>: <\/b><\/strong>Esta parte \u00e9 constru\u00edda com uma bomba de v\u00e1cuo, um recipiente de subpress\u00e3o de v\u00e1cuo, etc. O sistema de v\u00e1cuo pode sugar a polpa para o molde da m\u00e1quina de moldagem e absorver o excesso de \u00e1gua para o tanque de separa\u00e7\u00e3o de \u00e1gua e vapor.<\/p> <p class=\"translation-block\"><strong><b>Pe\u00e7as de Prensagem a Quente e Embalagem<\/b><\/strong><\/p> <p>Para economizar espa\u00e7o de embalagem e suavizar a superf\u00edcie da caixa de ovos, o cliente pode optar por prensar a caixa de ovos a quente. Dessa forma pode facilitar o transporte de caixas de ovos.<\/p> <h2><strong><b>Trabalhando <\/b><\/strong><strong><b>P<\/b><\/strong><strong><b>processo de\u00a0Este<\/b><\/strong><strong><b>\u00a0<\/b><\/strong><strong><b>M<\/b><\/strong><strong><b>dor<\/b><\/strong><\/h2> <p>O processo de fabrica\u00e7\u00e3o da caixa de ovos inclui principalmente quatro partes: polpa\u00e7\u00e3o, forma\u00e7\u00e3o, secagem e prensagem a quente.<\/p> <ol> <li><b><\/b><strong><b>Polpa<\/b><\/strong><strong><b>ing<\/b><\/strong><\/li> <\/ol> <p>Coloque mat\u00e9rias-primas, como v\u00e1rios res\u00edduos de papel, livros usados \u200b\u200be caixas de res\u00edduos, no despolpador hidr\u00e1ulico. Em seguida, adicione a quantidade adequada de \u00e1gua e mexa bastante. Desta forma, pode-se obter uma certa consist\u00eancia de polpa. Em seguida, a pasta de papel uniforme \u00e9 armazenada no tanque de abastecimento de celulose para espera.<\/p> <ol start=\"2\"> <li><strong><b> Formando<\/b><\/strong><\/li> <\/ol> <p>Uma m\u00e1quina de moldagem de celulose \u00e9 aplicada para fazer este trabalho. Ele pode absorver a polpa preparada no molde de forma\u00e7\u00e3o, transformando assim a polpa em uma caixa de ovos completa.<\/p> <ol start=\"3\"> <li><strong><b> Secagem <\/b><\/strong><\/li> <\/ol> <p>Existem quatro m\u00e9todos de secagem. Voc\u00ea pode escolher secagem natural, secagem de tijolos, secagem em carrinho e secagem de metal.<\/p> <ul> <li>Secagem natural: A caixa de ovos \u00e9 seca diretamente ao sol e ao vento natural.<\/li> <li>Secagem de tijolos: Ao construir t\u00faneis de olaria, podemos escolher g\u00e1s natural, diesel, carv\u00e3o e outros combust\u00edveis.<\/li> <\/ul> <p>(3) Secagem em carrinho: Empurre as bandejas de ovos formadas para um local com um carrinho para secagem centralizada.<\/p> <p>(4) Secagem de metal:\u00a0\u00e9 um m\u00e9todo de secagem totalmente autom\u00e1tico.<\/p> <ol start=\"4\"> <li><strong><b> Prensagem a quente<\/b><\/strong><\/li> <\/ol> <p>Use uma m\u00e1quina modeladora de prensa quente\u00a0para moldar a caixa de ovos secos, o que pode deixar a superf\u00edcie da caixa de ovos\u00a0mais limpa e economizar espa\u00e7o. Em seguida, embale as bandejas de ovos moldadas para uso.<\/p> <figure id=\"attachment_4495\" aria-describedby=\"caption-attachment-4495\" style=\"width: 750px\" class=\"wp-caption aligncenter\"><img decoding=\"async\" class=\"wp-image-4495 size-full\" src=\"https:\/\/recyclingequipinc.com\/wp-content\/uploads\/2021\/09\/technological-process-.jpg\" alt=\"processo tecnol\u00f3gico-\" width=\"750\" height=\"457\" srcset=\"https:\/\/recyclingequipinc.com\/wp-content\/uploads\/2021\/09\/technological-process-.jpg 750w, https:\/\/recyclingequipinc.com\/wp-content\/uploads\/2021\/09\/technological-process--300x183.jpg 300w, https:\/\/recyclingequipinc.com\/wp-content\/uploads\/2021\/09\/technological-process--600x366.jpg 600w\" sizes=\"(max-width: 750px) 100vw, 750px\" \/><figcaption id=\"caption-attachment-4495\" class=\"wp-caption-text\">processo tecnol\u00f3gico<\/figcaption><\/figure> <h2><strong><b>V\u00e1rias vantagens da m\u00e1quina de caixa de ovos<\/b><\/strong><\/h2> <ol> <li>Os principais componentes das m\u00e1quinas para fabricar caixas de ovos s\u00e3o de marcas bem conhecidas, que s\u00e3o altamente eficientes, economizam energia e s\u00e3o dur\u00e1veis.<\/li> <li>Os sistemas de secagem s\u00e3o diversos e o cliente pode escolher a linha de secagem mais adequada de acordo com a situa\u00e7\u00e3o espec\u00edfica. Al\u00e9m disso, o combust\u00edvel do sistema de secagem pode utilizar v\u00e1rios combust\u00edveis, como g\u00e1s natural, <a href=\"https:\/\/en.wikipedia.org\/wiki\/Coal\" target=\"_blank\" rel=\"noopener\">carv\u00e3o<\/a>, petr\u00f3leo, etc., que podem ser selecionados de acordo com as condi\u00e7\u00f5es locais do cliente.<\/li> <li>Esta linha de produ\u00e7\u00e3o de m\u00e1quina de bandeja para ovos economiza energia, \u00e9 ecologicamente correta, pr\u00e1tica e bonita. Durante todo o processo produtivo n\u00e3o h\u00e1 descarte de efluentes.<\/li> <li>As mat\u00e9rias-primas das bandejas para ovos s\u00e3o jornais, revistas, livros, caixas, etc. Portanto, as mat\u00e9rias-primas s\u00e3o abundantes e o pre\u00e7o \u00e9 baixo, podendo assim reduzir custos para os clientes e melhorar a efici\u00eancia.<\/li> <\/ol> <h2><strong><b>Manuten\u00e7\u00e3o da m\u00e1quina de fazer caixas de ovos<\/b><\/strong><\/h2> <ol> <li>Durante a utiliza\u00e7\u00e3o do equipamento, verifique sempre se o sistema de abastecimento de g\u00e1s est\u00e1 normal e se a linha de alimenta\u00e7\u00e3o est\u00e1 danificada ou aquecida.<\/li> <li>Quando ocorrer impacto ou ru\u00eddo anormal durante a opera\u00e7\u00e3o do equipamento, voc\u00ea deve deslig\u00e1-lo imediatamente para inspe\u00e7\u00e3o para descobrir a causa e elimin\u00e1-la.<\/li> <li>As pe\u00e7as pneum\u00e1ticas devem ser lubrificadas e o \u00f3leo deve ser adicionado regularmente ao copo de \u00f3leo da pe\u00e7a tripla.<\/li> <li>Para paralisa\u00e7\u00f5es de longo prazo, desligue a fonte de alimenta\u00e7\u00e3o do equipamento e reabaste\u00e7a e inspecione regularmente as partes m\u00f3veis do equipamento para garantir que o equipamento funcione normalmente durante o uso.<\/li> <\/ol> <h2><strong><b>Como escolher a m\u00e1quina certa para fazer caixas de ovos?<\/b><\/strong><\/h2> <ol> <li>Descubra a finalidade do dispositivo. Se voc\u00ea planeja expandir seus neg\u00f3cios, pode precisar de uma m\u00e1quina para fazer caixas de ovos que tamb\u00e9m possa produzir outros tipos de bandejas de papel.<\/li> <li>Custo. Muitos fabricantes possuem seus pr\u00f3prios sites. Eles usam esses sites para promover suas m\u00e1quinas. Voc\u00ea pode visitar diversos sites e verificar as taxas. Compare pre\u00e7os e vantagens de diferentes fabricantes.<\/li> <li>A qualidade da m\u00e1quina. Depois de compreender os custos do fabricante, o pr\u00f3ximo passo \u00e9 determinar a qualidade de suas m\u00e1quinas. Os pre\u00e7os de alguns fabricantes podem ser particularmente baixos, mas a qualidade das suas m\u00e1quinas geralmente n\u00e3o \u00e9 elevada. Voc\u00ea pode comparar mais fabricantes e escolher o mais econ\u00f4mico.<\/li> <li>Experi\u00eancia do criador. Em qual fabricante voc\u00ea deve confiar? \u00c9 melhor voc\u00ea escolher um fabricante experiente de fabricantes de bandejas para ovos. Porque podem ter m\u00e1quinas e servi\u00e7os melhores.<\/li> <\/ol> <h2><strong><b>Por que nos escolher como seu fabricante?<\/b><\/strong><\/h2> <p class=\"translation-block\">Quando compra uma m\u00e1quina, precisa de prestar aten\u00e7\u00e3o a algumas informa\u00e7\u00f5es importantes. Esta <a href=\"https:\/\/recyclingequipinc.com\/pt\/what-you-should-know-on-buying-egg-tray-making-machines\/\">informa\u00e7\u00e3o ir\u00e1 ajud\u00e1-lo a comprar m\u00e1quinas de fabrico de caixas de ovos de melhor qualidade<\/a> e fabricantes de confian\u00e7a. Eis as raz\u00f5es pelas quais os nossos clientes nos escolhem.<\/p> <p class=\"translation-block\"><strong><b>Experi\u00eancia Rica<\/b><\/strong>. A Zhengzhou Shuliy Machinery Co., Ltd tem uma hist\u00f3ria de mais de 20 anos. Durante este tempo, temos nos dedicado \u00e0 produ\u00e7\u00e3o de m\u00e1quinas de caixas de ovos de alta qualidade. Portanto, acumul\u00e1mos uma vasta experi\u00eancia e tecnologia.<\/p> <figure id=\"attachment_4512\" aria-describedby=\"caption-attachment-4512\" style=\"width: 634px\" class=\"wp-caption aligncenter\"><img loading=\"lazy\" decoding=\"async\" class=\"wp-image-4512 size-full\" src=\"https:\/\/recyclingequipinc.com\/wp-content\/uploads\/2021\/09\/display.jpg\" alt=\"mostrar\" width=\"634\" height=\"651\" srcset=\"https:\/\/recyclingequipinc.com\/wp-content\/uploads\/2021\/09\/display.jpg 634w, https:\/\/recyclingequipinc.com\/wp-content\/uploads\/2021\/09\/display-292x300.jpg 292w, https:\/\/recyclingequipinc.com\/wp-content\/uploads\/2021\/09\/display-600x616.jpg 600w\" sizes=\"(max-width: 634px) 100vw, 634px\" \/><figcaption id=\"caption-attachment-4512\" class=\"wp-caption-text\">mostrar<\/figcaption><\/figure> <p class=\"translation-block\"><strong><b>M\u00e1quina de Alta Qualidade<\/b><\/strong>. As nossas m\u00e1quinas passaram rigorosas inspe\u00e7\u00f5es de qualidade e cumprem integralmente as normas internacionais. As nossas m\u00e1quinas n\u00e3o s\u00e3o apenas de alta qualidade, mas tamb\u00e9m est\u00e1veis em desempenho. Pode comprar com confian\u00e7a.<\/p> <p class=\"translation-block\"><strong><b>Vasto Mercado<\/b><\/strong>. As nossas <a href=\"https:\/\/recyclingequipinc.com\/pt\/advantages-of-egg-trays\/\">m\u00e1quinas de bandejas de ovos<\/a> s\u00e3o favorecidas pelos clientes devido \u00e0 sua alta qualidade e pre\u00e7os favor\u00e1veis. Atualmente, os nossos produtos s\u00e3o exportados para mais de 50 pa\u00edses e regi\u00f5es, como os Estados Unidos, Canad\u00e1, Coreia do Sul e Jap\u00e3o.<\/p> <p class=\"translation-block\"><strong><b>Servi\u00e7o Perfeito<\/b><\/strong>. Fornecemos servi\u00e7os de pr\u00e9-venda, venda e p\u00f3s-venda de alta qualidade. Independentemente dos problemas que encontrar, pode sempre contactar-nos. Temos pessoal profissional para responder \u00e0s suas perguntas. Bem-vindo a contactar-nos o mais breve poss\u00edvel.<\/p>","protected":false},"excerpt":{"rendered":"<p>A m\u00e1quina para fabricar caixas de ovos \u00e9 um equipamento para a produ\u00e7\u00e3o de diversas caixas de ovos de polpa para transporte de ovos de longa dist\u00e2ncia. Ela pode reciclar todos os tipos de caixas de papel, jornais e livros usados \u200b\u200b\u200b\u200be transformar esses materiais em caixas de ovos de v\u00e1rios estilos. Contacte-nos para obter uma lista de pre\u00e7os gratuita.<\/p>","protected":false},"featured_media":4472,"template":"","meta":{"site-sidebar-layout":"default","site-content-layout":"default","ast-site-content-layout":"default","site-content-style":"default","site-sidebar-style":"default","ast-global-header-display":"","ast-banner-title-visibility":"","ast-main-header-display":"","ast-hfb-above-header-display":"","ast-hfb-below-header-display":"","ast-hfb-mobile-header-display":"","site-post-title":"","ast-breadcrumbs-content":"","ast-featured-img":"","footer-sml-layout":"","ast-disable-related-posts":"","theme-transparent-header-meta":"default","adv-header-id-meta":"","stick-header-meta":"default","header-above-stick-meta":"","header-main-stick-meta":"","header-below-stick-meta":"","astra-migrate-meta-layouts":"default","ast-page-background-enabled":"default","ast-page-background-meta":{"desktop":{"background-color":"","background-image":"","background-repeat":"repeat","background-position":"center center","background-size":"auto","background-attachment":"scroll","background-type":"","background-media":"","overlay-type":"","overlay-color":"","overlay-opacity":"","overlay-gradient":""},"tablet":{"background-color":"","background-image":"","background-repeat":"repeat","background-position":"center center","background-size":"auto","background-attachment":"scroll","background-type":"","background-media":"","overlay-type":"","overlay-color":"","overlay-opacity":"","overlay-gradient":""},"mobile":{"background-color":"","background-image":"","background-repeat":"repeat","background-position":"center center","background-size":"auto","background-attachment":"scroll","background-type":"","background-media":"","overlay-type":"","overlay-color":"","overlay-opacity":"","overlay-gradient":""}},"ast-content-background-meta":{"desktop":{"background-color":"var(--ast-global-color-5)","background-image":"","background-repeat":"repeat","background-position":"center center","background-size":"auto","background-attachment":"scroll","background-type":"","background-media":"","overlay-type":"","overlay-color":"","overlay-opacity":"","overlay-gradient":""},"tablet":{"background-color":"var(--ast-global-color-5)","background-image":"","background-repeat":"repeat","background-position":"center center","background-size":"auto","background-attachment":"scroll","background-type":"","background-media":"","overlay-type":"","overlay-color":"","overlay-opacity":"","overlay-gradient":""},"mobile":{"background-color":"var(--ast-global-color-5)","background-image":"","background-repeat":"repeat","background-position":"center center","background-size":"auto","background-attachment":"scroll","background-type":"","background-media":"","overlay-type":"","overlay-color":"","overlay-opacity":"","overlay-gradient":""}}},"product_brand":[],"product_cat":[35],"product_tag":[73],"class_list":{"0":"post-4406","1":"product","2":"type-product","3":"status-publish","4":"has-post-thumbnail","6":"product_cat-egg-tray-machine","7":"product_tag-egg-carton-making-machine","8":"desktop-align-center","9":"tablet-align-center","10":"mobile-align-center","12":"first","13":"instock","14":"shipping-taxable","15":"product-type-simple"},"_links":{"self":[{"href":"https:\/\/recyclingequipinc.com\/pt\/wp-json\/wp\/v2\/product\/4406","targetHints":{"allow":["GET"]}}],"collection":[{"href":"https:\/\/recyclingequipinc.com\/pt\/wp-json\/wp\/v2\/product"}],"about":[{"href":"https:\/\/recyclingequipinc.com\/pt\/wp-json\/wp\/v2\/types\/product"}],"version-history":[{"count":0,"href":"https:\/\/recyclingequipinc.com\/pt\/wp-json\/wp\/v2\/product\/4406\/revisions"}],"wp:featuredmedia":[{"embeddable":true,"href":"https:\/\/recyclingequipinc.com\/pt\/wp-json\/wp\/v2\/media\/4472"}],"wp:attachment":[{"href":"https:\/\/recyclingequipinc.com\/pt\/wp-json\/wp\/v2\/media?parent=4406"}],"wp:term":[{"taxonomy":"product_brand","embeddable":true,"href":"https:\/\/recyclingequipinc.com\/pt\/wp-json\/wp\/v2\/product_brand?post=4406"},{"taxonomy":"product_cat","embeddable":true,"href":"https:\/\/recyclingequipinc.com\/pt\/wp-json\/wp\/v2\/product_cat?post=4406"},{"taxonomy":"product_tag","embeddable":true,"href":"https:\/\/recyclingequipinc.com\/pt\/wp-json\/wp\/v2\/product_tag?post=4406"}],"curies":[{"name":"wp","href":"https:\/\/api.w.org\/{rel}","templated":true}]}}