{"id":4403,"date":"2021-09-13T09:58:16","date_gmt":"2021-09-13T09:58:16","guid":{"rendered":"https:\/\/recyclingequipinc.com\/?post_type=product&#038;p=4403"},"modified":"2024-10-04T20:42:43","modified_gmt":"2024-10-04T12:42:43","slug":"egg-tray-molding-machine","status":"publish","type":"product","link":"https:\/\/recyclingequipinc.com\/pt\/product\/egg-tray-molding-machine\/","title":{"rendered":"M\u00e1quina de moldagem de bandeja de ovos"},"content":{"rendered":"<p class=\"translation-block\"><strong><b>A m\u00e1quina de moldagem de caixas de ovos <\/b><\/strong> \u00e9 a parte principal do processo de moldagem na fabrica\u00e7\u00e3o da caixa de ovos. O sistema de moldagem de caixas de ovos \u00e9 a parte central da linha de produ\u00e7\u00e3o de caixas de ovos, e a m\u00e1quina de moldagem de polpa \u00e9 a prioridade m\u00e1xima. Se toda a linha de produ\u00e7\u00e3o de caixas de ovos for considerada o corpo humano, a m\u00e1quina de moldagem de polpa \u00e9 o c\u00e9rebro do ser humano. Assim, a import\u00e2ncia \u00e9 autoexplicativa. Al\u00e9m disso, o equipamento \u00e9 geralmente uma m\u00e1quina rotativa de moldagem de polpa. De acordo com o molde diferente, podemos fazer bandejas diferentes, como caixas de ovos, <a href=\"https:\/\/recyclingequipinc.com\/pt\/produto\/apple-tray-making-machine\/\">bandejas para ma\u00e7\u00e3s<\/a>, caixas de ovos, bandejas m\u00e9dicas, etc. Mais importante ainda, esta m\u00e1quina \u00e9 uma m\u00e1quina amiga do ambiente, ben\u00e9fica para as nossas condi\u00e7\u00f5es de vida. Contacte-nos para saber mais detalhes!<\/p> <figure id=\"attachment_4477\" aria-describedby=\"caption-attachment-4477\" style=\"width: 750px\" class=\"wp-caption aligncenter\"><img fetchpriority=\"high\" decoding=\"async\" class=\"wp-image-4477 size-full\" src=\"https:\/\/recyclingequipinc.com\/wp-content\/uploads\/2021\/09\/egg-carton-marker.jpg\" alt=\"marcador de caixa de ovo\" width=\"750\" height=\"750\" srcset=\"https:\/\/recyclingequipinc.com\/wp-content\/uploads\/2021\/09\/egg-carton-marker.jpg 750w, https:\/\/recyclingequipinc.com\/wp-content\/uploads\/2021\/09\/egg-carton-marker-100x100.jpg 100w, https:\/\/recyclingequipinc.com\/wp-content\/uploads\/2021\/09\/egg-carton-marker-300x300.jpg 300w, https:\/\/recyclingequipinc.com\/wp-content\/uploads\/2021\/09\/egg-carton-marker-150x150.jpg 150w, https:\/\/recyclingequipinc.com\/wp-content\/uploads\/2021\/09\/egg-carton-marker-600x600.jpg 600w\" sizes=\"(max-width: 750px) 100vw, 750px\" \/><figcaption id=\"caption-attachment-4477\" class=\"wp-caption-text\">marcador de caixa de ovo<\/figcaption><\/figure> <h2><strong><b>Planta de trabalho da m\u00e1quina de moldagem de bandejas de ovos<\/b><\/strong><\/h2> <p>A m\u00e1quina de moldagem de bandeja para ovos \u00e9 um equipamento de alta efici\u00eancia, baixo consumo de energia e estabilidade ultra-alta. Geralmente, a m\u00e1quina de moldagem, sistema de v\u00e1cuo, compressor de ar + tubo de alta press\u00e3o e m\u00e1quina de limpeza de molde comp\u00f5em o sistema de forma\u00e7\u00e3o. Detalharemos a seguir.<\/p> <figure id=\"attachment_4547\" aria-describedby=\"caption-attachment-4547\" style=\"width: 750px\" class=\"wp-caption aligncenter\"><img decoding=\"async\" class=\"wp-image-4547 size-full\" src=\"https:\/\/recyclingequipinc.com\/wp-content\/uploads\/2021\/09\/machien-components.jpg\" alt=\"componentes da m\u00e1quina\" width=\"750\" height=\"750\" srcset=\"https:\/\/recyclingequipinc.com\/wp-content\/uploads\/2021\/09\/machien-components.jpg 750w, https:\/\/recyclingequipinc.com\/wp-content\/uploads\/2021\/09\/machien-components-100x100.jpg 100w, https:\/\/recyclingequipinc.com\/wp-content\/uploads\/2021\/09\/machien-components-300x300.jpg 300w, https:\/\/recyclingequipinc.com\/wp-content\/uploads\/2021\/09\/machien-components-150x150.jpg 150w, https:\/\/recyclingequipinc.com\/wp-content\/uploads\/2021\/09\/machien-components-600x600.jpg 600w\" sizes=\"(max-width: 750px) 100vw, 750px\" \/><figcaption id=\"caption-attachment-4547\" class=\"wp-caption-text\">componentes da m\u00e1quina<\/figcaption><\/figure> <h3><strong><b>M\u00e1quina de moldagem de bandeja de ovos<\/b><\/strong><\/h3> <p>\u00c9 feito de moldes de forma\u00e7\u00e3o e moldes de transfer\u00eancia. O n\u00famero de moldes formadores influenciar\u00e1 a capacidade da m\u00e1quina. Tamb\u00e9m possui outros componentes. Listados abaixo: v\u00e1lvula eletromagn\u00e9tica, duas posi\u00e7\u00f5es de cinco vias, v\u00e1lvula borboleta, gabinete de controle, v\u00e1lvula globo, mangueira de borracha, interruptor de proximidade. Estas s\u00e3o coloca\u00e7\u00f5es comuns. No entanto, a aloca\u00e7\u00e3o ser\u00e1 diferente com base na capacidade de produ\u00e7\u00e3o.<\/p> <h3><strong><b>Sistema de v\u00e1cuo<\/b><\/strong><\/h3> <p>O sistema de v\u00e1cuo consiste na bomba de v\u00e1cuo e na tubula\u00e7\u00e3o de v\u00e1cuo. Sua fun\u00e7\u00e3o \u00e9 fixar a polpa nas matrizes de conforma\u00e7\u00e3o e retirar o m\u00e1ximo de \u00e1gua da polpa. A mesma teoria \u00e9 aplicada ao sistema de v\u00e1cuo. \u00c9 que a configura\u00e7\u00e3o muda junto com a capacidade de produ\u00e7\u00e3o.<\/p> <h3><strong><b>Compressor de ar<\/b><\/strong><\/h3> <p>O compressor de ar normalmente funciona para a m\u00e1quina de moldagem. No processo de moldagem, ele separa principalmente o molde formado das matrizes de forma\u00e7\u00e3o, fazendo com que o molde formado venha para o molde de transfer\u00eancia.<\/p> <h3><strong><b>M\u00e1quina de limpeza de moldes<\/b><\/strong><\/h3> <p>Como o nome sugere, \u00e9 utilizado para limpar o molde. Como a polpa \u00e9 a mistura de res\u00edduos de papel e \u00e1gua, ao finalizar o mofo, sai alguma sujeira. Neste momento, \u00e9 necess\u00e1ria uma m\u00e1quina de limpeza de moldes para deix\u00e1-la limpa e arrumada para que possa ser usada novamente.<\/p> <p>Em suma, o sistema de v\u00e1cuo, o compressor de ar e a m\u00e1quina de limpeza de moldagem servem para moldar a m\u00e1quina. Quando voc\u00ea vai comprar uma m\u00e1quina de moldagem, essas tr\u00eas s\u00e3o necess\u00e1rias.<\/p> <h2><strong><b>V\u00e1rias m\u00e1quinas de moldagem de bandejas para ovos de <\/b><\/strong><strong><b>M\u00e1quinas Shuliy<\/b><\/strong><\/h2> <p>Do ponto de vista do rendimento, v\u00e1rios tipos s\u00e3o 1.000 unidades \/ h, 1.500-2.000 unidades \/ h, 3.000 unidades \/ h, 5.000 unidades \/ h, 6.000 unidades \/ h, 8.000 unidades \/ h. Como partes principais do equipamento de moldagem, a forma, a apar\u00eancia e o tamanho do molde devem ser considerados ao projetar o molde. Mesmo que o molde seja usado com frequ\u00eancia, sua textura deve ser dur\u00e1vel. Normalmente existem dois tipos de moldes, nomeadamente moldes de forma\u00e7\u00e3o e moldes de transfer\u00eancia. Forneceremos as solu\u00e7\u00f5es mais satisfat\u00f3rias de acordo com as diferentes necessidades e os ajudaremos a construir uma linha completa de produ\u00e7\u00e3o de bandejas para ovos. Nossa m\u00e1quina de moldagem pode n\u00e3o apenas produzir bandejas para ovos, mas tamb\u00e9m bandejas para frutas, bandejas para sapatos, bandejas industriais, bandejas m\u00e9dicas e assim por diante. Quer saber mais? N\u00e3o hesite em nos ligar!<\/p> <figure id=\"attachment_4510\" aria-describedby=\"caption-attachment-4510\" style=\"width: 720px\" class=\"wp-caption aligncenter\"><img decoding=\"async\" class=\"wp-image-4510 size-full\" src=\"https:\/\/recyclingequipinc.com\/wp-content\/uploads\/2021\/09\/molding-machine.jpg\" alt=\"m\u00e1quina de moldagem\" width=\"720\" height=\"540\" srcset=\"https:\/\/recyclingequipinc.com\/wp-content\/uploads\/2021\/09\/molding-machine.jpg 720w, https:\/\/recyclingequipinc.com\/wp-content\/uploads\/2021\/09\/molding-machine-300x225.jpg 300w, https:\/\/recyclingequipinc.com\/wp-content\/uploads\/2021\/09\/molding-machine-600x450.jpg 600w\" sizes=\"(max-width: 720px) 100vw, 720px\" \/><figcaption id=\"caption-attachment-4510\" class=\"wp-caption-text\">m\u00e1quina de moldagem<\/figcaption><\/figure> <h2><strong><b>Vantagens das m\u00e1quinas de moldagem de celulose<\/b><\/strong><\/h2> <ol> <li>A m\u00e1quina principal adota a tecnologia de divisor de engrenagem de Taiwan para obter precis\u00e3o de opera\u00e7\u00e3o do equipamento com erro zero.<\/li> <li>A base principal da m\u00e1quina \u00e9 feita de a\u00e7o de canal 16# espessado e o eixo de transmiss\u00e3o \u00e9 usinado com precis\u00e3o com a\u00e7o redondo 45#.<\/li> <li>O motor de toda a m\u00e1quina adota marcas nacionais bem conhecidas.<\/li> <li>A corredi\u00e7a de posicionamento do motor principal \u00e9 soldada com uma placa de a\u00e7o 45# ap\u00f3s tratamento t\u00e9rmico.<\/li> <li>Marcas nacionais conhecidas s\u00e3o selecionadas para bombas de v\u00e1cuo e compressores de ar.<\/li> <li>Retorno do investimento alto e r\u00e1pido para os investidores.<\/li> <li>\u00c9 equipado com um painel de controle de f\u00e1cil utiliza\u00e7\u00e3o com sistema de servi\u00e7o de baixa manuten\u00e7\u00e3o.<\/li> <li>Apoiamos servi\u00e7os de personaliza\u00e7\u00e3o.<\/li> <\/ol> <h2><strong><b>Produtos finais da linha de produ\u00e7\u00e3o de moldagem de celulose<\/b><\/strong><\/h2> <p class=\"translation-block\">Os produtos finais da m\u00e1quina de moldagem de polpa n\u00e3o s\u00e3o apenas caixas de ovos, mas tamb\u00e9m caixas para ovos, bandejas para frutas, bandejas para vinho, bandejas m\u00e9dicas, bandejas para sapatos, bandejas para mudas, bandejas industriais, bandejas para eletrodom\u00e9sticos, bandejas para copos, etc. Na verdade, as mat\u00e9rias-primas para as m\u00e1quinas de moldagem t\u00eam fontes amplas. Por exemplo, papel usado, caixas usadas, jornais usados, revistas usadas, etc. \u00c9 barato e muito f\u00e1cil de obter. Para os investidores, o custo \u00e9 baixo. Obviamente, a linha de produ\u00e7\u00e3o de moldagem de polpa \u00e9 um \u00f3timo investimento. Al\u00e9m disso, a m\u00e1quina de moldagem de polpa fabrica bandejas moldadas de papel, que s\u00e3o <a href=\"https:\/\/en.wikipedia.org\/wiki\/Biodegradation\" target=\"_blank\" rel=\"noopener\">biodegrad\u00e1veis<\/a>. Com a proibi\u00e7\u00e3o do pl\u00e1stico em muitos pa\u00edses, as bandejas de papel est\u00e3o a tornar-se populares. Mais ainda, a linha de produ\u00e7\u00e3o de moldagem de polpa n\u00e3o polui.<\/p> <figure id=\"attachment_4507\" aria-describedby=\"caption-attachment-4507\" style=\"width: 1024px\" class=\"wp-caption aligncenter\"><img loading=\"lazy\" decoding=\"async\" class=\"wp-image-4507 size-large\" src=\"https:\/\/recyclingequipinc.com\/wp-content\/uploads\/2021\/09\/end-products-1024x512.jpg\" alt=\"produtos finais\" width=\"1024\" height=\"512\" srcset=\"https:\/\/recyclingequipinc.com\/wp-content\/uploads\/2021\/09\/end-products-1024x512.jpg 1024w, https:\/\/recyclingequipinc.com\/wp-content\/uploads\/2021\/09\/end-products-750x375.jpg 750w, https:\/\/recyclingequipinc.com\/wp-content\/uploads\/2021\/09\/end-products-300x150.jpg 300w, https:\/\/recyclingequipinc.com\/wp-content\/uploads\/2021\/09\/end-products-768x384.jpg 768w, https:\/\/recyclingequipinc.com\/wp-content\/uploads\/2021\/09\/end-products-1536x768.jpg 1536w, https:\/\/recyclingequipinc.com\/wp-content\/uploads\/2021\/09\/end-products-600x300.jpg 600w, https:\/\/recyclingequipinc.com\/wp-content\/uploads\/2021\/09\/end-products.jpg 1800w\" sizes=\"(max-width: 1024px) 100vw, 1024px\" \/><figcaption id=\"caption-attachment-4507\" class=\"wp-caption-text\">produtos finais<\/figcaption><\/figure> <h2><strong><b>Deixe suas informa\u00e7\u00f5es<\/b><\/strong><\/h2> <p class=\"translation-block\">Sendo um fabricante e fornecedor confi\u00e1vel de m\u00e1quinas de moldagem de papel, fornecemos a m\u00e1quina de moldagem de alta qualidade, pre\u00e7o razo\u00e1vel e longa vida \u00fatil. O pre\u00e7o da m\u00e1quina de moldagem de polpa difere de acordo com a capacidade de produ\u00e7\u00e3o e a configura\u00e7\u00e3o. Equipamos a m\u00e1quina de moldagem com marcas conhecidas. At\u00e9 certo ponto, uma configura\u00e7\u00e3o mais alta acarreta um pre\u00e7o mais alto. Mas tudo vale a pena. Se estiver pronto para a m\u00e1quina de fabrico de bandejas de papel, diga-nos qual a capacidade de produ\u00e7\u00e3o que pretende. Oferecemos as solu\u00e7\u00f5es perfeitas com servi\u00e7os atenciosos. Claro, o servi\u00e7o p\u00f3s-venda est\u00e1 inclu\u00eddo. Confie em n\u00f3s, esta m\u00e1quina oferece um \u00f3timo ROI (retorno sobre o investimento). Quer saber como escolher a melhor m\u00e1quina de moldagem de caixas de ovos, clique neste <a href=\"https:\/\/recyclingequipinc.com\/pt\/what-you-should-know-on-buying-egg-tray-making-machines\/\">guia de compra de m\u00e1quinas de fabrico de caixas de ovos<\/a>. Se tiver alguma d\u00favida, contacte-nos imediatamente, responderemos muito em breve.<\/p>","protected":false},"excerpt":{"rendered":"<p class=\"translation-block\"><strong><b>A m\u00e1quina de moldagem de caixas de ovos <\/b><\/strong> \u00e9 a parte principal do processo de moldagem na fabrica\u00e7\u00e3o da caixa de ovos. O sistema de moldagem de caixas de ovos \u00e9 a parte central da linha de produ\u00e7\u00e3o de caixas de ovos, e a m\u00e1quina de moldagem de polpa \u00e9 a prioridade m\u00e1xima. Envie-nos um e-mail ou ligue para n\u00f3s para uma cota\u00e7\u00e3o detalhada.<\/p>","protected":false},"featured_media":4463,"template":"","meta":{"site-sidebar-layout":"default","site-content-layout":"default","ast-site-content-layout":"default","site-content-style":"default","site-sidebar-style":"default","ast-global-header-display":"","ast-banner-title-visibility":"","ast-main-header-display":"","ast-hfb-above-header-display":"","ast-hfb-below-header-display":"","ast-hfb-mobile-header-display":"","site-post-title":"","ast-breadcrumbs-content":"","ast-featured-img":"","footer-sml-layout":"","ast-disable-related-posts":"","theme-transparent-header-meta":"default","adv-header-id-meta":"","stick-header-meta":"default","header-above-stick-meta":"","header-main-stick-meta":"","header-below-stick-meta":"","astra-migrate-meta-layouts":"default","ast-page-background-enabled":"default","ast-page-background-meta":{"desktop":{"background-color":"","background-image":"","background-repeat":"repeat","background-position":"center center","background-size":"auto","background-attachment":"scroll","background-type":"","background-media":"","overlay-type":"","overlay-color":"","overlay-opacity":"","overlay-gradient":""},"tablet":{"background-color":"","background-image":"","background-repeat":"repeat","background-position":"center center","background-size":"auto","background-attachment":"scroll","background-type":"","background-media":"","overlay-type":"","overlay-color":"","overlay-opacity":"","overlay-gradient":""},"mobile":{"background-color":"","background-image":"","background-repeat":"repeat","background-position":"center center","background-size":"auto","background-attachment":"scroll","background-type":"","background-media":"","overlay-type":"","overlay-color":"","overlay-opacity":"","overlay-gradient":""}},"ast-content-background-meta":{"desktop":{"background-color":"var(--ast-global-color-5)","background-image":"","background-repeat":"repeat","background-position":"center center","background-size":"auto","background-attachment":"scroll","background-type":"","background-media":"","overlay-type":"","overlay-color":"","overlay-opacity":"","overlay-gradient":""},"tablet":{"background-color":"var(--ast-global-color-5)","background-image":"","background-repeat":"repeat","background-position":"center center","background-size":"auto","background-attachment":"scroll","background-type":"","background-media":"","overlay-type":"","overlay-color":"","overlay-opacity":"","overlay-gradient":""},"mobile":{"background-color":"var(--ast-global-color-5)","background-image":"","background-repeat":"repeat","background-position":"center center","background-size":"auto","background-attachment":"scroll","background-type":"","background-media":"","overlay-type":"","overlay-color":"","overlay-opacity":"","overlay-gradient":""}}},"product_brand":[],"product_cat":[35],"product_tag":[73],"class_list":{"0":"post-4403","1":"product","2":"type-product","3":"status-publish","4":"has-post-thumbnail","6":"product_cat-egg-tray-machine","7":"product_tag-egg-carton-making-machine","8":"desktop-align-center","9":"tablet-align-center","10":"mobile-align-center","12":"first","13":"instock","14":"shipping-taxable","15":"product-type-simple"},"_links":{"self":[{"href":"https:\/\/recyclingequipinc.com\/pt\/wp-json\/wp\/v2\/product\/4403","targetHints":{"allow":["GET"]}}],"collection":[{"href":"https:\/\/recyclingequipinc.com\/pt\/wp-json\/wp\/v2\/product"}],"about":[{"href":"https:\/\/recyclingequipinc.com\/pt\/wp-json\/wp\/v2\/types\/product"}],"version-history":[{"count":0,"href":"https:\/\/recyclingequipinc.com\/pt\/wp-json\/wp\/v2\/product\/4403\/revisions"}],"wp:featuredmedia":[{"embeddable":true,"href":"https:\/\/recyclingequipinc.com\/pt\/wp-json\/wp\/v2\/media\/4463"}],"wp:attachment":[{"href":"https:\/\/recyclingequipinc.com\/pt\/wp-json\/wp\/v2\/media?parent=4403"}],"wp:term":[{"taxonomy":"product_brand","embeddable":true,"href":"https:\/\/recyclingequipinc.com\/pt\/wp-json\/wp\/v2\/product_brand?post=4403"},{"taxonomy":"product_cat","embeddable":true,"href":"https:\/\/recyclingequipinc.com\/pt\/wp-json\/wp\/v2\/product_cat?post=4403"},{"taxonomy":"product_tag","embeddable":true,"href":"https:\/\/recyclingequipinc.com\/pt\/wp-json\/wp\/v2\/product_tag?post=4403"}],"curies":[{"name":"wp","href":"https:\/\/api.w.org\/{rel}","templated":true}]}}