{"id":4400,"date":"2021-09-13T09:54:32","date_gmt":"2021-09-13T09:54:32","guid":{"rendered":"https:\/\/recyclingequipinc.com\/?post_type=product&#038;p=4400"},"modified":"2025-11-10T16:19:23","modified_gmt":"2025-11-10T08:19:23","slug":"egg-tray-making-machine","status":"publish","type":"product","link":"https:\/\/recyclingequipinc.com\/pt\/product\/egg-tray-making-machine\/","title":{"rendered":"M\u00e1quina de fazer bandejas para ovos"},"content":{"rendered":"<p class=\"translation-block\"><strong><b>M\u00e1quina de fazer bandejas de ovos<\/b><\/strong> \u00e9 uma m\u00e1quina ecol\u00f3gica, que pode transformar o lixo em tesouro. Isso se deve \u00e0s suas mat\u00e9rias-primas. As mat\u00e9rias-primas prov\u00eam principalmente de v\u00e1rias placas de polpa, como papel\u00e3o de res\u00edduos, papel de caixa de papel de res\u00edduos, papel branco de res\u00edduos, polpa de junco, polpa de palha, polpa, polpa de bambu e polpa de madeira, res\u00edduos de polpa de cauda de f\u00e1brica de papel, etc. As mat\u00e9rias-primas s\u00e3o particularmente f\u00e1ceis de coletar, e uma grande quantidade de mat\u00e9rias-primas \u00e9 produzida todos os dias. Com o desenvolvimento da sociedade, regi\u00f5es e pa\u00edses em todo o mundo prestam mais aten\u00e7\u00e3o ao meio ambiente. \u00c9 uma tend\u00eancia de progresso social. \u00c9 por isso que a m\u00e1quina de bandejas de ovos \u00e9 bem recebida. Assim, voc\u00ea quer esta m\u00e1quina de fazer bandejas de papel? Contacte-nos agora!<\/p> <figure id=\"attachment_4498\" aria-describedby=\"caption-attachment-4498\" style=\"width: 750px\" class=\"wp-caption aligncenter\"><img fetchpriority=\"high\" decoding=\"async\" class=\"wp-image-4498 size-full\" src=\"https:\/\/recyclingequipinc.com\/wp-content\/uploads\/2021\/09\/egg-tray-marker.jpg\" alt=\"Fabricante de bandejas de ovos\" width=\"750\" height=\"732\" srcset=\"https:\/\/recyclingequipinc.com\/wp-content\/uploads\/2021\/09\/egg-tray-marker.jpg 750w, https:\/\/recyclingequipinc.com\/wp-content\/uploads\/2021\/09\/egg-tray-marker-300x293.jpg 300w, https:\/\/recyclingequipinc.com\/wp-content\/uploads\/2021\/09\/egg-tray-marker-600x586.jpg 600w\" sizes=\"(max-width: 750px) 100vw, 750px\" \/><figcaption id=\"caption-attachment-4498\" class=\"wp-caption-text\">Fabricante de bandejas de ovos<\/figcaption><\/figure> <h2><strong><b>Fabricante de bandejas de ovos de papel excecional para venda<\/b><\/strong><\/h2> <p>Em Zhengzhou Shuliy Machinery Co., Ltd, geralmente dividimos a m\u00e1quina de bandeja para ovos para venda de acordo com os m\u00e9todos de secagem. Normalmente aqui dois tipos s\u00e3o totalmente autom\u00e1ticos e semiautom\u00e1ticos. Totalmente autom\u00e1tico refere-se ao m\u00e9todo de secagem da linha de secagem mental de bandejas para ovos com v\u00e1rias camadas. O semiautom\u00e1tico \u00e9 uma refer\u00eancia ao m\u00e9todo de secagem de secagem natural e linha de secagem de bandeja de ovos de tijolo. No entanto, a linha de secagem da bandeja para ovos de tijolo deve ser constru\u00edda pelos pr\u00f3prios clientes. De acordo com a produtividade, classificamos em 1.000 unidades \/ h, 1.500-2.000 unidades \/ h, 3.000 unidades \/ h, 4.000 unidades \/ h, 5.000 unidades \/ h, 6.000-7.000 unidades \/ h. De modo geral, utilizamos dois n\u00fameros para descrever. Por exemplo, use 3*1 para expressar a produtividade de 1000 pe\u00e7as\/h (3 representa tr\u00eas pe\u00e7as uma vez, 1 representa apenas um molde de forma\u00e7\u00e3o). Por favor, entre em contato conosco para mais detalhes!<\/p> <figure id=\"attachment_4496\" aria-describedby=\"caption-attachment-4496\" style=\"width: 750px\" class=\"wp-caption aligncenter\"><img decoding=\"async\" class=\"wp-image-4496 size-full\" title=\"m\u00e1quina de fazer bandeja para ovos\" src=\"https:\/\/recyclingequipinc.com\/wp-content\/uploads\/2021\/09\/egg-tray-making-machine-1.jpg\" alt=\"m\u00e1quina de fazer bandeja para ovos\" width=\"750\" height=\"750\" srcset=\"https:\/\/recyclingequipinc.com\/wp-content\/uploads\/2021\/09\/egg-tray-making-machine-1.jpg 750w, https:\/\/recyclingequipinc.com\/wp-content\/uploads\/2021\/09\/egg-tray-making-machine-1-100x100.jpg 100w, https:\/\/recyclingequipinc.com\/wp-content\/uploads\/2021\/09\/egg-tray-making-machine-1-300x300.jpg 300w, https:\/\/recyclingequipinc.com\/wp-content\/uploads\/2021\/09\/egg-tray-making-machine-1-150x150.jpg 150w, https:\/\/recyclingequipinc.com\/wp-content\/uploads\/2021\/09\/egg-tray-making-machine-1-600x600.jpg 600w\" sizes=\"(max-width: 750px) 100vw, 750px\" \/><figcaption id=\"caption-attachment-4496\" class=\"wp-caption-text\">m\u00e1quina de fazer bandeja para ovos<\/figcaption><\/figure> <h2><strong><b>V\u00e1rias aplica\u00e7\u00f5es da m\u00e1quina para fazer bandejas de papel<\/b><\/strong><\/h2> <p class=\"translation-block\">Reciclamos os materiais residuais para produzir os itens usados na vida. A m\u00e1quina de fazer bandejas de papel \u00e9 uma dessas m\u00e1quinas. Os produtos acabados da m\u00e1quina de fabricar bandejas de ovos s\u00e3o bandejas de ovos. Al\u00e9m disso, os produtos finais tamb\u00e9m podem ser caixas de ovos, <a href=\"https:\/\/recyclingequipinc.com\/pt\/advantages-of-egg-trays\/\">caixas de ovos<\/a>, bandejas de ovos de codorna, <a href=\"https:\/\/recyclingequipinc.com\/pt\/produto\/apple-tray-making-machine\/\">bandejas de ma\u00e7\u00e3<\/a>, bandejas de frutas, <a href=\"https:\/\/recyclingequipinc.com\/pt\/produto\/shoe-tray-making-machine\/\">bandejas de sapatos<\/a>, bandejas para eletr\u00f3nicos, bandejas para ch\u00e1venas de caf\u00e9, modelos de papel, bandejas de mudas, bandejas de vinho, bandejas m\u00e9dicas, etc. O que \u00e9 importante notar \u00e9 que \u00e9 uma m\u00e1quina de fazer bandejas de papel, n\u00e3o uma m\u00e1quina de fazer bandejas de pl\u00e1stico. Al\u00e9m disso, existem muitas mat\u00e9rias-primas que podem ser usadas para fazer suportes de ovos. As mat\u00e9rias-primas incluem papel de res\u00edduos, jornal de res\u00edduos, revista de res\u00edduos, papel\u00e3o ondulado e outros. Este \u00e9 o encanto das m\u00e1quinas ecol\u00f3gicas. A m\u00e1quina de fazer bandejas de ovos est\u00e1 em posi\u00e7\u00e3o de cumprir esta obriga\u00e7\u00e3o. Quer ser nosso parceiro? Entre em contato conosco em breve!<\/p> <figure id=\"attachment_4492\" aria-describedby=\"caption-attachment-4492\" style=\"width: 750px\" class=\"wp-caption aligncenter\"><img decoding=\"async\" class=\"wp-image-4492 size-full\" src=\"https:\/\/recyclingequipinc.com\/wp-content\/uploads\/2021\/09\/finished-products.jpg\" alt=\"Produtos acabados da m\u00e1quina de fazer bandejas de ovos\" width=\"750\" height=\"354\" srcset=\"https:\/\/recyclingequipinc.com\/wp-content\/uploads\/2021\/09\/finished-products.jpg 750w, https:\/\/recyclingequipinc.com\/wp-content\/uploads\/2021\/09\/finished-products-300x142.jpg 300w, https:\/\/recyclingequipinc.com\/wp-content\/uploads\/2021\/09\/finished-products-600x283.jpg 600w\" sizes=\"(max-width: 750px) 100vw, 750px\" \/><figcaption id=\"caption-attachment-4492\" class=\"wp-caption-text\">Produtos acabados da m\u00e1quina de fazer bandejas de ovos<\/figcaption><\/figure> <h2><strong><b>O que<\/b><\/strong><strong><b>'<\/b><\/strong><strong><b>Qual \u00e9 o processo tecnol\u00f3gico da m\u00e1quina de bandeja para ovos?<\/b><\/strong><\/h2> <p>A linha de produ\u00e7\u00e3o de bandejas para ovos \u00e9 descrita como: res\u00edduos de papel \u2192 polpa\u00e7\u00e3o \u2192 mistura de polpa \u2192 peneira\u00e7\u00e3o \u2192 fornecimento de polpa \u2192 modelagem \u2192 secagem \u2192 n\u00famero inteiro \u2192 check out \u2192 pacote. O processo geral pode ser resumido nas seguintes etapas: respectivamente sistema de polpa\u00e7\u00e3o, sistema de forma\u00e7\u00e3o, sistema de secagem e sistema de remodelagem e embalagem da bandeja de ovos.<\/p> <figure id=\"attachment_4495\" aria-describedby=\"caption-attachment-4495\" style=\"width: 750px\" class=\"wp-caption aligncenter\"><img loading=\"lazy\" decoding=\"async\" class=\"wp-image-4495 size-full\" src=\"https:\/\/recyclingequipinc.com\/wp-content\/uploads\/2021\/09\/technological-process-.jpg\" alt=\"Processo tecnol\u00f3gico do fabricante de bandejas de ovos\" width=\"750\" height=\"457\" srcset=\"https:\/\/recyclingequipinc.com\/wp-content\/uploads\/2021\/09\/technological-process-.jpg 750w, https:\/\/recyclingequipinc.com\/wp-content\/uploads\/2021\/09\/technological-process--300x183.jpg 300w, https:\/\/recyclingequipinc.com\/wp-content\/uploads\/2021\/09\/technological-process--600x366.jpg 600w\" sizes=\"(max-width: 750px) 100vw, 750px\" \/><figcaption id=\"caption-attachment-4495\" class=\"wp-caption-text\">Processo tecnol\u00f3gico do fabricante de bandejas de ovos<\/figcaption><\/figure> <p>&nbsp;<\/p> <h2><strong><b>Sistema de polpa\u00e7\u00e3o<\/b><\/strong><\/h2> <p class=\"translation-block\">A polpa\u00e7\u00e3o \u00e9 o primeiro passo na produ\u00e7\u00e3o de bandejas de ovos. Nesta etapa, uma <a href=\"https:\/\/recyclingequipinc.com\/pt\/produto\/egg-tray-pulping-machine\/\">m\u00e1quina de polpa\u00e7\u00e3o de bandejas de ovos<\/a> \u00e9 necess\u00e1ria. Consiste em polpador e v\u00e1lvula de borboleta. Claro, outras coloca\u00e7\u00f5es s\u00e3o bomba de polpa, agitador de lagoa de polpa, bomba de \u00e1guas residuais, tubo de transporte de polpa. Mas tem uma ligeira mudan\u00e7a com base na diferente produtividade. Este processo \u00e9 colocar o papel de res\u00edduos no polpador e adicionar \u00e1gua para esmagar e obter a polpa.<\/p> <p>Al\u00e9m disso, s\u00e3o solicitados tr\u00eas pools de celulose. Um cont\u00e9m a polpa original, outro \u00e9 para \u00e1gua e o restante \u00e9 para a polpa em determinada propor\u00e7\u00e3o. Portanto, n\u00e3o se esque\u00e7a de misturar a polpa com \u00e1gua em certa propor\u00e7\u00e3o antes de prosseguir para o pr\u00f3ximo passo.<\/p> <h2><strong><b>Sistema Formador<\/b><\/strong><\/h2> <p class=\"translation-block\">M\u00e1quina de moldagem, sistema de <a href=\"https:\/\/en.wikipedia.org\/wiki\/Vacuum\" target=\"_blank\" rel=\"noopener\">v\u00e1cuo<\/a>, compressor de ar e tubo de alta press\u00e3o, e m\u00e1quinas de limpeza de moldagem s\u00e3o comumente usados. Atrav\u00e9s do tubo de transporte de polpa, a polpa chega ao tanque de alimenta\u00e7\u00e3o da m\u00e1quina de moldagem. E ent\u00e3o com a ajuda do sistema de v\u00e1cuo, a polpa \u00e9 absorvida para o molde de forma\u00e7\u00e3o. Enquanto isso, a \u00e1gua branca \u00e9 sugada e transportada de volta para a piscina. Em seguida, o molde formado \u00e9 soprado para o molde de transfer\u00eancia pelo compressor de ar. Finalmente, o molde \u00e9 enviado para fora pelo molde de transfer\u00eancia. O que deve ser focado \u00e9 que uma m\u00e1quina de fazer bandejas de ovos tem apenas uma m\u00e1quina de moldagem.<\/p> <h2><strong><b>Sistema de secagem<\/b><\/strong><\/h2> <p>Sua fun\u00e7\u00e3o \u00e9 espremer o excesso de \u00e1gua em bandejas de ovos \u00famidas. Existem tr\u00eas tipos de m\u00e9todos de secagem dispon\u00edveis para sua escolha. Diferentes m\u00e9todos de secagem t\u00eam uma aloca\u00e7\u00e3o diferente.<\/p> <ul> <li>A secagem natural ao sol \u00e9 adequada para a produ\u00e7\u00e3o de bandejas para ovos em pequena escala (adequada para 2.000 pe\u00e7as ou menos). Este m\u00e9todo precisa da ajuda de trabalhadores.<\/li> <li>O secador de bandeja para ovos de tijolo \u00e9 compat\u00edvel com 2.500 pe\u00e7as ou mais; \u00e9 uma produ\u00e7\u00e3o em m\u00e9dia escala. Menos m\u00e3o-de-obra \u00e9 necess\u00e1ria, apesar da olaria ser constru\u00edda \u00e0s suas pr\u00f3prias custas.<\/li> <li>O sistema de secagem de bandeja de ovos de metal \u00e9 usado para clientes que limitam o espa\u00e7o do terreno. Geralmente tem uma \u00fanica camada e v\u00e1rias camadas. Quase nenhuma m\u00e3o de obra, al\u00e9m de automa\u00e7\u00e3o total.<\/li> <\/ul> <h2><strong><b>Sistema de remodelagem e embalagem de bandejas de ovos<\/b><\/strong><\/h2> <p>A remodelagem precisa de uma m\u00e1quina de prensagem a quente. O objetivo \u00e9 economizar espa\u00e7o e custos. Al\u00e9m disso, torna a apar\u00eancia suave. Universalmente, a bandeja de ovos n\u00e3o precisa de um processo de remodelagem, a menos que seja a caixa de ovos. Por fim, aplicamos uma embaladora de bandejas para ovos para embalar a bandeja para ovos, facilitando a entrega.<\/p> <p>E voc\u00ea tamb\u00e9m pode optar pelo coletor autom\u00e1tico, coletando automaticamente a bandeja de ovos ap\u00f3s a secagem.<\/p> <p>Podemos fornecer tr\u00eas desenhos de piscinas e produzir produtos customizados de acordo com suas demandas reais.<\/p> <figure id=\"attachment_4502\" aria-describedby=\"caption-attachment-4502\" style=\"width: 1024px\" class=\"wp-caption aligncenter\"><img loading=\"lazy\" decoding=\"async\" class=\"wp-image-4502 size-large\" src=\"https:\/\/recyclingequipinc.com\/wp-content\/uploads\/2021\/09\/progress-display-1024x471.jpg\" alt=\"Exibi\u00e7\u00e3o do progresso completo da produ\u00e7\u00e3o de bandejas de ovos\" width=\"1024\" height=\"471\" srcset=\"https:\/\/recyclingequipinc.com\/wp-content\/uploads\/2021\/09\/progress-display-1024x471.jpg 1024w, https:\/\/recyclingequipinc.com\/wp-content\/uploads\/2021\/09\/progress-display-750x345.jpg 750w, https:\/\/recyclingequipinc.com\/wp-content\/uploads\/2021\/09\/progress-display-300x138.jpg 300w, https:\/\/recyclingequipinc.com\/wp-content\/uploads\/2021\/09\/progress-display-768x353.jpg 768w, https:\/\/recyclingequipinc.com\/wp-content\/uploads\/2021\/09\/progress-display-600x276.jpg 600w, https:\/\/recyclingequipinc.com\/wp-content\/uploads\/2021\/09\/progress-display.jpg 1087w\" sizes=\"(max-width: 1024px) 100vw, 1024px\" \/><figcaption id=\"caption-attachment-4502\" class=\"wp-caption-text\">Exibi\u00e7\u00e3o do progresso completo da produ\u00e7\u00e3o de bandejas de ovos<\/figcaption><\/figure> <h2><strong><b>Como <\/b><\/strong><strong><b>F<\/b><\/strong><strong><b>ind <\/b><\/strong><strong><b>A<\/b><\/strong><strong><b>\u00a0<\/b><\/strong><strong><b>G<\/b><\/strong><strong><b>bom <\/b><\/strong><strong><b>R<\/b><\/strong><strong><b>respeit\u00e1vel <\/b><\/strong><strong><b>P<\/b><\/strong><strong><b>aper <\/b><\/strong><strong><b>E<\/b><\/strong><strong><b>ah <\/b><\/strong><strong><b>T<\/b><\/strong><strong><b>raio <\/b><\/strong><strong><b>M<\/b><\/strong><strong><b>fazendo <\/b><\/strong><strong><b>M<\/b><\/strong><strong><b>dor <\/b><\/strong><strong><b>M<\/b><\/strong><strong><b>fabricante<\/b><\/strong><strong><b>\u00a0&amp; Fornecedor<\/b><\/strong><strong><b>?<\/b><\/strong><\/h2> <p class=\"translation-block\">N\u00f3s, Zhengzhou Shuliy Machinery Co., Ltd, somos uma empresa que integra pesquisa e estudo, e produ\u00e7\u00e3o. Temos as seguintes vantagens. Em primeiro lugar, nossa empresa acumulou quase trinta anos de experi\u00eancia nesta \u00e1rea. Assim, somos a empresa com vasta experi\u00eancia no fornecimento de m\u00e1quinas de fazer bandejas de ovos. Em segundo lugar, cooperamos com marcas famosas. Devido aos componentes de marcas famosas, nossas m\u00e1quinas t\u00eam qualidade superior e desempenho est\u00e1vel. Em terceiro lugar, oferecemos servi\u00e7os excelentes aos nossos clientes. N\u00e3o importa a hora, desde que os clientes tenham necessidades, forneceremos solu\u00e7\u00f5es e respostas r\u00e1pidas. Al\u00e9m disso, voc\u00ea pode obter estas m\u00e1quinas de fazer bandejas de polpa de papel se estiver a gerir uma quinta de galinhas. A m\u00e1quina pode ajud\u00e1-lo a promover os seus interesses e a beneficiar o seu neg\u00f3cio.<\/p> <figure id=\"attachment_4545\" aria-describedby=\"caption-attachment-4545\" style=\"width: 720px\" class=\"wp-caption aligncenter\"><img loading=\"lazy\" decoding=\"async\" class=\"wp-image-4545 size-full\" src=\"https:\/\/recyclingequipinc.com\/wp-content\/uploads\/2021\/09\/factory-display.jpg\" alt=\"F\u00e1brica de expositores de ovos Shuliy\" width=\"720\" height=\"378\" srcset=\"https:\/\/recyclingequipinc.com\/wp-content\/uploads\/2021\/09\/factory-display.jpg 720w, https:\/\/recyclingequipinc.com\/wp-content\/uploads\/2021\/09\/factory-display-300x158.jpg 300w, https:\/\/recyclingequipinc.com\/wp-content\/uploads\/2021\/09\/factory-display-600x315.jpg 600w\" sizes=\"(max-width: 720px) 100vw, 720px\" \/><figcaption id=\"caption-attachment-4545\" class=\"wp-caption-text\">F\u00e1brica de expositores de ovos Shuliy<\/figcaption><\/figure> <h2><strong><b>O que<\/b><\/strong><strong><b>'<\/b><\/strong><strong><b>\u00e9 E<\/b><\/strong><strong><b>ah <\/b><\/strong><strong><b>T<\/b><\/strong><strong><b>raio <\/b><\/strong><strong><b>M<\/b><\/strong><strong><b>dor <\/b><\/strong><strong><b>P<\/b><\/strong><strong><b>arroz<\/b><\/strong><strong><b>?<\/b><\/strong><\/h2> <p>Quando voc\u00ea vai comprar a m\u00e1quina de fazer bandejas para ovos, \u00e9 fundamental que voc\u00ea deixe claro seus planos de pedido. Como agora muitos fabricantes e fornecedores possuem esta m\u00e1quina, voc\u00ea deve comparar e obter a mais vantajosa. Nossas m\u00e1quinas de bandejas para ovos s\u00e3o equipadas com componentes consagrados, por isso possuem competitividade. Mas, ao mesmo tempo, seu pre\u00e7o muda junto com a coloca\u00e7\u00e3o. Al\u00e9m do mais, voc\u00ea deve considerar seu or\u00e7amento e o custo da m\u00e1quina de bandeja de papel. Seu or\u00e7amento determina o tamanho da m\u00e1quina que voc\u00ea comprar\u00e1. E entre todos os fabricantes de bandejas para ovos, o pre\u00e7o da m\u00e1quina manual de fabrica\u00e7\u00e3o de bandejas para ovos \u00e9 o mais barato. Portanto, se voc\u00ea decidir comprar essas m\u00e1quinas ecologicamente corretas, dever\u00e1 considerar seus planos de pedido, or\u00e7amento e custo da m\u00e1quina.<\/p> <h2><strong><b>Contate-nos para facilitar seu neg\u00f3cio<\/b><\/strong><\/h2> <p>Sendo uma empresa respons\u00e1vel, acompanhamos de perto o ritmo do desenvolvimento social. Assim, em nossa empresa, a m\u00e1quina autom\u00e1tica de bandeja para ovos visa naturalmente reduzir o fardo da terra e promover o progresso sustent\u00e1vel. Se voc\u00ea tem muito papel reciclado, \u00e9 por isso que recomendamos esta m\u00e1quina para voc\u00ea. A primeira vantagem da m\u00e1quina \u00e9 ecologicamente correta. est\u00e1 substituindo a bandeja de pl\u00e1stico. O segundo s\u00e3o as amplas fontes de mat\u00e9rias-primas e o baixo custo. As mat\u00e9rias-primas s\u00e3o f\u00e1ceis de coletar e baratas. Portanto, entre em contato conosco para fazer algo para proteger nosso meio ambiente. Por favor, ligue-nos para mais detalhes e responderemos em breve!<\/p>","protected":false},"excerpt":{"rendered":"<p class=\"translation-block\"><strong><b>M\u00e1quina de fazer bandejas de ovos<\/b><\/strong> \u00e9 uma m\u00e1quina ecol\u00f3gica, que pode transformar o lixo em tesouro. Isso se deve \u00e0s suas mat\u00e9rias-primas. As mat\u00e9rias-primas prov\u00eam principalmente de v\u00e1rias placas de polpa, como papel\u00e3o de res\u00edduos, papel de caixa de papel de res\u00edduos, papel branco de res\u00edduos, polpa de junco, polpa de palha, polpa, polpa de bambu e polpa de madeira, e res\u00edduos de polpa de cauda de f\u00e1brica de papel, etc. Contacte-nos para um or\u00e7amento gratuito.<\/p>","protected":false},"featured_media":4443,"template":"","meta":{"site-sidebar-layout":"default","site-content-layout":"default","ast-site-content-layout":"default","site-content-style":"default","site-sidebar-style":"default","ast-global-header-display":"","ast-banner-title-visibility":"","ast-main-header-display":"","ast-hfb-above-header-display":"","ast-hfb-below-header-display":"","ast-hfb-mobile-header-display":"","site-post-title":"","ast-breadcrumbs-content":"","ast-featured-img":"","footer-sml-layout":"","ast-disable-related-posts":"","theme-transparent-header-meta":"default","adv-header-id-meta":"","stick-header-meta":"default","header-above-stick-meta":"","header-main-stick-meta":"","header-below-stick-meta":"","astra-migrate-meta-layouts":"set","ast-page-background-enabled":"default","ast-page-background-meta":{"desktop":{"background-color":"","background-image":"","background-repeat":"repeat","background-position":"center center","background-size":"auto","background-attachment":"scroll","background-type":"","background-media":"","overlay-type":"","overlay-color":"","overlay-opacity":"","overlay-gradient":""},"tablet":{"background-color":"","background-image":"","background-repeat":"repeat","background-position":"center center","background-size":"auto","background-attachment":"scroll","background-type":"","background-media":"","overlay-type":"","overlay-color":"","overlay-opacity":"","overlay-gradient":""},"mobile":{"background-color":"","background-image":"","background-repeat":"repeat","background-position":"center center","background-size":"auto","background-attachment":"scroll","background-type":"","background-media":"","overlay-type":"","overlay-color":"","overlay-opacity":"","overlay-gradient":""}},"ast-content-background-meta":{"desktop":{"background-color":"var(--ast-global-color-5)","background-image":"","background-repeat":"repeat","background-position":"center center","background-size":"auto","background-attachment":"scroll","background-type":"","background-media":"","overlay-type":"","overlay-color":"","overlay-opacity":"","overlay-gradient":""},"tablet":{"background-color":"var(--ast-global-color-5)","background-image":"","background-repeat":"repeat","background-position":"center center","background-size":"auto","background-attachment":"scroll","background-type":"","background-media":"","overlay-type":"","overlay-color":"","overlay-opacity":"","overlay-gradient":""},"mobile":{"background-color":"var(--ast-global-color-5)","background-image":"","background-repeat":"repeat","background-position":"center center","background-size":"auto","background-attachment":"scroll","background-type":"","background-media":"","overlay-type":"","overlay-color":"","overlay-opacity":"","overlay-gradient":""}}},"product_brand":[],"product_cat":[35],"product_tag":[73],"class_list":{"0":"post-4400","1":"product","2":"type-product","3":"status-publish","4":"has-post-thumbnail","6":"product_cat-egg-tray-machine","7":"product_tag-egg-carton-making-machine","8":"desktop-align-center","9":"tablet-align-center","10":"mobile-align-center","12":"first","13":"instock","14":"shipping-taxable","15":"product-type-simple"},"_links":{"self":[{"href":"https:\/\/recyclingequipinc.com\/pt\/wp-json\/wp\/v2\/product\/4400","targetHints":{"allow":["GET"]}}],"collection":[{"href":"https:\/\/recyclingequipinc.com\/pt\/wp-json\/wp\/v2\/product"}],"about":[{"href":"https:\/\/recyclingequipinc.com\/pt\/wp-json\/wp\/v2\/types\/product"}],"version-history":[{"count":0,"href":"https:\/\/recyclingequipinc.com\/pt\/wp-json\/wp\/v2\/product\/4400\/revisions"}],"wp:featuredmedia":[{"embeddable":true,"href":"https:\/\/recyclingequipinc.com\/pt\/wp-json\/wp\/v2\/media\/4443"}],"wp:attachment":[{"href":"https:\/\/recyclingequipinc.com\/pt\/wp-json\/wp\/v2\/media?parent=4400"}],"wp:term":[{"taxonomy":"product_brand","embeddable":true,"href":"https:\/\/recyclingequipinc.com\/pt\/wp-json\/wp\/v2\/product_brand?post=4400"},{"taxonomy":"product_cat","embeddable":true,"href":"https:\/\/recyclingequipinc.com\/pt\/wp-json\/wp\/v2\/product_cat?post=4400"},{"taxonomy":"product_tag","embeddable":true,"href":"https:\/\/recyclingequipinc.com\/pt\/wp-json\/wp\/v2\/product_tag?post=4400"}],"curies":[{"name":"wp","href":"https:\/\/api.w.org\/{rel}","templated":true}]}}