{"id":4397,"date":"2021-09-13T09:45:45","date_gmt":"2021-09-13T09:45:45","guid":{"rendered":"https:\/\/recyclingequipinc.com\/?post_type=product&#038;p=4397"},"modified":"2025-01-20T10:22:57","modified_gmt":"2025-01-20T02:22:57","slug":"waste-plastic-crusher","status":"publish","type":"product","link":"https:\/\/recyclingequipinc.com\/pt\/product\/waste-plastic-crusher\/","title":{"rendered":"Triturador de res\u00edduos de pl\u00e1stico"},"content":{"rendered":"<p class=\"translation-block\">O triturador de pl\u00e1stico \u00e9 o equipamento para triturar mat\u00e9ria-prima na linha de reciclagem de pl\u00e1stico. \u00c9 adequado para a <a href=\"https:\/\/recyclingequipinc.com\/pt\/produto\/plastic-film-recycling-machine\/\"><strong>reciclagem de filme de PP PE<\/strong><\/a>, garrafas, etc. O triturador de pl\u00e1stico cortar\u00e1 a mat\u00e9ria-prima em flocos ap\u00f3s o transportador de correia na linha de produ\u00e7\u00e3o enviar objetos pl\u00e1sticos para o triturador. Se voc\u00ea deseja obter fragmentos de pl\u00e1stico de tamanhos diferentes, pode obt\u00ea-los substituindo telas de tamanhos diferentes. O objetivo \u00e9 quebrar todos os tipos de pl\u00e1sticos macios e duros, como filmes pl\u00e1sticos, garrafas pl\u00e1sticas, tubos de PVC e outros res\u00edduos pl\u00e1sticos.<\/p> <figure id=\"attachment_5477\" aria-describedby=\"caption-attachment-5477\" style=\"width: 750px\" class=\"wp-caption aligncenter\"><img fetchpriority=\"high\" decoding=\"async\" src=\"https:\/\/recyclingequipinc.com\/wp-content\/uploads\/2021\/09\/Plastic-Crusher-Machine.jpg\" alt=\"M\u00e1quina trituradora de pl\u00e1stico\" width=\"750\" height=\"750\" \/><figcaption id=\"caption-attachment-5477\" class=\"wp-caption-text\">M\u00e1quina trituradora de pl\u00e1stico<\/figcaption><\/figure> <h2>Trituradora de pl\u00e1stico para reciclagem de v\u00eddeo de trabalho<\/h2> <div class=\"ast-oembed-container\" style=\"height: 100%;\"><iframe title=\"M\u00e1quina trituradora de pl\u00e1stico para tritura\u00e7\u00e3o de barris, tambores e garrafas de HDPE | M\u00e1quinas para instala\u00e7\u00f5es de reciclagem de pl\u00e1stico\" width=\"500\" height=\"281\" src=\"https:\/\/www.youtube.com\/embed\/yePaMCce--I?feature=oembed\" frameborder=\"0\" allow=\"accelerometer; autoplay; clipboard-write; encrypted-media; gyroscope; picture-in-picture; web-share\" referrerpolicy=\"strict-origin-when-cross-origin\" allowfullscreen><\/iframe><\/div> <h2>Caracter\u00edsticas da m\u00e1quina trituradora de pl\u00e1stico<\/h2> <ul> <li>O triturador triturador de res\u00edduos de pl\u00e1stico adota l\u00e2minas de liga de a\u00e7o, que possuem alta dureza e um longo tempo de uso.<\/li> <li>A britagem \u00famida n\u00e3o s\u00f3 pode aumentar o efeito de lavagem dos cavacos de pl\u00e1stico, mas tamb\u00e9m reduzir o calor de fric\u00e7\u00e3o devido ao efeito de resfriamento da \u00e1gua, prolongando a vida \u00fatil da l\u00e2mina.<\/li> <li>A m\u00e1quina trituradora de pl\u00e1stico tamb\u00e9m possui caracter\u00edsticas de baixa velocidade, baixo ru\u00eddo, longo tempo de servi\u00e7o, baixo custo de manuten\u00e7\u00e3o e nenhum material de esc\u00f3ria.<\/li> <li>Design especial da c\u00e2mara de britagem, grande entrada de alimenta\u00e7\u00e3o e carregamento conveniente<\/li> <li>Movimento est\u00e1vel, pequena vibra\u00e7\u00e3o e opera\u00e7\u00e3o conveniente<\/li> <\/ul> <h2>Par\u00e2metros do triturador de res\u00edduos de pl\u00e1stico<\/h2> <table style=\"border-collapse: collapse; width: 426.1pt; margin-left: 6.75pt; margin-right: 6.75pt; border: initial none initial;\" border=\"1\" cellspacing=\"0\"> <tbody> <tr> <td style=\"width: 142pt; padding: 0pt 5.4pt; border-width: 1pt; border-color: windowtext;\" valign=\"top\" width=\"189\">Modelo<\/td> <td style=\"width: 142.05pt; padding: 0pt 5.4pt; border-width: 1pt; border-color: windowtext;\" valign=\"top\" width=\"189\">60<\/td> <td style=\"width: 142.05pt; padding: 0pt 5.4pt; border-width: 1pt; border-color: windowtext;\" valign=\"top\" width=\"189\">80<\/td> <\/tr> <tr> <td style=\"width: 142pt; padding: 0pt 5.4pt; border-left-width: 1pt; border-left-color: windowtext; border-right-width: 1pt; border-right-color: windowtext; border-top: none; border-bottom-width: 1pt; border-bottom-color: windowtext;\" valign=\"top\" width=\"189\">Capacidade<\/td> <td style=\"width: 142.05pt; padding: 0pt 5.4pt; border-left-width: 1pt; border-left-color: windowtext; border-right-width: 1pt; border-right-color: windowtext; border-top: none; border-bottom-width: 1pt; border-bottom-color: windowtext;\" valign=\"top\" width=\"189\">500kg\/h<\/td> <td style=\"width: 142.05pt; padding: 0pt 5.4pt; border-left-width: 1pt; border-left-color: windowtext; border-right-width: 1pt; border-right-color: windowtext; border-top: none; border-bottom-width: 1pt; border-bottom-color: windowtext;\" valign=\"top\" width=\"189\">1t\/h<\/td> <\/tr> <tr> <td style=\"width: 142pt; padding: 0pt 5.4pt; border-left-width: 1pt; border-left-color: windowtext; border-right-width: 1pt; border-right-color: windowtext; border-top: none; border-bottom-width: 1pt; border-bottom-color: windowtext;\" valign=\"top\" width=\"189\">Largura da careca<\/td> <td style=\"width: 142.05pt; padding: 0pt 5.4pt; border-left-width: 1pt; border-left-color: windowtext; border-right-width: 1pt; border-right-color: windowtext; border-top: none; border-bottom-width: 1pt; border-bottom-color: windowtext;\" valign=\"top\" width=\"189\">60cm+30cm<\/td> <td style=\"width: 142.05pt; padding: 0pt 5.4pt; border-left-width: 1pt; border-left-color: windowtext; border-right-width: 1pt; border-right-color: windowtext; border-top: none; border-bottom-width: 1pt; border-bottom-color: windowtext;\" valign=\"top\" width=\"189\">80cm+40vm<\/td> <\/tr> <tr> <td style=\"width: 142pt; padding: 0pt 5.4pt; border-left-width: 1pt; border-left-color: windowtext; border-right-width: 1pt; border-right-color: windowtext; border-top: none; border-bottom-width: 1pt; border-bottom-color: windowtext;\" valign=\"top\" width=\"189\">Poder<\/td> <td style=\"width: 142.05pt; padding: 0pt 5.4pt; border-left-width: 1pt; border-left-color: windowtext; border-right-width: 1pt; border-right-color: windowtext; border-top: none; border-bottom-width: 1pt; border-bottom-color: windowtext;\" valign=\"top\" width=\"189\">15+7,5kwkw<\/td> <td style=\"width: 142.05pt; padding: 0pt 5.4pt; border-left-width: 1pt; border-left-color: windowtext; border-right-width: 1pt; border-right-color: windowtext; border-top: none; border-bottom-width: 1pt; border-bottom-color: windowtext;\" valign=\"top\" width=\"189\">30+11kw<\/td> <\/tr> <\/tbody> <\/table> <p>Estes s\u00e3o dois modelos de trituradoras de pl\u00e1stico em nossa empresa. A maior diferen\u00e7a entre as duas m\u00e1quinas \u00e9 a produ\u00e7\u00e3o. Um tem 500 kg\/h e o outro tem 1 tonelada\/h. Voc\u00ea pode escolher o modelo de m\u00e1quina desejado de acordo com suas necessidades. Se voc\u00ea tiver alguma d\u00favida, n\u00e3o hesite em nos contatar e responderemos o mais breve poss\u00edvel.<\/p> <h2>Aplica\u00e7\u00f5es de triturador de pl\u00e1stico para reciclagem<\/h2> <p>O triturador de res\u00edduos de pl\u00e1stico \u00e9 geralmente uma etapa importante do filme pl\u00e1stico LDPE LLDPE e dos pl\u00e1sticos r\u00edgidos HDPE. \u00c9 usado para triturar e lavar uma variedade de res\u00edduos de pl\u00e1stico, incluindo pl\u00e1sticos macios e duros, como tubos de pl\u00e1stico, hastes de pl\u00e1stico, filmes pl\u00e1sticos, brinquedos de pl\u00e1stico, res\u00edduos de produtos de borracha e assim por diante. Possui grande capacidade de tratamento, funciona com efici\u00eancia, recebendo elogios un\u00e2nimes dos clientes.<\/p> <p class=\"translation-block\">O Shuliy Group tamb\u00e9m fornece m\u00e1quinas trituradoras profissionais para <a href=\"https:\/\/recyclingequipinc.com\/pt\/produto\/pet-bottle-recycling-machine\/\"><strong>linha de reciclagem de garrafas PET<\/strong><\/a>. Se seus materiais-prima s\u00e3o garrafas PET, recomendamos que voc\u00ea escolha este: <strong><a href=\"https:\/\/recyclingequipinc.com\/pt\/produto\/pet-plastic-bottle-crushing-machine\/\">triturador de pl\u00e1stico para reciclagem de PET<\/a><\/strong>.<\/p>","protected":false},"excerpt":{"rendered":"<p>Triturador de res\u00edduos de pl\u00e1stico \u00e9 o equipamento para triturar mat\u00e9ria-prima na linha de reciclagem de pl\u00e1stico. \u00c9 adequado para filmes PP PE, garrafas e caixas, etc. O transportador de correia na linha de produ\u00e7\u00e3o enviar\u00e1 a mat\u00e9ria-prima para o triturador, que corta os flocos em peda\u00e7os. Entre em contato conosco para obter uma lista de pre\u00e7os gratuita.<\/p>","protected":false},"featured_media":5650,"template":"","meta":{"site-sidebar-layout":"default","site-content-layout":"default","ast-site-content-layout":"default","site-content-style":"default","site-sidebar-style":"default","ast-global-header-display":"","ast-banner-title-visibility":"","ast-main-header-display":"","ast-hfb-above-header-display":"","ast-hfb-below-header-display":"","ast-hfb-mobile-header-display":"","site-post-title":"","ast-breadcrumbs-content":"","ast-featured-img":"","footer-sml-layout":"","ast-disable-related-posts":"","theme-transparent-header-meta":"default","adv-header-id-meta":"","stick-header-meta":"default","header-above-stick-meta":"","header-main-stick-meta":"","header-below-stick-meta":"","astra-migrate-meta-layouts":"set","ast-page-background-enabled":"default","ast-page-background-meta":{"desktop":{"background-color":"","background-image":"","background-repeat":"repeat","background-position":"center center","background-size":"auto","background-attachment":"scroll","background-type":"","background-media":"","overlay-type":"","overlay-color":"","overlay-opacity":"","overlay-gradient":""},"tablet":{"background-color":"","background-image":"","background-repeat":"repeat","background-position":"center center","background-size":"auto","background-attachment":"scroll","background-type":"","background-media":"","overlay-type":"","overlay-color":"","overlay-opacity":"","overlay-gradient":""},"mobile":{"background-color":"","background-image":"","background-repeat":"repeat","background-position":"center center","background-size":"auto","background-attachment":"scroll","background-type":"","background-media":"","overlay-type":"","overlay-color":"","overlay-opacity":"","overlay-gradient":""}},"ast-content-background-meta":{"desktop":{"background-color":"var(--ast-global-color-5)","background-image":"","background-repeat":"repeat","background-position":"center center","background-size":"auto","background-attachment":"scroll","background-type":"","background-media":"","overlay-type":"","overlay-color":"","overlay-opacity":"","overlay-gradient":""},"tablet":{"background-color":"var(--ast-global-color-5)","background-image":"","background-repeat":"repeat","background-position":"center center","background-size":"auto","background-attachment":"scroll","background-type":"","background-media":"","overlay-type":"","overlay-color":"","overlay-opacity":"","overlay-gradient":""},"mobile":{"background-color":"var(--ast-global-color-5)","background-image":"","background-repeat":"repeat","background-position":"center center","background-size":"auto","background-attachment":"scroll","background-type":"","background-media":"","overlay-type":"","overlay-color":"","overlay-opacity":"","overlay-gradient":""}}},"product_brand":[],"product_cat":[36],"product_tag":[96],"class_list":{"0":"post-4397","1":"product","2":"type-product","3":"status-publish","4":"has-post-thumbnail","6":"product_cat-plastic-recycling-machine","7":"product_tag-crusher","8":"desktop-align-center","9":"tablet-align-center","10":"mobile-align-center","12":"first","13":"instock","14":"shipping-taxable","15":"product-type-simple"},"_links":{"self":[{"href":"https:\/\/recyclingequipinc.com\/pt\/wp-json\/wp\/v2\/product\/4397","targetHints":{"allow":["GET"]}}],"collection":[{"href":"https:\/\/recyclingequipinc.com\/pt\/wp-json\/wp\/v2\/product"}],"about":[{"href":"https:\/\/recyclingequipinc.com\/pt\/wp-json\/wp\/v2\/types\/product"}],"version-history":[{"count":0,"href":"https:\/\/recyclingequipinc.com\/pt\/wp-json\/wp\/v2\/product\/4397\/revisions"}],"wp:featuredmedia":[{"embeddable":true,"href":"https:\/\/recyclingequipinc.com\/pt\/wp-json\/wp\/v2\/media\/5650"}],"wp:attachment":[{"href":"https:\/\/recyclingequipinc.com\/pt\/wp-json\/wp\/v2\/media?parent=4397"}],"wp:term":[{"taxonomy":"product_brand","embeddable":true,"href":"https:\/\/recyclingequipinc.com\/pt\/wp-json\/wp\/v2\/product_brand?post=4397"},{"taxonomy":"product_cat","embeddable":true,"href":"https:\/\/recyclingequipinc.com\/pt\/wp-json\/wp\/v2\/product_cat?post=4397"},{"taxonomy":"product_tag","embeddable":true,"href":"https:\/\/recyclingequipinc.com\/pt\/wp-json\/wp\/v2\/product_tag?post=4397"}],"curies":[{"name":"wp","href":"https:\/\/api.w.org\/{rel}","templated":true}]}}