{"id":4394,"date":"2021-09-13T09:43:03","date_gmt":"2021-09-13T09:43:03","guid":{"rendered":"https:\/\/recyclingequipinc.com\/?post_type=product&#038;p=4394"},"modified":"2024-10-04T20:42:49","modified_gmt":"2024-10-04T12:42:49","slug":"vertical-baler","status":"publish","type":"product","link":"https:\/\/recyclingequipinc.com\/pt\/product\/vertical-baler\/","title":{"rendered":"Enfardadeira vertical"},"content":{"rendered":"<p class=\"translation-block\">A **prensa hidr\u00e1ulica vertical** adota energia hidr\u00e1ulica para enfardar papel usado, cart\u00e3o, t\u00eaxteis de algod\u00e3o, garrafas de pl\u00e1stico, aparas industriais, latas com anel, roupas e sapatos usados, alfafa, palha e outros artigos. Existem tr\u00eas tipos de m\u00e9todos de descarga opcionais: virar, empurrar o saco ou retirar o saco manualmente. Motores el\u00e9tricos ou motores a diesel podem ser usados como fonte de energia. O equipamento pode reduzir a \u00e1rea dos artigos descartados e facilitar o armazenamento, transporte e processamento e utiliza\u00e7\u00e3o secund\u00e1ria do material. Fornecemos seis tipos padr\u00e3o deste tipo de equipamento. Entretanto, o servi\u00e7o OEM est\u00e1 dispon\u00edvel com base nas suas necessidades.<\/p> <p>&nbsp;<\/p> <h2>Venda enfardadeira vertical<\/h2> <p>A enfardadeira hidr\u00e1ulica vertical \u00e0 venda em Shuliy Machinery para venda inclui v\u00e1rias pot\u00eancias hidr\u00e1ulicas, como 40 toneladas, 60 toneladas, 80 toneladas, 100 toneladas, 120 toneladas, 150 toneladas, etc. A taxa de compacta\u00e7\u00e3o para este tipo de equipamento \u00e9 de cerca de 5:1. Quanto maior a pot\u00eancia hidr\u00e1ulica, maiores ser\u00e3o o tamanho da embalagem, o tamanho da abertura de alimenta\u00e7\u00e3o e a densidade da enfardadeira. Voc\u00ea pode escolher com base em suas necessidades. Al\u00e9m da enfardadeira vertical hidr\u00e1ulica, tamb\u00e9m fornecemos uma enfardadeira hidr\u00e1ulica horizontal, que \u00e9 maior que uma enfardadeira vertical. Al\u00e9m disso, apoiamos a personaliza\u00e7\u00e3o da m\u00e1quina de acordo com suas necessidades.<\/p> <div id='gallery-1' class='gallery galleryid-4394 gallery-columns-2 gallery-size-medium'><figure class='gallery-item'> \t\t\t<div class='gallery-icon landscape'> \t\t\t\t<img fetchpriority=\"high\" decoding=\"async\" width=\"300\" height=\"300\" src=\"https:\/\/recyclingequipinc.com\/wp-content\/uploads\/2021\/09\/baler-machine-with-blue-look-300x300.jpg\" class=\"attachment-medium size-medium\" alt=\"\" srcset=\"https:\/\/recyclingequipinc.com\/wp-content\/uploads\/2021\/09\/baler-machine-with-blue-look-300x300.jpg 300w, https:\/\/recyclingequipinc.com\/wp-content\/uploads\/2021\/09\/baler-machine-with-blue-look-100x100.jpg 100w, https:\/\/recyclingequipinc.com\/wp-content\/uploads\/2021\/09\/baler-machine-with-blue-look-150x150.jpg 150w, https:\/\/recyclingequipinc.com\/wp-content\/uploads\/2021\/09\/baler-machine-with-blue-look-600x600.jpg 600w, https:\/\/recyclingequipinc.com\/wp-content\/uploads\/2021\/09\/baler-machine-with-blue-look.jpg 750w\" sizes=\"(max-width: 300px) 100vw, 300px\" \/> \t\t\t<\/div><\/figure><figure class='gallery-item'> \t\t\t<div class='gallery-icon landscape'> \t\t\t\t<img decoding=\"async\" width=\"300\" height=\"300\" src=\"https:\/\/recyclingequipinc.com\/wp-content\/uploads\/2021\/09\/vertical-baler-with-red-appearance-1-300x300.jpg\" class=\"attachment-medium size-medium\" alt=\"\" srcset=\"https:\/\/recyclingequipinc.com\/wp-content\/uploads\/2021\/09\/vertical-baler-with-red-appearance-1-300x300.jpg 300w, https:\/\/recyclingequipinc.com\/wp-content\/uploads\/2021\/09\/vertical-baler-with-red-appearance-1-100x100.jpg 100w, https:\/\/recyclingequipinc.com\/wp-content\/uploads\/2021\/09\/vertical-baler-with-red-appearance-1-150x150.jpg 150w, https:\/\/recyclingequipinc.com\/wp-content\/uploads\/2021\/09\/vertical-baler-with-red-appearance-1-600x600.jpg 600w, https:\/\/recyclingequipinc.com\/wp-content\/uploads\/2021\/09\/vertical-baler-with-red-appearance-1.jpg 750w\" sizes=\"(max-width: 300px) 100vw, 300px\" \/> \t\t\t<\/div><\/figure> \t\t<\/div>  <h2>Amplas aplica\u00e7\u00f5es de enfardadeira hidr\u00e1ulica vertical<\/h2> <p>Adequado para res\u00edduos de papel, papel\u00e3o, t\u00eaxteis de algod\u00e3o, l\u00e3, palha, esponja, res\u00edduos de garrafas pl\u00e1sticas, latas de anel, res\u00edduos de roupas e sapatos, pneus, materiais de canto industriais, etc. a parte inferior da parte superior desses pap\u00e9is para evitar que o papel saia do equipamento durante o processo hidr\u00e1ulico. Este tipo de enfardadeira vertical \u00e9 adequada para uma variedade de tamanhos de embalagens, e voc\u00ea pode consultar a tabela de par\u00e2metros detalhadamente.<\/p> <p>&nbsp;<\/p> <h2>Estrutura da enfardadeira vertical<\/h2> <p>A enfardadeira vertical consiste em uma c\u00e2mara de compress\u00e3o, cilindro de compress\u00e3o vertical, sistema hidr\u00e1ulico e sistema de energia. Esta enfardadeira vertical hidr\u00e1ulica adota placa espessa e de alta qualidade para moldar uma estrutura s\u00f3lida. Projeto mec\u00e2nico avan\u00e7ado \u00e9 usado para garantir a vida \u00fatil do equipamento. Adota sistema de controle fotoel\u00e9trico e \u00e9 embalado em quatro etapas: tens\u00e3o, capacidade t\u00e9rmica, corte da correia e colagem. O sistema hidr\u00e1ulico inclui bomba hidr\u00e1ulica, v\u00e1lvula eletromagn\u00e9tica, veda\u00e7\u00e3o de \u00f3leo do cilindro hidr\u00e1ulico e outras pe\u00e7as importantes que usam acess\u00f3rios importados para que a capacidade de rolamento da enfardadeira vertical hidr\u00e1ulica seja forte e mais dur\u00e1vel.<\/p> <figure id=\"attachment_4647\" aria-describedby=\"caption-attachment-4647\" style=\"width: 720px\" class=\"wp-caption aligncenter\"><a href=\"https:\/\/recyclingequipinc.com\/wp-content\/uploads\/2021\/09\/vertical-baler-machine-structure.webp\"><img decoding=\"async\" class=\"size-full wp-image-4647\" src=\"https:\/\/recyclingequipinc.com\/wp-content\/uploads\/2021\/09\/vertical-baler-machine-structure.webp\" alt=\"estrutura da m\u00e1quina enfardadeira vertical\" width=\"720\" height=\"540\" srcset=\"https:\/\/recyclingequipinc.com\/wp-content\/uploads\/2021\/09\/vertical-baler-machine-structure.webp 720w, https:\/\/recyclingequipinc.com\/wp-content\/uploads\/2021\/09\/vertical-baler-machine-structure-300x225.webp 300w, https:\/\/recyclingequipinc.com\/wp-content\/uploads\/2021\/09\/vertical-baler-machine-structure-600x450.webp 600w\" sizes=\"(max-width: 720px) 100vw, 720px\" \/><\/a><figcaption id=\"caption-attachment-4647\" class=\"wp-caption-text\">estrutura da m\u00e1quina enfardadeira vertical<\/figcaption><\/figure> <h2>Pre\u00e7o da enfardadeira vertical<\/h2> <p>O pre\u00e7o da enfardadeira hidr\u00e1ulica vertical est\u00e1 relacionado ao custo do equipamento. Diferentes tipos de enfardadeiras hidr\u00e1ulicas verticais exigem custos diferentes, portanto seus pre\u00e7os ser\u00e3o diversos. Como fabricante e fornecedor com vasta experi\u00eancia em enfardadeiras, forneceremos enfardadeiras com o melhor pre\u00e7o e boa qualidade. Enquanto isso, oferecemos suporte a servi\u00e7os de personaliza\u00e7\u00e3o de acordo com suas necessidades reais. Se voc\u00ea estiver interessado, pode entrar em contato conosco para obter mais detalhes e o melhor pre\u00e7o.<\/p> <div id=\"gtx-trans\" style=\"position: absolute; left: 398px; top: 375px;\"> <div class=\"gtx-trans-icon\"><\/div> <\/div>","protected":false},"excerpt":{"rendered":"<p>A enfardadeira vertical hidr\u00e1ulica adota energia hidr\u00e1ulica para enfardar res\u00edduos de papel, papel\u00e3o, t\u00eaxteis de algod\u00e3o, garrafas pl\u00e1sticas, material de canto industrial, latas de anel, res\u00edduos de roupas e sapatos, alfafa, palha e outros itens. Existem tr\u00eas tipos de m\u00e9todos de descarga opcionais: virar, empurrar o saco ou retir\u00e1-lo manualmente. Contacte-nos para mais detalhes.<\/p>","protected":false},"featured_media":4637,"template":"","meta":{"site-sidebar-layout":"default","site-content-layout":"default","ast-site-content-layout":"default","site-content-style":"default","site-sidebar-style":"default","ast-global-header-display":"","ast-banner-title-visibility":"","ast-main-header-display":"","ast-hfb-above-header-display":"","ast-hfb-below-header-display":"","ast-hfb-mobile-header-display":"","site-post-title":"","ast-breadcrumbs-content":"","ast-featured-img":"","footer-sml-layout":"","ast-disable-related-posts":"","theme-transparent-header-meta":"default","adv-header-id-meta":"","stick-header-meta":"default","header-above-stick-meta":"","header-main-stick-meta":"","header-below-stick-meta":"","astra-migrate-meta-layouts":"default","ast-page-background-enabled":"default","ast-page-background-meta":{"desktop":{"background-color":"","background-image":"","background-repeat":"repeat","background-position":"center center","background-size":"auto","background-attachment":"scroll","background-type":"","background-media":"","overlay-type":"","overlay-color":"","overlay-opacity":"","overlay-gradient":""},"tablet":{"background-color":"","background-image":"","background-repeat":"repeat","background-position":"center center","background-size":"auto","background-attachment":"scroll","background-type":"","background-media":"","overlay-type":"","overlay-color":"","overlay-opacity":"","overlay-gradient":""},"mobile":{"background-color":"","background-image":"","background-repeat":"repeat","background-position":"center center","background-size":"auto","background-attachment":"scroll","background-type":"","background-media":"","overlay-type":"","overlay-color":"","overlay-opacity":"","overlay-gradient":""}},"ast-content-background-meta":{"desktop":{"background-color":"var(--ast-global-color-5)","background-image":"","background-repeat":"repeat","background-position":"center center","background-size":"auto","background-attachment":"scroll","background-type":"","background-media":"","overlay-type":"","overlay-color":"","overlay-opacity":"","overlay-gradient":""},"tablet":{"background-color":"var(--ast-global-color-5)","background-image":"","background-repeat":"repeat","background-position":"center center","background-size":"auto","background-attachment":"scroll","background-type":"","background-media":"","overlay-type":"","overlay-color":"","overlay-opacity":"","overlay-gradient":""},"mobile":{"background-color":"var(--ast-global-color-5)","background-image":"","background-repeat":"repeat","background-position":"center center","background-size":"auto","background-attachment":"scroll","background-type":"","background-media":"","overlay-type":"","overlay-color":"","overlay-opacity":"","overlay-gradient":""}}},"product_brand":[],"product_cat":[34],"product_tag":[],"class_list":{"0":"post-4394","1":"product","2":"type-product","3":"status-publish","4":"has-post-thumbnail","6":"product_cat-industrial-baler","7":"desktop-align-center","8":"tablet-align-center","9":"mobile-align-center","11":"first","12":"instock","13":"shipping-taxable","14":"product-type-simple"},"_links":{"self":[{"href":"https:\/\/recyclingequipinc.com\/pt\/wp-json\/wp\/v2\/product\/4394","targetHints":{"allow":["GET"]}}],"collection":[{"href":"https:\/\/recyclingequipinc.com\/pt\/wp-json\/wp\/v2\/product"}],"about":[{"href":"https:\/\/recyclingequipinc.com\/pt\/wp-json\/wp\/v2\/types\/product"}],"version-history":[{"count":0,"href":"https:\/\/recyclingequipinc.com\/pt\/wp-json\/wp\/v2\/product\/4394\/revisions"}],"wp:featuredmedia":[{"embeddable":true,"href":"https:\/\/recyclingequipinc.com\/pt\/wp-json\/wp\/v2\/media\/4637"}],"wp:attachment":[{"href":"https:\/\/recyclingequipinc.com\/pt\/wp-json\/wp\/v2\/media?parent=4394"}],"wp:term":[{"taxonomy":"product_brand","embeddable":true,"href":"https:\/\/recyclingequipinc.com\/pt\/wp-json\/wp\/v2\/product_brand?post=4394"},{"taxonomy":"product_cat","embeddable":true,"href":"https:\/\/recyclingequipinc.com\/pt\/wp-json\/wp\/v2\/product_cat?post=4394"},{"taxonomy":"product_tag","embeddable":true,"href":"https:\/\/recyclingequipinc.com\/pt\/wp-json\/wp\/v2\/product_tag?post=4394"}],"curies":[{"name":"wp","href":"https:\/\/api.w.org\/{rel}","templated":true}]}}