{"id":4390,"date":"2021-09-13T09:39:45","date_gmt":"2021-09-13T09:39:45","guid":{"rendered":"https:\/\/recyclingequipinc.com\/?post_type=product&#038;p=4390"},"modified":"2025-01-20T10:23:10","modified_gmt":"2025-01-20T02:23:10","slug":"plastic-crushing-and-washing-machine","status":"publish","type":"product","link":"https:\/\/recyclingequipinc.com\/pt\/product\/plastic-crushing-and-washing-machine\/","title":{"rendered":"M\u00e1quina de lavar para reciclagem de pl\u00e1stico"},"content":{"rendered":"<p>A m\u00e1quina de lavar para reciclagem de pl\u00e1stico \u00e9 um equipamento integral para tritura\u00e7\u00e3o e limpeza de material, principalmente adequado para filme pl\u00e1stico PP PE, filme pl\u00e1stico agr\u00edcola, sacos de tecido PP, etc. para limpeza secund\u00e1ria. O equipamento \u00e9 de projeto fechado para britagem e limpeza. Possui caracter\u00edsticas de alta efici\u00eancia, baixo ru\u00eddo, baixo consumo de energia e longa vida \u00fatil.<\/p> <h2>Caracter\u00edsticas<\/h2> <p>O corpo do triturador de pl\u00e1stico macio \u00e9 soldado por uma espessa placa de a\u00e7o. Suas pe\u00e7as de transmiss\u00e3o s\u00e3o finamente processadas, l\u00e2minas feitas de a\u00e7o 65Mn de alta qualidade. A l\u00e2mina precisa ser afiada depois de lidar com 10 toneladas de materiais pl\u00e1sticos.<\/p> <figure id=\"attachment_4632\" aria-describedby=\"caption-attachment-4632\" style=\"width: 1020px\" class=\"wp-caption alignnone\"><img fetchpriority=\"high\" decoding=\"async\" class=\"size-full wp-image-4632\" src=\"https:\/\/recyclingequipinc.com\/wp-content\/uploads\/2021\/09\/plastic-crushing-and-cleaning-machine.jpg\" alt=\"m\u00e1quina de tritura\u00e7\u00e3o e limpeza de pl\u00e1stico\" width=\"1020\" height=\"729\" srcset=\"https:\/\/recyclingequipinc.com\/wp-content\/uploads\/2021\/09\/plastic-crushing-and-cleaning-machine.jpg 1020w, https:\/\/recyclingequipinc.com\/wp-content\/uploads\/2021\/09\/plastic-crushing-and-cleaning-machine-750x536.jpg 750w, https:\/\/recyclingequipinc.com\/wp-content\/uploads\/2021\/09\/plastic-crushing-and-cleaning-machine-300x214.jpg 300w, https:\/\/recyclingequipinc.com\/wp-content\/uploads\/2021\/09\/plastic-crushing-and-cleaning-machine-768x549.jpg 768w, https:\/\/recyclingequipinc.com\/wp-content\/uploads\/2021\/09\/plastic-crushing-and-cleaning-machine-600x429.jpg 600w\" sizes=\"(max-width: 1020px) 100vw, 1020px\" \/><figcaption id=\"caption-attachment-4632\" class=\"wp-caption-text\">m\u00e1quina de tritura\u00e7\u00e3o e limpeza de pl\u00e1stico<\/figcaption><\/figure> <h2>A perspectiva da m\u00e1quina de lavar para reciclagem de pl\u00e1stico<\/h2> <p class=\"translation-block\">Hoje em dia, o tratamento do pl\u00e1stico ainda \u00e9 um problema a ser resolvido em todo o mundo. Como usamos muitos pl\u00e1sticos todos os dias, como filme pl\u00e1stico, saco pl\u00e1stico, garrafa pl\u00e1stica, tubo pl\u00e1stico e assim por diante. As m\u00e1quinas de reciclagem de pl\u00e1stico n\u00e3o s\u00f3 podem reduzir a polui\u00e7\u00e3o ambiental, mas tamb\u00e9m podem gerar lucros. Como um passo da <a href=\"https:\/\/recyclingequipinc.com\/pt\/produto\/plastic-film-recycling-machine\/\"><strong>linha de produ\u00e7\u00e3o de reciclagem de filme pl\u00e1stico<\/strong><\/a>, a escolha da m\u00e1quina de lavar para reciclagem de pl\u00e1stico \u00e9 muito importante.<\/p> <h2>Vantagens da nossa m\u00e1quina de lavar para reciclagem de pl\u00e1stico<\/h2> <p>A maior caracter\u00edstica desta m\u00e1quina \u00e9 que ela pode n\u00e3o apenas limpar res\u00edduos de produtos pl\u00e1sticos, mas tamb\u00e9m triturar produtos pl\u00e1sticos. Portanto, tem outro nome: m\u00e1quina de tritura\u00e7\u00e3o e lavagem de pl\u00e1stico. Isso significa que voc\u00ea pode obter um valor maior com menos dinheiro.<\/p> <p>Al\u00e9m disso, nossa empresa se dedica \u00e0 pesquisa, design, produ\u00e7\u00e3o e vendas de equipamentos de prote\u00e7\u00e3o ambiental h\u00e1 muitos anos. Para cada uma de nossas m\u00e1quinas, insistimos na honestidade, buscando alta qualidade, boa apar\u00eancia, pre\u00e7o adequado, etc. Este tipo de nova m\u00e1quina de tritura\u00e7\u00e3o e lavagem de pl\u00e1stico absorveu muitas vantagens de uma s\u00e9rie de produtos. Alcan\u00e7ou alto rendimento, baixo consumo de energia, alta efici\u00eancia, baixo ru\u00eddo, opera\u00e7\u00e3o simples, etc.<\/p>","protected":false},"excerpt":{"rendered":"<p>Plastic recycling washing machine is a piece of integral equipment for crushing and cleaning material, mainly suitable for PP PE [&hellip;]<\/p>\n","protected":false},"featured_media":4470,"template":"","meta":{"site-sidebar-layout":"default","site-content-layout":"default","ast-site-content-layout":"default","site-content-style":"default","site-sidebar-style":"default","ast-global-header-display":"","ast-banner-title-visibility":"","ast-main-header-display":"","ast-hfb-above-header-display":"","ast-hfb-below-header-display":"","ast-hfb-mobile-header-display":"","site-post-title":"","ast-breadcrumbs-content":"","ast-featured-img":"","footer-sml-layout":"","ast-disable-related-posts":"","theme-transparent-header-meta":"default","adv-header-id-meta":"","stick-header-meta":"default","header-above-stick-meta":"","header-main-stick-meta":"","header-below-stick-meta":"","astra-migrate-meta-layouts":"default","ast-page-background-enabled":"default","ast-page-background-meta":{"desktop":{"background-color":"","background-image":"","background-repeat":"repeat","background-position":"center center","background-size":"auto","background-attachment":"scroll","background-type":"","background-media":"","overlay-type":"","overlay-color":"","overlay-opacity":"","overlay-gradient":""},"tablet":{"background-color":"","background-image":"","background-repeat":"repeat","background-position":"center center","background-size":"auto","background-attachment":"scroll","background-type":"","background-media":"","overlay-type":"","overlay-color":"","overlay-opacity":"","overlay-gradient":""},"mobile":{"background-color":"","background-image":"","background-repeat":"repeat","background-position":"center center","background-size":"auto","background-attachment":"scroll","background-type":"","background-media":"","overlay-type":"","overlay-color":"","overlay-opacity":"","overlay-gradient":""}},"ast-content-background-meta":{"desktop":{"background-color":"var(--ast-global-color-5)","background-image":"","background-repeat":"repeat","background-position":"center center","background-size":"auto","background-attachment":"scroll","background-type":"","background-media":"","overlay-type":"","overlay-color":"","overlay-opacity":"","overlay-gradient":""},"tablet":{"background-color":"var(--ast-global-color-5)","background-image":"","background-repeat":"repeat","background-position":"center center","background-size":"auto","background-attachment":"scroll","background-type":"","background-media":"","overlay-type":"","overlay-color":"","overlay-opacity":"","overlay-gradient":""},"mobile":{"background-color":"var(--ast-global-color-5)","background-image":"","background-repeat":"repeat","background-position":"center center","background-size":"auto","background-attachment":"scroll","background-type":"","background-media":"","overlay-type":"","overlay-color":"","overlay-opacity":"","overlay-gradient":""}}},"product_brand":[],"product_cat":[36],"product_tag":[95],"class_list":{"0":"post-4390","1":"product","2":"type-product","3":"status-publish","4":"has-post-thumbnail","6":"product_cat-plastic-recycling-machine","7":"product_tag-washing","8":"desktop-align-center","9":"tablet-align-center","10":"mobile-align-center","12":"first","13":"instock","14":"shipping-taxable","15":"product-type-simple"},"_links":{"self":[{"href":"https:\/\/recyclingequipinc.com\/pt\/wp-json\/wp\/v2\/product\/4390","targetHints":{"allow":["GET"]}}],"collection":[{"href":"https:\/\/recyclingequipinc.com\/pt\/wp-json\/wp\/v2\/product"}],"about":[{"href":"https:\/\/recyclingequipinc.com\/pt\/wp-json\/wp\/v2\/types\/product"}],"version-history":[{"count":0,"href":"https:\/\/recyclingequipinc.com\/pt\/wp-json\/wp\/v2\/product\/4390\/revisions"}],"wp:featuredmedia":[{"embeddable":true,"href":"https:\/\/recyclingequipinc.com\/pt\/wp-json\/wp\/v2\/media\/4470"}],"wp:attachment":[{"href":"https:\/\/recyclingequipinc.com\/pt\/wp-json\/wp\/v2\/media?parent=4390"}],"wp:term":[{"taxonomy":"product_brand","embeddable":true,"href":"https:\/\/recyclingequipinc.com\/pt\/wp-json\/wp\/v2\/product_brand?post=4390"},{"taxonomy":"product_cat","embeddable":true,"href":"https:\/\/recyclingequipinc.com\/pt\/wp-json\/wp\/v2\/product_cat?post=4390"},{"taxonomy":"product_tag","embeddable":true,"href":"https:\/\/recyclingequipinc.com\/pt\/wp-json\/wp\/v2\/product_tag?post=4390"}],"curies":[{"name":"wp","href":"https:\/\/api.w.org\/{rel}","templated":true}]}}